{"id":61884,"date":"2025-07-11T14:21:59","date_gmt":"2025-07-11T12:21:59","guid":{"rendered":"https:\/\/brilune.eu\/?post_type=product&#038;p=61884"},"modified":"2025-07-11T14:36:40","modified_gmt":"2025-07-11T12:36:40","slug":"%d0%b1%d0%be%d0%ba%d0%be%d0%b2%d0%be%d0%b9-%d0%bf%d0%b5%d1%80%d0%b5%d0%b4%d0%b2%d0%b8%d0%b6%d0%bd%d0%be%d0%b9-%d1%88%d0%ba%d0%b0%d1%84-saga","status":"publish","type":"product","link":"https:\/\/brilune.eu\/ru\/product\/%d0%b1%d0%be%d0%ba%d0%be%d0%b2%d0%be%d0%b9-%d0%bf%d0%b5%d1%80%d0%b5%d0%b4%d0%b2%d0%b8%d0%b6%d0%bd%d0%be%d0%b9-%d1%88%d0%ba%d0%b0%d1%84-saga\/","title":{"rendered":"\u0411\u043e\u043a\u043e\u0432\u043e\u0439 \u043f\u0435\u0440\u0435\u0434\u0432\u0438\u0436\u043d\u043e\u0439 \u0448\u043a\u0430\u0444 Saga"},"content":{"rendered":"<p><meta charset=\"utf-8\"><span>\u041f\u0440\u0435\u0434\u0441\u0442\u0430\u0432\u043b\u044f\u0435\u043c \u043d\u0430\u0448 Saga Movable Side Cabinet, \u0443\u043d\u0438\u0432\u0435\u0440\u0441\u0430\u043b\u044c\u043d\u043e\u0435 \u0438 \u043f\u0440\u0430\u043a\u0442\u0438\u0447\u043d\u043e\u0435 \u0440\u0435\u0448\u0435\u043d\u0438\u0435 \u0434\u043b\u044f \u0432\u0430\u0448\u0438\u0445 \u043d\u0443\u0436\u0434 \u0445\u0440\u0430\u043d\u0435\u043d\u0438\u044f. \u042d\u0442\u043e\u0442 \u0433\u043b\u0430\u0434\u043a\u0438\u0439 \u0438 \u0441\u043e\u0432\u0440\u0435\u043c\u0435\u043d\u043d\u044b\u0439 \u0431\u043e\u043a\u043e\u0432\u043e\u0439 \u0448\u043a\u0430\u0444 \u0440\u0430\u0437\u0440\u0430\u0431\u043e\u0442\u0430\u043d \u0441 \u0443\u0447\u0435\u0442\u043e\u043c \u043c\u043e\u0431\u0438\u043b\u044c\u043d\u043e\u0441\u0442\u0438, \u043e\u0441\u043d\u0430\u0449\u0435\u043d \u043f\u043b\u0430\u0432\u043d\u043e \u0432\u0440\u0430\u0449\u0430\u044e\u0449\u0438\u043c\u0438\u0441\u044f \u0440\u043e\u043b\u0438\u043a\u0430\u043c\u0438, \u043a\u043e\u0442\u043e\u0440\u044b\u0435 \u043f\u043e\u0437\u0432\u043e\u043b\u044f\u044e\u0442 \u0432\u0430\u043c \u043b\u0435\u0433\u043a\u043e \u043f\u0435\u0440\u0435\u043c\u0435\u0449\u0430\u0442\u044c \u0435\u0433\u043e \u0438\u0437 \u043a\u043e\u043c\u043d\u0430\u0442\u044b \u0432 \u043a\u043e\u043c\u043d\u0430\u0442\u0443. \u0421\u043e\u0432\u0440\u0435\u043c\u0435\u043d\u043d\u044b\u0439 \u0434\u0438\u0437\u0430\u0439\u043d \u0434\u043e\u043f\u043e\u043b\u043d\u0438\u0442 \u043b\u044e\u0431\u043e\u0439 \u0438\u043d\u0442\u0435\u0440\u044c\u0435\u0440, \u0430 \u043f\u0440\u043e\u0447\u043d\u0430\u044f \u043a\u043e\u043d\u0441\u0442\u0440\u0443\u043a\u0446\u0438\u044f \u0433\u0430\u0440\u0430\u043d\u0442\u0438\u0440\u0443\u0435\u0442 \u0434\u043b\u0438\u0442\u0435\u043b\u044c\u043d\u043e\u0435 \u0438\u0441\u043f\u043e\u043b\u044c\u0437\u043e\u0432\u0430\u043d\u0438\u0435. <\/span><\/p>\n<h5><span>\u041c\u0430\u0442\u0435\u0440\u0438\u0430\u043b<\/span><\/h5>\n<ul>\n<li>\n<strong>\u0420\u0430\u043c\u0430<\/strong><span>: <meta charset=\"utf-8\">\u041f\u043e\u043b\u043d\u043e\u0441\u0442\u044c\u044e \u0443\u0433\u043b\u0435\u0440\u043e\u0434\u0438\u0441\u0442\u0430\u044f \u0441\u0442\u0430\u043b\u044c, \u044d\u043a\u043e\u043b\u043e\u0433\u0438\u0447\u0435\u0441\u043a\u0438 \u0447\u0438\u0441\u0442\u043e\u0435 \u044d\u043b\u0435\u043a\u0442\u0440\u043e\u0441\u0442\u0430\u0442\u0438\u0447\u0435\u0441\u043a\u043e\u0435 \u043f\u043e\u0440\u043e\u0448\u043a\u043e\u0432\u043e\u0435 \u043f\u043e\u043a\u0440\u044b\u0442\u0438\u0435<\/span>\n<\/li>\n<\/ul>\n<h5><span>\u0420\u0430\u0437\u043c\u0435\u0440\u044b<\/span><\/h5>\n<p><span><img fetchpriority=\"high\" decoding=\"async\" alt=\"\" src=\"https:\/\/cdn.shopify.com\/s\/files\/1\/0801\/4430\/2425\/files\/Screenshot_2024-06-03_at_11.12.27_PM.png?v=1717445565\" width=\"342\" height=\"269\"><\/span><\/p>\n<p><!----><\/p>\n","protected":false},"excerpt":{"rendered":"<p>\u041f\u0440\u0435\u0434\u0441\u0442\u0430\u0432\u043b\u044f\u0435\u043c \u043d\u0430\u0448 Saga Movable Side Cabinet, \u0443\u043d\u0438\u0432\u0435\u0440\u0441\u0430\u043b\u044c\u043d\u043e\u0435 \u0438 \u043f\u0440\u0430\u043a\u0442\u0438\u0447\u043d\u043e\u0435 \u0440\u0435\u0448\u0435\u043d\u0438\u0435 \u0434\u043b\u044f \u0432\u0430\u0448\u0438\u0445 \u043f\u043e\u0442\u0440\u0435\u0431\u043d\u043e\u0441\u0442\u0435\u0439 \u0432 \u0445\u0440\u0430\u043d\u0435\u043d\u0438\u0438. \u042d\u0442\u043e\u0442 \u044d\u043b\u0435\u0433\u0430\u043d\u0442\u043d\u044b\u0439 \u0438 \u0441\u043e\u0432\u0440\u0435\u043c\u0435\u043d\u043d\u044b\u0439 \u0431\u043e\u043a\u043e\u0432\u043e\u0439 \u0448\u043a\u0430\u0444 \u0440\u0430\u0437\u0440\u0430\u0431\u043e\u0442\u0430\u043d \u0441 \u0443\u0447\u0435\u0442\u043e\u043c \u043c\u043e\u0431\u0438\u043b\u044c\u043d\u043e\u0441\u0442\u0438, \u043e\u0441\u043d\u0430\u0449\u0435\u043d \u043f\u043b\u0430\u0432\u043d\u043e \u0432\u0440\u0430\u0449\u0430\u044e\u0449\u0438\u043c\u0438\u0441\u044f \u0440\u043e\u043b\u0438\u043a\u0430\u043c\u0438, \u043a\u043e\u0442\u043e\u0440\u044b\u0435 \u043f\u043e\u0437\u0432\u043e\u043b\u044f\u044e\u0442 \u0432\u0430\u043c \u043b\u0435\u0433\u043a\u043e \u043f\u0435\u0440\u0435\u043c\u0435\u0449\u0430\u0442\u044c \u0435\u0433\u043e \u0438\u0437 \u043f\u043e\u043b\u043e\u0436\u0435\u043d\u0438\u044f &#8230;<\/p>\n","protected":false},"featured_media":62096,"comment_status":"closed","ping_status":"closed","template":"","meta":[],"product_brand":[],"product_cat":[5751,8420],"product_tag":[],"class_list":{"0":"post-61884","1":"product","2":"type-product","3":"status-publish","4":"has-post-thumbnail","6":"product_cat--ru","7":"product_cat-8420","9":"first","10":"instock","11":"shipping-taxable","12":"purchasable","13":"product-type-variable"},"yoast_head":"<!-- This site is optimized with the Yoast SEO plugin v26.0 - https:\/\/yoast.com\/wordpress\/plugins\/seo\/ -->\n<title>\u0411\u043e\u043a\u043e\u0432\u043e\u0439 \u043f\u0435\u0440\u0435\u0434\u0432\u0438\u0436\u043d\u043e\u0439 \u0448\u043a\u0430\u0444 Saga<\/title>\n<meta name=\"description\" content=\"\u041f\u0440\u0435\u0434\u0441\u0442\u0430\u0432\u043b\u044f\u0435\u043c \u043d\u0430\u0448 Saga Movable Side Cabinet, \u0443\u043d\u0438\u0432\u0435\u0440\u0441\u0430\u043b\u044c\u043d\u043e\u0435 \u0438 \u043f\u0440\u0430\u043a\u0442\u0438\u0447\u043d\u043e\u0435 \u0440\u0435\u0448\u0435\u043d\u0438\u0435 \u0434\u043b\u044f \u0432\u0430\u0448\u0438\u0445 \u043f\u043e\u0442\u0440\u0435\u0431\u043d\u043e\u0441\u0442\u0435\u0439 \u0432 \u0445\u0440\u0430\u043d\u0435\u043d\u0438\u0438. \u042d\u0442\u043e\u0442 \u044d\u043b\u0435\u0433\u0430\u043d\u0442\u043d\u044b\u0439 \u0438 \u0441\u043e\u0432\u0440\u0435\u043c\u0435\u043d\u043d\u044b\u0439 \u0431\u043e\u043a\u043e\u0432\u043e\u0439 \u0448\u043a\u0430\u0444 \u0440\u0430\u0437\u0440\u0430\u0431\u043e\u0442\u0430\u043d \u0441 \u0443\u0447\u0435\u0442\u043e\u043c \u043c\u043e\u0431\u0438\u043b\u044c\u043d\u043e\u0441\u0442\u0438, \u043e\u0441\u043d\u0430\u0449\u0435\u043d \u043f\u043b\u0430\u0432\u043d\u043e \u0432\u0440\u0430\u0449\u0430\u044e\u0449\u0438\u043c\u0438\u0441\u044f \u0440\u043e\u043b\u0438\u043a\u0430\u043c\u0438, \u043a\u043e\u0442\u043e\u0440\u044b\u0435 \u043f\u043e\u0437\u0432\u043e\u043b\u044f\u044e\u0442 \u0432\u0430\u043c \u043b\u0435\u0433\u043a\u043e \u043f\u0435\u0440\u0435\u043c\u0435\u0449\u0430\u0442\u044c \u0435\u0433\u043e \u0438\u0437 \u043f\u043e\u043b\u043e\u0436\u0435\u043d\u0438\u044f ...\" \/>\n<meta name=\"robots\" content=\"index, follow, max-snippet:-1, max-image-preview:large, max-video-preview:-1\" \/>\n<link rel=\"canonical\" href=\"https:\/\/brilune.eu\/ru\/product\/%d0%b1%d0%be%d0%ba%d0%be%d0%b2%d0%be%d0%b9-%d0%bf%d0%b5%d1%80%d0%b5%d0%b4%d0%b2%d0%b8%d0%b6%d0%bd%d0%be%d0%b9-%d1%88%d0%ba%d0%b0%d1%84-saga\/\" \/>\n<meta property=\"og:locale\" content=\"ru_RU\" \/>\n<meta property=\"og:type\" content=\"article\" \/>\n<meta property=\"og:title\" content=\"\u0411\u043e\u043a\u043e\u0432\u043e\u0439 \u043f\u0435\u0440\u0435\u0434\u0432\u0438\u0436\u043d\u043e\u0439 \u0448\u043a\u0430\u0444 Saga\" \/>\n<meta property=\"og:description\" content=\"\u041f\u0440\u0435\u0434\u0441\u0442\u0430\u0432\u043b\u044f\u0435\u043c \u043d\u0430\u0448 Saga Movable Side Cabinet, \u0443\u043d\u0438\u0432\u0435\u0440\u0441\u0430\u043b\u044c\u043d\u043e\u0435 \u0438 \u043f\u0440\u0430\u043a\u0442\u0438\u0447\u043d\u043e\u0435 \u0440\u0435\u0448\u0435\u043d\u0438\u0435 \u0434\u043b\u044f \u0432\u0430\u0448\u0438\u0445 \u043f\u043e\u0442\u0440\u0435\u0431\u043d\u043e\u0441\u0442\u0435\u0439 \u0432 \u0445\u0440\u0430\u043d\u0435\u043d\u0438\u0438. \u042d\u0442\u043e\u0442 \u044d\u043b\u0435\u0433\u0430\u043d\u0442\u043d\u044b\u0439 \u0438 \u0441\u043e\u0432\u0440\u0435\u043c\u0435\u043d\u043d\u044b\u0439 \u0431\u043e\u043a\u043e\u0432\u043e\u0439 \u0448\u043a\u0430\u0444 \u0440\u0430\u0437\u0440\u0430\u0431\u043e\u0442\u0430\u043d \u0441 \u0443\u0447\u0435\u0442\u043e\u043c \u043c\u043e\u0431\u0438\u043b\u044c\u043d\u043e\u0441\u0442\u0438, \u043e\u0441\u043d\u0430\u0449\u0435\u043d \u043f\u043b\u0430\u0432\u043d\u043e \u0432\u0440\u0430\u0449\u0430\u044e\u0449\u0438\u043c\u0438\u0441\u044f \u0440\u043e\u043b\u0438\u043a\u0430\u043c\u0438, \u043a\u043e\u0442\u043e\u0440\u044b\u0435 \u043f\u043e\u0437\u0432\u043e\u043b\u044f\u044e\u0442 \u0432\u0430\u043c \u043b\u0435\u0433\u043a\u043e \u043f\u0435\u0440\u0435\u043c\u0435\u0449\u0430\u0442\u044c \u0435\u0433\u043e \u0438\u0437 \u043f\u043e\u043b\u043e\u0436\u0435\u043d\u0438\u044f ...\" \/>\n<meta property=\"og:url\" content=\"https:\/\/brilune.eu\/ru\/product\/%d0%b1%d0%be%d0%ba%d0%be%d0%b2%d0%be%d0%b9-%d0%bf%d0%b5%d1%80%d0%b5%d0%b4%d0%b2%d0%b8%d0%b6%d0%bd%d0%be%d0%b9-%d1%88%d0%ba%d0%b0%d1%84-saga\/\" \/>\n<meta property=\"og:site_name\" content=\"Brilune\" \/>\n<meta property=\"article:modified_time\" content=\"2025-07-11T12:36:40+00:00\" \/>\n<meta property=\"og:image\" content=\"https:\/\/brilune.eu\/wp-content\/uploads\/2025\/07\/SagaMovableSideCabinet_red_shadow.jpg\" \/>\n\t<meta property=\"og:image:width\" content=\"1080\" \/>\n\t<meta property=\"og:image:height\" content=\"1080\" \/>\n\t<meta property=\"og:image:type\" content=\"image\/jpeg\" \/>\n<meta name=\"twitter:card\" content=\"summary_large_image\" \/>\n<script type=\"application\/ld+json\" class=\"yoast-schema-graph\">{\"@context\":\"https:\/\/schema.org\",\"@graph\":[{\"@type\":\"WebPage\",\"@id\":\"https:\/\/brilune.eu\/ru\/product\/%d0%b1%d0%be%d0%ba%d0%be%d0%b2%d0%be%d0%b9-%d0%bf%d0%b5%d1%80%d0%b5%d0%b4%d0%b2%d0%b8%d0%b6%d0%bd%d0%be%d0%b9-%d1%88%d0%ba%d0%b0%d1%84-saga\/\",\"url\":\"https:\/\/brilune.eu\/ru\/product\/%d0%b1%d0%be%d0%ba%d0%be%d0%b2%d0%be%d0%b9-%d0%bf%d0%b5%d1%80%d0%b5%d0%b4%d0%b2%d0%b8%d0%b6%d0%bd%d0%be%d0%b9-%d1%88%d0%ba%d0%b0%d1%84-saga\/\",\"name\":\"\u0411\u043e\u043a\u043e\u0432\u043e\u0439 \u043f\u0435\u0440\u0435\u0434\u0432\u0438\u0436\u043d\u043e\u0439 \u0448\u043a\u0430\u0444 Saga\",\"isPartOf\":{\"@id\":\"https:\/\/brilune.eu\/ru\/#website\"},\"primaryImageOfPage\":{\"@id\":\"https:\/\/brilune.eu\/ru\/product\/%d0%b1%d0%be%d0%ba%d0%be%d0%b2%d0%be%d0%b9-%d0%bf%d0%b5%d1%80%d0%b5%d0%b4%d0%b2%d0%b8%d0%b6%d0%bd%d0%be%d0%b9-%d1%88%d0%ba%d0%b0%d1%84-saga\/#primaryimage\"},\"image\":{\"@id\":\"https:\/\/brilune.eu\/ru\/product\/%d0%b1%d0%be%d0%ba%d0%be%d0%b2%d0%be%d0%b9-%d0%bf%d0%b5%d1%80%d0%b5%d0%b4%d0%b2%d0%b8%d0%b6%d0%bd%d0%be%d0%b9-%d1%88%d0%ba%d0%b0%d1%84-saga\/#primaryimage\"},\"thumbnailUrl\":\"https:\/\/brilune.eu\/wp-content\/uploads\/2025\/07\/SagaMovableSideCabinet_red_shadow.jpg\",\"datePublished\":\"2025-07-11T12:21:59+00:00\",\"dateModified\":\"2025-07-11T12:36:40+00:00\",\"description\":\"\u041f\u0440\u0435\u0434\u0441\u0442\u0430\u0432\u043b\u044f\u0435\u043c \u043d\u0430\u0448 Saga Movable Side Cabinet, \u0443\u043d\u0438\u0432\u0435\u0440\u0441\u0430\u043b\u044c\u043d\u043e\u0435 \u0438 \u043f\u0440\u0430\u043a\u0442\u0438\u0447\u043d\u043e\u0435 \u0440\u0435\u0448\u0435\u043d\u0438\u0435 \u0434\u043b\u044f \u0432\u0430\u0448\u0438\u0445 \u043f\u043e\u0442\u0440\u0435\u0431\u043d\u043e\u0441\u0442\u0435\u0439 \u0432 \u0445\u0440\u0430\u043d\u0435\u043d\u0438\u0438. \u042d\u0442\u043e\u0442 \u044d\u043b\u0435\u0433\u0430\u043d\u0442\u043d\u044b\u0439 \u0438 \u0441\u043e\u0432\u0440\u0435\u043c\u0435\u043d\u043d\u044b\u0439 \u0431\u043e\u043a\u043e\u0432\u043e\u0439 \u0448\u043a\u0430\u0444 \u0440\u0430\u0437\u0440\u0430\u0431\u043e\u0442\u0430\u043d \u0441 \u0443\u0447\u0435\u0442\u043e\u043c \u043c\u043e\u0431\u0438\u043b\u044c\u043d\u043e\u0441\u0442\u0438, \u043e\u0441\u043d\u0430\u0449\u0435\u043d \u043f\u043b\u0430\u0432\u043d\u043e \u0432\u0440\u0430\u0449\u0430\u044e\u0449\u0438\u043c\u0438\u0441\u044f \u0440\u043e\u043b\u0438\u043a\u0430\u043c\u0438, \u043a\u043e\u0442\u043e\u0440\u044b\u0435 \u043f\u043e\u0437\u0432\u043e\u043b\u044f\u044e\u0442 \u0432\u0430\u043c \u043b\u0435\u0433\u043a\u043e \u043f\u0435\u0440\u0435\u043c\u0435\u0449\u0430\u0442\u044c \u0435\u0433\u043e \u0438\u0437 \u043f\u043e\u043b\u043e\u0436\u0435\u043d\u0438\u044f ...\",\"breadcrumb\":{\"@id\":\"https:\/\/brilune.eu\/ru\/product\/%d0%b1%d0%be%d0%ba%d0%be%d0%b2%d0%be%d0%b9-%d0%bf%d0%b5%d1%80%d0%b5%d0%b4%d0%b2%d0%b8%d0%b6%d0%bd%d0%be%d0%b9-%d1%88%d0%ba%d0%b0%d1%84-saga\/#breadcrumb\"},\"inLanguage\":\"ru-RU\",\"potentialAction\":[{\"@type\":\"ReadAction\",\"target\":[\"https:\/\/brilune.eu\/ru\/product\/%d0%b1%d0%be%d0%ba%d0%be%d0%b2%d0%be%d0%b9-%d0%bf%d0%b5%d1%80%d0%b5%d0%b4%d0%b2%d0%b8%d0%b6%d0%bd%d0%be%d0%b9-%d1%88%d0%ba%d0%b0%d1%84-saga\/\"]}]},{\"@type\":\"ImageObject\",\"inLanguage\":\"ru-RU\",\"@id\":\"https:\/\/brilune.eu\/ru\/product\/%d0%b1%d0%be%d0%ba%d0%be%d0%b2%d0%be%d0%b9-%d0%bf%d0%b5%d1%80%d0%b5%d0%b4%d0%b2%d0%b8%d0%b6%d0%bd%d0%be%d0%b9-%d1%88%d0%ba%d0%b0%d1%84-saga\/#primaryimage\",\"url\":\"https:\/\/brilune.eu\/wp-content\/uploads\/2025\/07\/SagaMovableSideCabinet_red_shadow.jpg\",\"contentUrl\":\"https:\/\/brilune.eu\/wp-content\/uploads\/2025\/07\/SagaMovableSideCabinet_red_shadow.jpg\",\"width\":1080,\"height\":1080},{\"@type\":\"BreadcrumbList\",\"@id\":\"https:\/\/brilune.eu\/ru\/product\/%d0%b1%d0%be%d0%ba%d0%be%d0%b2%d0%be%d0%b9-%d0%bf%d0%b5%d1%80%d0%b5%d0%b4%d0%b2%d0%b8%d0%b6%d0%bd%d0%be%d0%b9-%d1%88%d0%ba%d0%b0%d1%84-saga\/#breadcrumb\",\"itemListElement\":[{\"@type\":\"ListItem\",\"position\":1,\"name\":\"\u041d\u0430\u0447\u0430\u043b\u043e\",\"item\":\"https:\/\/brilune.eu\/ru\/%d0%b3%d0%bb%d0%b0%d0%b2%d0%bd%d0%b0%d1%8f\/\"},{\"@type\":\"ListItem\",\"position\":2,\"name\":\"\u0412\u0441\u0435 \u0442\u043e\u0432\u0430\u0440\u044b\",\"item\":\"https:\/\/brilune.eu\/ru\/%d0%bc%d0%b0%d0%b3%d0%b0%d0%b7%d0%b8%d0%bd\/\"},{\"@type\":\"ListItem\",\"position\":3,\"name\":\"\u0411\u043e\u043a\u043e\u0432\u043e\u0439 \u043f\u0435\u0440\u0435\u0434\u0432\u0438\u0436\u043d\u043e\u0439 \u0448\u043a\u0430\u0444 Saga\"}]},{\"@type\":\"WebSite\",\"@id\":\"https:\/\/brilune.eu\/ru\/#website\",\"url\":\"https:\/\/brilune.eu\/ru\/\",\"name\":\"Brilune\",\"description\":\"M\u0113s pied\u0101v\u0101jam unik\u0101lus un nebiju\u0161us dizainus, kas apvieno eleganci, funkcionalit\u0101ti un rado\u0161umu.\",\"potentialAction\":[{\"@type\":\"SearchAction\",\"target\":{\"@type\":\"EntryPoint\",\"urlTemplate\":\"https:\/\/brilune.eu\/ru\/?s={search_term_string}\"},\"query-input\":{\"@type\":\"PropertyValueSpecification\",\"valueRequired\":true,\"valueName\":\"search_term_string\"}}],\"inLanguage\":\"ru-RU\"}]}<\/script>\n<!-- \/ Yoast SEO plugin. -->","yoast_head_json":{"title":"\u0411\u043e\u043a\u043e\u0432\u043e\u0439 \u043f\u0435\u0440\u0435\u0434\u0432\u0438\u0436\u043d\u043e\u0439 \u0448\u043a\u0430\u0444 Saga","description":"\u041f\u0440\u0435\u0434\u0441\u0442\u0430\u0432\u043b\u044f\u0435\u043c \u043d\u0430\u0448 Saga Movable Side Cabinet, \u0443\u043d\u0438\u0432\u0435\u0440\u0441\u0430\u043b\u044c\u043d\u043e\u0435 \u0438 \u043f\u0440\u0430\u043a\u0442\u0438\u0447\u043d\u043e\u0435 \u0440\u0435\u0448\u0435\u043d\u0438\u0435 \u0434\u043b\u044f \u0432\u0430\u0448\u0438\u0445 \u043f\u043e\u0442\u0440\u0435\u0431\u043d\u043e\u0441\u0442\u0435\u0439 \u0432 \u0445\u0440\u0430\u043d\u0435\u043d\u0438\u0438. \u042d\u0442\u043e\u0442 \u044d\u043b\u0435\u0433\u0430\u043d\u0442\u043d\u044b\u0439 \u0438 \u0441\u043e\u0432\u0440\u0435\u043c\u0435\u043d\u043d\u044b\u0439 \u0431\u043e\u043a\u043e\u0432\u043e\u0439 \u0448\u043a\u0430\u0444 \u0440\u0430\u0437\u0440\u0430\u0431\u043e\u0442\u0430\u043d \u0441 \u0443\u0447\u0435\u0442\u043e\u043c \u043c\u043e\u0431\u0438\u043b\u044c\u043d\u043e\u0441\u0442\u0438, \u043e\u0441\u043d\u0430\u0449\u0435\u043d \u043f\u043b\u0430\u0432\u043d\u043e \u0432\u0440\u0430\u0449\u0430\u044e\u0449\u0438\u043c\u0438\u0441\u044f \u0440\u043e\u043b\u0438\u043a\u0430\u043c\u0438, \u043a\u043e\u0442\u043e\u0440\u044b\u0435 \u043f\u043e\u0437\u0432\u043e\u043b\u044f\u044e\u0442 \u0432\u0430\u043c \u043b\u0435\u0433\u043a\u043e \u043f\u0435\u0440\u0435\u043c\u0435\u0449\u0430\u0442\u044c \u0435\u0433\u043e \u0438\u0437 \u043f\u043e\u043b\u043e\u0436\u0435\u043d\u0438\u044f ...","robots":{"index":"index","follow":"follow","max-snippet":"max-snippet:-1","max-image-preview":"max-image-preview:large","max-video-preview":"max-video-preview:-1"},"canonical":"https:\/\/brilune.eu\/ru\/product\/%d0%b1%d0%be%d0%ba%d0%be%d0%b2%d0%be%d0%b9-%d0%bf%d0%b5%d1%80%d0%b5%d0%b4%d0%b2%d0%b8%d0%b6%d0%bd%d0%be%d0%b9-%d1%88%d0%ba%d0%b0%d1%84-saga\/","og_locale":"ru_RU","og_type":"article","og_title":"\u0411\u043e\u043a\u043e\u0432\u043e\u0439 \u043f\u0435\u0440\u0435\u0434\u0432\u0438\u0436\u043d\u043e\u0439 \u0448\u043a\u0430\u0444 Saga","og_description":"\u041f\u0440\u0435\u0434\u0441\u0442\u0430\u0432\u043b\u044f\u0435\u043c \u043d\u0430\u0448 Saga Movable Side Cabinet, \u0443\u043d\u0438\u0432\u0435\u0440\u0441\u0430\u043b\u044c\u043d\u043e\u0435 \u0438 \u043f\u0440\u0430\u043a\u0442\u0438\u0447\u043d\u043e\u0435 \u0440\u0435\u0448\u0435\u043d\u0438\u0435 \u0434\u043b\u044f \u0432\u0430\u0448\u0438\u0445 \u043f\u043e\u0442\u0440\u0435\u0431\u043d\u043e\u0441\u0442\u0435\u0439 \u0432 \u0445\u0440\u0430\u043d\u0435\u043d\u0438\u0438. \u042d\u0442\u043e\u0442 \u044d\u043b\u0435\u0433\u0430\u043d\u0442\u043d\u044b\u0439 \u0438 \u0441\u043e\u0432\u0440\u0435\u043c\u0435\u043d\u043d\u044b\u0439 \u0431\u043e\u043a\u043e\u0432\u043e\u0439 \u0448\u043a\u0430\u0444 \u0440\u0430\u0437\u0440\u0430\u0431\u043e\u0442\u0430\u043d \u0441 \u0443\u0447\u0435\u0442\u043e\u043c \u043c\u043e\u0431\u0438\u043b\u044c\u043d\u043e\u0441\u0442\u0438, \u043e\u0441\u043d\u0430\u0449\u0435\u043d \u043f\u043b\u0430\u0432\u043d\u043e \u0432\u0440\u0430\u0449\u0430\u044e\u0449\u0438\u043c\u0438\u0441\u044f \u0440\u043e\u043b\u0438\u043a\u0430\u043c\u0438, \u043a\u043e\u0442\u043e\u0440\u044b\u0435 \u043f\u043e\u0437\u0432\u043e\u043b\u044f\u044e\u0442 \u0432\u0430\u043c \u043b\u0435\u0433\u043a\u043e \u043f\u0435\u0440\u0435\u043c\u0435\u0449\u0430\u0442\u044c \u0435\u0433\u043e \u0438\u0437 \u043f\u043e\u043b\u043e\u0436\u0435\u043d\u0438\u044f ...","og_url":"https:\/\/brilune.eu\/ru\/product\/%d0%b1%d0%be%d0%ba%d0%be%d0%b2%d0%be%d0%b9-%d0%bf%d0%b5%d1%80%d0%b5%d0%b4%d0%b2%d0%b8%d0%b6%d0%bd%d0%be%d0%b9-%d1%88%d0%ba%d0%b0%d1%84-saga\/","og_site_name":"Brilune","article_modified_time":"2025-07-11T12:36:40+00:00","og_image":[{"width":1080,"height":1080,"url":"https:\/\/brilune.eu\/wp-content\/uploads\/2025\/07\/SagaMovableSideCabinet_red_shadow.jpg","type":"image\/jpeg"}],"twitter_card":"summary_large_image","schema":{"@context":"https:\/\/schema.org","@graph":[{"@type":"WebPage","@id":"https:\/\/brilune.eu\/ru\/product\/%d0%b1%d0%be%d0%ba%d0%be%d0%b2%d0%be%d0%b9-%d0%bf%d0%b5%d1%80%d0%b5%d0%b4%d0%b2%d0%b8%d0%b6%d0%bd%d0%be%d0%b9-%d1%88%d0%ba%d0%b0%d1%84-saga\/","url":"https:\/\/brilune.eu\/ru\/product\/%d0%b1%d0%be%d0%ba%d0%be%d0%b2%d0%be%d0%b9-%d0%bf%d0%b5%d1%80%d0%b5%d0%b4%d0%b2%d0%b8%d0%b6%d0%bd%d0%be%d0%b9-%d1%88%d0%ba%d0%b0%d1%84-saga\/","name":"\u0411\u043e\u043a\u043e\u0432\u043e\u0439 \u043f\u0435\u0440\u0435\u0434\u0432\u0438\u0436\u043d\u043e\u0439 \u0448\u043a\u0430\u0444 Saga","isPartOf":{"@id":"https:\/\/brilune.eu\/ru\/#website"},"primaryImageOfPage":{"@id":"https:\/\/brilune.eu\/ru\/product\/%d0%b1%d0%be%d0%ba%d0%be%d0%b2%d0%be%d0%b9-%d0%bf%d0%b5%d1%80%d0%b5%d0%b4%d0%b2%d0%b8%d0%b6%d0%bd%d0%be%d0%b9-%d1%88%d0%ba%d0%b0%d1%84-saga\/#primaryimage"},"image":{"@id":"https:\/\/brilune.eu\/ru\/product\/%d0%b1%d0%be%d0%ba%d0%be%d0%b2%d0%be%d0%b9-%d0%bf%d0%b5%d1%80%d0%b5%d0%b4%d0%b2%d0%b8%d0%b6%d0%bd%d0%be%d0%b9-%d1%88%d0%ba%d0%b0%d1%84-saga\/#primaryimage"},"thumbnailUrl":"https:\/\/brilune.eu\/wp-content\/uploads\/2025\/07\/SagaMovableSideCabinet_red_shadow.jpg","datePublished":"2025-07-11T12:21:59+00:00","dateModified":"2025-07-11T12:36:40+00:00","description":"\u041f\u0440\u0435\u0434\u0441\u0442\u0430\u0432\u043b\u044f\u0435\u043c \u043d\u0430\u0448 Saga Movable Side Cabinet, \u0443\u043d\u0438\u0432\u0435\u0440\u0441\u0430\u043b\u044c\u043d\u043e\u0435 \u0438 \u043f\u0440\u0430\u043a\u0442\u0438\u0447\u043d\u043e\u0435 \u0440\u0435\u0448\u0435\u043d\u0438\u0435 \u0434\u043b\u044f \u0432\u0430\u0448\u0438\u0445 \u043f\u043e\u0442\u0440\u0435\u0431\u043d\u043e\u0441\u0442\u0435\u0439 \u0432 \u0445\u0440\u0430\u043d\u0435\u043d\u0438\u0438. \u042d\u0442\u043e\u0442 \u044d\u043b\u0435\u0433\u0430\u043d\u0442\u043d\u044b\u0439 \u0438 \u0441\u043e\u0432\u0440\u0435\u043c\u0435\u043d\u043d\u044b\u0439 \u0431\u043e\u043a\u043e\u0432\u043e\u0439 \u0448\u043a\u0430\u0444 \u0440\u0430\u0437\u0440\u0430\u0431\u043e\u0442\u0430\u043d \u0441 \u0443\u0447\u0435\u0442\u043e\u043c \u043c\u043e\u0431\u0438\u043b\u044c\u043d\u043e\u0441\u0442\u0438, \u043e\u0441\u043d\u0430\u0449\u0435\u043d \u043f\u043b\u0430\u0432\u043d\u043e \u0432\u0440\u0430\u0449\u0430\u044e\u0449\u0438\u043c\u0438\u0441\u044f \u0440\u043e\u043b\u0438\u043a\u0430\u043c\u0438, \u043a\u043e\u0442\u043e\u0440\u044b\u0435 \u043f\u043e\u0437\u0432\u043e\u043b\u044f\u044e\u0442 \u0432\u0430\u043c \u043b\u0435\u0433\u043a\u043e \u043f\u0435\u0440\u0435\u043c\u0435\u0449\u0430\u0442\u044c \u0435\u0433\u043e \u0438\u0437 \u043f\u043e\u043b\u043e\u0436\u0435\u043d\u0438\u044f ...","breadcrumb":{"@id":"https:\/\/brilune.eu\/ru\/product\/%d0%b1%d0%be%d0%ba%d0%be%d0%b2%d0%be%d0%b9-%d0%bf%d0%b5%d1%80%d0%b5%d0%b4%d0%b2%d0%b8%d0%b6%d0%bd%d0%be%d0%b9-%d1%88%d0%ba%d0%b0%d1%84-saga\/#breadcrumb"},"inLanguage":"ru-RU","potentialAction":[{"@type":"ReadAction","target":["https:\/\/brilune.eu\/ru\/product\/%d0%b1%d0%be%d0%ba%d0%be%d0%b2%d0%be%d0%b9-%d0%bf%d0%b5%d1%80%d0%b5%d0%b4%d0%b2%d0%b8%d0%b6%d0%bd%d0%be%d0%b9-%d1%88%d0%ba%d0%b0%d1%84-saga\/"]}]},{"@type":"ImageObject","inLanguage":"ru-RU","@id":"https:\/\/brilune.eu\/ru\/product\/%d0%b1%d0%be%d0%ba%d0%be%d0%b2%d0%be%d0%b9-%d0%bf%d0%b5%d1%80%d0%b5%d0%b4%d0%b2%d0%b8%d0%b6%d0%bd%d0%be%d0%b9-%d1%88%d0%ba%d0%b0%d1%84-saga\/#primaryimage","url":"https:\/\/brilune.eu\/wp-content\/uploads\/2025\/07\/SagaMovableSideCabinet_red_shadow.jpg","contentUrl":"https:\/\/brilune.eu\/wp-content\/uploads\/2025\/07\/SagaMovableSideCabinet_red_shadow.jpg","width":1080,"height":1080},{"@type":"BreadcrumbList","@id":"https:\/\/brilune.eu\/ru\/product\/%d0%b1%d0%be%d0%ba%d0%be%d0%b2%d0%be%d0%b9-%d0%bf%d0%b5%d1%80%d0%b5%d0%b4%d0%b2%d0%b8%d0%b6%d0%bd%d0%be%d0%b9-%d1%88%d0%ba%d0%b0%d1%84-saga\/#breadcrumb","itemListElement":[{"@type":"ListItem","position":1,"name":"\u041d\u0430\u0447\u0430\u043b\u043e","item":"https:\/\/brilune.eu\/ru\/%d0%b3%d0%bb%d0%b0%d0%b2%d0%bd%d0%b0%d1%8f\/"},{"@type":"ListItem","position":2,"name":"\u0412\u0441\u0435 \u0442\u043e\u0432\u0430\u0440\u044b","item":"https:\/\/brilune.eu\/ru\/%d0%bc%d0%b0%d0%b3%d0%b0%d0%b7%d0%b8%d0%bd\/"},{"@type":"ListItem","position":3,"name":"\u0411\u043e\u043a\u043e\u0432\u043e\u0439 \u043f\u0435\u0440\u0435\u0434\u0432\u0438\u0436\u043d\u043e\u0439 \u0448\u043a\u0430\u0444 Saga"}]},{"@type":"WebSite","@id":"https:\/\/brilune.eu\/ru\/#website","url":"https:\/\/brilune.eu\/ru\/","name":"Brilune","description":"M\u0113s pied\u0101v\u0101jam unik\u0101lus un nebiju\u0161us dizainus, kas apvieno eleganci, funkcionalit\u0101ti un rado\u0161umu.","potentialAction":[{"@type":"SearchAction","target":{"@type":"EntryPoint","urlTemplate":"https:\/\/brilune.eu\/ru\/?s={search_term_string}"},"query-input":{"@type":"PropertyValueSpecification","valueRequired":true,"valueName":"search_term_string"}}],"inLanguage":"ru-RU"}]}},"jetpack_sharing_enabled":true,"_links":{"self":[{"href":"https:\/\/brilune.eu\/ru\/wp-json\/wp\/v2\/product\/61884","targetHints":{"allow":["GET"]}}],"collection":[{"href":"https:\/\/brilune.eu\/ru\/wp-json\/wp\/v2\/product"}],"about":[{"href":"https:\/\/brilune.eu\/ru\/wp-json\/wp\/v2\/types\/product"}],"replies":[{"embeddable":true,"href":"https:\/\/brilune.eu\/ru\/wp-json\/wp\/v2\/comments?post=61884"}],"version-history":[{"count":1,"href":"https:\/\/brilune.eu\/ru\/wp-json\/wp\/v2\/product\/61884\/revisions"}],"predecessor-version":[{"id":62179,"href":"https:\/\/brilune.eu\/ru\/wp-json\/wp\/v2\/product\/61884\/revisions\/62179"}],"wp:featuredmedia":[{"embeddable":true,"href":"https:\/\/brilune.eu\/ru\/wp-json\/wp\/v2\/media\/62096"}],"wp:attachment":[{"href":"https:\/\/brilune.eu\/ru\/wp-json\/wp\/v2\/media?parent=61884"}],"wp:term":[{"taxonomy":"product_brand","embeddable":true,"href":"https:\/\/brilune.eu\/ru\/wp-json\/wp\/v2\/product_brand?post=61884"},{"taxonomy":"product_cat","embeddable":true,"href":"https:\/\/brilune.eu\/ru\/wp-json\/wp\/v2\/product_cat?post=61884"},{"taxonomy":"product_tag","embeddable":true,"href":"https:\/\/brilune.eu\/ru\/wp-json\/wp\/v2\/product_tag?post=61884"}],"curies":[{"name":"wp","href":"https:\/\/api.w.org\/{rel}","templated":true}]}}