{"id":44784,"date":"2025-06-10T22:02:08","date_gmt":"2025-06-10T20:02:08","guid":{"rendered":"https:\/\/brilune.eu\/?post_type=product&#038;p=44784"},"modified":"2025-07-11T15:18:25","modified_gmt":"2025-07-11T13:18:25","slug":"eirik-nordic-modular-sofa","status":"publish","type":"product","link":"https:\/\/brilune.eu\/ru\/product\/eirik-nordic-modular-sofa\/","title":{"rendered":"Eirik Nordic Modular Sofa"},"content":{"rendered":"<p><span>Elevate your living space with our Nordic-inspired modular fabric sofa, blending Italian minimalism with contemporary comfort. This versatile piece seamlessly combines functionality and style, offering the perfect spot for relaxation and lounging. Whether you prefer a cozy corner chaise or a sleek single sofa, our modular design allows for easy customization to suit your needs. Experience the ultimate in comfort and sophistication with our minimalist lazy sofa, designed to enhance any modern living room.<\/span><\/p>\n<p><span><span style=\"text-decoration: underline\"><strong>Flexible Modular Design<\/strong><\/span><\/span><\/p>\n<p><span>Our modular sofa embodies simplicity and flexibility. With six different module specifications, you can freely construct and configure a variety of arrangements to suit different room layouts and functional needs. It can be placed against a wall or positioned centrally, allowing you to customize and arrange your seating area to create the perfect living space for socializing or relaxation.<\/span><\/p>\n<p><span><img fetchpriority=\"high\" decoding=\"async\" height=\"344\" width=\"344\" src=\"https:\/\/cdn.shopify.com\/s\/files\/1\/0801\/4430\/2425\/files\/EirikNordicModularSofa_7.jpg?v=1716070608\" alt=\"Beige Nordic Modular Sofa\"><\/span><\/p>\n<p><span><span style=\"text-decoration: underline\"><strong>Durable Pine Wood Frame<\/strong><\/span><br \/><\/span><\/p>\n<p><span>Built with a solid pine wood frame, our sofa uses FAS-grade larch, known for its durability and resistance to corrosion. Each piece of structural wood is carefully selected for its hardness and uniform grain, ensuring a sturdy and long-lasting frame that resists deformation and cracking, providing you with reliable comfort and support for years to come.<br \/><\/span><\/p>\n<p><span><img decoding=\"async\" height=\"344\" width=\"344\" src=\"https:\/\/cdn.shopify.com\/s\/files\/1\/0801\/4430\/2425\/files\/EirikNordicModularSofa_4.jpg?v=1715375805\" alt=\"Nordic Modular Sofa\"><\/span><\/p>\n<h5><span>Material<\/span><\/h5>\n<ul>\n<li>\n<span><strong>Fabric<\/strong>:\u00a0Polyester and Acrylic blend<\/span><span><\/span><\/p>\n<ul>\n<li>We can send you a fabric swatch before production<\/li>\n<\/ul>\n<\/li>\n<li><span> <strong>Sofa Filling<\/strong>:\u00a0High Resilience Foam, Polypropylene Cotton<\/span><\/li>\n<li>\n<strong>Frame<\/strong><span>: Pine Solid Wood Frame, Oak Solid Wood Legs<\/span>\n<\/li>\n<\/ul>\n<h5><span>Dimension<\/span><\/h5>\n<p><img decoding=\"async\" alt=\"\" src=\"https:\/\/cdn.shopify.com\/s\/files\/1\/0801\/4430\/2425\/files\/Eirik_Nordic_Modular_Sofa_dimension-24_05148c99-c0ba-4548-b5b9-2b17381877f4.jpg?v=1715378947\" width=\"342\" height=\"159\"><\/p>\n<p><img loading=\"lazy\" decoding=\"async\" alt=\"\" src=\"https:\/\/cdn.shopify.com\/s\/files\/1\/0801\/4430\/2425\/files\/Eirik_Nordic_Modular_Sofa_dimension-29_64066667-f511-41f8-b022-6053c402927b.jpg?v=1715378975\" width=\"346\" height=\"144\"><\/p>\n<p><img loading=\"lazy\" decoding=\"async\" alt=\"\" src=\"https:\/\/cdn.shopify.com\/s\/files\/1\/0801\/4430\/2425\/files\/Eirik_Nordic_Modular_Sofa_dimension-30_292e5524-a487-46a9-84f3-7098ca714636.jpg?v=1715378998\" width=\"344\" height=\"142\"><\/p>\n","protected":false},"excerpt":{"rendered":"<p>Elevate your living space with our Nordic-inspired modular fabric sofa, blending Italian minimalism with contemporary comfort. This versatile piece seamlessly<\/p>\n","protected":false},"featured_media":44785,"comment_status":"open","ping_status":"closed","template":"","meta":[],"product_brand":[],"product_cat":[30],"product_tag":[],"class_list":{"0":"post-44784","1":"product","2":"type-product","3":"status-publish","4":"has-post-thumbnail","6":"product_cat-sofas","8":"first","9":"instock","10":"shipping-taxable","11":"purchasable","12":"product-type-variable"},"yoast_head":"<!-- This site is optimized with the Yoast SEO plugin v26.0 - https:\/\/yoast.com\/wordpress\/plugins\/seo\/ -->\n<title>Eirik Nordic Modular Sofa - Brilune<\/title>\n<meta name=\"robots\" content=\"index, follow, max-snippet:-1, max-image-preview:large, max-video-preview:-1\" \/>\n<link rel=\"canonical\" href=\"https:\/\/brilune.eu\/ru\/product\/eirik-nordic-modular-sofa\/\" \/>\n<meta property=\"og:locale\" content=\"ru_RU\" \/>\n<meta property=\"og:type\" content=\"article\" \/>\n<meta property=\"og:title\" content=\"Eirik Nordic Modular Sofa - Brilune\" \/>\n<meta property=\"og:description\" content=\"Elevate your living space with our Nordic-inspired modular fabric sofa, blending Italian minimalism with contemporary comfort. This versatile piece seamlessly\" \/>\n<meta property=\"og:url\" content=\"https:\/\/brilune.eu\/ru\/product\/eirik-nordic-modular-sofa\/\" \/>\n<meta property=\"og:site_name\" content=\"Brilune\" \/>\n<meta property=\"article:modified_time\" content=\"2025-07-11T13:18:25+00:00\" \/>\n<meta property=\"og:image\" content=\"https:\/\/brilune.eu\/wp-content\/uploads\/2025\/06\/EirikNordicModularSofa_shadow_e4b1a5d6-51e8-46ab-a12a-2da14f8b9dad.jpg\" \/>\n\t<meta property=\"og:image:width\" content=\"1080\" \/>\n\t<meta property=\"og:image:height\" content=\"1080\" \/>\n\t<meta property=\"og:image:type\" content=\"image\/jpeg\" \/>\n<meta name=\"twitter:card\" content=\"summary_large_image\" \/>\n<meta name=\"twitter:label1\" content=\"\u041f\u0440\u0438\u043c\u0435\u0440\u043d\u043e\u0435 \u0432\u0440\u0435\u043c\u044f \u0434\u043b\u044f \u0447\u0442\u0435\u043d\u0438\u044f\" \/>\n\t<meta name=\"twitter:data1\" content=\"1 \u043c\u0438\u043d\u0443\u0442\u0430\" \/>\n<script type=\"application\/ld+json\" class=\"yoast-schema-graph\">{\"@context\":\"https:\/\/schema.org\",\"@graph\":[{\"@type\":\"WebPage\",\"@id\":\"https:\/\/brilune.eu\/ru\/product\/eirik-nordic-modular-sofa\/\",\"url\":\"https:\/\/brilune.eu\/ru\/product\/eirik-nordic-modular-sofa\/\",\"name\":\"Eirik Nordic Modular Sofa - Brilune\",\"isPartOf\":{\"@id\":\"https:\/\/brilune.eu\/ru\/#website\"},\"primaryImageOfPage\":{\"@id\":\"https:\/\/brilune.eu\/ru\/product\/eirik-nordic-modular-sofa\/#primaryimage\"},\"image\":{\"@id\":\"https:\/\/brilune.eu\/ru\/product\/eirik-nordic-modular-sofa\/#primaryimage\"},\"thumbnailUrl\":\"https:\/\/brilune.eu\/wp-content\/uploads\/2025\/06\/EirikNordicModularSofa_shadow_e4b1a5d6-51e8-46ab-a12a-2da14f8b9dad.jpg\",\"datePublished\":\"2025-06-10T20:02:08+00:00\",\"dateModified\":\"2025-07-11T13:18:25+00:00\",\"breadcrumb\":{\"@id\":\"https:\/\/brilune.eu\/ru\/product\/eirik-nordic-modular-sofa\/#breadcrumb\"},\"inLanguage\":\"ru-RU\",\"potentialAction\":[{\"@type\":\"ReadAction\",\"target\":[\"https:\/\/brilune.eu\/ru\/product\/eirik-nordic-modular-sofa\/\"]}]},{\"@type\":\"ImageObject\",\"inLanguage\":\"ru-RU\",\"@id\":\"https:\/\/brilune.eu\/ru\/product\/eirik-nordic-modular-sofa\/#primaryimage\",\"url\":\"https:\/\/brilune.eu\/wp-content\/uploads\/2025\/06\/EirikNordicModularSofa_shadow_e4b1a5d6-51e8-46ab-a12a-2da14f8b9dad.jpg\",\"contentUrl\":\"https:\/\/brilune.eu\/wp-content\/uploads\/2025\/06\/EirikNordicModularSofa_shadow_e4b1a5d6-51e8-46ab-a12a-2da14f8b9dad.jpg\",\"width\":1080,\"height\":1080},{\"@type\":\"BreadcrumbList\",\"@id\":\"https:\/\/brilune.eu\/ru\/product\/eirik-nordic-modular-sofa\/#breadcrumb\",\"itemListElement\":[{\"@type\":\"ListItem\",\"position\":1,\"name\":\"\u041d\u0430\u0447\u0430\u043b\u043e\",\"item\":\"https:\/\/brilune.eu\/ru\/%d0%b3%d0%bb%d0%b0%d0%b2%d0%bd%d0%b0%d1%8f\/\"},{\"@type\":\"ListItem\",\"position\":2,\"name\":\"\u0412\u0441\u0435 \u0442\u043e\u0432\u0430\u0440\u044b\",\"item\":\"https:\/\/brilune.eu\/ru\/%d0%bc%d0%b0%d0%b3%d0%b0%d0%b7%d0%b8%d0%bd\/\"},{\"@type\":\"ListItem\",\"position\":3,\"name\":\"Eirik Nordic Modular Sofa\"}]},{\"@type\":\"WebSite\",\"@id\":\"https:\/\/brilune.eu\/ru\/#website\",\"url\":\"https:\/\/brilune.eu\/ru\/\",\"name\":\"Brilune\",\"description\":\"M\u0113s pied\u0101v\u0101jam unik\u0101lus un nebiju\u0161us dizainus, kas apvieno eleganci, funkcionalit\u0101ti un rado\u0161umu.\",\"potentialAction\":[{\"@type\":\"SearchAction\",\"target\":{\"@type\":\"EntryPoint\",\"urlTemplate\":\"https:\/\/brilune.eu\/ru\/?s={search_term_string}\"},\"query-input\":{\"@type\":\"PropertyValueSpecification\",\"valueRequired\":true,\"valueName\":\"search_term_string\"}}],\"inLanguage\":\"ru-RU\"}]}<\/script>\n<!-- \/ Yoast SEO plugin. -->","yoast_head_json":{"title":"Eirik Nordic Modular Sofa - Brilune","robots":{"index":"index","follow":"follow","max-snippet":"max-snippet:-1","max-image-preview":"max-image-preview:large","max-video-preview":"max-video-preview:-1"},"canonical":"https:\/\/brilune.eu\/ru\/product\/eirik-nordic-modular-sofa\/","og_locale":"ru_RU","og_type":"article","og_title":"Eirik Nordic Modular Sofa - Brilune","og_description":"Elevate your living space with our Nordic-inspired modular fabric sofa, blending Italian minimalism with contemporary comfort. This versatile piece seamlessly","og_url":"https:\/\/brilune.eu\/ru\/product\/eirik-nordic-modular-sofa\/","og_site_name":"Brilune","article_modified_time":"2025-07-11T13:18:25+00:00","og_image":[{"width":1080,"height":1080,"url":"https:\/\/brilune.eu\/wp-content\/uploads\/2025\/06\/EirikNordicModularSofa_shadow_e4b1a5d6-51e8-46ab-a12a-2da14f8b9dad.jpg","type":"image\/jpeg"}],"twitter_card":"summary_large_image","twitter_misc":{"\u041f\u0440\u0438\u043c\u0435\u0440\u043d\u043e\u0435 \u0432\u0440\u0435\u043c\u044f \u0434\u043b\u044f \u0447\u0442\u0435\u043d\u0438\u044f":"1 \u043c\u0438\u043d\u0443\u0442\u0430"},"schema":{"@context":"https:\/\/schema.org","@graph":[{"@type":"WebPage","@id":"https:\/\/brilune.eu\/ru\/product\/eirik-nordic-modular-sofa\/","url":"https:\/\/brilune.eu\/ru\/product\/eirik-nordic-modular-sofa\/","name":"Eirik Nordic Modular Sofa - Brilune","isPartOf":{"@id":"https:\/\/brilune.eu\/ru\/#website"},"primaryImageOfPage":{"@id":"https:\/\/brilune.eu\/ru\/product\/eirik-nordic-modular-sofa\/#primaryimage"},"image":{"@id":"https:\/\/brilune.eu\/ru\/product\/eirik-nordic-modular-sofa\/#primaryimage"},"thumbnailUrl":"https:\/\/brilune.eu\/wp-content\/uploads\/2025\/06\/EirikNordicModularSofa_shadow_e4b1a5d6-51e8-46ab-a12a-2da14f8b9dad.jpg","datePublished":"2025-06-10T20:02:08+00:00","dateModified":"2025-07-11T13:18:25+00:00","breadcrumb":{"@id":"https:\/\/brilune.eu\/ru\/product\/eirik-nordic-modular-sofa\/#breadcrumb"},"inLanguage":"ru-RU","potentialAction":[{"@type":"ReadAction","target":["https:\/\/brilune.eu\/ru\/product\/eirik-nordic-modular-sofa\/"]}]},{"@type":"ImageObject","inLanguage":"ru-RU","@id":"https:\/\/brilune.eu\/ru\/product\/eirik-nordic-modular-sofa\/#primaryimage","url":"https:\/\/brilune.eu\/wp-content\/uploads\/2025\/06\/EirikNordicModularSofa_shadow_e4b1a5d6-51e8-46ab-a12a-2da14f8b9dad.jpg","contentUrl":"https:\/\/brilune.eu\/wp-content\/uploads\/2025\/06\/EirikNordicModularSofa_shadow_e4b1a5d6-51e8-46ab-a12a-2da14f8b9dad.jpg","width":1080,"height":1080},{"@type":"BreadcrumbList","@id":"https:\/\/brilune.eu\/ru\/product\/eirik-nordic-modular-sofa\/#breadcrumb","itemListElement":[{"@type":"ListItem","position":1,"name":"\u041d\u0430\u0447\u0430\u043b\u043e","item":"https:\/\/brilune.eu\/ru\/%d0%b3%d0%bb%d0%b0%d0%b2%d0%bd%d0%b0%d1%8f\/"},{"@type":"ListItem","position":2,"name":"\u0412\u0441\u0435 \u0442\u043e\u0432\u0430\u0440\u044b","item":"https:\/\/brilune.eu\/ru\/%d0%bc%d0%b0%d0%b3%d0%b0%d0%b7%d0%b8%d0%bd\/"},{"@type":"ListItem","position":3,"name":"Eirik Nordic Modular Sofa"}]},{"@type":"WebSite","@id":"https:\/\/brilune.eu\/ru\/#website","url":"https:\/\/brilune.eu\/ru\/","name":"Brilune","description":"M\u0113s pied\u0101v\u0101jam unik\u0101lus un nebiju\u0161us dizainus, kas apvieno eleganci, funkcionalit\u0101ti un rado\u0161umu.","potentialAction":[{"@type":"SearchAction","target":{"@type":"EntryPoint","urlTemplate":"https:\/\/brilune.eu\/ru\/?s={search_term_string}"},"query-input":{"@type":"PropertyValueSpecification","valueRequired":true,"valueName":"search_term_string"}}],"inLanguage":"ru-RU"}]}},"jetpack_sharing_enabled":true,"_links":{"self":[{"href":"https:\/\/brilune.eu\/ru\/wp-json\/wp\/v2\/product\/44784","targetHints":{"allow":["GET"]}}],"collection":[{"href":"https:\/\/brilune.eu\/ru\/wp-json\/wp\/v2\/product"}],"about":[{"href":"https:\/\/brilune.eu\/ru\/wp-json\/wp\/v2\/types\/product"}],"replies":[{"embeddable":true,"href":"https:\/\/brilune.eu\/ru\/wp-json\/wp\/v2\/comments?post=44784"}],"version-history":[{"count":1,"href":"https:\/\/brilune.eu\/ru\/wp-json\/wp\/v2\/product\/44784\/revisions"}],"predecessor-version":[{"id":44788,"href":"https:\/\/brilune.eu\/ru\/wp-json\/wp\/v2\/product\/44784\/revisions\/44788"}],"wp:featuredmedia":[{"embeddable":true,"href":"https:\/\/brilune.eu\/ru\/wp-json\/wp\/v2\/media\/44785"}],"wp:attachment":[{"href":"https:\/\/brilune.eu\/ru\/wp-json\/wp\/v2\/media?parent=44784"}],"wp:term":[{"taxonomy":"product_brand","embeddable":true,"href":"https:\/\/brilune.eu\/ru\/wp-json\/wp\/v2\/product_brand?post=44784"},{"taxonomy":"product_cat","embeddable":true,"href":"https:\/\/brilune.eu\/ru\/wp-json\/wp\/v2\/product_cat?post=44784"},{"taxonomy":"product_tag","embeddable":true,"href":"https:\/\/brilune.eu\/ru\/wp-json\/wp\/v2\/product_tag?post=44784"}],"curies":[{"name":"wp","href":"https:\/\/api.w.org\/{rel}","templated":true}]}}