{"id":44406,"date":"2025-05-04T21:12:43","date_gmt":"2025-05-04T19:12:43","guid":{"rendered":"https:\/\/brilune.eu\/?post_type=product&#038;p=44406"},"modified":"2025-05-04T21:26:06","modified_gmt":"2025-05-04T19:26:06","slug":"%d0%ba%d0%be%d0%b6%d0%b0%d0%bd%d1%8b%d0%b9-%d1%81%d1%82%d1%83%d0%bb-%d0%b8%d0%b7-%d1%86%d0%b5%d0%bb%d1%8c%d0%bd%d0%be%d0%b3%d0%be-%d0%b4%d0%b5%d1%80%d0%b5%d0%b2%d0%b0-thor","status":"publish","type":"product","link":"https:\/\/brilune.eu\/ru\/product\/%d0%ba%d0%be%d0%b6%d0%b0%d0%bd%d1%8b%d0%b9-%d1%81%d1%82%d1%83%d0%bb-%d0%b8%d0%b7-%d1%86%d0%b5%d0%bb%d1%8c%d0%bd%d0%be%d0%b3%d0%be-%d0%b4%d0%b5%d1%80%d0%b5%d0%b2%d0%b0-thor\/","title":{"rendered":"\u041a\u043e\u0436\u0430\u043d\u044b\u0439 \u0441\u0442\u0443\u043b \u0438\u0437 \u0446\u0435\u043b\u044c\u043d\u043e\u0433\u043e \u0434\u0435\u0440\u0435\u0432\u0430 Thor"},"content":{"rendered":"<p>\u0423\u043b\u0443\u0447\u0448\u0438\u0442\u0435 \u0441\u0432\u043e\u044e \u0433\u043e\u0441\u0442\u0438\u043d\u0443\u044e \u0441 \u043f\u043e\u043c\u043e\u0449\u044c\u044e \u043a\u043e\u0436\u0430\u043d\u043e\u0433\u043e \u043a\u0440\u0435\u0441\u043b\u0430 Thor \u0438\u0437 \u043c\u0430\u0441\u0441\u0438\u0432\u0430 \u0434\u0435\u0440\u0435\u0432\u0430. \u042d\u0442\u043e \u0434\u0438\u0437\u0430\u0439\u043d\u0435\u0440\u0441\u043a\u043e\u0435 \u043a\u0440\u0435\u0441\u043b\u043e, \u0438\u0437\u0433\u043e\u0442\u043e\u0432\u043b\u0435\u043d\u043d\u043e\u0435 \u0438\u0437 \u0432\u044b\u0441\u043e\u043a\u043e\u043a\u0430\u0447\u0435\u0441\u0442\u0432\u0435\u043d\u043d\u043e\u0439 \u043c\u0430\u0441\u0441\u0438\u0432\u043d\u043e\u0439 \u0434\u0440\u0435\u0432\u0435\u0441\u0438\u043d\u044b \u0438 \u0440\u043e\u0441\u043a\u043e\u0448\u043d\u043e\u0439 \u043a\u043e\u0436\u0438, \u043f\u0440\u0438\u0432\u043d\u0435\u0441\u0435\u0442 \u044d\u043b\u0435\u0433\u0430\u043d\u0442\u043d\u043e\u0441\u0442\u044c \u0438 \u043a\u043e\u043c\u0444\u043e\u0440\u0442 \u0432 \u043b\u044e\u0431\u0443\u044e \u043e\u0431\u0441\u0442\u0430\u043d\u043e\u0432\u043a\u0443. \u0418\u0434\u0435\u0430\u043b\u044c\u043d\u043e \u043f\u043e\u0434\u0445\u043e\u0434\u0438\u0442 \u0434\u043b\u044f \u043e\u0442\u0434\u044b\u0445\u0430 \u043d\u0430 \u0431\u0430\u043b\u043a\u043e\u043d\u0435 \u0438\u043b\u0438 \u0432 \u043a\u0430\u0447\u0435\u0441\u0442\u0432\u0435 \u0430\u043a\u0446\u0435\u043d\u0442\u0430 \u0432 \u0432\u0430\u0448\u0435\u043c \u0434\u043e\u043c\u0435.<\/p>\n","protected":false},"excerpt":{"rendered":"<p>\u0423\u043b\u0443\u0447\u0448\u0438\u0442\u0435 \u0441\u0432\u043e\u044e \u0433\u043e\u0441\u0442\u0438\u043d\u0443\u044e \u0441 \u043f\u043e\u043c\u043e\u0449\u044c\u044e \u043a\u043e\u0436\u0430\u043d\u043e\u0433\u043e \u043a\u0440\u0435\u0441\u043b\u0430 Thor \u0438\u0437 \u043c\u0430\u0441\u0441\u0438\u0432\u0430 \u0434\u0435\u0440\u0435\u0432\u0430. \u042d\u0442\u043e \u0434\u0438\u0437\u0430\u0439\u043d\u0435\u0440\u0441\u043a\u043e\u0435 \u043a\u0440\u0435\u0441\u043b\u043e, \u0438\u0437\u0433\u043e\u0442\u043e\u0432\u043b\u0435\u043d\u043d\u043e\u0435 \u0438\u0437 \u0432\u044b\u0441\u043e\u043a\u043e\u043a\u0430\u0447\u0435\u0441\u0442\u0432\u0435\u043d\u043d\u043e\u0439 \u043c\u0430\u0441\u0441\u0438\u0432\u043d\u043e\u0439 \u0434\u0440\u0435\u0432\u0435\u0441\u0438\u043d\u044b \u0438 \u0440\u043e\u0441\u043a\u043e\u0448\u043d\u043e\u0439 \u043a\u043e\u0436\u0438, \u043f\u0440\u0438\u0432\u043d\u0435\u0441\u0435\u0442 \u044d\u043b\u0435\u0433\u0430\u043d\u0442\u043d\u043e\u0441\u0442\u044c \u0438 \u043a\u043e\u043c\u0444\u043e\u0440\u0442 \u0432 \u043b\u044e\u0431\u0443\u044e \u043e\u0431\u0441\u0442\u0430\u043d\u043e\u0432\u043a\u0443. \u0418\u0434\u0435\u0430\u043b\u044c\u043d\u043e \u043f\u043e\u0434\u0445\u043e\u0434\u0438\u0442 \u0434\u043b\u044f \u043e\u0442\u0434\u044b\u0445\u0430 \u043d\u0430 \u0431\u0430\u043b\u043a\u043e\u043d\u0435 \u0438\u043b\u0438 \u0432 \u043a\u0430\u0447\u0435\u0441\u0442\u0432\u0435 \u0430\u043a\u0446\u0435\u043d\u0442\u0430 \u0432 \u0438\u043d\u0442\u0435\u0440\u044c\u0435\u0440\u0435.<\/p>\n","protected":false},"featured_media":44432,"comment_status":"open","ping_status":"closed","template":"","meta":[],"product_brand":[],"product_cat":[5805],"product_tag":[],"class_list":{"0":"post-44406","1":"product","2":"type-product","3":"status-publish","4":"has-post-thumbnail","6":"product_cat-5805","8":"first","9":"instock","10":"shipping-taxable","11":"purchasable","12":"product-type-variable"},"yoast_head":"<!-- This site is optimized with the Yoast SEO plugin v26.0 - https:\/\/yoast.com\/wordpress\/plugins\/seo\/ -->\n<title>\u041a\u043e\u0436\u0430\u043d\u044b\u0439 \u0441\u0442\u0443\u043b \u0438\u0437 \u0446\u0435\u043b\u044c\u043d\u043e\u0433\u043e \u0434\u0435\u0440\u0435\u0432\u0430 Thor<\/title>\n<meta name=\"description\" content=\"\u0423\u043b\u0443\u0447\u0448\u0438\u0442\u0435 \u0441\u0432\u043e\u044e \u0433\u043e\u0441\u0442\u0438\u043d\u0443\u044e \u0441 \u043f\u043e\u043c\u043e\u0449\u044c\u044e \u043a\u043e\u0436\u0430\u043d\u043e\u0433\u043e \u043a\u0440\u0435\u0441\u043b\u0430 Thor \u0438\u0437 \u043c\u0430\u0441\u0441\u0438\u0432\u0430 \u0434\u0435\u0440\u0435\u0432\u0430. \u042d\u0442\u043e \u0434\u0438\u0437\u0430\u0439\u043d\u0435\u0440\u0441\u043a\u043e\u0435 \u043a\u0440\u0435\u0441\u043b\u043e, \u0438\u0437\u0433\u043e\u0442\u043e\u0432\u043b\u0435\u043d\u043d\u043e\u0435 \u0438\u0437 \u0432\u044b\u0441\u043e\u043a\u043e\u043a\u0430\u0447\u0435\u0441\u0442\u0432\u0435\u043d\u043d\u043e\u0439 \u043c\u0430\u0441\u0441\u0438\u0432\u043d\u043e\u0439 \u0434\u0440\u0435\u0432\u0435\u0441\u0438\u043d\u044b \u0438 \u0440\u043e\u0441\u043a\u043e\u0448\u043d\u043e\u0439 \u043a\u043e\u0436\u0438, \u043f\u0440\u0438\u0432\u043d\u0435\u0441\u0435\u0442 \u044d\u043b\u0435\u0433\u0430\u043d\u0442\u043d\u043e\u0441\u0442\u044c \u0438 \u043a\u043e\u043c\u0444\u043e\u0440\u0442 \u0432 \u043b\u044e\u0431\u0443\u044e \u043e\u0431\u0441\u0442\u0430\u043d\u043e\u0432\u043a\u0443. \u0418\u0434\u0435\u0430\u043b\u044c\u043d\u043e \u043f\u043e\u0434\u0445\u043e\u0434\u0438\u0442 \u0434\u043b\u044f \u043e\u0442\u0434\u044b\u0445\u0430 \u043d\u0430 \u0431\u0430\u043b\u043a\u043e\u043d\u0435 \u0438\u043b\u0438 \u0432 \u043a\u0430\u0447\u0435\u0441\u0442\u0432\u0435 \u0430\u043a\u0446\u0435\u043d\u0442\u0430 \u0432 \u0438\u043d\u0442\u0435\u0440\u044c\u0435\u0440\u0435.\" \/>\n<meta name=\"robots\" content=\"index, follow, max-snippet:-1, max-image-preview:large, max-video-preview:-1\" \/>\n<link rel=\"canonical\" href=\"https:\/\/brilune.eu\/ru\/product\/%d0%ba%d0%be%d0%b6%d0%b0%d0%bd%d1%8b%d0%b9-%d1%81%d1%82%d1%83%d0%bb-%d0%b8%d0%b7-%d1%86%d0%b5%d0%bb%d1%8c%d0%bd%d0%be%d0%b3%d0%be-%d0%b4%d0%b5%d1%80%d0%b5%d0%b2%d0%b0-thor\/\" \/>\n<meta property=\"og:locale\" content=\"ru_RU\" \/>\n<meta property=\"og:type\" content=\"article\" \/>\n<meta property=\"og:title\" content=\"\u041a\u043e\u0436\u0430\u043d\u044b\u0439 \u0441\u0442\u0443\u043b \u0438\u0437 \u0446\u0435\u043b\u044c\u043d\u043e\u0433\u043e \u0434\u0435\u0440\u0435\u0432\u0430 Thor\" \/>\n<meta property=\"og:description\" content=\"\u0423\u043b\u0443\u0447\u0448\u0438\u0442\u0435 \u0441\u0432\u043e\u044e \u0433\u043e\u0441\u0442\u0438\u043d\u0443\u044e \u0441 \u043f\u043e\u043c\u043e\u0449\u044c\u044e \u043a\u043e\u0436\u0430\u043d\u043e\u0433\u043e \u043a\u0440\u0435\u0441\u043b\u0430 Thor \u0438\u0437 \u043c\u0430\u0441\u0441\u0438\u0432\u0430 \u0434\u0435\u0440\u0435\u0432\u0430. \u042d\u0442\u043e \u0434\u0438\u0437\u0430\u0439\u043d\u0435\u0440\u0441\u043a\u043e\u0435 \u043a\u0440\u0435\u0441\u043b\u043e, \u0438\u0437\u0433\u043e\u0442\u043e\u0432\u043b\u0435\u043d\u043d\u043e\u0435 \u0438\u0437 \u0432\u044b\u0441\u043e\u043a\u043e\u043a\u0430\u0447\u0435\u0441\u0442\u0432\u0435\u043d\u043d\u043e\u0439 \u043c\u0430\u0441\u0441\u0438\u0432\u043d\u043e\u0439 \u0434\u0440\u0435\u0432\u0435\u0441\u0438\u043d\u044b \u0438 \u0440\u043e\u0441\u043a\u043e\u0448\u043d\u043e\u0439 \u043a\u043e\u0436\u0438, \u043f\u0440\u0438\u0432\u043d\u0435\u0441\u0435\u0442 \u044d\u043b\u0435\u0433\u0430\u043d\u0442\u043d\u043e\u0441\u0442\u044c \u0438 \u043a\u043e\u043c\u0444\u043e\u0440\u0442 \u0432 \u043b\u044e\u0431\u0443\u044e \u043e\u0431\u0441\u0442\u0430\u043d\u043e\u0432\u043a\u0443. \u0418\u0434\u0435\u0430\u043b\u044c\u043d\u043e \u043f\u043e\u0434\u0445\u043e\u0434\u0438\u0442 \u0434\u043b\u044f \u043e\u0442\u0434\u044b\u0445\u0430 \u043d\u0430 \u0431\u0430\u043b\u043a\u043e\u043d\u0435 \u0438\u043b\u0438 \u0432 \u043a\u0430\u0447\u0435\u0441\u0442\u0432\u0435 \u0430\u043a\u0446\u0435\u043d\u0442\u0430 \u0432 \u0438\u043d\u0442\u0435\u0440\u044c\u0435\u0440\u0435.\" \/>\n<meta property=\"og:url\" content=\"https:\/\/brilune.eu\/ru\/product\/%d0%ba%d0%be%d0%b6%d0%b0%d0%bd%d1%8b%d0%b9-%d1%81%d1%82%d1%83%d0%bb-%d0%b8%d0%b7-%d1%86%d0%b5%d0%bb%d1%8c%d0%bd%d0%be%d0%b3%d0%be-%d0%b4%d0%b5%d1%80%d0%b5%d0%b2%d0%b0-thor\/\" \/>\n<meta property=\"og:site_name\" content=\"Brilune\" \/>\n<meta property=\"article:modified_time\" content=\"2025-05-04T19:26:06+00:00\" \/>\n<meta property=\"og:image\" content=\"https:\/\/brilune.eu\/wp-content\/uploads\/2025\/05\/ThorSolidWoodLeatherChair_shadow.jpg\" \/>\n\t<meta property=\"og:image:width\" content=\"1080\" \/>\n\t<meta property=\"og:image:height\" content=\"1080\" \/>\n\t<meta property=\"og:image:type\" content=\"image\/jpeg\" \/>\n<meta name=\"twitter:card\" content=\"summary_large_image\" \/>\n<script type=\"application\/ld+json\" class=\"yoast-schema-graph\">{\"@context\":\"https:\/\/schema.org\",\"@graph\":[{\"@type\":\"WebPage\",\"@id\":\"https:\/\/brilune.eu\/ru\/product\/%d0%ba%d0%be%d0%b6%d0%b0%d0%bd%d1%8b%d0%b9-%d1%81%d1%82%d1%83%d0%bb-%d0%b8%d0%b7-%d1%86%d0%b5%d0%bb%d1%8c%d0%bd%d0%be%d0%b3%d0%be-%d0%b4%d0%b5%d1%80%d0%b5%d0%b2%d0%b0-thor\/\",\"url\":\"https:\/\/brilune.eu\/ru\/product\/%d0%ba%d0%be%d0%b6%d0%b0%d0%bd%d1%8b%d0%b9-%d1%81%d1%82%d1%83%d0%bb-%d0%b8%d0%b7-%d1%86%d0%b5%d0%bb%d1%8c%d0%bd%d0%be%d0%b3%d0%be-%d0%b4%d0%b5%d1%80%d0%b5%d0%b2%d0%b0-thor\/\",\"name\":\"\u041a\u043e\u0436\u0430\u043d\u044b\u0439 \u0441\u0442\u0443\u043b \u0438\u0437 \u0446\u0435\u043b\u044c\u043d\u043e\u0433\u043e \u0434\u0435\u0440\u0435\u0432\u0430 Thor\",\"isPartOf\":{\"@id\":\"https:\/\/brilune.eu\/ru\/#website\"},\"primaryImageOfPage\":{\"@id\":\"https:\/\/brilune.eu\/ru\/product\/%d0%ba%d0%be%d0%b6%d0%b0%d0%bd%d1%8b%d0%b9-%d1%81%d1%82%d1%83%d0%bb-%d0%b8%d0%b7-%d1%86%d0%b5%d0%bb%d1%8c%d0%bd%d0%be%d0%b3%d0%be-%d0%b4%d0%b5%d1%80%d0%b5%d0%b2%d0%b0-thor\/#primaryimage\"},\"image\":{\"@id\":\"https:\/\/brilune.eu\/ru\/product\/%d0%ba%d0%be%d0%b6%d0%b0%d0%bd%d1%8b%d0%b9-%d1%81%d1%82%d1%83%d0%bb-%d0%b8%d0%b7-%d1%86%d0%b5%d0%bb%d1%8c%d0%bd%d0%be%d0%b3%d0%be-%d0%b4%d0%b5%d1%80%d0%b5%d0%b2%d0%b0-thor\/#primaryimage\"},\"thumbnailUrl\":\"https:\/\/brilune.eu\/wp-content\/uploads\/2025\/05\/ThorSolidWoodLeatherChair_shadow.jpg\",\"datePublished\":\"2025-05-04T19:12:43+00:00\",\"dateModified\":\"2025-05-04T19:26:06+00:00\",\"description\":\"\u0423\u043b\u0443\u0447\u0448\u0438\u0442\u0435 \u0441\u0432\u043e\u044e \u0433\u043e\u0441\u0442\u0438\u043d\u0443\u044e \u0441 \u043f\u043e\u043c\u043e\u0449\u044c\u044e \u043a\u043e\u0436\u0430\u043d\u043e\u0433\u043e \u043a\u0440\u0435\u0441\u043b\u0430 Thor \u0438\u0437 \u043c\u0430\u0441\u0441\u0438\u0432\u0430 \u0434\u0435\u0440\u0435\u0432\u0430. \u042d\u0442\u043e \u0434\u0438\u0437\u0430\u0439\u043d\u0435\u0440\u0441\u043a\u043e\u0435 \u043a\u0440\u0435\u0441\u043b\u043e, \u0438\u0437\u0433\u043e\u0442\u043e\u0432\u043b\u0435\u043d\u043d\u043e\u0435 \u0438\u0437 \u0432\u044b\u0441\u043e\u043a\u043e\u043a\u0430\u0447\u0435\u0441\u0442\u0432\u0435\u043d\u043d\u043e\u0439 \u043c\u0430\u0441\u0441\u0438\u0432\u043d\u043e\u0439 \u0434\u0440\u0435\u0432\u0435\u0441\u0438\u043d\u044b \u0438 \u0440\u043e\u0441\u043a\u043e\u0448\u043d\u043e\u0439 \u043a\u043e\u0436\u0438, \u043f\u0440\u0438\u0432\u043d\u0435\u0441\u0435\u0442 \u044d\u043b\u0435\u0433\u0430\u043d\u0442\u043d\u043e\u0441\u0442\u044c \u0438 \u043a\u043e\u043c\u0444\u043e\u0440\u0442 \u0432 \u043b\u044e\u0431\u0443\u044e \u043e\u0431\u0441\u0442\u0430\u043d\u043e\u0432\u043a\u0443. \u0418\u0434\u0435\u0430\u043b\u044c\u043d\u043e \u043f\u043e\u0434\u0445\u043e\u0434\u0438\u0442 \u0434\u043b\u044f \u043e\u0442\u0434\u044b\u0445\u0430 \u043d\u0430 \u0431\u0430\u043b\u043a\u043e\u043d\u0435 \u0438\u043b\u0438 \u0432 \u043a\u0430\u0447\u0435\u0441\u0442\u0432\u0435 \u0430\u043a\u0446\u0435\u043d\u0442\u0430 \u0432 \u0438\u043d\u0442\u0435\u0440\u044c\u0435\u0440\u0435.\",\"breadcrumb\":{\"@id\":\"https:\/\/brilune.eu\/ru\/product\/%d0%ba%d0%be%d0%b6%d0%b0%d0%bd%d1%8b%d0%b9-%d1%81%d1%82%d1%83%d0%bb-%d0%b8%d0%b7-%d1%86%d0%b5%d0%bb%d1%8c%d0%bd%d0%be%d0%b3%d0%be-%d0%b4%d0%b5%d1%80%d0%b5%d0%b2%d0%b0-thor\/#breadcrumb\"},\"inLanguage\":\"ru-RU\",\"potentialAction\":[{\"@type\":\"ReadAction\",\"target\":[\"https:\/\/brilune.eu\/ru\/product\/%d0%ba%d0%be%d0%b6%d0%b0%d0%bd%d1%8b%d0%b9-%d1%81%d1%82%d1%83%d0%bb-%d0%b8%d0%b7-%d1%86%d0%b5%d0%bb%d1%8c%d0%bd%d0%be%d0%b3%d0%be-%d0%b4%d0%b5%d1%80%d0%b5%d0%b2%d0%b0-thor\/\"]}]},{\"@type\":\"ImageObject\",\"inLanguage\":\"ru-RU\",\"@id\":\"https:\/\/brilune.eu\/ru\/product\/%d0%ba%d0%be%d0%b6%d0%b0%d0%bd%d1%8b%d0%b9-%d1%81%d1%82%d1%83%d0%bb-%d0%b8%d0%b7-%d1%86%d0%b5%d0%bb%d1%8c%d0%bd%d0%be%d0%b3%d0%be-%d0%b4%d0%b5%d1%80%d0%b5%d0%b2%d0%b0-thor\/#primaryimage\",\"url\":\"https:\/\/brilune.eu\/wp-content\/uploads\/2025\/05\/ThorSolidWoodLeatherChair_shadow.jpg\",\"contentUrl\":\"https:\/\/brilune.eu\/wp-content\/uploads\/2025\/05\/ThorSolidWoodLeatherChair_shadow.jpg\",\"width\":1080,\"height\":1080},{\"@type\":\"BreadcrumbList\",\"@id\":\"https:\/\/brilune.eu\/ru\/product\/%d0%ba%d0%be%d0%b6%d0%b0%d0%bd%d1%8b%d0%b9-%d1%81%d1%82%d1%83%d0%bb-%d0%b8%d0%b7-%d1%86%d0%b5%d0%bb%d1%8c%d0%bd%d0%be%d0%b3%d0%be-%d0%b4%d0%b5%d1%80%d0%b5%d0%b2%d0%b0-thor\/#breadcrumb\",\"itemListElement\":[{\"@type\":\"ListItem\",\"position\":1,\"name\":\"\u041d\u0430\u0447\u0430\u043b\u043e\",\"item\":\"https:\/\/brilune.eu\/ru\/%d0%b3%d0%bb%d0%b0%d0%b2%d0%bd%d0%b0%d1%8f\/\"},{\"@type\":\"ListItem\",\"position\":2,\"name\":\"\u0412\u0441\u0435 \u0442\u043e\u0432\u0430\u0440\u044b\",\"item\":\"https:\/\/brilune.eu\/ru\/%d0%bc%d0%b0%d0%b3%d0%b0%d0%b7%d0%b8%d0%bd\/\"},{\"@type\":\"ListItem\",\"position\":3,\"name\":\"\u041a\u043e\u0436\u0430\u043d\u044b\u0439 \u0441\u0442\u0443\u043b \u0438\u0437 \u0446\u0435\u043b\u044c\u043d\u043e\u0433\u043e \u0434\u0435\u0440\u0435\u0432\u0430 Thor\"}]},{\"@type\":\"WebSite\",\"@id\":\"https:\/\/brilune.eu\/ru\/#website\",\"url\":\"https:\/\/brilune.eu\/ru\/\",\"name\":\"Brilune\",\"description\":\"M\u0113s pied\u0101v\u0101jam unik\u0101lus un nebiju\u0161us dizainus, kas apvieno eleganci, funkcionalit\u0101ti un rado\u0161umu.\",\"potentialAction\":[{\"@type\":\"SearchAction\",\"target\":{\"@type\":\"EntryPoint\",\"urlTemplate\":\"https:\/\/brilune.eu\/ru\/?s={search_term_string}\"},\"query-input\":{\"@type\":\"PropertyValueSpecification\",\"valueRequired\":true,\"valueName\":\"search_term_string\"}}],\"inLanguage\":\"ru-RU\"}]}<\/script>\n<!-- \/ Yoast SEO plugin. -->","yoast_head_json":{"title":"\u041a\u043e\u0436\u0430\u043d\u044b\u0439 \u0441\u0442\u0443\u043b \u0438\u0437 \u0446\u0435\u043b\u044c\u043d\u043e\u0433\u043e \u0434\u0435\u0440\u0435\u0432\u0430 Thor","description":"\u0423\u043b\u0443\u0447\u0448\u0438\u0442\u0435 \u0441\u0432\u043e\u044e \u0433\u043e\u0441\u0442\u0438\u043d\u0443\u044e \u0441 \u043f\u043e\u043c\u043e\u0449\u044c\u044e \u043a\u043e\u0436\u0430\u043d\u043e\u0433\u043e \u043a\u0440\u0435\u0441\u043b\u0430 Thor \u0438\u0437 \u043c\u0430\u0441\u0441\u0438\u0432\u0430 \u0434\u0435\u0440\u0435\u0432\u0430. \u042d\u0442\u043e \u0434\u0438\u0437\u0430\u0439\u043d\u0435\u0440\u0441\u043a\u043e\u0435 \u043a\u0440\u0435\u0441\u043b\u043e, \u0438\u0437\u0433\u043e\u0442\u043e\u0432\u043b\u0435\u043d\u043d\u043e\u0435 \u0438\u0437 \u0432\u044b\u0441\u043e\u043a\u043e\u043a\u0430\u0447\u0435\u0441\u0442\u0432\u0435\u043d\u043d\u043e\u0439 \u043c\u0430\u0441\u0441\u0438\u0432\u043d\u043e\u0439 \u0434\u0440\u0435\u0432\u0435\u0441\u0438\u043d\u044b \u0438 \u0440\u043e\u0441\u043a\u043e\u0448\u043d\u043e\u0439 \u043a\u043e\u0436\u0438, \u043f\u0440\u0438\u0432\u043d\u0435\u0441\u0435\u0442 \u044d\u043b\u0435\u0433\u0430\u043d\u0442\u043d\u043e\u0441\u0442\u044c \u0438 \u043a\u043e\u043c\u0444\u043e\u0440\u0442 \u0432 \u043b\u044e\u0431\u0443\u044e \u043e\u0431\u0441\u0442\u0430\u043d\u043e\u0432\u043a\u0443. \u0418\u0434\u0435\u0430\u043b\u044c\u043d\u043e \u043f\u043e\u0434\u0445\u043e\u0434\u0438\u0442 \u0434\u043b\u044f \u043e\u0442\u0434\u044b\u0445\u0430 \u043d\u0430 \u0431\u0430\u043b\u043a\u043e\u043d\u0435 \u0438\u043b\u0438 \u0432 \u043a\u0430\u0447\u0435\u0441\u0442\u0432\u0435 \u0430\u043a\u0446\u0435\u043d\u0442\u0430 \u0432 \u0438\u043d\u0442\u0435\u0440\u044c\u0435\u0440\u0435.","robots":{"index":"index","follow":"follow","max-snippet":"max-snippet:-1","max-image-preview":"max-image-preview:large","max-video-preview":"max-video-preview:-1"},"canonical":"https:\/\/brilune.eu\/ru\/product\/%d0%ba%d0%be%d0%b6%d0%b0%d0%bd%d1%8b%d0%b9-%d1%81%d1%82%d1%83%d0%bb-%d0%b8%d0%b7-%d1%86%d0%b5%d0%bb%d1%8c%d0%bd%d0%be%d0%b3%d0%be-%d0%b4%d0%b5%d1%80%d0%b5%d0%b2%d0%b0-thor\/","og_locale":"ru_RU","og_type":"article","og_title":"\u041a\u043e\u0436\u0430\u043d\u044b\u0439 \u0441\u0442\u0443\u043b \u0438\u0437 \u0446\u0435\u043b\u044c\u043d\u043e\u0433\u043e \u0434\u0435\u0440\u0435\u0432\u0430 Thor","og_description":"\u0423\u043b\u0443\u0447\u0448\u0438\u0442\u0435 \u0441\u0432\u043e\u044e \u0433\u043e\u0441\u0442\u0438\u043d\u0443\u044e \u0441 \u043f\u043e\u043c\u043e\u0449\u044c\u044e \u043a\u043e\u0436\u0430\u043d\u043e\u0433\u043e \u043a\u0440\u0435\u0441\u043b\u0430 Thor \u0438\u0437 \u043c\u0430\u0441\u0441\u0438\u0432\u0430 \u0434\u0435\u0440\u0435\u0432\u0430. \u042d\u0442\u043e \u0434\u0438\u0437\u0430\u0439\u043d\u0435\u0440\u0441\u043a\u043e\u0435 \u043a\u0440\u0435\u0441\u043b\u043e, \u0438\u0437\u0433\u043e\u0442\u043e\u0432\u043b\u0435\u043d\u043d\u043e\u0435 \u0438\u0437 \u0432\u044b\u0441\u043e\u043a\u043e\u043a\u0430\u0447\u0435\u0441\u0442\u0432\u0435\u043d\u043d\u043e\u0439 \u043c\u0430\u0441\u0441\u0438\u0432\u043d\u043e\u0439 \u0434\u0440\u0435\u0432\u0435\u0441\u0438\u043d\u044b \u0438 \u0440\u043e\u0441\u043a\u043e\u0448\u043d\u043e\u0439 \u043a\u043e\u0436\u0438, \u043f\u0440\u0438\u0432\u043d\u0435\u0441\u0435\u0442 \u044d\u043b\u0435\u0433\u0430\u043d\u0442\u043d\u043e\u0441\u0442\u044c \u0438 \u043a\u043e\u043c\u0444\u043e\u0440\u0442 \u0432 \u043b\u044e\u0431\u0443\u044e \u043e\u0431\u0441\u0442\u0430\u043d\u043e\u0432\u043a\u0443. \u0418\u0434\u0435\u0430\u043b\u044c\u043d\u043e \u043f\u043e\u0434\u0445\u043e\u0434\u0438\u0442 \u0434\u043b\u044f \u043e\u0442\u0434\u044b\u0445\u0430 \u043d\u0430 \u0431\u0430\u043b\u043a\u043e\u043d\u0435 \u0438\u043b\u0438 \u0432 \u043a\u0430\u0447\u0435\u0441\u0442\u0432\u0435 \u0430\u043a\u0446\u0435\u043d\u0442\u0430 \u0432 \u0438\u043d\u0442\u0435\u0440\u044c\u0435\u0440\u0435.","og_url":"https:\/\/brilune.eu\/ru\/product\/%d0%ba%d0%be%d0%b6%d0%b0%d0%bd%d1%8b%d0%b9-%d1%81%d1%82%d1%83%d0%bb-%d0%b8%d0%b7-%d1%86%d0%b5%d0%bb%d1%8c%d0%bd%d0%be%d0%b3%d0%be-%d0%b4%d0%b5%d1%80%d0%b5%d0%b2%d0%b0-thor\/","og_site_name":"Brilune","article_modified_time":"2025-05-04T19:26:06+00:00","og_image":[{"width":1080,"height":1080,"url":"https:\/\/brilune.eu\/wp-content\/uploads\/2025\/05\/ThorSolidWoodLeatherChair_shadow.jpg","type":"image\/jpeg"}],"twitter_card":"summary_large_image","schema":{"@context":"https:\/\/schema.org","@graph":[{"@type":"WebPage","@id":"https:\/\/brilune.eu\/ru\/product\/%d0%ba%d0%be%d0%b6%d0%b0%d0%bd%d1%8b%d0%b9-%d1%81%d1%82%d1%83%d0%bb-%d0%b8%d0%b7-%d1%86%d0%b5%d0%bb%d1%8c%d0%bd%d0%be%d0%b3%d0%be-%d0%b4%d0%b5%d1%80%d0%b5%d0%b2%d0%b0-thor\/","url":"https:\/\/brilune.eu\/ru\/product\/%d0%ba%d0%be%d0%b6%d0%b0%d0%bd%d1%8b%d0%b9-%d1%81%d1%82%d1%83%d0%bb-%d0%b8%d0%b7-%d1%86%d0%b5%d0%bb%d1%8c%d0%bd%d0%be%d0%b3%d0%be-%d0%b4%d0%b5%d1%80%d0%b5%d0%b2%d0%b0-thor\/","name":"\u041a\u043e\u0436\u0430\u043d\u044b\u0439 \u0441\u0442\u0443\u043b \u0438\u0437 \u0446\u0435\u043b\u044c\u043d\u043e\u0433\u043e \u0434\u0435\u0440\u0435\u0432\u0430 Thor","isPartOf":{"@id":"https:\/\/brilune.eu\/ru\/#website"},"primaryImageOfPage":{"@id":"https:\/\/brilune.eu\/ru\/product\/%d0%ba%d0%be%d0%b6%d0%b0%d0%bd%d1%8b%d0%b9-%d1%81%d1%82%d1%83%d0%bb-%d0%b8%d0%b7-%d1%86%d0%b5%d0%bb%d1%8c%d0%bd%d0%be%d0%b3%d0%be-%d0%b4%d0%b5%d1%80%d0%b5%d0%b2%d0%b0-thor\/#primaryimage"},"image":{"@id":"https:\/\/brilune.eu\/ru\/product\/%d0%ba%d0%be%d0%b6%d0%b0%d0%bd%d1%8b%d0%b9-%d1%81%d1%82%d1%83%d0%bb-%d0%b8%d0%b7-%d1%86%d0%b5%d0%bb%d1%8c%d0%bd%d0%be%d0%b3%d0%be-%d0%b4%d0%b5%d1%80%d0%b5%d0%b2%d0%b0-thor\/#primaryimage"},"thumbnailUrl":"https:\/\/brilune.eu\/wp-content\/uploads\/2025\/05\/ThorSolidWoodLeatherChair_shadow.jpg","datePublished":"2025-05-04T19:12:43+00:00","dateModified":"2025-05-04T19:26:06+00:00","description":"\u0423\u043b\u0443\u0447\u0448\u0438\u0442\u0435 \u0441\u0432\u043e\u044e \u0433\u043e\u0441\u0442\u0438\u043d\u0443\u044e \u0441 \u043f\u043e\u043c\u043e\u0449\u044c\u044e \u043a\u043e\u0436\u0430\u043d\u043e\u0433\u043e \u043a\u0440\u0435\u0441\u043b\u0430 Thor \u0438\u0437 \u043c\u0430\u0441\u0441\u0438\u0432\u0430 \u0434\u0435\u0440\u0435\u0432\u0430. \u042d\u0442\u043e \u0434\u0438\u0437\u0430\u0439\u043d\u0435\u0440\u0441\u043a\u043e\u0435 \u043a\u0440\u0435\u0441\u043b\u043e, \u0438\u0437\u0433\u043e\u0442\u043e\u0432\u043b\u0435\u043d\u043d\u043e\u0435 \u0438\u0437 \u0432\u044b\u0441\u043e\u043a\u043e\u043a\u0430\u0447\u0435\u0441\u0442\u0432\u0435\u043d\u043d\u043e\u0439 \u043c\u0430\u0441\u0441\u0438\u0432\u043d\u043e\u0439 \u0434\u0440\u0435\u0432\u0435\u0441\u0438\u043d\u044b \u0438 \u0440\u043e\u0441\u043a\u043e\u0448\u043d\u043e\u0439 \u043a\u043e\u0436\u0438, \u043f\u0440\u0438\u0432\u043d\u0435\u0441\u0435\u0442 \u044d\u043b\u0435\u0433\u0430\u043d\u0442\u043d\u043e\u0441\u0442\u044c \u0438 \u043a\u043e\u043c\u0444\u043e\u0440\u0442 \u0432 \u043b\u044e\u0431\u0443\u044e \u043e\u0431\u0441\u0442\u0430\u043d\u043e\u0432\u043a\u0443. \u0418\u0434\u0435\u0430\u043b\u044c\u043d\u043e \u043f\u043e\u0434\u0445\u043e\u0434\u0438\u0442 \u0434\u043b\u044f \u043e\u0442\u0434\u044b\u0445\u0430 \u043d\u0430 \u0431\u0430\u043b\u043a\u043e\u043d\u0435 \u0438\u043b\u0438 \u0432 \u043a\u0430\u0447\u0435\u0441\u0442\u0432\u0435 \u0430\u043a\u0446\u0435\u043d\u0442\u0430 \u0432 \u0438\u043d\u0442\u0435\u0440\u044c\u0435\u0440\u0435.","breadcrumb":{"@id":"https:\/\/brilune.eu\/ru\/product\/%d0%ba%d0%be%d0%b6%d0%b0%d0%bd%d1%8b%d0%b9-%d1%81%d1%82%d1%83%d0%bb-%d0%b8%d0%b7-%d1%86%d0%b5%d0%bb%d1%8c%d0%bd%d0%be%d0%b3%d0%be-%d0%b4%d0%b5%d1%80%d0%b5%d0%b2%d0%b0-thor\/#breadcrumb"},"inLanguage":"ru-RU","potentialAction":[{"@type":"ReadAction","target":["https:\/\/brilune.eu\/ru\/product\/%d0%ba%d0%be%d0%b6%d0%b0%d0%bd%d1%8b%d0%b9-%d1%81%d1%82%d1%83%d0%bb-%d0%b8%d0%b7-%d1%86%d0%b5%d0%bb%d1%8c%d0%bd%d0%be%d0%b3%d0%be-%d0%b4%d0%b5%d1%80%d0%b5%d0%b2%d0%b0-thor\/"]}]},{"@type":"ImageObject","inLanguage":"ru-RU","@id":"https:\/\/brilune.eu\/ru\/product\/%d0%ba%d0%be%d0%b6%d0%b0%d0%bd%d1%8b%d0%b9-%d1%81%d1%82%d1%83%d0%bb-%d0%b8%d0%b7-%d1%86%d0%b5%d0%bb%d1%8c%d0%bd%d0%be%d0%b3%d0%be-%d0%b4%d0%b5%d1%80%d0%b5%d0%b2%d0%b0-thor\/#primaryimage","url":"https:\/\/brilune.eu\/wp-content\/uploads\/2025\/05\/ThorSolidWoodLeatherChair_shadow.jpg","contentUrl":"https:\/\/brilune.eu\/wp-content\/uploads\/2025\/05\/ThorSolidWoodLeatherChair_shadow.jpg","width":1080,"height":1080},{"@type":"BreadcrumbList","@id":"https:\/\/brilune.eu\/ru\/product\/%d0%ba%d0%be%d0%b6%d0%b0%d0%bd%d1%8b%d0%b9-%d1%81%d1%82%d1%83%d0%bb-%d0%b8%d0%b7-%d1%86%d0%b5%d0%bb%d1%8c%d0%bd%d0%be%d0%b3%d0%be-%d0%b4%d0%b5%d1%80%d0%b5%d0%b2%d0%b0-thor\/#breadcrumb","itemListElement":[{"@type":"ListItem","position":1,"name":"\u041d\u0430\u0447\u0430\u043b\u043e","item":"https:\/\/brilune.eu\/ru\/%d0%b3%d0%bb%d0%b0%d0%b2%d0%bd%d0%b0%d1%8f\/"},{"@type":"ListItem","position":2,"name":"\u0412\u0441\u0435 \u0442\u043e\u0432\u0430\u0440\u044b","item":"https:\/\/brilune.eu\/ru\/%d0%bc%d0%b0%d0%b3%d0%b0%d0%b7%d0%b8%d0%bd\/"},{"@type":"ListItem","position":3,"name":"\u041a\u043e\u0436\u0430\u043d\u044b\u0439 \u0441\u0442\u0443\u043b \u0438\u0437 \u0446\u0435\u043b\u044c\u043d\u043e\u0433\u043e \u0434\u0435\u0440\u0435\u0432\u0430 Thor"}]},{"@type":"WebSite","@id":"https:\/\/brilune.eu\/ru\/#website","url":"https:\/\/brilune.eu\/ru\/","name":"Brilune","description":"M\u0113s pied\u0101v\u0101jam unik\u0101lus un nebiju\u0161us dizainus, kas apvieno eleganci, funkcionalit\u0101ti un rado\u0161umu.","potentialAction":[{"@type":"SearchAction","target":{"@type":"EntryPoint","urlTemplate":"https:\/\/brilune.eu\/ru\/?s={search_term_string}"},"query-input":{"@type":"PropertyValueSpecification","valueRequired":true,"valueName":"search_term_string"}}],"inLanguage":"ru-RU"}]}},"jetpack_sharing_enabled":true,"_links":{"self":[{"href":"https:\/\/brilune.eu\/ru\/wp-json\/wp\/v2\/product\/44406","targetHints":{"allow":["GET"]}}],"collection":[{"href":"https:\/\/brilune.eu\/ru\/wp-json\/wp\/v2\/product"}],"about":[{"href":"https:\/\/brilune.eu\/ru\/wp-json\/wp\/v2\/types\/product"}],"replies":[{"embeddable":true,"href":"https:\/\/brilune.eu\/ru\/wp-json\/wp\/v2\/comments?post=44406"}],"version-history":[{"count":1,"href":"https:\/\/brilune.eu\/ru\/wp-json\/wp\/v2\/product\/44406\/revisions"}],"predecessor-version":[{"id":44454,"href":"https:\/\/brilune.eu\/ru\/wp-json\/wp\/v2\/product\/44406\/revisions\/44454"}],"wp:featuredmedia":[{"embeddable":true,"href":"https:\/\/brilune.eu\/ru\/wp-json\/wp\/v2\/media\/44432"}],"wp:attachment":[{"href":"https:\/\/brilune.eu\/ru\/wp-json\/wp\/v2\/media?parent=44406"}],"wp:term":[{"taxonomy":"product_brand","embeddable":true,"href":"https:\/\/brilune.eu\/ru\/wp-json\/wp\/v2\/product_brand?post=44406"},{"taxonomy":"product_cat","embeddable":true,"href":"https:\/\/brilune.eu\/ru\/wp-json\/wp\/v2\/product_cat?post=44406"},{"taxonomy":"product_tag","embeddable":true,"href":"https:\/\/brilune.eu\/ru\/wp-json\/wp\/v2\/product_tag?post=44406"}],"curies":[{"name":"wp","href":"https:\/\/api.w.org\/{rel}","templated":true}]}}