{"id":39494,"date":"2025-02-19T13:39:30","date_gmt":"2025-02-19T11:39:30","guid":{"rendered":"https:\/\/brilune.eu\/?post_type=product&#038;p=39494"},"modified":"2025-02-19T14:10:07","modified_gmt":"2025-02-19T12:10:07","slug":"%d0%be%d0%b4%d0%bd%d0%be%d0%bc%d0%b5%d1%81%d1%82%d0%bd%d0%b0%d1%8f-%d0%b4%d0%b5%d1%82%d1%81%d0%ba%d0%b0%d1%8f-%d0%ba%d1%80%d0%be%d0%b2%d0%b0%d1%82%d1%8c","status":"publish","type":"product","link":"https:\/\/brilune.eu\/ru\/product\/%d0%be%d0%b4%d0%bd%d0%be%d0%bc%d0%b5%d1%81%d1%82%d0%bd%d0%b0%d1%8f-%d0%b4%d0%b5%d1%82%d1%81%d0%ba%d0%b0%d1%8f-%d0%ba%d1%80%d0%be%d0%b2%d0%b0%d1%82%d1%8c\/","title":{"rendered":"\u041e\u0434\u043d\u043e\u043c\u0435\u0441\u0442\u043d\u0430\u044f \u0434\u0435\u0442\u0441\u043a\u0430\u044f \u043a\u0440\u043e\u0432\u0430\u0442\u044c"},"content":{"rendered":"<p>\u042d\u0442\u0430 \u0441\u043e\u0432\u0440\u0435\u043c\u0435\u043d\u043d\u0430\u044f \u043e\u0434\u043d\u043e\u0441\u043f\u0430\u043b\u044c\u043d\u0430\u044f \u043a\u0440\u043e\u0432\u0430\u0442\u044c \u0441\u0442\u0430\u043d\u0435\u0442 \u0438\u0437\u044b\u0441\u043a\u0430\u043d\u043d\u044b\u043c \u044d\u043b\u0435\u043c\u0435\u043d\u0442\u043e\u043c \u0432\u0430\u0448\u0435\u0433\u043e \u0438\u043d\u0442\u0435\u0440\u044c\u0435\u0440\u0430. \u0418\u0437\u0433\u043e\u0442\u043e\u0432\u043b\u0435\u043d\u043d\u044b\u0439 \u0438\u0437 \u043a\u0430\u0447\u0435\u0441\u0442\u0432\u0435\u043d\u043d\u043e\u0433\u043e \u0434\u0435\u0440\u0435\u0432\u0430 \u0438 \u043e\u0431\u0442\u044f\u043d\u0443\u0442\u044b\u0439 \u0438\u0441\u043a\u0443\u0441\u0441\u0442\u0432\u0435\u043d\u043d\u043e\u0439 \u043a\u043e\u0436\u0435\u0439, \u043e\u043d \u0441\u043e\u0447\u0435\u0442\u0430\u0435\u0442 \u0432 \u0441\u0435\u0431\u0435 \u0434\u043e\u043b\u0433\u043e\u0432\u0435\u0447\u043d\u043e\u0441\u0442\u044c \u0438 \u0441\u0442\u0438\u043b\u044c. \u041b\u0430\u043a\u043e\u043d\u0438\u0447\u043d\u044b\u0439 \u0434\u0438\u0437\u0430\u0439\u043d \u0438 \u043d\u0435\u0436\u043d\u044b\u0439 \u0446\u0432\u0435\u0442 \u0441\u043e\u0437\u0434\u0430\u044e\u0442 \u0443\u044e\u0442\u043d\u0443\u044e \u0430\u0442\u043c\u043e\u0441\u0444\u0435\u0440\u0443. \u0425\u043e\u0442\u044f \u0432 \u043a\u043e\u043c\u043f\u043b\u0435\u043a\u0442 \u043d\u0435 \u0432\u0445\u043e\u0434\u044f\u0442 \u043f\u0440\u0438\u043a\u0440\u043e\u0432\u0430\u0442\u043d\u0430\u044f \u0442\u0443\u043c\u0431\u043e\u0447\u043a\u0430 \u0438 \u043c\u0430\u0442\u0440\u0430\u0441, \u0438\u0437\u0433\u043e\u043b\u043e\u0432\u044c\u0435 \u043a\u0440\u043e\u0432\u0430\u0442\u0438 \u043e\u0431\u0435\u0441\u043f\u0435\u0447\u0438\u0432\u0430\u0435\u0442 \u0434\u043e\u043f\u043e\u043b\u043d\u0438\u0442\u0435\u043b\u044c\u043d\u044b\u0439 \u043a\u043e\u043c\u0444\u043e\u0440\u0442, \u043f\u043e\u0437\u0432\u043e\u043b\u044f\u044f \u0443\u0434\u043e\u0431\u043d\u043e \u0440\u0430\u0441\u043f\u043e\u043b\u043e\u0436\u0438\u0442\u044c\u0441\u044f \u0441 \u043a\u043d\u0438\u0433\u043e\u0439 \u0438\u043b\u0438 \u0433\u0430\u0434\u0436\u0435\u0442\u043e\u043c. \u042d\u0442\u0430 \u043c\u043e\u0434\u0435\u043b\u044c \u0441\u0442\u0430\u043d\u0435\u0442 \u0438\u0434\u0435\u0430\u043b\u044c\u043d\u044b\u043c \u043c\u0435\u0441\u0442\u043e\u043c \u0434\u043b\u044f \u043e\u0442\u0434\u044b\u0445\u0430 \u0438 \u0441\u043d\u0430, \u0433\u0430\u0440\u0430\u043d\u0442\u0438\u0440\u0443\u044f \u0432\u0430\u043c \u0441\u043f\u043e\u043a\u043e\u0439\u043d\u044b\u0435 \u043d\u043e\u0447\u0438.<br \/>\n\u0420\u0430\u0437\u043c\u0435\u0440: 120x212x148 \u0441\u043c. \u041c\u0430\u0442\u0435\u0440\u0438\u0430\u043b: \u0434\u0435\u0440\u0435\u0432\u043e.<\/p>\n","protected":false},"excerpt":{"rendered":"<p>\u042d\u0442\u0430 \u0441\u043e\u0432\u0440\u0435\u043c\u0435\u043d\u043d\u0430\u044f \u043e\u0434\u043d\u043e\u0441\u043f\u0430\u043b\u044c\u043d\u0430\u044f \u043a\u0440\u043e\u0432\u0430\u0442\u044c \u0441\u0442\u0430\u043d\u0435\u0442 \u0438\u0437\u044b\u0441\u043a\u0430\u043d\u043d\u044b\u043c \u044d\u043b\u0435\u043c\u0435\u043d\u0442\u043e\u043c \u0432\u0430\u0448\u0435\u0433\u043e \u0438\u043d\u0442\u0435\u0440\u044c\u0435\u0440\u0430. \u0418\u0437\u0433\u043e\u0442\u043e\u0432\u043b\u0435\u043d\u043d\u044b\u0439 \u0438\u0437 \u043a\u0430\u0447\u0435\u0441\u0442\u0432\u0435\u043d\u043d\u043e\u0433\u043e \u0434\u0435\u0440\u0435\u0432\u0430 \u0438 \u043e\u0431\u0442\u044f\u043d\u0443\u0442\u044b\u0439 \u0438\u0441\u043a\u0443\u0441\u0441\u0442\u0432\u0435\u043d\u043d\u043e\u0439 \u043a\u043e\u0436\u0435\u0439, \u043e\u043d \u0441\u043e\u0447\u0435\u0442\u0430\u0435\u0442 \u0432 \u0441\u0435\u0431\u0435 \u0434\u043e\u043b\u0433\u043e\u0432\u0435\u0447\u043d\u043e\u0441\u0442\u044c \u0438 \u0441\u0442\u0438\u043b\u044c&#8230;<\/p>\n","protected":false},"featured_media":11940,"comment_status":"open","ping_status":"closed","template":"","meta":[],"product_brand":[],"product_cat":[2989,5656],"product_tag":[],"class_list":{"0":"post-39494","1":"product","2":"type-product","3":"status-publish","4":"has-post-thumbnail","6":"product_cat----3","7":"product_cat----10","9":"first","10":"instock","11":"shipping-taxable","12":"purchasable","13":"product-type-simple"},"yoast_head":"<!-- This site is optimized with the Yoast SEO plugin v26.0 - https:\/\/yoast.com\/wordpress\/plugins\/seo\/ -->\n<title>\u041e\u0434\u043d\u043e\u043c\u0435\u0441\u0442\u043d\u0430\u044f \u0434\u0435\u0442\u0441\u043a\u0430\u044f \u043a\u0440\u043e\u0432\u0430\u0442\u044c<\/title>\n<meta name=\"description\" content=\"\u042d\u0442\u0430 \u0441\u043e\u0432\u0440\u0435\u043c\u0435\u043d\u043d\u0430\u044f \u043e\u0434\u043d\u043e\u0441\u043f\u0430\u043b\u044c\u043d\u0430\u044f \u043a\u0440\u043e\u0432\u0430\u0442\u044c \u0441\u0442\u0430\u043d\u0435\u0442 \u0438\u0437\u044b\u0441\u043a\u0430\u043d\u043d\u044b\u043c \u044d\u043b\u0435\u043c\u0435\u043d\u0442\u043e\u043c \u0432\u0430\u0448\u0435\u0433\u043e \u0438\u043d\u0442\u0435\u0440\u044c\u0435\u0440\u0430. \u0418\u0437\u0433\u043e\u0442\u043e\u0432\u043b\u0435\u043d\u043d\u044b\u0439 \u0438\u0437 \u043a\u0430\u0447\u0435\u0441\u0442\u0432\u0435\u043d\u043d\u043e\u0433\u043e \u0434\u0435\u0440\u0435\u0432\u0430 \u0438 \u043e\u0431\u0442\u044f\u043d\u0443\u0442\u044b\u0439 \u0438\u0441\u043a\u0443\u0441\u0441\u0442\u0432\u0435\u043d\u043d\u043e\u0439 \u043a\u043e\u0436\u0435\u0439, \u043e\u043d \u0441\u043e\u0447\u0435\u0442\u0430\u0435\u0442 \u0432 \u0441\u0435\u0431\u0435 \u0434\u043e\u043b\u0433\u043e\u0432\u0435\u0447\u043d\u043e\u0441\u0442\u044c \u0438 \u0441\u0442\u0438\u043b\u044c...\" \/>\n<meta name=\"robots\" content=\"index, follow, max-snippet:-1, max-image-preview:large, max-video-preview:-1\" \/>\n<link rel=\"canonical\" href=\"https:\/\/brilune.eu\/ru\/product\/%d0%be%d0%b4%d0%bd%d0%be%d0%bc%d0%b5%d1%81%d1%82%d0%bd%d0%b0%d1%8f-%d0%b4%d0%b5%d1%82%d1%81%d0%ba%d0%b0%d1%8f-%d0%ba%d1%80%d0%be%d0%b2%d0%b0%d1%82%d1%8c\/\" \/>\n<meta property=\"og:locale\" content=\"ru_RU\" \/>\n<meta property=\"og:type\" content=\"article\" \/>\n<meta property=\"og:title\" content=\"\u041e\u0434\u043d\u043e\u043c\u0435\u0441\u0442\u043d\u0430\u044f \u0434\u0435\u0442\u0441\u043a\u0430\u044f \u043a\u0440\u043e\u0432\u0430\u0442\u044c\" \/>\n<meta property=\"og:description\" content=\"\u042d\u0442\u0430 \u0441\u043e\u0432\u0440\u0435\u043c\u0435\u043d\u043d\u0430\u044f \u043e\u0434\u043d\u043e\u0441\u043f\u0430\u043b\u044c\u043d\u0430\u044f \u043a\u0440\u043e\u0432\u0430\u0442\u044c \u0441\u0442\u0430\u043d\u0435\u0442 \u0438\u0437\u044b\u0441\u043a\u0430\u043d\u043d\u044b\u043c \u044d\u043b\u0435\u043c\u0435\u043d\u0442\u043e\u043c \u0432\u0430\u0448\u0435\u0433\u043e \u0438\u043d\u0442\u0435\u0440\u044c\u0435\u0440\u0430. \u0418\u0437\u0433\u043e\u0442\u043e\u0432\u043b\u0435\u043d\u043d\u044b\u0439 \u0438\u0437 \u043a\u0430\u0447\u0435\u0441\u0442\u0432\u0435\u043d\u043d\u043e\u0433\u043e \u0434\u0435\u0440\u0435\u0432\u0430 \u0438 \u043e\u0431\u0442\u044f\u043d\u0443\u0442\u044b\u0439 \u0438\u0441\u043a\u0443\u0441\u0441\u0442\u0432\u0435\u043d\u043d\u043e\u0439 \u043a\u043e\u0436\u0435\u0439, \u043e\u043d \u0441\u043e\u0447\u0435\u0442\u0430\u0435\u0442 \u0432 \u0441\u0435\u0431\u0435 \u0434\u043e\u043b\u0433\u043e\u0432\u0435\u0447\u043d\u043e\u0441\u0442\u044c \u0438 \u0441\u0442\u0438\u043b\u044c...\" \/>\n<meta property=\"og:url\" content=\"https:\/\/brilune.eu\/ru\/product\/%d0%be%d0%b4%d0%bd%d0%be%d0%bc%d0%b5%d1%81%d1%82%d0%bd%d0%b0%d1%8f-%d0%b4%d0%b5%d1%82%d1%81%d0%ba%d0%b0%d1%8f-%d0%ba%d1%80%d0%be%d0%b2%d0%b0%d1%82%d1%8c\/\" \/>\n<meta property=\"og:site_name\" content=\"Brilune\" \/>\n<meta property=\"article:modified_time\" content=\"2025-02-19T12:10:07+00:00\" \/>\n<meta property=\"og:image\" content=\"https:\/\/brilune.eu\/wp-content\/uploads\/2025\/01\/14670226.png\" \/>\n\t<meta property=\"og:image:width\" content=\"851\" \/>\n\t<meta property=\"og:image:height\" content=\"851\" \/>\n\t<meta property=\"og:image:type\" content=\"image\/png\" \/>\n<meta name=\"twitter:card\" content=\"summary_large_image\" \/>\n<script type=\"application\/ld+json\" class=\"yoast-schema-graph\">{\"@context\":\"https:\/\/schema.org\",\"@graph\":[{\"@type\":\"WebPage\",\"@id\":\"https:\/\/brilune.eu\/ru\/product\/%d0%be%d0%b4%d0%bd%d0%be%d0%bc%d0%b5%d1%81%d1%82%d0%bd%d0%b0%d1%8f-%d0%b4%d0%b5%d1%82%d1%81%d0%ba%d0%b0%d1%8f-%d0%ba%d1%80%d0%be%d0%b2%d0%b0%d1%82%d1%8c\/\",\"url\":\"https:\/\/brilune.eu\/ru\/product\/%d0%be%d0%b4%d0%bd%d0%be%d0%bc%d0%b5%d1%81%d1%82%d0%bd%d0%b0%d1%8f-%d0%b4%d0%b5%d1%82%d1%81%d0%ba%d0%b0%d1%8f-%d0%ba%d1%80%d0%be%d0%b2%d0%b0%d1%82%d1%8c\/\",\"name\":\"\u041e\u0434\u043d\u043e\u043c\u0435\u0441\u0442\u043d\u0430\u044f \u0434\u0435\u0442\u0441\u043a\u0430\u044f \u043a\u0440\u043e\u0432\u0430\u0442\u044c\",\"isPartOf\":{\"@id\":\"https:\/\/brilune.eu\/ru\/#website\"},\"primaryImageOfPage\":{\"@id\":\"https:\/\/brilune.eu\/ru\/product\/%d0%be%d0%b4%d0%bd%d0%be%d0%bc%d0%b5%d1%81%d1%82%d0%bd%d0%b0%d1%8f-%d0%b4%d0%b5%d1%82%d1%81%d0%ba%d0%b0%d1%8f-%d0%ba%d1%80%d0%be%d0%b2%d0%b0%d1%82%d1%8c\/#primaryimage\"},\"image\":{\"@id\":\"https:\/\/brilune.eu\/ru\/product\/%d0%be%d0%b4%d0%bd%d0%be%d0%bc%d0%b5%d1%81%d1%82%d0%bd%d0%b0%d1%8f-%d0%b4%d0%b5%d1%82%d1%81%d0%ba%d0%b0%d1%8f-%d0%ba%d1%80%d0%be%d0%b2%d0%b0%d1%82%d1%8c\/#primaryimage\"},\"thumbnailUrl\":\"https:\/\/brilune.eu\/wp-content\/uploads\/2025\/01\/14670226.png\",\"datePublished\":\"2025-02-19T11:39:30+00:00\",\"dateModified\":\"2025-02-19T12:10:07+00:00\",\"description\":\"\u042d\u0442\u0430 \u0441\u043e\u0432\u0440\u0435\u043c\u0435\u043d\u043d\u0430\u044f \u043e\u0434\u043d\u043e\u0441\u043f\u0430\u043b\u044c\u043d\u0430\u044f \u043a\u0440\u043e\u0432\u0430\u0442\u044c \u0441\u0442\u0430\u043d\u0435\u0442 \u0438\u0437\u044b\u0441\u043a\u0430\u043d\u043d\u044b\u043c \u044d\u043b\u0435\u043c\u0435\u043d\u0442\u043e\u043c \u0432\u0430\u0448\u0435\u0433\u043e \u0438\u043d\u0442\u0435\u0440\u044c\u0435\u0440\u0430. \u0418\u0437\u0433\u043e\u0442\u043e\u0432\u043b\u0435\u043d\u043d\u044b\u0439 \u0438\u0437 \u043a\u0430\u0447\u0435\u0441\u0442\u0432\u0435\u043d\u043d\u043e\u0433\u043e \u0434\u0435\u0440\u0435\u0432\u0430 \u0438 \u043e\u0431\u0442\u044f\u043d\u0443\u0442\u044b\u0439 \u0438\u0441\u043a\u0443\u0441\u0441\u0442\u0432\u0435\u043d\u043d\u043e\u0439 \u043a\u043e\u0436\u0435\u0439, \u043e\u043d \u0441\u043e\u0447\u0435\u0442\u0430\u0435\u0442 \u0432 \u0441\u0435\u0431\u0435 \u0434\u043e\u043b\u0433\u043e\u0432\u0435\u0447\u043d\u043e\u0441\u0442\u044c \u0438 \u0441\u0442\u0438\u043b\u044c...\",\"breadcrumb\":{\"@id\":\"https:\/\/brilune.eu\/ru\/product\/%d0%be%d0%b4%d0%bd%d0%be%d0%bc%d0%b5%d1%81%d1%82%d0%bd%d0%b0%d1%8f-%d0%b4%d0%b5%d1%82%d1%81%d0%ba%d0%b0%d1%8f-%d0%ba%d1%80%d0%be%d0%b2%d0%b0%d1%82%d1%8c\/#breadcrumb\"},\"inLanguage\":\"ru-RU\",\"potentialAction\":[{\"@type\":\"ReadAction\",\"target\":[\"https:\/\/brilune.eu\/ru\/product\/%d0%be%d0%b4%d0%bd%d0%be%d0%bc%d0%b5%d1%81%d1%82%d0%bd%d0%b0%d1%8f-%d0%b4%d0%b5%d1%82%d1%81%d0%ba%d0%b0%d1%8f-%d0%ba%d1%80%d0%be%d0%b2%d0%b0%d1%82%d1%8c\/\"]}]},{\"@type\":\"ImageObject\",\"inLanguage\":\"ru-RU\",\"@id\":\"https:\/\/brilune.eu\/ru\/product\/%d0%be%d0%b4%d0%bd%d0%be%d0%bc%d0%b5%d1%81%d1%82%d0%bd%d0%b0%d1%8f-%d0%b4%d0%b5%d1%82%d1%81%d0%ba%d0%b0%d1%8f-%d0%ba%d1%80%d0%be%d0%b2%d0%b0%d1%82%d1%8c\/#primaryimage\",\"url\":\"https:\/\/brilune.eu\/wp-content\/uploads\/2025\/01\/14670226.png\",\"contentUrl\":\"https:\/\/brilune.eu\/wp-content\/uploads\/2025\/01\/14670226.png\",\"width\":851,\"height\":851},{\"@type\":\"BreadcrumbList\",\"@id\":\"https:\/\/brilune.eu\/ru\/product\/%d0%be%d0%b4%d0%bd%d0%be%d0%bc%d0%b5%d1%81%d1%82%d0%bd%d0%b0%d1%8f-%d0%b4%d0%b5%d1%82%d1%81%d0%ba%d0%b0%d1%8f-%d0%ba%d1%80%d0%be%d0%b2%d0%b0%d1%82%d1%8c\/#breadcrumb\",\"itemListElement\":[{\"@type\":\"ListItem\",\"position\":1,\"name\":\"\u041d\u0430\u0447\u0430\u043b\u043e\",\"item\":\"https:\/\/brilune.eu\/ru\/%d0%b3%d0%bb%d0%b0%d0%b2%d0%bd%d0%b0%d1%8f\/\"},{\"@type\":\"ListItem\",\"position\":2,\"name\":\"\u0412\u0441\u0435 \u0442\u043e\u0432\u0430\u0440\u044b\",\"item\":\"https:\/\/brilune.eu\/ru\/%d0%bc%d0%b0%d0%b3%d0%b0%d0%b7%d0%b8%d0%bd\/\"},{\"@type\":\"ListItem\",\"position\":3,\"name\":\"\u041e\u0434\u043d\u043e\u043c\u0435\u0441\u0442\u043d\u0430\u044f \u0434\u0435\u0442\u0441\u043a\u0430\u044f \u043a\u0440\u043e\u0432\u0430\u0442\u044c\"}]},{\"@type\":\"WebSite\",\"@id\":\"https:\/\/brilune.eu\/ru\/#website\",\"url\":\"https:\/\/brilune.eu\/ru\/\",\"name\":\"Brilune\",\"description\":\"M\u0113s pied\u0101v\u0101jam unik\u0101lus un nebiju\u0161us dizainus, kas apvieno eleganci, funkcionalit\u0101ti un rado\u0161umu.\",\"potentialAction\":[{\"@type\":\"SearchAction\",\"target\":{\"@type\":\"EntryPoint\",\"urlTemplate\":\"https:\/\/brilune.eu\/ru\/?s={search_term_string}\"},\"query-input\":{\"@type\":\"PropertyValueSpecification\",\"valueRequired\":true,\"valueName\":\"search_term_string\"}}],\"inLanguage\":\"ru-RU\"}]}<\/script>\n<!-- \/ Yoast SEO plugin. -->","yoast_head_json":{"title":"\u041e\u0434\u043d\u043e\u043c\u0435\u0441\u0442\u043d\u0430\u044f \u0434\u0435\u0442\u0441\u043a\u0430\u044f \u043a\u0440\u043e\u0432\u0430\u0442\u044c","description":"\u042d\u0442\u0430 \u0441\u043e\u0432\u0440\u0435\u043c\u0435\u043d\u043d\u0430\u044f \u043e\u0434\u043d\u043e\u0441\u043f\u0430\u043b\u044c\u043d\u0430\u044f \u043a\u0440\u043e\u0432\u0430\u0442\u044c \u0441\u0442\u0430\u043d\u0435\u0442 \u0438\u0437\u044b\u0441\u043a\u0430\u043d\u043d\u044b\u043c \u044d\u043b\u0435\u043c\u0435\u043d\u0442\u043e\u043c \u0432\u0430\u0448\u0435\u0433\u043e \u0438\u043d\u0442\u0435\u0440\u044c\u0435\u0440\u0430. \u0418\u0437\u0433\u043e\u0442\u043e\u0432\u043b\u0435\u043d\u043d\u044b\u0439 \u0438\u0437 \u043a\u0430\u0447\u0435\u0441\u0442\u0432\u0435\u043d\u043d\u043e\u0433\u043e \u0434\u0435\u0440\u0435\u0432\u0430 \u0438 \u043e\u0431\u0442\u044f\u043d\u0443\u0442\u044b\u0439 \u0438\u0441\u043a\u0443\u0441\u0441\u0442\u0432\u0435\u043d\u043d\u043e\u0439 \u043a\u043e\u0436\u0435\u0439, \u043e\u043d \u0441\u043e\u0447\u0435\u0442\u0430\u0435\u0442 \u0432 \u0441\u0435\u0431\u0435 \u0434\u043e\u043b\u0433\u043e\u0432\u0435\u0447\u043d\u043e\u0441\u0442\u044c \u0438 \u0441\u0442\u0438\u043b\u044c...","robots":{"index":"index","follow":"follow","max-snippet":"max-snippet:-1","max-image-preview":"max-image-preview:large","max-video-preview":"max-video-preview:-1"},"canonical":"https:\/\/brilune.eu\/ru\/product\/%d0%be%d0%b4%d0%bd%d0%be%d0%bc%d0%b5%d1%81%d1%82%d0%bd%d0%b0%d1%8f-%d0%b4%d0%b5%d1%82%d1%81%d0%ba%d0%b0%d1%8f-%d0%ba%d1%80%d0%be%d0%b2%d0%b0%d1%82%d1%8c\/","og_locale":"ru_RU","og_type":"article","og_title":"\u041e\u0434\u043d\u043e\u043c\u0435\u0441\u0442\u043d\u0430\u044f \u0434\u0435\u0442\u0441\u043a\u0430\u044f \u043a\u0440\u043e\u0432\u0430\u0442\u044c","og_description":"\u042d\u0442\u0430 \u0441\u043e\u0432\u0440\u0435\u043c\u0435\u043d\u043d\u0430\u044f \u043e\u0434\u043d\u043e\u0441\u043f\u0430\u043b\u044c\u043d\u0430\u044f \u043a\u0440\u043e\u0432\u0430\u0442\u044c \u0441\u0442\u0430\u043d\u0435\u0442 \u0438\u0437\u044b\u0441\u043a\u0430\u043d\u043d\u044b\u043c \u044d\u043b\u0435\u043c\u0435\u043d\u0442\u043e\u043c \u0432\u0430\u0448\u0435\u0433\u043e \u0438\u043d\u0442\u0435\u0440\u044c\u0435\u0440\u0430. \u0418\u0437\u0433\u043e\u0442\u043e\u0432\u043b\u0435\u043d\u043d\u044b\u0439 \u0438\u0437 \u043a\u0430\u0447\u0435\u0441\u0442\u0432\u0435\u043d\u043d\u043e\u0433\u043e \u0434\u0435\u0440\u0435\u0432\u0430 \u0438 \u043e\u0431\u0442\u044f\u043d\u0443\u0442\u044b\u0439 \u0438\u0441\u043a\u0443\u0441\u0441\u0442\u0432\u0435\u043d\u043d\u043e\u0439 \u043a\u043e\u0436\u0435\u0439, \u043e\u043d \u0441\u043e\u0447\u0435\u0442\u0430\u0435\u0442 \u0432 \u0441\u0435\u0431\u0435 \u0434\u043e\u043b\u0433\u043e\u0432\u0435\u0447\u043d\u043e\u0441\u0442\u044c \u0438 \u0441\u0442\u0438\u043b\u044c...","og_url":"https:\/\/brilune.eu\/ru\/product\/%d0%be%d0%b4%d0%bd%d0%be%d0%bc%d0%b5%d1%81%d1%82%d0%bd%d0%b0%d1%8f-%d0%b4%d0%b5%d1%82%d1%81%d0%ba%d0%b0%d1%8f-%d0%ba%d1%80%d0%be%d0%b2%d0%b0%d1%82%d1%8c\/","og_site_name":"Brilune","article_modified_time":"2025-02-19T12:10:07+00:00","og_image":[{"width":851,"height":851,"url":"https:\/\/brilune.eu\/wp-content\/uploads\/2025\/01\/14670226.png","type":"image\/png"}],"twitter_card":"summary_large_image","schema":{"@context":"https:\/\/schema.org","@graph":[{"@type":"WebPage","@id":"https:\/\/brilune.eu\/ru\/product\/%d0%be%d0%b4%d0%bd%d0%be%d0%bc%d0%b5%d1%81%d1%82%d0%bd%d0%b0%d1%8f-%d0%b4%d0%b5%d1%82%d1%81%d0%ba%d0%b0%d1%8f-%d0%ba%d1%80%d0%be%d0%b2%d0%b0%d1%82%d1%8c\/","url":"https:\/\/brilune.eu\/ru\/product\/%d0%be%d0%b4%d0%bd%d0%be%d0%bc%d0%b5%d1%81%d1%82%d0%bd%d0%b0%d1%8f-%d0%b4%d0%b5%d1%82%d1%81%d0%ba%d0%b0%d1%8f-%d0%ba%d1%80%d0%be%d0%b2%d0%b0%d1%82%d1%8c\/","name":"\u041e\u0434\u043d\u043e\u043c\u0435\u0441\u0442\u043d\u0430\u044f \u0434\u0435\u0442\u0441\u043a\u0430\u044f \u043a\u0440\u043e\u0432\u0430\u0442\u044c","isPartOf":{"@id":"https:\/\/brilune.eu\/ru\/#website"},"primaryImageOfPage":{"@id":"https:\/\/brilune.eu\/ru\/product\/%d0%be%d0%b4%d0%bd%d0%be%d0%bc%d0%b5%d1%81%d1%82%d0%bd%d0%b0%d1%8f-%d0%b4%d0%b5%d1%82%d1%81%d0%ba%d0%b0%d1%8f-%d0%ba%d1%80%d0%be%d0%b2%d0%b0%d1%82%d1%8c\/#primaryimage"},"image":{"@id":"https:\/\/brilune.eu\/ru\/product\/%d0%be%d0%b4%d0%bd%d0%be%d0%bc%d0%b5%d1%81%d1%82%d0%bd%d0%b0%d1%8f-%d0%b4%d0%b5%d1%82%d1%81%d0%ba%d0%b0%d1%8f-%d0%ba%d1%80%d0%be%d0%b2%d0%b0%d1%82%d1%8c\/#primaryimage"},"thumbnailUrl":"https:\/\/brilune.eu\/wp-content\/uploads\/2025\/01\/14670226.png","datePublished":"2025-02-19T11:39:30+00:00","dateModified":"2025-02-19T12:10:07+00:00","description":"\u042d\u0442\u0430 \u0441\u043e\u0432\u0440\u0435\u043c\u0435\u043d\u043d\u0430\u044f \u043e\u0434\u043d\u043e\u0441\u043f\u0430\u043b\u044c\u043d\u0430\u044f \u043a\u0440\u043e\u0432\u0430\u0442\u044c \u0441\u0442\u0430\u043d\u0435\u0442 \u0438\u0437\u044b\u0441\u043a\u0430\u043d\u043d\u044b\u043c \u044d\u043b\u0435\u043c\u0435\u043d\u0442\u043e\u043c \u0432\u0430\u0448\u0435\u0433\u043e \u0438\u043d\u0442\u0435\u0440\u044c\u0435\u0440\u0430. \u0418\u0437\u0433\u043e\u0442\u043e\u0432\u043b\u0435\u043d\u043d\u044b\u0439 \u0438\u0437 \u043a\u0430\u0447\u0435\u0441\u0442\u0432\u0435\u043d\u043d\u043e\u0433\u043e \u0434\u0435\u0440\u0435\u0432\u0430 \u0438 \u043e\u0431\u0442\u044f\u043d\u0443\u0442\u044b\u0439 \u0438\u0441\u043a\u0443\u0441\u0441\u0442\u0432\u0435\u043d\u043d\u043e\u0439 \u043a\u043e\u0436\u0435\u0439, \u043e\u043d \u0441\u043e\u0447\u0435\u0442\u0430\u0435\u0442 \u0432 \u0441\u0435\u0431\u0435 \u0434\u043e\u043b\u0433\u043e\u0432\u0435\u0447\u043d\u043e\u0441\u0442\u044c \u0438 \u0441\u0442\u0438\u043b\u044c...","breadcrumb":{"@id":"https:\/\/brilune.eu\/ru\/product\/%d0%be%d0%b4%d0%bd%d0%be%d0%bc%d0%b5%d1%81%d1%82%d0%bd%d0%b0%d1%8f-%d0%b4%d0%b5%d1%82%d1%81%d0%ba%d0%b0%d1%8f-%d0%ba%d1%80%d0%be%d0%b2%d0%b0%d1%82%d1%8c\/#breadcrumb"},"inLanguage":"ru-RU","potentialAction":[{"@type":"ReadAction","target":["https:\/\/brilune.eu\/ru\/product\/%d0%be%d0%b4%d0%bd%d0%be%d0%bc%d0%b5%d1%81%d1%82%d0%bd%d0%b0%d1%8f-%d0%b4%d0%b5%d1%82%d1%81%d0%ba%d0%b0%d1%8f-%d0%ba%d1%80%d0%be%d0%b2%d0%b0%d1%82%d1%8c\/"]}]},{"@type":"ImageObject","inLanguage":"ru-RU","@id":"https:\/\/brilune.eu\/ru\/product\/%d0%be%d0%b4%d0%bd%d0%be%d0%bc%d0%b5%d1%81%d1%82%d0%bd%d0%b0%d1%8f-%d0%b4%d0%b5%d1%82%d1%81%d0%ba%d0%b0%d1%8f-%d0%ba%d1%80%d0%be%d0%b2%d0%b0%d1%82%d1%8c\/#primaryimage","url":"https:\/\/brilune.eu\/wp-content\/uploads\/2025\/01\/14670226.png","contentUrl":"https:\/\/brilune.eu\/wp-content\/uploads\/2025\/01\/14670226.png","width":851,"height":851},{"@type":"BreadcrumbList","@id":"https:\/\/brilune.eu\/ru\/product\/%d0%be%d0%b4%d0%bd%d0%be%d0%bc%d0%b5%d1%81%d1%82%d0%bd%d0%b0%d1%8f-%d0%b4%d0%b5%d1%82%d1%81%d0%ba%d0%b0%d1%8f-%d0%ba%d1%80%d0%be%d0%b2%d0%b0%d1%82%d1%8c\/#breadcrumb","itemListElement":[{"@type":"ListItem","position":1,"name":"\u041d\u0430\u0447\u0430\u043b\u043e","item":"https:\/\/brilune.eu\/ru\/%d0%b3%d0%bb%d0%b0%d0%b2%d0%bd%d0%b0%d1%8f\/"},{"@type":"ListItem","position":2,"name":"\u0412\u0441\u0435 \u0442\u043e\u0432\u0430\u0440\u044b","item":"https:\/\/brilune.eu\/ru\/%d0%bc%d0%b0%d0%b3%d0%b0%d0%b7%d0%b8%d0%bd\/"},{"@type":"ListItem","position":3,"name":"\u041e\u0434\u043d\u043e\u043c\u0435\u0441\u0442\u043d\u0430\u044f \u0434\u0435\u0442\u0441\u043a\u0430\u044f \u043a\u0440\u043e\u0432\u0430\u0442\u044c"}]},{"@type":"WebSite","@id":"https:\/\/brilune.eu\/ru\/#website","url":"https:\/\/brilune.eu\/ru\/","name":"Brilune","description":"M\u0113s pied\u0101v\u0101jam unik\u0101lus un nebiju\u0161us dizainus, kas apvieno eleganci, funkcionalit\u0101ti un rado\u0161umu.","potentialAction":[{"@type":"SearchAction","target":{"@type":"EntryPoint","urlTemplate":"https:\/\/brilune.eu\/ru\/?s={search_term_string}"},"query-input":{"@type":"PropertyValueSpecification","valueRequired":true,"valueName":"search_term_string"}}],"inLanguage":"ru-RU"}]}},"jetpack_sharing_enabled":true,"_links":{"self":[{"href":"https:\/\/brilune.eu\/ru\/wp-json\/wp\/v2\/product\/39494","targetHints":{"allow":["GET"]}}],"collection":[{"href":"https:\/\/brilune.eu\/ru\/wp-json\/wp\/v2\/product"}],"about":[{"href":"https:\/\/brilune.eu\/ru\/wp-json\/wp\/v2\/types\/product"}],"replies":[{"embeddable":true,"href":"https:\/\/brilune.eu\/ru\/wp-json\/wp\/v2\/comments?post=39494"}],"version-history":[{"count":1,"href":"https:\/\/brilune.eu\/ru\/wp-json\/wp\/v2\/product\/39494\/revisions"}],"predecessor-version":[{"id":39535,"href":"https:\/\/brilune.eu\/ru\/wp-json\/wp\/v2\/product\/39494\/revisions\/39535"}],"wp:featuredmedia":[{"embeddable":true,"href":"https:\/\/brilune.eu\/ru\/wp-json\/wp\/v2\/media\/11940"}],"wp:attachment":[{"href":"https:\/\/brilune.eu\/ru\/wp-json\/wp\/v2\/media?parent=39494"}],"wp:term":[{"taxonomy":"product_brand","embeddable":true,"href":"https:\/\/brilune.eu\/ru\/wp-json\/wp\/v2\/product_brand?post=39494"},{"taxonomy":"product_cat","embeddable":true,"href":"https:\/\/brilune.eu\/ru\/wp-json\/wp\/v2\/product_cat?post=39494"},{"taxonomy":"product_tag","embeddable":true,"href":"https:\/\/brilune.eu\/ru\/wp-json\/wp\/v2\/product_tag?post=39494"}],"curies":[{"name":"wp","href":"https:\/\/api.w.org\/{rel}","templated":true}]}}