{"id":38424,"date":"2025-02-19T12:56:54","date_gmt":"2025-02-19T10:56:54","guid":{"rendered":"https:\/\/brilune.eu\/?post_type=product&#038;p=38424"},"modified":"2025-02-19T13:28:25","modified_gmt":"2025-02-19T11:28:25","slug":"%d1%81%d0%be%d0%b2%d1%80%d0%b5%d0%bc%d0%b5%d0%bd%d0%bd%d0%be%d0%b5-%d0%ba%d1%80%d0%b5%d1%81%d0%bb%d0%be-%d0%ba%d0%b0%d1%87%d0%b0%d0%bb%d0%ba%d0%b0-2","status":"publish","type":"product","link":"https:\/\/brilune.eu\/ru\/product\/%d1%81%d0%be%d0%b2%d1%80%d0%b5%d0%bc%d0%b5%d0%bd%d0%bd%d0%be%d0%b5-%d0%ba%d1%80%d0%b5%d1%81%d0%bb%d0%be-%d0%ba%d0%b0%d1%87%d0%b0%d0%bb%d0%ba%d0%b0-2\/","title":{"rendered":"\u0421\u043e\u0432\u0440\u0435\u043c\u0435\u043d\u043d\u043e\u0435 \u043a\u0440\u0435\u0441\u043b\u043e-\u043a\u0430\u0447\u0430\u043b\u043a\u0430"},"content":{"rendered":"<p>\u042d\u0442\u043e \u043a\u0440\u0435\u0441\u043b\u043e-\u043a\u0430\u0447\u0430\u043b\u043a\u0430 \u0432 \u0441\u043e\u0432\u0440\u0435\u043c\u0435\u043d\u043d\u043e\u043c \u0441\u0442\u0438\u043b\u0435, \u0432\u044b\u043f\u043e\u043b\u043d\u0435\u043d\u043d\u043e\u0435 \u0438\u0437 \u043c\u044f\u0433\u043a\u043e\u0433\u043e \u0432\u0435\u043b\u044e\u0440\u0430, \u0441\u0442\u0430\u043d\u0435\u0442 \u0441\u0442\u0438\u043b\u044c\u043d\u044b\u043c \u0430\u043a\u0446\u0435\u043d\u0442\u043e\u043c \u0432\u0430\u0448\u0435\u0433\u043e \u0438\u043d\u0442\u0435\u0440\u044c\u0435\u0440\u0430. \u0411\u043b\u0430\u0433\u043e\u0434\u0430\u0440\u044f \u0438\u0437\u044b\u0441\u043a\u0430\u043d\u043d\u043e\u043c\u0443 \u0434\u0438\u0437\u0430\u0439\u043d\u0443 \u0438 \u043a\u0440\u0430\u0441\u0438\u0432\u043e\u0439 \u043e\u0431\u0438\u0432\u043a\u0435 \u043e\u043d \u043e\u0431\u0435\u0441\u043f\u0435\u0447\u0438\u0432\u0430\u0435\u0442 \u0438\u0434\u0435\u0430\u043b\u044c\u043d\u044b\u0439 \u0431\u0430\u043b\u0430\u043d\u0441 \u043c\u0435\u0436\u0434\u0443 \u043a\u043e\u043c\u0444\u043e\u0440\u0442\u043e\u043c \u0438 \u044d\u043b\u0435\u0433\u0430\u043d\u0442\u043d\u043e\u0441\u0442\u044c\u044e. \u0423\u0434\u043e\u0431\u043d\u044b\u0435 \u043f\u043e\u0434\u043b\u043e\u043a\u043e\u0442\u043d\u0438\u043a\u0438 \u0438 \u0432\u044b\u0441\u043e\u043a\u0430\u044f \u0441\u043f\u0438\u043d\u043a\u0430 \u0441 \u00ab\u043a\u0440\u044b\u043b\u044c\u044f\u043c\u0438\u00bb \u043f\u0440\u0438\u0434\u0430\u044e\u0442 \u0435\u0439 \u0440\u043e\u0441\u043a\u043e\u0448\u043d\u044b\u0439 \u0432\u0438\u0434, \u0430 \u043f\u0440\u043e\u0447\u043d\u044b\u0435 \u043c\u0435\u0442\u0430\u043b\u043b\u0438\u0447\u0435\u0441\u043a\u0438\u0435 \u043d\u043e\u0436\u043a\u0438 \u043e\u0431\u0435\u0441\u043f\u0435\u0447\u0438\u0432\u0430\u044e\u0442 \u043d\u0430\u0434\u0435\u0436\u043d\u043e\u0441\u0442\u044c. \u042d\u0442\u043e\u0442 \u0441\u0442\u0443\u043b \u0434\u043e\u0441\u0442\u0443\u043f\u0435\u043d \u0432 \u0440\u0430\u0437\u043b\u0438\u0447\u043d\u044b\u0445 \u0446\u0432\u0435\u0442\u0430\u0445, \u0432\u043a\u043b\u044e\u0447\u0430\u044f \u0436\u0435\u043b\u0442\u044b\u0439, \u0441\u0438\u043d\u0438\u0439, \u0437\u0435\u043b\u0435\u043d\u044b\u0439 \u0438 \u0441\u0435\u0440\u044b\u0439, \u0447\u0442\u043e \u043f\u043e\u0437\u0432\u043e\u043b\u044f\u0435\u0442 \u043b\u0435\u0433\u043a\u043e \u0432\u043f\u0438\u0441\u0430\u0442\u044c\u0441\u044f \u0432 \u043b\u044e\u0431\u043e\u0435 \u043f\u0440\u043e\u0441\u0442\u0440\u0430\u043d\u0441\u0442\u0432\u043e. \u0420\u0430\u0437\u043c\u0435\u0440\u044b: 55\u00d775\u00d782 \u0441\u043c. \u041c\u0430\u0442\u0435\u0440\u0438\u0430\u043b\u044b: \u0432\u0435\u043b\u044e\u0440, \u043c\u0435\u0442\u0430\u043b\u043b.<\/p>\n","protected":false},"excerpt":{"rendered":"<p>\u042d\u0442\u043e \u043a\u0440\u0435\u0441\u043b\u043e-\u043a\u0430\u0447\u0430\u043b\u043a\u0430 \u0432 \u0441\u043e\u0432\u0440\u0435\u043c\u0435\u043d\u043d\u043e\u043c \u0441\u0442\u0438\u043b\u0435, \u0432\u044b\u043f\u043e\u043b\u043d\u0435\u043d\u043d\u043e\u0435 \u0438\u0437 \u043c\u044f\u0433\u043a\u043e\u0433\u043e \u0432\u0435\u043b\u044e\u0440\u0430, \u0441\u0442\u0430\u043d\u0435\u0442 \u0441\u0442\u0438\u043b\u044c\u043d\u044b\u043c \u0430\u043a\u0446\u0435\u043d\u0442\u043e\u043c \u0432\u0430\u0448\u0435\u0433\u043e \u0438\u043d\u0442\u0435\u0440\u044c\u0435\u0440\u0430. \u0411\u043b\u0430\u0433\u043e\u0434\u0430\u0440\u044f \u0438\u0437\u044b\u0441\u043a\u0430\u043d\u043d\u043e\u043c\u0443 \u0434\u0438\u0437\u0430\u0439\u043d\u0443 \u0438 \u043a\u0440\u0430\u0441\u0438\u0432\u043e\u0439 \u043e\u0431\u0438\u0432\u043a\u0435, \u044f&#8230;<\/p>\n","protected":false},"featured_media":9781,"comment_status":"open","ping_status":"closed","template":"","meta":[],"product_brand":[],"product_cat":[2192,5623],"product_tag":[],"class_list":{"0":"post-38424","1":"product","2":"type-product","3":"status-publish","4":"has-post-thumbnail","6":"product_cat-2192","7":"product_cat----4","9":"first","10":"instock","11":"shipping-taxable","12":"purchasable","13":"product-type-simple"},"yoast_head":"<!-- This site is optimized with the Yoast SEO plugin v26.0 - https:\/\/yoast.com\/wordpress\/plugins\/seo\/ -->\n<title>\u0421\u043e\u0432\u0440\u0435\u043c\u0435\u043d\u043d\u043e\u0435 \u043a\u0440\u0435\u0441\u043b\u043e-\u043a\u0430\u0447\u0430\u043b\u043a\u0430<\/title>\n<meta name=\"description\" content=\"\u042d\u0442\u043e \u043a\u0440\u0435\u0441\u043b\u043e-\u043a\u0430\u0447\u0430\u043b\u043a\u0430 \u0432 \u0441\u043e\u0432\u0440\u0435\u043c\u0435\u043d\u043d\u043e\u043c \u0441\u0442\u0438\u043b\u0435, \u0432\u044b\u043f\u043e\u043b\u043d\u0435\u043d\u043d\u043e\u0435 \u0438\u0437 \u043c\u044f\u0433\u043a\u043e\u0433\u043e \u0432\u0435\u043b\u044e\u0440\u0430, \u0441\u0442\u0430\u043d\u0435\u0442 \u0441\u0442\u0438\u043b\u044c\u043d\u044b\u043c \u0430\u043a\u0446\u0435\u043d\u0442\u043e\u043c \u0432\u0430\u0448\u0435\u0433\u043e \u0438\u043d\u0442\u0435\u0440\u044c\u0435\u0440\u0430. \u0411\u043b\u0430\u0433\u043e\u0434\u0430\u0440\u044f \u0438\u0437\u044b\u0441\u043a\u0430\u043d\u043d\u043e\u043c\u0443 \u0434\u0438\u0437\u0430\u0439\u043d\u0443 \u0438 \u043a\u0440\u0430\u0441\u0438\u0432\u043e\u0439 \u043e\u0431\u0438\u0432\u043a\u0435, \u044f...\" \/>\n<meta name=\"robots\" content=\"index, follow, max-snippet:-1, max-image-preview:large, max-video-preview:-1\" \/>\n<link rel=\"canonical\" href=\"https:\/\/brilune.eu\/ru\/product\/%d1%81%d0%be%d0%b2%d1%80%d0%b5%d0%bc%d0%b5%d0%bd%d0%bd%d0%be%d0%b5-%d0%ba%d1%80%d0%b5%d1%81%d0%bb%d0%be-%d0%ba%d0%b0%d1%87%d0%b0%d0%bb%d0%ba%d0%b0-2\/\" \/>\n<meta property=\"og:locale\" content=\"ru_RU\" \/>\n<meta property=\"og:type\" content=\"article\" \/>\n<meta property=\"og:title\" content=\"\u0421\u043e\u0432\u0440\u0435\u043c\u0435\u043d\u043d\u043e\u0435 \u043a\u0440\u0435\u0441\u043b\u043e-\u043a\u0430\u0447\u0430\u043b\u043a\u0430\" \/>\n<meta property=\"og:description\" content=\"\u042d\u0442\u043e \u043a\u0440\u0435\u0441\u043b\u043e-\u043a\u0430\u0447\u0430\u043b\u043a\u0430 \u0432 \u0441\u043e\u0432\u0440\u0435\u043c\u0435\u043d\u043d\u043e\u043c \u0441\u0442\u0438\u043b\u0435, \u0432\u044b\u043f\u043e\u043b\u043d\u0435\u043d\u043d\u043e\u0435 \u0438\u0437 \u043c\u044f\u0433\u043a\u043e\u0433\u043e \u0432\u0435\u043b\u044e\u0440\u0430, \u0441\u0442\u0430\u043d\u0435\u0442 \u0441\u0442\u0438\u043b\u044c\u043d\u044b\u043c \u0430\u043a\u0446\u0435\u043d\u0442\u043e\u043c \u0432\u0430\u0448\u0435\u0433\u043e \u0438\u043d\u0442\u0435\u0440\u044c\u0435\u0440\u0430. \u0411\u043b\u0430\u0433\u043e\u0434\u0430\u0440\u044f \u0438\u0437\u044b\u0441\u043a\u0430\u043d\u043d\u043e\u043c\u0443 \u0434\u0438\u0437\u0430\u0439\u043d\u0443 \u0438 \u043a\u0440\u0430\u0441\u0438\u0432\u043e\u0439 \u043e\u0431\u0438\u0432\u043a\u0435, \u044f...\" \/>\n<meta property=\"og:url\" content=\"https:\/\/brilune.eu\/ru\/product\/%d1%81%d0%be%d0%b2%d1%80%d0%b5%d0%bc%d0%b5%d0%bd%d0%bd%d0%be%d0%b5-%d0%ba%d1%80%d0%b5%d1%81%d0%bb%d0%be-%d0%ba%d0%b0%d1%87%d0%b0%d0%bb%d0%ba%d0%b0-2\/\" \/>\n<meta property=\"og:site_name\" content=\"Brilune\" \/>\n<meta property=\"article:modified_time\" content=\"2025-02-19T11:28:25+00:00\" \/>\n<meta property=\"og:image\" content=\"https:\/\/brilune.eu\/wp-content\/uploads\/2025\/01\/5873808.jpg\" \/>\n\t<meta property=\"og:image:width\" content=\"1500\" \/>\n\t<meta property=\"og:image:height\" content=\"1500\" \/>\n\t<meta property=\"og:image:type\" content=\"image\/jpeg\" \/>\n<meta name=\"twitter:card\" content=\"summary_large_image\" \/>\n<script type=\"application\/ld+json\" class=\"yoast-schema-graph\">{\"@context\":\"https:\/\/schema.org\",\"@graph\":[{\"@type\":\"WebPage\",\"@id\":\"https:\/\/brilune.eu\/ru\/product\/%d1%81%d0%be%d0%b2%d1%80%d0%b5%d0%bc%d0%b5%d0%bd%d0%bd%d0%be%d0%b5-%d0%ba%d1%80%d0%b5%d1%81%d0%bb%d0%be-%d0%ba%d0%b0%d1%87%d0%b0%d0%bb%d0%ba%d0%b0-2\/\",\"url\":\"https:\/\/brilune.eu\/ru\/product\/%d1%81%d0%be%d0%b2%d1%80%d0%b5%d0%bc%d0%b5%d0%bd%d0%bd%d0%be%d0%b5-%d0%ba%d1%80%d0%b5%d1%81%d0%bb%d0%be-%d0%ba%d0%b0%d1%87%d0%b0%d0%bb%d0%ba%d0%b0-2\/\",\"name\":\"\u0421\u043e\u0432\u0440\u0435\u043c\u0435\u043d\u043d\u043e\u0435 \u043a\u0440\u0435\u0441\u043b\u043e-\u043a\u0430\u0447\u0430\u043b\u043a\u0430\",\"isPartOf\":{\"@id\":\"https:\/\/brilune.eu\/ru\/#website\"},\"primaryImageOfPage\":{\"@id\":\"https:\/\/brilune.eu\/ru\/product\/%d1%81%d0%be%d0%b2%d1%80%d0%b5%d0%bc%d0%b5%d0%bd%d0%bd%d0%be%d0%b5-%d0%ba%d1%80%d0%b5%d1%81%d0%bb%d0%be-%d0%ba%d0%b0%d1%87%d0%b0%d0%bb%d0%ba%d0%b0-2\/#primaryimage\"},\"image\":{\"@id\":\"https:\/\/brilune.eu\/ru\/product\/%d1%81%d0%be%d0%b2%d1%80%d0%b5%d0%bc%d0%b5%d0%bd%d0%bd%d0%be%d0%b5-%d0%ba%d1%80%d0%b5%d1%81%d0%bb%d0%be-%d0%ba%d0%b0%d1%87%d0%b0%d0%bb%d0%ba%d0%b0-2\/#primaryimage\"},\"thumbnailUrl\":\"https:\/\/brilune.eu\/wp-content\/uploads\/2025\/01\/5873808.jpg\",\"datePublished\":\"2025-02-19T10:56:54+00:00\",\"dateModified\":\"2025-02-19T11:28:25+00:00\",\"description\":\"\u042d\u0442\u043e \u043a\u0440\u0435\u0441\u043b\u043e-\u043a\u0430\u0447\u0430\u043b\u043a\u0430 \u0432 \u0441\u043e\u0432\u0440\u0435\u043c\u0435\u043d\u043d\u043e\u043c \u0441\u0442\u0438\u043b\u0435, \u0432\u044b\u043f\u043e\u043b\u043d\u0435\u043d\u043d\u043e\u0435 \u0438\u0437 \u043c\u044f\u0433\u043a\u043e\u0433\u043e \u0432\u0435\u043b\u044e\u0440\u0430, \u0441\u0442\u0430\u043d\u0435\u0442 \u0441\u0442\u0438\u043b\u044c\u043d\u044b\u043c \u0430\u043a\u0446\u0435\u043d\u0442\u043e\u043c \u0432\u0430\u0448\u0435\u0433\u043e \u0438\u043d\u0442\u0435\u0440\u044c\u0435\u0440\u0430. \u0411\u043b\u0430\u0433\u043e\u0434\u0430\u0440\u044f \u0438\u0437\u044b\u0441\u043a\u0430\u043d\u043d\u043e\u043c\u0443 \u0434\u0438\u0437\u0430\u0439\u043d\u0443 \u0438 \u043a\u0440\u0430\u0441\u0438\u0432\u043e\u0439 \u043e\u0431\u0438\u0432\u043a\u0435, \u044f...\",\"breadcrumb\":{\"@id\":\"https:\/\/brilune.eu\/ru\/product\/%d1%81%d0%be%d0%b2%d1%80%d0%b5%d0%bc%d0%b5%d0%bd%d0%bd%d0%be%d0%b5-%d0%ba%d1%80%d0%b5%d1%81%d0%bb%d0%be-%d0%ba%d0%b0%d1%87%d0%b0%d0%bb%d0%ba%d0%b0-2\/#breadcrumb\"},\"inLanguage\":\"ru-RU\",\"potentialAction\":[{\"@type\":\"ReadAction\",\"target\":[\"https:\/\/brilune.eu\/ru\/product\/%d1%81%d0%be%d0%b2%d1%80%d0%b5%d0%bc%d0%b5%d0%bd%d0%bd%d0%be%d0%b5-%d0%ba%d1%80%d0%b5%d1%81%d0%bb%d0%be-%d0%ba%d0%b0%d1%87%d0%b0%d0%bb%d0%ba%d0%b0-2\/\"]}]},{\"@type\":\"ImageObject\",\"inLanguage\":\"ru-RU\",\"@id\":\"https:\/\/brilune.eu\/ru\/product\/%d1%81%d0%be%d0%b2%d1%80%d0%b5%d0%bc%d0%b5%d0%bd%d0%bd%d0%be%d0%b5-%d0%ba%d1%80%d0%b5%d1%81%d0%bb%d0%be-%d0%ba%d0%b0%d1%87%d0%b0%d0%bb%d0%ba%d0%b0-2\/#primaryimage\",\"url\":\"https:\/\/brilune.eu\/wp-content\/uploads\/2025\/01\/5873808.jpg\",\"contentUrl\":\"https:\/\/brilune.eu\/wp-content\/uploads\/2025\/01\/5873808.jpg\",\"width\":1500,\"height\":1500},{\"@type\":\"BreadcrumbList\",\"@id\":\"https:\/\/brilune.eu\/ru\/product\/%d1%81%d0%be%d0%b2%d1%80%d0%b5%d0%bc%d0%b5%d0%bd%d0%bd%d0%be%d0%b5-%d0%ba%d1%80%d0%b5%d1%81%d0%bb%d0%be-%d0%ba%d0%b0%d1%87%d0%b0%d0%bb%d0%ba%d0%b0-2\/#breadcrumb\",\"itemListElement\":[{\"@type\":\"ListItem\",\"position\":1,\"name\":\"\u041d\u0430\u0447\u0430\u043b\u043e\",\"item\":\"https:\/\/brilune.eu\/ru\/%d0%b3%d0%bb%d0%b0%d0%b2%d0%bd%d0%b0%d1%8f\/\"},{\"@type\":\"ListItem\",\"position\":2,\"name\":\"\u0412\u0441\u0435 \u0442\u043e\u0432\u0430\u0440\u044b\",\"item\":\"https:\/\/brilune.eu\/ru\/%d0%bc%d0%b0%d0%b3%d0%b0%d0%b7%d0%b8%d0%bd\/\"},{\"@type\":\"ListItem\",\"position\":3,\"name\":\"\u0421\u043e\u0432\u0440\u0435\u043c\u0435\u043d\u043d\u043e\u0435 \u043a\u0440\u0435\u0441\u043b\u043e-\u043a\u0430\u0447\u0430\u043b\u043a\u0430\"}]},{\"@type\":\"WebSite\",\"@id\":\"https:\/\/brilune.eu\/ru\/#website\",\"url\":\"https:\/\/brilune.eu\/ru\/\",\"name\":\"Brilune\",\"description\":\"M\u0113s pied\u0101v\u0101jam unik\u0101lus un nebiju\u0161us dizainus, kas apvieno eleganci, funkcionalit\u0101ti un rado\u0161umu.\",\"potentialAction\":[{\"@type\":\"SearchAction\",\"target\":{\"@type\":\"EntryPoint\",\"urlTemplate\":\"https:\/\/brilune.eu\/ru\/?s={search_term_string}\"},\"query-input\":{\"@type\":\"PropertyValueSpecification\",\"valueRequired\":true,\"valueName\":\"search_term_string\"}}],\"inLanguage\":\"ru-RU\"}]}<\/script>\n<!-- \/ Yoast SEO plugin. -->","yoast_head_json":{"title":"\u0421\u043e\u0432\u0440\u0435\u043c\u0435\u043d\u043d\u043e\u0435 \u043a\u0440\u0435\u0441\u043b\u043e-\u043a\u0430\u0447\u0430\u043b\u043a\u0430","description":"\u042d\u0442\u043e \u043a\u0440\u0435\u0441\u043b\u043e-\u043a\u0430\u0447\u0430\u043b\u043a\u0430 \u0432 \u0441\u043e\u0432\u0440\u0435\u043c\u0435\u043d\u043d\u043e\u043c \u0441\u0442\u0438\u043b\u0435, \u0432\u044b\u043f\u043e\u043b\u043d\u0435\u043d\u043d\u043e\u0435 \u0438\u0437 \u043c\u044f\u0433\u043a\u043e\u0433\u043e \u0432\u0435\u043b\u044e\u0440\u0430, \u0441\u0442\u0430\u043d\u0435\u0442 \u0441\u0442\u0438\u043b\u044c\u043d\u044b\u043c \u0430\u043a\u0446\u0435\u043d\u0442\u043e\u043c \u0432\u0430\u0448\u0435\u0433\u043e \u0438\u043d\u0442\u0435\u0440\u044c\u0435\u0440\u0430. \u0411\u043b\u0430\u0433\u043e\u0434\u0430\u0440\u044f \u0438\u0437\u044b\u0441\u043a\u0430\u043d\u043d\u043e\u043c\u0443 \u0434\u0438\u0437\u0430\u0439\u043d\u0443 \u0438 \u043a\u0440\u0430\u0441\u0438\u0432\u043e\u0439 \u043e\u0431\u0438\u0432\u043a\u0435, \u044f...","robots":{"index":"index","follow":"follow","max-snippet":"max-snippet:-1","max-image-preview":"max-image-preview:large","max-video-preview":"max-video-preview:-1"},"canonical":"https:\/\/brilune.eu\/ru\/product\/%d1%81%d0%be%d0%b2%d1%80%d0%b5%d0%bc%d0%b5%d0%bd%d0%bd%d0%be%d0%b5-%d0%ba%d1%80%d0%b5%d1%81%d0%bb%d0%be-%d0%ba%d0%b0%d1%87%d0%b0%d0%bb%d0%ba%d0%b0-2\/","og_locale":"ru_RU","og_type":"article","og_title":"\u0421\u043e\u0432\u0440\u0435\u043c\u0435\u043d\u043d\u043e\u0435 \u043a\u0440\u0435\u0441\u043b\u043e-\u043a\u0430\u0447\u0430\u043b\u043a\u0430","og_description":"\u042d\u0442\u043e \u043a\u0440\u0435\u0441\u043b\u043e-\u043a\u0430\u0447\u0430\u043b\u043a\u0430 \u0432 \u0441\u043e\u0432\u0440\u0435\u043c\u0435\u043d\u043d\u043e\u043c \u0441\u0442\u0438\u043b\u0435, \u0432\u044b\u043f\u043e\u043b\u043d\u0435\u043d\u043d\u043e\u0435 \u0438\u0437 \u043c\u044f\u0433\u043a\u043e\u0433\u043e \u0432\u0435\u043b\u044e\u0440\u0430, \u0441\u0442\u0430\u043d\u0435\u0442 \u0441\u0442\u0438\u043b\u044c\u043d\u044b\u043c \u0430\u043a\u0446\u0435\u043d\u0442\u043e\u043c \u0432\u0430\u0448\u0435\u0433\u043e \u0438\u043d\u0442\u0435\u0440\u044c\u0435\u0440\u0430. \u0411\u043b\u0430\u0433\u043e\u0434\u0430\u0440\u044f \u0438\u0437\u044b\u0441\u043a\u0430\u043d\u043d\u043e\u043c\u0443 \u0434\u0438\u0437\u0430\u0439\u043d\u0443 \u0438 \u043a\u0440\u0430\u0441\u0438\u0432\u043e\u0439 \u043e\u0431\u0438\u0432\u043a\u0435, \u044f...","og_url":"https:\/\/brilune.eu\/ru\/product\/%d1%81%d0%be%d0%b2%d1%80%d0%b5%d0%bc%d0%b5%d0%bd%d0%bd%d0%be%d0%b5-%d0%ba%d1%80%d0%b5%d1%81%d0%bb%d0%be-%d0%ba%d0%b0%d1%87%d0%b0%d0%bb%d0%ba%d0%b0-2\/","og_site_name":"Brilune","article_modified_time":"2025-02-19T11:28:25+00:00","og_image":[{"width":1500,"height":1500,"url":"https:\/\/brilune.eu\/wp-content\/uploads\/2025\/01\/5873808.jpg","type":"image\/jpeg"}],"twitter_card":"summary_large_image","schema":{"@context":"https:\/\/schema.org","@graph":[{"@type":"WebPage","@id":"https:\/\/brilune.eu\/ru\/product\/%d1%81%d0%be%d0%b2%d1%80%d0%b5%d0%bc%d0%b5%d0%bd%d0%bd%d0%be%d0%b5-%d0%ba%d1%80%d0%b5%d1%81%d0%bb%d0%be-%d0%ba%d0%b0%d1%87%d0%b0%d0%bb%d0%ba%d0%b0-2\/","url":"https:\/\/brilune.eu\/ru\/product\/%d1%81%d0%be%d0%b2%d1%80%d0%b5%d0%bc%d0%b5%d0%bd%d0%bd%d0%be%d0%b5-%d0%ba%d1%80%d0%b5%d1%81%d0%bb%d0%be-%d0%ba%d0%b0%d1%87%d0%b0%d0%bb%d0%ba%d0%b0-2\/","name":"\u0421\u043e\u0432\u0440\u0435\u043c\u0435\u043d\u043d\u043e\u0435 \u043a\u0440\u0435\u0441\u043b\u043e-\u043a\u0430\u0447\u0430\u043b\u043a\u0430","isPartOf":{"@id":"https:\/\/brilune.eu\/ru\/#website"},"primaryImageOfPage":{"@id":"https:\/\/brilune.eu\/ru\/product\/%d1%81%d0%be%d0%b2%d1%80%d0%b5%d0%bc%d0%b5%d0%bd%d0%bd%d0%be%d0%b5-%d0%ba%d1%80%d0%b5%d1%81%d0%bb%d0%be-%d0%ba%d0%b0%d1%87%d0%b0%d0%bb%d0%ba%d0%b0-2\/#primaryimage"},"image":{"@id":"https:\/\/brilune.eu\/ru\/product\/%d1%81%d0%be%d0%b2%d1%80%d0%b5%d0%bc%d0%b5%d0%bd%d0%bd%d0%be%d0%b5-%d0%ba%d1%80%d0%b5%d1%81%d0%bb%d0%be-%d0%ba%d0%b0%d1%87%d0%b0%d0%bb%d0%ba%d0%b0-2\/#primaryimage"},"thumbnailUrl":"https:\/\/brilune.eu\/wp-content\/uploads\/2025\/01\/5873808.jpg","datePublished":"2025-02-19T10:56:54+00:00","dateModified":"2025-02-19T11:28:25+00:00","description":"\u042d\u0442\u043e \u043a\u0440\u0435\u0441\u043b\u043e-\u043a\u0430\u0447\u0430\u043b\u043a\u0430 \u0432 \u0441\u043e\u0432\u0440\u0435\u043c\u0435\u043d\u043d\u043e\u043c \u0441\u0442\u0438\u043b\u0435, \u0432\u044b\u043f\u043e\u043b\u043d\u0435\u043d\u043d\u043e\u0435 \u0438\u0437 \u043c\u044f\u0433\u043a\u043e\u0433\u043e \u0432\u0435\u043b\u044e\u0440\u0430, \u0441\u0442\u0430\u043d\u0435\u0442 \u0441\u0442\u0438\u043b\u044c\u043d\u044b\u043c \u0430\u043a\u0446\u0435\u043d\u0442\u043e\u043c \u0432\u0430\u0448\u0435\u0433\u043e \u0438\u043d\u0442\u0435\u0440\u044c\u0435\u0440\u0430. \u0411\u043b\u0430\u0433\u043e\u0434\u0430\u0440\u044f \u0438\u0437\u044b\u0441\u043a\u0430\u043d\u043d\u043e\u043c\u0443 \u0434\u0438\u0437\u0430\u0439\u043d\u0443 \u0438 \u043a\u0440\u0430\u0441\u0438\u0432\u043e\u0439 \u043e\u0431\u0438\u0432\u043a\u0435, \u044f...","breadcrumb":{"@id":"https:\/\/brilune.eu\/ru\/product\/%d1%81%d0%be%d0%b2%d1%80%d0%b5%d0%bc%d0%b5%d0%bd%d0%bd%d0%be%d0%b5-%d0%ba%d1%80%d0%b5%d1%81%d0%bb%d0%be-%d0%ba%d0%b0%d1%87%d0%b0%d0%bb%d0%ba%d0%b0-2\/#breadcrumb"},"inLanguage":"ru-RU","potentialAction":[{"@type":"ReadAction","target":["https:\/\/brilune.eu\/ru\/product\/%d1%81%d0%be%d0%b2%d1%80%d0%b5%d0%bc%d0%b5%d0%bd%d0%bd%d0%be%d0%b5-%d0%ba%d1%80%d0%b5%d1%81%d0%bb%d0%be-%d0%ba%d0%b0%d1%87%d0%b0%d0%bb%d0%ba%d0%b0-2\/"]}]},{"@type":"ImageObject","inLanguage":"ru-RU","@id":"https:\/\/brilune.eu\/ru\/product\/%d1%81%d0%be%d0%b2%d1%80%d0%b5%d0%bc%d0%b5%d0%bd%d0%bd%d0%be%d0%b5-%d0%ba%d1%80%d0%b5%d1%81%d0%bb%d0%be-%d0%ba%d0%b0%d1%87%d0%b0%d0%bb%d0%ba%d0%b0-2\/#primaryimage","url":"https:\/\/brilune.eu\/wp-content\/uploads\/2025\/01\/5873808.jpg","contentUrl":"https:\/\/brilune.eu\/wp-content\/uploads\/2025\/01\/5873808.jpg","width":1500,"height":1500},{"@type":"BreadcrumbList","@id":"https:\/\/brilune.eu\/ru\/product\/%d1%81%d0%be%d0%b2%d1%80%d0%b5%d0%bc%d0%b5%d0%bd%d0%bd%d0%be%d0%b5-%d0%ba%d1%80%d0%b5%d1%81%d0%bb%d0%be-%d0%ba%d0%b0%d1%87%d0%b0%d0%bb%d0%ba%d0%b0-2\/#breadcrumb","itemListElement":[{"@type":"ListItem","position":1,"name":"\u041d\u0430\u0447\u0430\u043b\u043e","item":"https:\/\/brilune.eu\/ru\/%d0%b3%d0%bb%d0%b0%d0%b2%d0%bd%d0%b0%d1%8f\/"},{"@type":"ListItem","position":2,"name":"\u0412\u0441\u0435 \u0442\u043e\u0432\u0430\u0440\u044b","item":"https:\/\/brilune.eu\/ru\/%d0%bc%d0%b0%d0%b3%d0%b0%d0%b7%d0%b8%d0%bd\/"},{"@type":"ListItem","position":3,"name":"\u0421\u043e\u0432\u0440\u0435\u043c\u0435\u043d\u043d\u043e\u0435 \u043a\u0440\u0435\u0441\u043b\u043e-\u043a\u0430\u0447\u0430\u043b\u043a\u0430"}]},{"@type":"WebSite","@id":"https:\/\/brilune.eu\/ru\/#website","url":"https:\/\/brilune.eu\/ru\/","name":"Brilune","description":"M\u0113s pied\u0101v\u0101jam unik\u0101lus un nebiju\u0161us dizainus, kas apvieno eleganci, funkcionalit\u0101ti un rado\u0161umu.","potentialAction":[{"@type":"SearchAction","target":{"@type":"EntryPoint","urlTemplate":"https:\/\/brilune.eu\/ru\/?s={search_term_string}"},"query-input":{"@type":"PropertyValueSpecification","valueRequired":true,"valueName":"search_term_string"}}],"inLanguage":"ru-RU"}]}},"jetpack_sharing_enabled":true,"_links":{"self":[{"href":"https:\/\/brilune.eu\/ru\/wp-json\/wp\/v2\/product\/38424","targetHints":{"allow":["GET"]}}],"collection":[{"href":"https:\/\/brilune.eu\/ru\/wp-json\/wp\/v2\/product"}],"about":[{"href":"https:\/\/brilune.eu\/ru\/wp-json\/wp\/v2\/types\/product"}],"replies":[{"embeddable":true,"href":"https:\/\/brilune.eu\/ru\/wp-json\/wp\/v2\/comments?post=38424"}],"version-history":[{"count":1,"href":"https:\/\/brilune.eu\/ru\/wp-json\/wp\/v2\/product\/38424\/revisions"}],"predecessor-version":[{"id":38477,"href":"https:\/\/brilune.eu\/ru\/wp-json\/wp\/v2\/product\/38424\/revisions\/38477"}],"wp:featuredmedia":[{"embeddable":true,"href":"https:\/\/brilune.eu\/ru\/wp-json\/wp\/v2\/media\/9781"}],"wp:attachment":[{"href":"https:\/\/brilune.eu\/ru\/wp-json\/wp\/v2\/media?parent=38424"}],"wp:term":[{"taxonomy":"product_brand","embeddable":true,"href":"https:\/\/brilune.eu\/ru\/wp-json\/wp\/v2\/product_brand?post=38424"},{"taxonomy":"product_cat","embeddable":true,"href":"https:\/\/brilune.eu\/ru\/wp-json\/wp\/v2\/product_cat?post=38424"},{"taxonomy":"product_tag","embeddable":true,"href":"https:\/\/brilune.eu\/ru\/wp-json\/wp\/v2\/product_tag?post=38424"}],"curies":[{"name":"wp","href":"https:\/\/api.w.org\/{rel}","templated":true}]}}