{"id":37600,"date":"2025-02-19T12:23:56","date_gmt":"2025-02-19T10:23:56","guid":{"rendered":"https:\/\/brilune.eu\/?post_type=product&#038;p=37600"},"modified":"2025-02-19T12:41:32","modified_gmt":"2025-02-19T10:41:32","slug":"%d0%ba%d0%be%d1%84%d0%b5%d0%b9%d0%bd%d1%8b%d0%b9-%d1%81%d1%82%d0%be%d0%bb%d0%b8%d0%ba-2","status":"publish","type":"product","link":"https:\/\/brilune.eu\/ru\/product\/%d0%ba%d0%be%d1%84%d0%b5%d0%b9%d0%bd%d1%8b%d0%b9-%d1%81%d1%82%d0%be%d0%bb%d0%b8%d0%ba-2\/","title":{"rendered":"\u041a\u043e\u0444\u0435\u0439\u043d\u044b\u0439 \u0441\u0442\u043e\u043b\u0438\u043a"},"content":{"rendered":"<p>\u042d\u0442\u043e\u0442 \u0436\u0443\u0440\u043d\u0430\u043b\u044c\u043d\u044b\u0439 \u0441\u0442\u043e\u043b\u0438\u043a, \u043f\u043e\u043a\u0440\u044b\u0442\u044b\u0439 \u044d\u043a\u043e-\u043a\u043e\u0436\u0435\u0439, \u0438\u0434\u0435\u0430\u043b\u044c\u043d\u043e \u0434\u043e\u0431\u0430\u0432\u0438\u0442 \u0441\u0442\u0438\u043b\u044f \u0438 \u0444\u0443\u043d\u043a\u0446\u0438\u043e\u043d\u0430\u043b\u044c\u043d\u043e\u0441\u0442\u0438 \u0432\u0430\u0448\u0435\u043c\u0443 \u0436\u0438\u043b\u043e\u043c\u0443 \u043f\u0440\u043e\u0441\u0442\u0440\u0430\u043d\u0441\u0442\u0432\u0443. \u0415\u0433\u043e \u0441\u043e\u0432\u0440\u0435\u043c\u0435\u043d\u043d\u044b\u0439 \u0434\u0438\u0437\u0430\u0439\u043d \u0441 \u043c\u0438\u043d\u0438\u043c\u0430\u043b\u0438\u0441\u0442\u0438\u0447\u043d\u044b\u043c\u0438 \u043b\u0438\u043d\u0438\u044f\u043c\u0438 \u0438 \u0441\u0442\u0438\u043b\u044c\u043d\u043e\u0439 \u0442\u0435\u043a\u0441\u0442\u0438\u043b\u044c\u043d\u043e\u0439 \u043e\u0431\u0438\u0432\u043a\u043e\u0439 \u043f\u0440\u0438\u0434\u0430\u0441\u0442 \u044d\u043b\u0435\u0433\u0430\u043d\u0442\u043d\u043e\u0441\u0442\u044c \u043b\u044e\u0431\u043e\u043c\u0443 \u043f\u043e\u043c\u0435\u0449\u0435\u043d\u0438\u044e. \u0423\u0434\u043e\u0431\u043d\u0430\u044f \u0434\u0435\u0440\u0435\u0432\u044f\u043d\u043d\u0430\u044f \u043a\u0440\u044b\u0448\u043a\u0430 \u043e\u0442\u043a\u0440\u044b\u0432\u0430\u0435\u0442\u0441\u044f, \u043e\u0431\u0435\u0441\u043f\u0435\u0447\u0438\u0432\u0430\u044f \u0434\u043e\u0441\u0442\u0430\u0442\u043e\u0447\u043d\u043e \u043c\u0435\u0441\u0442\u0430 \u0434\u043b\u044f \u0445\u0440\u0430\u043d\u0435\u043d\u0438\u044f, \u043f\u043e\u0437\u0432\u043e\u043b\u044f\u044f \u043e\u0440\u0433\u0430\u043d\u0438\u0437\u043e\u0432\u0430\u0442\u044c \u0432\u0430\u0448\u0438 \u0432\u0435\u0449\u0438 \u0438 \u043f\u043e\u0434\u0434\u0435\u0440\u0436\u0438\u0432\u0430\u0442\u044c \u043f\u043e\u0440\u044f\u0434\u043e\u043a. \u042d\u0442\u043e\u0442 \u0441\u0442\u043e\u043b \u0441\u0442\u0430\u043d\u0435\u0442 \u043d\u0435 \u0442\u043e\u043b\u044c\u043a\u043e \u043f\u0440\u0430\u043a\u0442\u0438\u0447\u043d\u044b\u043c, \u043d\u043e \u0438 \u043f\u0440\u0438\u0432\u043b\u0435\u043a\u0430\u0442\u0435\u043b\u044c\u043d\u044b\u043c \u0430\u043a\u0446\u0435\u043d\u0442\u043e\u043c \u0432 \u0432\u0430\u0448\u0435\u043c \u0438\u043d\u0442\u0435\u0440\u044c\u0435\u0440\u0435.<br \/>\n\u0420\u0430\u0437\u043c\u0435\u0440: 86\u044586\u044536 \u0441\u043c.<br \/>\n\u041c\u0430\u0442\u0435\u0440\u0438\u0430\u043b: \u0434\u0435\u0440\u0435\u0432\u043e, \u044d\u043a\u043e\u043a\u043e\u0436\u0430.<\/p>\n","protected":false},"excerpt":{"rendered":"<p>\u042d\u0442\u043e\u0442 \u0436\u0443\u0440\u043d\u0430\u043b\u044c\u043d\u044b\u0439 \u0441\u0442\u043e\u043b\u0438\u043a, \u043f\u043e\u043a\u0440\u044b\u0442\u044b\u0439 \u044d\u043a\u043e-\u043a\u043e\u0436\u0435\u0439, \u0438\u0434\u0435\u0430\u043b\u044c\u043d\u043e \u0434\u043e\u0431\u0430\u0432\u0438\u0442 \u0441\u0442\u0438\u043b\u044f \u0438 \u0444\u0443\u043d\u043a\u0446\u0438\u043e\u043d\u0430\u043b\u044c\u043d\u043e\u0441\u0442\u0438 \u0432\u0430\u0448\u0435\u043c\u0443 \u0436\u0438\u043b\u043e\u043c\u0443 \u043f\u0440\u043e\u0441\u0442\u0440\u0430\u043d\u0441\u0442\u0432\u0443. \u0415\u0433\u043e \u0441\u043e\u0432\u0440\u0435\u043c\u0435\u043d\u043d\u044b\u0439 \u0434\u0438\u0437\u0430\u0439\u043d \u0441 \u043c\u0438\u043d\u0438\u043c\u0430\u043b\u0438\u0441\u0442\u0441\u043a\u0438\u043c\u0438 \u043b\u0438\u043d\u0438\u044f\u043c\u0438 \u0438 \u0441\u0442\u0438\u043b\u044c\u043d\u044b\u043c &#8230;<\/p>\n","protected":false},"featured_media":7807,"comment_status":"open","ping_status":"closed","template":"","meta":[],"product_brand":[],"product_cat":[5496,2001,5607,5407],"product_tag":[],"class_list":{"0":"post-37600","1":"product","2":"type-product","3":"status-publish","4":"has-post-thumbnail","6":"product_cat----3-2","7":"product_cat-2001","9":"product_cat-5407","11":"first","12":"instock","13":"shipping-taxable","14":"purchasable","15":"product-type-simple"},"yoast_head":"<!-- This site is optimized with the Yoast SEO plugin v26.0 - https:\/\/yoast.com\/wordpress\/plugins\/seo\/ -->\n<title>\u041a\u043e\u0444\u0435\u0439\u043d\u044b\u0439 \u0441\u0442\u043e\u043b\u0438\u043a<\/title>\n<meta name=\"description\" content=\"\u042d\u0442\u043e\u0442 \u0436\u0443\u0440\u043d\u0430\u043b\u044c\u043d\u044b\u0439 \u0441\u0442\u043e\u043b\u0438\u043a, \u043f\u043e\u043a\u0440\u044b\u0442\u044b\u0439 \u044d\u043a\u043e-\u043a\u043e\u0436\u0435\u0439, \u0438\u0434\u0435\u0430\u043b\u044c\u043d\u043e \u0434\u043e\u0431\u0430\u0432\u0438\u0442 \u0441\u0442\u0438\u043b\u044f \u0438 \u0444\u0443\u043d\u043a\u0446\u0438\u043e\u043d\u0430\u043b\u044c\u043d\u043e\u0441\u0442\u0438 \u0432\u0430\u0448\u0435\u043c\u0443 \u0436\u0438\u043b\u043e\u043c\u0443 \u043f\u0440\u043e\u0441\u0442\u0440\u0430\u043d\u0441\u0442\u0432\u0443. \u0415\u0433\u043e \u0441\u043e\u0432\u0440\u0435\u043c\u0435\u043d\u043d\u044b\u0439 \u0434\u0438\u0437\u0430\u0439\u043d \u0441 \u043c\u0438\u043d\u0438\u043c\u0430\u043b\u0438\u0441\u0442\u0441\u043a\u0438\u043c\u0438 \u043b\u0438\u043d\u0438\u044f\u043c\u0438 \u0438 \u0441\u0442\u0438\u043b\u044c\u043d\u044b\u043c ...\" \/>\n<meta name=\"robots\" content=\"index, follow, max-snippet:-1, max-image-preview:large, max-video-preview:-1\" \/>\n<link rel=\"canonical\" href=\"https:\/\/brilune.eu\/ru\/product\/%d0%ba%d0%be%d1%84%d0%b5%d0%b9%d0%bd%d1%8b%d0%b9-%d1%81%d1%82%d0%be%d0%bb%d0%b8%d0%ba-2\/\" \/>\n<meta property=\"og:locale\" content=\"ru_RU\" \/>\n<meta property=\"og:type\" content=\"article\" \/>\n<meta property=\"og:title\" content=\"\u041a\u043e\u0444\u0435\u0439\u043d\u044b\u0439 \u0441\u0442\u043e\u043b\u0438\u043a\" \/>\n<meta property=\"og:description\" content=\"\u042d\u0442\u043e\u0442 \u0436\u0443\u0440\u043d\u0430\u043b\u044c\u043d\u044b\u0439 \u0441\u0442\u043e\u043b\u0438\u043a, \u043f\u043e\u043a\u0440\u044b\u0442\u044b\u0439 \u044d\u043a\u043e-\u043a\u043e\u0436\u0435\u0439, \u0438\u0434\u0435\u0430\u043b\u044c\u043d\u043e \u0434\u043e\u0431\u0430\u0432\u0438\u0442 \u0441\u0442\u0438\u043b\u044f \u0438 \u0444\u0443\u043d\u043a\u0446\u0438\u043e\u043d\u0430\u043b\u044c\u043d\u043e\u0441\u0442\u0438 \u0432\u0430\u0448\u0435\u043c\u0443 \u0436\u0438\u043b\u043e\u043c\u0443 \u043f\u0440\u043e\u0441\u0442\u0440\u0430\u043d\u0441\u0442\u0432\u0443. \u0415\u0433\u043e \u0441\u043e\u0432\u0440\u0435\u043c\u0435\u043d\u043d\u044b\u0439 \u0434\u0438\u0437\u0430\u0439\u043d \u0441 \u043c\u0438\u043d\u0438\u043c\u0430\u043b\u0438\u0441\u0442\u0441\u043a\u0438\u043c\u0438 \u043b\u0438\u043d\u0438\u044f\u043c\u0438 \u0438 \u0441\u0442\u0438\u043b\u044c\u043d\u044b\u043c ...\" \/>\n<meta property=\"og:url\" content=\"https:\/\/brilune.eu\/ru\/product\/%d0%ba%d0%be%d1%84%d0%b5%d0%b9%d0%bd%d1%8b%d0%b9-%d1%81%d1%82%d0%be%d0%bb%d0%b8%d0%ba-2\/\" \/>\n<meta property=\"og:site_name\" content=\"Brilune\" \/>\n<meta property=\"article:modified_time\" content=\"2025-02-19T10:41:32+00:00\" \/>\n<meta property=\"og:image\" content=\"https:\/\/brilune.eu\/wp-content\/uploads\/2025\/01\/paolo-coffee-table-collection-751048_2048x2048.jpg\" \/>\n\t<meta property=\"og:image:width\" content=\"2048\" \/>\n\t<meta property=\"og:image:height\" content=\"2048\" \/>\n\t<meta property=\"og:image:type\" content=\"image\/jpeg\" \/>\n<meta name=\"twitter:card\" content=\"summary_large_image\" \/>\n<script type=\"application\/ld+json\" class=\"yoast-schema-graph\">{\"@context\":\"https:\/\/schema.org\",\"@graph\":[{\"@type\":\"WebPage\",\"@id\":\"https:\/\/brilune.eu\/ru\/product\/%d0%ba%d0%be%d1%84%d0%b5%d0%b9%d0%bd%d1%8b%d0%b9-%d1%81%d1%82%d0%be%d0%bb%d0%b8%d0%ba-2\/\",\"url\":\"https:\/\/brilune.eu\/ru\/product\/%d0%ba%d0%be%d1%84%d0%b5%d0%b9%d0%bd%d1%8b%d0%b9-%d1%81%d1%82%d0%be%d0%bb%d0%b8%d0%ba-2\/\",\"name\":\"\u041a\u043e\u0444\u0435\u0439\u043d\u044b\u0439 \u0441\u0442\u043e\u043b\u0438\u043a\",\"isPartOf\":{\"@id\":\"https:\/\/brilune.eu\/ru\/#website\"},\"primaryImageOfPage\":{\"@id\":\"https:\/\/brilune.eu\/ru\/product\/%d0%ba%d0%be%d1%84%d0%b5%d0%b9%d0%bd%d1%8b%d0%b9-%d1%81%d1%82%d0%be%d0%bb%d0%b8%d0%ba-2\/#primaryimage\"},\"image\":{\"@id\":\"https:\/\/brilune.eu\/ru\/product\/%d0%ba%d0%be%d1%84%d0%b5%d0%b9%d0%bd%d1%8b%d0%b9-%d1%81%d1%82%d0%be%d0%bb%d0%b8%d0%ba-2\/#primaryimage\"},\"thumbnailUrl\":\"https:\/\/brilune.eu\/wp-content\/uploads\/2025\/01\/paolo-coffee-table-collection-751048_2048x2048.jpg\",\"datePublished\":\"2025-02-19T10:23:56+00:00\",\"dateModified\":\"2025-02-19T10:41:32+00:00\",\"description\":\"\u042d\u0442\u043e\u0442 \u0436\u0443\u0440\u043d\u0430\u043b\u044c\u043d\u044b\u0439 \u0441\u0442\u043e\u043b\u0438\u043a, \u043f\u043e\u043a\u0440\u044b\u0442\u044b\u0439 \u044d\u043a\u043e-\u043a\u043e\u0436\u0435\u0439, \u0438\u0434\u0435\u0430\u043b\u044c\u043d\u043e \u0434\u043e\u0431\u0430\u0432\u0438\u0442 \u0441\u0442\u0438\u043b\u044f \u0438 \u0444\u0443\u043d\u043a\u0446\u0438\u043e\u043d\u0430\u043b\u044c\u043d\u043e\u0441\u0442\u0438 \u0432\u0430\u0448\u0435\u043c\u0443 \u0436\u0438\u043b\u043e\u043c\u0443 \u043f\u0440\u043e\u0441\u0442\u0440\u0430\u043d\u0441\u0442\u0432\u0443. \u0415\u0433\u043e \u0441\u043e\u0432\u0440\u0435\u043c\u0435\u043d\u043d\u044b\u0439 \u0434\u0438\u0437\u0430\u0439\u043d \u0441 \u043c\u0438\u043d\u0438\u043c\u0430\u043b\u0438\u0441\u0442\u0441\u043a\u0438\u043c\u0438 \u043b\u0438\u043d\u0438\u044f\u043c\u0438 \u0438 \u0441\u0442\u0438\u043b\u044c\u043d\u044b\u043c ...\",\"breadcrumb\":{\"@id\":\"https:\/\/brilune.eu\/ru\/product\/%d0%ba%d0%be%d1%84%d0%b5%d0%b9%d0%bd%d1%8b%d0%b9-%d1%81%d1%82%d0%be%d0%bb%d0%b8%d0%ba-2\/#breadcrumb\"},\"inLanguage\":\"ru-RU\",\"potentialAction\":[{\"@type\":\"ReadAction\",\"target\":[\"https:\/\/brilune.eu\/ru\/product\/%d0%ba%d0%be%d1%84%d0%b5%d0%b9%d0%bd%d1%8b%d0%b9-%d1%81%d1%82%d0%be%d0%bb%d0%b8%d0%ba-2\/\"]}]},{\"@type\":\"ImageObject\",\"inLanguage\":\"ru-RU\",\"@id\":\"https:\/\/brilune.eu\/ru\/product\/%d0%ba%d0%be%d1%84%d0%b5%d0%b9%d0%bd%d1%8b%d0%b9-%d1%81%d1%82%d0%be%d0%bb%d0%b8%d0%ba-2\/#primaryimage\",\"url\":\"https:\/\/brilune.eu\/wp-content\/uploads\/2025\/01\/paolo-coffee-table-collection-751048_2048x2048.jpg\",\"contentUrl\":\"https:\/\/brilune.eu\/wp-content\/uploads\/2025\/01\/paolo-coffee-table-collection-751048_2048x2048.jpg\",\"width\":2048,\"height\":2048},{\"@type\":\"BreadcrumbList\",\"@id\":\"https:\/\/brilune.eu\/ru\/product\/%d0%ba%d0%be%d1%84%d0%b5%d0%b9%d0%bd%d1%8b%d0%b9-%d1%81%d1%82%d0%be%d0%bb%d0%b8%d0%ba-2\/#breadcrumb\",\"itemListElement\":[{\"@type\":\"ListItem\",\"position\":1,\"name\":\"\u041d\u0430\u0447\u0430\u043b\u043e\",\"item\":\"https:\/\/brilune.eu\/ru\/%d0%b3%d0%bb%d0%b0%d0%b2%d0%bd%d0%b0%d1%8f\/\"},{\"@type\":\"ListItem\",\"position\":2,\"name\":\"\u0412\u0441\u0435 \u0442\u043e\u0432\u0430\u0440\u044b\",\"item\":\"https:\/\/brilune.eu\/ru\/%d0%bc%d0%b0%d0%b3%d0%b0%d0%b7%d0%b8%d0%bd\/\"},{\"@type\":\"ListItem\",\"position\":3,\"name\":\"\u041a\u043e\u0444\u0435\u0439\u043d\u044b\u0439 \u0441\u0442\u043e\u043b\u0438\u043a\"}]},{\"@type\":\"WebSite\",\"@id\":\"https:\/\/brilune.eu\/ru\/#website\",\"url\":\"https:\/\/brilune.eu\/ru\/\",\"name\":\"Brilune\",\"description\":\"M\u0113s pied\u0101v\u0101jam unik\u0101lus un nebiju\u0161us dizainus, kas apvieno eleganci, funkcionalit\u0101ti un rado\u0161umu.\",\"potentialAction\":[{\"@type\":\"SearchAction\",\"target\":{\"@type\":\"EntryPoint\",\"urlTemplate\":\"https:\/\/brilune.eu\/ru\/?s={search_term_string}\"},\"query-input\":{\"@type\":\"PropertyValueSpecification\",\"valueRequired\":true,\"valueName\":\"search_term_string\"}}],\"inLanguage\":\"ru-RU\"}]}<\/script>\n<!-- \/ Yoast SEO plugin. -->","yoast_head_json":{"title":"\u041a\u043e\u0444\u0435\u0439\u043d\u044b\u0439 \u0441\u0442\u043e\u043b\u0438\u043a","description":"\u042d\u0442\u043e\u0442 \u0436\u0443\u0440\u043d\u0430\u043b\u044c\u043d\u044b\u0439 \u0441\u0442\u043e\u043b\u0438\u043a, \u043f\u043e\u043a\u0440\u044b\u0442\u044b\u0439 \u044d\u043a\u043e-\u043a\u043e\u0436\u0435\u0439, \u0438\u0434\u0435\u0430\u043b\u044c\u043d\u043e \u0434\u043e\u0431\u0430\u0432\u0438\u0442 \u0441\u0442\u0438\u043b\u044f \u0438 \u0444\u0443\u043d\u043a\u0446\u0438\u043e\u043d\u0430\u043b\u044c\u043d\u043e\u0441\u0442\u0438 \u0432\u0430\u0448\u0435\u043c\u0443 \u0436\u0438\u043b\u043e\u043c\u0443 \u043f\u0440\u043e\u0441\u0442\u0440\u0430\u043d\u0441\u0442\u0432\u0443. \u0415\u0433\u043e \u0441\u043e\u0432\u0440\u0435\u043c\u0435\u043d\u043d\u044b\u0439 \u0434\u0438\u0437\u0430\u0439\u043d \u0441 \u043c\u0438\u043d\u0438\u043c\u0430\u043b\u0438\u0441\u0442\u0441\u043a\u0438\u043c\u0438 \u043b\u0438\u043d\u0438\u044f\u043c\u0438 \u0438 \u0441\u0442\u0438\u043b\u044c\u043d\u044b\u043c ...","robots":{"index":"index","follow":"follow","max-snippet":"max-snippet:-1","max-image-preview":"max-image-preview:large","max-video-preview":"max-video-preview:-1"},"canonical":"https:\/\/brilune.eu\/ru\/product\/%d0%ba%d0%be%d1%84%d0%b5%d0%b9%d0%bd%d1%8b%d0%b9-%d1%81%d1%82%d0%be%d0%bb%d0%b8%d0%ba-2\/","og_locale":"ru_RU","og_type":"article","og_title":"\u041a\u043e\u0444\u0435\u0439\u043d\u044b\u0439 \u0441\u0442\u043e\u043b\u0438\u043a","og_description":"\u042d\u0442\u043e\u0442 \u0436\u0443\u0440\u043d\u0430\u043b\u044c\u043d\u044b\u0439 \u0441\u0442\u043e\u043b\u0438\u043a, \u043f\u043e\u043a\u0440\u044b\u0442\u044b\u0439 \u044d\u043a\u043e-\u043a\u043e\u0436\u0435\u0439, \u0438\u0434\u0435\u0430\u043b\u044c\u043d\u043e \u0434\u043e\u0431\u0430\u0432\u0438\u0442 \u0441\u0442\u0438\u043b\u044f \u0438 \u0444\u0443\u043d\u043a\u0446\u0438\u043e\u043d\u0430\u043b\u044c\u043d\u043e\u0441\u0442\u0438 \u0432\u0430\u0448\u0435\u043c\u0443 \u0436\u0438\u043b\u043e\u043c\u0443 \u043f\u0440\u043e\u0441\u0442\u0440\u0430\u043d\u0441\u0442\u0432\u0443. \u0415\u0433\u043e \u0441\u043e\u0432\u0440\u0435\u043c\u0435\u043d\u043d\u044b\u0439 \u0434\u0438\u0437\u0430\u0439\u043d \u0441 \u043c\u0438\u043d\u0438\u043c\u0430\u043b\u0438\u0441\u0442\u0441\u043a\u0438\u043c\u0438 \u043b\u0438\u043d\u0438\u044f\u043c\u0438 \u0438 \u0441\u0442\u0438\u043b\u044c\u043d\u044b\u043c ...","og_url":"https:\/\/brilune.eu\/ru\/product\/%d0%ba%d0%be%d1%84%d0%b5%d0%b9%d0%bd%d1%8b%d0%b9-%d1%81%d1%82%d0%be%d0%bb%d0%b8%d0%ba-2\/","og_site_name":"Brilune","article_modified_time":"2025-02-19T10:41:32+00:00","og_image":[{"width":2048,"height":2048,"url":"https:\/\/brilune.eu\/wp-content\/uploads\/2025\/01\/paolo-coffee-table-collection-751048_2048x2048.jpg","type":"image\/jpeg"}],"twitter_card":"summary_large_image","schema":{"@context":"https:\/\/schema.org","@graph":[{"@type":"WebPage","@id":"https:\/\/brilune.eu\/ru\/product\/%d0%ba%d0%be%d1%84%d0%b5%d0%b9%d0%bd%d1%8b%d0%b9-%d1%81%d1%82%d0%be%d0%bb%d0%b8%d0%ba-2\/","url":"https:\/\/brilune.eu\/ru\/product\/%d0%ba%d0%be%d1%84%d0%b5%d0%b9%d0%bd%d1%8b%d0%b9-%d1%81%d1%82%d0%be%d0%bb%d0%b8%d0%ba-2\/","name":"\u041a\u043e\u0444\u0435\u0439\u043d\u044b\u0439 \u0441\u0442\u043e\u043b\u0438\u043a","isPartOf":{"@id":"https:\/\/brilune.eu\/ru\/#website"},"primaryImageOfPage":{"@id":"https:\/\/brilune.eu\/ru\/product\/%d0%ba%d0%be%d1%84%d0%b5%d0%b9%d0%bd%d1%8b%d0%b9-%d1%81%d1%82%d0%be%d0%bb%d0%b8%d0%ba-2\/#primaryimage"},"image":{"@id":"https:\/\/brilune.eu\/ru\/product\/%d0%ba%d0%be%d1%84%d0%b5%d0%b9%d0%bd%d1%8b%d0%b9-%d1%81%d1%82%d0%be%d0%bb%d0%b8%d0%ba-2\/#primaryimage"},"thumbnailUrl":"https:\/\/brilune.eu\/wp-content\/uploads\/2025\/01\/paolo-coffee-table-collection-751048_2048x2048.jpg","datePublished":"2025-02-19T10:23:56+00:00","dateModified":"2025-02-19T10:41:32+00:00","description":"\u042d\u0442\u043e\u0442 \u0436\u0443\u0440\u043d\u0430\u043b\u044c\u043d\u044b\u0439 \u0441\u0442\u043e\u043b\u0438\u043a, \u043f\u043e\u043a\u0440\u044b\u0442\u044b\u0439 \u044d\u043a\u043e-\u043a\u043e\u0436\u0435\u0439, \u0438\u0434\u0435\u0430\u043b\u044c\u043d\u043e \u0434\u043e\u0431\u0430\u0432\u0438\u0442 \u0441\u0442\u0438\u043b\u044f \u0438 \u0444\u0443\u043d\u043a\u0446\u0438\u043e\u043d\u0430\u043b\u044c\u043d\u043e\u0441\u0442\u0438 \u0432\u0430\u0448\u0435\u043c\u0443 \u0436\u0438\u043b\u043e\u043c\u0443 \u043f\u0440\u043e\u0441\u0442\u0440\u0430\u043d\u0441\u0442\u0432\u0443. \u0415\u0433\u043e \u0441\u043e\u0432\u0440\u0435\u043c\u0435\u043d\u043d\u044b\u0439 \u0434\u0438\u0437\u0430\u0439\u043d \u0441 \u043c\u0438\u043d\u0438\u043c\u0430\u043b\u0438\u0441\u0442\u0441\u043a\u0438\u043c\u0438 \u043b\u0438\u043d\u0438\u044f\u043c\u0438 \u0438 \u0441\u0442\u0438\u043b\u044c\u043d\u044b\u043c ...","breadcrumb":{"@id":"https:\/\/brilune.eu\/ru\/product\/%d0%ba%d0%be%d1%84%d0%b5%d0%b9%d0%bd%d1%8b%d0%b9-%d1%81%d1%82%d0%be%d0%bb%d0%b8%d0%ba-2\/#breadcrumb"},"inLanguage":"ru-RU","potentialAction":[{"@type":"ReadAction","target":["https:\/\/brilune.eu\/ru\/product\/%d0%ba%d0%be%d1%84%d0%b5%d0%b9%d0%bd%d1%8b%d0%b9-%d1%81%d1%82%d0%be%d0%bb%d0%b8%d0%ba-2\/"]}]},{"@type":"ImageObject","inLanguage":"ru-RU","@id":"https:\/\/brilune.eu\/ru\/product\/%d0%ba%d0%be%d1%84%d0%b5%d0%b9%d0%bd%d1%8b%d0%b9-%d1%81%d1%82%d0%be%d0%bb%d0%b8%d0%ba-2\/#primaryimage","url":"https:\/\/brilune.eu\/wp-content\/uploads\/2025\/01\/paolo-coffee-table-collection-751048_2048x2048.jpg","contentUrl":"https:\/\/brilune.eu\/wp-content\/uploads\/2025\/01\/paolo-coffee-table-collection-751048_2048x2048.jpg","width":2048,"height":2048},{"@type":"BreadcrumbList","@id":"https:\/\/brilune.eu\/ru\/product\/%d0%ba%d0%be%d1%84%d0%b5%d0%b9%d0%bd%d1%8b%d0%b9-%d1%81%d1%82%d0%be%d0%bb%d0%b8%d0%ba-2\/#breadcrumb","itemListElement":[{"@type":"ListItem","position":1,"name":"\u041d\u0430\u0447\u0430\u043b\u043e","item":"https:\/\/brilune.eu\/ru\/%d0%b3%d0%bb%d0%b0%d0%b2%d0%bd%d0%b0%d1%8f\/"},{"@type":"ListItem","position":2,"name":"\u0412\u0441\u0435 \u0442\u043e\u0432\u0430\u0440\u044b","item":"https:\/\/brilune.eu\/ru\/%d0%bc%d0%b0%d0%b3%d0%b0%d0%b7%d0%b8%d0%bd\/"},{"@type":"ListItem","position":3,"name":"\u041a\u043e\u0444\u0435\u0439\u043d\u044b\u0439 \u0441\u0442\u043e\u043b\u0438\u043a"}]},{"@type":"WebSite","@id":"https:\/\/brilune.eu\/ru\/#website","url":"https:\/\/brilune.eu\/ru\/","name":"Brilune","description":"M\u0113s pied\u0101v\u0101jam unik\u0101lus un nebiju\u0161us dizainus, kas apvieno eleganci, funkcionalit\u0101ti un rado\u0161umu.","potentialAction":[{"@type":"SearchAction","target":{"@type":"EntryPoint","urlTemplate":"https:\/\/brilune.eu\/ru\/?s={search_term_string}"},"query-input":{"@type":"PropertyValueSpecification","valueRequired":true,"valueName":"search_term_string"}}],"inLanguage":"ru-RU"}]}},"jetpack_sharing_enabled":true,"_links":{"self":[{"href":"https:\/\/brilune.eu\/ru\/wp-json\/wp\/v2\/product\/37600","targetHints":{"allow":["GET"]}}],"collection":[{"href":"https:\/\/brilune.eu\/ru\/wp-json\/wp\/v2\/product"}],"about":[{"href":"https:\/\/brilune.eu\/ru\/wp-json\/wp\/v2\/types\/product"}],"replies":[{"embeddable":true,"href":"https:\/\/brilune.eu\/ru\/wp-json\/wp\/v2\/comments?post=37600"}],"version-history":[{"count":1,"href":"https:\/\/brilune.eu\/ru\/wp-json\/wp\/v2\/product\/37600\/revisions"}],"predecessor-version":[{"id":37654,"href":"https:\/\/brilune.eu\/ru\/wp-json\/wp\/v2\/product\/37600\/revisions\/37654"}],"wp:featuredmedia":[{"embeddable":true,"href":"https:\/\/brilune.eu\/ru\/wp-json\/wp\/v2\/media\/7807"}],"wp:attachment":[{"href":"https:\/\/brilune.eu\/ru\/wp-json\/wp\/v2\/media?parent=37600"}],"wp:term":[{"taxonomy":"product_brand","embeddable":true,"href":"https:\/\/brilune.eu\/ru\/wp-json\/wp\/v2\/product_brand?post=37600"},{"taxonomy":"product_cat","embeddable":true,"href":"https:\/\/brilune.eu\/ru\/wp-json\/wp\/v2\/product_cat?post=37600"},{"taxonomy":"product_tag","embeddable":true,"href":"https:\/\/brilune.eu\/ru\/wp-json\/wp\/v2\/product_tag?post=37600"}],"curies":[{"name":"wp","href":"https:\/\/api.w.org\/{rel}","templated":true}]}}