{"id":16633,"date":"2025-01-24T22:43:48","date_gmt":"2025-01-24T20:43:48","guid":{"rendered":"https:\/\/5f6895bf81.nxcli.io\/product\/moderns-vienkarsa-stila-tv-stativs\/"},"modified":"2025-01-24T22:43:48","modified_gmt":"2025-01-24T20:43:48","slug":"moderns-vienkarsa-stila-tv-stativs","status":"publish","type":"product","link":"https:\/\/brilune.eu\/ru\/product\/moderns-vienkarsa-stila-tv-stativs\/","title":{"rendered":"Moderns vienk\u0101r\u0161a stila TV stat\u012bvs"},"content":{"rendered":"<p>Elegants TV stat\u012bvs t\u012bri balt\u0101 kr\u0101s\u0101 ar trim atvilktn\u0113m un div\u0101m durv\u012bm b\u016bs ide\u0101ls risin\u0101jums modernam interjeram. Apvienojot funkcionalit\u0101ti un stilu, tas nodro\u0161ina pietiekami daudz vietas da\u017e\u0101du priek\u0161metu glab\u0101\u0161anai, pal\u012bdzot sak\u0101rtot telpu ap televizoru. Minim\u0101listiskais dizains un iztur\u012bgais koka r\u0101mis nodro\u0161ina \u0161\u012b stat\u012bva iztur\u012bbu un stabilit\u0101ti, radot m\u0101j\u012bgumu un k\u0101rt\u012bbu telp\u0101.  <\/p>\n<p>Materi\u0101ls: Materi\u0101ls: koks. Izm\u0113rs: 120\u00d740\u00d775 cm.<\/p>\n","protected":false},"excerpt":{"rendered":"<p>Elegants TV stat\u012bvs t\u012bri balt\u0101 kr\u0101s\u0101 ar trim atvilktn\u0113m un div\u0101m durv\u012bm b\u016bs ide\u0101ls risin\u0101jums modernam interjeram. Tas apvieno funkcionalit\u0101ti un stilu, nodro\u0161inot&#8230; <\/p>\n","protected":false},"featured_media":0,"comment_status":"open","ping_status":"closed","template":"","meta":[],"product_brand":[],"product_cat":[],"product_tag":[],"class_list":{"0":"post-16633","1":"product","2":"type-product","3":"status-publish","6":"first","7":"instock","8":"shipping-taxable","9":"purchasable","10":"product-type-simple"},"yoast_head":"<!-- This site is optimized with the Yoast SEO plugin v26.0 - https:\/\/yoast.com\/wordpress\/plugins\/seo\/ -->\n<title>Moderns vienk\u0101r\u0161a stila TV stat\u012bvs<\/title>\n<meta name=\"description\" content=\"Elegants TV stat\u012bvs t\u012bri balt\u0101 kr\u0101s\u0101 ar trim atvilktn\u0113m un div\u0101m durv\u012bm b\u016bs ide\u0101ls risin\u0101jums modernam interjeram. Tas apvieno funkcionalit\u0101ti un stilu, nodro\u0161inot...\" \/>\n<meta name=\"robots\" content=\"index, follow, max-snippet:-1, max-image-preview:large, max-video-preview:-1\" \/>\n<link rel=\"canonical\" href=\"https:\/\/brilune.eu\/ru\/product\/moderns-vienkarsa-stila-tv-stativs\/\" \/>\n<meta property=\"og:locale\" content=\"ru_RU\" \/>\n<meta property=\"og:type\" content=\"article\" \/>\n<meta property=\"og:title\" content=\"Moderns vienk\u0101r\u0161a stila TV stat\u012bvs\" \/>\n<meta property=\"og:description\" content=\"Elegants TV stat\u012bvs t\u012bri balt\u0101 kr\u0101s\u0101 ar trim atvilktn\u0113m un div\u0101m durv\u012bm b\u016bs ide\u0101ls risin\u0101jums modernam interjeram. Tas apvieno funkcionalit\u0101ti un stilu, nodro\u0161inot...\" \/>\n<meta property=\"og:url\" content=\"https:\/\/brilune.eu\/ru\/product\/moderns-vienkarsa-stila-tv-stativs\/\" \/>\n<meta property=\"og:site_name\" content=\"Brilune\" \/>\n<meta name=\"twitter:card\" content=\"summary_large_image\" \/>\n<script type=\"application\/ld+json\" class=\"yoast-schema-graph\">{\"@context\":\"https:\/\/schema.org\",\"@graph\":[{\"@type\":\"WebPage\",\"@id\":\"https:\/\/brilune.eu\/ru\/product\/moderns-vienkarsa-stila-tv-stativs\/\",\"url\":\"https:\/\/brilune.eu\/ru\/product\/moderns-vienkarsa-stila-tv-stativs\/\",\"name\":\"Moderns vienk\u0101r\u0161a stila TV stat\u012bvs\",\"isPartOf\":{\"@id\":\"https:\/\/brilune.eu\/ru\/#website\"},\"datePublished\":\"2025-01-24T20:43:48+00:00\",\"description\":\"Elegants TV stat\u012bvs t\u012bri balt\u0101 kr\u0101s\u0101 ar trim atvilktn\u0113m un div\u0101m durv\u012bm b\u016bs ide\u0101ls risin\u0101jums modernam interjeram. Tas apvieno funkcionalit\u0101ti un stilu, nodro\u0161inot...\",\"breadcrumb\":{\"@id\":\"https:\/\/brilune.eu\/ru\/product\/moderns-vienkarsa-stila-tv-stativs\/#breadcrumb\"},\"inLanguage\":\"ru-RU\",\"potentialAction\":[{\"@type\":\"ReadAction\",\"target\":[\"https:\/\/brilune.eu\/ru\/product\/moderns-vienkarsa-stila-tv-stativs\/\"]}]},{\"@type\":\"BreadcrumbList\",\"@id\":\"https:\/\/brilune.eu\/ru\/product\/moderns-vienkarsa-stila-tv-stativs\/#breadcrumb\",\"itemListElement\":[{\"@type\":\"ListItem\",\"position\":1,\"name\":\"\u041d\u0430\u0447\u0430\u043b\u043e\",\"item\":\"https:\/\/brilune.eu\/ru\/%d0%b3%d0%bb%d0%b0%d0%b2%d0%bd%d0%b0%d1%8f\/\"},{\"@type\":\"ListItem\",\"position\":2,\"name\":\"\u0412\u0441\u0435 \u0442\u043e\u0432\u0430\u0440\u044b\",\"item\":\"https:\/\/brilune.eu\/ru\/%d0%bc%d0%b0%d0%b3%d0%b0%d0%b7%d0%b8%d0%bd\/\"},{\"@type\":\"ListItem\",\"position\":3,\"name\":\"Moderns vienk\u0101r\u0161a stila TV stat\u012bvs\"}]},{\"@type\":\"WebSite\",\"@id\":\"https:\/\/brilune.eu\/ru\/#website\",\"url\":\"https:\/\/brilune.eu\/ru\/\",\"name\":\"Brilune\",\"description\":\"M\u0113s pied\u0101v\u0101jam unik\u0101lus un nebiju\u0161us dizainus, kas apvieno eleganci, funkcionalit\u0101ti un rado\u0161umu.\",\"potentialAction\":[{\"@type\":\"SearchAction\",\"target\":{\"@type\":\"EntryPoint\",\"urlTemplate\":\"https:\/\/brilune.eu\/ru\/?s={search_term_string}\"},\"query-input\":{\"@type\":\"PropertyValueSpecification\",\"valueRequired\":true,\"valueName\":\"search_term_string\"}}],\"inLanguage\":\"ru-RU\"}]}<\/script>\n<!-- \/ Yoast SEO plugin. -->","yoast_head_json":{"title":"Moderns vienk\u0101r\u0161a stila TV stat\u012bvs","description":"Elegants TV stat\u012bvs t\u012bri balt\u0101 kr\u0101s\u0101 ar trim atvilktn\u0113m un div\u0101m durv\u012bm b\u016bs ide\u0101ls risin\u0101jums modernam interjeram. Tas apvieno funkcionalit\u0101ti un stilu, nodro\u0161inot...","robots":{"index":"index","follow":"follow","max-snippet":"max-snippet:-1","max-image-preview":"max-image-preview:large","max-video-preview":"max-video-preview:-1"},"canonical":"https:\/\/brilune.eu\/ru\/product\/moderns-vienkarsa-stila-tv-stativs\/","og_locale":"ru_RU","og_type":"article","og_title":"Moderns vienk\u0101r\u0161a stila TV stat\u012bvs","og_description":"Elegants TV stat\u012bvs t\u012bri balt\u0101 kr\u0101s\u0101 ar trim atvilktn\u0113m un div\u0101m durv\u012bm b\u016bs ide\u0101ls risin\u0101jums modernam interjeram. Tas apvieno funkcionalit\u0101ti un stilu, nodro\u0161inot...","og_url":"https:\/\/brilune.eu\/ru\/product\/moderns-vienkarsa-stila-tv-stativs\/","og_site_name":"Brilune","twitter_card":"summary_large_image","schema":{"@context":"https:\/\/schema.org","@graph":[{"@type":"WebPage","@id":"https:\/\/brilune.eu\/ru\/product\/moderns-vienkarsa-stila-tv-stativs\/","url":"https:\/\/brilune.eu\/ru\/product\/moderns-vienkarsa-stila-tv-stativs\/","name":"Moderns vienk\u0101r\u0161a stila TV stat\u012bvs","isPartOf":{"@id":"https:\/\/brilune.eu\/ru\/#website"},"datePublished":"2025-01-24T20:43:48+00:00","description":"Elegants TV stat\u012bvs t\u012bri balt\u0101 kr\u0101s\u0101 ar trim atvilktn\u0113m un div\u0101m durv\u012bm b\u016bs ide\u0101ls risin\u0101jums modernam interjeram. Tas apvieno funkcionalit\u0101ti un stilu, nodro\u0161inot...","breadcrumb":{"@id":"https:\/\/brilune.eu\/ru\/product\/moderns-vienkarsa-stila-tv-stativs\/#breadcrumb"},"inLanguage":"ru-RU","potentialAction":[{"@type":"ReadAction","target":["https:\/\/brilune.eu\/ru\/product\/moderns-vienkarsa-stila-tv-stativs\/"]}]},{"@type":"BreadcrumbList","@id":"https:\/\/brilune.eu\/ru\/product\/moderns-vienkarsa-stila-tv-stativs\/#breadcrumb","itemListElement":[{"@type":"ListItem","position":1,"name":"\u041d\u0430\u0447\u0430\u043b\u043e","item":"https:\/\/brilune.eu\/ru\/%d0%b3%d0%bb%d0%b0%d0%b2%d0%bd%d0%b0%d1%8f\/"},{"@type":"ListItem","position":2,"name":"\u0412\u0441\u0435 \u0442\u043e\u0432\u0430\u0440\u044b","item":"https:\/\/brilune.eu\/ru\/%d0%bc%d0%b0%d0%b3%d0%b0%d0%b7%d0%b8%d0%bd\/"},{"@type":"ListItem","position":3,"name":"Moderns vienk\u0101r\u0161a stila TV stat\u012bvs"}]},{"@type":"WebSite","@id":"https:\/\/brilune.eu\/ru\/#website","url":"https:\/\/brilune.eu\/ru\/","name":"Brilune","description":"M\u0113s pied\u0101v\u0101jam unik\u0101lus un nebiju\u0161us dizainus, kas apvieno eleganci, funkcionalit\u0101ti un rado\u0161umu.","potentialAction":[{"@type":"SearchAction","target":{"@type":"EntryPoint","urlTemplate":"https:\/\/brilune.eu\/ru\/?s={search_term_string}"},"query-input":{"@type":"PropertyValueSpecification","valueRequired":true,"valueName":"search_term_string"}}],"inLanguage":"ru-RU"}]}},"jetpack_sharing_enabled":true,"_links":{"self":[{"href":"https:\/\/brilune.eu\/ru\/wp-json\/wp\/v2\/product\/16633","targetHints":{"allow":["GET"]}}],"collection":[{"href":"https:\/\/brilune.eu\/ru\/wp-json\/wp\/v2\/product"}],"about":[{"href":"https:\/\/brilune.eu\/ru\/wp-json\/wp\/v2\/types\/product"}],"replies":[{"embeddable":true,"href":"https:\/\/brilune.eu\/ru\/wp-json\/wp\/v2\/comments?post=16633"}],"version-history":[{"count":0,"href":"https:\/\/brilune.eu\/ru\/wp-json\/wp\/v2\/product\/16633\/revisions"}],"wp:attachment":[{"href":"https:\/\/brilune.eu\/ru\/wp-json\/wp\/v2\/media?parent=16633"}],"wp:term":[{"taxonomy":"product_brand","embeddable":true,"href":"https:\/\/brilune.eu\/ru\/wp-json\/wp\/v2\/product_brand?post=16633"},{"taxonomy":"product_cat","embeddable":true,"href":"https:\/\/brilune.eu\/ru\/wp-json\/wp\/v2\/product_cat?post=16633"},{"taxonomy":"product_tag","embeddable":true,"href":"https:\/\/brilune.eu\/ru\/wp-json\/wp\/v2\/product_tag?post=16633"}],"curies":[{"name":"wp","href":"https:\/\/api.w.org\/{rel}","templated":true}]}}