{"id":40922,"date":"2023-04-20T11:46:00","date_gmt":"2023-04-20T09:46:00","guid":{"rendered":"https:\/\/brilune.eu\/%d1%81%d0%bf%d0%b8%d1%81%d0%be%d0%ba-%d0%bf%d0%be%d0%b6%d0%b5%d0%bb%d0%b0%d0%bd%d0%b8%d0%b9\/"},"modified":"2025-02-19T23:31:31","modified_gmt":"2025-02-19T21:31:31","slug":"%d1%81%d0%bf%d0%b8%d1%81%d0%be%d0%ba-%d0%bf%d0%be%d0%b6%d0%b5%d0%bb%d0%b0%d0%bd%d0%b8%d0%b9","status":"publish","type":"page","link":"https:\/\/brilune.eu\/ru\/%d1%81%d0%bf%d0%b8%d1%81%d0%be%d0%ba-%d0%bf%d0%be%d0%b6%d0%b5%d0%bb%d0%b0%d0%bd%d0%b8%d0%b9\/","title":{"rendered":"\u0421\u043f\u0438\u0441\u043e\u043a \u043f\u043e\u0436\u0435\u043b\u0430\u043d\u0438\u0439"},"content":{"rendered":"\t\t<div data-elementor-type=\"wp-page\" data-elementor-id=\"40922\" class=\"elementor elementor-40922 elementor-61\">\n\t\t\t\t\t\t<section class=\"wd-negative-gap elementor-section elementor-top-section elementor-element elementor-element-639025b elementor-section-boxed elementor-section-height-default elementor-section-height-default\" data-id=\"639025b\" data-element_type=\"section\">\n\t\t\t\t\t\t<div class=\"elementor-container elementor-column-gap-default\">\n\t\t\t\t\t<div class=\"elementor-column elementor-col-100 elementor-top-column elementor-element elementor-element-6f5fdde\" data-id=\"6f5fdde\" data-element_type=\"column\">\n\t\t\t<div class=\"elementor-widget-wrap elementor-element-populated\">\n\t\t\t\t\t\t<div class=\"elementor-element elementor-element-6a46b99 elementor-widget elementor-widget-wd_wishlist\" data-id=\"6a46b99\" data-element_type=\"widget\" data-widget_type=\"wd_wishlist.default\">\n\t\t\t\t<div class=\"elementor-widget-container\">\n\t\t\t\t\t\t\t\n\t\t\n\t\t<div class=\"\">\n\t\t\t\t\t\t<div class=\"wd-wishlist-content\">\n\t\t\t\t\t\t\t\t\t\t\t\n\t\t<p class=\"wd-empty-wishlist wd-empty-page\">\n\t\t\tThis wishlist is empty.\t\t<\/p>\n\n\t\t\t\t\t<div class=\"wd-empty-page-text\">\n\t\t\t\tYou don't have any products in the wishlist yet. You will find a lot of interesting products on our \"Shop\" page.\t\t\t<\/div>\n\t\t\n\t\t\n\t\t\t\t\t<p class=\"return-to-shop\">\n\t\t\t\t<a class=\"button\" href=\"https:\/\/brilune.eu\/ru\/%d0%bc%d0%b0%d0%b3%d0%b0%d0%b7%d0%b8%d0%bd\/\">\n\t\t\t\t\t\u0412\u0435\u0440\u043d\u0443\u0442\u044c\u0441\u044f \u0432 \u043c\u0430\u0433\u0430\u0437\u0438\u043d\t\t\t\t<\/a>\n\t\t\t<\/p>\n\t\t\t\t\t\t\t\t\t\t\t<\/div>\n\t\t\t\t<\/div>\n\t\t\t\t\t\t<\/div>\n\t\t\t\t<\/div>\n\t\t\t\t\t<\/div>\n\t\t<\/div>\n\t\t\t\t\t<\/div>\n\t\t<\/section>\n\t\t\t\t<\/div>\n\t\t","protected":false},"excerpt":{"rendered":"<p>My account Dashboard Orders Downloads Addresses Account details Logout This wishlist is empty. You don&#8217;t have any products in the<\/p>\n","protected":false},"author":1,"featured_media":0,"parent":0,"menu_order":0,"comment_status":"closed","ping_status":"closed","template":"","meta":{"footnotes":""},"class_list":["post-40922","page","type-page","status-publish","hentry"],"yoast_head":"<!-- This site is optimized with the Yoast SEO plugin v26.0 - https:\/\/yoast.com\/wordpress\/plugins\/seo\/ -->\n<title>\u0421\u043f\u0438\u0441\u043e\u043a \u043f\u043e\u0436\u0435\u043b\u0430\u043d\u0438\u0439 - Brilune<\/title>\n<meta name=\"robots\" content=\"index, follow, max-snippet:-1, max-image-preview:large, max-video-preview:-1\" \/>\n<link rel=\"canonical\" href=\"https:\/\/brilune.eu\/ru\/%d1%81%d0%bf%d0%b8%d1%81%d0%be%d0%ba-%d0%bf%d0%be%d0%b6%d0%b5%d0%bb%d0%b0%d0%bd%d0%b8%d0%b9\/\" \/>\n<meta property=\"og:locale\" content=\"ru_RU\" \/>\n<meta property=\"og:type\" content=\"article\" \/>\n<meta property=\"og:title\" content=\"\u0421\u043f\u0438\u0441\u043e\u043a \u043f\u043e\u0436\u0435\u043b\u0430\u043d\u0438\u0439 - Brilune\" \/>\n<meta property=\"og:description\" content=\"My account Dashboard Orders Downloads Addresses Account details Logout This wishlist is empty. You don&#8217;t have any products in the\" \/>\n<meta property=\"og:url\" content=\"https:\/\/brilune.eu\/ru\/%d1%81%d0%bf%d0%b8%d1%81%d0%be%d0%ba-%d0%bf%d0%be%d0%b6%d0%b5%d0%bb%d0%b0%d0%bd%d0%b8%d0%b9\/\" \/>\n<meta property=\"og:site_name\" content=\"Brilune\" \/>\n<meta property=\"article:modified_time\" content=\"2025-02-19T21:31:31+00:00\" \/>\n<meta name=\"twitter:card\" content=\"summary_large_image\" \/>\n<script type=\"application\/ld+json\" class=\"yoast-schema-graph\">{\"@context\":\"https:\/\/schema.org\",\"@graph\":[{\"@type\":\"WebPage\",\"@id\":\"https:\/\/brilune.eu\/ru\/%d1%81%d0%bf%d0%b8%d1%81%d0%be%d0%ba-%d0%bf%d0%be%d0%b6%d0%b5%d0%bb%d0%b0%d0%bd%d0%b8%d0%b9\/\",\"url\":\"https:\/\/brilune.eu\/ru\/%d1%81%d0%bf%d0%b8%d1%81%d0%be%d0%ba-%d0%bf%d0%be%d0%b6%d0%b5%d0%bb%d0%b0%d0%bd%d0%b8%d0%b9\/\",\"name\":\"\u0421\u043f\u0438\u0441\u043e\u043a \u043f\u043e\u0436\u0435\u043b\u0430\u043d\u0438\u0439 - Brilune\",\"isPartOf\":{\"@id\":\"https:\/\/brilune.eu\/ru\/#website\"},\"datePublished\":\"2023-04-20T09:46:00+00:00\",\"dateModified\":\"2025-02-19T21:31:31+00:00\",\"breadcrumb\":{\"@id\":\"https:\/\/brilune.eu\/ru\/%d1%81%d0%bf%d0%b8%d1%81%d0%be%d0%ba-%d0%bf%d0%be%d0%b6%d0%b5%d0%bb%d0%b0%d0%bd%d0%b8%d0%b9\/#breadcrumb\"},\"inLanguage\":\"ru-RU\",\"potentialAction\":[{\"@type\":\"ReadAction\",\"target\":[\"https:\/\/brilune.eu\/ru\/%d1%81%d0%bf%d0%b8%d1%81%d0%be%d0%ba-%d0%bf%d0%be%d0%b6%d0%b5%d0%bb%d0%b0%d0%bd%d0%b8%d0%b9\/\"]}]},{\"@type\":\"BreadcrumbList\",\"@id\":\"https:\/\/brilune.eu\/ru\/%d1%81%d0%bf%d0%b8%d1%81%d0%be%d0%ba-%d0%bf%d0%be%d0%b6%d0%b5%d0%bb%d0%b0%d0%bd%d0%b8%d0%b9\/#breadcrumb\",\"itemListElement\":[{\"@type\":\"ListItem\",\"position\":1,\"name\":\"\u041d\u0430\u0447\u0430\u043b\u043e\",\"item\":\"https:\/\/brilune.eu\/ru\/%d0%b3%d0%bb%d0%b0%d0%b2%d0%bd%d0%b0%d1%8f\/\"},{\"@type\":\"ListItem\",\"position\":2,\"name\":\"\u0421\u043f\u0438\u0441\u043e\u043a \u043f\u043e\u0436\u0435\u043b\u0430\u043d\u0438\u0439\"}]},{\"@type\":\"WebSite\",\"@id\":\"https:\/\/brilune.eu\/ru\/#website\",\"url\":\"https:\/\/brilune.eu\/ru\/\",\"name\":\"Brilune\",\"description\":\"M\u0113s pied\u0101v\u0101jam unik\u0101lus un nebiju\u0161us dizainus, kas apvieno eleganci, funkcionalit\u0101ti un rado\u0161umu.\",\"potentialAction\":[{\"@type\":\"SearchAction\",\"target\":{\"@type\":\"EntryPoint\",\"urlTemplate\":\"https:\/\/brilune.eu\/ru\/?s={search_term_string}\"},\"query-input\":{\"@type\":\"PropertyValueSpecification\",\"valueRequired\":true,\"valueName\":\"search_term_string\"}}],\"inLanguage\":\"ru-RU\"}]}<\/script>\n<!-- \/ Yoast SEO plugin. -->","yoast_head_json":{"title":"\u0421\u043f\u0438\u0441\u043e\u043a \u043f\u043e\u0436\u0435\u043b\u0430\u043d\u0438\u0439 - Brilune","robots":{"index":"index","follow":"follow","max-snippet":"max-snippet:-1","max-image-preview":"max-image-preview:large","max-video-preview":"max-video-preview:-1"},"canonical":"https:\/\/brilune.eu\/ru\/%d1%81%d0%bf%d0%b8%d1%81%d0%be%d0%ba-%d0%bf%d0%be%d0%b6%d0%b5%d0%bb%d0%b0%d0%bd%d0%b8%d0%b9\/","og_locale":"ru_RU","og_type":"article","og_title":"\u0421\u043f\u0438\u0441\u043e\u043a \u043f\u043e\u0436\u0435\u043b\u0430\u043d\u0438\u0439 - Brilune","og_description":"My account Dashboard Orders Downloads Addresses Account details Logout This wishlist is empty. You don&#8217;t have any products in the","og_url":"https:\/\/brilune.eu\/ru\/%d1%81%d0%bf%d0%b8%d1%81%d0%be%d0%ba-%d0%bf%d0%be%d0%b6%d0%b5%d0%bb%d0%b0%d0%bd%d0%b8%d0%b9\/","og_site_name":"Brilune","article_modified_time":"2025-02-19T21:31:31+00:00","twitter_card":"summary_large_image","schema":{"@context":"https:\/\/schema.org","@graph":[{"@type":"WebPage","@id":"https:\/\/brilune.eu\/ru\/%d1%81%d0%bf%d0%b8%d1%81%d0%be%d0%ba-%d0%bf%d0%be%d0%b6%d0%b5%d0%bb%d0%b0%d0%bd%d0%b8%d0%b9\/","url":"https:\/\/brilune.eu\/ru\/%d1%81%d0%bf%d0%b8%d1%81%d0%be%d0%ba-%d0%bf%d0%be%d0%b6%d0%b5%d0%bb%d0%b0%d0%bd%d0%b8%d0%b9\/","name":"\u0421\u043f\u0438\u0441\u043e\u043a \u043f\u043e\u0436\u0435\u043b\u0430\u043d\u0438\u0439 - Brilune","isPartOf":{"@id":"https:\/\/brilune.eu\/ru\/#website"},"datePublished":"2023-04-20T09:46:00+00:00","dateModified":"2025-02-19T21:31:31+00:00","breadcrumb":{"@id":"https:\/\/brilune.eu\/ru\/%d1%81%d0%bf%d0%b8%d1%81%d0%be%d0%ba-%d0%bf%d0%be%d0%b6%d0%b5%d0%bb%d0%b0%d0%bd%d0%b8%d0%b9\/#breadcrumb"},"inLanguage":"ru-RU","potentialAction":[{"@type":"ReadAction","target":["https:\/\/brilune.eu\/ru\/%d1%81%d0%bf%d0%b8%d1%81%d0%be%d0%ba-%d0%bf%d0%be%d0%b6%d0%b5%d0%bb%d0%b0%d0%bd%d0%b8%d0%b9\/"]}]},{"@type":"BreadcrumbList","@id":"https:\/\/brilune.eu\/ru\/%d1%81%d0%bf%d0%b8%d1%81%d0%be%d0%ba-%d0%bf%d0%be%d0%b6%d0%b5%d0%bb%d0%b0%d0%bd%d0%b8%d0%b9\/#breadcrumb","itemListElement":[{"@type":"ListItem","position":1,"name":"\u041d\u0430\u0447\u0430\u043b\u043e","item":"https:\/\/brilune.eu\/ru\/%d0%b3%d0%bb%d0%b0%d0%b2%d0%bd%d0%b0%d1%8f\/"},{"@type":"ListItem","position":2,"name":"\u0421\u043f\u0438\u0441\u043e\u043a \u043f\u043e\u0436\u0435\u043b\u0430\u043d\u0438\u0439"}]},{"@type":"WebSite","@id":"https:\/\/brilune.eu\/ru\/#website","url":"https:\/\/brilune.eu\/ru\/","name":"Brilune","description":"M\u0113s pied\u0101v\u0101jam unik\u0101lus un nebiju\u0161us dizainus, kas apvieno eleganci, funkcionalit\u0101ti un rado\u0161umu.","potentialAction":[{"@type":"SearchAction","target":{"@type":"EntryPoint","urlTemplate":"https:\/\/brilune.eu\/ru\/?s={search_term_string}"},"query-input":{"@type":"PropertyValueSpecification","valueRequired":true,"valueName":"search_term_string"}}],"inLanguage":"ru-RU"}]}},"jetpack_sharing_enabled":true,"_links":{"self":[{"href":"https:\/\/brilune.eu\/ru\/wp-json\/wp\/v2\/pages\/40922","targetHints":{"allow":["GET"]}}],"collection":[{"href":"https:\/\/brilune.eu\/ru\/wp-json\/wp\/v2\/pages"}],"about":[{"href":"https:\/\/brilune.eu\/ru\/wp-json\/wp\/v2\/types\/page"}],"author":[{"embeddable":true,"href":"https:\/\/brilune.eu\/ru\/wp-json\/wp\/v2\/users\/1"}],"replies":[{"embeddable":true,"href":"https:\/\/brilune.eu\/ru\/wp-json\/wp\/v2\/comments?post=40922"}],"version-history":[{"count":1,"href":"https:\/\/brilune.eu\/ru\/wp-json\/wp\/v2\/pages\/40922\/revisions"}],"predecessor-version":[{"id":40923,"href":"https:\/\/brilune.eu\/ru\/wp-json\/wp\/v2\/pages\/40922\/revisions\/40923"}],"wp:attachment":[{"href":"https:\/\/brilune.eu\/ru\/wp-json\/wp\/v2\/media?parent=40922"}],"curies":[{"name":"wp","href":"https:\/\/api.w.org\/{rel}","templated":true}]}}