{"id":1850,"date":"2023-04-20T11:47:35","date_gmt":"2023-04-20T09:47:35","guid":{"rendered":"https:\/\/5f6895bf81.nxcli.io\/%d0%be-%d0%bd%d0%b0%d1%81\/"},"modified":"2024-11-16T19:22:57","modified_gmt":"2024-11-16T17:22:57","slug":"%d0%be-%d0%bd%d0%b0%d1%81","status":"publish","type":"page","link":"https:\/\/brilune.eu\/ru\/%d0%be-%d0%bd%d0%b0%d1%81\/","title":{"rendered":"\u041e \u043d\u0430\u0441"},"content":{"rendered":"\t\t<div data-elementor-type=\"wp-page\" data-elementor-id=\"1850\" class=\"elementor elementor-1850 elementor-1028\">\n\t\t\t\t<div class=\"wd-negative-gap elementor-element elementor-element-43bbe8e wd-collapsible-content e-flex e-con-boxed e-con e-parent\" data-id=\"43bbe8e\" data-element_type=\"container\">\n\t\t\t\t\t<div class=\"e-con-inner\">\n\t\t\t\t<div class=\"elementor-element elementor-element-20b137d elementor-widget elementor-widget-wd_text_block\" data-id=\"20b137d\" data-element_type=\"widget\" data-widget_type=\"wd_text_block.default\">\n\t\t\t\t<div class=\"elementor-widget-container\">\n\t\t\t\t\t\t\t<div class=\"wd-text-block reset-last-child text-left\">\n\t\t\t\n\t\t\t<h3>\u041e \u0411\u0440\u0438\u043b\u0443\u043d\u0435<\/h3><p>\u0414\u043e\u0431\u0440\u043e \u043f\u043e\u0436\u0430\u043b\u043e\u0432\u0430\u0442\u044c \u043d\u0430 <strong>Brilune<\/strong> - \u0441\u0430\u0439\u0442, \u0433\u0434\u0435 \u043c\u044b \u043c\u0435\u043d\u044f\u0435\u043c \u0441\u043f\u043e\u0441\u043e\u0431 \u043f\u043e\u043a\u0443\u043f\u043a\u0438 \u043c\u0435\u0431\u0435\u043b\u0438. \u0421\u043b\u0438\u0448\u043a\u043e\u043c \u0434\u043e\u043b\u0433\u043e \u043c\u0435\u0431\u0435\u043b\u044c\u043d\u0430\u044f \u043f\u0440\u043e\u043c\u044b\u0448\u043b\u0435\u043d\u043d\u043e\u0441\u0442\u044c \u0431\u044b\u043b\u0430 \u0437\u0430\u0441\u0442\u043e\u0439\u043d\u043e\u0439 \u0438 \u0441\u0442\u0430\u043d\u0434\u0430\u0440\u0442\u0438\u0437\u0438\u0440\u043e\u0432\u0430\u043d\u043d\u043e\u0439. \u041c\u0438\u0441\u0441\u0438\u044f <strong>Brilune<\/strong> - \u0438\u0437\u043c\u0435\u043d\u0438\u0442\u044c \u044d\u0442\u043e.<\/p><p><strong>\u041d\u0430\u0448\u0430 \u043c\u0438\u0441\u0441\u0438\u044f<\/strong><br>\u041c\u044b \u0445\u043e\u0442\u0438\u043c \u0438\u0437\u043c\u0435\u043d\u0438\u0442\u044c \u043e\u043f\u044b\u0442 \u043f\u043e\u043a\u0443\u043f\u043a\u0438 \u043c\u0435\u0431\u0435\u043b\u0438, \u043f\u0440\u0435\u0434\u043b\u043e\u0436\u0438\u0432 \u0412\u0430\u043c<em>\u043e\u043d\u043b\u0430\u0439\u043d-\u043f\u043b\u0430\u0442\u0444\u043e\u0440\u043c\u0443<\/em>, \u043a\u043e\u0442\u043e\u0440\u0430\u044f \u0431\u0443\u0434\u0435\u0442 \u0431\u0435\u0441\u0448\u043e\u0432\u043d\u043e\u0439, \u0432\u044b\u0441\u043e\u043a\u043e\u043a\u043b\u0430\u0441\u0441\u043d\u043e\u0439 \u0438 \u0431\u0435\u0437 \u043b\u0438\u0448\u043d\u0438\u0445 \u0445\u043b\u043e\u043f\u043e\u0442. \u041c\u044b \u043f\u0440\u0435\u0434\u043b\u0430\u0433\u0430\u0435\u043c <strong>\u0443\u043d\u0438\u043a\u0430\u043b\u044c\u043d\u044b\u0435 \u0438 \u0431\u0435\u0441\u043f\u0440\u0435\u0446\u0435\u0434\u0435\u043d\u0442\u043d\u044b\u0435 \u0434\u0438\u0437\u0430\u0439\u043d\u044b<\/strong>, \u0441\u043e\u0447\u0435\u0442\u0430\u044e\u0449\u0438\u0435 \u0432 \u0441\u0435\u0431\u0435 \u044d\u043b\u0435\u0433\u0430\u043d\u0442\u043d\u043e\u0441\u0442\u044c, \u0444\u0443\u043d\u043a\u0446\u0438\u043e\u043d\u0430\u043b\u044c\u043d\u043e\u0441\u0442\u044c \u0438 \u043a\u0440\u0435\u0430\u0442\u0438\u0432\u043d\u043e\u0441\u0442\u044c. \u0423\u043a\u0440\u0430\u0448\u0430\u0435\u0442\u0435 \u043b\u0438 \u0412\u044b \u043d\u043e\u0432\u0443\u044e \u043a\u0432\u0430\u0440\u0442\u0438\u0440\u0443 \u0438\u043b\u0438 \u0438\u0449\u0435\u0442\u0435 \u0447\u0442\u043e-\u0442\u043e \u043e\u0441\u043e\u0431\u0435\u043d\u043d\u043e\u0435, \u0447\u0442\u043e\u0431\u044b \u0434\u043e\u043f\u043e\u043b\u043d\u0438\u0442\u044c \u0434\u043e\u043c \u0412\u0430\u0448\u0435\u0439 \u043c\u0435\u0447\u0442\u044b, \u0443 <strong>Brilune<\/strong> \u0435\u0441\u0442\u044c \u0447\u0442\u043e-\u0442\u043e \u0434\u0435\u0439\u0441\u0442\u0432\u0438\u0442\u0435\u043b\u044c\u043d\u043e \u043e\u0441\u043e\u0431\u0435\u043d\u043d\u043e\u0435.<\/p><p><strong>\u0427\u0442\u043e \u043e\u0442\u043b\u0438\u0447\u0430\u0435\u0442 \u043d\u0430\u0441<\/strong><\/p><ul><li><strong>\u042d\u043a\u0441\u043a\u043b\u044e\u0437\u0438\u0432\u043d\u044b\u0435 \u0434\u0438\u0437\u0430\u0439\u043d\u044b<\/strong>:\u041a\u0430\u0436\u0434\u044b\u0439 \u043f\u0440\u0435\u0434\u043c\u0435\u0442 \u0432 \u043d\u0430\u0448\u0435\u0439 \u043a\u043e\u043b\u043b\u0435\u043a\u0446\u0438\u0438 \u0431\u044b\u043b \u0442\u0449\u0430\u0442\u0435\u043b\u044c\u043d\u043e \u043e\u0442\u043e\u0431\u0440\u0430\u043d, \u0447\u0442\u043e\u0431\u044b \u0432\u044b\u0434\u0435\u043b\u044f\u0442\u044c\u0441\u044f \u0438\u0437 \u043f\u0440\u0438\u0432\u044b\u0447\u043d\u043e\u0433\u043e \u0441\u0442\u0438\u043b\u044f \u0438\u043d\u0434\u0443\u0441\u0442\u0440\u0438\u0438. \u041e\u0442 \u044d\u043b\u0435\u0433\u0430\u043d\u0442\u043d\u044b\u0445 <strong>\u0434\u0438\u0432\u0430\u043d\u043e\u0432<\/strong> \u0438 <strong>\u0441\u0442\u043e\u043b\u043e\u0432<\/strong> \u0434\u043e \u0441\u0442\u0438\u043b\u044c\u043d\u044b\u0445 <strong>\u0441\u0442\u0443\u043b\u044c\u0435\u0432<\/strong> \u0438 <strong>\u043f\u043e\u043b\u043e\u043a<\/strong> - \u043d\u0430\u0448\u0430 \u043c\u0435\u0431\u0435\u043b\u044c \u0442\u0430\u043a \u0436\u0435 \u0443\u043d\u0438\u043a\u0430\u043b\u044c\u043d\u0430, \u043a\u0430\u043a \u0438 \u0412\u0430\u0448 \u0434\u043e\u043c.<\/li><li><strong>\u0420\u043e\u0441\u043a\u043e\u0448\u043d\u044b\u0439 \u0438 \u0431\u0435\u0437\u0437\u0430\u0431\u043e\u0442\u043d\u044b\u0439 \u043e\u043f\u044b\u0442<\/strong>: \u0431\u0443\u0434\u0443\u0447\u0438 100% \u0431\u0440\u0435\u043d\u0434\u043e\u043c \u044d\u043b\u0435\u043a\u0442\u0440\u043e\u043d\u043d\u043e\u0439 \u043a\u043e\u043c\u043c\u0435\u0440\u0446\u0438\u0438, \u043c\u044b \u0434\u0435\u043b\u0430\u0435\u043c \u043f\u043e\u043a\u0443\u043f\u043a\u0438 \u043f\u0440\u043e\u0441\u0442\u044b\u043c\u0438, \u0438\u043d\u0442\u0443\u0438\u0442\u0438\u0432\u043d\u043e \u043f\u043e\u043d\u044f\u0442\u043d\u044b\u043c\u0438 \u0438 \u043f\u0440\u0438\u044f\u0442\u043d\u044b\u043c\u0438.<\/li><\/ul><p><strong>\u041f\u043e\u0447\u0435\u043c\u0443 \u0441\u0442\u043e\u0438\u0442 \u0432\u044b\u0431\u0440\u0430\u0442\u044c Brilune?<\/strong><br>\u041c\u044b \u043f\u0440\u0435\u0434\u043b\u0430\u0433\u0430\u0435\u043c \u0442\u043e\u0432\u0430\u0440\u044b \u0434\u043b\u044f \u043b\u044e\u0434\u0435\u0439, \u043a\u043e\u0442\u043e\u0440\u044b\u0435 \u0446\u0435\u043d\u044f\u0442 \u0440\u043e\u0441\u043a\u043e\u0448\u044c, \u0441\u0442\u0438\u043b\u044c \u0438 \u0443\u0434\u043e\u0431\u0441\u0442\u0432\u043e. \u041c\u044b \u043e\u0431\u0435\u0449\u0430\u0435\u043c \u0434\u043e\u0441\u0442\u0430\u0432\u0438\u0442\u044c \u043d\u0435 \u0442\u043e\u043b\u044c\u043a\u043e \u0443\u043d\u0438\u043a\u0430\u043b\u044c\u043d\u0443\u044e \u043c\u0435\u0431\u0435\u043b\u044c, \u043d\u043e \u0438 \u043d\u0435\u0437\u0430\u0431\u044b\u0432\u0430\u0435\u043c\u044b\u0435 \u0432\u043f\u0435\u0447\u0430\u0442\u043b\u0435\u043d\u0438\u044f \u043e\u0442 \u043f\u043e\u043a\u0443\u043f\u043e\u043a.<\/p><p><strong>Brilune<\/strong> - \u044d\u0442\u043e \u043d\u0435 \u043f\u0440\u043e\u0441\u0442\u043e \u043c\u0435\u0431\u0435\u043b\u044c\u043d\u044b\u0439 \u043c\u0430\u0433\u0430\u0437\u0438\u043d, \u044d\u0442\u043e \u0432\u044b\u0431\u043e\u0440 \u0441\u0442\u0438\u043b\u044f \u0436\u0438\u0437\u043d\u0438.<\/p>\n\t\t\t\t\t<\/div>\n\t\t\t\t\t\t<\/div>\n\t\t\t\t<\/div>\n\t\t\t\t<div class=\"elementor-element elementor-element-cf18f75 elementor-widget elementor-widget-wd_button\" data-id=\"cf18f75\" data-element_type=\"widget\" data-widget_type=\"wd_button.default\">\n\t\t\t\t<div class=\"elementor-widget-container\">\n\t\t\t\t\t\t\t<div class=\"wd-button-wrapper text-left wd-collapsible-button\" >\n\t\t\t<a class=\"btn btn-style-link btn-shape- btn-size-default btn-color-primary btn-icon-pos-right\"  href=\"#\">\n\t\t\t\t<span class=\"wd-btn-text\" data-elementor-setting-key=\"text\">\n\t\t\t\t\t\u0427\u0438\u0442\u0430\u0442\u044c \u0434\u0430\u043b\u0435\u0435\t\t\t\t<\/span>\n\n\t\t\t\t\t\t\t<\/a>\n\t\t<\/div>\n\t\t\t\t\t\t<\/div>\n\t\t\t\t<\/div>\n\t\t\t\t\t<\/div>\n\t\t\t\t<\/div>\n\t\t\t\t<\/div>\n\t\t","protected":false},"excerpt":{"rendered":"<p>\u041e \u0411\u0440\u0438\u043b\u0443\u043d\u0435 \u0414\u043e\u0431\u0440\u043e \u043f\u043e\u0436\u0430\u043b\u043e\u0432\u0430\u0442\u044c \u043d\u0430 Brilune &#8212; \u0441\u0430\u0439\u0442, \u0433\u0434\u0435 \u043c\u044b \u043c\u0435\u043d\u044f\u0435\u043c \u0441\u043f\u043e\u0441\u043e\u0431 \u043f\u043e\u043a\u0443\u043f\u043a\u0438 \u043c\u0435\u0431\u0435\u043b\u0438. \u0421\u043b\u0438\u0448\u043a\u043e\u043c \u0434\u043e\u043b\u0433\u043e \u043c\u0435\u0431\u0435\u043b\u044c\u043d\u0430\u044f \u043f\u0440\u043e\u043c\u044b\u0448\u043b\u0435\u043d\u043d\u043e\u0441\u0442\u044c \u0431\u044b\u043b\u0430 \u0437\u0430\u0441\u0442\u043e\u0439\u043d\u043e\u0439<\/p>\n","protected":false},"author":1,"featured_media":0,"parent":0,"menu_order":0,"comment_status":"closed","ping_status":"closed","template":"","meta":{"footnotes":""},"class_list":["post-1850","page","type-page","status-publish","hentry"],"yoast_head":"<!-- This site is optimized with the Yoast SEO plugin v26.0 - https:\/\/yoast.com\/wordpress\/plugins\/seo\/ -->\n<title>\u041e \u0431\u0440\u0435\u043d\u0434\u0435 Brilune<\/title>\n<meta name=\"robots\" content=\"index, follow, max-snippet:-1, max-image-preview:large, max-video-preview:-1\" \/>\n<link rel=\"canonical\" href=\"https:\/\/brilune.eu\/ru\/%d0%be-%d0%bd%d0%b0%d1%81\/\" \/>\n<meta property=\"og:locale\" content=\"ru_RU\" \/>\n<meta property=\"og:type\" content=\"article\" \/>\n<meta property=\"og:title\" content=\"\u041e \u0431\u0440\u0435\u043d\u0434\u0435 Brilune\" \/>\n<meta property=\"og:description\" content=\"\u041e \u0411\u0440\u0438\u043b\u0443\u043d\u0435 \u0414\u043e\u0431\u0440\u043e \u043f\u043e\u0436\u0430\u043b\u043e\u0432\u0430\u0442\u044c \u043d\u0430 Brilune &#8212; \u0441\u0430\u0439\u0442, \u0433\u0434\u0435 \u043c\u044b \u043c\u0435\u043d\u044f\u0435\u043c \u0441\u043f\u043e\u0441\u043e\u0431 \u043f\u043e\u043a\u0443\u043f\u043a\u0438 \u043c\u0435\u0431\u0435\u043b\u0438. \u0421\u043b\u0438\u0448\u043a\u043e\u043c \u0434\u043e\u043b\u0433\u043e \u043c\u0435\u0431\u0435\u043b\u044c\u043d\u0430\u044f \u043f\u0440\u043e\u043c\u044b\u0448\u043b\u0435\u043d\u043d\u043e\u0441\u0442\u044c \u0431\u044b\u043b\u0430 \u0437\u0430\u0441\u0442\u043e\u0439\u043d\u043e\u0439\" \/>\n<meta property=\"og:url\" content=\"https:\/\/brilune.eu\/ru\/%d0%be-%d0%bd%d0%b0%d1%81\/\" \/>\n<meta property=\"og:site_name\" content=\"Brilune\" \/>\n<meta property=\"article:modified_time\" content=\"2024-11-16T17:22:57+00:00\" \/>\n<meta name=\"twitter:card\" content=\"summary_large_image\" \/>\n<meta name=\"twitter:label1\" content=\"\u041f\u0440\u0438\u043c\u0435\u0440\u043d\u043e\u0435 \u0432\u0440\u0435\u043c\u044f \u0434\u043b\u044f \u0447\u0442\u0435\u043d\u0438\u044f\" \/>\n\t<meta name=\"twitter:data1\" content=\"1 \u043c\u0438\u043d\u0443\u0442\u0430\" \/>\n<script type=\"application\/ld+json\" class=\"yoast-schema-graph\">{\"@context\":\"https:\/\/schema.org\",\"@graph\":[{\"@type\":\"WebPage\",\"@id\":\"https:\/\/brilune.eu\/ru\/%d0%be-%d0%bd%d0%b0%d1%81\/\",\"url\":\"https:\/\/brilune.eu\/ru\/%d0%be-%d0%bd%d0%b0%d1%81\/\",\"name\":\"\u041e \u0431\u0440\u0435\u043d\u0434\u0435 Brilune\",\"isPartOf\":{\"@id\":\"https:\/\/brilune.eu\/ru\/#website\"},\"datePublished\":\"2023-04-20T09:47:35+00:00\",\"dateModified\":\"2024-11-16T17:22:57+00:00\",\"breadcrumb\":{\"@id\":\"https:\/\/brilune.eu\/ru\/%d0%be-%d0%bd%d0%b0%d1%81\/#breadcrumb\"},\"inLanguage\":\"ru-RU\",\"potentialAction\":[{\"@type\":\"ReadAction\",\"target\":[\"https:\/\/brilune.eu\/ru\/%d0%be-%d0%bd%d0%b0%d1%81\/\"]}]},{\"@type\":\"BreadcrumbList\",\"@id\":\"https:\/\/brilune.eu\/ru\/%d0%be-%d0%bd%d0%b0%d1%81\/#breadcrumb\",\"itemListElement\":[{\"@type\":\"ListItem\",\"position\":1,\"name\":\"\u041d\u0430\u0447\u0430\u043b\u043e\",\"item\":\"https:\/\/brilune.eu\/ru\/%d0%b3%d0%bb%d0%b0%d0%b2%d0%bd%d0%b0%d1%8f\/\"},{\"@type\":\"ListItem\",\"position\":2,\"name\":\"\u041e \u043d\u0430\u0441\"}]},{\"@type\":\"WebSite\",\"@id\":\"https:\/\/brilune.eu\/ru\/#website\",\"url\":\"https:\/\/brilune.eu\/ru\/\",\"name\":\"Brilune\",\"description\":\"M\u0113s pied\u0101v\u0101jam unik\u0101lus un nebiju\u0161us dizainus, kas apvieno eleganci, funkcionalit\u0101ti un rado\u0161umu.\",\"potentialAction\":[{\"@type\":\"SearchAction\",\"target\":{\"@type\":\"EntryPoint\",\"urlTemplate\":\"https:\/\/brilune.eu\/ru\/?s={search_term_string}\"},\"query-input\":{\"@type\":\"PropertyValueSpecification\",\"valueRequired\":true,\"valueName\":\"search_term_string\"}}],\"inLanguage\":\"ru-RU\"}]}<\/script>\n<!-- \/ Yoast SEO plugin. -->","yoast_head_json":{"title":"\u041e \u0431\u0440\u0435\u043d\u0434\u0435 Brilune","robots":{"index":"index","follow":"follow","max-snippet":"max-snippet:-1","max-image-preview":"max-image-preview:large","max-video-preview":"max-video-preview:-1"},"canonical":"https:\/\/brilune.eu\/ru\/%d0%be-%d0%bd%d0%b0%d1%81\/","og_locale":"ru_RU","og_type":"article","og_title":"\u041e \u0431\u0440\u0435\u043d\u0434\u0435 Brilune","og_description":"\u041e \u0411\u0440\u0438\u043b\u0443\u043d\u0435 \u0414\u043e\u0431\u0440\u043e \u043f\u043e\u0436\u0430\u043b\u043e\u0432\u0430\u0442\u044c \u043d\u0430 Brilune &#8212; \u0441\u0430\u0439\u0442, \u0433\u0434\u0435 \u043c\u044b \u043c\u0435\u043d\u044f\u0435\u043c \u0441\u043f\u043e\u0441\u043e\u0431 \u043f\u043e\u043a\u0443\u043f\u043a\u0438 \u043c\u0435\u0431\u0435\u043b\u0438. \u0421\u043b\u0438\u0448\u043a\u043e\u043c \u0434\u043e\u043b\u0433\u043e \u043c\u0435\u0431\u0435\u043b\u044c\u043d\u0430\u044f \u043f\u0440\u043e\u043c\u044b\u0448\u043b\u0435\u043d\u043d\u043e\u0441\u0442\u044c \u0431\u044b\u043b\u0430 \u0437\u0430\u0441\u0442\u043e\u0439\u043d\u043e\u0439","og_url":"https:\/\/brilune.eu\/ru\/%d0%be-%d0%bd%d0%b0%d1%81\/","og_site_name":"Brilune","article_modified_time":"2024-11-16T17:22:57+00:00","twitter_card":"summary_large_image","twitter_misc":{"\u041f\u0440\u0438\u043c\u0435\u0440\u043d\u043e\u0435 \u0432\u0440\u0435\u043c\u044f \u0434\u043b\u044f \u0447\u0442\u0435\u043d\u0438\u044f":"1 \u043c\u0438\u043d\u0443\u0442\u0430"},"schema":{"@context":"https:\/\/schema.org","@graph":[{"@type":"WebPage","@id":"https:\/\/brilune.eu\/ru\/%d0%be-%d0%bd%d0%b0%d1%81\/","url":"https:\/\/brilune.eu\/ru\/%d0%be-%d0%bd%d0%b0%d1%81\/","name":"\u041e \u0431\u0440\u0435\u043d\u0434\u0435 Brilune","isPartOf":{"@id":"https:\/\/brilune.eu\/ru\/#website"},"datePublished":"2023-04-20T09:47:35+00:00","dateModified":"2024-11-16T17:22:57+00:00","breadcrumb":{"@id":"https:\/\/brilune.eu\/ru\/%d0%be-%d0%bd%d0%b0%d1%81\/#breadcrumb"},"inLanguage":"ru-RU","potentialAction":[{"@type":"ReadAction","target":["https:\/\/brilune.eu\/ru\/%d0%be-%d0%bd%d0%b0%d1%81\/"]}]},{"@type":"BreadcrumbList","@id":"https:\/\/brilune.eu\/ru\/%d0%be-%d0%bd%d0%b0%d1%81\/#breadcrumb","itemListElement":[{"@type":"ListItem","position":1,"name":"\u041d\u0430\u0447\u0430\u043b\u043e","item":"https:\/\/brilune.eu\/ru\/%d0%b3%d0%bb%d0%b0%d0%b2%d0%bd%d0%b0%d1%8f\/"},{"@type":"ListItem","position":2,"name":"\u041e \u043d\u0430\u0441"}]},{"@type":"WebSite","@id":"https:\/\/brilune.eu\/ru\/#website","url":"https:\/\/brilune.eu\/ru\/","name":"Brilune","description":"M\u0113s pied\u0101v\u0101jam unik\u0101lus un nebiju\u0161us dizainus, kas apvieno eleganci, funkcionalit\u0101ti un rado\u0161umu.","potentialAction":[{"@type":"SearchAction","target":{"@type":"EntryPoint","urlTemplate":"https:\/\/brilune.eu\/ru\/?s={search_term_string}"},"query-input":{"@type":"PropertyValueSpecification","valueRequired":true,"valueName":"search_term_string"}}],"inLanguage":"ru-RU"}]}},"jetpack_sharing_enabled":true,"_links":{"self":[{"href":"https:\/\/brilune.eu\/ru\/wp-json\/wp\/v2\/pages\/1850","targetHints":{"allow":["GET"]}}],"collection":[{"href":"https:\/\/brilune.eu\/ru\/wp-json\/wp\/v2\/pages"}],"about":[{"href":"https:\/\/brilune.eu\/ru\/wp-json\/wp\/v2\/types\/page"}],"author":[{"embeddable":true,"href":"https:\/\/brilune.eu\/ru\/wp-json\/wp\/v2\/users\/1"}],"replies":[{"embeddable":true,"href":"https:\/\/brilune.eu\/ru\/wp-json\/wp\/v2\/comments?post=1850"}],"version-history":[{"count":1,"href":"https:\/\/brilune.eu\/ru\/wp-json\/wp\/v2\/pages\/1850\/revisions"}],"predecessor-version":[{"id":1851,"href":"https:\/\/brilune.eu\/ru\/wp-json\/wp\/v2\/pages\/1850\/revisions\/1851"}],"wp:attachment":[{"href":"https:\/\/brilune.eu\/ru\/wp-json\/wp\/v2\/media?parent=1850"}],"curies":[{"name":"wp","href":"https:\/\/api.w.org\/{rel}","templated":true}]}}