{"id":1834,"date":"2024-11-07T10:02:50","date_gmt":"2024-11-07T08:02:50","guid":{"rendered":"https:\/\/5f6895bf81.nxcli.io\/%d0%bc%d0%be%d1%8f-%d1%83%d1%87%d0%b5%d1%82%d0%bd%d0%b0%d1%8f-%d0%b7%d0%b0%d0%bf%d0%b8%d1%81%d1%8c\/"},"modified":"2024-11-16T15:15:00","modified_gmt":"2024-11-16T15:15:00","slug":"%d0%bc%d0%be%d1%8f-%d1%83%d1%87%d0%b5%d1%82%d0%bd%d0%b0%d1%8f-%d0%b7%d0%b0%d0%bf%d0%b8%d1%81%d1%8c","status":"publish","type":"page","link":"https:\/\/brilune.eu\/ru\/%d0%bc%d0%be%d1%8f-%d1%83%d1%87%d0%b5%d1%82%d0%bd%d0%b0%d1%8f-%d0%b7%d0%b0%d0%bf%d0%b8%d1%81%d1%8c\/","title":{"rendered":"\u041c\u043e\u044f \u0443\u0447\u0435\u0442\u043d\u0430\u044f \u0437\u0430\u043f\u0438\u0441\u044c"},"content":{"rendered":"<div class=\"woocommerce\"><\/div>\n","protected":false},"excerpt":{"rendered":"","protected":false},"author":1,"featured_media":0,"parent":0,"menu_order":0,"comment_status":"closed","ping_status":"closed","template":"","meta":{"footnotes":""},"class_list":["post-1834","page","type-page","status-publish","hentry"],"yoast_head":"<!-- This site is optimized with the Yoast SEO plugin v26.0 - https:\/\/yoast.com\/wordpress\/plugins\/seo\/ -->\n<title>\u041c\u043e\u044f \u0443\u0447\u0435\u0442\u043d\u0430\u044f \u0437\u0430\u043f\u0438\u0441\u044c - Brilune<\/title>\n<meta name=\"robots\" content=\"index, follow, max-snippet:-1, max-image-preview:large, max-video-preview:-1\" \/>\n<link rel=\"canonical\" href=\"https:\/\/brilune.eu\/ru\/%d0%bc%d0%be%d1%8f-%d1%83%d1%87%d0%b5%d1%82%d0%bd%d0%b0%d1%8f-%d0%b7%d0%b0%d0%bf%d0%b8%d1%81%d1%8c\/\" \/>\n<meta property=\"og:locale\" content=\"ru_RU\" \/>\n<meta property=\"og:type\" content=\"article\" \/>\n<meta property=\"og:title\" content=\"\u041c\u043e\u044f \u0443\u0447\u0435\u0442\u043d\u0430\u044f \u0437\u0430\u043f\u0438\u0441\u044c - Brilune\" \/>\n<meta property=\"og:url\" content=\"https:\/\/brilune.eu\/ru\/%d0%bc%d0%be%d1%8f-%d1%83%d1%87%d0%b5%d1%82%d0%bd%d0%b0%d1%8f-%d0%b7%d0%b0%d0%bf%d0%b8%d1%81%d1%8c\/\" \/>\n<meta property=\"og:site_name\" content=\"Brilune\" \/>\n<meta property=\"article:modified_time\" content=\"2024-11-16T15:15:00+00:00\" \/>\n<meta name=\"twitter:card\" content=\"summary_large_image\" \/>\n<script type=\"application\/ld+json\" class=\"yoast-schema-graph\">{\"@context\":\"https:\/\/schema.org\",\"@graph\":[{\"@type\":\"WebPage\",\"@id\":\"https:\/\/brilune.eu\/ru\/%d0%bc%d0%be%d1%8f-%d1%83%d1%87%d0%b5%d1%82%d0%bd%d0%b0%d1%8f-%d0%b7%d0%b0%d0%bf%d0%b8%d1%81%d1%8c\/\",\"url\":\"https:\/\/brilune.eu\/ru\/%d0%bc%d0%be%d1%8f-%d1%83%d1%87%d0%b5%d1%82%d0%bd%d0%b0%d1%8f-%d0%b7%d0%b0%d0%bf%d0%b8%d1%81%d1%8c\/\",\"name\":\"\u041c\u043e\u044f \u0443\u0447\u0435\u0442\u043d\u0430\u044f \u0437\u0430\u043f\u0438\u0441\u044c - Brilune\",\"isPartOf\":{\"@id\":\"https:\/\/brilune.eu\/ru\/#website\"},\"datePublished\":\"2024-11-07T08:02:50+00:00\",\"dateModified\":\"2024-11-16T15:15:00+00:00\",\"breadcrumb\":{\"@id\":\"https:\/\/brilune.eu\/ru\/%d0%bc%d0%be%d1%8f-%d1%83%d1%87%d0%b5%d1%82%d0%bd%d0%b0%d1%8f-%d0%b7%d0%b0%d0%bf%d0%b8%d1%81%d1%8c\/#breadcrumb\"},\"inLanguage\":\"ru-RU\",\"potentialAction\":[{\"@type\":\"ReadAction\",\"target\":[\"https:\/\/brilune.eu\/ru\/%d0%bc%d0%be%d1%8f-%d1%83%d1%87%d0%b5%d1%82%d0%bd%d0%b0%d1%8f-%d0%b7%d0%b0%d0%bf%d0%b8%d1%81%d1%8c\/\"]}]},{\"@type\":\"BreadcrumbList\",\"@id\":\"https:\/\/brilune.eu\/ru\/%d0%bc%d0%be%d1%8f-%d1%83%d1%87%d0%b5%d1%82%d0%bd%d0%b0%d1%8f-%d0%b7%d0%b0%d0%bf%d0%b8%d1%81%d1%8c\/#breadcrumb\",\"itemListElement\":[{\"@type\":\"ListItem\",\"position\":1,\"name\":\"\u041d\u0430\u0447\u0430\u043b\u043e\",\"item\":\"https:\/\/brilune.eu\/ru\/%d0%b3%d0%bb%d0%b0%d0%b2%d0%bd%d0%b0%d1%8f\/\"},{\"@type\":\"ListItem\",\"position\":2,\"name\":\"\u041c\u043e\u044f \u0443\u0447\u0435\u0442\u043d\u0430\u044f \u0437\u0430\u043f\u0438\u0441\u044c\"}]},{\"@type\":\"WebSite\",\"@id\":\"https:\/\/brilune.eu\/ru\/#website\",\"url\":\"https:\/\/brilune.eu\/ru\/\",\"name\":\"Brilune\",\"description\":\"M\u0113s pied\u0101v\u0101jam unik\u0101lus un nebiju\u0161us dizainus, kas apvieno eleganci, funkcionalit\u0101ti un rado\u0161umu.\",\"potentialAction\":[{\"@type\":\"SearchAction\",\"target\":{\"@type\":\"EntryPoint\",\"urlTemplate\":\"https:\/\/brilune.eu\/ru\/?s={search_term_string}\"},\"query-input\":{\"@type\":\"PropertyValueSpecification\",\"valueRequired\":true,\"valueName\":\"search_term_string\"}}],\"inLanguage\":\"ru-RU\"}]}<\/script>\n<!-- \/ Yoast SEO plugin. -->","yoast_head_json":{"title":"\u041c\u043e\u044f \u0443\u0447\u0435\u0442\u043d\u0430\u044f \u0437\u0430\u043f\u0438\u0441\u044c - Brilune","robots":{"index":"index","follow":"follow","max-snippet":"max-snippet:-1","max-image-preview":"max-image-preview:large","max-video-preview":"max-video-preview:-1"},"canonical":"https:\/\/brilune.eu\/ru\/%d0%bc%d0%be%d1%8f-%d1%83%d1%87%d0%b5%d1%82%d0%bd%d0%b0%d1%8f-%d0%b7%d0%b0%d0%bf%d0%b8%d1%81%d1%8c\/","og_locale":"ru_RU","og_type":"article","og_title":"\u041c\u043e\u044f \u0443\u0447\u0435\u0442\u043d\u0430\u044f \u0437\u0430\u043f\u0438\u0441\u044c - Brilune","og_url":"https:\/\/brilune.eu\/ru\/%d0%bc%d0%be%d1%8f-%d1%83%d1%87%d0%b5%d1%82%d0%bd%d0%b0%d1%8f-%d0%b7%d0%b0%d0%bf%d0%b8%d1%81%d1%8c\/","og_site_name":"Brilune","article_modified_time":"2024-11-16T15:15:00+00:00","twitter_card":"summary_large_image","schema":{"@context":"https:\/\/schema.org","@graph":[{"@type":"WebPage","@id":"https:\/\/brilune.eu\/ru\/%d0%bc%d0%be%d1%8f-%d1%83%d1%87%d0%b5%d1%82%d0%bd%d0%b0%d1%8f-%d0%b7%d0%b0%d0%bf%d0%b8%d1%81%d1%8c\/","url":"https:\/\/brilune.eu\/ru\/%d0%bc%d0%be%d1%8f-%d1%83%d1%87%d0%b5%d1%82%d0%bd%d0%b0%d1%8f-%d0%b7%d0%b0%d0%bf%d0%b8%d1%81%d1%8c\/","name":"\u041c\u043e\u044f \u0443\u0447\u0435\u0442\u043d\u0430\u044f \u0437\u0430\u043f\u0438\u0441\u044c - Brilune","isPartOf":{"@id":"https:\/\/brilune.eu\/ru\/#website"},"datePublished":"2024-11-07T08:02:50+00:00","dateModified":"2024-11-16T15:15:00+00:00","breadcrumb":{"@id":"https:\/\/brilune.eu\/ru\/%d0%bc%d0%be%d1%8f-%d1%83%d1%87%d0%b5%d1%82%d0%bd%d0%b0%d1%8f-%d0%b7%d0%b0%d0%bf%d0%b8%d1%81%d1%8c\/#breadcrumb"},"inLanguage":"ru-RU","potentialAction":[{"@type":"ReadAction","target":["https:\/\/brilune.eu\/ru\/%d0%bc%d0%be%d1%8f-%d1%83%d1%87%d0%b5%d1%82%d0%bd%d0%b0%d1%8f-%d0%b7%d0%b0%d0%bf%d0%b8%d1%81%d1%8c\/"]}]},{"@type":"BreadcrumbList","@id":"https:\/\/brilune.eu\/ru\/%d0%bc%d0%be%d1%8f-%d1%83%d1%87%d0%b5%d1%82%d0%bd%d0%b0%d1%8f-%d0%b7%d0%b0%d0%bf%d0%b8%d1%81%d1%8c\/#breadcrumb","itemListElement":[{"@type":"ListItem","position":1,"name":"\u041d\u0430\u0447\u0430\u043b\u043e","item":"https:\/\/brilune.eu\/ru\/%d0%b3%d0%bb%d0%b0%d0%b2%d0%bd%d0%b0%d1%8f\/"},{"@type":"ListItem","position":2,"name":"\u041c\u043e\u044f \u0443\u0447\u0435\u0442\u043d\u0430\u044f \u0437\u0430\u043f\u0438\u0441\u044c"}]},{"@type":"WebSite","@id":"https:\/\/brilune.eu\/ru\/#website","url":"https:\/\/brilune.eu\/ru\/","name":"Brilune","description":"M\u0113s pied\u0101v\u0101jam unik\u0101lus un nebiju\u0161us dizainus, kas apvieno eleganci, funkcionalit\u0101ti un rado\u0161umu.","potentialAction":[{"@type":"SearchAction","target":{"@type":"EntryPoint","urlTemplate":"https:\/\/brilune.eu\/ru\/?s={search_term_string}"},"query-input":{"@type":"PropertyValueSpecification","valueRequired":true,"valueName":"search_term_string"}}],"inLanguage":"ru-RU"}]}},"jetpack_sharing_enabled":true,"_links":{"self":[{"href":"https:\/\/brilune.eu\/ru\/wp-json\/wp\/v2\/pages\/1834","targetHints":{"allow":["GET"]}}],"collection":[{"href":"https:\/\/brilune.eu\/ru\/wp-json\/wp\/v2\/pages"}],"about":[{"href":"https:\/\/brilune.eu\/ru\/wp-json\/wp\/v2\/types\/page"}],"author":[{"embeddable":true,"href":"https:\/\/brilune.eu\/ru\/wp-json\/wp\/v2\/users\/1"}],"replies":[{"embeddable":true,"href":"https:\/\/brilune.eu\/ru\/wp-json\/wp\/v2\/comments?post=1834"}],"version-history":[{"count":0,"href":"https:\/\/brilune.eu\/ru\/wp-json\/wp\/v2\/pages\/1834\/revisions"}],"wp:attachment":[{"href":"https:\/\/brilune.eu\/ru\/wp-json\/wp\/v2\/media?parent=1834"}],"curies":[{"name":"wp","href":"https:\/\/api.w.org\/{rel}","templated":true}]}}