{"id":1832,"date":"2024-11-07T10:02:50","date_gmt":"2024-11-07T08:02:50","guid":{"rendered":"https:\/\/5f6895bf81.nxcli.io\/%d0%ba%d0%be%d1%80%d0%b7%d0%b8%d0%bd%d0%b0\/"},"modified":"2025-04-10T13:26:22","modified_gmt":"2025-04-10T11:26:22","slug":"%d0%ba%d0%be%d1%80%d0%b7%d0%b8%d0%bd%d0%b0","status":"publish","type":"page","link":"https:\/\/brilune.eu\/ru\/%d0%ba%d0%be%d1%80%d0%b7%d0%b8%d0%bd%d0%b0\/","title":{"rendered":"\u041a\u043e\u0440\u0437\u0438\u043d\u0430"},"content":{"rendered":"\n<div data-block-name=\"woocommerce\/cart\" class=\"wp-block-woocommerce-cart alignwide is-loading\">\n<div data-block-name=\"woocommerce\/filled-cart-block\" class=\"wp-block-woocommerce-filled-cart-block\">\n<div data-block-name=\"woocommerce\/cart-items-block\" class=\"wp-block-woocommerce-cart-items-block\">\n<div data-block-name=\"woocommerce\/cart-line-items-block\" class=\"wp-block-woocommerce-cart-line-items-block\"><\/div>\n\n\n\n<div data-block-name=\"woocommerce\/cart-cross-sells-block\" class=\"wp-block-woocommerce-cart-cross-sells-block\">\n<h2 class=\"wp-block-heading has-large-font-size\">You may be interested in\u2026<\/h2>\n\n\n\n<div data-block-name=\"woocommerce\/cart-cross-sells-products-block\" class=\"wp-block-woocommerce-cart-cross-sells-products-block\"><\/div>\n<\/div>\n<\/div>\n\n\n\n<div data-block-name=\"woocommerce\/cart-totals-block\" class=\"wp-block-woocommerce-cart-totals-block\">\n<div data-block-name=\"woocommerce\/cart-order-summary-block\" class=\"wp-block-woocommerce-cart-order-summary-block\">\n<div data-block-name=\"woocommerce\/cart-order-summary-heading-block\" class=\"wp-block-woocommerce-cart-order-summary-heading-block\"><\/div><div data-block-name=\"woocommerce\/cart-order-summary-coupon-form-block\" class=\"wp-block-woocommerce-cart-order-summary-coupon-form-block\"><\/div><div data-block-name=\"woocommerce\/cart-order-summary-totals-block\" class=\"wp-block-woocommerce-cart-order-summary-totals-block\">\n<div data-block-name=\"woocommerce\/cart-order-summary-subtotal-block\" class=\"wp-block-woocommerce-cart-order-summary-subtotal-block\"><\/div>\n<div data-block-name=\"woocommerce\/cart-order-summary-discount-block\" class=\"wp-block-woocommerce-cart-order-summary-discount-block\"><\/div>\n<div data-block-name=\"woocommerce\/cart-order-summary-fee-block\" class=\"wp-block-woocommerce-cart-order-summary-fee-block\"><\/div>\n<div data-block-name=\"woocommerce\/cart-order-summary-shipping-block\" class=\"wp-block-woocommerce-cart-order-summary-shipping-block\"><\/div>\n<div data-block-name=\"woocommerce\/cart-order-summary-taxes-block\" class=\"wp-block-woocommerce-cart-order-summary-taxes-block\"><\/div><\/div>\n<\/div>\n\n\n\n<div data-block-name=\"woocommerce\/cart-express-payment-block\" class=\"wp-block-woocommerce-cart-express-payment-block\"><\/div>\n\n\n\n<div data-block-name=\"woocommerce\/proceed-to-checkout-block\" class=\"wp-block-woocommerce-proceed-to-checkout-block\"><\/div>\n\n\n\n<div data-block-name=\"woocommerce\/cart-accepted-payment-methods-block\" class=\"wp-block-woocommerce-cart-accepted-payment-methods-block\"><\/div>\n<\/div>\n<\/div>\n\n\n\n<div data-block-name=\"woocommerce\/empty-cart-block\" class=\"wp-block-woocommerce-empty-cart-block\">\n<h2 class=\"wp-block-heading has-text-align-center with-empty-cart-icon wc-block-cart__empty-cart__title\">Your cart is currently empty!<\/h2>\n\n\n\n<hr class=\"wp-block-separator has-alpha-channel-opacity is-style-dots\"\/>\n\n\n\n<h2 class=\"wp-block-heading has-text-align-center\">New in store<\/h2>\n\n\n<div data-block-name=\"woocommerce\/product-new\" data-columns=\"4\" data-rows=\"1\" class=\"wc-block-grid wp-block-product-new wp-block-woocommerce-product-new wc-block-product-new has-4-columns\"><ul class=\"wc-block-grid__products\"><li class=\"wc-block-grid__product\">\n\t\t\t\t<a href=\"https:\/\/brilune.eu\/ru\/product\/haldor-solid-wood-%d1%81%d1%82%d0%be%d0%bb-%d0%b8%d0%b7-%d0%ba%d0%be%d0%b6%d0%b8-%d1%81%d0%b5%d0%b4%d0%bb%d0%b0\/\" class=\"wc-block-grid__product-link\">\n\t\t\t\t\t\n\t\t\t\t\t<div class=\"wc-block-grid__product-image\"><img fetchpriority=\"high\" decoding=\"async\" width=\"600\" height=\"600\" src=\"https:\/\/brilune.eu\/wp-content\/uploads\/2025\/07\/HaldorSolidWoodDesk-600x600.jpg\" class=\"attachment-woocommerce_thumbnail size-woocommerce_thumbnail\" alt=\"Haldor Solid Wood \u0421\u0442\u043e\u043b \u0438\u0437 \u043a\u043e\u0436\u0438 \u0441\u0435\u0434\u043b\u0430\" srcset=\"https:\/\/brilune.eu\/wp-content\/uploads\/2025\/07\/HaldorSolidWoodDesk-600x600.jpg 600w, https:\/\/brilune.eu\/wp-content\/uploads\/2025\/07\/HaldorSolidWoodDesk-300x300.jpg 300w, https:\/\/brilune.eu\/wp-content\/uploads\/2025\/07\/HaldorSolidWoodDesk-1024x1024.jpg 1024w, https:\/\/brilune.eu\/wp-content\/uploads\/2025\/07\/HaldorSolidWoodDesk-150x150.jpg 150w, https:\/\/brilune.eu\/wp-content\/uploads\/2025\/07\/HaldorSolidWoodDesk-768x768.jpg 768w, https:\/\/brilune.eu\/wp-content\/uploads\/2025\/07\/HaldorSolidWoodDesk.jpg 1065w\" sizes=\"(max-width: 600px) 100vw, 600px\" \/><\/div>\n\t\t\t\t\t<div class=\"wc-block-grid__product-title\">Haldor Solid Wood \u0421\u0442\u043e\u043b \u0438\u0437 \u043a\u043e\u0436\u0438 \u0441\u0435\u0434\u043b\u0430<\/div>\n\t\t\t\t<\/a>\n\t\t\t\t<div class=\"wc-block-grid__product-price price\"><span class=\"woocommerce-Price-amount amount\" aria-hidden=\"true\">1613,95&nbsp;<span class=\"woocommerce-Price-currencySymbol\">&euro;<\/span><\/span> <span aria-hidden=\"true\">&ndash;<\/span> <span class=\"woocommerce-Price-amount amount\" aria-hidden=\"true\">1918,95&nbsp;<span class=\"woocommerce-Price-currencySymbol\">&euro;<\/span><\/span><span class=\"screen-reader-text\">\u0414\u0438\u0430\u043f\u0430\u0437\u043e\u043d \u0446\u0435\u043d: 1613,95&nbsp;&euro; \u2013 1918,95&nbsp;&euro;<\/span><\/div>\n\t\t\t\t\n\t\t\t\t<div class=\"wp-block-button wc-block-grid__product-add-to-cart\"><a href=\"https:\/\/brilune.eu\/ru\/product\/haldor-solid-wood-%d1%81%d1%82%d0%be%d0%bb-%d0%b8%d0%b7-%d0%ba%d0%be%d0%b6%d0%b8-%d1%81%d0%b5%d0%b4%d0%bb%d0%b0\/\" aria-label=\"\u0412\u044b\u0431\u0435\u0440\u0438\u0442\u0435 \u043f\u0430\u0440\u0430\u043c\u0435\u0442\u0440\u044b \u0434\u043b\u044f \u00abHaldor Solid Wood \u0421\u0442\u043e\u043b \u0438\u0437 \u043a\u043e\u0436\u0438 \u0441\u0435\u0434\u043b\u0430\u00bb\" data-quantity=\"1\" data-product_id=\"64141\" data-product_sku=\"SK10100\" data-price=\"1613.95\" rel=\"nofollow\" class=\"wp-block-button__link  add_to_cart_button\">\u0412\u044b\u0431\u0435\u0440\u0438\u0442\u0435 \u043f\u0430\u0440\u0430\u043c\u0435\u0442\u0440\u044b<\/a><\/div>\n\t\t\t<\/li><li class=\"wc-block-grid__product\">\n\t\t\t\t<a href=\"https:\/\/brilune.eu\/ru\/product\/%d1%82%d0%be%d1%80%d0%b0-%d0%b8%d1%82%d0%b0%d0%bb%d1%8c%d1%8f%d0%bd%d1%81%d0%ba%d0%b8%d0%b9-%d1%81%d1%82%d0%b8%d0%bb%d1%8c-%d1%81%d1%82%d0%b5%d0%ba%d0%bb%d1%8f%d0%bd%d0%bd%d1%8b%d0%b9-%d1%81%d0%bf\/\" class=\"wc-block-grid__product-link\">\n\t\t\t\t\t\n\t\t\t\t\t<div class=\"wc-block-grid__product-image\"><img decoding=\"async\" width=\"600\" height=\"600\" src=\"https:\/\/brilune.eu\/wp-content\/uploads\/2025\/07\/ThoraItalianStyleGlassDesk-600x600.jpg\" class=\"attachment-woocommerce_thumbnail size-woocommerce_thumbnail\" alt=\"\u0422\u043e\u0440\u0430 \u0438\u0442\u0430\u043b\u044c\u044f\u043d\u0441\u043a\u0438\u0439 \u0441\u0442\u0438\u043b\u044c \u0441\u0442\u0435\u043a\u043b\u044f\u043d\u043d\u044b\u0439 \u0441\u043f\u043b\u043e\u0448\u043d\u043e\u0439 \u0434\u0440\u0435\u0432\u0435\u0441\u0438\u043d\u0430\" srcset=\"https:\/\/brilune.eu\/wp-content\/uploads\/2025\/07\/ThoraItalianStyleGlassDesk-600x600.jpg 600w, https:\/\/brilune.eu\/wp-content\/uploads\/2025\/07\/ThoraItalianStyleGlassDesk-300x300.jpg 300w, https:\/\/brilune.eu\/wp-content\/uploads\/2025\/07\/ThoraItalianStyleGlassDesk-1024x1024.jpg 1024w, https:\/\/brilune.eu\/wp-content\/uploads\/2025\/07\/ThoraItalianStyleGlassDesk-150x150.jpg 150w, https:\/\/brilune.eu\/wp-content\/uploads\/2025\/07\/ThoraItalianStyleGlassDesk-768x768.jpg 768w, https:\/\/brilune.eu\/wp-content\/uploads\/2025\/07\/ThoraItalianStyleGlassDesk.jpg 1080w\" sizes=\"(max-width: 600px) 100vw, 600px\" \/><\/div>\n\t\t\t\t\t<div class=\"wc-block-grid__product-title\">\u0422\u043e\u0440\u0430 \u0438\u0442\u0430\u043b\u044c\u044f\u043d\u0441\u043a\u0438\u0439 \u0441\u0442\u0438\u043b\u044c \u0441\u0442\u0435\u043a\u043b\u044f\u043d\u043d\u044b\u0439 \u0441\u043f\u043b\u043e\u0448\u043d\u043e\u0439 \u0434\u0440\u0435\u0432\u0435\u0441\u0438\u043d\u0430<\/div>\n\t\t\t\t<\/a>\n\t\t\t\t<div class=\"wc-block-grid__product-price price\"><span class=\"woocommerce-Price-amount amount\" aria-hidden=\"true\">1943,95&nbsp;<span class=\"woocommerce-Price-currencySymbol\">&euro;<\/span><\/span> <span aria-hidden=\"true\">&ndash;<\/span> <span class=\"woocommerce-Price-amount amount\" aria-hidden=\"true\">2095,95&nbsp;<span class=\"woocommerce-Price-currencySymbol\">&euro;<\/span><\/span><span class=\"screen-reader-text\">\u0414\u0438\u0430\u043f\u0430\u0437\u043e\u043d \u0446\u0435\u043d: 1943,95&nbsp;&euro; \u2013 2095,95&nbsp;&euro;<\/span><\/div>\n\t\t\t\t\n\t\t\t\t<div class=\"wp-block-button wc-block-grid__product-add-to-cart\"><a href=\"https:\/\/brilune.eu\/ru\/product\/%d1%82%d0%be%d1%80%d0%b0-%d0%b8%d1%82%d0%b0%d0%bb%d1%8c%d1%8f%d0%bd%d1%81%d0%ba%d0%b8%d0%b9-%d1%81%d1%82%d0%b8%d0%bb%d1%8c-%d1%81%d1%82%d0%b5%d0%ba%d0%bb%d1%8f%d0%bd%d0%bd%d1%8b%d0%b9-%d1%81%d0%bf\/\" aria-label=\"\u0412\u044b\u0431\u0435\u0440\u0438\u0442\u0435 \u043f\u0430\u0440\u0430\u043c\u0435\u0442\u0440\u044b \u0434\u043b\u044f \u00ab\u0422\u043e\u0440\u0430 \u0438\u0442\u0430\u043b\u044c\u044f\u043d\u0441\u043a\u0438\u0439 \u0441\u0442\u0438\u043b\u044c \u0441\u0442\u0435\u043a\u043b\u044f\u043d\u043d\u044b\u0439 \u0441\u043f\u043b\u043e\u0448\u043d\u043e\u0439 \u0434\u0440\u0435\u0432\u0435\u0441\u0438\u043d\u0430\u00bb\" data-quantity=\"1\" data-product_id=\"64033\" data-product_sku=\"SK10099\" data-price=\"1943.95\" rel=\"nofollow\" class=\"wp-block-button__link  add_to_cart_button\">\u0412\u044b\u0431\u0435\u0440\u0438\u0442\u0435 \u043f\u0430\u0440\u0430\u043c\u0435\u0442\u0440\u044b<\/a><\/div>\n\t\t\t<\/li><li class=\"wc-block-grid__product\">\n\t\t\t\t<a href=\"https:\/\/brilune.eu\/ru\/product\/%d1%80%d0%b0%d0%b3%d0%bd%d0%b0%d1%80-%d1%81%d1%82%d0%be%d0%bb-%d0%b8%d0%b7-%d1%86%d0%b5%d0%bb%d1%8c%d0%bd%d0%be%d0%b3%d0%be-%d0%b4%d0%b5%d1%80%d0%b5%d0%b2%d0%b0-%d1%81-%d0%be%d1%82%d0%b4%d0%b5%d0%bb\/\" class=\"wc-block-grid__product-link\">\n\t\t\t\t\t\n\t\t\t\t\t<div class=\"wc-block-grid__product-image\"><img decoding=\"async\" width=\"600\" height=\"600\" src=\"https:\/\/brilune.eu\/wp-content\/uploads\/2025\/07\/RagnarSolidWoodSaddleLeatherDesk-600x600.jpg\" class=\"attachment-woocommerce_thumbnail size-woocommerce_thumbnail\" alt=\"\u0420\u0430\u0433\u043d\u0430\u0440 \u0441\u0442\u043e\u043b \u0438\u0437 \u0446\u0435\u043b\u044c\u043d\u043e\u0433\u043e \u0434\u0435\u0440\u0435\u0432\u0430 \u0441 \u043e\u0442\u0434\u0435\u043b\u043a\u043e\u0439 \u0438\u0437 \u043a\u043e\u0436\u0438 \u0441\u0435\u0434\u043b\u0430\" srcset=\"https:\/\/brilune.eu\/wp-content\/uploads\/2025\/07\/RagnarSolidWoodSaddleLeatherDesk-600x600.jpg 600w, https:\/\/brilune.eu\/wp-content\/uploads\/2025\/07\/RagnarSolidWoodSaddleLeatherDesk-300x300.jpg 300w, https:\/\/brilune.eu\/wp-content\/uploads\/2025\/07\/RagnarSolidWoodSaddleLeatherDesk-1024x1024.jpg 1024w, https:\/\/brilune.eu\/wp-content\/uploads\/2025\/07\/RagnarSolidWoodSaddleLeatherDesk-150x150.jpg 150w, https:\/\/brilune.eu\/wp-content\/uploads\/2025\/07\/RagnarSolidWoodSaddleLeatherDesk-768x768.jpg 768w, https:\/\/brilune.eu\/wp-content\/uploads\/2025\/07\/RagnarSolidWoodSaddleLeatherDesk.jpg 1080w\" sizes=\"(max-width: 600px) 100vw, 600px\" \/><\/div>\n\t\t\t\t\t<div class=\"wc-block-grid__product-title\">\u0420\u0430\u0433\u043d\u0430\u0440 \u0441\u0442\u043e\u043b \u0438\u0437 \u0446\u0435\u043b\u044c\u043d\u043e\u0433\u043e \u0434\u0435\u0440\u0435\u0432\u0430 \u0441 \u043e\u0442\u0434\u0435\u043b\u043a\u043e\u0439 \u0438\u0437 \u043a\u043e\u0436\u0438 \u0441\u0435\u0434\u043b\u0430<\/div>\n\t\t\t\t<\/a>\n\t\t\t\t<div class=\"wc-block-grid__product-price price\"><span class=\"woocommerce-Price-amount amount\" aria-hidden=\"true\">1410,95&nbsp;<span class=\"woocommerce-Price-currencySymbol\">&euro;<\/span><\/span> <span aria-hidden=\"true\">&ndash;<\/span> <span class=\"woocommerce-Price-amount amount\" aria-hidden=\"true\">1806,95&nbsp;<span class=\"woocommerce-Price-currencySymbol\">&euro;<\/span><\/span><span class=\"screen-reader-text\">\u0414\u0438\u0430\u043f\u0430\u0437\u043e\u043d \u0446\u0435\u043d: 1410,95&nbsp;&euro; \u2013 1806,95&nbsp;&euro;<\/span><\/div>\n\t\t\t\t\n\t\t\t\t<div class=\"wp-block-button wc-block-grid__product-add-to-cart\"><a href=\"https:\/\/brilune.eu\/ru\/product\/%d1%80%d0%b0%d0%b3%d0%bd%d0%b0%d1%80-%d1%81%d1%82%d0%be%d0%bb-%d0%b8%d0%b7-%d1%86%d0%b5%d0%bb%d1%8c%d0%bd%d0%be%d0%b3%d0%be-%d0%b4%d0%b5%d1%80%d0%b5%d0%b2%d0%b0-%d1%81-%d0%be%d1%82%d0%b4%d0%b5%d0%bb\/\" aria-label=\"\u0412\u044b\u0431\u0435\u0440\u0438\u0442\u0435 \u043f\u0430\u0440\u0430\u043c\u0435\u0442\u0440\u044b \u0434\u043b\u044f \u00ab\u0420\u0430\u0433\u043d\u0430\u0440 \u0441\u0442\u043e\u043b \u0438\u0437 \u0446\u0435\u043b\u044c\u043d\u043e\u0433\u043e \u0434\u0435\u0440\u0435\u0432\u0430 \u0441 \u043e\u0442\u0434\u0435\u043b\u043a\u043e\u0439 \u0438\u0437 \u043a\u043e\u0436\u0438 \u0441\u0435\u0434\u043b\u0430\u00bb\" data-quantity=\"1\" data-product_id=\"63991\" data-product_sku=\"SK10098\" data-price=\"1410.95\" rel=\"nofollow\" class=\"wp-block-button__link  add_to_cart_button\">\u0412\u044b\u0431\u0435\u0440\u0438\u0442\u0435 \u043f\u0430\u0440\u0430\u043c\u0435\u0442\u0440\u044b<\/a><\/div>\n\t\t\t<\/li><li class=\"wc-block-grid__product\">\n\t\t\t\t<a href=\"https:\/\/brilune.eu\/ru\/product\/%d1%8d%d0%bb%d0%b5%d0%ba%d1%82%d1%80%d0%b8%d1%87%d0%b5%d1%81%d0%ba%d0%b8%d0%b9-%d1%81%d1%82%d0%be%d1%8f%d1%87%d0%b8%d0%b9-%d1%81%d1%82%d0%be%d0%bb-thorsten-%d0%b8%d0%b7-%d0%bc%d0%b0%d1%81%d1%81%d0%b8\/\" class=\"wc-block-grid__product-link\">\n\t\t\t\t\t\n\t\t\t\t\t<div class=\"wc-block-grid__product-image\"><img loading=\"lazy\" decoding=\"async\" width=\"600\" height=\"600\" src=\"https:\/\/brilune.eu\/wp-content\/uploads\/2025\/07\/ThorstenBlackWalnutSolidWoodElectricStandingDesk_shadow-600x600.jpg\" class=\"attachment-woocommerce_thumbnail size-woocommerce_thumbnail\" alt=\"\u042d\u043b\u0435\u043a\u0442\u0440\u0438\u0447\u0435\u0441\u043a\u0438\u0439 \u0441\u0442\u043e\u044f\u0447\u0438\u0439 \u0441\u0442\u043e\u043b Thorsten \u0438\u0437 \u043c\u0430\u0441\u0441\u0438\u0432\u0430 \u0447\u0435\u0440\u043d\u043e\u0433\u043e \u043e\u0440\u0435\u0445\u0430\" srcset=\"https:\/\/brilune.eu\/wp-content\/uploads\/2025\/07\/ThorstenBlackWalnutSolidWoodElectricStandingDesk_shadow-600x600.jpg 600w, https:\/\/brilune.eu\/wp-content\/uploads\/2025\/07\/ThorstenBlackWalnutSolidWoodElectricStandingDesk_shadow-300x300.jpg 300w, https:\/\/brilune.eu\/wp-content\/uploads\/2025\/07\/ThorstenBlackWalnutSolidWoodElectricStandingDesk_shadow-1024x1024.jpg 1024w, https:\/\/brilune.eu\/wp-content\/uploads\/2025\/07\/ThorstenBlackWalnutSolidWoodElectricStandingDesk_shadow-150x150.jpg 150w, https:\/\/brilune.eu\/wp-content\/uploads\/2025\/07\/ThorstenBlackWalnutSolidWoodElectricStandingDesk_shadow-768x768.jpg 768w, https:\/\/brilune.eu\/wp-content\/uploads\/2025\/07\/ThorstenBlackWalnutSolidWoodElectricStandingDesk_shadow.jpg 1080w\" sizes=\"(max-width: 600px) 100vw, 600px\" \/><\/div>\n\t\t\t\t\t<div class=\"wc-block-grid__product-title\">\u042d\u043b\u0435\u043a\u0442\u0440\u0438\u0447\u0435\u0441\u043a\u0438\u0439 \u0441\u0442\u043e\u044f\u0447\u0438\u0439 \u0441\u0442\u043e\u043b Thorsten \u0438\u0437 \u043c\u0430\u0441\u0441\u0438\u0432\u0430 \u0447\u0435\u0440\u043d\u043e\u0433\u043e \u043e\u0440\u0435\u0445\u0430<\/div>\n\t\t\t\t<\/a>\n\t\t\t\t<div class=\"wc-block-grid__product-price price\"><span class=\"woocommerce-Price-amount amount\" aria-hidden=\"true\">2368,95&nbsp;<span class=\"woocommerce-Price-currencySymbol\">&euro;<\/span><\/span> <span aria-hidden=\"true\">&ndash;<\/span> <span class=\"woocommerce-Price-amount amount\" aria-hidden=\"true\">3382,95&nbsp;<span class=\"woocommerce-Price-currencySymbol\">&euro;<\/span><\/span><span class=\"screen-reader-text\">\u0414\u0438\u0430\u043f\u0430\u0437\u043e\u043d \u0446\u0435\u043d: 2368,95&nbsp;&euro; \u2013 3382,95&nbsp;&euro;<\/span><\/div>\n\t\t\t\t\n\t\t\t\t<div class=\"wp-block-button wc-block-grid__product-add-to-cart\"><a href=\"https:\/\/brilune.eu\/ru\/product\/%d1%8d%d0%bb%d0%b5%d0%ba%d1%82%d1%80%d0%b8%d1%87%d0%b5%d1%81%d0%ba%d0%b8%d0%b9-%d1%81%d1%82%d0%be%d1%8f%d1%87%d0%b8%d0%b9-%d1%81%d1%82%d0%be%d0%bb-thorsten-%d0%b8%d0%b7-%d0%bc%d0%b0%d1%81%d1%81%d0%b8\/\" aria-label=\"\u0412\u044b\u0431\u0435\u0440\u0438\u0442\u0435 \u043f\u0430\u0440\u0430\u043c\u0435\u0442\u0440\u044b \u0434\u043b\u044f \u00ab\u042d\u043b\u0435\u043a\u0442\u0440\u0438\u0447\u0435\u0441\u043a\u0438\u0439 \u0441\u0442\u043e\u044f\u0447\u0438\u0439 \u0441\u0442\u043e\u043b Thorsten \u0438\u0437 \u043c\u0430\u0441\u0441\u0438\u0432\u0430 \u0447\u0435\u0440\u043d\u043e\u0433\u043e \u043e\u0440\u0435\u0445\u0430\u00bb\" data-quantity=\"1\" data-product_id=\"63803\" data-product_sku=\"SK10097\" data-price=\"2368.95\" rel=\"nofollow\" class=\"wp-block-button__link  add_to_cart_button\">\u0412\u044b\u0431\u0435\u0440\u0438\u0442\u0435 \u043f\u0430\u0440\u0430\u043c\u0435\u0442\u0440\u044b<\/a><\/div>\n\t\t\t<\/li><\/ul><\/div><\/div>\n<\/div>\n","protected":false},"excerpt":{"rendered":"","protected":false},"author":1,"featured_media":0,"parent":0,"menu_order":0,"comment_status":"closed","ping_status":"closed","template":"","meta":{"footnotes":""},"class_list":["post-1832","page","type-page","status-publish","hentry"],"yoast_head":"<!-- This site is optimized with the Yoast SEO plugin v26.0 - https:\/\/yoast.com\/wordpress\/plugins\/seo\/ -->\n<title>\u041a\u043e\u0440\u0437\u0438\u043d\u0430 - Brilune<\/title>\n<meta name=\"robots\" content=\"index, follow, max-snippet:-1, max-image-preview:large, max-video-preview:-1\" \/>\n<link rel=\"canonical\" href=\"https:\/\/brilune.eu\/ru\/%d0%ba%d0%be%d1%80%d0%b7%d0%b8%d0%bd%d0%b0\/\" \/>\n<meta property=\"og:locale\" content=\"ru_RU\" \/>\n<meta property=\"og:type\" content=\"article\" \/>\n<meta property=\"og:title\" content=\"\u041a\u043e\u0440\u0437\u0438\u043d\u0430 - Brilune\" \/>\n<meta property=\"og:url\" content=\"https:\/\/brilune.eu\/ru\/%d0%ba%d0%be%d1%80%d0%b7%d0%b8%d0%bd%d0%b0\/\" \/>\n<meta property=\"og:site_name\" content=\"Brilune\" \/>\n<meta property=\"article:modified_time\" content=\"2025-04-10T11:26:22+00:00\" \/>\n<meta name=\"twitter:card\" content=\"summary_large_image\" \/>\n<meta name=\"twitter:label1\" content=\"\u041f\u0440\u0438\u043c\u0435\u0440\u043d\u043e\u0435 \u0432\u0440\u0435\u043c\u044f \u0434\u043b\u044f \u0447\u0442\u0435\u043d\u0438\u044f\" \/>\n\t<meta name=\"twitter:data1\" content=\"1 \u043c\u0438\u043d\u0443\u0442\u0430\" \/>\n<script type=\"application\/ld+json\" class=\"yoast-schema-graph\">{\"@context\":\"https:\/\/schema.org\",\"@graph\":[{\"@type\":\"WebPage\",\"@id\":\"https:\/\/brilune.eu\/ru\/%d0%ba%d0%be%d1%80%d0%b7%d0%b8%d0%bd%d0%b0\/\",\"url\":\"https:\/\/brilune.eu\/ru\/%d0%ba%d0%be%d1%80%d0%b7%d0%b8%d0%bd%d0%b0\/\",\"name\":\"\u041a\u043e\u0440\u0437\u0438\u043d\u0430 - Brilune\",\"isPartOf\":{\"@id\":\"https:\/\/brilune.eu\/ru\/#website\"},\"datePublished\":\"2024-11-07T08:02:50+00:00\",\"dateModified\":\"2025-04-10T11:26:22+00:00\",\"breadcrumb\":{\"@id\":\"https:\/\/brilune.eu\/ru\/%d0%ba%d0%be%d1%80%d0%b7%d0%b8%d0%bd%d0%b0\/#breadcrumb\"},\"inLanguage\":\"ru-RU\",\"potentialAction\":[{\"@type\":\"ReadAction\",\"target\":[\"https:\/\/brilune.eu\/ru\/%d0%ba%d0%be%d1%80%d0%b7%d0%b8%d0%bd%d0%b0\/\"]}]},{\"@type\":\"BreadcrumbList\",\"@id\":\"https:\/\/brilune.eu\/ru\/%d0%ba%d0%be%d1%80%d0%b7%d0%b8%d0%bd%d0%b0\/#breadcrumb\",\"itemListElement\":[{\"@type\":\"ListItem\",\"position\":1,\"name\":\"\u041d\u0430\u0447\u0430\u043b\u043e\",\"item\":\"https:\/\/brilune.eu\/ru\/%d0%b3%d0%bb%d0%b0%d0%b2%d0%bd%d0%b0%d1%8f\/\"},{\"@type\":\"ListItem\",\"position\":2,\"name\":\"\u041a\u043e\u0440\u0437\u0438\u043d\u0430\"}]},{\"@type\":\"WebSite\",\"@id\":\"https:\/\/brilune.eu\/ru\/#website\",\"url\":\"https:\/\/brilune.eu\/ru\/\",\"name\":\"Brilune\",\"description\":\"M\u0113s pied\u0101v\u0101jam unik\u0101lus un nebiju\u0161us dizainus, kas apvieno eleganci, funkcionalit\u0101ti un rado\u0161umu.\",\"potentialAction\":[{\"@type\":\"SearchAction\",\"target\":{\"@type\":\"EntryPoint\",\"urlTemplate\":\"https:\/\/brilune.eu\/ru\/?s={search_term_string}\"},\"query-input\":{\"@type\":\"PropertyValueSpecification\",\"valueRequired\":true,\"valueName\":\"search_term_string\"}}],\"inLanguage\":\"ru-RU\"}]}<\/script>\n<!-- \/ Yoast SEO plugin. -->","yoast_head_json":{"title":"\u041a\u043e\u0440\u0437\u0438\u043d\u0430 - Brilune","robots":{"index":"index","follow":"follow","max-snippet":"max-snippet:-1","max-image-preview":"max-image-preview:large","max-video-preview":"max-video-preview:-1"},"canonical":"https:\/\/brilune.eu\/ru\/%d0%ba%d0%be%d1%80%d0%b7%d0%b8%d0%bd%d0%b0\/","og_locale":"ru_RU","og_type":"article","og_title":"\u041a\u043e\u0440\u0437\u0438\u043d\u0430 - Brilune","og_url":"https:\/\/brilune.eu\/ru\/%d0%ba%d0%be%d1%80%d0%b7%d0%b8%d0%bd%d0%b0\/","og_site_name":"Brilune","article_modified_time":"2025-04-10T11:26:22+00:00","twitter_card":"summary_large_image","twitter_misc":{"\u041f\u0440\u0438\u043c\u0435\u0440\u043d\u043e\u0435 \u0432\u0440\u0435\u043c\u044f \u0434\u043b\u044f \u0447\u0442\u0435\u043d\u0438\u044f":"1 \u043c\u0438\u043d\u0443\u0442\u0430"},"schema":{"@context":"https:\/\/schema.org","@graph":[{"@type":"WebPage","@id":"https:\/\/brilune.eu\/ru\/%d0%ba%d0%be%d1%80%d0%b7%d0%b8%d0%bd%d0%b0\/","url":"https:\/\/brilune.eu\/ru\/%d0%ba%d0%be%d1%80%d0%b7%d0%b8%d0%bd%d0%b0\/","name":"\u041a\u043e\u0440\u0437\u0438\u043d\u0430 - Brilune","isPartOf":{"@id":"https:\/\/brilune.eu\/ru\/#website"},"datePublished":"2024-11-07T08:02:50+00:00","dateModified":"2025-04-10T11:26:22+00:00","breadcrumb":{"@id":"https:\/\/brilune.eu\/ru\/%d0%ba%d0%be%d1%80%d0%b7%d0%b8%d0%bd%d0%b0\/#breadcrumb"},"inLanguage":"ru-RU","potentialAction":[{"@type":"ReadAction","target":["https:\/\/brilune.eu\/ru\/%d0%ba%d0%be%d1%80%d0%b7%d0%b8%d0%bd%d0%b0\/"]}]},{"@type":"BreadcrumbList","@id":"https:\/\/brilune.eu\/ru\/%d0%ba%d0%be%d1%80%d0%b7%d0%b8%d0%bd%d0%b0\/#breadcrumb","itemListElement":[{"@type":"ListItem","position":1,"name":"\u041d\u0430\u0447\u0430\u043b\u043e","item":"https:\/\/brilune.eu\/ru\/%d0%b3%d0%bb%d0%b0%d0%b2%d0%bd%d0%b0%d1%8f\/"},{"@type":"ListItem","position":2,"name":"\u041a\u043e\u0440\u0437\u0438\u043d\u0430"}]},{"@type":"WebSite","@id":"https:\/\/brilune.eu\/ru\/#website","url":"https:\/\/brilune.eu\/ru\/","name":"Brilune","description":"M\u0113s pied\u0101v\u0101jam unik\u0101lus un nebiju\u0161us dizainus, kas apvieno eleganci, funkcionalit\u0101ti un rado\u0161umu.","potentialAction":[{"@type":"SearchAction","target":{"@type":"EntryPoint","urlTemplate":"https:\/\/brilune.eu\/ru\/?s={search_term_string}"},"query-input":{"@type":"PropertyValueSpecification","valueRequired":true,"valueName":"search_term_string"}}],"inLanguage":"ru-RU"}]}},"jetpack_sharing_enabled":true,"_links":{"self":[{"href":"https:\/\/brilune.eu\/ru\/wp-json\/wp\/v2\/pages\/1832","targetHints":{"allow":["GET"]}}],"collection":[{"href":"https:\/\/brilune.eu\/ru\/wp-json\/wp\/v2\/pages"}],"about":[{"href":"https:\/\/brilune.eu\/ru\/wp-json\/wp\/v2\/types\/page"}],"author":[{"embeddable":true,"href":"https:\/\/brilune.eu\/ru\/wp-json\/wp\/v2\/users\/1"}],"replies":[{"embeddable":true,"href":"https:\/\/brilune.eu\/ru\/wp-json\/wp\/v2\/comments?post=1832"}],"version-history":[{"count":1,"href":"https:\/\/brilune.eu\/ru\/wp-json\/wp\/v2\/pages\/1832\/revisions"}],"predecessor-version":[{"id":2111,"href":"https:\/\/brilune.eu\/ru\/wp-json\/wp\/v2\/pages\/1832\/revisions\/2111"}],"wp:attachment":[{"href":"https:\/\/brilune.eu\/ru\/wp-json\/wp\/v2\/media?parent=1832"}],"curies":[{"name":"wp","href":"https:\/\/api.w.org\/{rel}","templated":true}]}}