{"id":61070,"date":"2025-07-11T14:00:05","date_gmt":"2025-07-11T12:00:05","guid":{"rendered":"https:\/\/brilune.eu\/?post_type=product&#038;p=61070"},"modified":"2025-07-11T14:18:15","modified_gmt":"2025-07-11T12:18:15","slug":"edda-italu-stila-peldosa-gulta-ar-gaismu","status":"publish","type":"product","link":"https:\/\/brilune.eu\/lv\/product\/edda-italu-stila-peldosa-gulta-ar-gaismu\/","title":{"rendered":"Edda it\u0101\u013cu stila peldo\u0161\u0101 gulta ar gaismu"},"content":{"rendered":"<p><span data-mce-fragment=\"1\">Edda it\u0101\u013cu stila peldo\u0161\u0101 gulta no jauna defin\u0113 m\u016bsdienu eleganci j\u016bsu galvenaj\u0101 gu\u013camistab\u0101. Ar savu it\u0101\u013cu minim\u0101lisma \u0101das dizainu \u0161\u012b divgu\u013cam\u0101 gulta iemieso izsmalcin\u0101t\u012bbu un grezn\u012bbu. T\u0101 strukt\u016bra bez aizmugures izstaro gludu, modernu est\u0113tiku, kas ir lieliski piem\u0113rota tiem, kas nov\u0113rt\u0113 minim\u0101lisma stilu. Izgatavots, r\u016bp\u012bgi piev\u0113r\u0161ot uzman\u012bbu deta\u013c\u0101m, tas neman\u0101mi apvieno komfortu un est\u0113tiku. Neatkar\u012bgi no t\u0101, vai to izmanto k\u0101 ku\u0161eti vai centr\u0101lo da\u013cu j\u016bsu gu\u013camistab\u0101, \u0161is vieglais luksusa izstr\u0101d\u0101jums pie\u0161\u0137ir izsmalcin\u0101t\u012bbu jebkurai telpai. Uzlabojiet savu gul\u0113\u0161anas pieredzi ar peldo\u0161o gultu No Bedside\u00a0\u2014 modernu elementu, kas p\u0101rv\u0113r\u0161 j\u016bsu gu\u013camistabu par m\u016bsdien\u012bga \u0161ika sv\u0113tn\u012bcu.<\/span><\/p>\n<h5><span data-mce-fragment=\"1\">Materi\u0101ls<\/span><\/h5>\n<ul>\n<li><span><strong>Atzveltnes virsma<\/strong>: mikro\u0161\u0137iedras \u0101da<\/span><\/li>\n<li>\n<strong>R\u0101mis<\/strong><span>: lapegles koks<\/span><span><\/span>\n<\/li>\n<li><span><strong>Gultas d\u0113lis<\/strong>: Eiropas di\u017esk\u0101bar\u017ea koks<\/span><\/li>\n<li><span><strong>K\u0101jas<\/strong>: oglek\u013ca t\u0113rauds<\/span><\/li>\n<li><span><strong>Papildus<\/strong>: vied\u0101 sensora gaismas josla<\/span><\/li>\n<\/ul>\n<h5><span>Izm\u0113rs<\/span><\/h5>\n<p><span><img decoding=\"async\" alt=\"\" src=\"https:\/\/cdn.shopify.com\/s\/files\/1\/0801\/4430\/2425\/files\/Edda_Italian_Style_Floating_Bed_dimension.png?v=1711711260\" width=\"353\" height=\"2\/p>&#8220;<\/p>\n","protected":false},"excerpt":{"rendered":"<p>Edda it\u0101\u013cu stila peldo\u0161\u0101 gulta no jauna defin\u0113 modernu eleganci j\u016bsu galvenaj\u0101 gu\u013camistab\u0101. Ar savu it\u0101\u013cu minim\u0101lisma \u0101das dizainu \u0161\u012b divgu\u013cam\u0101 gulta iemieso izsmalcin\u0101t\u012bbu un grezn\u012bbu. T\u0101 strukt\u016bra bez aizmugures izstaro gludu, modernu est\u0113tiku, perfektu&#8230;<\/p>\n","protected":false},"featured_media":61218,"comment_status":"closed","ping_status":"closed","template":"","meta":[],"product_brand":[],"product_cat":[1670],"product_tag":[],"class_list":{"0":"post-61070","1":"product","2":"type-product","3":"status-publish","4":"has-post-thumbnail","6":"product_cat-gultas","8":"first","9":"instock","10":"shipping-taxable","11":"purchasable","12":"product-type-variable"},"yoast_head":"<!-- This site is optimized with the Yoast SEO plugin v26.0 - https:\/\/yoast.com\/wordpress\/plugins\/seo\/ -->\n<title>Edda it\u0101\u013cu stila peldo\u0161\u0101 gulta ar gaismu<\/title>\n<meta name=\"description\" content=\"Edda it\u0101\u013cu stila peldo\u0161\u0101 gulta no jauna defin\u0113 modernu eleganci j\u016bsu galvenaj\u0101 gu\u013camistab\u0101. Ar savu it\u0101\u013cu minim\u0101lisma \u0101das dizainu \u0161\u012b divgu\u013cam\u0101 gulta iemieso izsmalcin\u0101t\u012bbu un grezn\u012bbu. T\u0101 strukt\u016bra bez aizmugures izstaro gludu, modernu est\u0113tiku, perfektu...\" \/>\n<meta name=\"robots\" content=\"index, follow, max-snippet:-1, max-image-preview:large, max-video-preview:-1\" \/>\n<link rel=\"canonical\" href=\"https:\/\/brilune.eu\/lv\/product\/edda-italu-stila-peldosa-gulta-ar-gaismu\/\" \/>\n<meta property=\"og:locale\" content=\"lv_LV\" \/>\n<meta property=\"og:type\" content=\"article\" \/>\n<meta property=\"og:title\" content=\"Edda it\u0101\u013cu stila peldo\u0161\u0101 gulta ar gaismu\" \/>\n<meta property=\"og:description\" content=\"Edda it\u0101\u013cu stila peldo\u0161\u0101 gulta no jauna defin\u0113 modernu eleganci j\u016bsu galvenaj\u0101 gu\u013camistab\u0101. Ar savu it\u0101\u013cu minim\u0101lisma \u0101das dizainu \u0161\u012b divgu\u013cam\u0101 gulta iemieso izsmalcin\u0101t\u012bbu un grezn\u012bbu. T\u0101 strukt\u016bra bez aizmugures izstaro gludu, modernu est\u0113tiku, perfektu...\" \/>\n<meta property=\"og:url\" content=\"https:\/\/brilune.eu\/lv\/product\/edda-italu-stila-peldosa-gulta-ar-gaismu\/\" \/>\n<meta property=\"og:site_name\" content=\"Brilune\" \/>\n<meta property=\"article:modified_time\" content=\"2025-07-11T12:18:15+00:00\" \/>\n<meta property=\"og:image\" content=\"https:\/\/brilune.eu\/wp-content\/uploads\/2025\/07\/EddaItalianStyleFloatingBed_Shadow.jpg\" \/>\n\t<meta property=\"og:image:width\" content=\"1080\" \/>\n\t<meta property=\"og:image:height\" content=\"1080\" \/>\n\t<meta property=\"og:image:type\" content=\"image\/jpeg\" \/>\n<meta name=\"twitter:card\" content=\"summary_large_image\" \/>\n<meta name=\"twitter:label1\" content=\"Est. reading time\" \/>\n\t<meta name=\"twitter:data1\" content=\"1 minute\" \/>\n<script type=\"application\/ld+json\" class=\"yoast-schema-graph\">{\"@context\":\"https:\/\/schema.org\",\"@graph\":[{\"@type\":\"WebPage\",\"@id\":\"https:\/\/brilune.eu\/lv\/product\/edda-italu-stila-peldosa-gulta-ar-gaismu\/\",\"url\":\"https:\/\/brilune.eu\/lv\/product\/edda-italu-stila-peldosa-gulta-ar-gaismu\/\",\"name\":\"Edda it\u0101\u013cu stila peldo\u0161\u0101 gulta ar gaismu\",\"isPartOf\":{\"@id\":\"https:\/\/brilune.eu\/lv\/#website\"},\"primaryImageOfPage\":{\"@id\":\"https:\/\/brilune.eu\/lv\/product\/edda-italu-stila-peldosa-gulta-ar-gaismu\/#primaryimage\"},\"image\":{\"@id\":\"https:\/\/brilune.eu\/lv\/product\/edda-italu-stila-peldosa-gulta-ar-gaismu\/#primaryimage\"},\"thumbnailUrl\":\"https:\/\/brilune.eu\/wp-content\/uploads\/2025\/07\/EddaItalianStyleFloatingBed_Shadow.jpg\",\"datePublished\":\"2025-07-11T12:00:05+00:00\",\"dateModified\":\"2025-07-11T12:18:15+00:00\",\"description\":\"Edda it\u0101\u013cu stila peldo\u0161\u0101 gulta no jauna defin\u0113 modernu eleganci j\u016bsu galvenaj\u0101 gu\u013camistab\u0101. Ar savu it\u0101\u013cu minim\u0101lisma \u0101das dizainu \u0161\u012b divgu\u013cam\u0101 gulta iemieso izsmalcin\u0101t\u012bbu un grezn\u012bbu. T\u0101 strukt\u016bra bez aizmugures izstaro gludu, modernu est\u0113tiku, perfektu...\",\"breadcrumb\":{\"@id\":\"https:\/\/brilune.eu\/lv\/product\/edda-italu-stila-peldosa-gulta-ar-gaismu\/#breadcrumb\"},\"inLanguage\":\"lv-LV\",\"potentialAction\":[{\"@type\":\"ReadAction\",\"target\":[\"https:\/\/brilune.eu\/lv\/product\/edda-italu-stila-peldosa-gulta-ar-gaismu\/\"]}]},{\"@type\":\"ImageObject\",\"inLanguage\":\"lv-LV\",\"@id\":\"https:\/\/brilune.eu\/lv\/product\/edda-italu-stila-peldosa-gulta-ar-gaismu\/#primaryimage\",\"url\":\"https:\/\/brilune.eu\/wp-content\/uploads\/2025\/07\/EddaItalianStyleFloatingBed_Shadow.jpg\",\"contentUrl\":\"https:\/\/brilune.eu\/wp-content\/uploads\/2025\/07\/EddaItalianStyleFloatingBed_Shadow.jpg\",\"width\":1080,\"height\":1080},{\"@type\":\"BreadcrumbList\",\"@id\":\"https:\/\/brilune.eu\/lv\/product\/edda-italu-stila-peldosa-gulta-ar-gaismu\/#breadcrumb\",\"itemListElement\":[{\"@type\":\"ListItem\",\"position\":1,\"name\":\"S\u0101kums\",\"item\":\"https:\/\/brilune.eu\/lv\/brilune-mebeles\/\"},{\"@type\":\"ListItem\",\"position\":2,\"name\":\"Visi produkti\",\"item\":\"https:\/\/brilune.eu\/lv\/shop\/\"},{\"@type\":\"ListItem\",\"position\":3,\"name\":\"Edda it\u0101\u013cu stila peldo\u0161\u0101 gulta ar gaismu\"}]},{\"@type\":\"WebSite\",\"@id\":\"https:\/\/brilune.eu\/lv\/#website\",\"url\":\"https:\/\/brilune.eu\/lv\/\",\"name\":\"Brilune\",\"description\":\"M\u0113s pied\u0101v\u0101jam unik\u0101lus un nebiju\u0161us dizainus, kas apvieno eleganci, funkcionalit\u0101ti un rado\u0161umu.\",\"potentialAction\":[{\"@type\":\"SearchAction\",\"target\":{\"@type\":\"EntryPoint\",\"urlTemplate\":\"https:\/\/brilune.eu\/lv\/?s={search_term_string}\"},\"query-input\":{\"@type\":\"PropertyValueSpecification\",\"valueRequired\":true,\"valueName\":\"search_term_string\"}}],\"inLanguage\":\"lv-LV\"}]}<\/script>\n<!-- \/ Yoast SEO plugin. -->","yoast_head_json":{"title":"Edda it\u0101\u013cu stila peldo\u0161\u0101 gulta ar gaismu","description":"Edda it\u0101\u013cu stila peldo\u0161\u0101 gulta no jauna defin\u0113 modernu eleganci j\u016bsu galvenaj\u0101 gu\u013camistab\u0101. Ar savu it\u0101\u013cu minim\u0101lisma \u0101das dizainu \u0161\u012b divgu\u013cam\u0101 gulta iemieso izsmalcin\u0101t\u012bbu un grezn\u012bbu. T\u0101 strukt\u016bra bez aizmugures izstaro gludu, modernu est\u0113tiku, perfektu...","robots":{"index":"index","follow":"follow","max-snippet":"max-snippet:-1","max-image-preview":"max-image-preview:large","max-video-preview":"max-video-preview:-1"},"canonical":"https:\/\/brilune.eu\/lv\/product\/edda-italu-stila-peldosa-gulta-ar-gaismu\/","og_locale":"lv_LV","og_type":"article","og_title":"Edda it\u0101\u013cu stila peldo\u0161\u0101 gulta ar gaismu","og_description":"Edda it\u0101\u013cu stila peldo\u0161\u0101 gulta no jauna defin\u0113 modernu eleganci j\u016bsu galvenaj\u0101 gu\u013camistab\u0101. Ar savu it\u0101\u013cu minim\u0101lisma \u0101das dizainu \u0161\u012b divgu\u013cam\u0101 gulta iemieso izsmalcin\u0101t\u012bbu un grezn\u012bbu. T\u0101 strukt\u016bra bez aizmugures izstaro gludu, modernu est\u0113tiku, perfektu...","og_url":"https:\/\/brilune.eu\/lv\/product\/edda-italu-stila-peldosa-gulta-ar-gaismu\/","og_site_name":"Brilune","article_modified_time":"2025-07-11T12:18:15+00:00","og_image":[{"width":1080,"height":1080,"url":"https:\/\/brilune.eu\/wp-content\/uploads\/2025\/07\/EddaItalianStyleFloatingBed_Shadow.jpg","type":"image\/jpeg"}],"twitter_card":"summary_large_image","twitter_misc":{"Est. reading time":"1 minute"},"schema":{"@context":"https:\/\/schema.org","@graph":[{"@type":"WebPage","@id":"https:\/\/brilune.eu\/lv\/product\/edda-italu-stila-peldosa-gulta-ar-gaismu\/","url":"https:\/\/brilune.eu\/lv\/product\/edda-italu-stila-peldosa-gulta-ar-gaismu\/","name":"Edda it\u0101\u013cu stila peldo\u0161\u0101 gulta ar gaismu","isPartOf":{"@id":"https:\/\/brilune.eu\/lv\/#website"},"primaryImageOfPage":{"@id":"https:\/\/brilune.eu\/lv\/product\/edda-italu-stila-peldosa-gulta-ar-gaismu\/#primaryimage"},"image":{"@id":"https:\/\/brilune.eu\/lv\/product\/edda-italu-stila-peldosa-gulta-ar-gaismu\/#primaryimage"},"thumbnailUrl":"https:\/\/brilune.eu\/wp-content\/uploads\/2025\/07\/EddaItalianStyleFloatingBed_Shadow.jpg","datePublished":"2025-07-11T12:00:05+00:00","dateModified":"2025-07-11T12:18:15+00:00","description":"Edda it\u0101\u013cu stila peldo\u0161\u0101 gulta no jauna defin\u0113 modernu eleganci j\u016bsu galvenaj\u0101 gu\u013camistab\u0101. Ar savu it\u0101\u013cu minim\u0101lisma \u0101das dizainu \u0161\u012b divgu\u013cam\u0101 gulta iemieso izsmalcin\u0101t\u012bbu un grezn\u012bbu. T\u0101 strukt\u016bra bez aizmugures izstaro gludu, modernu est\u0113tiku, perfektu...","breadcrumb":{"@id":"https:\/\/brilune.eu\/lv\/product\/edda-italu-stila-peldosa-gulta-ar-gaismu\/#breadcrumb"},"inLanguage":"lv-LV","potentialAction":[{"@type":"ReadAction","target":["https:\/\/brilune.eu\/lv\/product\/edda-italu-stila-peldosa-gulta-ar-gaismu\/"]}]},{"@type":"ImageObject","inLanguage":"lv-LV","@id":"https:\/\/brilune.eu\/lv\/product\/edda-italu-stila-peldosa-gulta-ar-gaismu\/#primaryimage","url":"https:\/\/brilune.eu\/wp-content\/uploads\/2025\/07\/EddaItalianStyleFloatingBed_Shadow.jpg","contentUrl":"https:\/\/brilune.eu\/wp-content\/uploads\/2025\/07\/EddaItalianStyleFloatingBed_Shadow.jpg","width":1080,"height":1080},{"@type":"BreadcrumbList","@id":"https:\/\/brilune.eu\/lv\/product\/edda-italu-stila-peldosa-gulta-ar-gaismu\/#breadcrumb","itemListElement":[{"@type":"ListItem","position":1,"name":"S\u0101kums","item":"https:\/\/brilune.eu\/lv\/brilune-mebeles\/"},{"@type":"ListItem","position":2,"name":"Visi produkti","item":"https:\/\/brilune.eu\/lv\/shop\/"},{"@type":"ListItem","position":3,"name":"Edda it\u0101\u013cu stila peldo\u0161\u0101 gulta ar gaismu"}]},{"@type":"WebSite","@id":"https:\/\/brilune.eu\/lv\/#website","url":"https:\/\/brilune.eu\/lv\/","name":"Brilune","description":"M\u0113s pied\u0101v\u0101jam unik\u0101lus un nebiju\u0161us dizainus, kas apvieno eleganci, funkcionalit\u0101ti un rado\u0161umu.","potentialAction":[{"@type":"SearchAction","target":{"@type":"EntryPoint","urlTemplate":"https:\/\/brilune.eu\/lv\/?s={search_term_string}"},"query-input":{"@type":"PropertyValueSpecification","valueRequired":true,"valueName":"search_term_string"}}],"inLanguage":"lv-LV"}]}},"jetpack_sharing_enabled":true,"_links":{"self":[{"href":"https:\/\/brilune.eu\/lv\/wp-json\/wp\/v2\/product\/61070","targetHints":{"allow":["GET"]}}],"collection":[{"href":"https:\/\/brilune.eu\/lv\/wp-json\/wp\/v2\/product"}],"about":[{"href":"https:\/\/brilune.eu\/lv\/wp-json\/wp\/v2\/types\/product"}],"replies":[{"embeddable":true,"href":"https:\/\/brilune.eu\/lv\/wp-json\/wp\/v2\/comments?post=61070"}],"version-history":[{"count":1,"href":"https:\/\/brilune.eu\/lv\/wp-json\/wp\/v2\/product\/61070\/revisions"}],"predecessor-version":[{"id":61289,"href":"https:\/\/brilune.eu\/lv\/wp-json\/wp\/v2\/product\/61070\/revisions\/61289"}],"wp:featuredmedia":[{"embeddable":true,"href":"https:\/\/brilune.eu\/lv\/wp-json\/wp\/v2\/media\/61218"}],"wp:attachment":[{"href":"https:\/\/brilune.eu\/lv\/wp-json\/wp\/v2\/media?parent=61070"}],"wp:term":[{"taxonomy":"product_brand","embeddable":true,"href":"https:\/\/brilune.eu\/lv\/wp-json\/wp\/v2\/product_brand?post=61070"},{"taxonomy":"product_cat","embeddable":true,"href":"https:\/\/brilune.eu\/lv\/wp-json\/wp\/v2\/product_cat?post=61070"},{"taxonomy":"product_tag","embeddable":true,"href":"https:\/\/brilune.eu\/lv\/wp-json\/wp\/v2\/product_tag?post=61070"}],"curies":[{"name":"wp","href":"https:\/\/api.w.org\/{rel}","templated":true}]}}