{"id":61005,"date":"2025-07-11T13:59:22","date_gmt":"2025-07-11T11:59:22","guid":{"rendered":"https:\/\/brilune.eu\/?post_type=product&#038;p=61005"},"modified":"2025-07-11T14:18:12","modified_gmt":"2025-07-11T12:18:12","slug":"vilma-adas-peldosa-gulta","status":"publish","type":"product","link":"https:\/\/brilune.eu\/lv\/product\/vilma-adas-peldosa-gulta\/","title":{"rendered":"Vilma \u0100das peldo\u0161\u0101 gulta"},"content":{"rendered":"<p><span data-mce-fragment=\"1\">Iepaz\u012bstin\u0101m ar Vilma Leather peldo\u0161o gultu, kas ir satrieco\u0161s j\u016bsu gu\u013camistabas centr\u0101lais elements. \u0160\u012b piekaram\u0101 gulta iemieso m\u016bsdienu eleganci ar t\u0101s vienk\u0101r\u0161o, bet grezno dizainu. Izgatavots no augst\u0101k\u0101s kvalit\u0101tes \u0101das, tas izstaro izsmalcin\u0101t\u012bbu un komfortu, radot vieglas grezn\u012bbas atmosf\u0113ru. Lieliski piem\u0113rots cilv\u0113kiem, kuri zina internetu un mekl\u0113 m\u016bsdien\u012bgu est\u0113tiku, un jebkurai telpai pie\u0161\u0137ir slaven\u012bbu stila piesk\u0101rienu. Neatkar\u012bgi no t\u0101, vai \u0161\u012b gulta ir paredz\u0113ta jaunlaul\u0101tajam p\u0101rim vai j\u016bsu galvenajai gu\u013camistabai, \u0161\u012b gulta pied\u0101v\u0101 gan funkcionalit\u0101ti, gan m\u016b\u017e\u012bgu pievilc\u012bbu. Izbaudiet modernas grezn\u012bbas iemiesojumu ar Vilma Leather peldo\u0161o gultu, pace\u013cot savu gu\u013camvietu jaun\u0101 izsmalcin\u0101t\u012bbas un komforta virsotn\u0113.<\/span><\/p>\n<h5><span data-mce-fragment=\"1\">Materi\u0101ls<\/span><\/h5>\n<ul>\n<li><span><strong>Atzveltnes virsma<\/strong>: NAPPA aug\u0161\u0113j\u0101 graudain\u0101 \u0101da<\/span><\/li>\n<li><span><strong>Muguras atzveltnes pild\u012bjums<\/strong>: d\u016bnu spalva un p\u0113r\u013cu kokvilna<\/span><\/li>\n<li>\n<strong>R\u0101mis<\/strong><span>: lapegles koks<\/span><span><\/span>\n<\/li>\n<li><span><strong>Gultas d\u0113lis<\/strong>: Eiropas di\u017esk\u0101bar\u017ea koks<\/span><\/li>\n<li><span><strong>K\u0101jas<\/strong>: oglek\u013ca t\u0113rauds<\/span><\/li>\n<li><span><strong>Papildus<\/strong>: vied\u0101 sensora gaismas josla<\/span><\/li>\n<\/ul>\n<h5><span>Izm\u0113rs<\/span><\/h5>\n<p><span><img fetchpriority=\"high\" decoding=\"async\" alt=\"\" src=\"https:\/\/cdn.shopify.com\/s\/files\/1\/0801\/4430\/2425\/files\/Vilma_Leather_Floating_Bed_dimension.png?v=1711710337\" width=\"360\" height=\"235\"><\/span><\/span><\/p>\n","protected":false},"excerpt":{"rendered":"<p>Iepaz\u012bstin\u0101m ar Vilma Leather peldo\u0161o gultu, kas ir satrieco\u0161s j\u016bsu gu\u013camistabas centr\u0101lais elements. \u0160\u012b piekaram\u0101 gulta iemieso m\u016bsdienu eleganci ar t\u0101s vienk\u0101r\u0161o, bet grezno dizainu. Izgatavots no augst\u0101k\u0101s kvalit\u0101tes \u0101das, tas izstaro izsmalcin\u0101t\u012bbu un komfortu, radot &#8230;<\/p>\n","protected":false},"featured_media":61147,"comment_status":"closed","ping_status":"closed","template":"","meta":[],"product_brand":[],"product_cat":[1670],"product_tag":[],"class_list":{"0":"post-61005","1":"product","2":"type-product","3":"status-publish","4":"has-post-thumbnail","6":"product_cat-gultas","8":"first","9":"instock","10":"shipping-taxable","11":"purchasable","12":"product-type-variable"},"yoast_head":"<!-- This site is optimized with the Yoast SEO plugin v26.0 - https:\/\/yoast.com\/wordpress\/plugins\/seo\/ -->\n<title>Vilma \u0100das peldo\u0161\u0101 gulta<\/title>\n<meta name=\"description\" content=\"Iepaz\u012bstin\u0101m ar Vilma Leather peldo\u0161o gultu, kas ir satrieco\u0161s j\u016bsu gu\u013camistabas centr\u0101lais elements. \u0160\u012b piekaram\u0101 gulta iemieso m\u016bsdienu eleganci ar t\u0101s vienk\u0101r\u0161o, bet grezno dizainu. Izgatavots no augst\u0101k\u0101s kvalit\u0101tes \u0101das, tas izstaro izsmalcin\u0101t\u012bbu un komfortu, radot ...\" \/>\n<meta name=\"robots\" content=\"index, follow, max-snippet:-1, max-image-preview:large, max-video-preview:-1\" \/>\n<link rel=\"canonical\" href=\"https:\/\/brilune.eu\/lv\/product\/vilma-adas-peldosa-gulta\/\" \/>\n<meta property=\"og:locale\" content=\"lv_LV\" \/>\n<meta property=\"og:type\" content=\"article\" \/>\n<meta property=\"og:title\" content=\"Vilma \u0100das peldo\u0161\u0101 gulta\" \/>\n<meta property=\"og:description\" content=\"Iepaz\u012bstin\u0101m ar Vilma Leather peldo\u0161o gultu, kas ir satrieco\u0161s j\u016bsu gu\u013camistabas centr\u0101lais elements. \u0160\u012b piekaram\u0101 gulta iemieso m\u016bsdienu eleganci ar t\u0101s vienk\u0101r\u0161o, bet grezno dizainu. Izgatavots no augst\u0101k\u0101s kvalit\u0101tes \u0101das, tas izstaro izsmalcin\u0101t\u012bbu un komfortu, radot ...\" \/>\n<meta property=\"og:url\" content=\"https:\/\/brilune.eu\/lv\/product\/vilma-adas-peldosa-gulta\/\" \/>\n<meta property=\"og:site_name\" content=\"Brilune\" \/>\n<meta property=\"article:modified_time\" content=\"2025-07-11T12:18:12+00:00\" \/>\n<meta property=\"og:image\" content=\"https:\/\/brilune.eu\/wp-content\/uploads\/2025\/07\/VilmaLeatherFloatingBed_shadow.jpg\" \/>\n\t<meta property=\"og:image:width\" content=\"1080\" \/>\n\t<meta property=\"og:image:height\" content=\"1080\" \/>\n\t<meta property=\"og:image:type\" content=\"image\/jpeg\" \/>\n<meta name=\"twitter:card\" content=\"summary_large_image\" \/>\n<meta name=\"twitter:label1\" content=\"Est. reading time\" \/>\n\t<meta name=\"twitter:data1\" content=\"1 minute\" \/>\n<script type=\"application\/ld+json\" class=\"yoast-schema-graph\">{\"@context\":\"https:\/\/schema.org\",\"@graph\":[{\"@type\":\"WebPage\",\"@id\":\"https:\/\/brilune.eu\/lv\/product\/vilma-adas-peldosa-gulta\/\",\"url\":\"https:\/\/brilune.eu\/lv\/product\/vilma-adas-peldosa-gulta\/\",\"name\":\"Vilma \u0100das peldo\u0161\u0101 gulta\",\"isPartOf\":{\"@id\":\"https:\/\/brilune.eu\/lv\/#website\"},\"primaryImageOfPage\":{\"@id\":\"https:\/\/brilune.eu\/lv\/product\/vilma-adas-peldosa-gulta\/#primaryimage\"},\"image\":{\"@id\":\"https:\/\/brilune.eu\/lv\/product\/vilma-adas-peldosa-gulta\/#primaryimage\"},\"thumbnailUrl\":\"https:\/\/brilune.eu\/wp-content\/uploads\/2025\/07\/VilmaLeatherFloatingBed_shadow.jpg\",\"datePublished\":\"2025-07-11T11:59:22+00:00\",\"dateModified\":\"2025-07-11T12:18:12+00:00\",\"description\":\"Iepaz\u012bstin\u0101m ar Vilma Leather peldo\u0161o gultu, kas ir satrieco\u0161s j\u016bsu gu\u013camistabas centr\u0101lais elements. \u0160\u012b piekaram\u0101 gulta iemieso m\u016bsdienu eleganci ar t\u0101s vienk\u0101r\u0161o, bet grezno dizainu. Izgatavots no augst\u0101k\u0101s kvalit\u0101tes \u0101das, tas izstaro izsmalcin\u0101t\u012bbu un komfortu, radot ...\",\"breadcrumb\":{\"@id\":\"https:\/\/brilune.eu\/lv\/product\/vilma-adas-peldosa-gulta\/#breadcrumb\"},\"inLanguage\":\"lv-LV\",\"potentialAction\":[{\"@type\":\"ReadAction\",\"target\":[\"https:\/\/brilune.eu\/lv\/product\/vilma-adas-peldosa-gulta\/\"]}]},{\"@type\":\"ImageObject\",\"inLanguage\":\"lv-LV\",\"@id\":\"https:\/\/brilune.eu\/lv\/product\/vilma-adas-peldosa-gulta\/#primaryimage\",\"url\":\"https:\/\/brilune.eu\/wp-content\/uploads\/2025\/07\/VilmaLeatherFloatingBed_shadow.jpg\",\"contentUrl\":\"https:\/\/brilune.eu\/wp-content\/uploads\/2025\/07\/VilmaLeatherFloatingBed_shadow.jpg\",\"width\":1080,\"height\":1080},{\"@type\":\"BreadcrumbList\",\"@id\":\"https:\/\/brilune.eu\/lv\/product\/vilma-adas-peldosa-gulta\/#breadcrumb\",\"itemListElement\":[{\"@type\":\"ListItem\",\"position\":1,\"name\":\"S\u0101kums\",\"item\":\"https:\/\/brilune.eu\/lv\/brilune-mebeles\/\"},{\"@type\":\"ListItem\",\"position\":2,\"name\":\"Visi produkti\",\"item\":\"https:\/\/brilune.eu\/lv\/shop\/\"},{\"@type\":\"ListItem\",\"position\":3,\"name\":\"Vilma \u0100das peldo\u0161\u0101 gulta\"}]},{\"@type\":\"WebSite\",\"@id\":\"https:\/\/brilune.eu\/lv\/#website\",\"url\":\"https:\/\/brilune.eu\/lv\/\",\"name\":\"Brilune\",\"description\":\"M\u0113s pied\u0101v\u0101jam unik\u0101lus un nebiju\u0161us dizainus, kas apvieno eleganci, funkcionalit\u0101ti un rado\u0161umu.\",\"potentialAction\":[{\"@type\":\"SearchAction\",\"target\":{\"@type\":\"EntryPoint\",\"urlTemplate\":\"https:\/\/brilune.eu\/lv\/?s={search_term_string}\"},\"query-input\":{\"@type\":\"PropertyValueSpecification\",\"valueRequired\":true,\"valueName\":\"search_term_string\"}}],\"inLanguage\":\"lv-LV\"}]}<\/script>\n<!-- \/ Yoast SEO plugin. -->","yoast_head_json":{"title":"Vilma \u0100das peldo\u0161\u0101 gulta","description":"Iepaz\u012bstin\u0101m ar Vilma Leather peldo\u0161o gultu, kas ir satrieco\u0161s j\u016bsu gu\u013camistabas centr\u0101lais elements. \u0160\u012b piekaram\u0101 gulta iemieso m\u016bsdienu eleganci ar t\u0101s vienk\u0101r\u0161o, bet grezno dizainu. Izgatavots no augst\u0101k\u0101s kvalit\u0101tes \u0101das, tas izstaro izsmalcin\u0101t\u012bbu un komfortu, radot ...","robots":{"index":"index","follow":"follow","max-snippet":"max-snippet:-1","max-image-preview":"max-image-preview:large","max-video-preview":"max-video-preview:-1"},"canonical":"https:\/\/brilune.eu\/lv\/product\/vilma-adas-peldosa-gulta\/","og_locale":"lv_LV","og_type":"article","og_title":"Vilma \u0100das peldo\u0161\u0101 gulta","og_description":"Iepaz\u012bstin\u0101m ar Vilma Leather peldo\u0161o gultu, kas ir satrieco\u0161s j\u016bsu gu\u013camistabas centr\u0101lais elements. \u0160\u012b piekaram\u0101 gulta iemieso m\u016bsdienu eleganci ar t\u0101s vienk\u0101r\u0161o, bet grezno dizainu. Izgatavots no augst\u0101k\u0101s kvalit\u0101tes \u0101das, tas izstaro izsmalcin\u0101t\u012bbu un komfortu, radot ...","og_url":"https:\/\/brilune.eu\/lv\/product\/vilma-adas-peldosa-gulta\/","og_site_name":"Brilune","article_modified_time":"2025-07-11T12:18:12+00:00","og_image":[{"width":1080,"height":1080,"url":"https:\/\/brilune.eu\/wp-content\/uploads\/2025\/07\/VilmaLeatherFloatingBed_shadow.jpg","type":"image\/jpeg"}],"twitter_card":"summary_large_image","twitter_misc":{"Est. reading time":"1 minute"},"schema":{"@context":"https:\/\/schema.org","@graph":[{"@type":"WebPage","@id":"https:\/\/brilune.eu\/lv\/product\/vilma-adas-peldosa-gulta\/","url":"https:\/\/brilune.eu\/lv\/product\/vilma-adas-peldosa-gulta\/","name":"Vilma \u0100das peldo\u0161\u0101 gulta","isPartOf":{"@id":"https:\/\/brilune.eu\/lv\/#website"},"primaryImageOfPage":{"@id":"https:\/\/brilune.eu\/lv\/product\/vilma-adas-peldosa-gulta\/#primaryimage"},"image":{"@id":"https:\/\/brilune.eu\/lv\/product\/vilma-adas-peldosa-gulta\/#primaryimage"},"thumbnailUrl":"https:\/\/brilune.eu\/wp-content\/uploads\/2025\/07\/VilmaLeatherFloatingBed_shadow.jpg","datePublished":"2025-07-11T11:59:22+00:00","dateModified":"2025-07-11T12:18:12+00:00","description":"Iepaz\u012bstin\u0101m ar Vilma Leather peldo\u0161o gultu, kas ir satrieco\u0161s j\u016bsu gu\u013camistabas centr\u0101lais elements. \u0160\u012b piekaram\u0101 gulta iemieso m\u016bsdienu eleganci ar t\u0101s vienk\u0101r\u0161o, bet grezno dizainu. Izgatavots no augst\u0101k\u0101s kvalit\u0101tes \u0101das, tas izstaro izsmalcin\u0101t\u012bbu un komfortu, radot ...","breadcrumb":{"@id":"https:\/\/brilune.eu\/lv\/product\/vilma-adas-peldosa-gulta\/#breadcrumb"},"inLanguage":"lv-LV","potentialAction":[{"@type":"ReadAction","target":["https:\/\/brilune.eu\/lv\/product\/vilma-adas-peldosa-gulta\/"]}]},{"@type":"ImageObject","inLanguage":"lv-LV","@id":"https:\/\/brilune.eu\/lv\/product\/vilma-adas-peldosa-gulta\/#primaryimage","url":"https:\/\/brilune.eu\/wp-content\/uploads\/2025\/07\/VilmaLeatherFloatingBed_shadow.jpg","contentUrl":"https:\/\/brilune.eu\/wp-content\/uploads\/2025\/07\/VilmaLeatherFloatingBed_shadow.jpg","width":1080,"height":1080},{"@type":"BreadcrumbList","@id":"https:\/\/brilune.eu\/lv\/product\/vilma-adas-peldosa-gulta\/#breadcrumb","itemListElement":[{"@type":"ListItem","position":1,"name":"S\u0101kums","item":"https:\/\/brilune.eu\/lv\/brilune-mebeles\/"},{"@type":"ListItem","position":2,"name":"Visi produkti","item":"https:\/\/brilune.eu\/lv\/shop\/"},{"@type":"ListItem","position":3,"name":"Vilma \u0100das peldo\u0161\u0101 gulta"}]},{"@type":"WebSite","@id":"https:\/\/brilune.eu\/lv\/#website","url":"https:\/\/brilune.eu\/lv\/","name":"Brilune","description":"M\u0113s pied\u0101v\u0101jam unik\u0101lus un nebiju\u0161us dizainus, kas apvieno eleganci, funkcionalit\u0101ti un rado\u0161umu.","potentialAction":[{"@type":"SearchAction","target":{"@type":"EntryPoint","urlTemplate":"https:\/\/brilune.eu\/lv\/?s={search_term_string}"},"query-input":{"@type":"PropertyValueSpecification","valueRequired":true,"valueName":"search_term_string"}}],"inLanguage":"lv-LV"}]}},"jetpack_sharing_enabled":true,"_links":{"self":[{"href":"https:\/\/brilune.eu\/lv\/wp-json\/wp\/v2\/product\/61005","targetHints":{"allow":["GET"]}}],"collection":[{"href":"https:\/\/brilune.eu\/lv\/wp-json\/wp\/v2\/product"}],"about":[{"href":"https:\/\/brilune.eu\/lv\/wp-json\/wp\/v2\/types\/product"}],"replies":[{"embeddable":true,"href":"https:\/\/brilune.eu\/lv\/wp-json\/wp\/v2\/comments?post=61005"}],"version-history":[{"count":1,"href":"https:\/\/brilune.eu\/lv\/wp-json\/wp\/v2\/product\/61005\/revisions"}],"predecessor-version":[{"id":61215,"href":"https:\/\/brilune.eu\/lv\/wp-json\/wp\/v2\/product\/61005\/revisions\/61215"}],"wp:featuredmedia":[{"embeddable":true,"href":"https:\/\/brilune.eu\/lv\/wp-json\/wp\/v2\/media\/61147"}],"wp:attachment":[{"href":"https:\/\/brilune.eu\/lv\/wp-json\/wp\/v2\/media?parent=61005"}],"wp:term":[{"taxonomy":"product_brand","embeddable":true,"href":"https:\/\/brilune.eu\/lv\/wp-json\/wp\/v2\/product_brand?post=61005"},{"taxonomy":"product_cat","embeddable":true,"href":"https:\/\/brilune.eu\/lv\/wp-json\/wp\/v2\/product_cat?post=61005"},{"taxonomy":"product_tag","embeddable":true,"href":"https:\/\/brilune.eu\/lv\/wp-json\/wp\/v2\/product_tag?post=61005"}],"curies":[{"name":"wp","href":"https:\/\/api.w.org\/{rel}","templated":true}]}}