{"id":60846,"date":"2025-07-11T13:56:32","date_gmt":"2025-07-11T11:56:32","guid":{"rendered":"https:\/\/brilune.eu\/?post_type=product&#038;p=60846"},"modified":"2025-07-11T14:18:05","modified_gmt":"2025-07-11T12:18:05","slug":"olena-francu-stila-masivkoka-retro-gulta","status":"publish","type":"product","link":"https:\/\/brilune.eu\/lv\/product\/olena-francu-stila-masivkoka-retro-gulta\/","title":{"rendered":"Olena fran\u010du stila mas\u012bvkoka retro gulta"},"content":{"rendered":"<p data-end=\"309\" data-start=\"47\">Izceliet savu gu\u013camistabu ar Olena fran\u010du stila mas\u012bvkoka retro gultu, kas ir ide\u0101ls m\u016b\u017e\u012bgas elegances un modernas grezn\u012bbas sajaukums. \u0160\u012b gulta ir izgatavota no augstas kvalit\u0101tes mas\u012bvkoka, un tai ir izsmalcin\u0101ta melna apdare, kas izstaro p\u0101rpiln\u012bbas saj\u016btu.<\/p>\n<p data-end=\"620\" data-start=\"311\">Izstr\u0101d\u0101ts ar amerik\u0101\u0146u vieglu retro est\u0113tiku, t\u0101 graciozi izliektais galvgalis un klasisk\u0101s deta\u013cas rada vintage \u0161armu, vienlaikus saglab\u0101jot m\u016bsdien\u012bgu saj\u016btu. Iztur\u012bg\u0101 mas\u012bvkoka konstrukcija nodro\u0161ina iztur\u012bbu un stabilit\u0101ti, padarot to par augstas klases izv\u0113li greznai galvenajai gu\u013camistabai.<\/p>\n<h5 data-end=\"620\" data-start=\"311\">Materi\u0101ls<\/h5>\n<ul>\n<li>\n<strong>R\u0101mis<\/strong><span>: <meta charset=\"utf-8\">Zieme\u013camerikas \u0137ir\u0161u koks<\/span>\n<\/li>\n<li><span><strong>Gultas d\u0113lis<\/strong>: Eiropas di\u017esk\u0101bar\u017ea koks<\/span><\/li>\n<\/ul>\n<h5 data-end=\"620\" data-start=\"311\">Kategorija<\/h5>\n<p><img fetchpriority=\"high\" decoding=\"async\" height=\"249\" width=\"425\" src=\"https:\/\/cdn.shopify.com\/s\/files\/1\/0801\/4430\/2425\/files\/bed_dimension.jpg?v=1741166303\" alt=\"\"><\/p>\n<p><img decoding=\"async\" height=\"285\" width=\"486\" src=\"https:\/\/cdn.shopify.com\/s\/files\/1\/0801\/4430\/2425\/files\/bed_dimension2.jpg?v=1741166541\" alt=\"\"><\/p>\n<p data-end=\"620\" data-start=\"311\">\u00a0<\/p>\n","protected":false},"excerpt":{"rendered":"<p>Paaugstiniet savu gu\u013camistabu ar Olena fran\u010du stila mas\u012bvkoka retro gultu, kas ir ide\u0101ls m\u016b\u017e\u012bgas elegances un modernas grezn\u012bbas sajaukums. \u0160\u012b gulta ir izgatavota no augstas kvalit\u0101tes mas\u012bvkoka, un tai ir izsmalcin\u0101ta melna apdare, kas izstaro nepiespiesta opula saj\u016btu&#8230;<\/p>\n","protected":false},"featured_media":61014,"comment_status":"closed","ping_status":"closed","template":"","meta":[],"product_brand":[],"product_cat":[1670],"product_tag":[],"class_list":{"0":"post-60846","1":"product","2":"type-product","3":"status-publish","4":"has-post-thumbnail","6":"product_cat-gultas","8":"first","9":"instock","10":"shipping-taxable","11":"purchasable","12":"product-type-variable"},"yoast_head":"<!-- This site is optimized with the Yoast SEO plugin v26.0 - https:\/\/yoast.com\/wordpress\/plugins\/seo\/ -->\n<title>Olena fran\u010du stila mas\u012bvkoka retro gulta<\/title>\n<meta name=\"description\" content=\"Paaugstiniet savu gu\u013camistabu ar Olena fran\u010du stila mas\u012bvkoka retro gultu, kas ir ide\u0101ls m\u016b\u017e\u012bgas elegances un modernas grezn\u012bbas sajaukums. \u0160\u012b gulta ir izgatavota no augstas kvalit\u0101tes mas\u012bvkoka, un tai ir izsmalcin\u0101ta melna apdare, kas izstaro nepiespiesta opula saj\u016btu...\" \/>\n<meta name=\"robots\" content=\"index, follow, max-snippet:-1, max-image-preview:large, max-video-preview:-1\" \/>\n<link rel=\"canonical\" href=\"https:\/\/brilune.eu\/lv\/product\/olena-francu-stila-masivkoka-retro-gulta\/\" \/>\n<meta property=\"og:locale\" content=\"lv_LV\" \/>\n<meta property=\"og:type\" content=\"article\" \/>\n<meta property=\"og:title\" content=\"Olena fran\u010du stila mas\u012bvkoka retro gulta\" \/>\n<meta property=\"og:description\" content=\"Paaugstiniet savu gu\u013camistabu ar Olena fran\u010du stila mas\u012bvkoka retro gultu, kas ir ide\u0101ls m\u016b\u017e\u012bgas elegances un modernas grezn\u012bbas sajaukums. \u0160\u012b gulta ir izgatavota no augstas kvalit\u0101tes mas\u012bvkoka, un tai ir izsmalcin\u0101ta melna apdare, kas izstaro nepiespiesta opula saj\u016btu...\" \/>\n<meta property=\"og:url\" content=\"https:\/\/brilune.eu\/lv\/product\/olena-francu-stila-masivkoka-retro-gulta\/\" \/>\n<meta property=\"og:site_name\" content=\"Brilune\" \/>\n<meta property=\"article:modified_time\" content=\"2025-07-11T12:18:05+00:00\" \/>\n<meta property=\"og:image\" content=\"https:\/\/brilune.eu\/wp-content\/uploads\/2025\/07\/bed_thumbnail2.jpg\" \/>\n\t<meta property=\"og:image:width\" content=\"1080\" \/>\n\t<meta property=\"og:image:height\" content=\"1080\" \/>\n\t<meta property=\"og:image:type\" content=\"image\/jpeg\" \/>\n<meta name=\"twitter:card\" content=\"summary_large_image\" \/>\n<meta name=\"twitter:label1\" content=\"Est. reading time\" \/>\n\t<meta name=\"twitter:data1\" content=\"1 minute\" \/>\n<script type=\"application\/ld+json\" class=\"yoast-schema-graph\">{\"@context\":\"https:\/\/schema.org\",\"@graph\":[{\"@type\":\"WebPage\",\"@id\":\"https:\/\/brilune.eu\/lv\/product\/olena-francu-stila-masivkoka-retro-gulta\/\",\"url\":\"https:\/\/brilune.eu\/lv\/product\/olena-francu-stila-masivkoka-retro-gulta\/\",\"name\":\"Olena fran\u010du stila mas\u012bvkoka retro gulta\",\"isPartOf\":{\"@id\":\"https:\/\/brilune.eu\/lv\/#website\"},\"primaryImageOfPage\":{\"@id\":\"https:\/\/brilune.eu\/lv\/product\/olena-francu-stila-masivkoka-retro-gulta\/#primaryimage\"},\"image\":{\"@id\":\"https:\/\/brilune.eu\/lv\/product\/olena-francu-stila-masivkoka-retro-gulta\/#primaryimage\"},\"thumbnailUrl\":\"https:\/\/brilune.eu\/wp-content\/uploads\/2025\/07\/bed_thumbnail2.jpg\",\"datePublished\":\"2025-07-11T11:56:32+00:00\",\"dateModified\":\"2025-07-11T12:18:05+00:00\",\"description\":\"Paaugstiniet savu gu\u013camistabu ar Olena fran\u010du stila mas\u012bvkoka retro gultu, kas ir ide\u0101ls m\u016b\u017e\u012bgas elegances un modernas grezn\u012bbas sajaukums. \u0160\u012b gulta ir izgatavota no augstas kvalit\u0101tes mas\u012bvkoka, un tai ir izsmalcin\u0101ta melna apdare, kas izstaro nepiespiesta opula saj\u016btu...\",\"breadcrumb\":{\"@id\":\"https:\/\/brilune.eu\/lv\/product\/olena-francu-stila-masivkoka-retro-gulta\/#breadcrumb\"},\"inLanguage\":\"lv-LV\",\"potentialAction\":[{\"@type\":\"ReadAction\",\"target\":[\"https:\/\/brilune.eu\/lv\/product\/olena-francu-stila-masivkoka-retro-gulta\/\"]}]},{\"@type\":\"ImageObject\",\"inLanguage\":\"lv-LV\",\"@id\":\"https:\/\/brilune.eu\/lv\/product\/olena-francu-stila-masivkoka-retro-gulta\/#primaryimage\",\"url\":\"https:\/\/brilune.eu\/wp-content\/uploads\/2025\/07\/bed_thumbnail2.jpg\",\"contentUrl\":\"https:\/\/brilune.eu\/wp-content\/uploads\/2025\/07\/bed_thumbnail2.jpg\",\"width\":1080,\"height\":1080},{\"@type\":\"BreadcrumbList\",\"@id\":\"https:\/\/brilune.eu\/lv\/product\/olena-francu-stila-masivkoka-retro-gulta\/#breadcrumb\",\"itemListElement\":[{\"@type\":\"ListItem\",\"position\":1,\"name\":\"S\u0101kums\",\"item\":\"https:\/\/brilune.eu\/lv\/brilune-mebeles\/\"},{\"@type\":\"ListItem\",\"position\":2,\"name\":\"Visi produkti\",\"item\":\"https:\/\/brilune.eu\/lv\/shop\/\"},{\"@type\":\"ListItem\",\"position\":3,\"name\":\"Olena fran\u010du stila mas\u012bvkoka retro gulta\"}]},{\"@type\":\"WebSite\",\"@id\":\"https:\/\/brilune.eu\/lv\/#website\",\"url\":\"https:\/\/brilune.eu\/lv\/\",\"name\":\"Brilune\",\"description\":\"M\u0113s pied\u0101v\u0101jam unik\u0101lus un nebiju\u0161us dizainus, kas apvieno eleganci, funkcionalit\u0101ti un rado\u0161umu.\",\"potentialAction\":[{\"@type\":\"SearchAction\",\"target\":{\"@type\":\"EntryPoint\",\"urlTemplate\":\"https:\/\/brilune.eu\/lv\/?s={search_term_string}\"},\"query-input\":{\"@type\":\"PropertyValueSpecification\",\"valueRequired\":true,\"valueName\":\"search_term_string\"}}],\"inLanguage\":\"lv-LV\"}]}<\/script>\n<!-- \/ Yoast SEO plugin. -->","yoast_head_json":{"title":"Olena fran\u010du stila mas\u012bvkoka retro gulta","description":"Paaugstiniet savu gu\u013camistabu ar Olena fran\u010du stila mas\u012bvkoka retro gultu, kas ir ide\u0101ls m\u016b\u017e\u012bgas elegances un modernas grezn\u012bbas sajaukums. \u0160\u012b gulta ir izgatavota no augstas kvalit\u0101tes mas\u012bvkoka, un tai ir izsmalcin\u0101ta melna apdare, kas izstaro nepiespiesta opula saj\u016btu...","robots":{"index":"index","follow":"follow","max-snippet":"max-snippet:-1","max-image-preview":"max-image-preview:large","max-video-preview":"max-video-preview:-1"},"canonical":"https:\/\/brilune.eu\/lv\/product\/olena-francu-stila-masivkoka-retro-gulta\/","og_locale":"lv_LV","og_type":"article","og_title":"Olena fran\u010du stila mas\u012bvkoka retro gulta","og_description":"Paaugstiniet savu gu\u013camistabu ar Olena fran\u010du stila mas\u012bvkoka retro gultu, kas ir ide\u0101ls m\u016b\u017e\u012bgas elegances un modernas grezn\u012bbas sajaukums. \u0160\u012b gulta ir izgatavota no augstas kvalit\u0101tes mas\u012bvkoka, un tai ir izsmalcin\u0101ta melna apdare, kas izstaro nepiespiesta opula saj\u016btu...","og_url":"https:\/\/brilune.eu\/lv\/product\/olena-francu-stila-masivkoka-retro-gulta\/","og_site_name":"Brilune","article_modified_time":"2025-07-11T12:18:05+00:00","og_image":[{"width":1080,"height":1080,"url":"https:\/\/brilune.eu\/wp-content\/uploads\/2025\/07\/bed_thumbnail2.jpg","type":"image\/jpeg"}],"twitter_card":"summary_large_image","twitter_misc":{"Est. reading time":"1 minute"},"schema":{"@context":"https:\/\/schema.org","@graph":[{"@type":"WebPage","@id":"https:\/\/brilune.eu\/lv\/product\/olena-francu-stila-masivkoka-retro-gulta\/","url":"https:\/\/brilune.eu\/lv\/product\/olena-francu-stila-masivkoka-retro-gulta\/","name":"Olena fran\u010du stila mas\u012bvkoka retro gulta","isPartOf":{"@id":"https:\/\/brilune.eu\/lv\/#website"},"primaryImageOfPage":{"@id":"https:\/\/brilune.eu\/lv\/product\/olena-francu-stila-masivkoka-retro-gulta\/#primaryimage"},"image":{"@id":"https:\/\/brilune.eu\/lv\/product\/olena-francu-stila-masivkoka-retro-gulta\/#primaryimage"},"thumbnailUrl":"https:\/\/brilune.eu\/wp-content\/uploads\/2025\/07\/bed_thumbnail2.jpg","datePublished":"2025-07-11T11:56:32+00:00","dateModified":"2025-07-11T12:18:05+00:00","description":"Paaugstiniet savu gu\u013camistabu ar Olena fran\u010du stila mas\u012bvkoka retro gultu, kas ir ide\u0101ls m\u016b\u017e\u012bgas elegances un modernas grezn\u012bbas sajaukums. \u0160\u012b gulta ir izgatavota no augstas kvalit\u0101tes mas\u012bvkoka, un tai ir izsmalcin\u0101ta melna apdare, kas izstaro nepiespiesta opula saj\u016btu...","breadcrumb":{"@id":"https:\/\/brilune.eu\/lv\/product\/olena-francu-stila-masivkoka-retro-gulta\/#breadcrumb"},"inLanguage":"lv-LV","potentialAction":[{"@type":"ReadAction","target":["https:\/\/brilune.eu\/lv\/product\/olena-francu-stila-masivkoka-retro-gulta\/"]}]},{"@type":"ImageObject","inLanguage":"lv-LV","@id":"https:\/\/brilune.eu\/lv\/product\/olena-francu-stila-masivkoka-retro-gulta\/#primaryimage","url":"https:\/\/brilune.eu\/wp-content\/uploads\/2025\/07\/bed_thumbnail2.jpg","contentUrl":"https:\/\/brilune.eu\/wp-content\/uploads\/2025\/07\/bed_thumbnail2.jpg","width":1080,"height":1080},{"@type":"BreadcrumbList","@id":"https:\/\/brilune.eu\/lv\/product\/olena-francu-stila-masivkoka-retro-gulta\/#breadcrumb","itemListElement":[{"@type":"ListItem","position":1,"name":"S\u0101kums","item":"https:\/\/brilune.eu\/lv\/brilune-mebeles\/"},{"@type":"ListItem","position":2,"name":"Visi produkti","item":"https:\/\/brilune.eu\/lv\/shop\/"},{"@type":"ListItem","position":3,"name":"Olena fran\u010du stila mas\u012bvkoka retro gulta"}]},{"@type":"WebSite","@id":"https:\/\/brilune.eu\/lv\/#website","url":"https:\/\/brilune.eu\/lv\/","name":"Brilune","description":"M\u0113s pied\u0101v\u0101jam unik\u0101lus un nebiju\u0161us dizainus, kas apvieno eleganci, funkcionalit\u0101ti un rado\u0161umu.","potentialAction":[{"@type":"SearchAction","target":{"@type":"EntryPoint","urlTemplate":"https:\/\/brilune.eu\/lv\/?s={search_term_string}"},"query-input":{"@type":"PropertyValueSpecification","valueRequired":true,"valueName":"search_term_string"}}],"inLanguage":"lv-LV"}]}},"jetpack_sharing_enabled":true,"_links":{"self":[{"href":"https:\/\/brilune.eu\/lv\/wp-json\/wp\/v2\/product\/60846","targetHints":{"allow":["GET"]}}],"collection":[{"href":"https:\/\/brilune.eu\/lv\/wp-json\/wp\/v2\/product"}],"about":[{"href":"https:\/\/brilune.eu\/lv\/wp-json\/wp\/v2\/types\/product"}],"replies":[{"embeddable":true,"href":"https:\/\/brilune.eu\/lv\/wp-json\/wp\/v2\/comments?post=60846"}],"version-history":[{"count":1,"href":"https:\/\/brilune.eu\/lv\/wp-json\/wp\/v2\/product\/60846\/revisions"}],"predecessor-version":[{"id":61076,"href":"https:\/\/brilune.eu\/lv\/wp-json\/wp\/v2\/product\/60846\/revisions\/61076"}],"wp:featuredmedia":[{"embeddable":true,"href":"https:\/\/brilune.eu\/lv\/wp-json\/wp\/v2\/media\/61014"}],"wp:attachment":[{"href":"https:\/\/brilune.eu\/lv\/wp-json\/wp\/v2\/media?parent=60846"}],"wp:term":[{"taxonomy":"product_brand","embeddable":true,"href":"https:\/\/brilune.eu\/lv\/wp-json\/wp\/v2\/product_brand?post=60846"},{"taxonomy":"product_cat","embeddable":true,"href":"https:\/\/brilune.eu\/lv\/wp-json\/wp\/v2\/product_cat?post=60846"},{"taxonomy":"product_tag","embeddable":true,"href":"https:\/\/brilune.eu\/lv\/wp-json\/wp\/v2\/product_tag?post=60846"}],"curies":[{"name":"wp","href":"https:\/\/api.w.org\/{rel}","templated":true}]}}