{"id":60822,"date":"2025-07-11T13:56:24","date_gmt":"2025-07-11T11:56:24","guid":{"rendered":"https:\/\/brilune.eu\/?post_type=product&#038;p=60822"},"modified":"2025-07-11T14:18:02","modified_gmt":"2025-07-11T12:18:02","slug":"britta-francu-stila-pufa-gulta","status":"publish","type":"product","link":"https:\/\/brilune.eu\/lv\/product\/britta-francu-stila-pufa-gulta\/","title":{"rendered":"Britta fran\u010du stila pufa gulta"},"content":{"rendered":"<p><span data-mce-fragment=\"1\">Ori\u0123in\u0101l\u0101 fran\u010du kr\u0113mkr\u0101sas stila k\u0101rtain\u0101 auduma gulta atspogu\u013co m\u016bsdienu vienk\u0101r\u0161\u012bbas un grezn\u012bbas b\u016bt\u012bbu. \u0160\u012b divgu\u013cam\u0101 gulta, kas rot\u0101ta ar j\u0113ra samtu, izstaro eleganci un komfortu, radot wabi-sabi est\u0113tiku j\u016bsu galvenaj\u0101 gu\u013camistab\u0101. T\u0101 vieglais, greznais dizains pie\u0161\u0137ir izsmalcin\u0101t\u012bbu, lieliski piem\u0113rots k\u0101zu gultai vai jebkuram \u012bpa\u0161am gad\u012bjumam. \u0160\u012b gulta ir izstr\u0101d\u0101ta, r\u016bp\u012bgi piev\u0113r\u0161ot uzman\u012bbu deta\u013c\u0101m, un t\u0101 ir fran\u010du izsmalcin\u0101t\u012bbas un stila piem\u0113rs. Uzlabojiet savu gul\u0113\u0161anas pieredzi ar ori\u0123in\u0101lo fran\u010du kr\u0113mkr\u0101sas stila k\u0101rtaino auduma gultu\u00a0\u2014 m\u016b\u017e\u012bgu gabalu, kas harmoniz\u0113 komfortu un eleganci j\u016bsu m\u0101j\u0101s.<\/span><\/p>\n<h5><span data-mce-fragment=\"1\">Materi\u0101ls<\/span><\/h5>\n<ul>\n<li><span><strong>Gultas r\u0101mja virsma<\/strong>: Boucle<\/span><\/li>\n<li><span><strong>Aizmugur\u0113j\u0101 r\u0101mja pild\u012bjums<\/strong>: augstas elast\u012bbas augsta bl\u012bvuma putas<\/span><\/li>\n<li>\n<strong>R\u0101mis<\/strong><span>: lapegles koks<\/span><span><\/span>\n<\/li>\n<li><span><strong>Gultas d\u0113lis<\/strong>: priedes koks<\/span><\/li>\n<li><span><strong>K\u0101jas<\/strong>: mas\u012bvkoks<\/span><\/li>\n<\/ul>\n<h5><span>Izm\u0113rs<\/span><\/h5>\n<p><span><img fetchpriority=\"high\" decoding=\"async\" height=\"181\" width=\"302\" src=\"https:\/\/cdn.shopify.com\/s\/files\/1\/0801\/4430\/2425\/files\/Britta_French_Style_Puff_Bed_dimension.png?v=1711712192> altp=&#8221;&#8221;><\/192\n<\/p>\n","protected":false},"excerpt":{"rendered":"<p>Ori\u0123in\u0101l\u0101 fran\u010du kr\u0113mkr\u0101sas stila k\u0101rtain\u0101 auduma gulta atspogu\u013co m\u016bsdienu vienk\u0101r\u0161\u012bbas un grezn\u012bbas b\u016bt\u012bbu. \u0160\u012b divgu\u013cam\u0101 gulta, kas rot\u0101ta ar j\u0113ra samtu, izstaro eleganci un komfortu, radot wabi-sabi est\u0113tiku j\u016bsu galvenaj\u0101 gu\u013camistab\u0101. T\u0101 viegl\u0101 grezn\u0101&#8230;<\/p>\n","protected":false},"featured_media":60934,"comment_status":"closed","ping_status":"closed","template":"","meta":[],"product_brand":[],"product_cat":[1670],"product_tag":[],"class_list":{"0":"post-60822","1":"product","2":"type-product","3":"status-publish","4":"has-post-thumbnail","6":"product_cat-gultas","8":"first","9":"instock","10":"shipping-taxable","11":"purchasable","12":"product-type-variable"},"yoast_head":"<!-- This site is optimized with the Yoast SEO plugin v26.0 - https:\/\/yoast.com\/wordpress\/plugins\/seo\/ -->\n<title>Britta fran\u010du stila pufa gulta<\/title>\n<meta name=\"description\" content=\"Ori\u0123in\u0101l\u0101 fran\u010du kr\u0113mkr\u0101sas stila k\u0101rtain\u0101 auduma gulta atspogu\u013co m\u016bsdienu vienk\u0101r\u0161\u012bbas un grezn\u012bbas b\u016bt\u012bbu. \u0160\u012b divgu\u013cam\u0101 gulta, kas rot\u0101ta ar j\u0113ra samtu, izstaro eleganci un komfortu, radot wabi-sabi est\u0113tiku j\u016bsu galvenaj\u0101 gu\u013camistab\u0101. T\u0101 viegl\u0101 grezn\u0101...\" \/>\n<meta name=\"robots\" content=\"index, follow, max-snippet:-1, max-image-preview:large, max-video-preview:-1\" \/>\n<link rel=\"canonical\" href=\"https:\/\/brilune.eu\/lv\/product\/britta-francu-stila-pufa-gulta\/\" \/>\n<meta property=\"og:locale\" content=\"lv_LV\" \/>\n<meta property=\"og:type\" content=\"article\" \/>\n<meta property=\"og:title\" content=\"Britta fran\u010du stila pufa gulta\" \/>\n<meta property=\"og:description\" content=\"Ori\u0123in\u0101l\u0101 fran\u010du kr\u0113mkr\u0101sas stila k\u0101rtain\u0101 auduma gulta atspogu\u013co m\u016bsdienu vienk\u0101r\u0161\u012bbas un grezn\u012bbas b\u016bt\u012bbu. \u0160\u012b divgu\u013cam\u0101 gulta, kas rot\u0101ta ar j\u0113ra samtu, izstaro eleganci un komfortu, radot wabi-sabi est\u0113tiku j\u016bsu galvenaj\u0101 gu\u013camistab\u0101. T\u0101 viegl\u0101 grezn\u0101...\" \/>\n<meta property=\"og:url\" content=\"https:\/\/brilune.eu\/lv\/product\/britta-francu-stila-pufa-gulta\/\" \/>\n<meta property=\"og:site_name\" content=\"Brilune\" \/>\n<meta property=\"article:modified_time\" content=\"2025-07-11T12:18:02+00:00\" \/>\n<meta property=\"og:image\" content=\"https:\/\/brilune.eu\/wp-content\/uploads\/2025\/07\/BrittaFrenchStylePuffBed_shadow.jpg\" \/>\n\t<meta property=\"og:image:width\" content=\"1080\" \/>\n\t<meta property=\"og:image:height\" content=\"1080\" \/>\n\t<meta property=\"og:image:type\" content=\"image\/jpeg\" \/>\n<meta name=\"twitter:card\" content=\"summary_large_image\" \/>\n<meta name=\"twitter:label1\" content=\"Est. reading time\" \/>\n\t<meta name=\"twitter:data1\" content=\"1 minute\" \/>\n<script type=\"application\/ld+json\" class=\"yoast-schema-graph\">{\"@context\":\"https:\/\/schema.org\",\"@graph\":[{\"@type\":\"WebPage\",\"@id\":\"https:\/\/brilune.eu\/lv\/product\/britta-francu-stila-pufa-gulta\/\",\"url\":\"https:\/\/brilune.eu\/lv\/product\/britta-francu-stila-pufa-gulta\/\",\"name\":\"Britta fran\u010du stila pufa gulta\",\"isPartOf\":{\"@id\":\"https:\/\/brilune.eu\/lv\/#website\"},\"primaryImageOfPage\":{\"@id\":\"https:\/\/brilune.eu\/lv\/product\/britta-francu-stila-pufa-gulta\/#primaryimage\"},\"image\":{\"@id\":\"https:\/\/brilune.eu\/lv\/product\/britta-francu-stila-pufa-gulta\/#primaryimage\"},\"thumbnailUrl\":\"https:\/\/brilune.eu\/wp-content\/uploads\/2025\/07\/BrittaFrenchStylePuffBed_shadow.jpg\",\"datePublished\":\"2025-07-11T11:56:24+00:00\",\"dateModified\":\"2025-07-11T12:18:02+00:00\",\"description\":\"Ori\u0123in\u0101l\u0101 fran\u010du kr\u0113mkr\u0101sas stila k\u0101rtain\u0101 auduma gulta atspogu\u013co m\u016bsdienu vienk\u0101r\u0161\u012bbas un grezn\u012bbas b\u016bt\u012bbu. \u0160\u012b divgu\u013cam\u0101 gulta, kas rot\u0101ta ar j\u0113ra samtu, izstaro eleganci un komfortu, radot wabi-sabi est\u0113tiku j\u016bsu galvenaj\u0101 gu\u013camistab\u0101. T\u0101 viegl\u0101 grezn\u0101...\",\"breadcrumb\":{\"@id\":\"https:\/\/brilune.eu\/lv\/product\/britta-francu-stila-pufa-gulta\/#breadcrumb\"},\"inLanguage\":\"lv-LV\",\"potentialAction\":[{\"@type\":\"ReadAction\",\"target\":[\"https:\/\/brilune.eu\/lv\/product\/britta-francu-stila-pufa-gulta\/\"]}]},{\"@type\":\"ImageObject\",\"inLanguage\":\"lv-LV\",\"@id\":\"https:\/\/brilune.eu\/lv\/product\/britta-francu-stila-pufa-gulta\/#primaryimage\",\"url\":\"https:\/\/brilune.eu\/wp-content\/uploads\/2025\/07\/BrittaFrenchStylePuffBed_shadow.jpg\",\"contentUrl\":\"https:\/\/brilune.eu\/wp-content\/uploads\/2025\/07\/BrittaFrenchStylePuffBed_shadow.jpg\",\"width\":1080,\"height\":1080},{\"@type\":\"BreadcrumbList\",\"@id\":\"https:\/\/brilune.eu\/lv\/product\/britta-francu-stila-pufa-gulta\/#breadcrumb\",\"itemListElement\":[{\"@type\":\"ListItem\",\"position\":1,\"name\":\"S\u0101kums\",\"item\":\"https:\/\/brilune.eu\/lv\/brilune-mebeles\/\"},{\"@type\":\"ListItem\",\"position\":2,\"name\":\"Visi produkti\",\"item\":\"https:\/\/brilune.eu\/lv\/shop\/\"},{\"@type\":\"ListItem\",\"position\":3,\"name\":\"Britta fran\u010du stila pufa gulta\"}]},{\"@type\":\"WebSite\",\"@id\":\"https:\/\/brilune.eu\/lv\/#website\",\"url\":\"https:\/\/brilune.eu\/lv\/\",\"name\":\"Brilune\",\"description\":\"M\u0113s pied\u0101v\u0101jam unik\u0101lus un nebiju\u0161us dizainus, kas apvieno eleganci, funkcionalit\u0101ti un rado\u0161umu.\",\"potentialAction\":[{\"@type\":\"SearchAction\",\"target\":{\"@type\":\"EntryPoint\",\"urlTemplate\":\"https:\/\/brilune.eu\/lv\/?s={search_term_string}\"},\"query-input\":{\"@type\":\"PropertyValueSpecification\",\"valueRequired\":true,\"valueName\":\"search_term_string\"}}],\"inLanguage\":\"lv-LV\"}]}<\/script>\n<!-- \/ Yoast SEO plugin. -->","yoast_head_json":{"title":"Britta fran\u010du stila pufa gulta","description":"Ori\u0123in\u0101l\u0101 fran\u010du kr\u0113mkr\u0101sas stila k\u0101rtain\u0101 auduma gulta atspogu\u013co m\u016bsdienu vienk\u0101r\u0161\u012bbas un grezn\u012bbas b\u016bt\u012bbu. \u0160\u012b divgu\u013cam\u0101 gulta, kas rot\u0101ta ar j\u0113ra samtu, izstaro eleganci un komfortu, radot wabi-sabi est\u0113tiku j\u016bsu galvenaj\u0101 gu\u013camistab\u0101. T\u0101 viegl\u0101 grezn\u0101...","robots":{"index":"index","follow":"follow","max-snippet":"max-snippet:-1","max-image-preview":"max-image-preview:large","max-video-preview":"max-video-preview:-1"},"canonical":"https:\/\/brilune.eu\/lv\/product\/britta-francu-stila-pufa-gulta\/","og_locale":"lv_LV","og_type":"article","og_title":"Britta fran\u010du stila pufa gulta","og_description":"Ori\u0123in\u0101l\u0101 fran\u010du kr\u0113mkr\u0101sas stila k\u0101rtain\u0101 auduma gulta atspogu\u013co m\u016bsdienu vienk\u0101r\u0161\u012bbas un grezn\u012bbas b\u016bt\u012bbu. \u0160\u012b divgu\u013cam\u0101 gulta, kas rot\u0101ta ar j\u0113ra samtu, izstaro eleganci un komfortu, radot wabi-sabi est\u0113tiku j\u016bsu galvenaj\u0101 gu\u013camistab\u0101. T\u0101 viegl\u0101 grezn\u0101...","og_url":"https:\/\/brilune.eu\/lv\/product\/britta-francu-stila-pufa-gulta\/","og_site_name":"Brilune","article_modified_time":"2025-07-11T12:18:02+00:00","og_image":[{"width":1080,"height":1080,"url":"https:\/\/brilune.eu\/wp-content\/uploads\/2025\/07\/BrittaFrenchStylePuffBed_shadow.jpg","type":"image\/jpeg"}],"twitter_card":"summary_large_image","twitter_misc":{"Est. reading time":"1 minute"},"schema":{"@context":"https:\/\/schema.org","@graph":[{"@type":"WebPage","@id":"https:\/\/brilune.eu\/lv\/product\/britta-francu-stila-pufa-gulta\/","url":"https:\/\/brilune.eu\/lv\/product\/britta-francu-stila-pufa-gulta\/","name":"Britta fran\u010du stila pufa gulta","isPartOf":{"@id":"https:\/\/brilune.eu\/lv\/#website"},"primaryImageOfPage":{"@id":"https:\/\/brilune.eu\/lv\/product\/britta-francu-stila-pufa-gulta\/#primaryimage"},"image":{"@id":"https:\/\/brilune.eu\/lv\/product\/britta-francu-stila-pufa-gulta\/#primaryimage"},"thumbnailUrl":"https:\/\/brilune.eu\/wp-content\/uploads\/2025\/07\/BrittaFrenchStylePuffBed_shadow.jpg","datePublished":"2025-07-11T11:56:24+00:00","dateModified":"2025-07-11T12:18:02+00:00","description":"Ori\u0123in\u0101l\u0101 fran\u010du kr\u0113mkr\u0101sas stila k\u0101rtain\u0101 auduma gulta atspogu\u013co m\u016bsdienu vienk\u0101r\u0161\u012bbas un grezn\u012bbas b\u016bt\u012bbu. \u0160\u012b divgu\u013cam\u0101 gulta, kas rot\u0101ta ar j\u0113ra samtu, izstaro eleganci un komfortu, radot wabi-sabi est\u0113tiku j\u016bsu galvenaj\u0101 gu\u013camistab\u0101. T\u0101 viegl\u0101 grezn\u0101...","breadcrumb":{"@id":"https:\/\/brilune.eu\/lv\/product\/britta-francu-stila-pufa-gulta\/#breadcrumb"},"inLanguage":"lv-LV","potentialAction":[{"@type":"ReadAction","target":["https:\/\/brilune.eu\/lv\/product\/britta-francu-stila-pufa-gulta\/"]}]},{"@type":"ImageObject","inLanguage":"lv-LV","@id":"https:\/\/brilune.eu\/lv\/product\/britta-francu-stila-pufa-gulta\/#primaryimage","url":"https:\/\/brilune.eu\/wp-content\/uploads\/2025\/07\/BrittaFrenchStylePuffBed_shadow.jpg","contentUrl":"https:\/\/brilune.eu\/wp-content\/uploads\/2025\/07\/BrittaFrenchStylePuffBed_shadow.jpg","width":1080,"height":1080},{"@type":"BreadcrumbList","@id":"https:\/\/brilune.eu\/lv\/product\/britta-francu-stila-pufa-gulta\/#breadcrumb","itemListElement":[{"@type":"ListItem","position":1,"name":"S\u0101kums","item":"https:\/\/brilune.eu\/lv\/brilune-mebeles\/"},{"@type":"ListItem","position":2,"name":"Visi produkti","item":"https:\/\/brilune.eu\/lv\/shop\/"},{"@type":"ListItem","position":3,"name":"Britta fran\u010du stila pufa gulta"}]},{"@type":"WebSite","@id":"https:\/\/brilune.eu\/lv\/#website","url":"https:\/\/brilune.eu\/lv\/","name":"Brilune","description":"M\u0113s pied\u0101v\u0101jam unik\u0101lus un nebiju\u0161us dizainus, kas apvieno eleganci, funkcionalit\u0101ti un rado\u0161umu.","potentialAction":[{"@type":"SearchAction","target":{"@type":"EntryPoint","urlTemplate":"https:\/\/brilune.eu\/lv\/?s={search_term_string}"},"query-input":{"@type":"PropertyValueSpecification","valueRequired":true,"valueName":"search_term_string"}}],"inLanguage":"lv-LV"}]}},"jetpack_sharing_enabled":true,"_links":{"self":[{"href":"https:\/\/brilune.eu\/lv\/wp-json\/wp\/v2\/product\/60822","targetHints":{"allow":["GET"]}}],"collection":[{"href":"https:\/\/brilune.eu\/lv\/wp-json\/wp\/v2\/product"}],"about":[{"href":"https:\/\/brilune.eu\/lv\/wp-json\/wp\/v2\/types\/product"}],"replies":[{"embeddable":true,"href":"https:\/\/brilune.eu\/lv\/wp-json\/wp\/v2\/comments?post=60822"}],"version-history":[{"count":1,"href":"https:\/\/brilune.eu\/lv\/wp-json\/wp\/v2\/product\/60822\/revisions"}],"predecessor-version":[{"id":61011,"href":"https:\/\/brilune.eu\/lv\/wp-json\/wp\/v2\/product\/60822\/revisions\/61011"}],"wp:featuredmedia":[{"embeddable":true,"href":"https:\/\/brilune.eu\/lv\/wp-json\/wp\/v2\/media\/60934"}],"wp:attachment":[{"href":"https:\/\/brilune.eu\/lv\/wp-json\/wp\/v2\/media?parent=60822"}],"wp:term":[{"taxonomy":"product_brand","embeddable":true,"href":"https:\/\/brilune.eu\/lv\/wp-json\/wp\/v2\/product_brand?post=60822"},{"taxonomy":"product_cat","embeddable":true,"href":"https:\/\/brilune.eu\/lv\/wp-json\/wp\/v2\/product_cat?post=60822"},{"taxonomy":"product_tag","embeddable":true,"href":"https:\/\/brilune.eu\/lv\/wp-json\/wp\/v2\/product_tag?post=60822"}],"curies":[{"name":"wp","href":"https:\/\/api.w.org\/{rel}","templated":true}]}}