{"id":40880,"date":"2025-02-19T14:06:33","date_gmt":"2025-02-19T12:06:33","guid":{"rendered":"https:\/\/brilune.eu\/?post_type=product&#038;p=40880"},"modified":"2025-02-19T14:17:48","modified_gmt":"2025-02-19T12:17:48","slug":"gulta-ar-uzglabasanas-sistemu-un-matraci-2","status":"publish","type":"product","link":"https:\/\/brilune.eu\/lv\/product\/gulta-ar-uzglabasanas-sistemu-un-matraci-2\/","title":{"rendered":"Gulta ar uzglab\u0101\u0161anas sist\u0113mu un matraci"},"content":{"rendered":"<p>Eleganta gulta ar polster\u0113tu galvgali un trim atvilktn\u0113m apvieno komfortu un praktiskumu. \u0112rta auduma apdare un augstas kvalit\u0101tes pild\u012bjums padara galvgali m\u012bkstu un pat\u012bkamu atp\u016btai. Iztur\u012bgais r\u0101mis nodro\u0161ina ilgu kalpo\u0161anas laiku, un zemais kl\u012brenss zem gultas pie\u0161\u0137ir konstrukcijai stabilit\u0101ti. Komplekt\u0101 ietilpst 20 cm matracis no kokos\u0161\u0137iedras. Minim\u0101listisk\u0101 pel\u0113k\u0101 kr\u0101sa uzsver izstr\u0101d\u0101juma moderno stilu.<\/p>\n<p>Izm\u0113rs: 219x186x102 cm. Materi\u0101ls: audums, koks, MDF.<\/p>\n","protected":false},"excerpt":{"rendered":"<p>Eleganta gulta ar polster\u0113tu galvgali un trim atvilktn\u0113m apvieno komfortu un praktiskumu. \u0112rta auduma apdare un augstas kvalit\u0101tes pild\u012bjums padara to&#8230;<\/p>\n","protected":false},"featured_media":14176,"comment_status":"open","ping_status":"closed","template":"","meta":[],"product_brand":[],"product_cat":[1670],"product_tag":[],"class_list":{"0":"post-40880","1":"product","2":"type-product","3":"status-publish","4":"has-post-thumbnail","6":"product_cat-gultas","8":"first","9":"instock","10":"shipping-taxable","11":"purchasable","12":"product-type-simple"},"yoast_head":"<!-- This site is optimized with the Yoast SEO plugin v26.0 - https:\/\/yoast.com\/wordpress\/plugins\/seo\/ -->\n<title>Gulta ar uzglab\u0101\u0161anas sist\u0113mu un matraci<\/title>\n<meta name=\"description\" content=\"Eleganta gulta ar polster\u0113tu galvgali un trim atvilktn\u0113m apvieno komfortu un praktiskumu. \u0112rta auduma apdare un augstas kvalit\u0101tes pild\u012bjums padara to...\" \/>\n<meta name=\"robots\" content=\"index, follow, max-snippet:-1, max-image-preview:large, max-video-preview:-1\" \/>\n<link rel=\"canonical\" href=\"https:\/\/brilune.eu\/lv\/product\/gulta-ar-uzglabasanas-sistemu-un-matraci-2\/\" \/>\n<meta property=\"og:locale\" content=\"lv_LV\" \/>\n<meta property=\"og:type\" content=\"article\" \/>\n<meta property=\"og:title\" content=\"Gulta ar uzglab\u0101\u0161anas sist\u0113mu un matraci\" \/>\n<meta property=\"og:description\" content=\"Eleganta gulta ar polster\u0113tu galvgali un trim atvilktn\u0113m apvieno komfortu un praktiskumu. \u0112rta auduma apdare un augstas kvalit\u0101tes pild\u012bjums padara to...\" \/>\n<meta property=\"og:url\" content=\"https:\/\/brilune.eu\/lv\/product\/gulta-ar-uzglabasanas-sistemu-un-matraci-2\/\" \/>\n<meta property=\"og:site_name\" content=\"Brilune\" \/>\n<meta property=\"article:modified_time\" content=\"2025-02-19T12:17:48+00:00\" \/>\n<meta property=\"og:image\" content=\"https:\/\/brilune.eu\/wp-content\/uploads\/2025\/01\/14841158.png\" \/>\n\t<meta property=\"og:image:width\" content=\"800\" \/>\n\t<meta property=\"og:image:height\" content=\"800\" \/>\n\t<meta property=\"og:image:type\" content=\"image\/png\" \/>\n<meta name=\"twitter:card\" content=\"summary_large_image\" \/>\n<script type=\"application\/ld+json\" class=\"yoast-schema-graph\">{\"@context\":\"https:\/\/schema.org\",\"@graph\":[{\"@type\":\"WebPage\",\"@id\":\"https:\/\/brilune.eu\/lv\/product\/gulta-ar-uzglabasanas-sistemu-un-matraci-2\/\",\"url\":\"https:\/\/brilune.eu\/lv\/product\/gulta-ar-uzglabasanas-sistemu-un-matraci-2\/\",\"name\":\"Gulta ar uzglab\u0101\u0161anas sist\u0113mu un matraci\",\"isPartOf\":{\"@id\":\"https:\/\/brilune.eu\/lv\/#website\"},\"primaryImageOfPage\":{\"@id\":\"https:\/\/brilune.eu\/lv\/product\/gulta-ar-uzglabasanas-sistemu-un-matraci-2\/#primaryimage\"},\"image\":{\"@id\":\"https:\/\/brilune.eu\/lv\/product\/gulta-ar-uzglabasanas-sistemu-un-matraci-2\/#primaryimage\"},\"thumbnailUrl\":\"https:\/\/brilune.eu\/wp-content\/uploads\/2025\/01\/14841158.png\",\"datePublished\":\"2025-02-19T12:06:33+00:00\",\"dateModified\":\"2025-02-19T12:17:48+00:00\",\"description\":\"Eleganta gulta ar polster\u0113tu galvgali un trim atvilktn\u0113m apvieno komfortu un praktiskumu. \u0112rta auduma apdare un augstas kvalit\u0101tes pild\u012bjums padara to...\",\"breadcrumb\":{\"@id\":\"https:\/\/brilune.eu\/lv\/product\/gulta-ar-uzglabasanas-sistemu-un-matraci-2\/#breadcrumb\"},\"inLanguage\":\"lv-LV\",\"potentialAction\":[{\"@type\":\"ReadAction\",\"target\":[\"https:\/\/brilune.eu\/lv\/product\/gulta-ar-uzglabasanas-sistemu-un-matraci-2\/\"]}]},{\"@type\":\"ImageObject\",\"inLanguage\":\"lv-LV\",\"@id\":\"https:\/\/brilune.eu\/lv\/product\/gulta-ar-uzglabasanas-sistemu-un-matraci-2\/#primaryimage\",\"url\":\"https:\/\/brilune.eu\/wp-content\/uploads\/2025\/01\/14841158.png\",\"contentUrl\":\"https:\/\/brilune.eu\/wp-content\/uploads\/2025\/01\/14841158.png\",\"width\":800,\"height\":800},{\"@type\":\"BreadcrumbList\",\"@id\":\"https:\/\/brilune.eu\/lv\/product\/gulta-ar-uzglabasanas-sistemu-un-matraci-2\/#breadcrumb\",\"itemListElement\":[{\"@type\":\"ListItem\",\"position\":1,\"name\":\"S\u0101kums\",\"item\":\"https:\/\/brilune.eu\/lv\/brilune-mebeles\/\"},{\"@type\":\"ListItem\",\"position\":2,\"name\":\"Visi produkti\",\"item\":\"https:\/\/brilune.eu\/lv\/shop\/\"},{\"@type\":\"ListItem\",\"position\":3,\"name\":\"Gulta ar uzglab\u0101\u0161anas sist\u0113mu un matraci\"}]},{\"@type\":\"WebSite\",\"@id\":\"https:\/\/brilune.eu\/lv\/#website\",\"url\":\"https:\/\/brilune.eu\/lv\/\",\"name\":\"Brilune\",\"description\":\"M\u0113s pied\u0101v\u0101jam unik\u0101lus un nebiju\u0161us dizainus, kas apvieno eleganci, funkcionalit\u0101ti un rado\u0161umu.\",\"potentialAction\":[{\"@type\":\"SearchAction\",\"target\":{\"@type\":\"EntryPoint\",\"urlTemplate\":\"https:\/\/brilune.eu\/lv\/?s={search_term_string}\"},\"query-input\":{\"@type\":\"PropertyValueSpecification\",\"valueRequired\":true,\"valueName\":\"search_term_string\"}}],\"inLanguage\":\"lv-LV\"}]}<\/script>\n<!-- \/ Yoast SEO plugin. -->","yoast_head_json":{"title":"Gulta ar uzglab\u0101\u0161anas sist\u0113mu un matraci","description":"Eleganta gulta ar polster\u0113tu galvgali un trim atvilktn\u0113m apvieno komfortu un praktiskumu. \u0112rta auduma apdare un augstas kvalit\u0101tes pild\u012bjums padara to...","robots":{"index":"index","follow":"follow","max-snippet":"max-snippet:-1","max-image-preview":"max-image-preview:large","max-video-preview":"max-video-preview:-1"},"canonical":"https:\/\/brilune.eu\/lv\/product\/gulta-ar-uzglabasanas-sistemu-un-matraci-2\/","og_locale":"lv_LV","og_type":"article","og_title":"Gulta ar uzglab\u0101\u0161anas sist\u0113mu un matraci","og_description":"Eleganta gulta ar polster\u0113tu galvgali un trim atvilktn\u0113m apvieno komfortu un praktiskumu. \u0112rta auduma apdare un augstas kvalit\u0101tes pild\u012bjums padara to...","og_url":"https:\/\/brilune.eu\/lv\/product\/gulta-ar-uzglabasanas-sistemu-un-matraci-2\/","og_site_name":"Brilune","article_modified_time":"2025-02-19T12:17:48+00:00","og_image":[{"width":800,"height":800,"url":"https:\/\/brilune.eu\/wp-content\/uploads\/2025\/01\/14841158.png","type":"image\/png"}],"twitter_card":"summary_large_image","schema":{"@context":"https:\/\/schema.org","@graph":[{"@type":"WebPage","@id":"https:\/\/brilune.eu\/lv\/product\/gulta-ar-uzglabasanas-sistemu-un-matraci-2\/","url":"https:\/\/brilune.eu\/lv\/product\/gulta-ar-uzglabasanas-sistemu-un-matraci-2\/","name":"Gulta ar uzglab\u0101\u0161anas sist\u0113mu un matraci","isPartOf":{"@id":"https:\/\/brilune.eu\/lv\/#website"},"primaryImageOfPage":{"@id":"https:\/\/brilune.eu\/lv\/product\/gulta-ar-uzglabasanas-sistemu-un-matraci-2\/#primaryimage"},"image":{"@id":"https:\/\/brilune.eu\/lv\/product\/gulta-ar-uzglabasanas-sistemu-un-matraci-2\/#primaryimage"},"thumbnailUrl":"https:\/\/brilune.eu\/wp-content\/uploads\/2025\/01\/14841158.png","datePublished":"2025-02-19T12:06:33+00:00","dateModified":"2025-02-19T12:17:48+00:00","description":"Eleganta gulta ar polster\u0113tu galvgali un trim atvilktn\u0113m apvieno komfortu un praktiskumu. \u0112rta auduma apdare un augstas kvalit\u0101tes pild\u012bjums padara to...","breadcrumb":{"@id":"https:\/\/brilune.eu\/lv\/product\/gulta-ar-uzglabasanas-sistemu-un-matraci-2\/#breadcrumb"},"inLanguage":"lv-LV","potentialAction":[{"@type":"ReadAction","target":["https:\/\/brilune.eu\/lv\/product\/gulta-ar-uzglabasanas-sistemu-un-matraci-2\/"]}]},{"@type":"ImageObject","inLanguage":"lv-LV","@id":"https:\/\/brilune.eu\/lv\/product\/gulta-ar-uzglabasanas-sistemu-un-matraci-2\/#primaryimage","url":"https:\/\/brilune.eu\/wp-content\/uploads\/2025\/01\/14841158.png","contentUrl":"https:\/\/brilune.eu\/wp-content\/uploads\/2025\/01\/14841158.png","width":800,"height":800},{"@type":"BreadcrumbList","@id":"https:\/\/brilune.eu\/lv\/product\/gulta-ar-uzglabasanas-sistemu-un-matraci-2\/#breadcrumb","itemListElement":[{"@type":"ListItem","position":1,"name":"S\u0101kums","item":"https:\/\/brilune.eu\/lv\/brilune-mebeles\/"},{"@type":"ListItem","position":2,"name":"Visi produkti","item":"https:\/\/brilune.eu\/lv\/shop\/"},{"@type":"ListItem","position":3,"name":"Gulta ar uzglab\u0101\u0161anas sist\u0113mu un matraci"}]},{"@type":"WebSite","@id":"https:\/\/brilune.eu\/lv\/#website","url":"https:\/\/brilune.eu\/lv\/","name":"Brilune","description":"M\u0113s pied\u0101v\u0101jam unik\u0101lus un nebiju\u0161us dizainus, kas apvieno eleganci, funkcionalit\u0101ti un rado\u0161umu.","potentialAction":[{"@type":"SearchAction","target":{"@type":"EntryPoint","urlTemplate":"https:\/\/brilune.eu\/lv\/?s={search_term_string}"},"query-input":{"@type":"PropertyValueSpecification","valueRequired":true,"valueName":"search_term_string"}}],"inLanguage":"lv-LV"}]}},"jetpack_sharing_enabled":true,"_links":{"self":[{"href":"https:\/\/brilune.eu\/lv\/wp-json\/wp\/v2\/product\/40880","targetHints":{"allow":["GET"]}}],"collection":[{"href":"https:\/\/brilune.eu\/lv\/wp-json\/wp\/v2\/product"}],"about":[{"href":"https:\/\/brilune.eu\/lv\/wp-json\/wp\/v2\/types\/product"}],"replies":[{"embeddable":true,"href":"https:\/\/brilune.eu\/lv\/wp-json\/wp\/v2\/comments?post=40880"}],"version-history":[{"count":1,"href":"https:\/\/brilune.eu\/lv\/wp-json\/wp\/v2\/product\/40880\/revisions"}],"predecessor-version":[{"id":40911,"href":"https:\/\/brilune.eu\/lv\/wp-json\/wp\/v2\/product\/40880\/revisions\/40911"}],"wp:featuredmedia":[{"embeddable":true,"href":"https:\/\/brilune.eu\/lv\/wp-json\/wp\/v2\/media\/14176"}],"wp:attachment":[{"href":"https:\/\/brilune.eu\/lv\/wp-json\/wp\/v2\/media?parent=40880"}],"wp:term":[{"taxonomy":"product_brand","embeddable":true,"href":"https:\/\/brilune.eu\/lv\/wp-json\/wp\/v2\/product_brand?post=40880"},{"taxonomy":"product_cat","embeddable":true,"href":"https:\/\/brilune.eu\/lv\/wp-json\/wp\/v2\/product_cat?post=40880"},{"taxonomy":"product_tag","embeddable":true,"href":"https:\/\/brilune.eu\/lv\/wp-json\/wp\/v2\/product_tag?post=40880"}],"curies":[{"name":"wp","href":"https:\/\/api.w.org\/{rel}","templated":true}]}}