{"id":40819,"date":"2025-02-19T14:05:14","date_gmt":"2025-02-19T12:05:14","guid":{"rendered":"https:\/\/brilune.eu\/?post_type=product&#038;p=40819"},"modified":"2025-02-19T14:17:24","modified_gmt":"2025-02-19T12:17:24","slug":"divstavu-gulta-ar-matraci-2","status":"publish","type":"product","link":"https:\/\/brilune.eu\/lv\/product\/divstavu-gulta-ar-matraci-2\/","title":{"rendered":"Divst\u0101vu gulta ar matraci"},"content":{"rendered":"<p>\u0160ai divst\u0101vu gultai ir dinamiskas oran\u017eas un melnas kr\u0101sas dizains, un t\u0101 ir ne tikai stil\u012bga, bet ar\u012b praktiska. Otraj\u0101 l\u012bmen\u012b ir dro\u0161\u012bbas margas papildu dro\u0161\u012bbai. \u0112rtas k\u0101pnes ar atvilktn\u0113m nodro\u0161ina \u0113rtu piek\u013cuvi aug\u0161\u0113jam l\u012bmenim un kalpo k\u0101 uzglab\u0101\u0161anas vieta. Zem apak\u0161\u0113j\u0101s gultas ir ar\u012b glab\u0101\u0161anas atvilktnes, kas padara to par lielisku izv\u0113li vietu taupo\u0161ai glab\u0101\u0161anai pusaud\u017ea istab\u0101. Iek\u013cauti divi matra\u010di, kas padara \u0161o gultu piln\u012bb\u0101 gatavu lieto\u0161anai.<\/p>\n<p>Materi\u0101ls: koks. Izm\u0113rs: 260&#215;162,2&#215;179 cm<\/p>\n","protected":false},"excerpt":{"rendered":"<p>\u0160ai divst\u0101vu gultai ir dinamiskas oran\u017eas un melnas kr\u0101sas dizains, un t\u0101 ir ne tikai stil\u012bga, bet ar\u012b praktiska. Otraj\u0101 l\u012bmen\u012b ir dro\u0161\u012bbas margas papildu dro\u0161\u012bbai. Konve&#8230;<\/p>\n","protected":false},"featured_media":14044,"comment_status":"open","ping_status":"closed","template":"","meta":[],"product_brand":[],"product_cat":[2987],"product_tag":[],"class_list":{"0":"post-40819","1":"product","2":"type-product","3":"status-publish","4":"has-post-thumbnail","6":"product_cat-bernu-gultas-gultas-3","8":"first","9":"instock","10":"shipping-taxable","11":"purchasable","12":"product-type-simple"},"yoast_head":"<!-- This site is optimized with the Yoast SEO plugin v26.0 - https:\/\/yoast.com\/wordpress\/plugins\/seo\/ -->\n<title>Divst\u0101vu gulta ar matraci<\/title>\n<meta name=\"description\" content=\"\u0160ai divst\u0101vu gultai ir dinamiskas oran\u017eas un melnas kr\u0101sas dizains, un t\u0101 ir ne tikai stil\u012bga, bet ar\u012b praktiska. Otraj\u0101 l\u012bmen\u012b ir dro\u0161\u012bbas margas papildu dro\u0161\u012bbai. Konve...\" \/>\n<meta name=\"robots\" content=\"index, follow, max-snippet:-1, max-image-preview:large, max-video-preview:-1\" \/>\n<link rel=\"canonical\" href=\"https:\/\/brilune.eu\/lv\/product\/divstavu-gulta-ar-matraci-2\/\" \/>\n<meta property=\"og:locale\" content=\"lv_LV\" \/>\n<meta property=\"og:type\" content=\"article\" \/>\n<meta property=\"og:title\" content=\"Divst\u0101vu gulta ar matraci\" \/>\n<meta property=\"og:description\" content=\"\u0160ai divst\u0101vu gultai ir dinamiskas oran\u017eas un melnas kr\u0101sas dizains, un t\u0101 ir ne tikai stil\u012bga, bet ar\u012b praktiska. Otraj\u0101 l\u012bmen\u012b ir dro\u0161\u012bbas margas papildu dro\u0161\u012bbai. Konve...\" \/>\n<meta property=\"og:url\" content=\"https:\/\/brilune.eu\/lv\/product\/divstavu-gulta-ar-matraci-2\/\" \/>\n<meta property=\"og:site_name\" content=\"Brilune\" \/>\n<meta property=\"article:modified_time\" content=\"2025-02-19T12:17:24+00:00\" \/>\n<meta property=\"og:image\" content=\"https:\/\/brilune.eu\/wp-content\/uploads\/2025\/01\/11189678.jpg\" \/>\n\t<meta property=\"og:image:width\" content=\"800\" \/>\n\t<meta property=\"og:image:height\" content=\"800\" \/>\n\t<meta property=\"og:image:type\" content=\"image\/jpeg\" \/>\n<meta name=\"twitter:card\" content=\"summary_large_image\" \/>\n<meta name=\"twitter:label1\" content=\"Est. reading time\" \/>\n\t<meta name=\"twitter:data1\" content=\"1 minute\" \/>\n<script type=\"application\/ld+json\" class=\"yoast-schema-graph\">{\"@context\":\"https:\/\/schema.org\",\"@graph\":[{\"@type\":\"WebPage\",\"@id\":\"https:\/\/brilune.eu\/lv\/product\/divstavu-gulta-ar-matraci-2\/\",\"url\":\"https:\/\/brilune.eu\/lv\/product\/divstavu-gulta-ar-matraci-2\/\",\"name\":\"Divst\u0101vu gulta ar matraci\",\"isPartOf\":{\"@id\":\"https:\/\/brilune.eu\/lv\/#website\"},\"primaryImageOfPage\":{\"@id\":\"https:\/\/brilune.eu\/lv\/product\/divstavu-gulta-ar-matraci-2\/#primaryimage\"},\"image\":{\"@id\":\"https:\/\/brilune.eu\/lv\/product\/divstavu-gulta-ar-matraci-2\/#primaryimage\"},\"thumbnailUrl\":\"https:\/\/brilune.eu\/wp-content\/uploads\/2025\/01\/11189678.jpg\",\"datePublished\":\"2025-02-19T12:05:14+00:00\",\"dateModified\":\"2025-02-19T12:17:24+00:00\",\"description\":\"\u0160ai divst\u0101vu gultai ir dinamiskas oran\u017eas un melnas kr\u0101sas dizains, un t\u0101 ir ne tikai stil\u012bga, bet ar\u012b praktiska. Otraj\u0101 l\u012bmen\u012b ir dro\u0161\u012bbas margas papildu dro\u0161\u012bbai. Konve...\",\"breadcrumb\":{\"@id\":\"https:\/\/brilune.eu\/lv\/product\/divstavu-gulta-ar-matraci-2\/#breadcrumb\"},\"inLanguage\":\"lv-LV\",\"potentialAction\":[{\"@type\":\"ReadAction\",\"target\":[\"https:\/\/brilune.eu\/lv\/product\/divstavu-gulta-ar-matraci-2\/\"]}]},{\"@type\":\"ImageObject\",\"inLanguage\":\"lv-LV\",\"@id\":\"https:\/\/brilune.eu\/lv\/product\/divstavu-gulta-ar-matraci-2\/#primaryimage\",\"url\":\"https:\/\/brilune.eu\/wp-content\/uploads\/2025\/01\/11189678.jpg\",\"contentUrl\":\"https:\/\/brilune.eu\/wp-content\/uploads\/2025\/01\/11189678.jpg\",\"width\":800,\"height\":800},{\"@type\":\"BreadcrumbList\",\"@id\":\"https:\/\/brilune.eu\/lv\/product\/divstavu-gulta-ar-matraci-2\/#breadcrumb\",\"itemListElement\":[{\"@type\":\"ListItem\",\"position\":1,\"name\":\"S\u0101kums\",\"item\":\"https:\/\/brilune.eu\/lv\/brilune-mebeles\/\"},{\"@type\":\"ListItem\",\"position\":2,\"name\":\"Visi produkti\",\"item\":\"https:\/\/brilune.eu\/lv\/shop\/\"},{\"@type\":\"ListItem\",\"position\":3,\"name\":\"Divst\u0101vu gulta ar matraci\"}]},{\"@type\":\"WebSite\",\"@id\":\"https:\/\/brilune.eu\/lv\/#website\",\"url\":\"https:\/\/brilune.eu\/lv\/\",\"name\":\"Brilune\",\"description\":\"M\u0113s pied\u0101v\u0101jam unik\u0101lus un nebiju\u0161us dizainus, kas apvieno eleganci, funkcionalit\u0101ti un rado\u0161umu.\",\"potentialAction\":[{\"@type\":\"SearchAction\",\"target\":{\"@type\":\"EntryPoint\",\"urlTemplate\":\"https:\/\/brilune.eu\/lv\/?s={search_term_string}\"},\"query-input\":{\"@type\":\"PropertyValueSpecification\",\"valueRequired\":true,\"valueName\":\"search_term_string\"}}],\"inLanguage\":\"lv-LV\"}]}<\/script>\n<!-- \/ Yoast SEO plugin. -->","yoast_head_json":{"title":"Divst\u0101vu gulta ar matraci","description":"\u0160ai divst\u0101vu gultai ir dinamiskas oran\u017eas un melnas kr\u0101sas dizains, un t\u0101 ir ne tikai stil\u012bga, bet ar\u012b praktiska. Otraj\u0101 l\u012bmen\u012b ir dro\u0161\u012bbas margas papildu dro\u0161\u012bbai. Konve...","robots":{"index":"index","follow":"follow","max-snippet":"max-snippet:-1","max-image-preview":"max-image-preview:large","max-video-preview":"max-video-preview:-1"},"canonical":"https:\/\/brilune.eu\/lv\/product\/divstavu-gulta-ar-matraci-2\/","og_locale":"lv_LV","og_type":"article","og_title":"Divst\u0101vu gulta ar matraci","og_description":"\u0160ai divst\u0101vu gultai ir dinamiskas oran\u017eas un melnas kr\u0101sas dizains, un t\u0101 ir ne tikai stil\u012bga, bet ar\u012b praktiska. Otraj\u0101 l\u012bmen\u012b ir dro\u0161\u012bbas margas papildu dro\u0161\u012bbai. Konve...","og_url":"https:\/\/brilune.eu\/lv\/product\/divstavu-gulta-ar-matraci-2\/","og_site_name":"Brilune","article_modified_time":"2025-02-19T12:17:24+00:00","og_image":[{"width":800,"height":800,"url":"https:\/\/brilune.eu\/wp-content\/uploads\/2025\/01\/11189678.jpg","type":"image\/jpeg"}],"twitter_card":"summary_large_image","twitter_misc":{"Est. reading time":"1 minute"},"schema":{"@context":"https:\/\/schema.org","@graph":[{"@type":"WebPage","@id":"https:\/\/brilune.eu\/lv\/product\/divstavu-gulta-ar-matraci-2\/","url":"https:\/\/brilune.eu\/lv\/product\/divstavu-gulta-ar-matraci-2\/","name":"Divst\u0101vu gulta ar matraci","isPartOf":{"@id":"https:\/\/brilune.eu\/lv\/#website"},"primaryImageOfPage":{"@id":"https:\/\/brilune.eu\/lv\/product\/divstavu-gulta-ar-matraci-2\/#primaryimage"},"image":{"@id":"https:\/\/brilune.eu\/lv\/product\/divstavu-gulta-ar-matraci-2\/#primaryimage"},"thumbnailUrl":"https:\/\/brilune.eu\/wp-content\/uploads\/2025\/01\/11189678.jpg","datePublished":"2025-02-19T12:05:14+00:00","dateModified":"2025-02-19T12:17:24+00:00","description":"\u0160ai divst\u0101vu gultai ir dinamiskas oran\u017eas un melnas kr\u0101sas dizains, un t\u0101 ir ne tikai stil\u012bga, bet ar\u012b praktiska. Otraj\u0101 l\u012bmen\u012b ir dro\u0161\u012bbas margas papildu dro\u0161\u012bbai. Konve...","breadcrumb":{"@id":"https:\/\/brilune.eu\/lv\/product\/divstavu-gulta-ar-matraci-2\/#breadcrumb"},"inLanguage":"lv-LV","potentialAction":[{"@type":"ReadAction","target":["https:\/\/brilune.eu\/lv\/product\/divstavu-gulta-ar-matraci-2\/"]}]},{"@type":"ImageObject","inLanguage":"lv-LV","@id":"https:\/\/brilune.eu\/lv\/product\/divstavu-gulta-ar-matraci-2\/#primaryimage","url":"https:\/\/brilune.eu\/wp-content\/uploads\/2025\/01\/11189678.jpg","contentUrl":"https:\/\/brilune.eu\/wp-content\/uploads\/2025\/01\/11189678.jpg","width":800,"height":800},{"@type":"BreadcrumbList","@id":"https:\/\/brilune.eu\/lv\/product\/divstavu-gulta-ar-matraci-2\/#breadcrumb","itemListElement":[{"@type":"ListItem","position":1,"name":"S\u0101kums","item":"https:\/\/brilune.eu\/lv\/brilune-mebeles\/"},{"@type":"ListItem","position":2,"name":"Visi produkti","item":"https:\/\/brilune.eu\/lv\/shop\/"},{"@type":"ListItem","position":3,"name":"Divst\u0101vu gulta ar matraci"}]},{"@type":"WebSite","@id":"https:\/\/brilune.eu\/lv\/#website","url":"https:\/\/brilune.eu\/lv\/","name":"Brilune","description":"M\u0113s pied\u0101v\u0101jam unik\u0101lus un nebiju\u0161us dizainus, kas apvieno eleganci, funkcionalit\u0101ti un rado\u0161umu.","potentialAction":[{"@type":"SearchAction","target":{"@type":"EntryPoint","urlTemplate":"https:\/\/brilune.eu\/lv\/?s={search_term_string}"},"query-input":{"@type":"PropertyValueSpecification","valueRequired":true,"valueName":"search_term_string"}}],"inLanguage":"lv-LV"}]}},"jetpack_sharing_enabled":true,"_links":{"self":[{"href":"https:\/\/brilune.eu\/lv\/wp-json\/wp\/v2\/product\/40819","targetHints":{"allow":["GET"]}}],"collection":[{"href":"https:\/\/brilune.eu\/lv\/wp-json\/wp\/v2\/product"}],"about":[{"href":"https:\/\/brilune.eu\/lv\/wp-json\/wp\/v2\/types\/product"}],"replies":[{"embeddable":true,"href":"https:\/\/brilune.eu\/lv\/wp-json\/wp\/v2\/comments?post=40819"}],"version-history":[{"count":1,"href":"https:\/\/brilune.eu\/lv\/wp-json\/wp\/v2\/product\/40819\/revisions"}],"predecessor-version":[{"id":40870,"href":"https:\/\/brilune.eu\/lv\/wp-json\/wp\/v2\/product\/40819\/revisions\/40870"}],"wp:featuredmedia":[{"embeddable":true,"href":"https:\/\/brilune.eu\/lv\/wp-json\/wp\/v2\/media\/14044"}],"wp:attachment":[{"href":"https:\/\/brilune.eu\/lv\/wp-json\/wp\/v2\/media?parent=40819"}],"wp:term":[{"taxonomy":"product_brand","embeddable":true,"href":"https:\/\/brilune.eu\/lv\/wp-json\/wp\/v2\/product_brand?post=40819"},{"taxonomy":"product_cat","embeddable":true,"href":"https:\/\/brilune.eu\/lv\/wp-json\/wp\/v2\/product_cat?post=40819"},{"taxonomy":"product_tag","embeddable":true,"href":"https:\/\/brilune.eu\/lv\/wp-json\/wp\/v2\/product_tag?post=40819"}],"curies":[{"name":"wp","href":"https:\/\/api.w.org\/{rel}","templated":true}]}}