{"id":40800,"date":"2025-02-19T14:04:48","date_gmt":"2025-02-19T12:04:48","guid":{"rendered":"https:\/\/brilune.eu\/?post_type=product&#038;p=40800"},"modified":"2025-02-19T14:17:21","modified_gmt":"2025-02-19T12:17:21","slug":"bernu-maja-divstavu-gulta-6","status":"publish","type":"product","link":"https:\/\/brilune.eu\/lv\/product\/bernu-maja-divstavu-gulta-6\/","title":{"rendered":"B\u0113rnu m\u0101ja divst\u0101vu gult\u0101"},"content":{"rendered":"<p>\u0160\u012b koka divst\u0101vu gulta m\u0101jas form\u0101 ar jumtu b\u016bs stil\u012bgs risin\u0101jums b\u0113rnu istabai. Otraj\u0101 st\u0101v\u0101 var nok\u013c\u016bt pa k\u0101pn\u0113m ar glab\u0101\u0161anas atvilktn\u0113m, un zem\u0101kaj\u0101 l\u012bmen\u012b ir ar\u012b \u0113rtas uzglab\u0101\u0161anas atvilktnes, kas nodro\u0161ina v\u0113l vair\u0101k vietas uzglab\u0101\u0161anai. Gulta paredz\u0113ta 120&#215;200 cm matracim, t\u0101s dizains ietver m\u012b\u013cus dekorat\u012bvos elementus, kas noteikti patiks b\u0113rniem. <\/p>\n<p>Izm\u0113ri: 260x132x265 cm. Materi\u0101ls: koks, audums.<\/p>\n","protected":false},"excerpt":{"rendered":"<p>\u0160\u012b koka divst\u0101vu gulta m\u0101jas form\u0101 ar jumtu b\u016bs stil\u012bgs risin\u0101jums b\u0113rnu istabai. Otraj\u0101 st\u0101v\u0101 var nok\u013c\u016bt pa k\u0101pn\u0113m ar&#8230;<\/p>\n","protected":false},"featured_media":14014,"comment_status":"open","ping_status":"closed","template":"","meta":[],"product_brand":[],"product_cat":[2987],"product_tag":[],"class_list":{"0":"post-40800","1":"product","2":"type-product","3":"status-publish","4":"has-post-thumbnail","6":"product_cat-bernu-gultas-gultas-3","8":"first","9":"instock","10":"shipping-taxable","11":"purchasable","12":"product-type-simple"},"yoast_head":"<!-- This site is optimized with the Yoast SEO plugin v26.0 - https:\/\/yoast.com\/wordpress\/plugins\/seo\/ -->\n<title>B\u0113rnu m\u0101ja divst\u0101vu gult\u0101<\/title>\n<meta name=\"description\" content=\"\u0160\u012b koka divst\u0101vu gulta m\u0101jas form\u0101 ar jumtu b\u016bs stil\u012bgs risin\u0101jums b\u0113rnu istabai. Otraj\u0101 st\u0101v\u0101 var nok\u013c\u016bt pa k\u0101pn\u0113m ar...\" \/>\n<meta name=\"robots\" content=\"index, follow, max-snippet:-1, max-image-preview:large, max-video-preview:-1\" \/>\n<link rel=\"canonical\" href=\"https:\/\/brilune.eu\/lv\/product\/bernu-maja-divstavu-gulta-6\/\" \/>\n<meta property=\"og:locale\" content=\"lv_LV\" \/>\n<meta property=\"og:type\" content=\"article\" \/>\n<meta property=\"og:title\" content=\"B\u0113rnu m\u0101ja divst\u0101vu gult\u0101\" \/>\n<meta property=\"og:description\" content=\"\u0160\u012b koka divst\u0101vu gulta m\u0101jas form\u0101 ar jumtu b\u016bs stil\u012bgs risin\u0101jums b\u0113rnu istabai. Otraj\u0101 st\u0101v\u0101 var nok\u013c\u016bt pa k\u0101pn\u0113m ar...\" \/>\n<meta property=\"og:url\" content=\"https:\/\/brilune.eu\/lv\/product\/bernu-maja-divstavu-gulta-6\/\" \/>\n<meta property=\"og:site_name\" content=\"Brilune\" \/>\n<meta property=\"article:modified_time\" content=\"2025-02-19T12:17:21+00:00\" \/>\n<meta property=\"og:image\" content=\"https:\/\/brilune.eu\/wp-content\/uploads\/2025\/01\/11559570.jpg\" \/>\n\t<meta property=\"og:image:width\" content=\"1500\" \/>\n\t<meta property=\"og:image:height\" content=\"1500\" \/>\n\t<meta property=\"og:image:type\" content=\"image\/jpeg\" \/>\n<meta name=\"twitter:card\" content=\"summary_large_image\" \/>\n<script type=\"application\/ld+json\" class=\"yoast-schema-graph\">{\"@context\":\"https:\/\/schema.org\",\"@graph\":[{\"@type\":\"WebPage\",\"@id\":\"https:\/\/brilune.eu\/lv\/product\/bernu-maja-divstavu-gulta-6\/\",\"url\":\"https:\/\/brilune.eu\/lv\/product\/bernu-maja-divstavu-gulta-6\/\",\"name\":\"B\u0113rnu m\u0101ja divst\u0101vu gult\u0101\",\"isPartOf\":{\"@id\":\"https:\/\/brilune.eu\/lv\/#website\"},\"primaryImageOfPage\":{\"@id\":\"https:\/\/brilune.eu\/lv\/product\/bernu-maja-divstavu-gulta-6\/#primaryimage\"},\"image\":{\"@id\":\"https:\/\/brilune.eu\/lv\/product\/bernu-maja-divstavu-gulta-6\/#primaryimage\"},\"thumbnailUrl\":\"https:\/\/brilune.eu\/wp-content\/uploads\/2025\/01\/11559570.jpg\",\"datePublished\":\"2025-02-19T12:04:48+00:00\",\"dateModified\":\"2025-02-19T12:17:21+00:00\",\"description\":\"\u0160\u012b koka divst\u0101vu gulta m\u0101jas form\u0101 ar jumtu b\u016bs stil\u012bgs risin\u0101jums b\u0113rnu istabai. Otraj\u0101 st\u0101v\u0101 var nok\u013c\u016bt pa k\u0101pn\u0113m ar...\",\"breadcrumb\":{\"@id\":\"https:\/\/brilune.eu\/lv\/product\/bernu-maja-divstavu-gulta-6\/#breadcrumb\"},\"inLanguage\":\"lv-LV\",\"potentialAction\":[{\"@type\":\"ReadAction\",\"target\":[\"https:\/\/brilune.eu\/lv\/product\/bernu-maja-divstavu-gulta-6\/\"]}]},{\"@type\":\"ImageObject\",\"inLanguage\":\"lv-LV\",\"@id\":\"https:\/\/brilune.eu\/lv\/product\/bernu-maja-divstavu-gulta-6\/#primaryimage\",\"url\":\"https:\/\/brilune.eu\/wp-content\/uploads\/2025\/01\/11559570.jpg\",\"contentUrl\":\"https:\/\/brilune.eu\/wp-content\/uploads\/2025\/01\/11559570.jpg\",\"width\":1500,\"height\":1500},{\"@type\":\"BreadcrumbList\",\"@id\":\"https:\/\/brilune.eu\/lv\/product\/bernu-maja-divstavu-gulta-6\/#breadcrumb\",\"itemListElement\":[{\"@type\":\"ListItem\",\"position\":1,\"name\":\"S\u0101kums\",\"item\":\"https:\/\/brilune.eu\/lv\/brilune-mebeles\/\"},{\"@type\":\"ListItem\",\"position\":2,\"name\":\"Visi produkti\",\"item\":\"https:\/\/brilune.eu\/lv\/shop\/\"},{\"@type\":\"ListItem\",\"position\":3,\"name\":\"B\u0113rnu m\u0101ja divst\u0101vu gult\u0101\"}]},{\"@type\":\"WebSite\",\"@id\":\"https:\/\/brilune.eu\/lv\/#website\",\"url\":\"https:\/\/brilune.eu\/lv\/\",\"name\":\"Brilune\",\"description\":\"M\u0113s pied\u0101v\u0101jam unik\u0101lus un nebiju\u0161us dizainus, kas apvieno eleganci, funkcionalit\u0101ti un rado\u0161umu.\",\"potentialAction\":[{\"@type\":\"SearchAction\",\"target\":{\"@type\":\"EntryPoint\",\"urlTemplate\":\"https:\/\/brilune.eu\/lv\/?s={search_term_string}\"},\"query-input\":{\"@type\":\"PropertyValueSpecification\",\"valueRequired\":true,\"valueName\":\"search_term_string\"}}],\"inLanguage\":\"lv-LV\"}]}<\/script>\n<!-- \/ Yoast SEO plugin. -->","yoast_head_json":{"title":"B\u0113rnu m\u0101ja divst\u0101vu gult\u0101","description":"\u0160\u012b koka divst\u0101vu gulta m\u0101jas form\u0101 ar jumtu b\u016bs stil\u012bgs risin\u0101jums b\u0113rnu istabai. Otraj\u0101 st\u0101v\u0101 var nok\u013c\u016bt pa k\u0101pn\u0113m ar...","robots":{"index":"index","follow":"follow","max-snippet":"max-snippet:-1","max-image-preview":"max-image-preview:large","max-video-preview":"max-video-preview:-1"},"canonical":"https:\/\/brilune.eu\/lv\/product\/bernu-maja-divstavu-gulta-6\/","og_locale":"lv_LV","og_type":"article","og_title":"B\u0113rnu m\u0101ja divst\u0101vu gult\u0101","og_description":"\u0160\u012b koka divst\u0101vu gulta m\u0101jas form\u0101 ar jumtu b\u016bs stil\u012bgs risin\u0101jums b\u0113rnu istabai. Otraj\u0101 st\u0101v\u0101 var nok\u013c\u016bt pa k\u0101pn\u0113m ar...","og_url":"https:\/\/brilune.eu\/lv\/product\/bernu-maja-divstavu-gulta-6\/","og_site_name":"Brilune","article_modified_time":"2025-02-19T12:17:21+00:00","og_image":[{"width":1500,"height":1500,"url":"https:\/\/brilune.eu\/wp-content\/uploads\/2025\/01\/11559570.jpg","type":"image\/jpeg"}],"twitter_card":"summary_large_image","schema":{"@context":"https:\/\/schema.org","@graph":[{"@type":"WebPage","@id":"https:\/\/brilune.eu\/lv\/product\/bernu-maja-divstavu-gulta-6\/","url":"https:\/\/brilune.eu\/lv\/product\/bernu-maja-divstavu-gulta-6\/","name":"B\u0113rnu m\u0101ja divst\u0101vu gult\u0101","isPartOf":{"@id":"https:\/\/brilune.eu\/lv\/#website"},"primaryImageOfPage":{"@id":"https:\/\/brilune.eu\/lv\/product\/bernu-maja-divstavu-gulta-6\/#primaryimage"},"image":{"@id":"https:\/\/brilune.eu\/lv\/product\/bernu-maja-divstavu-gulta-6\/#primaryimage"},"thumbnailUrl":"https:\/\/brilune.eu\/wp-content\/uploads\/2025\/01\/11559570.jpg","datePublished":"2025-02-19T12:04:48+00:00","dateModified":"2025-02-19T12:17:21+00:00","description":"\u0160\u012b koka divst\u0101vu gulta m\u0101jas form\u0101 ar jumtu b\u016bs stil\u012bgs risin\u0101jums b\u0113rnu istabai. Otraj\u0101 st\u0101v\u0101 var nok\u013c\u016bt pa k\u0101pn\u0113m ar...","breadcrumb":{"@id":"https:\/\/brilune.eu\/lv\/product\/bernu-maja-divstavu-gulta-6\/#breadcrumb"},"inLanguage":"lv-LV","potentialAction":[{"@type":"ReadAction","target":["https:\/\/brilune.eu\/lv\/product\/bernu-maja-divstavu-gulta-6\/"]}]},{"@type":"ImageObject","inLanguage":"lv-LV","@id":"https:\/\/brilune.eu\/lv\/product\/bernu-maja-divstavu-gulta-6\/#primaryimage","url":"https:\/\/brilune.eu\/wp-content\/uploads\/2025\/01\/11559570.jpg","contentUrl":"https:\/\/brilune.eu\/wp-content\/uploads\/2025\/01\/11559570.jpg","width":1500,"height":1500},{"@type":"BreadcrumbList","@id":"https:\/\/brilune.eu\/lv\/product\/bernu-maja-divstavu-gulta-6\/#breadcrumb","itemListElement":[{"@type":"ListItem","position":1,"name":"S\u0101kums","item":"https:\/\/brilune.eu\/lv\/brilune-mebeles\/"},{"@type":"ListItem","position":2,"name":"Visi produkti","item":"https:\/\/brilune.eu\/lv\/shop\/"},{"@type":"ListItem","position":3,"name":"B\u0113rnu m\u0101ja divst\u0101vu gult\u0101"}]},{"@type":"WebSite","@id":"https:\/\/brilune.eu\/lv\/#website","url":"https:\/\/brilune.eu\/lv\/","name":"Brilune","description":"M\u0113s pied\u0101v\u0101jam unik\u0101lus un nebiju\u0161us dizainus, kas apvieno eleganci, funkcionalit\u0101ti un rado\u0161umu.","potentialAction":[{"@type":"SearchAction","target":{"@type":"EntryPoint","urlTemplate":"https:\/\/brilune.eu\/lv\/?s={search_term_string}"},"query-input":{"@type":"PropertyValueSpecification","valueRequired":true,"valueName":"search_term_string"}}],"inLanguage":"lv-LV"}]}},"jetpack_sharing_enabled":true,"_links":{"self":[{"href":"https:\/\/brilune.eu\/lv\/wp-json\/wp\/v2\/product\/40800","targetHints":{"allow":["GET"]}}],"collection":[{"href":"https:\/\/brilune.eu\/lv\/wp-json\/wp\/v2\/product"}],"about":[{"href":"https:\/\/brilune.eu\/lv\/wp-json\/wp\/v2\/types\/product"}],"replies":[{"embeddable":true,"href":"https:\/\/brilune.eu\/lv\/wp-json\/wp\/v2\/comments?post=40800"}],"version-history":[{"count":1,"href":"https:\/\/brilune.eu\/lv\/wp-json\/wp\/v2\/product\/40800\/revisions"}],"predecessor-version":[{"id":40851,"href":"https:\/\/brilune.eu\/lv\/wp-json\/wp\/v2\/product\/40800\/revisions\/40851"}],"wp:featuredmedia":[{"embeddable":true,"href":"https:\/\/brilune.eu\/lv\/wp-json\/wp\/v2\/media\/14014"}],"wp:attachment":[{"href":"https:\/\/brilune.eu\/lv\/wp-json\/wp\/v2\/media?parent=40800"}],"wp:term":[{"taxonomy":"product_brand","embeddable":true,"href":"https:\/\/brilune.eu\/lv\/wp-json\/wp\/v2\/product_brand?post=40800"},{"taxonomy":"product_cat","embeddable":true,"href":"https:\/\/brilune.eu\/lv\/wp-json\/wp\/v2\/product_cat?post=40800"},{"taxonomy":"product_tag","embeddable":true,"href":"https:\/\/brilune.eu\/lv\/wp-json\/wp\/v2\/product_tag?post=40800"}],"curies":[{"name":"wp","href":"https:\/\/api.w.org\/{rel}","templated":true}]}}