{"id":40797,"date":"2025-02-19T14:04:47","date_gmt":"2025-02-19T12:04:47","guid":{"rendered":"https:\/\/brilune.eu\/?post_type=product&#038;p=40797"},"modified":"2025-02-19T14:17:16","modified_gmt":"2025-02-19T12:17:16","slug":"bernu-maja-divstavu-gulta-5","status":"publish","type":"product","link":"https:\/\/brilune.eu\/lv\/product\/bernu-maja-divstavu-gulta-5\/","title":{"rendered":"B\u0113rnu m\u0101ja divst\u0101vu gult\u0101"},"content":{"rendered":"<p>\u0160\u012b koka gultas m\u0101ja ar jumtu otraj\u0101 st\u0101v\u0101 rada komforta un priv\u0101tuma atmosf\u0113ru b\u0113rniem. Balt\u0101s pak\u0101pienu k\u0101pnes ar uzglab\u0101\u0161anas atvilktn\u0113m atvieglo uzk\u0101p\u0161anu aug\u0161st\u0101v\u0101 un ietaupa vietu, vienlaikus uzturot telpu k\u0101rt\u012bgu. Gulta paredz\u0113ta 150&#215;200 cm matracim, pied\u0101v\u0101jot pla\u0161u un \u0113rtu vietu atp\u016btai un rota\u013c\u0101m. \u0160\u012b gulta ar dekorat\u012bviem elementiem k\u013c\u016bs par j\u016bsu b\u0113rna iecien\u012bt\u0101ko gul\u0113\u0161anas un rota\u013cu vietu. <\/p>\n<p>Izm\u0113ri: 260x162x265 cm. Materi\u0101ls: koks, audums.<\/p>\n","protected":false},"excerpt":{"rendered":"<p>\u0160\u012b koka gultas m\u0101ja ar jumtu otraj\u0101 st\u0101v\u0101 rada komforta un priv\u0101tuma atmosf\u0113ru b\u0113rniem. Baltas pak\u0101pienu k\u0101pnes ar uzglab\u0101\u0161anas atvilktn\u0113m ma&#8230;<\/p>\n","protected":false},"featured_media":13988,"comment_status":"open","ping_status":"closed","template":"","meta":[],"product_brand":[],"product_cat":[2987],"product_tag":[],"class_list":{"0":"post-40797","1":"product","2":"type-product","3":"status-publish","4":"has-post-thumbnail","6":"product_cat-bernu-gultas-gultas-3","8":"first","9":"instock","10":"shipping-taxable","11":"purchasable","12":"product-type-simple"},"yoast_head":"<!-- This site is optimized with the Yoast SEO plugin v26.0 - https:\/\/yoast.com\/wordpress\/plugins\/seo\/ -->\n<title>B\u0113rnu m\u0101ja divst\u0101vu gult\u0101<\/title>\n<meta name=\"description\" content=\"\u0160\u012b koka gultas m\u0101ja ar jumtu otraj\u0101 st\u0101v\u0101 rada komforta un priv\u0101tuma atmosf\u0113ru b\u0113rniem. Baltas pak\u0101pienu k\u0101pnes ar uzglab\u0101\u0161anas atvilktn\u0113m ma...\" \/>\n<meta name=\"robots\" content=\"index, follow, max-snippet:-1, max-image-preview:large, max-video-preview:-1\" \/>\n<link rel=\"canonical\" href=\"https:\/\/brilune.eu\/lv\/product\/bernu-maja-divstavu-gulta-5\/\" \/>\n<meta property=\"og:locale\" content=\"lv_LV\" \/>\n<meta property=\"og:type\" content=\"article\" \/>\n<meta property=\"og:title\" content=\"B\u0113rnu m\u0101ja divst\u0101vu gult\u0101\" \/>\n<meta property=\"og:description\" content=\"\u0160\u012b koka gultas m\u0101ja ar jumtu otraj\u0101 st\u0101v\u0101 rada komforta un priv\u0101tuma atmosf\u0113ru b\u0113rniem. Baltas pak\u0101pienu k\u0101pnes ar uzglab\u0101\u0161anas atvilktn\u0113m ma...\" \/>\n<meta property=\"og:url\" content=\"https:\/\/brilune.eu\/lv\/product\/bernu-maja-divstavu-gulta-5\/\" \/>\n<meta property=\"og:site_name\" content=\"Brilune\" \/>\n<meta property=\"article:modified_time\" content=\"2025-02-19T12:17:16+00:00\" \/>\n<meta property=\"og:image\" content=\"https:\/\/brilune.eu\/wp-content\/uploads\/2025\/01\/11559569.jpg\" \/>\n\t<meta property=\"og:image:width\" content=\"1500\" \/>\n\t<meta property=\"og:image:height\" content=\"1500\" \/>\n\t<meta property=\"og:image:type\" content=\"image\/jpeg\" \/>\n<meta name=\"twitter:card\" content=\"summary_large_image\" \/>\n<script type=\"application\/ld+json\" class=\"yoast-schema-graph\">{\"@context\":\"https:\/\/schema.org\",\"@graph\":[{\"@type\":\"WebPage\",\"@id\":\"https:\/\/brilune.eu\/lv\/product\/bernu-maja-divstavu-gulta-5\/\",\"url\":\"https:\/\/brilune.eu\/lv\/product\/bernu-maja-divstavu-gulta-5\/\",\"name\":\"B\u0113rnu m\u0101ja divst\u0101vu gult\u0101\",\"isPartOf\":{\"@id\":\"https:\/\/brilune.eu\/lv\/#website\"},\"primaryImageOfPage\":{\"@id\":\"https:\/\/brilune.eu\/lv\/product\/bernu-maja-divstavu-gulta-5\/#primaryimage\"},\"image\":{\"@id\":\"https:\/\/brilune.eu\/lv\/product\/bernu-maja-divstavu-gulta-5\/#primaryimage\"},\"thumbnailUrl\":\"https:\/\/brilune.eu\/wp-content\/uploads\/2025\/01\/11559569.jpg\",\"datePublished\":\"2025-02-19T12:04:47+00:00\",\"dateModified\":\"2025-02-19T12:17:16+00:00\",\"description\":\"\u0160\u012b koka gultas m\u0101ja ar jumtu otraj\u0101 st\u0101v\u0101 rada komforta un priv\u0101tuma atmosf\u0113ru b\u0113rniem. Baltas pak\u0101pienu k\u0101pnes ar uzglab\u0101\u0161anas atvilktn\u0113m ma...\",\"breadcrumb\":{\"@id\":\"https:\/\/brilune.eu\/lv\/product\/bernu-maja-divstavu-gulta-5\/#breadcrumb\"},\"inLanguage\":\"lv-LV\",\"potentialAction\":[{\"@type\":\"ReadAction\",\"target\":[\"https:\/\/brilune.eu\/lv\/product\/bernu-maja-divstavu-gulta-5\/\"]}]},{\"@type\":\"ImageObject\",\"inLanguage\":\"lv-LV\",\"@id\":\"https:\/\/brilune.eu\/lv\/product\/bernu-maja-divstavu-gulta-5\/#primaryimage\",\"url\":\"https:\/\/brilune.eu\/wp-content\/uploads\/2025\/01\/11559569.jpg\",\"contentUrl\":\"https:\/\/brilune.eu\/wp-content\/uploads\/2025\/01\/11559569.jpg\",\"width\":1500,\"height\":1500},{\"@type\":\"BreadcrumbList\",\"@id\":\"https:\/\/brilune.eu\/lv\/product\/bernu-maja-divstavu-gulta-5\/#breadcrumb\",\"itemListElement\":[{\"@type\":\"ListItem\",\"position\":1,\"name\":\"S\u0101kums\",\"item\":\"https:\/\/brilune.eu\/lv\/brilune-mebeles\/\"},{\"@type\":\"ListItem\",\"position\":2,\"name\":\"Visi produkti\",\"item\":\"https:\/\/brilune.eu\/lv\/shop\/\"},{\"@type\":\"ListItem\",\"position\":3,\"name\":\"B\u0113rnu m\u0101ja divst\u0101vu gult\u0101\"}]},{\"@type\":\"WebSite\",\"@id\":\"https:\/\/brilune.eu\/lv\/#website\",\"url\":\"https:\/\/brilune.eu\/lv\/\",\"name\":\"Brilune\",\"description\":\"M\u0113s pied\u0101v\u0101jam unik\u0101lus un nebiju\u0161us dizainus, kas apvieno eleganci, funkcionalit\u0101ti un rado\u0161umu.\",\"potentialAction\":[{\"@type\":\"SearchAction\",\"target\":{\"@type\":\"EntryPoint\",\"urlTemplate\":\"https:\/\/brilune.eu\/lv\/?s={search_term_string}\"},\"query-input\":{\"@type\":\"PropertyValueSpecification\",\"valueRequired\":true,\"valueName\":\"search_term_string\"}}],\"inLanguage\":\"lv-LV\"}]}<\/script>\n<!-- \/ Yoast SEO plugin. -->","yoast_head_json":{"title":"B\u0113rnu m\u0101ja divst\u0101vu gult\u0101","description":"\u0160\u012b koka gultas m\u0101ja ar jumtu otraj\u0101 st\u0101v\u0101 rada komforta un priv\u0101tuma atmosf\u0113ru b\u0113rniem. Baltas pak\u0101pienu k\u0101pnes ar uzglab\u0101\u0161anas atvilktn\u0113m ma...","robots":{"index":"index","follow":"follow","max-snippet":"max-snippet:-1","max-image-preview":"max-image-preview:large","max-video-preview":"max-video-preview:-1"},"canonical":"https:\/\/brilune.eu\/lv\/product\/bernu-maja-divstavu-gulta-5\/","og_locale":"lv_LV","og_type":"article","og_title":"B\u0113rnu m\u0101ja divst\u0101vu gult\u0101","og_description":"\u0160\u012b koka gultas m\u0101ja ar jumtu otraj\u0101 st\u0101v\u0101 rada komforta un priv\u0101tuma atmosf\u0113ru b\u0113rniem. Baltas pak\u0101pienu k\u0101pnes ar uzglab\u0101\u0161anas atvilktn\u0113m ma...","og_url":"https:\/\/brilune.eu\/lv\/product\/bernu-maja-divstavu-gulta-5\/","og_site_name":"Brilune","article_modified_time":"2025-02-19T12:17:16+00:00","og_image":[{"width":1500,"height":1500,"url":"https:\/\/brilune.eu\/wp-content\/uploads\/2025\/01\/11559569.jpg","type":"image\/jpeg"}],"twitter_card":"summary_large_image","schema":{"@context":"https:\/\/schema.org","@graph":[{"@type":"WebPage","@id":"https:\/\/brilune.eu\/lv\/product\/bernu-maja-divstavu-gulta-5\/","url":"https:\/\/brilune.eu\/lv\/product\/bernu-maja-divstavu-gulta-5\/","name":"B\u0113rnu m\u0101ja divst\u0101vu gult\u0101","isPartOf":{"@id":"https:\/\/brilune.eu\/lv\/#website"},"primaryImageOfPage":{"@id":"https:\/\/brilune.eu\/lv\/product\/bernu-maja-divstavu-gulta-5\/#primaryimage"},"image":{"@id":"https:\/\/brilune.eu\/lv\/product\/bernu-maja-divstavu-gulta-5\/#primaryimage"},"thumbnailUrl":"https:\/\/brilune.eu\/wp-content\/uploads\/2025\/01\/11559569.jpg","datePublished":"2025-02-19T12:04:47+00:00","dateModified":"2025-02-19T12:17:16+00:00","description":"\u0160\u012b koka gultas m\u0101ja ar jumtu otraj\u0101 st\u0101v\u0101 rada komforta un priv\u0101tuma atmosf\u0113ru b\u0113rniem. Baltas pak\u0101pienu k\u0101pnes ar uzglab\u0101\u0161anas atvilktn\u0113m ma...","breadcrumb":{"@id":"https:\/\/brilune.eu\/lv\/product\/bernu-maja-divstavu-gulta-5\/#breadcrumb"},"inLanguage":"lv-LV","potentialAction":[{"@type":"ReadAction","target":["https:\/\/brilune.eu\/lv\/product\/bernu-maja-divstavu-gulta-5\/"]}]},{"@type":"ImageObject","inLanguage":"lv-LV","@id":"https:\/\/brilune.eu\/lv\/product\/bernu-maja-divstavu-gulta-5\/#primaryimage","url":"https:\/\/brilune.eu\/wp-content\/uploads\/2025\/01\/11559569.jpg","contentUrl":"https:\/\/brilune.eu\/wp-content\/uploads\/2025\/01\/11559569.jpg","width":1500,"height":1500},{"@type":"BreadcrumbList","@id":"https:\/\/brilune.eu\/lv\/product\/bernu-maja-divstavu-gulta-5\/#breadcrumb","itemListElement":[{"@type":"ListItem","position":1,"name":"S\u0101kums","item":"https:\/\/brilune.eu\/lv\/brilune-mebeles\/"},{"@type":"ListItem","position":2,"name":"Visi produkti","item":"https:\/\/brilune.eu\/lv\/shop\/"},{"@type":"ListItem","position":3,"name":"B\u0113rnu m\u0101ja divst\u0101vu gult\u0101"}]},{"@type":"WebSite","@id":"https:\/\/brilune.eu\/lv\/#website","url":"https:\/\/brilune.eu\/lv\/","name":"Brilune","description":"M\u0113s pied\u0101v\u0101jam unik\u0101lus un nebiju\u0161us dizainus, kas apvieno eleganci, funkcionalit\u0101ti un rado\u0161umu.","potentialAction":[{"@type":"SearchAction","target":{"@type":"EntryPoint","urlTemplate":"https:\/\/brilune.eu\/lv\/?s={search_term_string}"},"query-input":{"@type":"PropertyValueSpecification","valueRequired":true,"valueName":"search_term_string"}}],"inLanguage":"lv-LV"}]}},"jetpack_sharing_enabled":true,"_links":{"self":[{"href":"https:\/\/brilune.eu\/lv\/wp-json\/wp\/v2\/product\/40797","targetHints":{"allow":["GET"]}}],"collection":[{"href":"https:\/\/brilune.eu\/lv\/wp-json\/wp\/v2\/product"}],"about":[{"href":"https:\/\/brilune.eu\/lv\/wp-json\/wp\/v2\/types\/product"}],"replies":[{"embeddable":true,"href":"https:\/\/brilune.eu\/lv\/wp-json\/wp\/v2\/comments?post=40797"}],"version-history":[{"count":1,"href":"https:\/\/brilune.eu\/lv\/wp-json\/wp\/v2\/product\/40797\/revisions"}],"predecessor-version":[{"id":40848,"href":"https:\/\/brilune.eu\/lv\/wp-json\/wp\/v2\/product\/40797\/revisions\/40848"}],"wp:featuredmedia":[{"embeddable":true,"href":"https:\/\/brilune.eu\/lv\/wp-json\/wp\/v2\/media\/13988"}],"wp:attachment":[{"href":"https:\/\/brilune.eu\/lv\/wp-json\/wp\/v2\/media?parent=40797"}],"wp:term":[{"taxonomy":"product_brand","embeddable":true,"href":"https:\/\/brilune.eu\/lv\/wp-json\/wp\/v2\/product_brand?post=40797"},{"taxonomy":"product_cat","embeddable":true,"href":"https:\/\/brilune.eu\/lv\/wp-json\/wp\/v2\/product_cat?post=40797"},{"taxonomy":"product_tag","embeddable":true,"href":"https:\/\/brilune.eu\/lv\/wp-json\/wp\/v2\/product_tag?post=40797"}],"curies":[{"name":"wp","href":"https:\/\/api.w.org\/{rel}","templated":true}]}}