{"id":40696,"date":"2025-02-19T14:02:43","date_gmt":"2025-02-19T12:02:43","guid":{"rendered":"https:\/\/brilune.eu\/?post_type=product&#038;p=40696"},"modified":"2025-02-19T14:16:46","modified_gmt":"2025-02-19T12:16:46","slug":"divstavu-gulta-ar-slipam-kapnem-2","status":"publish","type":"product","link":"https:\/\/brilune.eu\/lv\/product\/divstavu-gulta-ar-slipam-kapnem-2\/","title":{"rendered":"Divst\u0101vu gulta ar sl\u012bp\u0101m k\u0101pn\u0113m"},"content":{"rendered":"<p>\u0160\u012b divst\u0101vu gulta ir izgatavota no iztur\u012bga met\u0101la, un tai ir sl\u012bpas k\u0101pnes, lai \u0113rti piek\u013c\u016btu otrajam l\u012bmenim. Aug\u0161\u0113j\u0101 l\u012bmen\u012b ir gu\u013camvieta, bet apak\u0161\u0113j\u0101 &#8211; otr\u0101 gulta. Gulta ir ide\u0101li piem\u0113rota cilv\u0113kiem, kuriem ir nepiecie\u0161ams ietaup\u012bt vietu sav\u0101 istab\u0101, nezaud\u0113jot komfortu. Sl\u012bp\u0101s k\u0101pnes palielina \u0113rt\u012bbas un \u013cauj bez piep\u016bles uzk\u0101pt uz otro l\u012bmeni. <\/p>\n<p>Izm\u0113ri: 210x160x190 cm. Materi\u0101ls: met\u0101ls (dzelzs).<\/p>\n","protected":false},"excerpt":{"rendered":"<p>\u0160\u012b divst\u0101vu gulta ir izgatavota no iztur\u012bga met\u0101la, un tai ir sl\u012bpas k\u0101pnes, lai \u0113rti piek\u013c\u016btu otrajam l\u012bmenim. Aug\u0161\u0113j\u0101 l\u012bmen\u012b ir gu\u013camvieta, un otr\u0101&#8230;<\/p>\n","protected":false},"featured_media":13855,"comment_status":"open","ping_status":"closed","template":"","meta":[],"product_brand":[],"product_cat":[2987],"product_tag":[],"class_list":{"0":"post-40696","1":"product","2":"type-product","3":"status-publish","4":"has-post-thumbnail","6":"product_cat-bernu-gultas-gultas-3","8":"first","9":"instock","10":"shipping-taxable","11":"purchasable","12":"product-type-simple"},"yoast_head":"<!-- This site is optimized with the Yoast SEO plugin v26.0 - https:\/\/yoast.com\/wordpress\/plugins\/seo\/ -->\n<title>Divst\u0101vu gulta ar sl\u012bp\u0101m k\u0101pn\u0113m<\/title>\n<meta name=\"description\" content=\"\u0160\u012b divst\u0101vu gulta ir izgatavota no iztur\u012bga met\u0101la, un tai ir sl\u012bpas k\u0101pnes, lai \u0113rti piek\u013c\u016btu otrajam l\u012bmenim. Aug\u0161\u0113j\u0101 l\u012bmen\u012b ir gu\u013camvieta, un otr\u0101...\" \/>\n<meta name=\"robots\" content=\"index, follow, max-snippet:-1, max-image-preview:large, max-video-preview:-1\" \/>\n<link rel=\"canonical\" href=\"https:\/\/brilune.eu\/lv\/product\/divstavu-gulta-ar-slipam-kapnem-2\/\" \/>\n<meta property=\"og:locale\" content=\"lv_LV\" \/>\n<meta property=\"og:type\" content=\"article\" \/>\n<meta property=\"og:title\" content=\"Divst\u0101vu gulta ar sl\u012bp\u0101m k\u0101pn\u0113m\" \/>\n<meta property=\"og:description\" content=\"\u0160\u012b divst\u0101vu gulta ir izgatavota no iztur\u012bga met\u0101la, un tai ir sl\u012bpas k\u0101pnes, lai \u0113rti piek\u013c\u016btu otrajam l\u012bmenim. Aug\u0161\u0113j\u0101 l\u012bmen\u012b ir gu\u013camvieta, un otr\u0101...\" \/>\n<meta property=\"og:url\" content=\"https:\/\/brilune.eu\/lv\/product\/divstavu-gulta-ar-slipam-kapnem-2\/\" \/>\n<meta property=\"og:site_name\" content=\"Brilune\" \/>\n<meta property=\"article:modified_time\" content=\"2025-02-19T12:16:46+00:00\" \/>\n<meta property=\"og:image\" content=\"https:\/\/brilune.eu\/wp-content\/uploads\/2025\/01\/6979467.jpg\" \/>\n\t<meta property=\"og:image:width\" content=\"1500\" \/>\n\t<meta property=\"og:image:height\" content=\"1500\" \/>\n\t<meta property=\"og:image:type\" content=\"image\/jpeg\" \/>\n<meta name=\"twitter:card\" content=\"summary_large_image\" \/>\n<script type=\"application\/ld+json\" class=\"yoast-schema-graph\">{\"@context\":\"https:\/\/schema.org\",\"@graph\":[{\"@type\":\"WebPage\",\"@id\":\"https:\/\/brilune.eu\/lv\/product\/divstavu-gulta-ar-slipam-kapnem-2\/\",\"url\":\"https:\/\/brilune.eu\/lv\/product\/divstavu-gulta-ar-slipam-kapnem-2\/\",\"name\":\"Divst\u0101vu gulta ar sl\u012bp\u0101m k\u0101pn\u0113m\",\"isPartOf\":{\"@id\":\"https:\/\/brilune.eu\/lv\/#website\"},\"primaryImageOfPage\":{\"@id\":\"https:\/\/brilune.eu\/lv\/product\/divstavu-gulta-ar-slipam-kapnem-2\/#primaryimage\"},\"image\":{\"@id\":\"https:\/\/brilune.eu\/lv\/product\/divstavu-gulta-ar-slipam-kapnem-2\/#primaryimage\"},\"thumbnailUrl\":\"https:\/\/brilune.eu\/wp-content\/uploads\/2025\/01\/6979467.jpg\",\"datePublished\":\"2025-02-19T12:02:43+00:00\",\"dateModified\":\"2025-02-19T12:16:46+00:00\",\"description\":\"\u0160\u012b divst\u0101vu gulta ir izgatavota no iztur\u012bga met\u0101la, un tai ir sl\u012bpas k\u0101pnes, lai \u0113rti piek\u013c\u016btu otrajam l\u012bmenim. Aug\u0161\u0113j\u0101 l\u012bmen\u012b ir gu\u013camvieta, un otr\u0101...\",\"breadcrumb\":{\"@id\":\"https:\/\/brilune.eu\/lv\/product\/divstavu-gulta-ar-slipam-kapnem-2\/#breadcrumb\"},\"inLanguage\":\"lv-LV\",\"potentialAction\":[{\"@type\":\"ReadAction\",\"target\":[\"https:\/\/brilune.eu\/lv\/product\/divstavu-gulta-ar-slipam-kapnem-2\/\"]}]},{\"@type\":\"ImageObject\",\"inLanguage\":\"lv-LV\",\"@id\":\"https:\/\/brilune.eu\/lv\/product\/divstavu-gulta-ar-slipam-kapnem-2\/#primaryimage\",\"url\":\"https:\/\/brilune.eu\/wp-content\/uploads\/2025\/01\/6979467.jpg\",\"contentUrl\":\"https:\/\/brilune.eu\/wp-content\/uploads\/2025\/01\/6979467.jpg\",\"width\":1500,\"height\":1500},{\"@type\":\"BreadcrumbList\",\"@id\":\"https:\/\/brilune.eu\/lv\/product\/divstavu-gulta-ar-slipam-kapnem-2\/#breadcrumb\",\"itemListElement\":[{\"@type\":\"ListItem\",\"position\":1,\"name\":\"S\u0101kums\",\"item\":\"https:\/\/brilune.eu\/lv\/brilune-mebeles\/\"},{\"@type\":\"ListItem\",\"position\":2,\"name\":\"Visi produkti\",\"item\":\"https:\/\/brilune.eu\/lv\/shop\/\"},{\"@type\":\"ListItem\",\"position\":3,\"name\":\"Divst\u0101vu gulta ar sl\u012bp\u0101m k\u0101pn\u0113m\"}]},{\"@type\":\"WebSite\",\"@id\":\"https:\/\/brilune.eu\/lv\/#website\",\"url\":\"https:\/\/brilune.eu\/lv\/\",\"name\":\"Brilune\",\"description\":\"M\u0113s pied\u0101v\u0101jam unik\u0101lus un nebiju\u0161us dizainus, kas apvieno eleganci, funkcionalit\u0101ti un rado\u0161umu.\",\"potentialAction\":[{\"@type\":\"SearchAction\",\"target\":{\"@type\":\"EntryPoint\",\"urlTemplate\":\"https:\/\/brilune.eu\/lv\/?s={search_term_string}\"},\"query-input\":{\"@type\":\"PropertyValueSpecification\",\"valueRequired\":true,\"valueName\":\"search_term_string\"}}],\"inLanguage\":\"lv-LV\"}]}<\/script>\n<!-- \/ Yoast SEO plugin. -->","yoast_head_json":{"title":"Divst\u0101vu gulta ar sl\u012bp\u0101m k\u0101pn\u0113m","description":"\u0160\u012b divst\u0101vu gulta ir izgatavota no iztur\u012bga met\u0101la, un tai ir sl\u012bpas k\u0101pnes, lai \u0113rti piek\u013c\u016btu otrajam l\u012bmenim. Aug\u0161\u0113j\u0101 l\u012bmen\u012b ir gu\u013camvieta, un otr\u0101...","robots":{"index":"index","follow":"follow","max-snippet":"max-snippet:-1","max-image-preview":"max-image-preview:large","max-video-preview":"max-video-preview:-1"},"canonical":"https:\/\/brilune.eu\/lv\/product\/divstavu-gulta-ar-slipam-kapnem-2\/","og_locale":"lv_LV","og_type":"article","og_title":"Divst\u0101vu gulta ar sl\u012bp\u0101m k\u0101pn\u0113m","og_description":"\u0160\u012b divst\u0101vu gulta ir izgatavota no iztur\u012bga met\u0101la, un tai ir sl\u012bpas k\u0101pnes, lai \u0113rti piek\u013c\u016btu otrajam l\u012bmenim. Aug\u0161\u0113j\u0101 l\u012bmen\u012b ir gu\u013camvieta, un otr\u0101...","og_url":"https:\/\/brilune.eu\/lv\/product\/divstavu-gulta-ar-slipam-kapnem-2\/","og_site_name":"Brilune","article_modified_time":"2025-02-19T12:16:46+00:00","og_image":[{"width":1500,"height":1500,"url":"https:\/\/brilune.eu\/wp-content\/uploads\/2025\/01\/6979467.jpg","type":"image\/jpeg"}],"twitter_card":"summary_large_image","schema":{"@context":"https:\/\/schema.org","@graph":[{"@type":"WebPage","@id":"https:\/\/brilune.eu\/lv\/product\/divstavu-gulta-ar-slipam-kapnem-2\/","url":"https:\/\/brilune.eu\/lv\/product\/divstavu-gulta-ar-slipam-kapnem-2\/","name":"Divst\u0101vu gulta ar sl\u012bp\u0101m k\u0101pn\u0113m","isPartOf":{"@id":"https:\/\/brilune.eu\/lv\/#website"},"primaryImageOfPage":{"@id":"https:\/\/brilune.eu\/lv\/product\/divstavu-gulta-ar-slipam-kapnem-2\/#primaryimage"},"image":{"@id":"https:\/\/brilune.eu\/lv\/product\/divstavu-gulta-ar-slipam-kapnem-2\/#primaryimage"},"thumbnailUrl":"https:\/\/brilune.eu\/wp-content\/uploads\/2025\/01\/6979467.jpg","datePublished":"2025-02-19T12:02:43+00:00","dateModified":"2025-02-19T12:16:46+00:00","description":"\u0160\u012b divst\u0101vu gulta ir izgatavota no iztur\u012bga met\u0101la, un tai ir sl\u012bpas k\u0101pnes, lai \u0113rti piek\u013c\u016btu otrajam l\u012bmenim. Aug\u0161\u0113j\u0101 l\u012bmen\u012b ir gu\u013camvieta, un otr\u0101...","breadcrumb":{"@id":"https:\/\/brilune.eu\/lv\/product\/divstavu-gulta-ar-slipam-kapnem-2\/#breadcrumb"},"inLanguage":"lv-LV","potentialAction":[{"@type":"ReadAction","target":["https:\/\/brilune.eu\/lv\/product\/divstavu-gulta-ar-slipam-kapnem-2\/"]}]},{"@type":"ImageObject","inLanguage":"lv-LV","@id":"https:\/\/brilune.eu\/lv\/product\/divstavu-gulta-ar-slipam-kapnem-2\/#primaryimage","url":"https:\/\/brilune.eu\/wp-content\/uploads\/2025\/01\/6979467.jpg","contentUrl":"https:\/\/brilune.eu\/wp-content\/uploads\/2025\/01\/6979467.jpg","width":1500,"height":1500},{"@type":"BreadcrumbList","@id":"https:\/\/brilune.eu\/lv\/product\/divstavu-gulta-ar-slipam-kapnem-2\/#breadcrumb","itemListElement":[{"@type":"ListItem","position":1,"name":"S\u0101kums","item":"https:\/\/brilune.eu\/lv\/brilune-mebeles\/"},{"@type":"ListItem","position":2,"name":"Visi produkti","item":"https:\/\/brilune.eu\/lv\/shop\/"},{"@type":"ListItem","position":3,"name":"Divst\u0101vu gulta ar sl\u012bp\u0101m k\u0101pn\u0113m"}]},{"@type":"WebSite","@id":"https:\/\/brilune.eu\/lv\/#website","url":"https:\/\/brilune.eu\/lv\/","name":"Brilune","description":"M\u0113s pied\u0101v\u0101jam unik\u0101lus un nebiju\u0161us dizainus, kas apvieno eleganci, funkcionalit\u0101ti un rado\u0161umu.","potentialAction":[{"@type":"SearchAction","target":{"@type":"EntryPoint","urlTemplate":"https:\/\/brilune.eu\/lv\/?s={search_term_string}"},"query-input":{"@type":"PropertyValueSpecification","valueRequired":true,"valueName":"search_term_string"}}],"inLanguage":"lv-LV"}]}},"jetpack_sharing_enabled":true,"_links":{"self":[{"href":"https:\/\/brilune.eu\/lv\/wp-json\/wp\/v2\/product\/40696","targetHints":{"allow":["GET"]}}],"collection":[{"href":"https:\/\/brilune.eu\/lv\/wp-json\/wp\/v2\/product"}],"about":[{"href":"https:\/\/brilune.eu\/lv\/wp-json\/wp\/v2\/types\/product"}],"replies":[{"embeddable":true,"href":"https:\/\/brilune.eu\/lv\/wp-json\/wp\/v2\/comments?post=40696"}],"version-history":[{"count":1,"href":"https:\/\/brilune.eu\/lv\/wp-json\/wp\/v2\/product\/40696\/revisions"}],"predecessor-version":[{"id":40747,"href":"https:\/\/brilune.eu\/lv\/wp-json\/wp\/v2\/product\/40696\/revisions\/40747"}],"wp:featuredmedia":[{"embeddable":true,"href":"https:\/\/brilune.eu\/lv\/wp-json\/wp\/v2\/media\/13855"}],"wp:attachment":[{"href":"https:\/\/brilune.eu\/lv\/wp-json\/wp\/v2\/media?parent=40696"}],"wp:term":[{"taxonomy":"product_brand","embeddable":true,"href":"https:\/\/brilune.eu\/lv\/wp-json\/wp\/v2\/product_brand?post=40696"},{"taxonomy":"product_cat","embeddable":true,"href":"https:\/\/brilune.eu\/lv\/wp-json\/wp\/v2\/product_cat?post=40696"},{"taxonomy":"product_tag","embeddable":true,"href":"https:\/\/brilune.eu\/lv\/wp-json\/wp\/v2\/product_tag?post=40696"}],"curies":[{"name":"wp","href":"https:\/\/api.w.org\/{rel}","templated":true}]}}