{"id":40693,"date":"2025-02-19T14:02:43","date_gmt":"2025-02-19T12:02:43","guid":{"rendered":"https:\/\/brilune.eu\/?post_type=product&#038;p=40693"},"modified":"2025-02-19T14:16:45","modified_gmt":"2025-02-19T12:16:45","slug":"divstavu-gulta-ar-slipam-kapnem","status":"publish","type":"product","link":"https:\/\/brilune.eu\/lv\/product\/divstavu-gulta-ar-slipam-kapnem\/","title":{"rendered":"Divst\u0101vu gulta ar sl\u012bp\u0101m k\u0101pn\u0113m"},"content":{"rendered":"<p>Gulta ar sl\u012bp\u0101m k\u0101pn\u0113m, kas izgatavota no met\u0101la, ir \u0113rts un funkcion\u0101ls risin\u0101jums b\u0113rnu istab\u0101m vai jaunie\u0161u dz\u012bvok\u013ciem. Aug\u0161\u0113j\u0101 l\u012bmen\u012b ir gu\u013camzona vienai personai, bet apak\u0161\u0113j\u0101 l\u012bmen\u012b ir pilna gulta. Sl\u012bp\u0101s k\u0101pnes atvieglo uzk\u0101p\u0161anu uz otro l\u012bmeni un padara konstrukciju kompakt\u0101ku. \u0160is modelis \u013caus maksim\u0101li izmantot telpu, \u012bpa\u0161i maz\u0101s telp\u0101s. <\/p>\n<p>Izm\u0113ri: 210x130x190 cm. Materi\u0101ls: met\u0101ls (dzelzs).<\/p>\n","protected":false},"excerpt":{"rendered":"<p>Gulta ar sl\u012bp\u0101m k\u0101pn\u0113m, kas izgatavota no met\u0101la, ir \u0113rts un funkcion\u0101ls risin\u0101jums b\u0113rnu istab\u0101m vai jaunie\u0161u dz\u012bvok\u013ciem. Aug\u0161\u0113j\u0101 l\u012bmen\u012b ietilpst gu\u013camtelpa&#8230;<\/p>\n","protected":false},"featured_media":13855,"comment_status":"open","ping_status":"closed","template":"","meta":[],"product_brand":[],"product_cat":[2987],"product_tag":[],"class_list":{"0":"post-40693","1":"product","2":"type-product","3":"status-publish","4":"has-post-thumbnail","6":"product_cat-bernu-gultas-gultas-3","8":"first","9":"instock","10":"shipping-taxable","11":"purchasable","12":"product-type-simple"},"yoast_head":"<!-- This site is optimized with the Yoast SEO plugin v26.0 - https:\/\/yoast.com\/wordpress\/plugins\/seo\/ -->\n<title>Divst\u0101vu gulta ar sl\u012bp\u0101m k\u0101pn\u0113m<\/title>\n<meta name=\"description\" content=\"Gulta ar sl\u012bp\u0101m k\u0101pn\u0113m, kas izgatavota no met\u0101la, ir \u0113rts un funkcion\u0101ls risin\u0101jums b\u0113rnu istab\u0101m vai jaunie\u0161u dz\u012bvok\u013ciem. Aug\u0161\u0113j\u0101 l\u012bmen\u012b ietilpst gu\u013camtelpa...\" \/>\n<meta name=\"robots\" content=\"index, follow, max-snippet:-1, max-image-preview:large, max-video-preview:-1\" \/>\n<link rel=\"canonical\" href=\"https:\/\/brilune.eu\/lv\/product\/divstavu-gulta-ar-slipam-kapnem\/\" \/>\n<meta property=\"og:locale\" content=\"lv_LV\" \/>\n<meta property=\"og:type\" content=\"article\" \/>\n<meta property=\"og:title\" content=\"Divst\u0101vu gulta ar sl\u012bp\u0101m k\u0101pn\u0113m\" \/>\n<meta property=\"og:description\" content=\"Gulta ar sl\u012bp\u0101m k\u0101pn\u0113m, kas izgatavota no met\u0101la, ir \u0113rts un funkcion\u0101ls risin\u0101jums b\u0113rnu istab\u0101m vai jaunie\u0161u dz\u012bvok\u013ciem. Aug\u0161\u0113j\u0101 l\u012bmen\u012b ietilpst gu\u013camtelpa...\" \/>\n<meta property=\"og:url\" content=\"https:\/\/brilune.eu\/lv\/product\/divstavu-gulta-ar-slipam-kapnem\/\" \/>\n<meta property=\"og:site_name\" content=\"Brilune\" \/>\n<meta property=\"article:modified_time\" content=\"2025-02-19T12:16:45+00:00\" \/>\n<meta property=\"og:image\" content=\"https:\/\/brilune.eu\/wp-content\/uploads\/2025\/01\/6979467.jpg\" \/>\n\t<meta property=\"og:image:width\" content=\"1500\" \/>\n\t<meta property=\"og:image:height\" content=\"1500\" \/>\n\t<meta property=\"og:image:type\" content=\"image\/jpeg\" \/>\n<meta name=\"twitter:card\" content=\"summary_large_image\" \/>\n<script type=\"application\/ld+json\" class=\"yoast-schema-graph\">{\"@context\":\"https:\/\/schema.org\",\"@graph\":[{\"@type\":\"WebPage\",\"@id\":\"https:\/\/brilune.eu\/lv\/product\/divstavu-gulta-ar-slipam-kapnem\/\",\"url\":\"https:\/\/brilune.eu\/lv\/product\/divstavu-gulta-ar-slipam-kapnem\/\",\"name\":\"Divst\u0101vu gulta ar sl\u012bp\u0101m k\u0101pn\u0113m\",\"isPartOf\":{\"@id\":\"https:\/\/brilune.eu\/lv\/#website\"},\"primaryImageOfPage\":{\"@id\":\"https:\/\/brilune.eu\/lv\/product\/divstavu-gulta-ar-slipam-kapnem\/#primaryimage\"},\"image\":{\"@id\":\"https:\/\/brilune.eu\/lv\/product\/divstavu-gulta-ar-slipam-kapnem\/#primaryimage\"},\"thumbnailUrl\":\"https:\/\/brilune.eu\/wp-content\/uploads\/2025\/01\/6979467.jpg\",\"datePublished\":\"2025-02-19T12:02:43+00:00\",\"dateModified\":\"2025-02-19T12:16:45+00:00\",\"description\":\"Gulta ar sl\u012bp\u0101m k\u0101pn\u0113m, kas izgatavota no met\u0101la, ir \u0113rts un funkcion\u0101ls risin\u0101jums b\u0113rnu istab\u0101m vai jaunie\u0161u dz\u012bvok\u013ciem. Aug\u0161\u0113j\u0101 l\u012bmen\u012b ietilpst gu\u013camtelpa...\",\"breadcrumb\":{\"@id\":\"https:\/\/brilune.eu\/lv\/product\/divstavu-gulta-ar-slipam-kapnem\/#breadcrumb\"},\"inLanguage\":\"lv-LV\",\"potentialAction\":[{\"@type\":\"ReadAction\",\"target\":[\"https:\/\/brilune.eu\/lv\/product\/divstavu-gulta-ar-slipam-kapnem\/\"]}]},{\"@type\":\"ImageObject\",\"inLanguage\":\"lv-LV\",\"@id\":\"https:\/\/brilune.eu\/lv\/product\/divstavu-gulta-ar-slipam-kapnem\/#primaryimage\",\"url\":\"https:\/\/brilune.eu\/wp-content\/uploads\/2025\/01\/6979467.jpg\",\"contentUrl\":\"https:\/\/brilune.eu\/wp-content\/uploads\/2025\/01\/6979467.jpg\",\"width\":1500,\"height\":1500},{\"@type\":\"BreadcrumbList\",\"@id\":\"https:\/\/brilune.eu\/lv\/product\/divstavu-gulta-ar-slipam-kapnem\/#breadcrumb\",\"itemListElement\":[{\"@type\":\"ListItem\",\"position\":1,\"name\":\"S\u0101kums\",\"item\":\"https:\/\/brilune.eu\/lv\/brilune-mebeles\/\"},{\"@type\":\"ListItem\",\"position\":2,\"name\":\"Visi produkti\",\"item\":\"https:\/\/brilune.eu\/lv\/shop\/\"},{\"@type\":\"ListItem\",\"position\":3,\"name\":\"Divst\u0101vu gulta ar sl\u012bp\u0101m k\u0101pn\u0113m\"}]},{\"@type\":\"WebSite\",\"@id\":\"https:\/\/brilune.eu\/lv\/#website\",\"url\":\"https:\/\/brilune.eu\/lv\/\",\"name\":\"Brilune\",\"description\":\"M\u0113s pied\u0101v\u0101jam unik\u0101lus un nebiju\u0161us dizainus, kas apvieno eleganci, funkcionalit\u0101ti un rado\u0161umu.\",\"potentialAction\":[{\"@type\":\"SearchAction\",\"target\":{\"@type\":\"EntryPoint\",\"urlTemplate\":\"https:\/\/brilune.eu\/lv\/?s={search_term_string}\"},\"query-input\":{\"@type\":\"PropertyValueSpecification\",\"valueRequired\":true,\"valueName\":\"search_term_string\"}}],\"inLanguage\":\"lv-LV\"}]}<\/script>\n<!-- \/ Yoast SEO plugin. -->","yoast_head_json":{"title":"Divst\u0101vu gulta ar sl\u012bp\u0101m k\u0101pn\u0113m","description":"Gulta ar sl\u012bp\u0101m k\u0101pn\u0113m, kas izgatavota no met\u0101la, ir \u0113rts un funkcion\u0101ls risin\u0101jums b\u0113rnu istab\u0101m vai jaunie\u0161u dz\u012bvok\u013ciem. Aug\u0161\u0113j\u0101 l\u012bmen\u012b ietilpst gu\u013camtelpa...","robots":{"index":"index","follow":"follow","max-snippet":"max-snippet:-1","max-image-preview":"max-image-preview:large","max-video-preview":"max-video-preview:-1"},"canonical":"https:\/\/brilune.eu\/lv\/product\/divstavu-gulta-ar-slipam-kapnem\/","og_locale":"lv_LV","og_type":"article","og_title":"Divst\u0101vu gulta ar sl\u012bp\u0101m k\u0101pn\u0113m","og_description":"Gulta ar sl\u012bp\u0101m k\u0101pn\u0113m, kas izgatavota no met\u0101la, ir \u0113rts un funkcion\u0101ls risin\u0101jums b\u0113rnu istab\u0101m vai jaunie\u0161u dz\u012bvok\u013ciem. Aug\u0161\u0113j\u0101 l\u012bmen\u012b ietilpst gu\u013camtelpa...","og_url":"https:\/\/brilune.eu\/lv\/product\/divstavu-gulta-ar-slipam-kapnem\/","og_site_name":"Brilune","article_modified_time":"2025-02-19T12:16:45+00:00","og_image":[{"width":1500,"height":1500,"url":"https:\/\/brilune.eu\/wp-content\/uploads\/2025\/01\/6979467.jpg","type":"image\/jpeg"}],"twitter_card":"summary_large_image","schema":{"@context":"https:\/\/schema.org","@graph":[{"@type":"WebPage","@id":"https:\/\/brilune.eu\/lv\/product\/divstavu-gulta-ar-slipam-kapnem\/","url":"https:\/\/brilune.eu\/lv\/product\/divstavu-gulta-ar-slipam-kapnem\/","name":"Divst\u0101vu gulta ar sl\u012bp\u0101m k\u0101pn\u0113m","isPartOf":{"@id":"https:\/\/brilune.eu\/lv\/#website"},"primaryImageOfPage":{"@id":"https:\/\/brilune.eu\/lv\/product\/divstavu-gulta-ar-slipam-kapnem\/#primaryimage"},"image":{"@id":"https:\/\/brilune.eu\/lv\/product\/divstavu-gulta-ar-slipam-kapnem\/#primaryimage"},"thumbnailUrl":"https:\/\/brilune.eu\/wp-content\/uploads\/2025\/01\/6979467.jpg","datePublished":"2025-02-19T12:02:43+00:00","dateModified":"2025-02-19T12:16:45+00:00","description":"Gulta ar sl\u012bp\u0101m k\u0101pn\u0113m, kas izgatavota no met\u0101la, ir \u0113rts un funkcion\u0101ls risin\u0101jums b\u0113rnu istab\u0101m vai jaunie\u0161u dz\u012bvok\u013ciem. Aug\u0161\u0113j\u0101 l\u012bmen\u012b ietilpst gu\u013camtelpa...","breadcrumb":{"@id":"https:\/\/brilune.eu\/lv\/product\/divstavu-gulta-ar-slipam-kapnem\/#breadcrumb"},"inLanguage":"lv-LV","potentialAction":[{"@type":"ReadAction","target":["https:\/\/brilune.eu\/lv\/product\/divstavu-gulta-ar-slipam-kapnem\/"]}]},{"@type":"ImageObject","inLanguage":"lv-LV","@id":"https:\/\/brilune.eu\/lv\/product\/divstavu-gulta-ar-slipam-kapnem\/#primaryimage","url":"https:\/\/brilune.eu\/wp-content\/uploads\/2025\/01\/6979467.jpg","contentUrl":"https:\/\/brilune.eu\/wp-content\/uploads\/2025\/01\/6979467.jpg","width":1500,"height":1500},{"@type":"BreadcrumbList","@id":"https:\/\/brilune.eu\/lv\/product\/divstavu-gulta-ar-slipam-kapnem\/#breadcrumb","itemListElement":[{"@type":"ListItem","position":1,"name":"S\u0101kums","item":"https:\/\/brilune.eu\/lv\/brilune-mebeles\/"},{"@type":"ListItem","position":2,"name":"Visi produkti","item":"https:\/\/brilune.eu\/lv\/shop\/"},{"@type":"ListItem","position":3,"name":"Divst\u0101vu gulta ar sl\u012bp\u0101m k\u0101pn\u0113m"}]},{"@type":"WebSite","@id":"https:\/\/brilune.eu\/lv\/#website","url":"https:\/\/brilune.eu\/lv\/","name":"Brilune","description":"M\u0113s pied\u0101v\u0101jam unik\u0101lus un nebiju\u0161us dizainus, kas apvieno eleganci, funkcionalit\u0101ti un rado\u0161umu.","potentialAction":[{"@type":"SearchAction","target":{"@type":"EntryPoint","urlTemplate":"https:\/\/brilune.eu\/lv\/?s={search_term_string}"},"query-input":{"@type":"PropertyValueSpecification","valueRequired":true,"valueName":"search_term_string"}}],"inLanguage":"lv-LV"}]}},"jetpack_sharing_enabled":true,"_links":{"self":[{"href":"https:\/\/brilune.eu\/lv\/wp-json\/wp\/v2\/product\/40693","targetHints":{"allow":["GET"]}}],"collection":[{"href":"https:\/\/brilune.eu\/lv\/wp-json\/wp\/v2\/product"}],"about":[{"href":"https:\/\/brilune.eu\/lv\/wp-json\/wp\/v2\/types\/product"}],"replies":[{"embeddable":true,"href":"https:\/\/brilune.eu\/lv\/wp-json\/wp\/v2\/comments?post=40693"}],"version-history":[{"count":1,"href":"https:\/\/brilune.eu\/lv\/wp-json\/wp\/v2\/product\/40693\/revisions"}],"predecessor-version":[{"id":40744,"href":"https:\/\/brilune.eu\/lv\/wp-json\/wp\/v2\/product\/40693\/revisions\/40744"}],"wp:featuredmedia":[{"embeddable":true,"href":"https:\/\/brilune.eu\/lv\/wp-json\/wp\/v2\/media\/13855"}],"wp:attachment":[{"href":"https:\/\/brilune.eu\/lv\/wp-json\/wp\/v2\/media?parent=40693"}],"wp:term":[{"taxonomy":"product_brand","embeddable":true,"href":"https:\/\/brilune.eu\/lv\/wp-json\/wp\/v2\/product_brand?post=40693"},{"taxonomy":"product_cat","embeddable":true,"href":"https:\/\/brilune.eu\/lv\/wp-json\/wp\/v2\/product_cat?post=40693"},{"taxonomy":"product_tag","embeddable":true,"href":"https:\/\/brilune.eu\/lv\/wp-json\/wp\/v2\/product_tag?post=40693"}],"curies":[{"name":"wp","href":"https:\/\/api.w.org\/{rel}","templated":true}]}}