{"id":40654,"date":"2025-02-19T14:01:51","date_gmt":"2025-02-19T12:01:51","guid":{"rendered":"https:\/\/brilune.eu\/?post_type=product&#038;p=40654"},"modified":"2025-02-19T14:16:34","modified_gmt":"2025-02-19T12:16:34","slug":"beninu-gulta-ar-taisnam-kapnem","status":"publish","type":"product","link":"https:\/\/brilune.eu\/lv\/product\/beninu-gulta-ar-taisnam-kapnem\/","title":{"rendered":"B\u0113ni\u0146u gulta ar taisn\u0101m k\u0101pn\u0113m"},"content":{"rendered":"<p>\u0160\u012b stil\u012bg\u0101 melna b\u0113ni\u0146u gulta ir izgatavota no iztur\u012bga met\u0101la un pied\u0101v\u0101 \u0113rtu gu\u013camvietu otraj\u0101 st\u0101v\u0101, un zem t\u0101 ir pietiekami daudz vietas, ko var izmantot da\u017e\u0101diem m\u0113r\u0137iem, piem\u0113ram, d\u012bv\u0101nam, rakst\u0101mgaldam, rota\u013cu laukumam vai glab\u0101\u0161anai. Taisn\u0101s k\u0101pnes \u013cauj viegli uzk\u0101pt uz otro l\u012bmeni, nodro\u0161inot papildu \u0113rt\u012bbas. M\u016bsdien\u012bgais dizains un iztur\u012bgais materi\u0101ls padara \u0161o gultu par lielisku izv\u0113li jebkur\u0101 telp\u0101. <\/p>\n<p>Izm\u0113ri: 210x130x190 cm.<br \/>\nMateri\u0101ls: met\u0101ls (dzelzs).<\/p>\n","protected":false},"excerpt":{"rendered":"<p>\u0160\u012b stil\u012bg\u0101 melna b\u0113ni\u0146u gulta ir izgatavota no iztur\u012bga met\u0101la, un t\u0101 pied\u0101v\u0101 \u0113rtu gul\u0113\u0161anas vietu otraj\u0101 l\u012bmen\u012b, un zem t\u0101 ir daudz vietas, ko var izmantot&#8230;<\/p>\n","protected":false},"featured_media":13813,"comment_status":"open","ping_status":"closed","template":"","meta":[],"product_brand":[],"product_cat":[2987],"product_tag":[],"class_list":{"0":"post-40654","1":"product","2":"type-product","3":"status-publish","4":"has-post-thumbnail","6":"product_cat-bernu-gultas-gultas-3","8":"first","9":"instock","10":"shipping-taxable","11":"purchasable","12":"product-type-simple"},"yoast_head":"<!-- This site is optimized with the Yoast SEO plugin v26.0 - https:\/\/yoast.com\/wordpress\/plugins\/seo\/ -->\n<title>B\u0113ni\u0146u gulta ar taisn\u0101m k\u0101pn\u0113m<\/title>\n<meta name=\"description\" content=\"\u0160\u012b stil\u012bg\u0101 melna b\u0113ni\u0146u gulta ir izgatavota no iztur\u012bga met\u0101la, un t\u0101 pied\u0101v\u0101 \u0113rtu gul\u0113\u0161anas vietu otraj\u0101 l\u012bmen\u012b, un zem t\u0101 ir daudz vietas, ko var izmantot...\" \/>\n<meta name=\"robots\" content=\"index, follow, max-snippet:-1, max-image-preview:large, max-video-preview:-1\" \/>\n<link rel=\"canonical\" href=\"https:\/\/brilune.eu\/lv\/product\/beninu-gulta-ar-taisnam-kapnem\/\" \/>\n<meta property=\"og:locale\" content=\"lv_LV\" \/>\n<meta property=\"og:type\" content=\"article\" \/>\n<meta property=\"og:title\" content=\"B\u0113ni\u0146u gulta ar taisn\u0101m k\u0101pn\u0113m\" \/>\n<meta property=\"og:description\" content=\"\u0160\u012b stil\u012bg\u0101 melna b\u0113ni\u0146u gulta ir izgatavota no iztur\u012bga met\u0101la, un t\u0101 pied\u0101v\u0101 \u0113rtu gul\u0113\u0161anas vietu otraj\u0101 l\u012bmen\u012b, un zem t\u0101 ir daudz vietas, ko var izmantot...\" \/>\n<meta property=\"og:url\" content=\"https:\/\/brilune.eu\/lv\/product\/beninu-gulta-ar-taisnam-kapnem\/\" \/>\n<meta property=\"og:site_name\" content=\"Brilune\" \/>\n<meta property=\"article:modified_time\" content=\"2025-02-19T12:16:34+00:00\" \/>\n<meta property=\"og:image\" content=\"https:\/\/brilune.eu\/wp-content\/uploads\/2025\/01\/6979464.jpg\" \/>\n\t<meta property=\"og:image:width\" content=\"1500\" \/>\n\t<meta property=\"og:image:height\" content=\"1500\" \/>\n\t<meta property=\"og:image:type\" content=\"image\/jpeg\" \/>\n<meta name=\"twitter:card\" content=\"summary_large_image\" \/>\n<script type=\"application\/ld+json\" class=\"yoast-schema-graph\">{\"@context\":\"https:\/\/schema.org\",\"@graph\":[{\"@type\":\"WebPage\",\"@id\":\"https:\/\/brilune.eu\/lv\/product\/beninu-gulta-ar-taisnam-kapnem\/\",\"url\":\"https:\/\/brilune.eu\/lv\/product\/beninu-gulta-ar-taisnam-kapnem\/\",\"name\":\"B\u0113ni\u0146u gulta ar taisn\u0101m k\u0101pn\u0113m\",\"isPartOf\":{\"@id\":\"https:\/\/brilune.eu\/lv\/#website\"},\"primaryImageOfPage\":{\"@id\":\"https:\/\/brilune.eu\/lv\/product\/beninu-gulta-ar-taisnam-kapnem\/#primaryimage\"},\"image\":{\"@id\":\"https:\/\/brilune.eu\/lv\/product\/beninu-gulta-ar-taisnam-kapnem\/#primaryimage\"},\"thumbnailUrl\":\"https:\/\/brilune.eu\/wp-content\/uploads\/2025\/01\/6979464.jpg\",\"datePublished\":\"2025-02-19T12:01:51+00:00\",\"dateModified\":\"2025-02-19T12:16:34+00:00\",\"description\":\"\u0160\u012b stil\u012bg\u0101 melna b\u0113ni\u0146u gulta ir izgatavota no iztur\u012bga met\u0101la, un t\u0101 pied\u0101v\u0101 \u0113rtu gul\u0113\u0161anas vietu otraj\u0101 l\u012bmen\u012b, un zem t\u0101 ir daudz vietas, ko var izmantot...\",\"breadcrumb\":{\"@id\":\"https:\/\/brilune.eu\/lv\/product\/beninu-gulta-ar-taisnam-kapnem\/#breadcrumb\"},\"inLanguage\":\"lv-LV\",\"potentialAction\":[{\"@type\":\"ReadAction\",\"target\":[\"https:\/\/brilune.eu\/lv\/product\/beninu-gulta-ar-taisnam-kapnem\/\"]}]},{\"@type\":\"ImageObject\",\"inLanguage\":\"lv-LV\",\"@id\":\"https:\/\/brilune.eu\/lv\/product\/beninu-gulta-ar-taisnam-kapnem\/#primaryimage\",\"url\":\"https:\/\/brilune.eu\/wp-content\/uploads\/2025\/01\/6979464.jpg\",\"contentUrl\":\"https:\/\/brilune.eu\/wp-content\/uploads\/2025\/01\/6979464.jpg\",\"width\":1500,\"height\":1500},{\"@type\":\"BreadcrumbList\",\"@id\":\"https:\/\/brilune.eu\/lv\/product\/beninu-gulta-ar-taisnam-kapnem\/#breadcrumb\",\"itemListElement\":[{\"@type\":\"ListItem\",\"position\":1,\"name\":\"S\u0101kums\",\"item\":\"https:\/\/brilune.eu\/lv\/brilune-mebeles\/\"},{\"@type\":\"ListItem\",\"position\":2,\"name\":\"Visi produkti\",\"item\":\"https:\/\/brilune.eu\/lv\/shop\/\"},{\"@type\":\"ListItem\",\"position\":3,\"name\":\"B\u0113ni\u0146u gulta ar taisn\u0101m k\u0101pn\u0113m\"}]},{\"@type\":\"WebSite\",\"@id\":\"https:\/\/brilune.eu\/lv\/#website\",\"url\":\"https:\/\/brilune.eu\/lv\/\",\"name\":\"Brilune\",\"description\":\"M\u0113s pied\u0101v\u0101jam unik\u0101lus un nebiju\u0161us dizainus, kas apvieno eleganci, funkcionalit\u0101ti un rado\u0161umu.\",\"potentialAction\":[{\"@type\":\"SearchAction\",\"target\":{\"@type\":\"EntryPoint\",\"urlTemplate\":\"https:\/\/brilune.eu\/lv\/?s={search_term_string}\"},\"query-input\":{\"@type\":\"PropertyValueSpecification\",\"valueRequired\":true,\"valueName\":\"search_term_string\"}}],\"inLanguage\":\"lv-LV\"}]}<\/script>\n<!-- \/ Yoast SEO plugin. -->","yoast_head_json":{"title":"B\u0113ni\u0146u gulta ar taisn\u0101m k\u0101pn\u0113m","description":"\u0160\u012b stil\u012bg\u0101 melna b\u0113ni\u0146u gulta ir izgatavota no iztur\u012bga met\u0101la, un t\u0101 pied\u0101v\u0101 \u0113rtu gul\u0113\u0161anas vietu otraj\u0101 l\u012bmen\u012b, un zem t\u0101 ir daudz vietas, ko var izmantot...","robots":{"index":"index","follow":"follow","max-snippet":"max-snippet:-1","max-image-preview":"max-image-preview:large","max-video-preview":"max-video-preview:-1"},"canonical":"https:\/\/brilune.eu\/lv\/product\/beninu-gulta-ar-taisnam-kapnem\/","og_locale":"lv_LV","og_type":"article","og_title":"B\u0113ni\u0146u gulta ar taisn\u0101m k\u0101pn\u0113m","og_description":"\u0160\u012b stil\u012bg\u0101 melna b\u0113ni\u0146u gulta ir izgatavota no iztur\u012bga met\u0101la, un t\u0101 pied\u0101v\u0101 \u0113rtu gul\u0113\u0161anas vietu otraj\u0101 l\u012bmen\u012b, un zem t\u0101 ir daudz vietas, ko var izmantot...","og_url":"https:\/\/brilune.eu\/lv\/product\/beninu-gulta-ar-taisnam-kapnem\/","og_site_name":"Brilune","article_modified_time":"2025-02-19T12:16:34+00:00","og_image":[{"width":1500,"height":1500,"url":"https:\/\/brilune.eu\/wp-content\/uploads\/2025\/01\/6979464.jpg","type":"image\/jpeg"}],"twitter_card":"summary_large_image","schema":{"@context":"https:\/\/schema.org","@graph":[{"@type":"WebPage","@id":"https:\/\/brilune.eu\/lv\/product\/beninu-gulta-ar-taisnam-kapnem\/","url":"https:\/\/brilune.eu\/lv\/product\/beninu-gulta-ar-taisnam-kapnem\/","name":"B\u0113ni\u0146u gulta ar taisn\u0101m k\u0101pn\u0113m","isPartOf":{"@id":"https:\/\/brilune.eu\/lv\/#website"},"primaryImageOfPage":{"@id":"https:\/\/brilune.eu\/lv\/product\/beninu-gulta-ar-taisnam-kapnem\/#primaryimage"},"image":{"@id":"https:\/\/brilune.eu\/lv\/product\/beninu-gulta-ar-taisnam-kapnem\/#primaryimage"},"thumbnailUrl":"https:\/\/brilune.eu\/wp-content\/uploads\/2025\/01\/6979464.jpg","datePublished":"2025-02-19T12:01:51+00:00","dateModified":"2025-02-19T12:16:34+00:00","description":"\u0160\u012b stil\u012bg\u0101 melna b\u0113ni\u0146u gulta ir izgatavota no iztur\u012bga met\u0101la, un t\u0101 pied\u0101v\u0101 \u0113rtu gul\u0113\u0161anas vietu otraj\u0101 l\u012bmen\u012b, un zem t\u0101 ir daudz vietas, ko var izmantot...","breadcrumb":{"@id":"https:\/\/brilune.eu\/lv\/product\/beninu-gulta-ar-taisnam-kapnem\/#breadcrumb"},"inLanguage":"lv-LV","potentialAction":[{"@type":"ReadAction","target":["https:\/\/brilune.eu\/lv\/product\/beninu-gulta-ar-taisnam-kapnem\/"]}]},{"@type":"ImageObject","inLanguage":"lv-LV","@id":"https:\/\/brilune.eu\/lv\/product\/beninu-gulta-ar-taisnam-kapnem\/#primaryimage","url":"https:\/\/brilune.eu\/wp-content\/uploads\/2025\/01\/6979464.jpg","contentUrl":"https:\/\/brilune.eu\/wp-content\/uploads\/2025\/01\/6979464.jpg","width":1500,"height":1500},{"@type":"BreadcrumbList","@id":"https:\/\/brilune.eu\/lv\/product\/beninu-gulta-ar-taisnam-kapnem\/#breadcrumb","itemListElement":[{"@type":"ListItem","position":1,"name":"S\u0101kums","item":"https:\/\/brilune.eu\/lv\/brilune-mebeles\/"},{"@type":"ListItem","position":2,"name":"Visi produkti","item":"https:\/\/brilune.eu\/lv\/shop\/"},{"@type":"ListItem","position":3,"name":"B\u0113ni\u0146u gulta ar taisn\u0101m k\u0101pn\u0113m"}]},{"@type":"WebSite","@id":"https:\/\/brilune.eu\/lv\/#website","url":"https:\/\/brilune.eu\/lv\/","name":"Brilune","description":"M\u0113s pied\u0101v\u0101jam unik\u0101lus un nebiju\u0161us dizainus, kas apvieno eleganci, funkcionalit\u0101ti un rado\u0161umu.","potentialAction":[{"@type":"SearchAction","target":{"@type":"EntryPoint","urlTemplate":"https:\/\/brilune.eu\/lv\/?s={search_term_string}"},"query-input":{"@type":"PropertyValueSpecification","valueRequired":true,"valueName":"search_term_string"}}],"inLanguage":"lv-LV"}]}},"jetpack_sharing_enabled":true,"_links":{"self":[{"href":"https:\/\/brilune.eu\/lv\/wp-json\/wp\/v2\/product\/40654","targetHints":{"allow":["GET"]}}],"collection":[{"href":"https:\/\/brilune.eu\/lv\/wp-json\/wp\/v2\/product"}],"about":[{"href":"https:\/\/brilune.eu\/lv\/wp-json\/wp\/v2\/types\/product"}],"replies":[{"embeddable":true,"href":"https:\/\/brilune.eu\/lv\/wp-json\/wp\/v2\/comments?post=40654"}],"version-history":[{"count":1,"href":"https:\/\/brilune.eu\/lv\/wp-json\/wp\/v2\/product\/40654\/revisions"}],"predecessor-version":[{"id":40705,"href":"https:\/\/brilune.eu\/lv\/wp-json\/wp\/v2\/product\/40654\/revisions\/40705"}],"wp:featuredmedia":[{"embeddable":true,"href":"https:\/\/brilune.eu\/lv\/wp-json\/wp\/v2\/media\/13813"}],"wp:attachment":[{"href":"https:\/\/brilune.eu\/lv\/wp-json\/wp\/v2\/media?parent=40654"}],"wp:term":[{"taxonomy":"product_brand","embeddable":true,"href":"https:\/\/brilune.eu\/lv\/wp-json\/wp\/v2\/product_brand?post=40654"},{"taxonomy":"product_cat","embeddable":true,"href":"https:\/\/brilune.eu\/lv\/wp-json\/wp\/v2\/product_cat?post=40654"},{"taxonomy":"product_tag","embeddable":true,"href":"https:\/\/brilune.eu\/lv\/wp-json\/wp\/v2\/product_tag?post=40654"}],"curies":[{"name":"wp","href":"https:\/\/api.w.org\/{rel}","templated":true}]}}