{"id":40631,"date":"2025-02-19T14:01:23","date_gmt":"2025-02-19T12:01:23","guid":{"rendered":"https:\/\/brilune.eu\/?post_type=product&#038;p=40631"},"modified":"2025-02-19T14:16:26","modified_gmt":"2025-02-19T12:16:26","slug":"bernu-beninu-gulta-ar-matraci-10","status":"publish","type":"product","link":"https:\/\/brilune.eu\/lv\/product\/bernu-beninu-gulta-ar-matraci-10\/","title":{"rendered":"B\u0113rnu b\u0113ni\u0146u gulta ar matraci"},"content":{"rendered":"<p>\u0160ai skandin\u0101vu stila b\u0113ni\u0146u gultai ir \u0113rtas k\u0101pnes ar glab\u0101\u0161anas atvilktn\u0113m, kas nodro\u0161ina \u0113rtu piek\u013cuvi otrajam l\u012bmenim un papildu uzglab\u0101\u0161anas vietu. Aug\u0161\u0113j\u0101 gulta ir apr\u012bkota ar aizsargbamperiem dro\u0161\u012bbai, un apak\u0161\u0113j\u0101 telpa paliek br\u012bva jebkurai organiz\u0101cijai &#8211; j\u016bs varat novietot rakst\u0101mgaldu, skapi, d\u012bv\u0101nu vai rota\u013cu laukumu. Gulta ir izgatavota no iztur\u012bga di\u017esk\u0101bar\u017ea dab\u012bg\u0101 kr\u0101s\u0101, kas pie\u0161\u0137ir telpai komfortu un siltumu. Komplekt\u0101 ietilpst matracis.<\/p>\n<p>Izm\u0113rs: 246x130x195 cm.<br \/>\nMateri\u0101ls: koks (di\u017esk\u0101bardis).<\/p>\n","protected":false},"excerpt":{"rendered":"<p>\u0160ai skandin\u0101vu stila b\u0113ni\u0146u gultai ir \u0113rtas k\u0101pnes ar glab\u0101\u0161anas atvilktn\u0113m, kas nodro\u0161ina \u0113rtu piek\u013cuvi otrajam l\u012bmenim un papildu uzglab\u0101\u0161anas vietu. &#8230;<\/p>\n","protected":false},"featured_media":13797,"comment_status":"open","ping_status":"closed","template":"","meta":[],"product_brand":[],"product_cat":[2987],"product_tag":[],"class_list":{"0":"post-40631","1":"product","2":"type-product","3":"status-publish","4":"has-post-thumbnail","6":"product_cat-bernu-gultas-gultas-3","8":"first","9":"instock","10":"shipping-taxable","11":"purchasable","12":"product-type-simple"},"yoast_head":"<!-- This site is optimized with the Yoast SEO plugin v26.0 - https:\/\/yoast.com\/wordpress\/plugins\/seo\/ -->\n<title>B\u0113rnu b\u0113ni\u0146u gulta ar matraci<\/title>\n<meta name=\"description\" content=\"\u0160ai skandin\u0101vu stila b\u0113ni\u0146u gultai ir \u0113rtas k\u0101pnes ar glab\u0101\u0161anas atvilktn\u0113m, kas nodro\u0161ina \u0113rtu piek\u013cuvi otrajam l\u012bmenim un papildu uzglab\u0101\u0161anas vietu. ...\" \/>\n<meta name=\"robots\" content=\"index, follow, max-snippet:-1, max-image-preview:large, max-video-preview:-1\" \/>\n<link rel=\"canonical\" href=\"https:\/\/brilune.eu\/lv\/product\/bernu-beninu-gulta-ar-matraci-10\/\" \/>\n<meta property=\"og:locale\" content=\"lv_LV\" \/>\n<meta property=\"og:type\" content=\"article\" \/>\n<meta property=\"og:title\" content=\"B\u0113rnu b\u0113ni\u0146u gulta ar matraci\" \/>\n<meta property=\"og:description\" content=\"\u0160ai skandin\u0101vu stila b\u0113ni\u0146u gultai ir \u0113rtas k\u0101pnes ar glab\u0101\u0161anas atvilktn\u0113m, kas nodro\u0161ina \u0113rtu piek\u013cuvi otrajam l\u012bmenim un papildu uzglab\u0101\u0161anas vietu. ...\" \/>\n<meta property=\"og:url\" content=\"https:\/\/brilune.eu\/lv\/product\/bernu-beninu-gulta-ar-matraci-10\/\" \/>\n<meta property=\"og:site_name\" content=\"Brilune\" \/>\n<meta property=\"article:modified_time\" content=\"2025-02-19T12:16:26+00:00\" \/>\n<meta property=\"og:image\" content=\"https:\/\/brilune.eu\/wp-content\/uploads\/2025\/01\/7983942.jpg\" \/>\n\t<meta property=\"og:image:width\" content=\"1500\" \/>\n\t<meta property=\"og:image:height\" content=\"1500\" \/>\n\t<meta property=\"og:image:type\" content=\"image\/jpeg\" \/>\n<meta name=\"twitter:card\" content=\"summary_large_image\" \/>\n<meta name=\"twitter:label1\" content=\"Est. reading time\" \/>\n\t<meta name=\"twitter:data1\" content=\"1 minute\" \/>\n<script type=\"application\/ld+json\" class=\"yoast-schema-graph\">{\"@context\":\"https:\/\/schema.org\",\"@graph\":[{\"@type\":\"WebPage\",\"@id\":\"https:\/\/brilune.eu\/lv\/product\/bernu-beninu-gulta-ar-matraci-10\/\",\"url\":\"https:\/\/brilune.eu\/lv\/product\/bernu-beninu-gulta-ar-matraci-10\/\",\"name\":\"B\u0113rnu b\u0113ni\u0146u gulta ar matraci\",\"isPartOf\":{\"@id\":\"https:\/\/brilune.eu\/lv\/#website\"},\"primaryImageOfPage\":{\"@id\":\"https:\/\/brilune.eu\/lv\/product\/bernu-beninu-gulta-ar-matraci-10\/#primaryimage\"},\"image\":{\"@id\":\"https:\/\/brilune.eu\/lv\/product\/bernu-beninu-gulta-ar-matraci-10\/#primaryimage\"},\"thumbnailUrl\":\"https:\/\/brilune.eu\/wp-content\/uploads\/2025\/01\/7983942.jpg\",\"datePublished\":\"2025-02-19T12:01:23+00:00\",\"dateModified\":\"2025-02-19T12:16:26+00:00\",\"description\":\"\u0160ai skandin\u0101vu stila b\u0113ni\u0146u gultai ir \u0113rtas k\u0101pnes ar glab\u0101\u0161anas atvilktn\u0113m, kas nodro\u0161ina \u0113rtu piek\u013cuvi otrajam l\u012bmenim un papildu uzglab\u0101\u0161anas vietu. ...\",\"breadcrumb\":{\"@id\":\"https:\/\/brilune.eu\/lv\/product\/bernu-beninu-gulta-ar-matraci-10\/#breadcrumb\"},\"inLanguage\":\"lv-LV\",\"potentialAction\":[{\"@type\":\"ReadAction\",\"target\":[\"https:\/\/brilune.eu\/lv\/product\/bernu-beninu-gulta-ar-matraci-10\/\"]}]},{\"@type\":\"ImageObject\",\"inLanguage\":\"lv-LV\",\"@id\":\"https:\/\/brilune.eu\/lv\/product\/bernu-beninu-gulta-ar-matraci-10\/#primaryimage\",\"url\":\"https:\/\/brilune.eu\/wp-content\/uploads\/2025\/01\/7983942.jpg\",\"contentUrl\":\"https:\/\/brilune.eu\/wp-content\/uploads\/2025\/01\/7983942.jpg\",\"width\":1500,\"height\":1500},{\"@type\":\"BreadcrumbList\",\"@id\":\"https:\/\/brilune.eu\/lv\/product\/bernu-beninu-gulta-ar-matraci-10\/#breadcrumb\",\"itemListElement\":[{\"@type\":\"ListItem\",\"position\":1,\"name\":\"S\u0101kums\",\"item\":\"https:\/\/brilune.eu\/lv\/brilune-mebeles\/\"},{\"@type\":\"ListItem\",\"position\":2,\"name\":\"Visi produkti\",\"item\":\"https:\/\/brilune.eu\/lv\/shop\/\"},{\"@type\":\"ListItem\",\"position\":3,\"name\":\"B\u0113rnu b\u0113ni\u0146u gulta ar matraci\"}]},{\"@type\":\"WebSite\",\"@id\":\"https:\/\/brilune.eu\/lv\/#website\",\"url\":\"https:\/\/brilune.eu\/lv\/\",\"name\":\"Brilune\",\"description\":\"M\u0113s pied\u0101v\u0101jam unik\u0101lus un nebiju\u0161us dizainus, kas apvieno eleganci, funkcionalit\u0101ti un rado\u0161umu.\",\"potentialAction\":[{\"@type\":\"SearchAction\",\"target\":{\"@type\":\"EntryPoint\",\"urlTemplate\":\"https:\/\/brilune.eu\/lv\/?s={search_term_string}\"},\"query-input\":{\"@type\":\"PropertyValueSpecification\",\"valueRequired\":true,\"valueName\":\"search_term_string\"}}],\"inLanguage\":\"lv-LV\"}]}<\/script>\n<!-- \/ Yoast SEO plugin. -->","yoast_head_json":{"title":"B\u0113rnu b\u0113ni\u0146u gulta ar matraci","description":"\u0160ai skandin\u0101vu stila b\u0113ni\u0146u gultai ir \u0113rtas k\u0101pnes ar glab\u0101\u0161anas atvilktn\u0113m, kas nodro\u0161ina \u0113rtu piek\u013cuvi otrajam l\u012bmenim un papildu uzglab\u0101\u0161anas vietu. ...","robots":{"index":"index","follow":"follow","max-snippet":"max-snippet:-1","max-image-preview":"max-image-preview:large","max-video-preview":"max-video-preview:-1"},"canonical":"https:\/\/brilune.eu\/lv\/product\/bernu-beninu-gulta-ar-matraci-10\/","og_locale":"lv_LV","og_type":"article","og_title":"B\u0113rnu b\u0113ni\u0146u gulta ar matraci","og_description":"\u0160ai skandin\u0101vu stila b\u0113ni\u0146u gultai ir \u0113rtas k\u0101pnes ar glab\u0101\u0161anas atvilktn\u0113m, kas nodro\u0161ina \u0113rtu piek\u013cuvi otrajam l\u012bmenim un papildu uzglab\u0101\u0161anas vietu. ...","og_url":"https:\/\/brilune.eu\/lv\/product\/bernu-beninu-gulta-ar-matraci-10\/","og_site_name":"Brilune","article_modified_time":"2025-02-19T12:16:26+00:00","og_image":[{"width":1500,"height":1500,"url":"https:\/\/brilune.eu\/wp-content\/uploads\/2025\/01\/7983942.jpg","type":"image\/jpeg"}],"twitter_card":"summary_large_image","twitter_misc":{"Est. reading time":"1 minute"},"schema":{"@context":"https:\/\/schema.org","@graph":[{"@type":"WebPage","@id":"https:\/\/brilune.eu\/lv\/product\/bernu-beninu-gulta-ar-matraci-10\/","url":"https:\/\/brilune.eu\/lv\/product\/bernu-beninu-gulta-ar-matraci-10\/","name":"B\u0113rnu b\u0113ni\u0146u gulta ar matraci","isPartOf":{"@id":"https:\/\/brilune.eu\/lv\/#website"},"primaryImageOfPage":{"@id":"https:\/\/brilune.eu\/lv\/product\/bernu-beninu-gulta-ar-matraci-10\/#primaryimage"},"image":{"@id":"https:\/\/brilune.eu\/lv\/product\/bernu-beninu-gulta-ar-matraci-10\/#primaryimage"},"thumbnailUrl":"https:\/\/brilune.eu\/wp-content\/uploads\/2025\/01\/7983942.jpg","datePublished":"2025-02-19T12:01:23+00:00","dateModified":"2025-02-19T12:16:26+00:00","description":"\u0160ai skandin\u0101vu stila b\u0113ni\u0146u gultai ir \u0113rtas k\u0101pnes ar glab\u0101\u0161anas atvilktn\u0113m, kas nodro\u0161ina \u0113rtu piek\u013cuvi otrajam l\u012bmenim un papildu uzglab\u0101\u0161anas vietu. ...","breadcrumb":{"@id":"https:\/\/brilune.eu\/lv\/product\/bernu-beninu-gulta-ar-matraci-10\/#breadcrumb"},"inLanguage":"lv-LV","potentialAction":[{"@type":"ReadAction","target":["https:\/\/brilune.eu\/lv\/product\/bernu-beninu-gulta-ar-matraci-10\/"]}]},{"@type":"ImageObject","inLanguage":"lv-LV","@id":"https:\/\/brilune.eu\/lv\/product\/bernu-beninu-gulta-ar-matraci-10\/#primaryimage","url":"https:\/\/brilune.eu\/wp-content\/uploads\/2025\/01\/7983942.jpg","contentUrl":"https:\/\/brilune.eu\/wp-content\/uploads\/2025\/01\/7983942.jpg","width":1500,"height":1500},{"@type":"BreadcrumbList","@id":"https:\/\/brilune.eu\/lv\/product\/bernu-beninu-gulta-ar-matraci-10\/#breadcrumb","itemListElement":[{"@type":"ListItem","position":1,"name":"S\u0101kums","item":"https:\/\/brilune.eu\/lv\/brilune-mebeles\/"},{"@type":"ListItem","position":2,"name":"Visi produkti","item":"https:\/\/brilune.eu\/lv\/shop\/"},{"@type":"ListItem","position":3,"name":"B\u0113rnu b\u0113ni\u0146u gulta ar matraci"}]},{"@type":"WebSite","@id":"https:\/\/brilune.eu\/lv\/#website","url":"https:\/\/brilune.eu\/lv\/","name":"Brilune","description":"M\u0113s pied\u0101v\u0101jam unik\u0101lus un nebiju\u0161us dizainus, kas apvieno eleganci, funkcionalit\u0101ti un rado\u0161umu.","potentialAction":[{"@type":"SearchAction","target":{"@type":"EntryPoint","urlTemplate":"https:\/\/brilune.eu\/lv\/?s={search_term_string}"},"query-input":{"@type":"PropertyValueSpecification","valueRequired":true,"valueName":"search_term_string"}}],"inLanguage":"lv-LV"}]}},"jetpack_sharing_enabled":true,"_links":{"self":[{"href":"https:\/\/brilune.eu\/lv\/wp-json\/wp\/v2\/product\/40631","targetHints":{"allow":["GET"]}}],"collection":[{"href":"https:\/\/brilune.eu\/lv\/wp-json\/wp\/v2\/product"}],"about":[{"href":"https:\/\/brilune.eu\/lv\/wp-json\/wp\/v2\/types\/product"}],"replies":[{"embeddable":true,"href":"https:\/\/brilune.eu\/lv\/wp-json\/wp\/v2\/comments?post=40631"}],"version-history":[{"count":1,"href":"https:\/\/brilune.eu\/lv\/wp-json\/wp\/v2\/product\/40631\/revisions"}],"predecessor-version":[{"id":40683,"href":"https:\/\/brilune.eu\/lv\/wp-json\/wp\/v2\/product\/40631\/revisions\/40683"}],"wp:featuredmedia":[{"embeddable":true,"href":"https:\/\/brilune.eu\/lv\/wp-json\/wp\/v2\/media\/13797"}],"wp:attachment":[{"href":"https:\/\/brilune.eu\/lv\/wp-json\/wp\/v2\/media?parent=40631"}],"wp:term":[{"taxonomy":"product_brand","embeddable":true,"href":"https:\/\/brilune.eu\/lv\/wp-json\/wp\/v2\/product_brand?post=40631"},{"taxonomy":"product_cat","embeddable":true,"href":"https:\/\/brilune.eu\/lv\/wp-json\/wp\/v2\/product_cat?post=40631"},{"taxonomy":"product_tag","embeddable":true,"href":"https:\/\/brilune.eu\/lv\/wp-json\/wp\/v2\/product_tag?post=40631"}],"curies":[{"name":"wp","href":"https:\/\/api.w.org\/{rel}","templated":true}]}}