{"id":40574,"date":"2025-02-19T14:00:11","date_gmt":"2025-02-19T12:00:11","guid":{"rendered":"https:\/\/brilune.eu\/?post_type=product&#038;p=40574"},"modified":"2025-02-19T14:16:04","modified_gmt":"2025-02-19T12:16:04","slug":"divstavu-gulta-ar-kapnem-2","status":"publish","type":"product","link":"https:\/\/brilune.eu\/lv\/product\/divstavu-gulta-ar-kapnem-2\/","title":{"rendered":"Divst\u0101vu gulta ar k\u0101pn\u0113m"},"content":{"rendered":"<p>\u0160\u012b b\u0113rnu divst\u0101vu gulta ar k\u0101pn\u0113m, katra pak\u0101piena kalpo k\u0101 uzglab\u0101\u0161anas atvilktne, ir ide\u0101li piem\u0113rota kompakt\u0101m b\u0113rnu istab\u0101m. Dro\u0161\u012bbas nol\u016bkos gultas aug\u0161pus\u0113 ir aizsargbamperi. Telpa zem apak\u0161\u0113j\u0101 l\u012bme\u0146a tiek efekt\u012bvi izmantota lietu glab\u0101\u0161anai, un atvilktnes nodro\u0161ina papildu vietu rota\u013cliet\u0101m un maziem priek\u0161metiem. <\/p>\n<p>Izm\u0113ri: 245x150x230 cm.<br \/>\nMateri\u0101ls: koks (priede).<\/p>\n","protected":false},"excerpt":{"rendered":"<p>\u0160\u012b b\u0113rnu divst\u0101vu gulta ar k\u0101pn\u0113m, katra pak\u0101piena kalpo k\u0101 uzglab\u0101\u0161anas atvilktne, ir ide\u0101li piem\u0113rota kompakt\u0101m b\u0113rnu istab\u0101m. Aug\u0161pus\u0113 ir aizsargbamperi&#8230;<\/p>\n","protected":false},"featured_media":13711,"comment_status":"open","ping_status":"closed","template":"","meta":[],"product_brand":[],"product_cat":[2987],"product_tag":[],"class_list":{"0":"post-40574","1":"product","2":"type-product","3":"status-publish","4":"has-post-thumbnail","6":"product_cat-bernu-gultas-gultas-3","8":"first","9":"instock","10":"shipping-taxable","11":"purchasable","12":"product-type-simple"},"yoast_head":"<!-- This site is optimized with the Yoast SEO plugin v26.0 - https:\/\/yoast.com\/wordpress\/plugins\/seo\/ -->\n<title>Divst\u0101vu gulta ar k\u0101pn\u0113m<\/title>\n<meta name=\"description\" content=\"\u0160\u012b b\u0113rnu divst\u0101vu gulta ar k\u0101pn\u0113m, katra pak\u0101piena kalpo k\u0101 uzglab\u0101\u0161anas atvilktne, ir ide\u0101li piem\u0113rota kompakt\u0101m b\u0113rnu istab\u0101m. Aug\u0161pus\u0113 ir aizsargbamperi...\" \/>\n<meta name=\"robots\" content=\"index, follow, max-snippet:-1, max-image-preview:large, max-video-preview:-1\" \/>\n<link rel=\"canonical\" href=\"https:\/\/brilune.eu\/lv\/product\/divstavu-gulta-ar-kapnem-2\/\" \/>\n<meta property=\"og:locale\" content=\"lv_LV\" \/>\n<meta property=\"og:type\" content=\"article\" \/>\n<meta property=\"og:title\" content=\"Divst\u0101vu gulta ar k\u0101pn\u0113m\" \/>\n<meta property=\"og:description\" content=\"\u0160\u012b b\u0113rnu divst\u0101vu gulta ar k\u0101pn\u0113m, katra pak\u0101piena kalpo k\u0101 uzglab\u0101\u0161anas atvilktne, ir ide\u0101li piem\u0113rota kompakt\u0101m b\u0113rnu istab\u0101m. Aug\u0161pus\u0113 ir aizsargbamperi...\" \/>\n<meta property=\"og:url\" content=\"https:\/\/brilune.eu\/lv\/product\/divstavu-gulta-ar-kapnem-2\/\" \/>\n<meta property=\"og:site_name\" content=\"Brilune\" \/>\n<meta property=\"article:modified_time\" content=\"2025-02-19T12:16:04+00:00\" \/>\n<meta property=\"og:image\" content=\"https:\/\/brilune.eu\/wp-content\/uploads\/2025\/01\/11488272.jpg\" \/>\n\t<meta property=\"og:image:width\" content=\"1500\" \/>\n\t<meta property=\"og:image:height\" content=\"1500\" \/>\n\t<meta property=\"og:image:type\" content=\"image\/jpeg\" \/>\n<meta name=\"twitter:card\" content=\"summary_large_image\" \/>\n<script type=\"application\/ld+json\" class=\"yoast-schema-graph\">{\"@context\":\"https:\/\/schema.org\",\"@graph\":[{\"@type\":\"WebPage\",\"@id\":\"https:\/\/brilune.eu\/lv\/product\/divstavu-gulta-ar-kapnem-2\/\",\"url\":\"https:\/\/brilune.eu\/lv\/product\/divstavu-gulta-ar-kapnem-2\/\",\"name\":\"Divst\u0101vu gulta ar k\u0101pn\u0113m\",\"isPartOf\":{\"@id\":\"https:\/\/brilune.eu\/lv\/#website\"},\"primaryImageOfPage\":{\"@id\":\"https:\/\/brilune.eu\/lv\/product\/divstavu-gulta-ar-kapnem-2\/#primaryimage\"},\"image\":{\"@id\":\"https:\/\/brilune.eu\/lv\/product\/divstavu-gulta-ar-kapnem-2\/#primaryimage\"},\"thumbnailUrl\":\"https:\/\/brilune.eu\/wp-content\/uploads\/2025\/01\/11488272.jpg\",\"datePublished\":\"2025-02-19T12:00:11+00:00\",\"dateModified\":\"2025-02-19T12:16:04+00:00\",\"description\":\"\u0160\u012b b\u0113rnu divst\u0101vu gulta ar k\u0101pn\u0113m, katra pak\u0101piena kalpo k\u0101 uzglab\u0101\u0161anas atvilktne, ir ide\u0101li piem\u0113rota kompakt\u0101m b\u0113rnu istab\u0101m. Aug\u0161pus\u0113 ir aizsargbamperi...\",\"breadcrumb\":{\"@id\":\"https:\/\/brilune.eu\/lv\/product\/divstavu-gulta-ar-kapnem-2\/#breadcrumb\"},\"inLanguage\":\"lv-LV\",\"potentialAction\":[{\"@type\":\"ReadAction\",\"target\":[\"https:\/\/brilune.eu\/lv\/product\/divstavu-gulta-ar-kapnem-2\/\"]}]},{\"@type\":\"ImageObject\",\"inLanguage\":\"lv-LV\",\"@id\":\"https:\/\/brilune.eu\/lv\/product\/divstavu-gulta-ar-kapnem-2\/#primaryimage\",\"url\":\"https:\/\/brilune.eu\/wp-content\/uploads\/2025\/01\/11488272.jpg\",\"contentUrl\":\"https:\/\/brilune.eu\/wp-content\/uploads\/2025\/01\/11488272.jpg\",\"width\":1500,\"height\":1500},{\"@type\":\"BreadcrumbList\",\"@id\":\"https:\/\/brilune.eu\/lv\/product\/divstavu-gulta-ar-kapnem-2\/#breadcrumb\",\"itemListElement\":[{\"@type\":\"ListItem\",\"position\":1,\"name\":\"S\u0101kums\",\"item\":\"https:\/\/brilune.eu\/lv\/brilune-mebeles\/\"},{\"@type\":\"ListItem\",\"position\":2,\"name\":\"Visi produkti\",\"item\":\"https:\/\/brilune.eu\/lv\/shop\/\"},{\"@type\":\"ListItem\",\"position\":3,\"name\":\"Divst\u0101vu gulta ar k\u0101pn\u0113m\"}]},{\"@type\":\"WebSite\",\"@id\":\"https:\/\/brilune.eu\/lv\/#website\",\"url\":\"https:\/\/brilune.eu\/lv\/\",\"name\":\"Brilune\",\"description\":\"M\u0113s pied\u0101v\u0101jam unik\u0101lus un nebiju\u0161us dizainus, kas apvieno eleganci, funkcionalit\u0101ti un rado\u0161umu.\",\"potentialAction\":[{\"@type\":\"SearchAction\",\"target\":{\"@type\":\"EntryPoint\",\"urlTemplate\":\"https:\/\/brilune.eu\/lv\/?s={search_term_string}\"},\"query-input\":{\"@type\":\"PropertyValueSpecification\",\"valueRequired\":true,\"valueName\":\"search_term_string\"}}],\"inLanguage\":\"lv-LV\"}]}<\/script>\n<!-- \/ Yoast SEO plugin. -->","yoast_head_json":{"title":"Divst\u0101vu gulta ar k\u0101pn\u0113m","description":"\u0160\u012b b\u0113rnu divst\u0101vu gulta ar k\u0101pn\u0113m, katra pak\u0101piena kalpo k\u0101 uzglab\u0101\u0161anas atvilktne, ir ide\u0101li piem\u0113rota kompakt\u0101m b\u0113rnu istab\u0101m. Aug\u0161pus\u0113 ir aizsargbamperi...","robots":{"index":"index","follow":"follow","max-snippet":"max-snippet:-1","max-image-preview":"max-image-preview:large","max-video-preview":"max-video-preview:-1"},"canonical":"https:\/\/brilune.eu\/lv\/product\/divstavu-gulta-ar-kapnem-2\/","og_locale":"lv_LV","og_type":"article","og_title":"Divst\u0101vu gulta ar k\u0101pn\u0113m","og_description":"\u0160\u012b b\u0113rnu divst\u0101vu gulta ar k\u0101pn\u0113m, katra pak\u0101piena kalpo k\u0101 uzglab\u0101\u0161anas atvilktne, ir ide\u0101li piem\u0113rota kompakt\u0101m b\u0113rnu istab\u0101m. Aug\u0161pus\u0113 ir aizsargbamperi...","og_url":"https:\/\/brilune.eu\/lv\/product\/divstavu-gulta-ar-kapnem-2\/","og_site_name":"Brilune","article_modified_time":"2025-02-19T12:16:04+00:00","og_image":[{"width":1500,"height":1500,"url":"https:\/\/brilune.eu\/wp-content\/uploads\/2025\/01\/11488272.jpg","type":"image\/jpeg"}],"twitter_card":"summary_large_image","schema":{"@context":"https:\/\/schema.org","@graph":[{"@type":"WebPage","@id":"https:\/\/brilune.eu\/lv\/product\/divstavu-gulta-ar-kapnem-2\/","url":"https:\/\/brilune.eu\/lv\/product\/divstavu-gulta-ar-kapnem-2\/","name":"Divst\u0101vu gulta ar k\u0101pn\u0113m","isPartOf":{"@id":"https:\/\/brilune.eu\/lv\/#website"},"primaryImageOfPage":{"@id":"https:\/\/brilune.eu\/lv\/product\/divstavu-gulta-ar-kapnem-2\/#primaryimage"},"image":{"@id":"https:\/\/brilune.eu\/lv\/product\/divstavu-gulta-ar-kapnem-2\/#primaryimage"},"thumbnailUrl":"https:\/\/brilune.eu\/wp-content\/uploads\/2025\/01\/11488272.jpg","datePublished":"2025-02-19T12:00:11+00:00","dateModified":"2025-02-19T12:16:04+00:00","description":"\u0160\u012b b\u0113rnu divst\u0101vu gulta ar k\u0101pn\u0113m, katra pak\u0101piena kalpo k\u0101 uzglab\u0101\u0161anas atvilktne, ir ide\u0101li piem\u0113rota kompakt\u0101m b\u0113rnu istab\u0101m. Aug\u0161pus\u0113 ir aizsargbamperi...","breadcrumb":{"@id":"https:\/\/brilune.eu\/lv\/product\/divstavu-gulta-ar-kapnem-2\/#breadcrumb"},"inLanguage":"lv-LV","potentialAction":[{"@type":"ReadAction","target":["https:\/\/brilune.eu\/lv\/product\/divstavu-gulta-ar-kapnem-2\/"]}]},{"@type":"ImageObject","inLanguage":"lv-LV","@id":"https:\/\/brilune.eu\/lv\/product\/divstavu-gulta-ar-kapnem-2\/#primaryimage","url":"https:\/\/brilune.eu\/wp-content\/uploads\/2025\/01\/11488272.jpg","contentUrl":"https:\/\/brilune.eu\/wp-content\/uploads\/2025\/01\/11488272.jpg","width":1500,"height":1500},{"@type":"BreadcrumbList","@id":"https:\/\/brilune.eu\/lv\/product\/divstavu-gulta-ar-kapnem-2\/#breadcrumb","itemListElement":[{"@type":"ListItem","position":1,"name":"S\u0101kums","item":"https:\/\/brilune.eu\/lv\/brilune-mebeles\/"},{"@type":"ListItem","position":2,"name":"Visi produkti","item":"https:\/\/brilune.eu\/lv\/shop\/"},{"@type":"ListItem","position":3,"name":"Divst\u0101vu gulta ar k\u0101pn\u0113m"}]},{"@type":"WebSite","@id":"https:\/\/brilune.eu\/lv\/#website","url":"https:\/\/brilune.eu\/lv\/","name":"Brilune","description":"M\u0113s pied\u0101v\u0101jam unik\u0101lus un nebiju\u0161us dizainus, kas apvieno eleganci, funkcionalit\u0101ti un rado\u0161umu.","potentialAction":[{"@type":"SearchAction","target":{"@type":"EntryPoint","urlTemplate":"https:\/\/brilune.eu\/lv\/?s={search_term_string}"},"query-input":{"@type":"PropertyValueSpecification","valueRequired":true,"valueName":"search_term_string"}}],"inLanguage":"lv-LV"}]}},"jetpack_sharing_enabled":true,"_links":{"self":[{"href":"https:\/\/brilune.eu\/lv\/wp-json\/wp\/v2\/product\/40574","targetHints":{"allow":["GET"]}}],"collection":[{"href":"https:\/\/brilune.eu\/lv\/wp-json\/wp\/v2\/product"}],"about":[{"href":"https:\/\/brilune.eu\/lv\/wp-json\/wp\/v2\/types\/product"}],"replies":[{"embeddable":true,"href":"https:\/\/brilune.eu\/lv\/wp-json\/wp\/v2\/comments?post=40574"}],"version-history":[{"count":1,"href":"https:\/\/brilune.eu\/lv\/wp-json\/wp\/v2\/product\/40574\/revisions"}],"predecessor-version":[{"id":40624,"href":"https:\/\/brilune.eu\/lv\/wp-json\/wp\/v2\/product\/40574\/revisions\/40624"}],"wp:featuredmedia":[{"embeddable":true,"href":"https:\/\/brilune.eu\/lv\/wp-json\/wp\/v2\/media\/13711"}],"wp:attachment":[{"href":"https:\/\/brilune.eu\/lv\/wp-json\/wp\/v2\/media?parent=40574"}],"wp:term":[{"taxonomy":"product_brand","embeddable":true,"href":"https:\/\/brilune.eu\/lv\/wp-json\/wp\/v2\/product_brand?post=40574"},{"taxonomy":"product_cat","embeddable":true,"href":"https:\/\/brilune.eu\/lv\/wp-json\/wp\/v2\/product_cat?post=40574"},{"taxonomy":"product_tag","embeddable":true,"href":"https:\/\/brilune.eu\/lv\/wp-json\/wp\/v2\/product_tag?post=40574"}],"curies":[{"name":"wp","href":"https:\/\/api.w.org\/{rel}","templated":true}]}}