{"id":40571,"date":"2025-02-19T14:00:10","date_gmt":"2025-02-19T12:00:10","guid":{"rendered":"https:\/\/brilune.eu\/?post_type=product&#038;p=40571"},"modified":"2025-02-19T14:16:03","modified_gmt":"2025-02-19T12:16:03","slug":"divstavu-gulta-ar-kapnem","status":"publish","type":"product","link":"https:\/\/brilune.eu\/lv\/product\/divstavu-gulta-ar-kapnem\/","title":{"rendered":"Divst\u0101vu gulta ar k\u0101pn\u0113m"},"content":{"rendered":"<p>\u0160\u012b divst\u0101vu b\u0113rnu gulta ir izgatavota no dab\u012bga koka un apr\u012bkota ar k\u0101pn\u0113m, kuru katrs solis ir \u0113rta uzglab\u0101\u0161anas kaste. Aug\u0161\u0113jais sl\u0101nis ir dro\u0161i aizsarg\u0101ts ar s\u0101niem, lai nodro\u0161in\u0101tu b\u0113rna dro\u0161\u012bbu. Zem apak\u0161\u0113j\u0101 l\u012bme\u0146a varat ievietot papildu lietas vai izmantot uzglab\u0101\u0161anas vietu. <\/p>\n<p>Izm\u0113ri: 245x120x230 cm.<br \/>\nMateri\u0101ls: koks (priede).<\/p>\n","protected":false},"excerpt":{"rendered":"<p>\u0160\u012b divst\u0101vu b\u0113rnu gulta ir izgatavota no dab\u012bga koka un apr\u012bkota ar k\u0101pn\u0113m, kuru katrs solis ir \u0113rta uzglab\u0101\u0161anas kaste. Aug\u0161\u0113jais l\u012bmenis ir dro\u0161i aizsarg\u0101ts&#8230;<\/p>\n","protected":false},"featured_media":13711,"comment_status":"open","ping_status":"closed","template":"","meta":[],"product_brand":[],"product_cat":[2987],"product_tag":[],"class_list":{"0":"post-40571","1":"product","2":"type-product","3":"status-publish","4":"has-post-thumbnail","6":"product_cat-bernu-gultas-gultas-3","8":"first","9":"instock","10":"shipping-taxable","11":"purchasable","12":"product-type-simple"},"yoast_head":"<!-- This site is optimized with the Yoast SEO plugin v26.0 - https:\/\/yoast.com\/wordpress\/plugins\/seo\/ -->\n<title>Divst\u0101vu gulta ar k\u0101pn\u0113m<\/title>\n<meta name=\"description\" content=\"\u0160\u012b divst\u0101vu b\u0113rnu gulta ir izgatavota no dab\u012bga koka un apr\u012bkota ar k\u0101pn\u0113m, kuru katrs solis ir \u0113rta uzglab\u0101\u0161anas kaste. Aug\u0161\u0113jais l\u012bmenis ir dro\u0161i aizsarg\u0101ts...\" \/>\n<meta name=\"robots\" content=\"index, follow, max-snippet:-1, max-image-preview:large, max-video-preview:-1\" \/>\n<link rel=\"canonical\" href=\"https:\/\/brilune.eu\/lv\/product\/divstavu-gulta-ar-kapnem\/\" \/>\n<meta property=\"og:locale\" content=\"lv_LV\" \/>\n<meta property=\"og:type\" content=\"article\" \/>\n<meta property=\"og:title\" content=\"Divst\u0101vu gulta ar k\u0101pn\u0113m\" \/>\n<meta property=\"og:description\" content=\"\u0160\u012b divst\u0101vu b\u0113rnu gulta ir izgatavota no dab\u012bga koka un apr\u012bkota ar k\u0101pn\u0113m, kuru katrs solis ir \u0113rta uzglab\u0101\u0161anas kaste. Aug\u0161\u0113jais l\u012bmenis ir dro\u0161i aizsarg\u0101ts...\" \/>\n<meta property=\"og:url\" content=\"https:\/\/brilune.eu\/lv\/product\/divstavu-gulta-ar-kapnem\/\" \/>\n<meta property=\"og:site_name\" content=\"Brilune\" \/>\n<meta property=\"article:modified_time\" content=\"2025-02-19T12:16:03+00:00\" \/>\n<meta property=\"og:image\" content=\"https:\/\/brilune.eu\/wp-content\/uploads\/2025\/01\/11488272.jpg\" \/>\n\t<meta property=\"og:image:width\" content=\"1500\" \/>\n\t<meta property=\"og:image:height\" content=\"1500\" \/>\n\t<meta property=\"og:image:type\" content=\"image\/jpeg\" \/>\n<meta name=\"twitter:card\" content=\"summary_large_image\" \/>\n<script type=\"application\/ld+json\" class=\"yoast-schema-graph\">{\"@context\":\"https:\/\/schema.org\",\"@graph\":[{\"@type\":\"WebPage\",\"@id\":\"https:\/\/brilune.eu\/lv\/product\/divstavu-gulta-ar-kapnem\/\",\"url\":\"https:\/\/brilune.eu\/lv\/product\/divstavu-gulta-ar-kapnem\/\",\"name\":\"Divst\u0101vu gulta ar k\u0101pn\u0113m\",\"isPartOf\":{\"@id\":\"https:\/\/brilune.eu\/lv\/#website\"},\"primaryImageOfPage\":{\"@id\":\"https:\/\/brilune.eu\/lv\/product\/divstavu-gulta-ar-kapnem\/#primaryimage\"},\"image\":{\"@id\":\"https:\/\/brilune.eu\/lv\/product\/divstavu-gulta-ar-kapnem\/#primaryimage\"},\"thumbnailUrl\":\"https:\/\/brilune.eu\/wp-content\/uploads\/2025\/01\/11488272.jpg\",\"datePublished\":\"2025-02-19T12:00:10+00:00\",\"dateModified\":\"2025-02-19T12:16:03+00:00\",\"description\":\"\u0160\u012b divst\u0101vu b\u0113rnu gulta ir izgatavota no dab\u012bga koka un apr\u012bkota ar k\u0101pn\u0113m, kuru katrs solis ir \u0113rta uzglab\u0101\u0161anas kaste. Aug\u0161\u0113jais l\u012bmenis ir dro\u0161i aizsarg\u0101ts...\",\"breadcrumb\":{\"@id\":\"https:\/\/brilune.eu\/lv\/product\/divstavu-gulta-ar-kapnem\/#breadcrumb\"},\"inLanguage\":\"lv-LV\",\"potentialAction\":[{\"@type\":\"ReadAction\",\"target\":[\"https:\/\/brilune.eu\/lv\/product\/divstavu-gulta-ar-kapnem\/\"]}]},{\"@type\":\"ImageObject\",\"inLanguage\":\"lv-LV\",\"@id\":\"https:\/\/brilune.eu\/lv\/product\/divstavu-gulta-ar-kapnem\/#primaryimage\",\"url\":\"https:\/\/brilune.eu\/wp-content\/uploads\/2025\/01\/11488272.jpg\",\"contentUrl\":\"https:\/\/brilune.eu\/wp-content\/uploads\/2025\/01\/11488272.jpg\",\"width\":1500,\"height\":1500},{\"@type\":\"BreadcrumbList\",\"@id\":\"https:\/\/brilune.eu\/lv\/product\/divstavu-gulta-ar-kapnem\/#breadcrumb\",\"itemListElement\":[{\"@type\":\"ListItem\",\"position\":1,\"name\":\"S\u0101kums\",\"item\":\"https:\/\/brilune.eu\/lv\/brilune-mebeles\/\"},{\"@type\":\"ListItem\",\"position\":2,\"name\":\"Visi produkti\",\"item\":\"https:\/\/brilune.eu\/lv\/shop\/\"},{\"@type\":\"ListItem\",\"position\":3,\"name\":\"Divst\u0101vu gulta ar k\u0101pn\u0113m\"}]},{\"@type\":\"WebSite\",\"@id\":\"https:\/\/brilune.eu\/lv\/#website\",\"url\":\"https:\/\/brilune.eu\/lv\/\",\"name\":\"Brilune\",\"description\":\"M\u0113s pied\u0101v\u0101jam unik\u0101lus un nebiju\u0161us dizainus, kas apvieno eleganci, funkcionalit\u0101ti un rado\u0161umu.\",\"potentialAction\":[{\"@type\":\"SearchAction\",\"target\":{\"@type\":\"EntryPoint\",\"urlTemplate\":\"https:\/\/brilune.eu\/lv\/?s={search_term_string}\"},\"query-input\":{\"@type\":\"PropertyValueSpecification\",\"valueRequired\":true,\"valueName\":\"search_term_string\"}}],\"inLanguage\":\"lv-LV\"}]}<\/script>\n<!-- \/ Yoast SEO plugin. -->","yoast_head_json":{"title":"Divst\u0101vu gulta ar k\u0101pn\u0113m","description":"\u0160\u012b divst\u0101vu b\u0113rnu gulta ir izgatavota no dab\u012bga koka un apr\u012bkota ar k\u0101pn\u0113m, kuru katrs solis ir \u0113rta uzglab\u0101\u0161anas kaste. Aug\u0161\u0113jais l\u012bmenis ir dro\u0161i aizsarg\u0101ts...","robots":{"index":"index","follow":"follow","max-snippet":"max-snippet:-1","max-image-preview":"max-image-preview:large","max-video-preview":"max-video-preview:-1"},"canonical":"https:\/\/brilune.eu\/lv\/product\/divstavu-gulta-ar-kapnem\/","og_locale":"lv_LV","og_type":"article","og_title":"Divst\u0101vu gulta ar k\u0101pn\u0113m","og_description":"\u0160\u012b divst\u0101vu b\u0113rnu gulta ir izgatavota no dab\u012bga koka un apr\u012bkota ar k\u0101pn\u0113m, kuru katrs solis ir \u0113rta uzglab\u0101\u0161anas kaste. Aug\u0161\u0113jais l\u012bmenis ir dro\u0161i aizsarg\u0101ts...","og_url":"https:\/\/brilune.eu\/lv\/product\/divstavu-gulta-ar-kapnem\/","og_site_name":"Brilune","article_modified_time":"2025-02-19T12:16:03+00:00","og_image":[{"width":1500,"height":1500,"url":"https:\/\/brilune.eu\/wp-content\/uploads\/2025\/01\/11488272.jpg","type":"image\/jpeg"}],"twitter_card":"summary_large_image","schema":{"@context":"https:\/\/schema.org","@graph":[{"@type":"WebPage","@id":"https:\/\/brilune.eu\/lv\/product\/divstavu-gulta-ar-kapnem\/","url":"https:\/\/brilune.eu\/lv\/product\/divstavu-gulta-ar-kapnem\/","name":"Divst\u0101vu gulta ar k\u0101pn\u0113m","isPartOf":{"@id":"https:\/\/brilune.eu\/lv\/#website"},"primaryImageOfPage":{"@id":"https:\/\/brilune.eu\/lv\/product\/divstavu-gulta-ar-kapnem\/#primaryimage"},"image":{"@id":"https:\/\/brilune.eu\/lv\/product\/divstavu-gulta-ar-kapnem\/#primaryimage"},"thumbnailUrl":"https:\/\/brilune.eu\/wp-content\/uploads\/2025\/01\/11488272.jpg","datePublished":"2025-02-19T12:00:10+00:00","dateModified":"2025-02-19T12:16:03+00:00","description":"\u0160\u012b divst\u0101vu b\u0113rnu gulta ir izgatavota no dab\u012bga koka un apr\u012bkota ar k\u0101pn\u0113m, kuru katrs solis ir \u0113rta uzglab\u0101\u0161anas kaste. Aug\u0161\u0113jais l\u012bmenis ir dro\u0161i aizsarg\u0101ts...","breadcrumb":{"@id":"https:\/\/brilune.eu\/lv\/product\/divstavu-gulta-ar-kapnem\/#breadcrumb"},"inLanguage":"lv-LV","potentialAction":[{"@type":"ReadAction","target":["https:\/\/brilune.eu\/lv\/product\/divstavu-gulta-ar-kapnem\/"]}]},{"@type":"ImageObject","inLanguage":"lv-LV","@id":"https:\/\/brilune.eu\/lv\/product\/divstavu-gulta-ar-kapnem\/#primaryimage","url":"https:\/\/brilune.eu\/wp-content\/uploads\/2025\/01\/11488272.jpg","contentUrl":"https:\/\/brilune.eu\/wp-content\/uploads\/2025\/01\/11488272.jpg","width":1500,"height":1500},{"@type":"BreadcrumbList","@id":"https:\/\/brilune.eu\/lv\/product\/divstavu-gulta-ar-kapnem\/#breadcrumb","itemListElement":[{"@type":"ListItem","position":1,"name":"S\u0101kums","item":"https:\/\/brilune.eu\/lv\/brilune-mebeles\/"},{"@type":"ListItem","position":2,"name":"Visi produkti","item":"https:\/\/brilune.eu\/lv\/shop\/"},{"@type":"ListItem","position":3,"name":"Divst\u0101vu gulta ar k\u0101pn\u0113m"}]},{"@type":"WebSite","@id":"https:\/\/brilune.eu\/lv\/#website","url":"https:\/\/brilune.eu\/lv\/","name":"Brilune","description":"M\u0113s pied\u0101v\u0101jam unik\u0101lus un nebiju\u0161us dizainus, kas apvieno eleganci, funkcionalit\u0101ti un rado\u0161umu.","potentialAction":[{"@type":"SearchAction","target":{"@type":"EntryPoint","urlTemplate":"https:\/\/brilune.eu\/lv\/?s={search_term_string}"},"query-input":{"@type":"PropertyValueSpecification","valueRequired":true,"valueName":"search_term_string"}}],"inLanguage":"lv-LV"}]}},"jetpack_sharing_enabled":true,"_links":{"self":[{"href":"https:\/\/brilune.eu\/lv\/wp-json\/wp\/v2\/product\/40571","targetHints":{"allow":["GET"]}}],"collection":[{"href":"https:\/\/brilune.eu\/lv\/wp-json\/wp\/v2\/product"}],"about":[{"href":"https:\/\/brilune.eu\/lv\/wp-json\/wp\/v2\/types\/product"}],"replies":[{"embeddable":true,"href":"https:\/\/brilune.eu\/lv\/wp-json\/wp\/v2\/comments?post=40571"}],"version-history":[{"count":1,"href":"https:\/\/brilune.eu\/lv\/wp-json\/wp\/v2\/product\/40571\/revisions"}],"predecessor-version":[{"id":40621,"href":"https:\/\/brilune.eu\/lv\/wp-json\/wp\/v2\/product\/40571\/revisions\/40621"}],"wp:featuredmedia":[{"embeddable":true,"href":"https:\/\/brilune.eu\/lv\/wp-json\/wp\/v2\/media\/13711"}],"wp:attachment":[{"href":"https:\/\/brilune.eu\/lv\/wp-json\/wp\/v2\/media?parent=40571"}],"wp:term":[{"taxonomy":"product_brand","embeddable":true,"href":"https:\/\/brilune.eu\/lv\/wp-json\/wp\/v2\/product_brand?post=40571"},{"taxonomy":"product_cat","embeddable":true,"href":"https:\/\/brilune.eu\/lv\/wp-json\/wp\/v2\/product_cat?post=40571"},{"taxonomy":"product_tag","embeddable":true,"href":"https:\/\/brilune.eu\/lv\/wp-json\/wp\/v2\/product_tag?post=40571"}],"curies":[{"name":"wp","href":"https:\/\/api.w.org\/{rel}","templated":true}]}}