{"id":40541,"date":"2025-02-19T13:59:42","date_gmt":"2025-02-19T11:59:42","guid":{"rendered":"https:\/\/brilune.eu\/?post_type=product&#038;p=40541"},"modified":"2025-02-19T14:15:51","modified_gmt":"2025-02-19T12:15:51","slug":"divstavu-bernu-gulta-ar-matraci-3","status":"publish","type":"product","link":"https:\/\/brilune.eu\/lv\/product\/divstavu-bernu-gulta-ar-matraci-3\/","title":{"rendered":"Divst\u0101vu b\u0113rnu gulta ar matraci"},"content":{"rendered":"<p>\u0160\u012b \u0113rt\u0101 un stil\u012bg\u0101 b\u0113rnu b\u0113ni\u0146u gulta dab\u012bg\u0101 koka kr\u0101s\u0101 ir lielisks risin\u0101jums telpas organiz\u0113\u0161anai b\u0113rnu istab\u0101. Tas ir apr\u012bkots ar ieb\u016bv\u0113tu gr\u0101matu plauktu, kas pal\u012bdz visu sak\u0101rtot un pa rokai. Aug\u0161\u0113j\u0101 l\u012bmen\u012b ir \u0113rtas k\u0101pnes dro\u0161ai k\u0101p\u0161anai un aizsarg\u0101jo\u0161as malas b\u0113rna dro\u0161\u012bbai. Zem galven\u0101s divst\u0101vu atrodas otra gulta, k\u0101 ar\u012b divas atvilktnes uzglab\u0101\u0161anai, kas \u013cauj efekt\u012bvi izmantot telpu un sak\u0101rtot lietas. Komplekt\u0101 ietilpst matracis ar biezumu 15 cm, kas nodro\u0161in\u0101s \u0113rtu atp\u016btu.<\/p>\n<p>Izm\u0113rs: 212x127x170 cm<br \/>\nMateri\u0101ls: koks (priede)<\/p>\n","protected":false},"excerpt":{"rendered":"<p>\u0160\u012b \u0113rt\u0101 un stil\u012bg\u0101 b\u0113rnu b\u0113ni\u0146u gulta dab\u012bg\u0101 koka kr\u0101s\u0101 ir lielisks risin\u0101jums telpas organiz\u0113\u0161anai b\u0113rnu istab\u0101. Tas ir apr\u012bkots ar bu&#8230;<\/p>\n","protected":false},"featured_media":13669,"comment_status":"open","ping_status":"closed","template":"","meta":[],"product_brand":[],"product_cat":[2987],"product_tag":[],"class_list":{"0":"post-40541","1":"product","2":"type-product","3":"status-publish","4":"has-post-thumbnail","6":"product_cat-bernu-gultas-gultas-3","8":"first","9":"instock","10":"shipping-taxable","11":"purchasable","12":"product-type-simple"},"yoast_head":"<!-- This site is optimized with the Yoast SEO plugin v26.0 - https:\/\/yoast.com\/wordpress\/plugins\/seo\/ -->\n<title>Divst\u0101vu b\u0113rnu gulta ar matraci<\/title>\n<meta name=\"description\" content=\"\u0160\u012b \u0113rt\u0101 un stil\u012bg\u0101 b\u0113rnu b\u0113ni\u0146u gulta dab\u012bg\u0101 koka kr\u0101s\u0101 ir lielisks risin\u0101jums telpas organiz\u0113\u0161anai b\u0113rnu istab\u0101. Tas ir apr\u012bkots ar bu...\" \/>\n<meta name=\"robots\" content=\"index, follow, max-snippet:-1, max-image-preview:large, max-video-preview:-1\" \/>\n<link rel=\"canonical\" href=\"https:\/\/brilune.eu\/lv\/product\/divstavu-bernu-gulta-ar-matraci-3\/\" \/>\n<meta property=\"og:locale\" content=\"lv_LV\" \/>\n<meta property=\"og:type\" content=\"article\" \/>\n<meta property=\"og:title\" content=\"Divst\u0101vu b\u0113rnu gulta ar matraci\" \/>\n<meta property=\"og:description\" content=\"\u0160\u012b \u0113rt\u0101 un stil\u012bg\u0101 b\u0113rnu b\u0113ni\u0146u gulta dab\u012bg\u0101 koka kr\u0101s\u0101 ir lielisks risin\u0101jums telpas organiz\u0113\u0161anai b\u0113rnu istab\u0101. Tas ir apr\u012bkots ar bu...\" \/>\n<meta property=\"og:url\" content=\"https:\/\/brilune.eu\/lv\/product\/divstavu-bernu-gulta-ar-matraci-3\/\" \/>\n<meta property=\"og:site_name\" content=\"Brilune\" \/>\n<meta property=\"article:modified_time\" content=\"2025-02-19T12:15:51+00:00\" \/>\n<meta property=\"og:image\" content=\"https:\/\/brilune.eu\/wp-content\/uploads\/2025\/01\/6268258.jpg\" \/>\n\t<meta property=\"og:image:width\" content=\"1500\" \/>\n\t<meta property=\"og:image:height\" content=\"1500\" \/>\n\t<meta property=\"og:image:type\" content=\"image\/jpeg\" \/>\n<meta name=\"twitter:card\" content=\"summary_large_image\" \/>\n<meta name=\"twitter:label1\" content=\"Est. reading time\" \/>\n\t<meta name=\"twitter:data1\" content=\"1 minute\" \/>\n<script type=\"application\/ld+json\" class=\"yoast-schema-graph\">{\"@context\":\"https:\/\/schema.org\",\"@graph\":[{\"@type\":\"WebPage\",\"@id\":\"https:\/\/brilune.eu\/lv\/product\/divstavu-bernu-gulta-ar-matraci-3\/\",\"url\":\"https:\/\/brilune.eu\/lv\/product\/divstavu-bernu-gulta-ar-matraci-3\/\",\"name\":\"Divst\u0101vu b\u0113rnu gulta ar matraci\",\"isPartOf\":{\"@id\":\"https:\/\/brilune.eu\/lv\/#website\"},\"primaryImageOfPage\":{\"@id\":\"https:\/\/brilune.eu\/lv\/product\/divstavu-bernu-gulta-ar-matraci-3\/#primaryimage\"},\"image\":{\"@id\":\"https:\/\/brilune.eu\/lv\/product\/divstavu-bernu-gulta-ar-matraci-3\/#primaryimage\"},\"thumbnailUrl\":\"https:\/\/brilune.eu\/wp-content\/uploads\/2025\/01\/6268258.jpg\",\"datePublished\":\"2025-02-19T11:59:42+00:00\",\"dateModified\":\"2025-02-19T12:15:51+00:00\",\"description\":\"\u0160\u012b \u0113rt\u0101 un stil\u012bg\u0101 b\u0113rnu b\u0113ni\u0146u gulta dab\u012bg\u0101 koka kr\u0101s\u0101 ir lielisks risin\u0101jums telpas organiz\u0113\u0161anai b\u0113rnu istab\u0101. Tas ir apr\u012bkots ar bu...\",\"breadcrumb\":{\"@id\":\"https:\/\/brilune.eu\/lv\/product\/divstavu-bernu-gulta-ar-matraci-3\/#breadcrumb\"},\"inLanguage\":\"lv-LV\",\"potentialAction\":[{\"@type\":\"ReadAction\",\"target\":[\"https:\/\/brilune.eu\/lv\/product\/divstavu-bernu-gulta-ar-matraci-3\/\"]}]},{\"@type\":\"ImageObject\",\"inLanguage\":\"lv-LV\",\"@id\":\"https:\/\/brilune.eu\/lv\/product\/divstavu-bernu-gulta-ar-matraci-3\/#primaryimage\",\"url\":\"https:\/\/brilune.eu\/wp-content\/uploads\/2025\/01\/6268258.jpg\",\"contentUrl\":\"https:\/\/brilune.eu\/wp-content\/uploads\/2025\/01\/6268258.jpg\",\"width\":1500,\"height\":1500},{\"@type\":\"BreadcrumbList\",\"@id\":\"https:\/\/brilune.eu\/lv\/product\/divstavu-bernu-gulta-ar-matraci-3\/#breadcrumb\",\"itemListElement\":[{\"@type\":\"ListItem\",\"position\":1,\"name\":\"S\u0101kums\",\"item\":\"https:\/\/brilune.eu\/lv\/brilune-mebeles\/\"},{\"@type\":\"ListItem\",\"position\":2,\"name\":\"Visi produkti\",\"item\":\"https:\/\/brilune.eu\/lv\/shop\/\"},{\"@type\":\"ListItem\",\"position\":3,\"name\":\"Divst\u0101vu b\u0113rnu gulta ar matraci\"}]},{\"@type\":\"WebSite\",\"@id\":\"https:\/\/brilune.eu\/lv\/#website\",\"url\":\"https:\/\/brilune.eu\/lv\/\",\"name\":\"Brilune\",\"description\":\"M\u0113s pied\u0101v\u0101jam unik\u0101lus un nebiju\u0161us dizainus, kas apvieno eleganci, funkcionalit\u0101ti un rado\u0161umu.\",\"potentialAction\":[{\"@type\":\"SearchAction\",\"target\":{\"@type\":\"EntryPoint\",\"urlTemplate\":\"https:\/\/brilune.eu\/lv\/?s={search_term_string}\"},\"query-input\":{\"@type\":\"PropertyValueSpecification\",\"valueRequired\":true,\"valueName\":\"search_term_string\"}}],\"inLanguage\":\"lv-LV\"}]}<\/script>\n<!-- \/ Yoast SEO plugin. -->","yoast_head_json":{"title":"Divst\u0101vu b\u0113rnu gulta ar matraci","description":"\u0160\u012b \u0113rt\u0101 un stil\u012bg\u0101 b\u0113rnu b\u0113ni\u0146u gulta dab\u012bg\u0101 koka kr\u0101s\u0101 ir lielisks risin\u0101jums telpas organiz\u0113\u0161anai b\u0113rnu istab\u0101. Tas ir apr\u012bkots ar bu...","robots":{"index":"index","follow":"follow","max-snippet":"max-snippet:-1","max-image-preview":"max-image-preview:large","max-video-preview":"max-video-preview:-1"},"canonical":"https:\/\/brilune.eu\/lv\/product\/divstavu-bernu-gulta-ar-matraci-3\/","og_locale":"lv_LV","og_type":"article","og_title":"Divst\u0101vu b\u0113rnu gulta ar matraci","og_description":"\u0160\u012b \u0113rt\u0101 un stil\u012bg\u0101 b\u0113rnu b\u0113ni\u0146u gulta dab\u012bg\u0101 koka kr\u0101s\u0101 ir lielisks risin\u0101jums telpas organiz\u0113\u0161anai b\u0113rnu istab\u0101. Tas ir apr\u012bkots ar bu...","og_url":"https:\/\/brilune.eu\/lv\/product\/divstavu-bernu-gulta-ar-matraci-3\/","og_site_name":"Brilune","article_modified_time":"2025-02-19T12:15:51+00:00","og_image":[{"width":1500,"height":1500,"url":"https:\/\/brilune.eu\/wp-content\/uploads\/2025\/01\/6268258.jpg","type":"image\/jpeg"}],"twitter_card":"summary_large_image","twitter_misc":{"Est. reading time":"1 minute"},"schema":{"@context":"https:\/\/schema.org","@graph":[{"@type":"WebPage","@id":"https:\/\/brilune.eu\/lv\/product\/divstavu-bernu-gulta-ar-matraci-3\/","url":"https:\/\/brilune.eu\/lv\/product\/divstavu-bernu-gulta-ar-matraci-3\/","name":"Divst\u0101vu b\u0113rnu gulta ar matraci","isPartOf":{"@id":"https:\/\/brilune.eu\/lv\/#website"},"primaryImageOfPage":{"@id":"https:\/\/brilune.eu\/lv\/product\/divstavu-bernu-gulta-ar-matraci-3\/#primaryimage"},"image":{"@id":"https:\/\/brilune.eu\/lv\/product\/divstavu-bernu-gulta-ar-matraci-3\/#primaryimage"},"thumbnailUrl":"https:\/\/brilune.eu\/wp-content\/uploads\/2025\/01\/6268258.jpg","datePublished":"2025-02-19T11:59:42+00:00","dateModified":"2025-02-19T12:15:51+00:00","description":"\u0160\u012b \u0113rt\u0101 un stil\u012bg\u0101 b\u0113rnu b\u0113ni\u0146u gulta dab\u012bg\u0101 koka kr\u0101s\u0101 ir lielisks risin\u0101jums telpas organiz\u0113\u0161anai b\u0113rnu istab\u0101. Tas ir apr\u012bkots ar bu...","breadcrumb":{"@id":"https:\/\/brilune.eu\/lv\/product\/divstavu-bernu-gulta-ar-matraci-3\/#breadcrumb"},"inLanguage":"lv-LV","potentialAction":[{"@type":"ReadAction","target":["https:\/\/brilune.eu\/lv\/product\/divstavu-bernu-gulta-ar-matraci-3\/"]}]},{"@type":"ImageObject","inLanguage":"lv-LV","@id":"https:\/\/brilune.eu\/lv\/product\/divstavu-bernu-gulta-ar-matraci-3\/#primaryimage","url":"https:\/\/brilune.eu\/wp-content\/uploads\/2025\/01\/6268258.jpg","contentUrl":"https:\/\/brilune.eu\/wp-content\/uploads\/2025\/01\/6268258.jpg","width":1500,"height":1500},{"@type":"BreadcrumbList","@id":"https:\/\/brilune.eu\/lv\/product\/divstavu-bernu-gulta-ar-matraci-3\/#breadcrumb","itemListElement":[{"@type":"ListItem","position":1,"name":"S\u0101kums","item":"https:\/\/brilune.eu\/lv\/brilune-mebeles\/"},{"@type":"ListItem","position":2,"name":"Visi produkti","item":"https:\/\/brilune.eu\/lv\/shop\/"},{"@type":"ListItem","position":3,"name":"Divst\u0101vu b\u0113rnu gulta ar matraci"}]},{"@type":"WebSite","@id":"https:\/\/brilune.eu\/lv\/#website","url":"https:\/\/brilune.eu\/lv\/","name":"Brilune","description":"M\u0113s pied\u0101v\u0101jam unik\u0101lus un nebiju\u0161us dizainus, kas apvieno eleganci, funkcionalit\u0101ti un rado\u0161umu.","potentialAction":[{"@type":"SearchAction","target":{"@type":"EntryPoint","urlTemplate":"https:\/\/brilune.eu\/lv\/?s={search_term_string}"},"query-input":{"@type":"PropertyValueSpecification","valueRequired":true,"valueName":"search_term_string"}}],"inLanguage":"lv-LV"}]}},"jetpack_sharing_enabled":true,"_links":{"self":[{"href":"https:\/\/brilune.eu\/lv\/wp-json\/wp\/v2\/product\/40541","targetHints":{"allow":["GET"]}}],"collection":[{"href":"https:\/\/brilune.eu\/lv\/wp-json\/wp\/v2\/product"}],"about":[{"href":"https:\/\/brilune.eu\/lv\/wp-json\/wp\/v2\/types\/product"}],"replies":[{"embeddable":true,"href":"https:\/\/brilune.eu\/lv\/wp-json\/wp\/v2\/comments?post=40541"}],"version-history":[{"count":1,"href":"https:\/\/brilune.eu\/lv\/wp-json\/wp\/v2\/product\/40541\/revisions"}],"predecessor-version":[{"id":40583,"href":"https:\/\/brilune.eu\/lv\/wp-json\/wp\/v2\/product\/40541\/revisions\/40583"}],"wp:featuredmedia":[{"embeddable":true,"href":"https:\/\/brilune.eu\/lv\/wp-json\/wp\/v2\/media\/13669"}],"wp:attachment":[{"href":"https:\/\/brilune.eu\/lv\/wp-json\/wp\/v2\/media?parent=40541"}],"wp:term":[{"taxonomy":"product_brand","embeddable":true,"href":"https:\/\/brilune.eu\/lv\/wp-json\/wp\/v2\/product_brand?post=40541"},{"taxonomy":"product_cat","embeddable":true,"href":"https:\/\/brilune.eu\/lv\/wp-json\/wp\/v2\/product_cat?post=40541"},{"taxonomy":"product_tag","embeddable":true,"href":"https:\/\/brilune.eu\/lv\/wp-json\/wp\/v2\/product_tag?post=40541"}],"curies":[{"name":"wp","href":"https:\/\/api.w.org\/{rel}","templated":true}]}}