{"id":40526,"date":"2025-02-19T13:59:18","date_gmt":"2025-02-19T11:59:18","guid":{"rendered":"https:\/\/brilune.eu\/?post_type=product&#038;p=40526"},"modified":"2025-02-19T14:15:47","modified_gmt":"2025-02-19T12:15:47","slug":"divstavu-bernu-gulta-ar-matraci-2","status":"publish","type":"product","link":"https:\/\/brilune.eu\/lv\/product\/divstavu-bernu-gulta-ar-matraci-2\/","title":{"rendered":"Divst\u0101vu b\u0113rnu gulta ar matraci"},"content":{"rendered":"<p>\u0160\u012b stil\u012bg\u0101 un funkcion\u0101l\u0101 b\u0113rnu b\u0113ni\u0146u gulta ar div\u0101m pilna izm\u0113ra gult\u0101m un ieb\u016bv\u0113tu gr\u0101matu plauktu ir lieliska izv\u0113le maz\u0101m telp\u0101m. Aug\u0161\u0113jai gultai ir aizsarg\u0101jo\u0161i s\u0101ni, k\u0101 ar\u012b \u0113rtas k\u0101pnes, kas \u013cauj b\u0113rnam viegli aizsniegt gu\u013camvietu. Lej\u0101 ir otra gulta un daudz vietas gr\u0101matu un rota\u013clietu uzglab\u0101\u0161anai. Pateicoties iztur\u012bgajai koka konstrukcijai un dabiskajai apdarei, \u0161is modelis ieder\u0113sies jebkur\u0101 interjer\u0101, pievienojot m\u0101j\u012bgumu un harmoniju. Komplekt\u0101 ietilpst matracis ar biezumu 15 cm, kas garant\u0113 \u0113rtu miegu.<\/p>\n<p>Izm\u0113rs: 212x157x170 cm<br \/>\nMateri\u0101ls: koks (priede)<\/p>\n","protected":false},"excerpt":{"rendered":"<p>\u0160\u012b stil\u012bg\u0101 un funkcion\u0101l\u0101 b\u0113rnu b\u0113ni\u0146u gulta ar div\u0101m pilna izm\u0113ra gult\u0101m un ieb\u016bv\u0113tu gr\u0101matu plauktu ir lieliska izv\u0113le maz\u0101m telp\u0101m. Aug\u0161\u0113j\u0101 gult\u0101 ir aizsarg&#8230;<\/p>\n","protected":false},"featured_media":13643,"comment_status":"open","ping_status":"closed","template":"","meta":[],"product_brand":[],"product_cat":[2987],"product_tag":[],"class_list":{"0":"post-40526","1":"product","2":"type-product","3":"status-publish","4":"has-post-thumbnail","6":"product_cat-bernu-gultas-gultas-3","8":"first","9":"instock","10":"shipping-taxable","11":"purchasable","12":"product-type-simple"},"yoast_head":"<!-- This site is optimized with the Yoast SEO plugin v26.0 - https:\/\/yoast.com\/wordpress\/plugins\/seo\/ -->\n<title>Divst\u0101vu b\u0113rnu gulta ar matraci<\/title>\n<meta name=\"description\" content=\"\u0160\u012b stil\u012bg\u0101 un funkcion\u0101l\u0101 b\u0113rnu b\u0113ni\u0146u gulta ar div\u0101m pilna izm\u0113ra gult\u0101m un ieb\u016bv\u0113tu gr\u0101matu plauktu ir lieliska izv\u0113le maz\u0101m telp\u0101m. Aug\u0161\u0113j\u0101 gult\u0101 ir aizsarg...\" \/>\n<meta name=\"robots\" content=\"index, follow, max-snippet:-1, max-image-preview:large, max-video-preview:-1\" \/>\n<link rel=\"canonical\" href=\"https:\/\/brilune.eu\/lv\/product\/divstavu-bernu-gulta-ar-matraci-2\/\" \/>\n<meta property=\"og:locale\" content=\"lv_LV\" \/>\n<meta property=\"og:type\" content=\"article\" \/>\n<meta property=\"og:title\" content=\"Divst\u0101vu b\u0113rnu gulta ar matraci\" \/>\n<meta property=\"og:description\" content=\"\u0160\u012b stil\u012bg\u0101 un funkcion\u0101l\u0101 b\u0113rnu b\u0113ni\u0146u gulta ar div\u0101m pilna izm\u0113ra gult\u0101m un ieb\u016bv\u0113tu gr\u0101matu plauktu ir lieliska izv\u0113le maz\u0101m telp\u0101m. Aug\u0161\u0113j\u0101 gult\u0101 ir aizsarg...\" \/>\n<meta property=\"og:url\" content=\"https:\/\/brilune.eu\/lv\/product\/divstavu-bernu-gulta-ar-matraci-2\/\" \/>\n<meta property=\"og:site_name\" content=\"Brilune\" \/>\n<meta property=\"article:modified_time\" content=\"2025-02-19T12:15:47+00:00\" \/>\n<meta property=\"og:image\" content=\"https:\/\/brilune.eu\/wp-content\/uploads\/2025\/01\/6268249.jpg\" \/>\n\t<meta property=\"og:image:width\" content=\"1500\" \/>\n\t<meta property=\"og:image:height\" content=\"1500\" \/>\n\t<meta property=\"og:image:type\" content=\"image\/jpeg\" \/>\n<meta name=\"twitter:card\" content=\"summary_large_image\" \/>\n<meta name=\"twitter:label1\" content=\"Est. reading time\" \/>\n\t<meta name=\"twitter:data1\" content=\"1 minute\" \/>\n<script type=\"application\/ld+json\" class=\"yoast-schema-graph\">{\"@context\":\"https:\/\/schema.org\",\"@graph\":[{\"@type\":\"WebPage\",\"@id\":\"https:\/\/brilune.eu\/lv\/product\/divstavu-bernu-gulta-ar-matraci-2\/\",\"url\":\"https:\/\/brilune.eu\/lv\/product\/divstavu-bernu-gulta-ar-matraci-2\/\",\"name\":\"Divst\u0101vu b\u0113rnu gulta ar matraci\",\"isPartOf\":{\"@id\":\"https:\/\/brilune.eu\/lv\/#website\"},\"primaryImageOfPage\":{\"@id\":\"https:\/\/brilune.eu\/lv\/product\/divstavu-bernu-gulta-ar-matraci-2\/#primaryimage\"},\"image\":{\"@id\":\"https:\/\/brilune.eu\/lv\/product\/divstavu-bernu-gulta-ar-matraci-2\/#primaryimage\"},\"thumbnailUrl\":\"https:\/\/brilune.eu\/wp-content\/uploads\/2025\/01\/6268249.jpg\",\"datePublished\":\"2025-02-19T11:59:18+00:00\",\"dateModified\":\"2025-02-19T12:15:47+00:00\",\"description\":\"\u0160\u012b stil\u012bg\u0101 un funkcion\u0101l\u0101 b\u0113rnu b\u0113ni\u0146u gulta ar div\u0101m pilna izm\u0113ra gult\u0101m un ieb\u016bv\u0113tu gr\u0101matu plauktu ir lieliska izv\u0113le maz\u0101m telp\u0101m. Aug\u0161\u0113j\u0101 gult\u0101 ir aizsarg...\",\"breadcrumb\":{\"@id\":\"https:\/\/brilune.eu\/lv\/product\/divstavu-bernu-gulta-ar-matraci-2\/#breadcrumb\"},\"inLanguage\":\"lv-LV\",\"potentialAction\":[{\"@type\":\"ReadAction\",\"target\":[\"https:\/\/brilune.eu\/lv\/product\/divstavu-bernu-gulta-ar-matraci-2\/\"]}]},{\"@type\":\"ImageObject\",\"inLanguage\":\"lv-LV\",\"@id\":\"https:\/\/brilune.eu\/lv\/product\/divstavu-bernu-gulta-ar-matraci-2\/#primaryimage\",\"url\":\"https:\/\/brilune.eu\/wp-content\/uploads\/2025\/01\/6268249.jpg\",\"contentUrl\":\"https:\/\/brilune.eu\/wp-content\/uploads\/2025\/01\/6268249.jpg\",\"width\":1500,\"height\":1500},{\"@type\":\"BreadcrumbList\",\"@id\":\"https:\/\/brilune.eu\/lv\/product\/divstavu-bernu-gulta-ar-matraci-2\/#breadcrumb\",\"itemListElement\":[{\"@type\":\"ListItem\",\"position\":1,\"name\":\"S\u0101kums\",\"item\":\"https:\/\/brilune.eu\/lv\/brilune-mebeles\/\"},{\"@type\":\"ListItem\",\"position\":2,\"name\":\"Visi produkti\",\"item\":\"https:\/\/brilune.eu\/lv\/shop\/\"},{\"@type\":\"ListItem\",\"position\":3,\"name\":\"Divst\u0101vu b\u0113rnu gulta ar matraci\"}]},{\"@type\":\"WebSite\",\"@id\":\"https:\/\/brilune.eu\/lv\/#website\",\"url\":\"https:\/\/brilune.eu\/lv\/\",\"name\":\"Brilune\",\"description\":\"M\u0113s pied\u0101v\u0101jam unik\u0101lus un nebiju\u0161us dizainus, kas apvieno eleganci, funkcionalit\u0101ti un rado\u0161umu.\",\"potentialAction\":[{\"@type\":\"SearchAction\",\"target\":{\"@type\":\"EntryPoint\",\"urlTemplate\":\"https:\/\/brilune.eu\/lv\/?s={search_term_string}\"},\"query-input\":{\"@type\":\"PropertyValueSpecification\",\"valueRequired\":true,\"valueName\":\"search_term_string\"}}],\"inLanguage\":\"lv-LV\"}]}<\/script>\n<!-- \/ Yoast SEO plugin. -->","yoast_head_json":{"title":"Divst\u0101vu b\u0113rnu gulta ar matraci","description":"\u0160\u012b stil\u012bg\u0101 un funkcion\u0101l\u0101 b\u0113rnu b\u0113ni\u0146u gulta ar div\u0101m pilna izm\u0113ra gult\u0101m un ieb\u016bv\u0113tu gr\u0101matu plauktu ir lieliska izv\u0113le maz\u0101m telp\u0101m. Aug\u0161\u0113j\u0101 gult\u0101 ir aizsarg...","robots":{"index":"index","follow":"follow","max-snippet":"max-snippet:-1","max-image-preview":"max-image-preview:large","max-video-preview":"max-video-preview:-1"},"canonical":"https:\/\/brilune.eu\/lv\/product\/divstavu-bernu-gulta-ar-matraci-2\/","og_locale":"lv_LV","og_type":"article","og_title":"Divst\u0101vu b\u0113rnu gulta ar matraci","og_description":"\u0160\u012b stil\u012bg\u0101 un funkcion\u0101l\u0101 b\u0113rnu b\u0113ni\u0146u gulta ar div\u0101m pilna izm\u0113ra gult\u0101m un ieb\u016bv\u0113tu gr\u0101matu plauktu ir lieliska izv\u0113le maz\u0101m telp\u0101m. Aug\u0161\u0113j\u0101 gult\u0101 ir aizsarg...","og_url":"https:\/\/brilune.eu\/lv\/product\/divstavu-bernu-gulta-ar-matraci-2\/","og_site_name":"Brilune","article_modified_time":"2025-02-19T12:15:47+00:00","og_image":[{"width":1500,"height":1500,"url":"https:\/\/brilune.eu\/wp-content\/uploads\/2025\/01\/6268249.jpg","type":"image\/jpeg"}],"twitter_card":"summary_large_image","twitter_misc":{"Est. reading time":"1 minute"},"schema":{"@context":"https:\/\/schema.org","@graph":[{"@type":"WebPage","@id":"https:\/\/brilune.eu\/lv\/product\/divstavu-bernu-gulta-ar-matraci-2\/","url":"https:\/\/brilune.eu\/lv\/product\/divstavu-bernu-gulta-ar-matraci-2\/","name":"Divst\u0101vu b\u0113rnu gulta ar matraci","isPartOf":{"@id":"https:\/\/brilune.eu\/lv\/#website"},"primaryImageOfPage":{"@id":"https:\/\/brilune.eu\/lv\/product\/divstavu-bernu-gulta-ar-matraci-2\/#primaryimage"},"image":{"@id":"https:\/\/brilune.eu\/lv\/product\/divstavu-bernu-gulta-ar-matraci-2\/#primaryimage"},"thumbnailUrl":"https:\/\/brilune.eu\/wp-content\/uploads\/2025\/01\/6268249.jpg","datePublished":"2025-02-19T11:59:18+00:00","dateModified":"2025-02-19T12:15:47+00:00","description":"\u0160\u012b stil\u012bg\u0101 un funkcion\u0101l\u0101 b\u0113rnu b\u0113ni\u0146u gulta ar div\u0101m pilna izm\u0113ra gult\u0101m un ieb\u016bv\u0113tu gr\u0101matu plauktu ir lieliska izv\u0113le maz\u0101m telp\u0101m. Aug\u0161\u0113j\u0101 gult\u0101 ir aizsarg...","breadcrumb":{"@id":"https:\/\/brilune.eu\/lv\/product\/divstavu-bernu-gulta-ar-matraci-2\/#breadcrumb"},"inLanguage":"lv-LV","potentialAction":[{"@type":"ReadAction","target":["https:\/\/brilune.eu\/lv\/product\/divstavu-bernu-gulta-ar-matraci-2\/"]}]},{"@type":"ImageObject","inLanguage":"lv-LV","@id":"https:\/\/brilune.eu\/lv\/product\/divstavu-bernu-gulta-ar-matraci-2\/#primaryimage","url":"https:\/\/brilune.eu\/wp-content\/uploads\/2025\/01\/6268249.jpg","contentUrl":"https:\/\/brilune.eu\/wp-content\/uploads\/2025\/01\/6268249.jpg","width":1500,"height":1500},{"@type":"BreadcrumbList","@id":"https:\/\/brilune.eu\/lv\/product\/divstavu-bernu-gulta-ar-matraci-2\/#breadcrumb","itemListElement":[{"@type":"ListItem","position":1,"name":"S\u0101kums","item":"https:\/\/brilune.eu\/lv\/brilune-mebeles\/"},{"@type":"ListItem","position":2,"name":"Visi produkti","item":"https:\/\/brilune.eu\/lv\/shop\/"},{"@type":"ListItem","position":3,"name":"Divst\u0101vu b\u0113rnu gulta ar matraci"}]},{"@type":"WebSite","@id":"https:\/\/brilune.eu\/lv\/#website","url":"https:\/\/brilune.eu\/lv\/","name":"Brilune","description":"M\u0113s pied\u0101v\u0101jam unik\u0101lus un nebiju\u0161us dizainus, kas apvieno eleganci, funkcionalit\u0101ti un rado\u0161umu.","potentialAction":[{"@type":"SearchAction","target":{"@type":"EntryPoint","urlTemplate":"https:\/\/brilune.eu\/lv\/?s={search_term_string}"},"query-input":{"@type":"PropertyValueSpecification","valueRequired":true,"valueName":"search_term_string"}}],"inLanguage":"lv-LV"}]}},"jetpack_sharing_enabled":true,"_links":{"self":[{"href":"https:\/\/brilune.eu\/lv\/wp-json\/wp\/v2\/product\/40526","targetHints":{"allow":["GET"]}}],"collection":[{"href":"https:\/\/brilune.eu\/lv\/wp-json\/wp\/v2\/product"}],"about":[{"href":"https:\/\/brilune.eu\/lv\/wp-json\/wp\/v2\/types\/product"}],"replies":[{"embeddable":true,"href":"https:\/\/brilune.eu\/lv\/wp-json\/wp\/v2\/comments?post=40526"}],"version-history":[{"count":1,"href":"https:\/\/brilune.eu\/lv\/wp-json\/wp\/v2\/product\/40526\/revisions"}],"predecessor-version":[{"id":40580,"href":"https:\/\/brilune.eu\/lv\/wp-json\/wp\/v2\/product\/40526\/revisions\/40580"}],"wp:featuredmedia":[{"embeddable":true,"href":"https:\/\/brilune.eu\/lv\/wp-json\/wp\/v2\/media\/13643"}],"wp:attachment":[{"href":"https:\/\/brilune.eu\/lv\/wp-json\/wp\/v2\/media?parent=40526"}],"wp:term":[{"taxonomy":"product_brand","embeddable":true,"href":"https:\/\/brilune.eu\/lv\/wp-json\/wp\/v2\/product_brand?post=40526"},{"taxonomy":"product_cat","embeddable":true,"href":"https:\/\/brilune.eu\/lv\/wp-json\/wp\/v2\/product_cat?post=40526"},{"taxonomy":"product_tag","embeddable":true,"href":"https:\/\/brilune.eu\/lv\/wp-json\/wp\/v2\/product_tag?post=40526"}],"curies":[{"name":"wp","href":"https:\/\/api.w.org\/{rel}","templated":true}]}}