{"id":40499,"date":"2025-02-19T13:58:50","date_gmt":"2025-02-19T11:58:50","guid":{"rendered":"https:\/\/brilune.eu\/?post_type=product&#038;p=40499"},"modified":"2025-02-19T14:15:39","modified_gmt":"2025-02-19T12:15:39","slug":"bernu-gulta-2","status":"publish","type":"product","link":"https:\/\/brilune.eu\/lv\/product\/bernu-gulta-2\/","title":{"rendered":"B\u0113rnu gulta"},"content":{"rendered":"<p>Pla\u0161a b\u0113rnu gulta ar galvgali liela balta un roz\u0101 za\u0137a form\u0101 ir ide\u0101li piem\u0113rota b\u0113rniem, kuri nov\u0113rt\u0113 komfortu un stilu. No iztur\u012bgiem materi\u0101liem izgatavots r\u0101mis un m\u012bksta m\u0101ksl\u012bg\u0101s \u0101das apdare rada dro\u0161u un \u0113rtu gul\u0113\u0161anas vietu. Gulta pie\u0161\u0137irs interjeram spilgtus akcentus un lieliski ieder\u0113sies b\u0113rnu istab\u0101. <\/p>\n<p>Izm\u0113ri: 202x150x177 cm.<br \/>\nMateri\u0101ls: koks, m\u0101ksl\u012bg\u0101s \u0101das apdare, s\u016bk\u013ca pild\u012bjums.<\/p>\n","protected":false},"excerpt":{"rendered":"<p>Pla\u0161a b\u0113rnu gulta ar galvgali liela balta un roz\u0101 za\u0137a form\u0101 ir ide\u0101li piem\u0113rota b\u0113rniem, kuri nov\u0113rt\u0113 komfortu un stilu. R\u0101mis izgatavots no iztur\u012bga&#8230;<\/p>\n","protected":false},"featured_media":13606,"comment_status":"open","ping_status":"closed","template":"","meta":[],"product_brand":[],"product_cat":[2987],"product_tag":[],"class_list":{"0":"post-40499","1":"product","2":"type-product","3":"status-publish","4":"has-post-thumbnail","6":"product_cat-bernu-gultas-gultas-3","8":"first","9":"instock","10":"shipping-taxable","11":"purchasable","12":"product-type-simple"},"yoast_head":"<!-- This site is optimized with the Yoast SEO plugin v26.0 - https:\/\/yoast.com\/wordpress\/plugins\/seo\/ -->\n<title>B\u0113rnu gulta<\/title>\n<meta name=\"description\" content=\"Pla\u0161a b\u0113rnu gulta ar galvgali liela balta un roz\u0101 za\u0137a form\u0101 ir ide\u0101li piem\u0113rota b\u0113rniem, kuri nov\u0113rt\u0113 komfortu un stilu. R\u0101mis izgatavots no iztur\u012bga...\" \/>\n<meta name=\"robots\" content=\"index, follow, max-snippet:-1, max-image-preview:large, max-video-preview:-1\" \/>\n<link rel=\"canonical\" href=\"https:\/\/brilune.eu\/lv\/product\/bernu-gulta-2\/\" \/>\n<meta property=\"og:locale\" content=\"lv_LV\" \/>\n<meta property=\"og:type\" content=\"article\" \/>\n<meta property=\"og:title\" content=\"B\u0113rnu gulta\" \/>\n<meta property=\"og:description\" content=\"Pla\u0161a b\u0113rnu gulta ar galvgali liela balta un roz\u0101 za\u0137a form\u0101 ir ide\u0101li piem\u0113rota b\u0113rniem, kuri nov\u0113rt\u0113 komfortu un stilu. R\u0101mis izgatavots no iztur\u012bga...\" \/>\n<meta property=\"og:url\" content=\"https:\/\/brilune.eu\/lv\/product\/bernu-gulta-2\/\" \/>\n<meta property=\"og:site_name\" content=\"Brilune\" \/>\n<meta property=\"article:modified_time\" content=\"2025-02-19T12:15:39+00:00\" \/>\n<meta property=\"og:image\" content=\"https:\/\/brilune.eu\/wp-content\/uploads\/2025\/01\/13549146.png\" \/>\n\t<meta property=\"og:image:width\" content=\"800\" \/>\n\t<meta property=\"og:image:height\" content=\"800\" \/>\n\t<meta property=\"og:image:type\" content=\"image\/png\" \/>\n<meta name=\"twitter:card\" content=\"summary_large_image\" \/>\n<script type=\"application\/ld+json\" class=\"yoast-schema-graph\">{\"@context\":\"https:\/\/schema.org\",\"@graph\":[{\"@type\":\"WebPage\",\"@id\":\"https:\/\/brilune.eu\/lv\/product\/bernu-gulta-2\/\",\"url\":\"https:\/\/brilune.eu\/lv\/product\/bernu-gulta-2\/\",\"name\":\"B\u0113rnu gulta\",\"isPartOf\":{\"@id\":\"https:\/\/brilune.eu\/lv\/#website\"},\"primaryImageOfPage\":{\"@id\":\"https:\/\/brilune.eu\/lv\/product\/bernu-gulta-2\/#primaryimage\"},\"image\":{\"@id\":\"https:\/\/brilune.eu\/lv\/product\/bernu-gulta-2\/#primaryimage\"},\"thumbnailUrl\":\"https:\/\/brilune.eu\/wp-content\/uploads\/2025\/01\/13549146.png\",\"datePublished\":\"2025-02-19T11:58:50+00:00\",\"dateModified\":\"2025-02-19T12:15:39+00:00\",\"description\":\"Pla\u0161a b\u0113rnu gulta ar galvgali liela balta un roz\u0101 za\u0137a form\u0101 ir ide\u0101li piem\u0113rota b\u0113rniem, kuri nov\u0113rt\u0113 komfortu un stilu. R\u0101mis izgatavots no iztur\u012bga...\",\"breadcrumb\":{\"@id\":\"https:\/\/brilune.eu\/lv\/product\/bernu-gulta-2\/#breadcrumb\"},\"inLanguage\":\"lv-LV\",\"potentialAction\":[{\"@type\":\"ReadAction\",\"target\":[\"https:\/\/brilune.eu\/lv\/product\/bernu-gulta-2\/\"]}]},{\"@type\":\"ImageObject\",\"inLanguage\":\"lv-LV\",\"@id\":\"https:\/\/brilune.eu\/lv\/product\/bernu-gulta-2\/#primaryimage\",\"url\":\"https:\/\/brilune.eu\/wp-content\/uploads\/2025\/01\/13549146.png\",\"contentUrl\":\"https:\/\/brilune.eu\/wp-content\/uploads\/2025\/01\/13549146.png\",\"width\":800,\"height\":800},{\"@type\":\"BreadcrumbList\",\"@id\":\"https:\/\/brilune.eu\/lv\/product\/bernu-gulta-2\/#breadcrumb\",\"itemListElement\":[{\"@type\":\"ListItem\",\"position\":1,\"name\":\"S\u0101kums\",\"item\":\"https:\/\/brilune.eu\/lv\/brilune-mebeles\/\"},{\"@type\":\"ListItem\",\"position\":2,\"name\":\"Visi produkti\",\"item\":\"https:\/\/brilune.eu\/lv\/shop\/\"},{\"@type\":\"ListItem\",\"position\":3,\"name\":\"B\u0113rnu gulta\"}]},{\"@type\":\"WebSite\",\"@id\":\"https:\/\/brilune.eu\/lv\/#website\",\"url\":\"https:\/\/brilune.eu\/lv\/\",\"name\":\"Brilune\",\"description\":\"M\u0113s pied\u0101v\u0101jam unik\u0101lus un nebiju\u0161us dizainus, kas apvieno eleganci, funkcionalit\u0101ti un rado\u0161umu.\",\"potentialAction\":[{\"@type\":\"SearchAction\",\"target\":{\"@type\":\"EntryPoint\",\"urlTemplate\":\"https:\/\/brilune.eu\/lv\/?s={search_term_string}\"},\"query-input\":{\"@type\":\"PropertyValueSpecification\",\"valueRequired\":true,\"valueName\":\"search_term_string\"}}],\"inLanguage\":\"lv-LV\"}]}<\/script>\n<!-- \/ Yoast SEO plugin. -->","yoast_head_json":{"title":"B\u0113rnu gulta","description":"Pla\u0161a b\u0113rnu gulta ar galvgali liela balta un roz\u0101 za\u0137a form\u0101 ir ide\u0101li piem\u0113rota b\u0113rniem, kuri nov\u0113rt\u0113 komfortu un stilu. R\u0101mis izgatavots no iztur\u012bga...","robots":{"index":"index","follow":"follow","max-snippet":"max-snippet:-1","max-image-preview":"max-image-preview:large","max-video-preview":"max-video-preview:-1"},"canonical":"https:\/\/brilune.eu\/lv\/product\/bernu-gulta-2\/","og_locale":"lv_LV","og_type":"article","og_title":"B\u0113rnu gulta","og_description":"Pla\u0161a b\u0113rnu gulta ar galvgali liela balta un roz\u0101 za\u0137a form\u0101 ir ide\u0101li piem\u0113rota b\u0113rniem, kuri nov\u0113rt\u0113 komfortu un stilu. R\u0101mis izgatavots no iztur\u012bga...","og_url":"https:\/\/brilune.eu\/lv\/product\/bernu-gulta-2\/","og_site_name":"Brilune","article_modified_time":"2025-02-19T12:15:39+00:00","og_image":[{"width":800,"height":800,"url":"https:\/\/brilune.eu\/wp-content\/uploads\/2025\/01\/13549146.png","type":"image\/png"}],"twitter_card":"summary_large_image","schema":{"@context":"https:\/\/schema.org","@graph":[{"@type":"WebPage","@id":"https:\/\/brilune.eu\/lv\/product\/bernu-gulta-2\/","url":"https:\/\/brilune.eu\/lv\/product\/bernu-gulta-2\/","name":"B\u0113rnu gulta","isPartOf":{"@id":"https:\/\/brilune.eu\/lv\/#website"},"primaryImageOfPage":{"@id":"https:\/\/brilune.eu\/lv\/product\/bernu-gulta-2\/#primaryimage"},"image":{"@id":"https:\/\/brilune.eu\/lv\/product\/bernu-gulta-2\/#primaryimage"},"thumbnailUrl":"https:\/\/brilune.eu\/wp-content\/uploads\/2025\/01\/13549146.png","datePublished":"2025-02-19T11:58:50+00:00","dateModified":"2025-02-19T12:15:39+00:00","description":"Pla\u0161a b\u0113rnu gulta ar galvgali liela balta un roz\u0101 za\u0137a form\u0101 ir ide\u0101li piem\u0113rota b\u0113rniem, kuri nov\u0113rt\u0113 komfortu un stilu. R\u0101mis izgatavots no iztur\u012bga...","breadcrumb":{"@id":"https:\/\/brilune.eu\/lv\/product\/bernu-gulta-2\/#breadcrumb"},"inLanguage":"lv-LV","potentialAction":[{"@type":"ReadAction","target":["https:\/\/brilune.eu\/lv\/product\/bernu-gulta-2\/"]}]},{"@type":"ImageObject","inLanguage":"lv-LV","@id":"https:\/\/brilune.eu\/lv\/product\/bernu-gulta-2\/#primaryimage","url":"https:\/\/brilune.eu\/wp-content\/uploads\/2025\/01\/13549146.png","contentUrl":"https:\/\/brilune.eu\/wp-content\/uploads\/2025\/01\/13549146.png","width":800,"height":800},{"@type":"BreadcrumbList","@id":"https:\/\/brilune.eu\/lv\/product\/bernu-gulta-2\/#breadcrumb","itemListElement":[{"@type":"ListItem","position":1,"name":"S\u0101kums","item":"https:\/\/brilune.eu\/lv\/brilune-mebeles\/"},{"@type":"ListItem","position":2,"name":"Visi produkti","item":"https:\/\/brilune.eu\/lv\/shop\/"},{"@type":"ListItem","position":3,"name":"B\u0113rnu gulta"}]},{"@type":"WebSite","@id":"https:\/\/brilune.eu\/lv\/#website","url":"https:\/\/brilune.eu\/lv\/","name":"Brilune","description":"M\u0113s pied\u0101v\u0101jam unik\u0101lus un nebiju\u0161us dizainus, kas apvieno eleganci, funkcionalit\u0101ti un rado\u0161umu.","potentialAction":[{"@type":"SearchAction","target":{"@type":"EntryPoint","urlTemplate":"https:\/\/brilune.eu\/lv\/?s={search_term_string}"},"query-input":{"@type":"PropertyValueSpecification","valueRequired":true,"valueName":"search_term_string"}}],"inLanguage":"lv-LV"}]}},"jetpack_sharing_enabled":true,"_links":{"self":[{"href":"https:\/\/brilune.eu\/lv\/wp-json\/wp\/v2\/product\/40499","targetHints":{"allow":["GET"]}}],"collection":[{"href":"https:\/\/brilune.eu\/lv\/wp-json\/wp\/v2\/product"}],"about":[{"href":"https:\/\/brilune.eu\/lv\/wp-json\/wp\/v2\/types\/product"}],"replies":[{"embeddable":true,"href":"https:\/\/brilune.eu\/lv\/wp-json\/wp\/v2\/comments?post=40499"}],"version-history":[{"count":1,"href":"https:\/\/brilune.eu\/lv\/wp-json\/wp\/v2\/product\/40499\/revisions"}],"predecessor-version":[{"id":40553,"href":"https:\/\/brilune.eu\/lv\/wp-json\/wp\/v2\/product\/40499\/revisions\/40553"}],"wp:featuredmedia":[{"embeddable":true,"href":"https:\/\/brilune.eu\/lv\/wp-json\/wp\/v2\/media\/13606"}],"wp:attachment":[{"href":"https:\/\/brilune.eu\/lv\/wp-json\/wp\/v2\/media?parent=40499"}],"wp:term":[{"taxonomy":"product_brand","embeddable":true,"href":"https:\/\/brilune.eu\/lv\/wp-json\/wp\/v2\/product_brand?post=40499"},{"taxonomy":"product_cat","embeddable":true,"href":"https:\/\/brilune.eu\/lv\/wp-json\/wp\/v2\/product_cat?post=40499"},{"taxonomy":"product_tag","embeddable":true,"href":"https:\/\/brilune.eu\/lv\/wp-json\/wp\/v2\/product_tag?post=40499"}],"curies":[{"name":"wp","href":"https:\/\/api.w.org\/{rel}","templated":true}]}}