{"id":40479,"date":"2025-02-19T13:58:24","date_gmt":"2025-02-19T11:58:24","guid":{"rendered":"https:\/\/brilune.eu\/?post_type=product&#038;p=40479"},"modified":"2025-02-19T14:15:32","modified_gmt":"2025-02-19T12:15:32","slug":"bernu-gulta-ar-atvilktnem-un-2-naktsgaldiniem-2","status":"publish","type":"product","link":"https:\/\/brilune.eu\/lv\/product\/bernu-gulta-ar-atvilktnem-un-2-naktsgaldiniem-2\/","title":{"rendered":"B\u0113rnu gulta ar atvilktn\u0113m un 2 naktsgaldi\u0146iem"},"content":{"rendered":"<p>\u0160\u012b gulta ir stil\u012bgs un funkcion\u0101ls uzglab\u0101\u0161anas risin\u0101jums. \u0112rt\u0101s atvilktnes zem gultas nodro\u0161ina papildu vietu rota\u013clietu, ap\u0123\u0113rbu un citu priek\u0161metu uzglab\u0101\u0161anai, uzturot j\u016bsu istabu k\u0101rt\u012bgu. Augstais galvgalis ar pane\u013ca dizainu rada \u0113rtu vietu atp\u016btai un las\u012b\u0161anai. Komplekt\u0101 ietilpst ar\u012b divi naktsgaldi\u0146i, kas pie\u0161\u0137ir praktiskumu un vizu\u0101lo pabeigt\u012bbu. <\/p>\n<p>Gultas izm\u0113ri: 208x151x108 cm.<br \/>\nMateri\u0101ls: koks (r\u0101mis), lins (polster\u0113jums).<\/p>\n","protected":false},"excerpt":{"rendered":"<p>\u0160\u012b gulta ir stil\u012bgs un funkcion\u0101ls uzglab\u0101\u0161anas risin\u0101jums. \u0112rt\u0101s atvilktnes zem gultas nodro\u0161ina papildu vietu rota\u013clietu, ap\u0123\u0113rbu un citu priek\u0161metu uzglab\u0101\u0161anai,&#8230;<\/p>\n","protected":false},"featured_media":13575,"comment_status":"open","ping_status":"closed","template":"","meta":[],"product_brand":[],"product_cat":[2987,5655],"product_tag":[],"class_list":{"0":"post-40479","1":"product","2":"type-product","3":"status-publish","4":"has-post-thumbnail","6":"product_cat-bernu-gultas-gultas-3","7":"product_cat-bernu-gultas-gultas-10","9":"first","10":"instock","11":"shipping-taxable","12":"purchasable","13":"product-type-simple"},"yoast_head":"<!-- This site is optimized with the Yoast SEO plugin v26.0 - https:\/\/yoast.com\/wordpress\/plugins\/seo\/ -->\n<title>B\u0113rnu gulta ar atvilktn\u0113m un 2 naktsgaldi\u0146iem<\/title>\n<meta name=\"description\" content=\"\u0160\u012b gulta ir stil\u012bgs un funkcion\u0101ls uzglab\u0101\u0161anas risin\u0101jums. \u0112rt\u0101s atvilktnes zem gultas nodro\u0161ina papildu vietu rota\u013clietu, ap\u0123\u0113rbu un citu priek\u0161metu uzglab\u0101\u0161anai,...\" \/>\n<meta name=\"robots\" content=\"index, follow, max-snippet:-1, max-image-preview:large, max-video-preview:-1\" \/>\n<link rel=\"canonical\" href=\"https:\/\/brilune.eu\/lv\/product\/bernu-gulta-ar-atvilktnem-un-2-naktsgaldiniem-2\/\" \/>\n<meta property=\"og:locale\" content=\"lv_LV\" \/>\n<meta property=\"og:type\" content=\"article\" \/>\n<meta property=\"og:title\" content=\"B\u0113rnu gulta ar atvilktn\u0113m un 2 naktsgaldi\u0146iem\" \/>\n<meta property=\"og:description\" content=\"\u0160\u012b gulta ir stil\u012bgs un funkcion\u0101ls uzglab\u0101\u0161anas risin\u0101jums. \u0112rt\u0101s atvilktnes zem gultas nodro\u0161ina papildu vietu rota\u013clietu, ap\u0123\u0113rbu un citu priek\u0161metu uzglab\u0101\u0161anai,...\" \/>\n<meta property=\"og:url\" content=\"https:\/\/brilune.eu\/lv\/product\/bernu-gulta-ar-atvilktnem-un-2-naktsgaldiniem-2\/\" \/>\n<meta property=\"og:site_name\" content=\"Brilune\" \/>\n<meta property=\"article:modified_time\" content=\"2025-02-19T12:15:32+00:00\" \/>\n<meta property=\"og:image\" content=\"https:\/\/brilune.eu\/wp-content\/uploads\/2025\/01\/13654704.jpg\" \/>\n\t<meta property=\"og:image:width\" content=\"800\" \/>\n\t<meta property=\"og:image:height\" content=\"800\" \/>\n\t<meta property=\"og:image:type\" content=\"image\/jpeg\" \/>\n<meta name=\"twitter:card\" content=\"summary_large_image\" \/>\n<script type=\"application\/ld+json\" class=\"yoast-schema-graph\">{\"@context\":\"https:\/\/schema.org\",\"@graph\":[{\"@type\":\"WebPage\",\"@id\":\"https:\/\/brilune.eu\/lv\/product\/bernu-gulta-ar-atvilktnem-un-2-naktsgaldiniem-2\/\",\"url\":\"https:\/\/brilune.eu\/lv\/product\/bernu-gulta-ar-atvilktnem-un-2-naktsgaldiniem-2\/\",\"name\":\"B\u0113rnu gulta ar atvilktn\u0113m un 2 naktsgaldi\u0146iem\",\"isPartOf\":{\"@id\":\"https:\/\/brilune.eu\/lv\/#website\"},\"primaryImageOfPage\":{\"@id\":\"https:\/\/brilune.eu\/lv\/product\/bernu-gulta-ar-atvilktnem-un-2-naktsgaldiniem-2\/#primaryimage\"},\"image\":{\"@id\":\"https:\/\/brilune.eu\/lv\/product\/bernu-gulta-ar-atvilktnem-un-2-naktsgaldiniem-2\/#primaryimage\"},\"thumbnailUrl\":\"https:\/\/brilune.eu\/wp-content\/uploads\/2025\/01\/13654704.jpg\",\"datePublished\":\"2025-02-19T11:58:24+00:00\",\"dateModified\":\"2025-02-19T12:15:32+00:00\",\"description\":\"\u0160\u012b gulta ir stil\u012bgs un funkcion\u0101ls uzglab\u0101\u0161anas risin\u0101jums. \u0112rt\u0101s atvilktnes zem gultas nodro\u0161ina papildu vietu rota\u013clietu, ap\u0123\u0113rbu un citu priek\u0161metu uzglab\u0101\u0161anai,...\",\"breadcrumb\":{\"@id\":\"https:\/\/brilune.eu\/lv\/product\/bernu-gulta-ar-atvilktnem-un-2-naktsgaldiniem-2\/#breadcrumb\"},\"inLanguage\":\"lv-LV\",\"potentialAction\":[{\"@type\":\"ReadAction\",\"target\":[\"https:\/\/brilune.eu\/lv\/product\/bernu-gulta-ar-atvilktnem-un-2-naktsgaldiniem-2\/\"]}]},{\"@type\":\"ImageObject\",\"inLanguage\":\"lv-LV\",\"@id\":\"https:\/\/brilune.eu\/lv\/product\/bernu-gulta-ar-atvilktnem-un-2-naktsgaldiniem-2\/#primaryimage\",\"url\":\"https:\/\/brilune.eu\/wp-content\/uploads\/2025\/01\/13654704.jpg\",\"contentUrl\":\"https:\/\/brilune.eu\/wp-content\/uploads\/2025\/01\/13654704.jpg\",\"width\":800,\"height\":800},{\"@type\":\"BreadcrumbList\",\"@id\":\"https:\/\/brilune.eu\/lv\/product\/bernu-gulta-ar-atvilktnem-un-2-naktsgaldiniem-2\/#breadcrumb\",\"itemListElement\":[{\"@type\":\"ListItem\",\"position\":1,\"name\":\"S\u0101kums\",\"item\":\"https:\/\/brilune.eu\/lv\/brilune-mebeles\/\"},{\"@type\":\"ListItem\",\"position\":2,\"name\":\"Visi produkti\",\"item\":\"https:\/\/brilune.eu\/lv\/shop\/\"},{\"@type\":\"ListItem\",\"position\":3,\"name\":\"B\u0113rnu gulta ar atvilktn\u0113m un 2 naktsgaldi\u0146iem\"}]},{\"@type\":\"WebSite\",\"@id\":\"https:\/\/brilune.eu\/lv\/#website\",\"url\":\"https:\/\/brilune.eu\/lv\/\",\"name\":\"Brilune\",\"description\":\"M\u0113s pied\u0101v\u0101jam unik\u0101lus un nebiju\u0161us dizainus, kas apvieno eleganci, funkcionalit\u0101ti un rado\u0161umu.\",\"potentialAction\":[{\"@type\":\"SearchAction\",\"target\":{\"@type\":\"EntryPoint\",\"urlTemplate\":\"https:\/\/brilune.eu\/lv\/?s={search_term_string}\"},\"query-input\":{\"@type\":\"PropertyValueSpecification\",\"valueRequired\":true,\"valueName\":\"search_term_string\"}}],\"inLanguage\":\"lv-LV\"}]}<\/script>\n<!-- \/ Yoast SEO plugin. -->","yoast_head_json":{"title":"B\u0113rnu gulta ar atvilktn\u0113m un 2 naktsgaldi\u0146iem","description":"\u0160\u012b gulta ir stil\u012bgs un funkcion\u0101ls uzglab\u0101\u0161anas risin\u0101jums. \u0112rt\u0101s atvilktnes zem gultas nodro\u0161ina papildu vietu rota\u013clietu, ap\u0123\u0113rbu un citu priek\u0161metu uzglab\u0101\u0161anai,...","robots":{"index":"index","follow":"follow","max-snippet":"max-snippet:-1","max-image-preview":"max-image-preview:large","max-video-preview":"max-video-preview:-1"},"canonical":"https:\/\/brilune.eu\/lv\/product\/bernu-gulta-ar-atvilktnem-un-2-naktsgaldiniem-2\/","og_locale":"lv_LV","og_type":"article","og_title":"B\u0113rnu gulta ar atvilktn\u0113m un 2 naktsgaldi\u0146iem","og_description":"\u0160\u012b gulta ir stil\u012bgs un funkcion\u0101ls uzglab\u0101\u0161anas risin\u0101jums. \u0112rt\u0101s atvilktnes zem gultas nodro\u0161ina papildu vietu rota\u013clietu, ap\u0123\u0113rbu un citu priek\u0161metu uzglab\u0101\u0161anai,...","og_url":"https:\/\/brilune.eu\/lv\/product\/bernu-gulta-ar-atvilktnem-un-2-naktsgaldiniem-2\/","og_site_name":"Brilune","article_modified_time":"2025-02-19T12:15:32+00:00","og_image":[{"width":800,"height":800,"url":"https:\/\/brilune.eu\/wp-content\/uploads\/2025\/01\/13654704.jpg","type":"image\/jpeg"}],"twitter_card":"summary_large_image","schema":{"@context":"https:\/\/schema.org","@graph":[{"@type":"WebPage","@id":"https:\/\/brilune.eu\/lv\/product\/bernu-gulta-ar-atvilktnem-un-2-naktsgaldiniem-2\/","url":"https:\/\/brilune.eu\/lv\/product\/bernu-gulta-ar-atvilktnem-un-2-naktsgaldiniem-2\/","name":"B\u0113rnu gulta ar atvilktn\u0113m un 2 naktsgaldi\u0146iem","isPartOf":{"@id":"https:\/\/brilune.eu\/lv\/#website"},"primaryImageOfPage":{"@id":"https:\/\/brilune.eu\/lv\/product\/bernu-gulta-ar-atvilktnem-un-2-naktsgaldiniem-2\/#primaryimage"},"image":{"@id":"https:\/\/brilune.eu\/lv\/product\/bernu-gulta-ar-atvilktnem-un-2-naktsgaldiniem-2\/#primaryimage"},"thumbnailUrl":"https:\/\/brilune.eu\/wp-content\/uploads\/2025\/01\/13654704.jpg","datePublished":"2025-02-19T11:58:24+00:00","dateModified":"2025-02-19T12:15:32+00:00","description":"\u0160\u012b gulta ir stil\u012bgs un funkcion\u0101ls uzglab\u0101\u0161anas risin\u0101jums. \u0112rt\u0101s atvilktnes zem gultas nodro\u0161ina papildu vietu rota\u013clietu, ap\u0123\u0113rbu un citu priek\u0161metu uzglab\u0101\u0161anai,...","breadcrumb":{"@id":"https:\/\/brilune.eu\/lv\/product\/bernu-gulta-ar-atvilktnem-un-2-naktsgaldiniem-2\/#breadcrumb"},"inLanguage":"lv-LV","potentialAction":[{"@type":"ReadAction","target":["https:\/\/brilune.eu\/lv\/product\/bernu-gulta-ar-atvilktnem-un-2-naktsgaldiniem-2\/"]}]},{"@type":"ImageObject","inLanguage":"lv-LV","@id":"https:\/\/brilune.eu\/lv\/product\/bernu-gulta-ar-atvilktnem-un-2-naktsgaldiniem-2\/#primaryimage","url":"https:\/\/brilune.eu\/wp-content\/uploads\/2025\/01\/13654704.jpg","contentUrl":"https:\/\/brilune.eu\/wp-content\/uploads\/2025\/01\/13654704.jpg","width":800,"height":800},{"@type":"BreadcrumbList","@id":"https:\/\/brilune.eu\/lv\/product\/bernu-gulta-ar-atvilktnem-un-2-naktsgaldiniem-2\/#breadcrumb","itemListElement":[{"@type":"ListItem","position":1,"name":"S\u0101kums","item":"https:\/\/brilune.eu\/lv\/brilune-mebeles\/"},{"@type":"ListItem","position":2,"name":"Visi produkti","item":"https:\/\/brilune.eu\/lv\/shop\/"},{"@type":"ListItem","position":3,"name":"B\u0113rnu gulta ar atvilktn\u0113m un 2 naktsgaldi\u0146iem"}]},{"@type":"WebSite","@id":"https:\/\/brilune.eu\/lv\/#website","url":"https:\/\/brilune.eu\/lv\/","name":"Brilune","description":"M\u0113s pied\u0101v\u0101jam unik\u0101lus un nebiju\u0161us dizainus, kas apvieno eleganci, funkcionalit\u0101ti un rado\u0161umu.","potentialAction":[{"@type":"SearchAction","target":{"@type":"EntryPoint","urlTemplate":"https:\/\/brilune.eu\/lv\/?s={search_term_string}"},"query-input":{"@type":"PropertyValueSpecification","valueRequired":true,"valueName":"search_term_string"}}],"inLanguage":"lv-LV"}]}},"jetpack_sharing_enabled":true,"_links":{"self":[{"href":"https:\/\/brilune.eu\/lv\/wp-json\/wp\/v2\/product\/40479","targetHints":{"allow":["GET"]}}],"collection":[{"href":"https:\/\/brilune.eu\/lv\/wp-json\/wp\/v2\/product"}],"about":[{"href":"https:\/\/brilune.eu\/lv\/wp-json\/wp\/v2\/types\/product"}],"replies":[{"embeddable":true,"href":"https:\/\/brilune.eu\/lv\/wp-json\/wp\/v2\/comments?post=40479"}],"version-history":[{"count":1,"href":"https:\/\/brilune.eu\/lv\/wp-json\/wp\/v2\/product\/40479\/revisions"}],"predecessor-version":[{"id":40532,"href":"https:\/\/brilune.eu\/lv\/wp-json\/wp\/v2\/product\/40479\/revisions\/40532"}],"wp:featuredmedia":[{"embeddable":true,"href":"https:\/\/brilune.eu\/lv\/wp-json\/wp\/v2\/media\/13575"}],"wp:attachment":[{"href":"https:\/\/brilune.eu\/lv\/wp-json\/wp\/v2\/media?parent=40479"}],"wp:term":[{"taxonomy":"product_brand","embeddable":true,"href":"https:\/\/brilune.eu\/lv\/wp-json\/wp\/v2\/product_brand?post=40479"},{"taxonomy":"product_cat","embeddable":true,"href":"https:\/\/brilune.eu\/lv\/wp-json\/wp\/v2\/product_cat?post=40479"},{"taxonomy":"product_tag","embeddable":true,"href":"https:\/\/brilune.eu\/lv\/wp-json\/wp\/v2\/product_tag?post=40479"}],"curies":[{"name":"wp","href":"https:\/\/api.w.org\/{rel}","templated":true}]}}