{"id":40404,"date":"2025-02-19T13:57:08","date_gmt":"2025-02-19T11:57:08","guid":{"rendered":"https:\/\/brilune.eu\/?post_type=product&#038;p=40404"},"modified":"2025-02-19T14:15:06","modified_gmt":"2025-02-19T12:15:06","slug":"bernu-gulta-ar-matraci-2","status":"publish","type":"product","link":"https:\/\/brilune.eu\/lv\/product\/bernu-gulta-ar-matraci-2\/","title":{"rendered":"B\u0113rnu gulta ar matraci"},"content":{"rendered":"<p>\u0160ai m\u0101j\u012bgajai skandin\u0101vu stila gultai ir polster\u0113ts galvgalis ar apdari, k\u0101 ar\u012b matracis ar put\u0101m, kas nodro\u0161ina optim\u0101lu atbalstu un komfortu. Produkts ir apr\u012bkots ar no\u0146emamiem s\u0101niem dro\u0161\u012bbai un ir piem\u0113rots gan z\u012bdai\u0146iem, gan augo\u0161iem b\u0113rniem. Gultas unik\u0101lais dizains un dabiskais tonis ide\u0101li papildin\u0101s interjeru, radot siltuma un komforta atmosf\u0113ru b\u0113rnistab\u0101.<\/p>\n<p>Gultas izm\u0113ri: 195,5&#215;123,5&#215;70 cm<br \/>\nApr\u012bkojums: gulta ar matraci un m\u012bkstu atzveltni<br \/>\nMateri\u0101ls: koks, audums, atmi\u0146as putas<\/p>\n","protected":false},"excerpt":{"rendered":"<p>\u0160ai m\u0101j\u012bgajai skandin\u0101vu stila gultai ir polster\u0113ts galvgalis ar apdari, k\u0101 ar\u012b matracis ar put\u0101m, kas nodro\u0161ina optim\u0101lu atbalstu un komfortu. Produkts ir l\u012bdzv\u0113rt\u012bgs&#8230;<\/p>\n","protected":false},"featured_media":13444,"comment_status":"open","ping_status":"closed","template":"","meta":[],"product_brand":[],"product_cat":[2987,5655],"product_tag":[],"class_list":{"0":"post-40404","1":"product","2":"type-product","3":"status-publish","4":"has-post-thumbnail","6":"product_cat-bernu-gultas-gultas-3","7":"product_cat-bernu-gultas-gultas-10","9":"first","10":"instock","11":"shipping-taxable","12":"purchasable","13":"product-type-simple"},"yoast_head":"<!-- This site is optimized with the Yoast SEO plugin v26.0 - https:\/\/yoast.com\/wordpress\/plugins\/seo\/ -->\n<title>B\u0113rnu gulta ar matraci<\/title>\n<meta name=\"description\" content=\"\u0160ai m\u0101j\u012bgajai skandin\u0101vu stila gultai ir polster\u0113ts galvgalis ar apdari, k\u0101 ar\u012b matracis ar put\u0101m, kas nodro\u0161ina optim\u0101lu atbalstu un komfortu. Produkts ir l\u012bdzv\u0113rt\u012bgs...\" \/>\n<meta name=\"robots\" content=\"index, follow, max-snippet:-1, max-image-preview:large, max-video-preview:-1\" \/>\n<link rel=\"canonical\" href=\"https:\/\/brilune.eu\/lv\/product\/bernu-gulta-ar-matraci-2\/\" \/>\n<meta property=\"og:locale\" content=\"lv_LV\" \/>\n<meta property=\"og:type\" content=\"article\" \/>\n<meta property=\"og:title\" content=\"B\u0113rnu gulta ar matraci\" \/>\n<meta property=\"og:description\" content=\"\u0160ai m\u0101j\u012bgajai skandin\u0101vu stila gultai ir polster\u0113ts galvgalis ar apdari, k\u0101 ar\u012b matracis ar put\u0101m, kas nodro\u0161ina optim\u0101lu atbalstu un komfortu. Produkts ir l\u012bdzv\u0113rt\u012bgs...\" \/>\n<meta property=\"og:url\" content=\"https:\/\/brilune.eu\/lv\/product\/bernu-gulta-ar-matraci-2\/\" \/>\n<meta property=\"og:site_name\" content=\"Brilune\" \/>\n<meta property=\"article:modified_time\" content=\"2025-02-19T12:15:06+00:00\" \/>\n<meta property=\"og:image\" content=\"https:\/\/brilune.eu\/wp-content\/uploads\/2025\/01\/13881827.png\" \/>\n\t<meta property=\"og:image:width\" content=\"800\" \/>\n\t<meta property=\"og:image:height\" content=\"800\" \/>\n\t<meta property=\"og:image:type\" content=\"image\/png\" \/>\n<meta name=\"twitter:card\" content=\"summary_large_image\" \/>\n<script type=\"application\/ld+json\" class=\"yoast-schema-graph\">{\"@context\":\"https:\/\/schema.org\",\"@graph\":[{\"@type\":\"WebPage\",\"@id\":\"https:\/\/brilune.eu\/lv\/product\/bernu-gulta-ar-matraci-2\/\",\"url\":\"https:\/\/brilune.eu\/lv\/product\/bernu-gulta-ar-matraci-2\/\",\"name\":\"B\u0113rnu gulta ar matraci\",\"isPartOf\":{\"@id\":\"https:\/\/brilune.eu\/lv\/#website\"},\"primaryImageOfPage\":{\"@id\":\"https:\/\/brilune.eu\/lv\/product\/bernu-gulta-ar-matraci-2\/#primaryimage\"},\"image\":{\"@id\":\"https:\/\/brilune.eu\/lv\/product\/bernu-gulta-ar-matraci-2\/#primaryimage\"},\"thumbnailUrl\":\"https:\/\/brilune.eu\/wp-content\/uploads\/2025\/01\/13881827.png\",\"datePublished\":\"2025-02-19T11:57:08+00:00\",\"dateModified\":\"2025-02-19T12:15:06+00:00\",\"description\":\"\u0160ai m\u0101j\u012bgajai skandin\u0101vu stila gultai ir polster\u0113ts galvgalis ar apdari, k\u0101 ar\u012b matracis ar put\u0101m, kas nodro\u0161ina optim\u0101lu atbalstu un komfortu. Produkts ir l\u012bdzv\u0113rt\u012bgs...\",\"breadcrumb\":{\"@id\":\"https:\/\/brilune.eu\/lv\/product\/bernu-gulta-ar-matraci-2\/#breadcrumb\"},\"inLanguage\":\"lv-LV\",\"potentialAction\":[{\"@type\":\"ReadAction\",\"target\":[\"https:\/\/brilune.eu\/lv\/product\/bernu-gulta-ar-matraci-2\/\"]}]},{\"@type\":\"ImageObject\",\"inLanguage\":\"lv-LV\",\"@id\":\"https:\/\/brilune.eu\/lv\/product\/bernu-gulta-ar-matraci-2\/#primaryimage\",\"url\":\"https:\/\/brilune.eu\/wp-content\/uploads\/2025\/01\/13881827.png\",\"contentUrl\":\"https:\/\/brilune.eu\/wp-content\/uploads\/2025\/01\/13881827.png\",\"width\":800,\"height\":800},{\"@type\":\"BreadcrumbList\",\"@id\":\"https:\/\/brilune.eu\/lv\/product\/bernu-gulta-ar-matraci-2\/#breadcrumb\",\"itemListElement\":[{\"@type\":\"ListItem\",\"position\":1,\"name\":\"S\u0101kums\",\"item\":\"https:\/\/brilune.eu\/lv\/brilune-mebeles\/\"},{\"@type\":\"ListItem\",\"position\":2,\"name\":\"Visi produkti\",\"item\":\"https:\/\/brilune.eu\/lv\/shop\/\"},{\"@type\":\"ListItem\",\"position\":3,\"name\":\"B\u0113rnu gulta ar matraci\"}]},{\"@type\":\"WebSite\",\"@id\":\"https:\/\/brilune.eu\/lv\/#website\",\"url\":\"https:\/\/brilune.eu\/lv\/\",\"name\":\"Brilune\",\"description\":\"M\u0113s pied\u0101v\u0101jam unik\u0101lus un nebiju\u0161us dizainus, kas apvieno eleganci, funkcionalit\u0101ti un rado\u0161umu.\",\"potentialAction\":[{\"@type\":\"SearchAction\",\"target\":{\"@type\":\"EntryPoint\",\"urlTemplate\":\"https:\/\/brilune.eu\/lv\/?s={search_term_string}\"},\"query-input\":{\"@type\":\"PropertyValueSpecification\",\"valueRequired\":true,\"valueName\":\"search_term_string\"}}],\"inLanguage\":\"lv-LV\"}]}<\/script>\n<!-- \/ Yoast SEO plugin. -->","yoast_head_json":{"title":"B\u0113rnu gulta ar matraci","description":"\u0160ai m\u0101j\u012bgajai skandin\u0101vu stila gultai ir polster\u0113ts galvgalis ar apdari, k\u0101 ar\u012b matracis ar put\u0101m, kas nodro\u0161ina optim\u0101lu atbalstu un komfortu. Produkts ir l\u012bdzv\u0113rt\u012bgs...","robots":{"index":"index","follow":"follow","max-snippet":"max-snippet:-1","max-image-preview":"max-image-preview:large","max-video-preview":"max-video-preview:-1"},"canonical":"https:\/\/brilune.eu\/lv\/product\/bernu-gulta-ar-matraci-2\/","og_locale":"lv_LV","og_type":"article","og_title":"B\u0113rnu gulta ar matraci","og_description":"\u0160ai m\u0101j\u012bgajai skandin\u0101vu stila gultai ir polster\u0113ts galvgalis ar apdari, k\u0101 ar\u012b matracis ar put\u0101m, kas nodro\u0161ina optim\u0101lu atbalstu un komfortu. Produkts ir l\u012bdzv\u0113rt\u012bgs...","og_url":"https:\/\/brilune.eu\/lv\/product\/bernu-gulta-ar-matraci-2\/","og_site_name":"Brilune","article_modified_time":"2025-02-19T12:15:06+00:00","og_image":[{"width":800,"height":800,"url":"https:\/\/brilune.eu\/wp-content\/uploads\/2025\/01\/13881827.png","type":"image\/png"}],"twitter_card":"summary_large_image","schema":{"@context":"https:\/\/schema.org","@graph":[{"@type":"WebPage","@id":"https:\/\/brilune.eu\/lv\/product\/bernu-gulta-ar-matraci-2\/","url":"https:\/\/brilune.eu\/lv\/product\/bernu-gulta-ar-matraci-2\/","name":"B\u0113rnu gulta ar matraci","isPartOf":{"@id":"https:\/\/brilune.eu\/lv\/#website"},"primaryImageOfPage":{"@id":"https:\/\/brilune.eu\/lv\/product\/bernu-gulta-ar-matraci-2\/#primaryimage"},"image":{"@id":"https:\/\/brilune.eu\/lv\/product\/bernu-gulta-ar-matraci-2\/#primaryimage"},"thumbnailUrl":"https:\/\/brilune.eu\/wp-content\/uploads\/2025\/01\/13881827.png","datePublished":"2025-02-19T11:57:08+00:00","dateModified":"2025-02-19T12:15:06+00:00","description":"\u0160ai m\u0101j\u012bgajai skandin\u0101vu stila gultai ir polster\u0113ts galvgalis ar apdari, k\u0101 ar\u012b matracis ar put\u0101m, kas nodro\u0161ina optim\u0101lu atbalstu un komfortu. Produkts ir l\u012bdzv\u0113rt\u012bgs...","breadcrumb":{"@id":"https:\/\/brilune.eu\/lv\/product\/bernu-gulta-ar-matraci-2\/#breadcrumb"},"inLanguage":"lv-LV","potentialAction":[{"@type":"ReadAction","target":["https:\/\/brilune.eu\/lv\/product\/bernu-gulta-ar-matraci-2\/"]}]},{"@type":"ImageObject","inLanguage":"lv-LV","@id":"https:\/\/brilune.eu\/lv\/product\/bernu-gulta-ar-matraci-2\/#primaryimage","url":"https:\/\/brilune.eu\/wp-content\/uploads\/2025\/01\/13881827.png","contentUrl":"https:\/\/brilune.eu\/wp-content\/uploads\/2025\/01\/13881827.png","width":800,"height":800},{"@type":"BreadcrumbList","@id":"https:\/\/brilune.eu\/lv\/product\/bernu-gulta-ar-matraci-2\/#breadcrumb","itemListElement":[{"@type":"ListItem","position":1,"name":"S\u0101kums","item":"https:\/\/brilune.eu\/lv\/brilune-mebeles\/"},{"@type":"ListItem","position":2,"name":"Visi produkti","item":"https:\/\/brilune.eu\/lv\/shop\/"},{"@type":"ListItem","position":3,"name":"B\u0113rnu gulta ar matraci"}]},{"@type":"WebSite","@id":"https:\/\/brilune.eu\/lv\/#website","url":"https:\/\/brilune.eu\/lv\/","name":"Brilune","description":"M\u0113s pied\u0101v\u0101jam unik\u0101lus un nebiju\u0161us dizainus, kas apvieno eleganci, funkcionalit\u0101ti un rado\u0161umu.","potentialAction":[{"@type":"SearchAction","target":{"@type":"EntryPoint","urlTemplate":"https:\/\/brilune.eu\/lv\/?s={search_term_string}"},"query-input":{"@type":"PropertyValueSpecification","valueRequired":true,"valueName":"search_term_string"}}],"inLanguage":"lv-LV"}]}},"jetpack_sharing_enabled":true,"_links":{"self":[{"href":"https:\/\/brilune.eu\/lv\/wp-json\/wp\/v2\/product\/40404","targetHints":{"allow":["GET"]}}],"collection":[{"href":"https:\/\/brilune.eu\/lv\/wp-json\/wp\/v2\/product"}],"about":[{"href":"https:\/\/brilune.eu\/lv\/wp-json\/wp\/v2\/types\/product"}],"replies":[{"embeddable":true,"href":"https:\/\/brilune.eu\/lv\/wp-json\/wp\/v2\/comments?post=40404"}],"version-history":[{"count":1,"href":"https:\/\/brilune.eu\/lv\/wp-json\/wp\/v2\/product\/40404\/revisions"}],"predecessor-version":[{"id":40445,"href":"https:\/\/brilune.eu\/lv\/wp-json\/wp\/v2\/product\/40404\/revisions\/40445"}],"wp:featuredmedia":[{"embeddable":true,"href":"https:\/\/brilune.eu\/lv\/wp-json\/wp\/v2\/media\/13444"}],"wp:attachment":[{"href":"https:\/\/brilune.eu\/lv\/wp-json\/wp\/v2\/media?parent=40404"}],"wp:term":[{"taxonomy":"product_brand","embeddable":true,"href":"https:\/\/brilune.eu\/lv\/wp-json\/wp\/v2\/product_brand?post=40404"},{"taxonomy":"product_cat","embeddable":true,"href":"https:\/\/brilune.eu\/lv\/wp-json\/wp\/v2\/product_cat?post=40404"},{"taxonomy":"product_tag","embeddable":true,"href":"https:\/\/brilune.eu\/lv\/wp-json\/wp\/v2\/product_tag?post=40404"}],"curies":[{"name":"wp","href":"https:\/\/api.w.org\/{rel}","templated":true}]}}