{"id":40230,"date":"2025-02-19T13:53:26","date_gmt":"2025-02-19T11:53:26","guid":{"rendered":"https:\/\/brilune.eu\/?post_type=product&#038;p=40230"},"modified":"2025-02-19T14:14:09","modified_gmt":"2025-02-19T12:14:09","slug":"cetrvietigs-divans-viesistabai-4","status":"publish","type":"product","link":"https:\/\/brilune.eu\/lv\/product\/cetrvietigs-divans-viesistabai-4\/","title":{"rendered":"\u010cetrviet\u012bgs d\u012bv\u0101ns viesistabai"},"content":{"rendered":"<p>\u0160is modern\u0101 stila \u010detrviet\u012bgais d\u012bv\u0101ns apvieno komfortu ar elegantu izskatu. M\u012bksts smil\u0161kr\u0101sas kokvilnas polster\u0113jums rada m\u0101j\u012bgu atmosf\u0113ru, savuk\u0101rt smalki rakstainie spilventi\u0146i mugurpus\u0113 pie\u0161\u0137ir vizu\u0101lo interesi. D\u012bv\u0101na aizmugure ir izgatavota ar \u0113rtiem spilveniem, nodro\u0161inot lielisku atbalstu, un roku balsti ar m\u012bkstaj\u0101m virsm\u0101m padara s\u0113dvietu \u012bpa\u0161i \u0113rtu. Modul\u0101rais dizains \u013cauj \u0161o d\u012bv\u0101nu viegli kombin\u0113t ar cit\u0101m m\u0113bel\u0113m, padarot to par daudzpus\u012bgu risin\u0101jumu da\u017e\u0101d\u0101m dz\u012bvojam\u0101m telp\u0101m.<\/p>\n<p>Izm\u0113rs: 340\u00d790\u00d795 cm.<br \/>\nMateri\u0101li: koks, kokvilna, putuplasts.<\/p>\n","protected":false},"excerpt":{"rendered":"<p>\u0160is modern\u0101 stila \u010detrviet\u012bgais d\u012bv\u0101ns apvieno komfortu ar elegantu izskatu. M\u012bksts b\u0113\u0161s kokvilnas polster\u0113jums rada m\u0101j\u012bgu atmosf\u0113ru, savuk\u0101rt smalki raksta&#8230;<\/p>\n","protected":false},"featured_media":13259,"comment_status":"open","ping_status":"closed","template":"","meta":[],"product_brand":[],"product_cat":[3208,5693],"product_tag":[],"class_list":{"0":"post-40230","1":"product","2":"type-product","3":"status-publish","4":"has-post-thumbnail","6":"product_cat-sekcijas-gultas-3","7":"product_cat-sekcijas-gultas-10","9":"first","10":"instock","11":"shipping-taxable","12":"purchasable","13":"product-type-simple"},"yoast_head":"<!-- This site is optimized with the Yoast SEO plugin v26.0 - https:\/\/yoast.com\/wordpress\/plugins\/seo\/ -->\n<title>\u010cetrviet\u012bgs d\u012bv\u0101ns viesistabai<\/title>\n<meta name=\"description\" content=\"\u0160is modern\u0101 stila \u010detrviet\u012bgais d\u012bv\u0101ns apvieno komfortu ar elegantu izskatu. M\u012bksts b\u0113\u0161s kokvilnas polster\u0113jums rada m\u0101j\u012bgu atmosf\u0113ru, savuk\u0101rt smalki raksta...\" \/>\n<meta name=\"robots\" content=\"index, follow, max-snippet:-1, max-image-preview:large, max-video-preview:-1\" \/>\n<link rel=\"canonical\" href=\"https:\/\/brilune.eu\/lv\/product\/cetrvietigs-divans-viesistabai-4\/\" \/>\n<meta property=\"og:locale\" content=\"lv_LV\" \/>\n<meta property=\"og:type\" content=\"article\" \/>\n<meta property=\"og:title\" content=\"\u010cetrviet\u012bgs d\u012bv\u0101ns viesistabai\" \/>\n<meta property=\"og:description\" content=\"\u0160is modern\u0101 stila \u010detrviet\u012bgais d\u012bv\u0101ns apvieno komfortu ar elegantu izskatu. M\u012bksts b\u0113\u0161s kokvilnas polster\u0113jums rada m\u0101j\u012bgu atmosf\u0113ru, savuk\u0101rt smalki raksta...\" \/>\n<meta property=\"og:url\" content=\"https:\/\/brilune.eu\/lv\/product\/cetrvietigs-divans-viesistabai-4\/\" \/>\n<meta property=\"og:site_name\" content=\"Brilune\" \/>\n<meta property=\"article:modified_time\" content=\"2025-02-19T12:14:09+00:00\" \/>\n<meta property=\"og:image\" content=\"https:\/\/brilune.eu\/wp-content\/uploads\/2025\/01\/7005753.jpg\" \/>\n\t<meta property=\"og:image:width\" content=\"1500\" \/>\n\t<meta property=\"og:image:height\" content=\"1500\" \/>\n\t<meta property=\"og:image:type\" content=\"image\/jpeg\" \/>\n<meta name=\"twitter:card\" content=\"summary_large_image\" \/>\n<meta name=\"twitter:label1\" content=\"Est. reading time\" \/>\n\t<meta name=\"twitter:data1\" content=\"1 minute\" \/>\n<script type=\"application\/ld+json\" class=\"yoast-schema-graph\">{\"@context\":\"https:\/\/schema.org\",\"@graph\":[{\"@type\":\"WebPage\",\"@id\":\"https:\/\/brilune.eu\/lv\/product\/cetrvietigs-divans-viesistabai-4\/\",\"url\":\"https:\/\/brilune.eu\/lv\/product\/cetrvietigs-divans-viesistabai-4\/\",\"name\":\"\u010cetrviet\u012bgs d\u012bv\u0101ns viesistabai\",\"isPartOf\":{\"@id\":\"https:\/\/brilune.eu\/lv\/#website\"},\"primaryImageOfPage\":{\"@id\":\"https:\/\/brilune.eu\/lv\/product\/cetrvietigs-divans-viesistabai-4\/#primaryimage\"},\"image\":{\"@id\":\"https:\/\/brilune.eu\/lv\/product\/cetrvietigs-divans-viesistabai-4\/#primaryimage\"},\"thumbnailUrl\":\"https:\/\/brilune.eu\/wp-content\/uploads\/2025\/01\/7005753.jpg\",\"datePublished\":\"2025-02-19T11:53:26+00:00\",\"dateModified\":\"2025-02-19T12:14:09+00:00\",\"description\":\"\u0160is modern\u0101 stila \u010detrviet\u012bgais d\u012bv\u0101ns apvieno komfortu ar elegantu izskatu. M\u012bksts b\u0113\u0161s kokvilnas polster\u0113jums rada m\u0101j\u012bgu atmosf\u0113ru, savuk\u0101rt smalki raksta...\",\"breadcrumb\":{\"@id\":\"https:\/\/brilune.eu\/lv\/product\/cetrvietigs-divans-viesistabai-4\/#breadcrumb\"},\"inLanguage\":\"lv-LV\",\"potentialAction\":[{\"@type\":\"ReadAction\",\"target\":[\"https:\/\/brilune.eu\/lv\/product\/cetrvietigs-divans-viesistabai-4\/\"]}]},{\"@type\":\"ImageObject\",\"inLanguage\":\"lv-LV\",\"@id\":\"https:\/\/brilune.eu\/lv\/product\/cetrvietigs-divans-viesistabai-4\/#primaryimage\",\"url\":\"https:\/\/brilune.eu\/wp-content\/uploads\/2025\/01\/7005753.jpg\",\"contentUrl\":\"https:\/\/brilune.eu\/wp-content\/uploads\/2025\/01\/7005753.jpg\",\"width\":1500,\"height\":1500},{\"@type\":\"BreadcrumbList\",\"@id\":\"https:\/\/brilune.eu\/lv\/product\/cetrvietigs-divans-viesistabai-4\/#breadcrumb\",\"itemListElement\":[{\"@type\":\"ListItem\",\"position\":1,\"name\":\"S\u0101kums\",\"item\":\"https:\/\/brilune.eu\/lv\/brilune-mebeles\/\"},{\"@type\":\"ListItem\",\"position\":2,\"name\":\"Visi produkti\",\"item\":\"https:\/\/brilune.eu\/lv\/shop\/\"},{\"@type\":\"ListItem\",\"position\":3,\"name\":\"\u010cetrviet\u012bgs d\u012bv\u0101ns viesistabai\"}]},{\"@type\":\"WebSite\",\"@id\":\"https:\/\/brilune.eu\/lv\/#website\",\"url\":\"https:\/\/brilune.eu\/lv\/\",\"name\":\"Brilune\",\"description\":\"M\u0113s pied\u0101v\u0101jam unik\u0101lus un nebiju\u0161us dizainus, kas apvieno eleganci, funkcionalit\u0101ti un rado\u0161umu.\",\"potentialAction\":[{\"@type\":\"SearchAction\",\"target\":{\"@type\":\"EntryPoint\",\"urlTemplate\":\"https:\/\/brilune.eu\/lv\/?s={search_term_string}\"},\"query-input\":{\"@type\":\"PropertyValueSpecification\",\"valueRequired\":true,\"valueName\":\"search_term_string\"}}],\"inLanguage\":\"lv-LV\"}]}<\/script>\n<!-- \/ Yoast SEO plugin. -->","yoast_head_json":{"title":"\u010cetrviet\u012bgs d\u012bv\u0101ns viesistabai","description":"\u0160is modern\u0101 stila \u010detrviet\u012bgais d\u012bv\u0101ns apvieno komfortu ar elegantu izskatu. M\u012bksts b\u0113\u0161s kokvilnas polster\u0113jums rada m\u0101j\u012bgu atmosf\u0113ru, savuk\u0101rt smalki raksta...","robots":{"index":"index","follow":"follow","max-snippet":"max-snippet:-1","max-image-preview":"max-image-preview:large","max-video-preview":"max-video-preview:-1"},"canonical":"https:\/\/brilune.eu\/lv\/product\/cetrvietigs-divans-viesistabai-4\/","og_locale":"lv_LV","og_type":"article","og_title":"\u010cetrviet\u012bgs d\u012bv\u0101ns viesistabai","og_description":"\u0160is modern\u0101 stila \u010detrviet\u012bgais d\u012bv\u0101ns apvieno komfortu ar elegantu izskatu. M\u012bksts b\u0113\u0161s kokvilnas polster\u0113jums rada m\u0101j\u012bgu atmosf\u0113ru, savuk\u0101rt smalki raksta...","og_url":"https:\/\/brilune.eu\/lv\/product\/cetrvietigs-divans-viesistabai-4\/","og_site_name":"Brilune","article_modified_time":"2025-02-19T12:14:09+00:00","og_image":[{"width":1500,"height":1500,"url":"https:\/\/brilune.eu\/wp-content\/uploads\/2025\/01\/7005753.jpg","type":"image\/jpeg"}],"twitter_card":"summary_large_image","twitter_misc":{"Est. reading time":"1 minute"},"schema":{"@context":"https:\/\/schema.org","@graph":[{"@type":"WebPage","@id":"https:\/\/brilune.eu\/lv\/product\/cetrvietigs-divans-viesistabai-4\/","url":"https:\/\/brilune.eu\/lv\/product\/cetrvietigs-divans-viesistabai-4\/","name":"\u010cetrviet\u012bgs d\u012bv\u0101ns viesistabai","isPartOf":{"@id":"https:\/\/brilune.eu\/lv\/#website"},"primaryImageOfPage":{"@id":"https:\/\/brilune.eu\/lv\/product\/cetrvietigs-divans-viesistabai-4\/#primaryimage"},"image":{"@id":"https:\/\/brilune.eu\/lv\/product\/cetrvietigs-divans-viesistabai-4\/#primaryimage"},"thumbnailUrl":"https:\/\/brilune.eu\/wp-content\/uploads\/2025\/01\/7005753.jpg","datePublished":"2025-02-19T11:53:26+00:00","dateModified":"2025-02-19T12:14:09+00:00","description":"\u0160is modern\u0101 stila \u010detrviet\u012bgais d\u012bv\u0101ns apvieno komfortu ar elegantu izskatu. M\u012bksts b\u0113\u0161s kokvilnas polster\u0113jums rada m\u0101j\u012bgu atmosf\u0113ru, savuk\u0101rt smalki raksta...","breadcrumb":{"@id":"https:\/\/brilune.eu\/lv\/product\/cetrvietigs-divans-viesistabai-4\/#breadcrumb"},"inLanguage":"lv-LV","potentialAction":[{"@type":"ReadAction","target":["https:\/\/brilune.eu\/lv\/product\/cetrvietigs-divans-viesistabai-4\/"]}]},{"@type":"ImageObject","inLanguage":"lv-LV","@id":"https:\/\/brilune.eu\/lv\/product\/cetrvietigs-divans-viesistabai-4\/#primaryimage","url":"https:\/\/brilune.eu\/wp-content\/uploads\/2025\/01\/7005753.jpg","contentUrl":"https:\/\/brilune.eu\/wp-content\/uploads\/2025\/01\/7005753.jpg","width":1500,"height":1500},{"@type":"BreadcrumbList","@id":"https:\/\/brilune.eu\/lv\/product\/cetrvietigs-divans-viesistabai-4\/#breadcrumb","itemListElement":[{"@type":"ListItem","position":1,"name":"S\u0101kums","item":"https:\/\/brilune.eu\/lv\/brilune-mebeles\/"},{"@type":"ListItem","position":2,"name":"Visi produkti","item":"https:\/\/brilune.eu\/lv\/shop\/"},{"@type":"ListItem","position":3,"name":"\u010cetrviet\u012bgs d\u012bv\u0101ns viesistabai"}]},{"@type":"WebSite","@id":"https:\/\/brilune.eu\/lv\/#website","url":"https:\/\/brilune.eu\/lv\/","name":"Brilune","description":"M\u0113s pied\u0101v\u0101jam unik\u0101lus un nebiju\u0161us dizainus, kas apvieno eleganci, funkcionalit\u0101ti un rado\u0161umu.","potentialAction":[{"@type":"SearchAction","target":{"@type":"EntryPoint","urlTemplate":"https:\/\/brilune.eu\/lv\/?s={search_term_string}"},"query-input":{"@type":"PropertyValueSpecification","valueRequired":true,"valueName":"search_term_string"}}],"inLanguage":"lv-LV"}]}},"jetpack_sharing_enabled":true,"_links":{"self":[{"href":"https:\/\/brilune.eu\/lv\/wp-json\/wp\/v2\/product\/40230","targetHints":{"allow":["GET"]}}],"collection":[{"href":"https:\/\/brilune.eu\/lv\/wp-json\/wp\/v2\/product"}],"about":[{"href":"https:\/\/brilune.eu\/lv\/wp-json\/wp\/v2\/types\/product"}],"replies":[{"embeddable":true,"href":"https:\/\/brilune.eu\/lv\/wp-json\/wp\/v2\/comments?post=40230"}],"version-history":[{"count":1,"href":"https:\/\/brilune.eu\/lv\/wp-json\/wp\/v2\/product\/40230\/revisions"}],"predecessor-version":[{"id":40270,"href":"https:\/\/brilune.eu\/lv\/wp-json\/wp\/v2\/product\/40230\/revisions\/40270"}],"wp:featuredmedia":[{"embeddable":true,"href":"https:\/\/brilune.eu\/lv\/wp-json\/wp\/v2\/media\/13259"}],"wp:attachment":[{"href":"https:\/\/brilune.eu\/lv\/wp-json\/wp\/v2\/media?parent=40230"}],"wp:term":[{"taxonomy":"product_brand","embeddable":true,"href":"https:\/\/brilune.eu\/lv\/wp-json\/wp\/v2\/product_brand?post=40230"},{"taxonomy":"product_cat","embeddable":true,"href":"https:\/\/brilune.eu\/lv\/wp-json\/wp\/v2\/product_cat?post=40230"},{"taxonomy":"product_tag","embeddable":true,"href":"https:\/\/brilune.eu\/lv\/wp-json\/wp\/v2\/product_tag?post=40230"}],"curies":[{"name":"wp","href":"https:\/\/api.w.org\/{rel}","templated":true}]}}