{"id":40210,"date":"2025-02-19T13:53:24","date_gmt":"2025-02-19T11:53:24","guid":{"rendered":"https:\/\/brilune.eu\/?post_type=product&#038;p=40210"},"modified":"2025-02-19T14:14:03","modified_gmt":"2025-02-19T12:14:03","slug":"cetrvietigs-stura-divans-2","status":"publish","type":"product","link":"https:\/\/brilune.eu\/lv\/product\/cetrvietigs-stura-divans-2\/","title":{"rendered":"\u010cetrviet\u012bgs st\u016bra d\u012bv\u0101ns"},"content":{"rendered":"<p>\u0160is pla\u0161ais un stil\u012bgais \u010detrviet\u012bgais L formas st\u016bra d\u012bv\u0101ns ir ide\u0101ls modernas viesistabas papildin\u0101jums. T\u0101 elegantais smil\u0161kr\u0101sas tonis pie\u0161\u0137ir interjeram izsmalcin\u0101tu izskatu, un \u0101dai l\u012bdz\u012bga materi\u0101la polster\u0113jums padara d\u012bv\u0101nu ne tikai pievilc\u012bgu, bet ar\u012b praktisku. M\u012bkstie muguras spilveni un \u0113rti roku balsti ar spilveniem rada m\u0101j\u012bgu atmosf\u0113ru, kas veicina ilgu atp\u016btu un neform\u0101las sarunas. <\/p>\n<p>St\u016bra da\u013ca, kas atrodas kreisaj\u0101 pus\u0113, nodro\u0161ina papildu vietu atp\u016btai, \u013caujot izstiepties un baud\u012bt komfortu. Iztur\u012bgais koka r\u0101mis nodro\u0161ina uzticam\u012bbu, un d\u016bnu pild\u012bjums padara s\u0113dek\u013cus m\u012bkstus un \u0113rtus. \u0160is d\u012bv\u0101ns ir izstr\u0101d\u0101ts, \u0146emot v\u0113r\u0101 praktiskumu un iztur\u012bbu, pie\u0161\u0137irot j\u016bsu m\u0101jai stil\u012bgu un modernu piesk\u0101rienu.<br \/>\nIzm\u0113ri: 320\u00d7180\u00d787 cm. Materi\u0101li: koks, d\u016bnas.<\/p>\n","protected":false},"excerpt":{"rendered":"<p>\u0160is pla\u0161ais un stil\u012bgais \u010detrviet\u012bgais L formas st\u016bra d\u012bv\u0101ns ir ide\u0101ls modernas viesistabas papildin\u0101jums. T\u0101 elegantais smil\u0161kr\u0101sas tonis pie\u0161\u0137ir interjeram izsmalcin\u0101t\u012bbu&#8230;<\/p>\n","protected":false},"featured_media":13163,"comment_status":"open","ping_status":"closed","template":"","meta":[],"product_brand":[],"product_cat":[5693,3208],"product_tag":[],"class_list":{"0":"post-40210","1":"product","2":"type-product","3":"status-publish","4":"has-post-thumbnail","6":"product_cat-sekcijas-gultas-10","7":"product_cat-sekcijas-gultas-3","9":"first","10":"instock","11":"shipping-taxable","12":"purchasable","13":"product-type-simple"},"yoast_head":"<!-- This site is optimized with the Yoast SEO plugin v26.0 - https:\/\/yoast.com\/wordpress\/plugins\/seo\/ -->\n<title>\u010cetrviet\u012bgs st\u016bra d\u012bv\u0101ns<\/title>\n<meta name=\"description\" content=\"\u0160is pla\u0161ais un stil\u012bgais \u010detrviet\u012bgais L formas st\u016bra d\u012bv\u0101ns ir ide\u0101ls modernas viesistabas papildin\u0101jums. T\u0101 elegantais smil\u0161kr\u0101sas tonis pie\u0161\u0137ir interjeram izsmalcin\u0101t\u012bbu...\" \/>\n<meta name=\"robots\" content=\"index, follow, max-snippet:-1, max-image-preview:large, max-video-preview:-1\" \/>\n<link rel=\"canonical\" href=\"https:\/\/brilune.eu\/lv\/product\/cetrvietigs-stura-divans-2\/\" \/>\n<meta property=\"og:locale\" content=\"lv_LV\" \/>\n<meta property=\"og:type\" content=\"article\" \/>\n<meta property=\"og:title\" content=\"\u010cetrviet\u012bgs st\u016bra d\u012bv\u0101ns\" \/>\n<meta property=\"og:description\" content=\"\u0160is pla\u0161ais un stil\u012bgais \u010detrviet\u012bgais L formas st\u016bra d\u012bv\u0101ns ir ide\u0101ls modernas viesistabas papildin\u0101jums. T\u0101 elegantais smil\u0161kr\u0101sas tonis pie\u0161\u0137ir interjeram izsmalcin\u0101t\u012bbu...\" \/>\n<meta property=\"og:url\" content=\"https:\/\/brilune.eu\/lv\/product\/cetrvietigs-stura-divans-2\/\" \/>\n<meta property=\"og:site_name\" content=\"Brilune\" \/>\n<meta property=\"article:modified_time\" content=\"2025-02-19T12:14:03+00:00\" \/>\n<meta property=\"og:image\" content=\"https:\/\/brilune.eu\/wp-content\/uploads\/2025\/01\/9662893.jpg\" \/>\n\t<meta property=\"og:image:width\" content=\"1500\" \/>\n\t<meta property=\"og:image:height\" content=\"1500\" \/>\n\t<meta property=\"og:image:type\" content=\"image\/jpeg\" \/>\n<meta name=\"twitter:card\" content=\"summary_large_image\" \/>\n<meta name=\"twitter:label1\" content=\"Est. reading time\" \/>\n\t<meta name=\"twitter:data1\" content=\"1 minute\" \/>\n<script type=\"application\/ld+json\" class=\"yoast-schema-graph\">{\"@context\":\"https:\/\/schema.org\",\"@graph\":[{\"@type\":\"WebPage\",\"@id\":\"https:\/\/brilune.eu\/lv\/product\/cetrvietigs-stura-divans-2\/\",\"url\":\"https:\/\/brilune.eu\/lv\/product\/cetrvietigs-stura-divans-2\/\",\"name\":\"\u010cetrviet\u012bgs st\u016bra d\u012bv\u0101ns\",\"isPartOf\":{\"@id\":\"https:\/\/brilune.eu\/lv\/#website\"},\"primaryImageOfPage\":{\"@id\":\"https:\/\/brilune.eu\/lv\/product\/cetrvietigs-stura-divans-2\/#primaryimage\"},\"image\":{\"@id\":\"https:\/\/brilune.eu\/lv\/product\/cetrvietigs-stura-divans-2\/#primaryimage\"},\"thumbnailUrl\":\"https:\/\/brilune.eu\/wp-content\/uploads\/2025\/01\/9662893.jpg\",\"datePublished\":\"2025-02-19T11:53:24+00:00\",\"dateModified\":\"2025-02-19T12:14:03+00:00\",\"description\":\"\u0160is pla\u0161ais un stil\u012bgais \u010detrviet\u012bgais L formas st\u016bra d\u012bv\u0101ns ir ide\u0101ls modernas viesistabas papildin\u0101jums. T\u0101 elegantais smil\u0161kr\u0101sas tonis pie\u0161\u0137ir interjeram izsmalcin\u0101t\u012bbu...\",\"breadcrumb\":{\"@id\":\"https:\/\/brilune.eu\/lv\/product\/cetrvietigs-stura-divans-2\/#breadcrumb\"},\"inLanguage\":\"lv-LV\",\"potentialAction\":[{\"@type\":\"ReadAction\",\"target\":[\"https:\/\/brilune.eu\/lv\/product\/cetrvietigs-stura-divans-2\/\"]}]},{\"@type\":\"ImageObject\",\"inLanguage\":\"lv-LV\",\"@id\":\"https:\/\/brilune.eu\/lv\/product\/cetrvietigs-stura-divans-2\/#primaryimage\",\"url\":\"https:\/\/brilune.eu\/wp-content\/uploads\/2025\/01\/9662893.jpg\",\"contentUrl\":\"https:\/\/brilune.eu\/wp-content\/uploads\/2025\/01\/9662893.jpg\",\"width\":1500,\"height\":1500},{\"@type\":\"BreadcrumbList\",\"@id\":\"https:\/\/brilune.eu\/lv\/product\/cetrvietigs-stura-divans-2\/#breadcrumb\",\"itemListElement\":[{\"@type\":\"ListItem\",\"position\":1,\"name\":\"S\u0101kums\",\"item\":\"https:\/\/brilune.eu\/lv\/brilune-mebeles\/\"},{\"@type\":\"ListItem\",\"position\":2,\"name\":\"Visi produkti\",\"item\":\"https:\/\/brilune.eu\/lv\/shop\/\"},{\"@type\":\"ListItem\",\"position\":3,\"name\":\"\u010cetrviet\u012bgs st\u016bra d\u012bv\u0101ns\"}]},{\"@type\":\"WebSite\",\"@id\":\"https:\/\/brilune.eu\/lv\/#website\",\"url\":\"https:\/\/brilune.eu\/lv\/\",\"name\":\"Brilune\",\"description\":\"M\u0113s pied\u0101v\u0101jam unik\u0101lus un nebiju\u0161us dizainus, kas apvieno eleganci, funkcionalit\u0101ti un rado\u0161umu.\",\"potentialAction\":[{\"@type\":\"SearchAction\",\"target\":{\"@type\":\"EntryPoint\",\"urlTemplate\":\"https:\/\/brilune.eu\/lv\/?s={search_term_string}\"},\"query-input\":{\"@type\":\"PropertyValueSpecification\",\"valueRequired\":true,\"valueName\":\"search_term_string\"}}],\"inLanguage\":\"lv-LV\"}]}<\/script>\n<!-- \/ Yoast SEO plugin. -->","yoast_head_json":{"title":"\u010cetrviet\u012bgs st\u016bra d\u012bv\u0101ns","description":"\u0160is pla\u0161ais un stil\u012bgais \u010detrviet\u012bgais L formas st\u016bra d\u012bv\u0101ns ir ide\u0101ls modernas viesistabas papildin\u0101jums. T\u0101 elegantais smil\u0161kr\u0101sas tonis pie\u0161\u0137ir interjeram izsmalcin\u0101t\u012bbu...","robots":{"index":"index","follow":"follow","max-snippet":"max-snippet:-1","max-image-preview":"max-image-preview:large","max-video-preview":"max-video-preview:-1"},"canonical":"https:\/\/brilune.eu\/lv\/product\/cetrvietigs-stura-divans-2\/","og_locale":"lv_LV","og_type":"article","og_title":"\u010cetrviet\u012bgs st\u016bra d\u012bv\u0101ns","og_description":"\u0160is pla\u0161ais un stil\u012bgais \u010detrviet\u012bgais L formas st\u016bra d\u012bv\u0101ns ir ide\u0101ls modernas viesistabas papildin\u0101jums. T\u0101 elegantais smil\u0161kr\u0101sas tonis pie\u0161\u0137ir interjeram izsmalcin\u0101t\u012bbu...","og_url":"https:\/\/brilune.eu\/lv\/product\/cetrvietigs-stura-divans-2\/","og_site_name":"Brilune","article_modified_time":"2025-02-19T12:14:03+00:00","og_image":[{"width":1500,"height":1500,"url":"https:\/\/brilune.eu\/wp-content\/uploads\/2025\/01\/9662893.jpg","type":"image\/jpeg"}],"twitter_card":"summary_large_image","twitter_misc":{"Est. reading time":"1 minute"},"schema":{"@context":"https:\/\/schema.org","@graph":[{"@type":"WebPage","@id":"https:\/\/brilune.eu\/lv\/product\/cetrvietigs-stura-divans-2\/","url":"https:\/\/brilune.eu\/lv\/product\/cetrvietigs-stura-divans-2\/","name":"\u010cetrviet\u012bgs st\u016bra d\u012bv\u0101ns","isPartOf":{"@id":"https:\/\/brilune.eu\/lv\/#website"},"primaryImageOfPage":{"@id":"https:\/\/brilune.eu\/lv\/product\/cetrvietigs-stura-divans-2\/#primaryimage"},"image":{"@id":"https:\/\/brilune.eu\/lv\/product\/cetrvietigs-stura-divans-2\/#primaryimage"},"thumbnailUrl":"https:\/\/brilune.eu\/wp-content\/uploads\/2025\/01\/9662893.jpg","datePublished":"2025-02-19T11:53:24+00:00","dateModified":"2025-02-19T12:14:03+00:00","description":"\u0160is pla\u0161ais un stil\u012bgais \u010detrviet\u012bgais L formas st\u016bra d\u012bv\u0101ns ir ide\u0101ls modernas viesistabas papildin\u0101jums. T\u0101 elegantais smil\u0161kr\u0101sas tonis pie\u0161\u0137ir interjeram izsmalcin\u0101t\u012bbu...","breadcrumb":{"@id":"https:\/\/brilune.eu\/lv\/product\/cetrvietigs-stura-divans-2\/#breadcrumb"},"inLanguage":"lv-LV","potentialAction":[{"@type":"ReadAction","target":["https:\/\/brilune.eu\/lv\/product\/cetrvietigs-stura-divans-2\/"]}]},{"@type":"ImageObject","inLanguage":"lv-LV","@id":"https:\/\/brilune.eu\/lv\/product\/cetrvietigs-stura-divans-2\/#primaryimage","url":"https:\/\/brilune.eu\/wp-content\/uploads\/2025\/01\/9662893.jpg","contentUrl":"https:\/\/brilune.eu\/wp-content\/uploads\/2025\/01\/9662893.jpg","width":1500,"height":1500},{"@type":"BreadcrumbList","@id":"https:\/\/brilune.eu\/lv\/product\/cetrvietigs-stura-divans-2\/#breadcrumb","itemListElement":[{"@type":"ListItem","position":1,"name":"S\u0101kums","item":"https:\/\/brilune.eu\/lv\/brilune-mebeles\/"},{"@type":"ListItem","position":2,"name":"Visi produkti","item":"https:\/\/brilune.eu\/lv\/shop\/"},{"@type":"ListItem","position":3,"name":"\u010cetrviet\u012bgs st\u016bra d\u012bv\u0101ns"}]},{"@type":"WebSite","@id":"https:\/\/brilune.eu\/lv\/#website","url":"https:\/\/brilune.eu\/lv\/","name":"Brilune","description":"M\u0113s pied\u0101v\u0101jam unik\u0101lus un nebiju\u0161us dizainus, kas apvieno eleganci, funkcionalit\u0101ti un rado\u0161umu.","potentialAction":[{"@type":"SearchAction","target":{"@type":"EntryPoint","urlTemplate":"https:\/\/brilune.eu\/lv\/?s={search_term_string}"},"query-input":{"@type":"PropertyValueSpecification","valueRequired":true,"valueName":"search_term_string"}}],"inLanguage":"lv-LV"}]}},"jetpack_sharing_enabled":true,"_links":{"self":[{"href":"https:\/\/brilune.eu\/lv\/wp-json\/wp\/v2\/product\/40210","targetHints":{"allow":["GET"]}}],"collection":[{"href":"https:\/\/brilune.eu\/lv\/wp-json\/wp\/v2\/product"}],"about":[{"href":"https:\/\/brilune.eu\/lv\/wp-json\/wp\/v2\/types\/product"}],"replies":[{"embeddable":true,"href":"https:\/\/brilune.eu\/lv\/wp-json\/wp\/v2\/comments?post=40210"}],"version-history":[{"count":1,"href":"https:\/\/brilune.eu\/lv\/wp-json\/wp\/v2\/product\/40210\/revisions"}],"predecessor-version":[{"id":40261,"href":"https:\/\/brilune.eu\/lv\/wp-json\/wp\/v2\/product\/40210\/revisions\/40261"}],"wp:featuredmedia":[{"embeddable":true,"href":"https:\/\/brilune.eu\/lv\/wp-json\/wp\/v2\/media\/13163"}],"wp:attachment":[{"href":"https:\/\/brilune.eu\/lv\/wp-json\/wp\/v2\/media?parent=40210"}],"wp:term":[{"taxonomy":"product_brand","embeddable":true,"href":"https:\/\/brilune.eu\/lv\/wp-json\/wp\/v2\/product_brand?post=40210"},{"taxonomy":"product_cat","embeddable":true,"href":"https:\/\/brilune.eu\/lv\/wp-json\/wp\/v2\/product_cat?post=40210"},{"taxonomy":"product_tag","embeddable":true,"href":"https:\/\/brilune.eu\/lv\/wp-json\/wp\/v2\/product_tag?post=40210"}],"curies":[{"name":"wp","href":"https:\/\/api.w.org\/{rel}","templated":true}]}}