{"id":40196,"date":"2025-02-19T13:53:00","date_gmt":"2025-02-19T11:53:00","guid":{"rendered":"https:\/\/brilune.eu\/?post_type=product&#038;p=40196"},"modified":"2025-02-19T14:14:01","modified_gmt":"2025-02-19T12:14:01","slug":"cetrvietigs-divans-viesistabai-3","status":"publish","type":"product","link":"https:\/\/brilune.eu\/lv\/product\/cetrvietigs-divans-viesistabai-3\/","title":{"rendered":"\u010cetrviet\u012bgs d\u012bv\u0101ns viesistabai"},"content":{"rendered":"<p>Pla\u0161s \u010detrviet\u012bgs d\u012bv\u0101ns m\u016bsdien\u012bg\u0101 stil\u0101 b\u016bs lielisks risin\u0101jums m\u0101j\u012bgas un stil\u012bgas atp\u016btas zonas izveidei. \u0160aj\u0101 d\u012bv\u0101n\u0101 var \u0113rti s\u0113d\u0113t l\u012bdz se\u0161iem cilv\u0113kiem, t\u0101p\u0113c tas ir ide\u0101li piem\u0113rots liel\u0101m \u0123imenes sapulc\u0113m vai kop\u0101 b\u016b\u0161anai ar draugiem. B\u0113\u0161a \u0101das apdare nodro\u0161ina elegantu izskatu un ir traipu un mitrumiztur\u012bga, nodro\u0161inot vieglu kop\u0161anu un ilgu kalpo\u0161anas laiku. Spilvenam l\u012bdz\u012bg\u0101 atzveltne nodro\u0161ina \u0113rtu atbalstu, savuk\u0101rt m\u012bkstie, polster\u0113tie roku balsti pie\u0161\u0137ir omul\u012bgu, m\u0101j\u012bgu saj\u016btu maksim\u0101lai relaks\u0101cijai.<\/p>\n<p>Koka r\u0101mis nodro\u0161ina iztur\u012bbu un stabilit\u0101ti, savuk\u0101rt lateksa pild\u012bjums pie\u0161\u0137ir s\u0113dek\u013ciem pat\u012bkamu elast\u012bbu, saglab\u0101jot formu p\u0113c ilgsto\u0161as \u200b\u200blieto\u0161anas. \u0160is d\u012bv\u0101ns ir ne tikai stil\u012bgs, bet ar\u012b praktisks, harmoniski iek\u013caujas jebkur\u0101 interjer\u0101 un var k\u013c\u016bt par j\u016bsu viesistabas centr\u0101lo elementu.<br \/>\nIzm\u0113ri: 320\u00d795\u00d787 cm. Materi\u0101li: koks, latekss.<\/p>\n","protected":false},"excerpt":{"rendered":"<p>Pla\u0161s \u010detrviet\u012bgs d\u012bv\u0101ns m\u016bsdien\u012bg\u0101 stil\u0101 b\u016bs lielisks risin\u0101jums m\u0101j\u012bgas un stil\u012bgas atp\u016btas zonas izveidei. \u0160aj\u0101 d\u012bv\u0101n\u0101 var \u0113rti s\u0113d\u0113t&#8230;<\/p>\n","protected":false},"featured_media":13199,"comment_status":"open","ping_status":"closed","template":"","meta":[],"product_brand":[],"product_cat":[3208,5693],"product_tag":[],"class_list":{"0":"post-40196","1":"product","2":"type-product","3":"status-publish","4":"has-post-thumbnail","6":"product_cat-sekcijas-gultas-3","7":"product_cat-sekcijas-gultas-10","9":"first","10":"instock","11":"shipping-taxable","12":"purchasable","13":"product-type-simple"},"yoast_head":"<!-- This site is optimized with the Yoast SEO plugin v26.0 - https:\/\/yoast.com\/wordpress\/plugins\/seo\/ -->\n<title>\u010cetrviet\u012bgs d\u012bv\u0101ns viesistabai<\/title>\n<meta name=\"description\" content=\"Pla\u0161s \u010detrviet\u012bgs d\u012bv\u0101ns m\u016bsdien\u012bg\u0101 stil\u0101 b\u016bs lielisks risin\u0101jums m\u0101j\u012bgas un stil\u012bgas atp\u016btas zonas izveidei. \u0160aj\u0101 d\u012bv\u0101n\u0101 var \u0113rti s\u0113d\u0113t...\" \/>\n<meta name=\"robots\" content=\"index, follow, max-snippet:-1, max-image-preview:large, max-video-preview:-1\" \/>\n<link rel=\"canonical\" href=\"https:\/\/brilune.eu\/lv\/product\/cetrvietigs-divans-viesistabai-3\/\" \/>\n<meta property=\"og:locale\" content=\"lv_LV\" \/>\n<meta property=\"og:type\" content=\"article\" \/>\n<meta property=\"og:title\" content=\"\u010cetrviet\u012bgs d\u012bv\u0101ns viesistabai\" \/>\n<meta property=\"og:description\" content=\"Pla\u0161s \u010detrviet\u012bgs d\u012bv\u0101ns m\u016bsdien\u012bg\u0101 stil\u0101 b\u016bs lielisks risin\u0101jums m\u0101j\u012bgas un stil\u012bgas atp\u016btas zonas izveidei. \u0160aj\u0101 d\u012bv\u0101n\u0101 var \u0113rti s\u0113d\u0113t...\" \/>\n<meta property=\"og:url\" content=\"https:\/\/brilune.eu\/lv\/product\/cetrvietigs-divans-viesistabai-3\/\" \/>\n<meta property=\"og:site_name\" content=\"Brilune\" \/>\n<meta property=\"article:modified_time\" content=\"2025-02-19T12:14:01+00:00\" \/>\n<meta property=\"og:image\" content=\"https:\/\/brilune.eu\/wp-content\/uploads\/2025\/01\/9662901.jpg\" \/>\n\t<meta property=\"og:image:width\" content=\"1500\" \/>\n\t<meta property=\"og:image:height\" content=\"1500\" \/>\n\t<meta property=\"og:image:type\" content=\"image\/jpeg\" \/>\n<meta name=\"twitter:card\" content=\"summary_large_image\" \/>\n<meta name=\"twitter:label1\" content=\"Est. reading time\" \/>\n\t<meta name=\"twitter:data1\" content=\"1 minute\" \/>\n<script type=\"application\/ld+json\" class=\"yoast-schema-graph\">{\"@context\":\"https:\/\/schema.org\",\"@graph\":[{\"@type\":\"WebPage\",\"@id\":\"https:\/\/brilune.eu\/lv\/product\/cetrvietigs-divans-viesistabai-3\/\",\"url\":\"https:\/\/brilune.eu\/lv\/product\/cetrvietigs-divans-viesistabai-3\/\",\"name\":\"\u010cetrviet\u012bgs d\u012bv\u0101ns viesistabai\",\"isPartOf\":{\"@id\":\"https:\/\/brilune.eu\/lv\/#website\"},\"primaryImageOfPage\":{\"@id\":\"https:\/\/brilune.eu\/lv\/product\/cetrvietigs-divans-viesistabai-3\/#primaryimage\"},\"image\":{\"@id\":\"https:\/\/brilune.eu\/lv\/product\/cetrvietigs-divans-viesistabai-3\/#primaryimage\"},\"thumbnailUrl\":\"https:\/\/brilune.eu\/wp-content\/uploads\/2025\/01\/9662901.jpg\",\"datePublished\":\"2025-02-19T11:53:00+00:00\",\"dateModified\":\"2025-02-19T12:14:01+00:00\",\"description\":\"Pla\u0161s \u010detrviet\u012bgs d\u012bv\u0101ns m\u016bsdien\u012bg\u0101 stil\u0101 b\u016bs lielisks risin\u0101jums m\u0101j\u012bgas un stil\u012bgas atp\u016btas zonas izveidei. \u0160aj\u0101 d\u012bv\u0101n\u0101 var \u0113rti s\u0113d\u0113t...\",\"breadcrumb\":{\"@id\":\"https:\/\/brilune.eu\/lv\/product\/cetrvietigs-divans-viesistabai-3\/#breadcrumb\"},\"inLanguage\":\"lv-LV\",\"potentialAction\":[{\"@type\":\"ReadAction\",\"target\":[\"https:\/\/brilune.eu\/lv\/product\/cetrvietigs-divans-viesistabai-3\/\"]}]},{\"@type\":\"ImageObject\",\"inLanguage\":\"lv-LV\",\"@id\":\"https:\/\/brilune.eu\/lv\/product\/cetrvietigs-divans-viesistabai-3\/#primaryimage\",\"url\":\"https:\/\/brilune.eu\/wp-content\/uploads\/2025\/01\/9662901.jpg\",\"contentUrl\":\"https:\/\/brilune.eu\/wp-content\/uploads\/2025\/01\/9662901.jpg\",\"width\":1500,\"height\":1500},{\"@type\":\"BreadcrumbList\",\"@id\":\"https:\/\/brilune.eu\/lv\/product\/cetrvietigs-divans-viesistabai-3\/#breadcrumb\",\"itemListElement\":[{\"@type\":\"ListItem\",\"position\":1,\"name\":\"S\u0101kums\",\"item\":\"https:\/\/brilune.eu\/lv\/brilune-mebeles\/\"},{\"@type\":\"ListItem\",\"position\":2,\"name\":\"Visi produkti\",\"item\":\"https:\/\/brilune.eu\/lv\/shop\/\"},{\"@type\":\"ListItem\",\"position\":3,\"name\":\"\u010cetrviet\u012bgs d\u012bv\u0101ns viesistabai\"}]},{\"@type\":\"WebSite\",\"@id\":\"https:\/\/brilune.eu\/lv\/#website\",\"url\":\"https:\/\/brilune.eu\/lv\/\",\"name\":\"Brilune\",\"description\":\"M\u0113s pied\u0101v\u0101jam unik\u0101lus un nebiju\u0161us dizainus, kas apvieno eleganci, funkcionalit\u0101ti un rado\u0161umu.\",\"potentialAction\":[{\"@type\":\"SearchAction\",\"target\":{\"@type\":\"EntryPoint\",\"urlTemplate\":\"https:\/\/brilune.eu\/lv\/?s={search_term_string}\"},\"query-input\":{\"@type\":\"PropertyValueSpecification\",\"valueRequired\":true,\"valueName\":\"search_term_string\"}}],\"inLanguage\":\"lv-LV\"}]}<\/script>\n<!-- \/ Yoast SEO plugin. -->","yoast_head_json":{"title":"\u010cetrviet\u012bgs d\u012bv\u0101ns viesistabai","description":"Pla\u0161s \u010detrviet\u012bgs d\u012bv\u0101ns m\u016bsdien\u012bg\u0101 stil\u0101 b\u016bs lielisks risin\u0101jums m\u0101j\u012bgas un stil\u012bgas atp\u016btas zonas izveidei. \u0160aj\u0101 d\u012bv\u0101n\u0101 var \u0113rti s\u0113d\u0113t...","robots":{"index":"index","follow":"follow","max-snippet":"max-snippet:-1","max-image-preview":"max-image-preview:large","max-video-preview":"max-video-preview:-1"},"canonical":"https:\/\/brilune.eu\/lv\/product\/cetrvietigs-divans-viesistabai-3\/","og_locale":"lv_LV","og_type":"article","og_title":"\u010cetrviet\u012bgs d\u012bv\u0101ns viesistabai","og_description":"Pla\u0161s \u010detrviet\u012bgs d\u012bv\u0101ns m\u016bsdien\u012bg\u0101 stil\u0101 b\u016bs lielisks risin\u0101jums m\u0101j\u012bgas un stil\u012bgas atp\u016btas zonas izveidei. \u0160aj\u0101 d\u012bv\u0101n\u0101 var \u0113rti s\u0113d\u0113t...","og_url":"https:\/\/brilune.eu\/lv\/product\/cetrvietigs-divans-viesistabai-3\/","og_site_name":"Brilune","article_modified_time":"2025-02-19T12:14:01+00:00","og_image":[{"width":1500,"height":1500,"url":"https:\/\/brilune.eu\/wp-content\/uploads\/2025\/01\/9662901.jpg","type":"image\/jpeg"}],"twitter_card":"summary_large_image","twitter_misc":{"Est. reading time":"1 minute"},"schema":{"@context":"https:\/\/schema.org","@graph":[{"@type":"WebPage","@id":"https:\/\/brilune.eu\/lv\/product\/cetrvietigs-divans-viesistabai-3\/","url":"https:\/\/brilune.eu\/lv\/product\/cetrvietigs-divans-viesistabai-3\/","name":"\u010cetrviet\u012bgs d\u012bv\u0101ns viesistabai","isPartOf":{"@id":"https:\/\/brilune.eu\/lv\/#website"},"primaryImageOfPage":{"@id":"https:\/\/brilune.eu\/lv\/product\/cetrvietigs-divans-viesistabai-3\/#primaryimage"},"image":{"@id":"https:\/\/brilune.eu\/lv\/product\/cetrvietigs-divans-viesistabai-3\/#primaryimage"},"thumbnailUrl":"https:\/\/brilune.eu\/wp-content\/uploads\/2025\/01\/9662901.jpg","datePublished":"2025-02-19T11:53:00+00:00","dateModified":"2025-02-19T12:14:01+00:00","description":"Pla\u0161s \u010detrviet\u012bgs d\u012bv\u0101ns m\u016bsdien\u012bg\u0101 stil\u0101 b\u016bs lielisks risin\u0101jums m\u0101j\u012bgas un stil\u012bgas atp\u016btas zonas izveidei. \u0160aj\u0101 d\u012bv\u0101n\u0101 var \u0113rti s\u0113d\u0113t...","breadcrumb":{"@id":"https:\/\/brilune.eu\/lv\/product\/cetrvietigs-divans-viesistabai-3\/#breadcrumb"},"inLanguage":"lv-LV","potentialAction":[{"@type":"ReadAction","target":["https:\/\/brilune.eu\/lv\/product\/cetrvietigs-divans-viesistabai-3\/"]}]},{"@type":"ImageObject","inLanguage":"lv-LV","@id":"https:\/\/brilune.eu\/lv\/product\/cetrvietigs-divans-viesistabai-3\/#primaryimage","url":"https:\/\/brilune.eu\/wp-content\/uploads\/2025\/01\/9662901.jpg","contentUrl":"https:\/\/brilune.eu\/wp-content\/uploads\/2025\/01\/9662901.jpg","width":1500,"height":1500},{"@type":"BreadcrumbList","@id":"https:\/\/brilune.eu\/lv\/product\/cetrvietigs-divans-viesistabai-3\/#breadcrumb","itemListElement":[{"@type":"ListItem","position":1,"name":"S\u0101kums","item":"https:\/\/brilune.eu\/lv\/brilune-mebeles\/"},{"@type":"ListItem","position":2,"name":"Visi produkti","item":"https:\/\/brilune.eu\/lv\/shop\/"},{"@type":"ListItem","position":3,"name":"\u010cetrviet\u012bgs d\u012bv\u0101ns viesistabai"}]},{"@type":"WebSite","@id":"https:\/\/brilune.eu\/lv\/#website","url":"https:\/\/brilune.eu\/lv\/","name":"Brilune","description":"M\u0113s pied\u0101v\u0101jam unik\u0101lus un nebiju\u0161us dizainus, kas apvieno eleganci, funkcionalit\u0101ti un rado\u0161umu.","potentialAction":[{"@type":"SearchAction","target":{"@type":"EntryPoint","urlTemplate":"https:\/\/brilune.eu\/lv\/?s={search_term_string}"},"query-input":{"@type":"PropertyValueSpecification","valueRequired":true,"valueName":"search_term_string"}}],"inLanguage":"lv-LV"}]}},"jetpack_sharing_enabled":true,"_links":{"self":[{"href":"https:\/\/brilune.eu\/lv\/wp-json\/wp\/v2\/product\/40196","targetHints":{"allow":["GET"]}}],"collection":[{"href":"https:\/\/brilune.eu\/lv\/wp-json\/wp\/v2\/product"}],"about":[{"href":"https:\/\/brilune.eu\/lv\/wp-json\/wp\/v2\/types\/product"}],"replies":[{"embeddable":true,"href":"https:\/\/brilune.eu\/lv\/wp-json\/wp\/v2\/comments?post=40196"}],"version-history":[{"count":1,"href":"https:\/\/brilune.eu\/lv\/wp-json\/wp\/v2\/product\/40196\/revisions"}],"predecessor-version":[{"id":40248,"href":"https:\/\/brilune.eu\/lv\/wp-json\/wp\/v2\/product\/40196\/revisions\/40248"}],"wp:featuredmedia":[{"embeddable":true,"href":"https:\/\/brilune.eu\/lv\/wp-json\/wp\/v2\/media\/13199"}],"wp:attachment":[{"href":"https:\/\/brilune.eu\/lv\/wp-json\/wp\/v2\/media?parent=40196"}],"wp:term":[{"taxonomy":"product_brand","embeddable":true,"href":"https:\/\/brilune.eu\/lv\/wp-json\/wp\/v2\/product_brand?post=40196"},{"taxonomy":"product_cat","embeddable":true,"href":"https:\/\/brilune.eu\/lv\/wp-json\/wp\/v2\/product_cat?post=40196"},{"taxonomy":"product_tag","embeddable":true,"href":"https:\/\/brilune.eu\/lv\/wp-json\/wp\/v2\/product_tag?post=40196"}],"curies":[{"name":"wp","href":"https:\/\/api.w.org\/{rel}","templated":true}]}}