{"id":40193,"date":"2025-02-19T13:52:59","date_gmt":"2025-02-19T11:52:59","guid":{"rendered":"https:\/\/brilune.eu\/?post_type=product&#038;p=40193"},"modified":"2025-02-19T14:13:57","modified_gmt":"2025-02-19T12:13:57","slug":"trisvietigs-divans-viesistabai-4","status":"publish","type":"product","link":"https:\/\/brilune.eu\/lv\/product\/trisvietigs-divans-viesistabai-4\/","title":{"rendered":"Tr\u012bsviet\u012bgs d\u012bv\u0101ns viesistabai"},"content":{"rendered":"<p>Elegants tr\u012bsviet\u012bgais d\u012bv\u0101ns m\u016bsdien\u012bg\u0101 stil\u0101 apvieno praktiskumu un komfortu, radot m\u0101j\u012bgu atmosf\u0113ru jebkur\u0101 interjer\u0101. \u0160is pla\u0161ais d\u012bv\u0101ns nodro\u0161ina \u0113rtu s\u0113dvietu visai \u0123imenei vai draugu grupai. Ap\u0161uvums, kas izgatavots no \u0101das imit\u0101cijas materi\u0101la b\u0113\u0161\u0101 kr\u0101s\u0101, pie\u0161\u0137ir d\u012bv\u0101nam stil\u012bgu un izsmalcin\u0101tu izskatu, ko var viegli kombin\u0113t ar da\u017e\u0101diem interjera elementiem. \u0112rti atzveltnes spilveni un polster\u0113ti roku balsti ar papildu polster\u0113jumu papildina komfortu un atbalstu relaks\u0113jo\u0161ai atp\u016btai p\u0113c garas dienas.<\/p>\n<p>Iztur\u012bgais koka r\u0101mis nodro\u0161ina stabilit\u0101ti un iztur\u012bbu, savuk\u0101rt lateksa pild\u012bjums nodro\u0161ina maigumu un atbalstu, piel\u0101gojoties \u0137erme\u0146a formai un atgrie\u017eoties sav\u0101 form\u0101 p\u0113c lieto\u0161anas. Polster\u0113jums ir \u016bdens un traipu iztur\u012bgs, padarot d\u012bv\u0101nu par praktisku risin\u0101jumu \u0123imen\u0113m ar b\u0113rniem un omul\u012bgu vakaru ar dz\u0113rieniem cien\u012bt\u0101jiem. Ar savu izm\u0113ru un p\u0101rdom\u0101to dizainu \u0161is d\u012bv\u0101ns k\u013c\u016bs par j\u016bsu viesistabas centr\u0101lo elementu, nodro\u0161inot gan stilu, gan funkcionalit\u0101ti.<br \/>\nIzm\u0113ri: 275\u00d795\u00d787 cm. Materi\u0101li: koks, latekss.<\/p>\n","protected":false},"excerpt":{"rendered":"<p>Elegants tr\u012bsviet\u012bgais d\u012bv\u0101ns m\u016bsdien\u012bg\u0101 stil\u0101 apvieno praktiskumu un komfortu, radot m\u0101j\u012bgu atmosf\u0113ru jebkur\u0101 interjer\u0101. \u0160is pla\u0161ais d\u012bv\u0101ns nodro\u0161ina komfortu&#8230;<\/p>\n","protected":false},"featured_media":13195,"comment_status":"open","ping_status":"closed","template":"","meta":[],"product_brand":[],"product_cat":[5693,3208],"product_tag":[],"class_list":{"0":"post-40193","1":"product","2":"type-product","3":"status-publish","4":"has-post-thumbnail","6":"product_cat-sekcijas-gultas-10","7":"product_cat-sekcijas-gultas-3","9":"first","10":"instock","11":"shipping-taxable","12":"purchasable","13":"product-type-simple"},"yoast_head":"<!-- This site is optimized with the Yoast SEO plugin v26.0 - https:\/\/yoast.com\/wordpress\/plugins\/seo\/ -->\n<title>Tr\u012bsviet\u012bgs d\u012bv\u0101ns viesistabai<\/title>\n<meta name=\"description\" content=\"Elegants tr\u012bsviet\u012bgais d\u012bv\u0101ns m\u016bsdien\u012bg\u0101 stil\u0101 apvieno praktiskumu un komfortu, radot m\u0101j\u012bgu atmosf\u0113ru jebkur\u0101 interjer\u0101. \u0160is pla\u0161ais d\u012bv\u0101ns nodro\u0161ina komfortu...\" \/>\n<meta name=\"robots\" content=\"index, follow, max-snippet:-1, max-image-preview:large, max-video-preview:-1\" \/>\n<link rel=\"canonical\" href=\"https:\/\/brilune.eu\/lv\/product\/trisvietigs-divans-viesistabai-4\/\" \/>\n<meta property=\"og:locale\" content=\"lv_LV\" \/>\n<meta property=\"og:type\" content=\"article\" \/>\n<meta property=\"og:title\" content=\"Tr\u012bsviet\u012bgs d\u012bv\u0101ns viesistabai\" \/>\n<meta property=\"og:description\" content=\"Elegants tr\u012bsviet\u012bgais d\u012bv\u0101ns m\u016bsdien\u012bg\u0101 stil\u0101 apvieno praktiskumu un komfortu, radot m\u0101j\u012bgu atmosf\u0113ru jebkur\u0101 interjer\u0101. \u0160is pla\u0161ais d\u012bv\u0101ns nodro\u0161ina komfortu...\" \/>\n<meta property=\"og:url\" content=\"https:\/\/brilune.eu\/lv\/product\/trisvietigs-divans-viesistabai-4\/\" \/>\n<meta property=\"og:site_name\" content=\"Brilune\" \/>\n<meta property=\"article:modified_time\" content=\"2025-02-19T12:13:57+00:00\" \/>\n<meta property=\"og:image\" content=\"https:\/\/brilune.eu\/wp-content\/uploads\/2025\/01\/9662899.jpg\" \/>\n\t<meta property=\"og:image:width\" content=\"1500\" \/>\n\t<meta property=\"og:image:height\" content=\"1500\" \/>\n\t<meta property=\"og:image:type\" content=\"image\/jpeg\" \/>\n<meta name=\"twitter:card\" content=\"summary_large_image\" \/>\n<meta name=\"twitter:label1\" content=\"Est. reading time\" \/>\n\t<meta name=\"twitter:data1\" content=\"1 minute\" \/>\n<script type=\"application\/ld+json\" class=\"yoast-schema-graph\">{\"@context\":\"https:\/\/schema.org\",\"@graph\":[{\"@type\":\"WebPage\",\"@id\":\"https:\/\/brilune.eu\/lv\/product\/trisvietigs-divans-viesistabai-4\/\",\"url\":\"https:\/\/brilune.eu\/lv\/product\/trisvietigs-divans-viesistabai-4\/\",\"name\":\"Tr\u012bsviet\u012bgs d\u012bv\u0101ns viesistabai\",\"isPartOf\":{\"@id\":\"https:\/\/brilune.eu\/lv\/#website\"},\"primaryImageOfPage\":{\"@id\":\"https:\/\/brilune.eu\/lv\/product\/trisvietigs-divans-viesistabai-4\/#primaryimage\"},\"image\":{\"@id\":\"https:\/\/brilune.eu\/lv\/product\/trisvietigs-divans-viesistabai-4\/#primaryimage\"},\"thumbnailUrl\":\"https:\/\/brilune.eu\/wp-content\/uploads\/2025\/01\/9662899.jpg\",\"datePublished\":\"2025-02-19T11:52:59+00:00\",\"dateModified\":\"2025-02-19T12:13:57+00:00\",\"description\":\"Elegants tr\u012bsviet\u012bgais d\u012bv\u0101ns m\u016bsdien\u012bg\u0101 stil\u0101 apvieno praktiskumu un komfortu, radot m\u0101j\u012bgu atmosf\u0113ru jebkur\u0101 interjer\u0101. \u0160is pla\u0161ais d\u012bv\u0101ns nodro\u0161ina komfortu...\",\"breadcrumb\":{\"@id\":\"https:\/\/brilune.eu\/lv\/product\/trisvietigs-divans-viesistabai-4\/#breadcrumb\"},\"inLanguage\":\"lv-LV\",\"potentialAction\":[{\"@type\":\"ReadAction\",\"target\":[\"https:\/\/brilune.eu\/lv\/product\/trisvietigs-divans-viesistabai-4\/\"]}]},{\"@type\":\"ImageObject\",\"inLanguage\":\"lv-LV\",\"@id\":\"https:\/\/brilune.eu\/lv\/product\/trisvietigs-divans-viesistabai-4\/#primaryimage\",\"url\":\"https:\/\/brilune.eu\/wp-content\/uploads\/2025\/01\/9662899.jpg\",\"contentUrl\":\"https:\/\/brilune.eu\/wp-content\/uploads\/2025\/01\/9662899.jpg\",\"width\":1500,\"height\":1500},{\"@type\":\"BreadcrumbList\",\"@id\":\"https:\/\/brilune.eu\/lv\/product\/trisvietigs-divans-viesistabai-4\/#breadcrumb\",\"itemListElement\":[{\"@type\":\"ListItem\",\"position\":1,\"name\":\"S\u0101kums\",\"item\":\"https:\/\/brilune.eu\/lv\/brilune-mebeles\/\"},{\"@type\":\"ListItem\",\"position\":2,\"name\":\"Visi produkti\",\"item\":\"https:\/\/brilune.eu\/lv\/shop\/\"},{\"@type\":\"ListItem\",\"position\":3,\"name\":\"Tr\u012bsviet\u012bgs d\u012bv\u0101ns viesistabai\"}]},{\"@type\":\"WebSite\",\"@id\":\"https:\/\/brilune.eu\/lv\/#website\",\"url\":\"https:\/\/brilune.eu\/lv\/\",\"name\":\"Brilune\",\"description\":\"M\u0113s pied\u0101v\u0101jam unik\u0101lus un nebiju\u0161us dizainus, kas apvieno eleganci, funkcionalit\u0101ti un rado\u0161umu.\",\"potentialAction\":[{\"@type\":\"SearchAction\",\"target\":{\"@type\":\"EntryPoint\",\"urlTemplate\":\"https:\/\/brilune.eu\/lv\/?s={search_term_string}\"},\"query-input\":{\"@type\":\"PropertyValueSpecification\",\"valueRequired\":true,\"valueName\":\"search_term_string\"}}],\"inLanguage\":\"lv-LV\"}]}<\/script>\n<!-- \/ Yoast SEO plugin. -->","yoast_head_json":{"title":"Tr\u012bsviet\u012bgs d\u012bv\u0101ns viesistabai","description":"Elegants tr\u012bsviet\u012bgais d\u012bv\u0101ns m\u016bsdien\u012bg\u0101 stil\u0101 apvieno praktiskumu un komfortu, radot m\u0101j\u012bgu atmosf\u0113ru jebkur\u0101 interjer\u0101. \u0160is pla\u0161ais d\u012bv\u0101ns nodro\u0161ina komfortu...","robots":{"index":"index","follow":"follow","max-snippet":"max-snippet:-1","max-image-preview":"max-image-preview:large","max-video-preview":"max-video-preview:-1"},"canonical":"https:\/\/brilune.eu\/lv\/product\/trisvietigs-divans-viesistabai-4\/","og_locale":"lv_LV","og_type":"article","og_title":"Tr\u012bsviet\u012bgs d\u012bv\u0101ns viesistabai","og_description":"Elegants tr\u012bsviet\u012bgais d\u012bv\u0101ns m\u016bsdien\u012bg\u0101 stil\u0101 apvieno praktiskumu un komfortu, radot m\u0101j\u012bgu atmosf\u0113ru jebkur\u0101 interjer\u0101. \u0160is pla\u0161ais d\u012bv\u0101ns nodro\u0161ina komfortu...","og_url":"https:\/\/brilune.eu\/lv\/product\/trisvietigs-divans-viesistabai-4\/","og_site_name":"Brilune","article_modified_time":"2025-02-19T12:13:57+00:00","og_image":[{"width":1500,"height":1500,"url":"https:\/\/brilune.eu\/wp-content\/uploads\/2025\/01\/9662899.jpg","type":"image\/jpeg"}],"twitter_card":"summary_large_image","twitter_misc":{"Est. reading time":"1 minute"},"schema":{"@context":"https:\/\/schema.org","@graph":[{"@type":"WebPage","@id":"https:\/\/brilune.eu\/lv\/product\/trisvietigs-divans-viesistabai-4\/","url":"https:\/\/brilune.eu\/lv\/product\/trisvietigs-divans-viesistabai-4\/","name":"Tr\u012bsviet\u012bgs d\u012bv\u0101ns viesistabai","isPartOf":{"@id":"https:\/\/brilune.eu\/lv\/#website"},"primaryImageOfPage":{"@id":"https:\/\/brilune.eu\/lv\/product\/trisvietigs-divans-viesistabai-4\/#primaryimage"},"image":{"@id":"https:\/\/brilune.eu\/lv\/product\/trisvietigs-divans-viesistabai-4\/#primaryimage"},"thumbnailUrl":"https:\/\/brilune.eu\/wp-content\/uploads\/2025\/01\/9662899.jpg","datePublished":"2025-02-19T11:52:59+00:00","dateModified":"2025-02-19T12:13:57+00:00","description":"Elegants tr\u012bsviet\u012bgais d\u012bv\u0101ns m\u016bsdien\u012bg\u0101 stil\u0101 apvieno praktiskumu un komfortu, radot m\u0101j\u012bgu atmosf\u0113ru jebkur\u0101 interjer\u0101. \u0160is pla\u0161ais d\u012bv\u0101ns nodro\u0161ina komfortu...","breadcrumb":{"@id":"https:\/\/brilune.eu\/lv\/product\/trisvietigs-divans-viesistabai-4\/#breadcrumb"},"inLanguage":"lv-LV","potentialAction":[{"@type":"ReadAction","target":["https:\/\/brilune.eu\/lv\/product\/trisvietigs-divans-viesistabai-4\/"]}]},{"@type":"ImageObject","inLanguage":"lv-LV","@id":"https:\/\/brilune.eu\/lv\/product\/trisvietigs-divans-viesistabai-4\/#primaryimage","url":"https:\/\/brilune.eu\/wp-content\/uploads\/2025\/01\/9662899.jpg","contentUrl":"https:\/\/brilune.eu\/wp-content\/uploads\/2025\/01\/9662899.jpg","width":1500,"height":1500},{"@type":"BreadcrumbList","@id":"https:\/\/brilune.eu\/lv\/product\/trisvietigs-divans-viesistabai-4\/#breadcrumb","itemListElement":[{"@type":"ListItem","position":1,"name":"S\u0101kums","item":"https:\/\/brilune.eu\/lv\/brilune-mebeles\/"},{"@type":"ListItem","position":2,"name":"Visi produkti","item":"https:\/\/brilune.eu\/lv\/shop\/"},{"@type":"ListItem","position":3,"name":"Tr\u012bsviet\u012bgs d\u012bv\u0101ns viesistabai"}]},{"@type":"WebSite","@id":"https:\/\/brilune.eu\/lv\/#website","url":"https:\/\/brilune.eu\/lv\/","name":"Brilune","description":"M\u0113s pied\u0101v\u0101jam unik\u0101lus un nebiju\u0161us dizainus, kas apvieno eleganci, funkcionalit\u0101ti un rado\u0161umu.","potentialAction":[{"@type":"SearchAction","target":{"@type":"EntryPoint","urlTemplate":"https:\/\/brilune.eu\/lv\/?s={search_term_string}"},"query-input":{"@type":"PropertyValueSpecification","valueRequired":true,"valueName":"search_term_string"}}],"inLanguage":"lv-LV"}]}},"jetpack_sharing_enabled":true,"_links":{"self":[{"href":"https:\/\/brilune.eu\/lv\/wp-json\/wp\/v2\/product\/40193","targetHints":{"allow":["GET"]}}],"collection":[{"href":"https:\/\/brilune.eu\/lv\/wp-json\/wp\/v2\/product"}],"about":[{"href":"https:\/\/brilune.eu\/lv\/wp-json\/wp\/v2\/types\/product"}],"replies":[{"embeddable":true,"href":"https:\/\/brilune.eu\/lv\/wp-json\/wp\/v2\/comments?post=40193"}],"version-history":[{"count":1,"href":"https:\/\/brilune.eu\/lv\/wp-json\/wp\/v2\/product\/40193\/revisions"}],"predecessor-version":[{"id":40245,"href":"https:\/\/brilune.eu\/lv\/wp-json\/wp\/v2\/product\/40193\/revisions\/40245"}],"wp:featuredmedia":[{"embeddable":true,"href":"https:\/\/brilune.eu\/lv\/wp-json\/wp\/v2\/media\/13195"}],"wp:attachment":[{"href":"https:\/\/brilune.eu\/lv\/wp-json\/wp\/v2\/media?parent=40193"}],"wp:term":[{"taxonomy":"product_brand","embeddable":true,"href":"https:\/\/brilune.eu\/lv\/wp-json\/wp\/v2\/product_brand?post=40193"},{"taxonomy":"product_cat","embeddable":true,"href":"https:\/\/brilune.eu\/lv\/wp-json\/wp\/v2\/product_cat?post=40193"},{"taxonomy":"product_tag","embeddable":true,"href":"https:\/\/brilune.eu\/lv\/wp-json\/wp\/v2\/product_tag?post=40193"}],"curies":[{"name":"wp","href":"https:\/\/api.w.org\/{rel}","templated":true}]}}