{"id":40187,"date":"2025-02-19T13:52:58","date_gmt":"2025-02-19T11:52:58","guid":{"rendered":"https:\/\/brilune.eu\/?post_type=product&#038;p=40187"},"modified":"2025-02-19T14:13:55","modified_gmt":"2025-02-19T12:13:55","slug":"trisvietigs-divans-viesistabai-3","status":"publish","type":"product","link":"https:\/\/brilune.eu\/lv\/product\/trisvietigs-divans-viesistabai-3\/","title":{"rendered":"Tr\u012bsviet\u012bgs d\u012bv\u0101ns viesistabai"},"content":{"rendered":"<p>\u0160is tr\u012bsviet\u012bgais \u0101das d\u012bv\u0101ns iemieso harmonisku stila un komforta kombin\u0101ciju, radot izsmalcin\u0101tu atmosf\u0113ru atp\u016btai. Taisnas l\u012bnijas un gluda \u0101das apdare pie\u0161\u0137ir d\u012bv\u0101nam modernu un elegantu izskatu, kas lieliski papildin\u0101s j\u016bsu dz\u012bvojamo istabu. Pla\u0161ais s\u0113deklis un dzi\u013c\u0101 s\u0113dpoz\u012bcija nodro\u0161ina maksim\u0101lu komfortu, savuk\u0101rt m\u012bkstie spilveni uz muguras atbalsta \u0113rtu, relaks\u0113tu st\u0101ju, kas ir ide\u0101li piem\u0113rota ilgsto\u0161ai atp\u016btai vai sazi\u0146ai ar m\u012b\u013cajiem. Gl\u012bti roku balsti ar glud\u0101m l\u012bnij\u0101m pie\u0161\u0137ir d\u012bv\u0101nam izsmalcin\u0101t\u012bbu, bet stabilas koka k\u0101jas nodro\u0161ina konstrukcijas iztur\u012bbu un iztur\u012bbu. D\u012bv\u0101ns viegli kombin\u0113jas ar citiem interjera elementiem, k\u013c\u016bstot par telpas centr\u0101lo elementu. Izm\u0113ri: 240\u00d790\u00d780 cm. Materi\u0101li: koks, \u0101da.<\/p>\n","protected":false},"excerpt":{"rendered":"<p>\u0160is tr\u012bsviet\u012bgais \u0101das d\u012bv\u0101ns iemieso harmonisku stila un komforta kombin\u0101ciju, radot izsmalcin\u0101tu atmosf\u0113ru atp\u016btai. Taisnas l\u012bnijas un gludas&#8230;<\/p>\n","protected":false},"featured_media":13144,"comment_status":"open","ping_status":"closed","template":"","meta":[],"product_brand":[],"product_cat":[5693,3208],"product_tag":[],"class_list":{"0":"post-40187","1":"product","2":"type-product","3":"status-publish","4":"has-post-thumbnail","6":"product_cat-sekcijas-gultas-10","7":"product_cat-sekcijas-gultas-3","9":"first","10":"instock","11":"shipping-taxable","12":"purchasable","13":"product-type-simple"},"yoast_head":"<!-- This site is optimized with the Yoast SEO plugin v26.0 - https:\/\/yoast.com\/wordpress\/plugins\/seo\/ -->\n<title>Tr\u012bsviet\u012bgs d\u012bv\u0101ns viesistabai<\/title>\n<meta name=\"description\" content=\"\u0160is tr\u012bsviet\u012bgais \u0101das d\u012bv\u0101ns iemieso harmonisku stila un komforta kombin\u0101ciju, radot izsmalcin\u0101tu atmosf\u0113ru atp\u016btai. Taisnas l\u012bnijas un gludas...\" \/>\n<meta name=\"robots\" content=\"index, follow, max-snippet:-1, max-image-preview:large, max-video-preview:-1\" \/>\n<link rel=\"canonical\" href=\"https:\/\/brilune.eu\/lv\/product\/trisvietigs-divans-viesistabai-3\/\" \/>\n<meta property=\"og:locale\" content=\"lv_LV\" \/>\n<meta property=\"og:type\" content=\"article\" \/>\n<meta property=\"og:title\" content=\"Tr\u012bsviet\u012bgs d\u012bv\u0101ns viesistabai\" \/>\n<meta property=\"og:description\" content=\"\u0160is tr\u012bsviet\u012bgais \u0101das d\u012bv\u0101ns iemieso harmonisku stila un komforta kombin\u0101ciju, radot izsmalcin\u0101tu atmosf\u0113ru atp\u016btai. Taisnas l\u012bnijas un gludas...\" \/>\n<meta property=\"og:url\" content=\"https:\/\/brilune.eu\/lv\/product\/trisvietigs-divans-viesistabai-3\/\" \/>\n<meta property=\"og:site_name\" content=\"Brilune\" \/>\n<meta property=\"article:modified_time\" content=\"2025-02-19T12:13:55+00:00\" \/>\n<meta property=\"og:image\" content=\"https:\/\/brilune.eu\/wp-content\/uploads\/2025\/01\/10279913.jpg\" \/>\n\t<meta property=\"og:image:width\" content=\"1500\" \/>\n\t<meta property=\"og:image:height\" content=\"1500\" \/>\n\t<meta property=\"og:image:type\" content=\"image\/jpeg\" \/>\n<meta name=\"twitter:card\" content=\"summary_large_image\" \/>\n<meta name=\"twitter:label1\" content=\"Est. reading time\" \/>\n\t<meta name=\"twitter:data1\" content=\"1 minute\" \/>\n<script type=\"application\/ld+json\" class=\"yoast-schema-graph\">{\"@context\":\"https:\/\/schema.org\",\"@graph\":[{\"@type\":\"WebPage\",\"@id\":\"https:\/\/brilune.eu\/lv\/product\/trisvietigs-divans-viesistabai-3\/\",\"url\":\"https:\/\/brilune.eu\/lv\/product\/trisvietigs-divans-viesistabai-3\/\",\"name\":\"Tr\u012bsviet\u012bgs d\u012bv\u0101ns viesistabai\",\"isPartOf\":{\"@id\":\"https:\/\/brilune.eu\/lv\/#website\"},\"primaryImageOfPage\":{\"@id\":\"https:\/\/brilune.eu\/lv\/product\/trisvietigs-divans-viesistabai-3\/#primaryimage\"},\"image\":{\"@id\":\"https:\/\/brilune.eu\/lv\/product\/trisvietigs-divans-viesistabai-3\/#primaryimage\"},\"thumbnailUrl\":\"https:\/\/brilune.eu\/wp-content\/uploads\/2025\/01\/10279913.jpg\",\"datePublished\":\"2025-02-19T11:52:58+00:00\",\"dateModified\":\"2025-02-19T12:13:55+00:00\",\"description\":\"\u0160is tr\u012bsviet\u012bgais \u0101das d\u012bv\u0101ns iemieso harmonisku stila un komforta kombin\u0101ciju, radot izsmalcin\u0101tu atmosf\u0113ru atp\u016btai. Taisnas l\u012bnijas un gludas...\",\"breadcrumb\":{\"@id\":\"https:\/\/brilune.eu\/lv\/product\/trisvietigs-divans-viesistabai-3\/#breadcrumb\"},\"inLanguage\":\"lv-LV\",\"potentialAction\":[{\"@type\":\"ReadAction\",\"target\":[\"https:\/\/brilune.eu\/lv\/product\/trisvietigs-divans-viesistabai-3\/\"]}]},{\"@type\":\"ImageObject\",\"inLanguage\":\"lv-LV\",\"@id\":\"https:\/\/brilune.eu\/lv\/product\/trisvietigs-divans-viesistabai-3\/#primaryimage\",\"url\":\"https:\/\/brilune.eu\/wp-content\/uploads\/2025\/01\/10279913.jpg\",\"contentUrl\":\"https:\/\/brilune.eu\/wp-content\/uploads\/2025\/01\/10279913.jpg\",\"width\":1500,\"height\":1500},{\"@type\":\"BreadcrumbList\",\"@id\":\"https:\/\/brilune.eu\/lv\/product\/trisvietigs-divans-viesistabai-3\/#breadcrumb\",\"itemListElement\":[{\"@type\":\"ListItem\",\"position\":1,\"name\":\"S\u0101kums\",\"item\":\"https:\/\/brilune.eu\/lv\/brilune-mebeles\/\"},{\"@type\":\"ListItem\",\"position\":2,\"name\":\"Visi produkti\",\"item\":\"https:\/\/brilune.eu\/lv\/shop\/\"},{\"@type\":\"ListItem\",\"position\":3,\"name\":\"Tr\u012bsviet\u012bgs d\u012bv\u0101ns viesistabai\"}]},{\"@type\":\"WebSite\",\"@id\":\"https:\/\/brilune.eu\/lv\/#website\",\"url\":\"https:\/\/brilune.eu\/lv\/\",\"name\":\"Brilune\",\"description\":\"M\u0113s pied\u0101v\u0101jam unik\u0101lus un nebiju\u0161us dizainus, kas apvieno eleganci, funkcionalit\u0101ti un rado\u0161umu.\",\"potentialAction\":[{\"@type\":\"SearchAction\",\"target\":{\"@type\":\"EntryPoint\",\"urlTemplate\":\"https:\/\/brilune.eu\/lv\/?s={search_term_string}\"},\"query-input\":{\"@type\":\"PropertyValueSpecification\",\"valueRequired\":true,\"valueName\":\"search_term_string\"}}],\"inLanguage\":\"lv-LV\"}]}<\/script>\n<!-- \/ Yoast SEO plugin. -->","yoast_head_json":{"title":"Tr\u012bsviet\u012bgs d\u012bv\u0101ns viesistabai","description":"\u0160is tr\u012bsviet\u012bgais \u0101das d\u012bv\u0101ns iemieso harmonisku stila un komforta kombin\u0101ciju, radot izsmalcin\u0101tu atmosf\u0113ru atp\u016btai. Taisnas l\u012bnijas un gludas...","robots":{"index":"index","follow":"follow","max-snippet":"max-snippet:-1","max-image-preview":"max-image-preview:large","max-video-preview":"max-video-preview:-1"},"canonical":"https:\/\/brilune.eu\/lv\/product\/trisvietigs-divans-viesistabai-3\/","og_locale":"lv_LV","og_type":"article","og_title":"Tr\u012bsviet\u012bgs d\u012bv\u0101ns viesistabai","og_description":"\u0160is tr\u012bsviet\u012bgais \u0101das d\u012bv\u0101ns iemieso harmonisku stila un komforta kombin\u0101ciju, radot izsmalcin\u0101tu atmosf\u0113ru atp\u016btai. Taisnas l\u012bnijas un gludas...","og_url":"https:\/\/brilune.eu\/lv\/product\/trisvietigs-divans-viesistabai-3\/","og_site_name":"Brilune","article_modified_time":"2025-02-19T12:13:55+00:00","og_image":[{"width":1500,"height":1500,"url":"https:\/\/brilune.eu\/wp-content\/uploads\/2025\/01\/10279913.jpg","type":"image\/jpeg"}],"twitter_card":"summary_large_image","twitter_misc":{"Est. reading time":"1 minute"},"schema":{"@context":"https:\/\/schema.org","@graph":[{"@type":"WebPage","@id":"https:\/\/brilune.eu\/lv\/product\/trisvietigs-divans-viesistabai-3\/","url":"https:\/\/brilune.eu\/lv\/product\/trisvietigs-divans-viesistabai-3\/","name":"Tr\u012bsviet\u012bgs d\u012bv\u0101ns viesistabai","isPartOf":{"@id":"https:\/\/brilune.eu\/lv\/#website"},"primaryImageOfPage":{"@id":"https:\/\/brilune.eu\/lv\/product\/trisvietigs-divans-viesistabai-3\/#primaryimage"},"image":{"@id":"https:\/\/brilune.eu\/lv\/product\/trisvietigs-divans-viesistabai-3\/#primaryimage"},"thumbnailUrl":"https:\/\/brilune.eu\/wp-content\/uploads\/2025\/01\/10279913.jpg","datePublished":"2025-02-19T11:52:58+00:00","dateModified":"2025-02-19T12:13:55+00:00","description":"\u0160is tr\u012bsviet\u012bgais \u0101das d\u012bv\u0101ns iemieso harmonisku stila un komforta kombin\u0101ciju, radot izsmalcin\u0101tu atmosf\u0113ru atp\u016btai. Taisnas l\u012bnijas un gludas...","breadcrumb":{"@id":"https:\/\/brilune.eu\/lv\/product\/trisvietigs-divans-viesistabai-3\/#breadcrumb"},"inLanguage":"lv-LV","potentialAction":[{"@type":"ReadAction","target":["https:\/\/brilune.eu\/lv\/product\/trisvietigs-divans-viesistabai-3\/"]}]},{"@type":"ImageObject","inLanguage":"lv-LV","@id":"https:\/\/brilune.eu\/lv\/product\/trisvietigs-divans-viesistabai-3\/#primaryimage","url":"https:\/\/brilune.eu\/wp-content\/uploads\/2025\/01\/10279913.jpg","contentUrl":"https:\/\/brilune.eu\/wp-content\/uploads\/2025\/01\/10279913.jpg","width":1500,"height":1500},{"@type":"BreadcrumbList","@id":"https:\/\/brilune.eu\/lv\/product\/trisvietigs-divans-viesistabai-3\/#breadcrumb","itemListElement":[{"@type":"ListItem","position":1,"name":"S\u0101kums","item":"https:\/\/brilune.eu\/lv\/brilune-mebeles\/"},{"@type":"ListItem","position":2,"name":"Visi produkti","item":"https:\/\/brilune.eu\/lv\/shop\/"},{"@type":"ListItem","position":3,"name":"Tr\u012bsviet\u012bgs d\u012bv\u0101ns viesistabai"}]},{"@type":"WebSite","@id":"https:\/\/brilune.eu\/lv\/#website","url":"https:\/\/brilune.eu\/lv\/","name":"Brilune","description":"M\u0113s pied\u0101v\u0101jam unik\u0101lus un nebiju\u0161us dizainus, kas apvieno eleganci, funkcionalit\u0101ti un rado\u0161umu.","potentialAction":[{"@type":"SearchAction","target":{"@type":"EntryPoint","urlTemplate":"https:\/\/brilune.eu\/lv\/?s={search_term_string}"},"query-input":{"@type":"PropertyValueSpecification","valueRequired":true,"valueName":"search_term_string"}}],"inLanguage":"lv-LV"}]}},"jetpack_sharing_enabled":true,"_links":{"self":[{"href":"https:\/\/brilune.eu\/lv\/wp-json\/wp\/v2\/product\/40187","targetHints":{"allow":["GET"]}}],"collection":[{"href":"https:\/\/brilune.eu\/lv\/wp-json\/wp\/v2\/product"}],"about":[{"href":"https:\/\/brilune.eu\/lv\/wp-json\/wp\/v2\/types\/product"}],"replies":[{"embeddable":true,"href":"https:\/\/brilune.eu\/lv\/wp-json\/wp\/v2\/comments?post=40187"}],"version-history":[{"count":1,"href":"https:\/\/brilune.eu\/lv\/wp-json\/wp\/v2\/product\/40187\/revisions"}],"predecessor-version":[{"id":40228,"href":"https:\/\/brilune.eu\/lv\/wp-json\/wp\/v2\/product\/40187\/revisions\/40228"}],"wp:featuredmedia":[{"embeddable":true,"href":"https:\/\/brilune.eu\/lv\/wp-json\/wp\/v2\/media\/13144"}],"wp:attachment":[{"href":"https:\/\/brilune.eu\/lv\/wp-json\/wp\/v2\/media?parent=40187"}],"wp:term":[{"taxonomy":"product_brand","embeddable":true,"href":"https:\/\/brilune.eu\/lv\/wp-json\/wp\/v2\/product_brand?post=40187"},{"taxonomy":"product_cat","embeddable":true,"href":"https:\/\/brilune.eu\/lv\/wp-json\/wp\/v2\/product_cat?post=40187"},{"taxonomy":"product_tag","embeddable":true,"href":"https:\/\/brilune.eu\/lv\/wp-json\/wp\/v2\/product_tag?post=40187"}],"curies":[{"name":"wp","href":"https:\/\/api.w.org\/{rel}","templated":true}]}}