{"id":40167,"date":"2025-02-19T13:52:33","date_gmt":"2025-02-19T11:52:33","guid":{"rendered":"https:\/\/brilune.eu\/?post_type=product&#038;p=40167"},"modified":"2025-02-19T14:13:49","modified_gmt":"2025-02-19T12:13:49","slug":"cetrvietigs-divans-viesistabai-2","status":"publish","type":"product","link":"https:\/\/brilune.eu\/lv\/product\/cetrvietigs-divans-viesistabai-2\/","title":{"rendered":"\u010cetrviet\u012bgs d\u012bv\u0101ns viesistabai"},"content":{"rendered":"<p>Elegants \u010detrviet\u012bgais d\u012bv\u0101ns k\u013c\u016bs par j\u016bsu interjera centr\u0101lo elementu, pievienojot stila un komforta piesk\u0101rienu jebkurai telpai. D\u012bv\u0101ns ir izgatavots no iztur\u012bga koka r\u0101mja ar noapa\u013cotiem roku balstiem, bet komfortu nodro\u0161ina porolona s\u0113dek\u013ci. No\u0146emamu spilvenu tr\u016bkums padara to viegli t\u012br\u0101mu. Ir ar\u012b v\u0113rts atz\u012bm\u0113t, ka tas ir iztur\u012bgs pret traipiem, t\u0101p\u0113c tas ir ide\u0101li piem\u0113rots \u0123imen\u0113m ar b\u0113rniem vai m\u0101jdz\u012bvniekiem. D\u012bv\u0101na izm\u0113ri ir 270x95x67 cm. Materi\u0101li: koks, putuplasts.<\/p>\n","protected":false},"excerpt":{"rendered":"<p>Elegants \u010detrviet\u012bgais d\u012bv\u0101ns k\u013c\u016bs par j\u016bsu interjera centr\u0101lo elementu, pievienojot stila un komforta piesk\u0101rienu jebkurai telpai. D\u012bv\u0101ns ir izgatavots no iztur\u012bga koka&#8230;<\/p>\n","protected":false},"featured_media":13098,"comment_status":"open","ping_status":"closed","template":"","meta":[],"product_brand":[],"product_cat":[3208,5693],"product_tag":[],"class_list":{"0":"post-40167","1":"product","2":"type-product","3":"status-publish","4":"has-post-thumbnail","6":"product_cat-sekcijas-gultas-3","7":"product_cat-sekcijas-gultas-10","9":"first","10":"instock","11":"shipping-taxable","12":"purchasable","13":"product-type-simple"},"yoast_head":"<!-- This site is optimized with the Yoast SEO plugin v26.0 - https:\/\/yoast.com\/wordpress\/plugins\/seo\/ -->\n<title>\u010cetrviet\u012bgs d\u012bv\u0101ns viesistabai<\/title>\n<meta name=\"description\" content=\"Elegants \u010detrviet\u012bgais d\u012bv\u0101ns k\u013c\u016bs par j\u016bsu interjera centr\u0101lo elementu, pievienojot stila un komforta piesk\u0101rienu jebkurai telpai. D\u012bv\u0101ns ir izgatavots no iztur\u012bga koka...\" \/>\n<meta name=\"robots\" content=\"index, follow, max-snippet:-1, max-image-preview:large, max-video-preview:-1\" \/>\n<link rel=\"canonical\" href=\"https:\/\/brilune.eu\/lv\/product\/cetrvietigs-divans-viesistabai-2\/\" \/>\n<meta property=\"og:locale\" content=\"lv_LV\" \/>\n<meta property=\"og:type\" content=\"article\" \/>\n<meta property=\"og:title\" content=\"\u010cetrviet\u012bgs d\u012bv\u0101ns viesistabai\" \/>\n<meta property=\"og:description\" content=\"Elegants \u010detrviet\u012bgais d\u012bv\u0101ns k\u013c\u016bs par j\u016bsu interjera centr\u0101lo elementu, pievienojot stila un komforta piesk\u0101rienu jebkurai telpai. D\u012bv\u0101ns ir izgatavots no iztur\u012bga koka...\" \/>\n<meta property=\"og:url\" content=\"https:\/\/brilune.eu\/lv\/product\/cetrvietigs-divans-viesistabai-2\/\" \/>\n<meta property=\"og:site_name\" content=\"Brilune\" \/>\n<meta property=\"article:modified_time\" content=\"2025-02-19T12:13:49+00:00\" \/>\n<meta property=\"og:image\" content=\"https:\/\/brilune.eu\/wp-content\/uploads\/2025\/01\/4773819.jpg\" \/>\n\t<meta property=\"og:image:width\" content=\"1500\" \/>\n\t<meta property=\"og:image:height\" content=\"1500\" \/>\n\t<meta property=\"og:image:type\" content=\"image\/jpeg\" \/>\n<meta name=\"twitter:card\" content=\"summary_large_image\" \/>\n<meta name=\"twitter:label1\" content=\"Est. reading time\" \/>\n\t<meta name=\"twitter:data1\" content=\"1 minute\" \/>\n<script type=\"application\/ld+json\" class=\"yoast-schema-graph\">{\"@context\":\"https:\/\/schema.org\",\"@graph\":[{\"@type\":\"WebPage\",\"@id\":\"https:\/\/brilune.eu\/lv\/product\/cetrvietigs-divans-viesistabai-2\/\",\"url\":\"https:\/\/brilune.eu\/lv\/product\/cetrvietigs-divans-viesistabai-2\/\",\"name\":\"\u010cetrviet\u012bgs d\u012bv\u0101ns viesistabai\",\"isPartOf\":{\"@id\":\"https:\/\/brilune.eu\/lv\/#website\"},\"primaryImageOfPage\":{\"@id\":\"https:\/\/brilune.eu\/lv\/product\/cetrvietigs-divans-viesistabai-2\/#primaryimage\"},\"image\":{\"@id\":\"https:\/\/brilune.eu\/lv\/product\/cetrvietigs-divans-viesistabai-2\/#primaryimage\"},\"thumbnailUrl\":\"https:\/\/brilune.eu\/wp-content\/uploads\/2025\/01\/4773819.jpg\",\"datePublished\":\"2025-02-19T11:52:33+00:00\",\"dateModified\":\"2025-02-19T12:13:49+00:00\",\"description\":\"Elegants \u010detrviet\u012bgais d\u012bv\u0101ns k\u013c\u016bs par j\u016bsu interjera centr\u0101lo elementu, pievienojot stila un komforta piesk\u0101rienu jebkurai telpai. D\u012bv\u0101ns ir izgatavots no iztur\u012bga koka...\",\"breadcrumb\":{\"@id\":\"https:\/\/brilune.eu\/lv\/product\/cetrvietigs-divans-viesistabai-2\/#breadcrumb\"},\"inLanguage\":\"lv-LV\",\"potentialAction\":[{\"@type\":\"ReadAction\",\"target\":[\"https:\/\/brilune.eu\/lv\/product\/cetrvietigs-divans-viesistabai-2\/\"]}]},{\"@type\":\"ImageObject\",\"inLanguage\":\"lv-LV\",\"@id\":\"https:\/\/brilune.eu\/lv\/product\/cetrvietigs-divans-viesistabai-2\/#primaryimage\",\"url\":\"https:\/\/brilune.eu\/wp-content\/uploads\/2025\/01\/4773819.jpg\",\"contentUrl\":\"https:\/\/brilune.eu\/wp-content\/uploads\/2025\/01\/4773819.jpg\",\"width\":1500,\"height\":1500},{\"@type\":\"BreadcrumbList\",\"@id\":\"https:\/\/brilune.eu\/lv\/product\/cetrvietigs-divans-viesistabai-2\/#breadcrumb\",\"itemListElement\":[{\"@type\":\"ListItem\",\"position\":1,\"name\":\"S\u0101kums\",\"item\":\"https:\/\/brilune.eu\/lv\/brilune-mebeles\/\"},{\"@type\":\"ListItem\",\"position\":2,\"name\":\"Visi produkti\",\"item\":\"https:\/\/brilune.eu\/lv\/shop\/\"},{\"@type\":\"ListItem\",\"position\":3,\"name\":\"\u010cetrviet\u012bgs d\u012bv\u0101ns viesistabai\"}]},{\"@type\":\"WebSite\",\"@id\":\"https:\/\/brilune.eu\/lv\/#website\",\"url\":\"https:\/\/brilune.eu\/lv\/\",\"name\":\"Brilune\",\"description\":\"M\u0113s pied\u0101v\u0101jam unik\u0101lus un nebiju\u0161us dizainus, kas apvieno eleganci, funkcionalit\u0101ti un rado\u0161umu.\",\"potentialAction\":[{\"@type\":\"SearchAction\",\"target\":{\"@type\":\"EntryPoint\",\"urlTemplate\":\"https:\/\/brilune.eu\/lv\/?s={search_term_string}\"},\"query-input\":{\"@type\":\"PropertyValueSpecification\",\"valueRequired\":true,\"valueName\":\"search_term_string\"}}],\"inLanguage\":\"lv-LV\"}]}<\/script>\n<!-- \/ Yoast SEO plugin. -->","yoast_head_json":{"title":"\u010cetrviet\u012bgs d\u012bv\u0101ns viesistabai","description":"Elegants \u010detrviet\u012bgais d\u012bv\u0101ns k\u013c\u016bs par j\u016bsu interjera centr\u0101lo elementu, pievienojot stila un komforta piesk\u0101rienu jebkurai telpai. D\u012bv\u0101ns ir izgatavots no iztur\u012bga koka...","robots":{"index":"index","follow":"follow","max-snippet":"max-snippet:-1","max-image-preview":"max-image-preview:large","max-video-preview":"max-video-preview:-1"},"canonical":"https:\/\/brilune.eu\/lv\/product\/cetrvietigs-divans-viesistabai-2\/","og_locale":"lv_LV","og_type":"article","og_title":"\u010cetrviet\u012bgs d\u012bv\u0101ns viesistabai","og_description":"Elegants \u010detrviet\u012bgais d\u012bv\u0101ns k\u013c\u016bs par j\u016bsu interjera centr\u0101lo elementu, pievienojot stila un komforta piesk\u0101rienu jebkurai telpai. D\u012bv\u0101ns ir izgatavots no iztur\u012bga koka...","og_url":"https:\/\/brilune.eu\/lv\/product\/cetrvietigs-divans-viesistabai-2\/","og_site_name":"Brilune","article_modified_time":"2025-02-19T12:13:49+00:00","og_image":[{"width":1500,"height":1500,"url":"https:\/\/brilune.eu\/wp-content\/uploads\/2025\/01\/4773819.jpg","type":"image\/jpeg"}],"twitter_card":"summary_large_image","twitter_misc":{"Est. reading time":"1 minute"},"schema":{"@context":"https:\/\/schema.org","@graph":[{"@type":"WebPage","@id":"https:\/\/brilune.eu\/lv\/product\/cetrvietigs-divans-viesistabai-2\/","url":"https:\/\/brilune.eu\/lv\/product\/cetrvietigs-divans-viesistabai-2\/","name":"\u010cetrviet\u012bgs d\u012bv\u0101ns viesistabai","isPartOf":{"@id":"https:\/\/brilune.eu\/lv\/#website"},"primaryImageOfPage":{"@id":"https:\/\/brilune.eu\/lv\/product\/cetrvietigs-divans-viesistabai-2\/#primaryimage"},"image":{"@id":"https:\/\/brilune.eu\/lv\/product\/cetrvietigs-divans-viesistabai-2\/#primaryimage"},"thumbnailUrl":"https:\/\/brilune.eu\/wp-content\/uploads\/2025\/01\/4773819.jpg","datePublished":"2025-02-19T11:52:33+00:00","dateModified":"2025-02-19T12:13:49+00:00","description":"Elegants \u010detrviet\u012bgais d\u012bv\u0101ns k\u013c\u016bs par j\u016bsu interjera centr\u0101lo elementu, pievienojot stila un komforta piesk\u0101rienu jebkurai telpai. D\u012bv\u0101ns ir izgatavots no iztur\u012bga koka...","breadcrumb":{"@id":"https:\/\/brilune.eu\/lv\/product\/cetrvietigs-divans-viesistabai-2\/#breadcrumb"},"inLanguage":"lv-LV","potentialAction":[{"@type":"ReadAction","target":["https:\/\/brilune.eu\/lv\/product\/cetrvietigs-divans-viesistabai-2\/"]}]},{"@type":"ImageObject","inLanguage":"lv-LV","@id":"https:\/\/brilune.eu\/lv\/product\/cetrvietigs-divans-viesistabai-2\/#primaryimage","url":"https:\/\/brilune.eu\/wp-content\/uploads\/2025\/01\/4773819.jpg","contentUrl":"https:\/\/brilune.eu\/wp-content\/uploads\/2025\/01\/4773819.jpg","width":1500,"height":1500},{"@type":"BreadcrumbList","@id":"https:\/\/brilune.eu\/lv\/product\/cetrvietigs-divans-viesistabai-2\/#breadcrumb","itemListElement":[{"@type":"ListItem","position":1,"name":"S\u0101kums","item":"https:\/\/brilune.eu\/lv\/brilune-mebeles\/"},{"@type":"ListItem","position":2,"name":"Visi produkti","item":"https:\/\/brilune.eu\/lv\/shop\/"},{"@type":"ListItem","position":3,"name":"\u010cetrviet\u012bgs d\u012bv\u0101ns viesistabai"}]},{"@type":"WebSite","@id":"https:\/\/brilune.eu\/lv\/#website","url":"https:\/\/brilune.eu\/lv\/","name":"Brilune","description":"M\u0113s pied\u0101v\u0101jam unik\u0101lus un nebiju\u0161us dizainus, kas apvieno eleganci, funkcionalit\u0101ti un rado\u0161umu.","potentialAction":[{"@type":"SearchAction","target":{"@type":"EntryPoint","urlTemplate":"https:\/\/brilune.eu\/lv\/?s={search_term_string}"},"query-input":{"@type":"PropertyValueSpecification","valueRequired":true,"valueName":"search_term_string"}}],"inLanguage":"lv-LV"}]}},"jetpack_sharing_enabled":true,"_links":{"self":[{"href":"https:\/\/brilune.eu\/lv\/wp-json\/wp\/v2\/product\/40167","targetHints":{"allow":["GET"]}}],"collection":[{"href":"https:\/\/brilune.eu\/lv\/wp-json\/wp\/v2\/product"}],"about":[{"href":"https:\/\/brilune.eu\/lv\/wp-json\/wp\/v2\/types\/product"}],"replies":[{"embeddable":true,"href":"https:\/\/brilune.eu\/lv\/wp-json\/wp\/v2\/comments?post=40167"}],"version-history":[{"count":1,"href":"https:\/\/brilune.eu\/lv\/wp-json\/wp\/v2\/product\/40167\/revisions"}],"predecessor-version":[{"id":40219,"href":"https:\/\/brilune.eu\/lv\/wp-json\/wp\/v2\/product\/40167\/revisions\/40219"}],"wp:featuredmedia":[{"embeddable":true,"href":"https:\/\/brilune.eu\/lv\/wp-json\/wp\/v2\/media\/13098"}],"wp:attachment":[{"href":"https:\/\/brilune.eu\/lv\/wp-json\/wp\/v2\/media?parent=40167"}],"wp:term":[{"taxonomy":"product_brand","embeddable":true,"href":"https:\/\/brilune.eu\/lv\/wp-json\/wp\/v2\/product_brand?post=40167"},{"taxonomy":"product_cat","embeddable":true,"href":"https:\/\/brilune.eu\/lv\/wp-json\/wp\/v2\/product_cat?post=40167"},{"taxonomy":"product_tag","embeddable":true,"href":"https:\/\/brilune.eu\/lv\/wp-json\/wp\/v2\/product_tag?post=40167"}],"curies":[{"name":"wp","href":"https:\/\/api.w.org\/{rel}","templated":true}]}}