{"id":40154,"date":"2025-02-19T13:52:10","date_gmt":"2025-02-19T11:52:10","guid":{"rendered":"https:\/\/brilune.eu\/?post_type=product&#038;p=40154"},"modified":"2025-02-19T14:13:47","modified_gmt":"2025-02-19T12:13:47","slug":"trisvietigs-divans-viesistabai-2","status":"publish","type":"product","link":"https:\/\/brilune.eu\/lv\/product\/trisvietigs-divans-viesistabai-2\/","title":{"rendered":"Tr\u012bsviet\u012bgs d\u012bv\u0101ns viesistabai"},"content":{"rendered":"<p>Elegants tr\u012bsviet\u012bgs d\u012bv\u0101ns, kas k\u013c\u016bs par j\u016bsu interjera uzman\u012bbas centru. T\u0101 taisn\u0101s l\u012bnijas un stil\u012bgais polster\u0113jums pie\u0161\u0137ir tai modernu izskatu, savuk\u0101rt \u0113rt\u0101 atzveltne ar m\u012bkstiem spilveniem nodro\u0161ina ide\u0101lu atp\u016btu. D\u012bv\u0101ns ir izgatavots no koka, kas garant\u0113 iztur\u012bbu un iztur\u012bbu. M\u012bksts putu polster\u0113jums nodro\u0161ina komfortu un atbalstu. Dizaina elementi, piem\u0113ram, noapa\u013coti roku balsti, pie\u0161\u0137ir izsmalcin\u0101t\u012bbu un m\u0101j\u012bgumu. \u0160is d\u012bv\u0101ns ir ide\u0101li piem\u0113rots m\u0101j\u012bgiem vakariem ar \u0123imeni vai draugiem. Izm\u0113ri: 220\u00d795\u00d767 cm, materi\u0101ls: koks, porolona.<\/p>\n","protected":false},"excerpt":{"rendered":"<p>Elegants tr\u012bsviet\u012bgs d\u012bv\u0101ns, kas k\u013c\u016bs par j\u016bsu interjera uzman\u012bbas centru. T\u0101 taisn\u0101s l\u012bnijas un stil\u012bgais polster\u0113jums pie\u0161\u0137ir tai modernu izskatu, savuk\u0101rt t&#8230;<\/p>\n","protected":false},"featured_media":13125,"comment_status":"open","ping_status":"closed","template":"","meta":[],"product_brand":[],"product_cat":[3208,5693],"product_tag":[],"class_list":{"0":"post-40154","1":"product","2":"type-product","3":"status-publish","4":"has-post-thumbnail","6":"product_cat-sekcijas-gultas-3","7":"product_cat-sekcijas-gultas-10","9":"first","10":"instock","11":"shipping-taxable","12":"purchasable","13":"product-type-simple"},"yoast_head":"<!-- This site is optimized with the Yoast SEO plugin v26.0 - https:\/\/yoast.com\/wordpress\/plugins\/seo\/ -->\n<title>Tr\u012bsviet\u012bgs d\u012bv\u0101ns viesistabai<\/title>\n<meta name=\"description\" content=\"Elegants tr\u012bsviet\u012bgs d\u012bv\u0101ns, kas k\u013c\u016bs par j\u016bsu interjera uzman\u012bbas centru. T\u0101 taisn\u0101s l\u012bnijas un stil\u012bgais polster\u0113jums pie\u0161\u0137ir tai modernu izskatu, savuk\u0101rt t...\" \/>\n<meta name=\"robots\" content=\"index, follow, max-snippet:-1, max-image-preview:large, max-video-preview:-1\" \/>\n<link rel=\"canonical\" href=\"https:\/\/brilune.eu\/lv\/product\/trisvietigs-divans-viesistabai-2\/\" \/>\n<meta property=\"og:locale\" content=\"lv_LV\" \/>\n<meta property=\"og:type\" content=\"article\" \/>\n<meta property=\"og:title\" content=\"Tr\u012bsviet\u012bgs d\u012bv\u0101ns viesistabai\" \/>\n<meta property=\"og:description\" content=\"Elegants tr\u012bsviet\u012bgs d\u012bv\u0101ns, kas k\u013c\u016bs par j\u016bsu interjera uzman\u012bbas centru. T\u0101 taisn\u0101s l\u012bnijas un stil\u012bgais polster\u0113jums pie\u0161\u0137ir tai modernu izskatu, savuk\u0101rt t...\" \/>\n<meta property=\"og:url\" content=\"https:\/\/brilune.eu\/lv\/product\/trisvietigs-divans-viesistabai-2\/\" \/>\n<meta property=\"og:site_name\" content=\"Brilune\" \/>\n<meta property=\"article:modified_time\" content=\"2025-02-19T12:13:47+00:00\" \/>\n<meta property=\"og:image\" content=\"https:\/\/brilune.eu\/wp-content\/uploads\/2025\/01\/4773826.jpg\" \/>\n\t<meta property=\"og:image:width\" content=\"1500\" \/>\n\t<meta property=\"og:image:height\" content=\"1500\" \/>\n\t<meta property=\"og:image:type\" content=\"image\/jpeg\" \/>\n<meta name=\"twitter:card\" content=\"summary_large_image\" \/>\n<meta name=\"twitter:label1\" content=\"Est. reading time\" \/>\n\t<meta name=\"twitter:data1\" content=\"1 minute\" \/>\n<script type=\"application\/ld+json\" class=\"yoast-schema-graph\">{\"@context\":\"https:\/\/schema.org\",\"@graph\":[{\"@type\":\"WebPage\",\"@id\":\"https:\/\/brilune.eu\/lv\/product\/trisvietigs-divans-viesistabai-2\/\",\"url\":\"https:\/\/brilune.eu\/lv\/product\/trisvietigs-divans-viesistabai-2\/\",\"name\":\"Tr\u012bsviet\u012bgs d\u012bv\u0101ns viesistabai\",\"isPartOf\":{\"@id\":\"https:\/\/brilune.eu\/lv\/#website\"},\"primaryImageOfPage\":{\"@id\":\"https:\/\/brilune.eu\/lv\/product\/trisvietigs-divans-viesistabai-2\/#primaryimage\"},\"image\":{\"@id\":\"https:\/\/brilune.eu\/lv\/product\/trisvietigs-divans-viesistabai-2\/#primaryimage\"},\"thumbnailUrl\":\"https:\/\/brilune.eu\/wp-content\/uploads\/2025\/01\/4773826.jpg\",\"datePublished\":\"2025-02-19T11:52:10+00:00\",\"dateModified\":\"2025-02-19T12:13:47+00:00\",\"description\":\"Elegants tr\u012bsviet\u012bgs d\u012bv\u0101ns, kas k\u013c\u016bs par j\u016bsu interjera uzman\u012bbas centru. T\u0101 taisn\u0101s l\u012bnijas un stil\u012bgais polster\u0113jums pie\u0161\u0137ir tai modernu izskatu, savuk\u0101rt t...\",\"breadcrumb\":{\"@id\":\"https:\/\/brilune.eu\/lv\/product\/trisvietigs-divans-viesistabai-2\/#breadcrumb\"},\"inLanguage\":\"lv-LV\",\"potentialAction\":[{\"@type\":\"ReadAction\",\"target\":[\"https:\/\/brilune.eu\/lv\/product\/trisvietigs-divans-viesistabai-2\/\"]}]},{\"@type\":\"ImageObject\",\"inLanguage\":\"lv-LV\",\"@id\":\"https:\/\/brilune.eu\/lv\/product\/trisvietigs-divans-viesistabai-2\/#primaryimage\",\"url\":\"https:\/\/brilune.eu\/wp-content\/uploads\/2025\/01\/4773826.jpg\",\"contentUrl\":\"https:\/\/brilune.eu\/wp-content\/uploads\/2025\/01\/4773826.jpg\",\"width\":1500,\"height\":1500},{\"@type\":\"BreadcrumbList\",\"@id\":\"https:\/\/brilune.eu\/lv\/product\/trisvietigs-divans-viesistabai-2\/#breadcrumb\",\"itemListElement\":[{\"@type\":\"ListItem\",\"position\":1,\"name\":\"S\u0101kums\",\"item\":\"https:\/\/brilune.eu\/lv\/brilune-mebeles\/\"},{\"@type\":\"ListItem\",\"position\":2,\"name\":\"Visi produkti\",\"item\":\"https:\/\/brilune.eu\/lv\/shop\/\"},{\"@type\":\"ListItem\",\"position\":3,\"name\":\"Tr\u012bsviet\u012bgs d\u012bv\u0101ns viesistabai\"}]},{\"@type\":\"WebSite\",\"@id\":\"https:\/\/brilune.eu\/lv\/#website\",\"url\":\"https:\/\/brilune.eu\/lv\/\",\"name\":\"Brilune\",\"description\":\"M\u0113s pied\u0101v\u0101jam unik\u0101lus un nebiju\u0161us dizainus, kas apvieno eleganci, funkcionalit\u0101ti un rado\u0161umu.\",\"potentialAction\":[{\"@type\":\"SearchAction\",\"target\":{\"@type\":\"EntryPoint\",\"urlTemplate\":\"https:\/\/brilune.eu\/lv\/?s={search_term_string}\"},\"query-input\":{\"@type\":\"PropertyValueSpecification\",\"valueRequired\":true,\"valueName\":\"search_term_string\"}}],\"inLanguage\":\"lv-LV\"}]}<\/script>\n<!-- \/ Yoast SEO plugin. -->","yoast_head_json":{"title":"Tr\u012bsviet\u012bgs d\u012bv\u0101ns viesistabai","description":"Elegants tr\u012bsviet\u012bgs d\u012bv\u0101ns, kas k\u013c\u016bs par j\u016bsu interjera uzman\u012bbas centru. T\u0101 taisn\u0101s l\u012bnijas un stil\u012bgais polster\u0113jums pie\u0161\u0137ir tai modernu izskatu, savuk\u0101rt t...","robots":{"index":"index","follow":"follow","max-snippet":"max-snippet:-1","max-image-preview":"max-image-preview:large","max-video-preview":"max-video-preview:-1"},"canonical":"https:\/\/brilune.eu\/lv\/product\/trisvietigs-divans-viesistabai-2\/","og_locale":"lv_LV","og_type":"article","og_title":"Tr\u012bsviet\u012bgs d\u012bv\u0101ns viesistabai","og_description":"Elegants tr\u012bsviet\u012bgs d\u012bv\u0101ns, kas k\u013c\u016bs par j\u016bsu interjera uzman\u012bbas centru. T\u0101 taisn\u0101s l\u012bnijas un stil\u012bgais polster\u0113jums pie\u0161\u0137ir tai modernu izskatu, savuk\u0101rt t...","og_url":"https:\/\/brilune.eu\/lv\/product\/trisvietigs-divans-viesistabai-2\/","og_site_name":"Brilune","article_modified_time":"2025-02-19T12:13:47+00:00","og_image":[{"width":1500,"height":1500,"url":"https:\/\/brilune.eu\/wp-content\/uploads\/2025\/01\/4773826.jpg","type":"image\/jpeg"}],"twitter_card":"summary_large_image","twitter_misc":{"Est. reading time":"1 minute"},"schema":{"@context":"https:\/\/schema.org","@graph":[{"@type":"WebPage","@id":"https:\/\/brilune.eu\/lv\/product\/trisvietigs-divans-viesistabai-2\/","url":"https:\/\/brilune.eu\/lv\/product\/trisvietigs-divans-viesistabai-2\/","name":"Tr\u012bsviet\u012bgs d\u012bv\u0101ns viesistabai","isPartOf":{"@id":"https:\/\/brilune.eu\/lv\/#website"},"primaryImageOfPage":{"@id":"https:\/\/brilune.eu\/lv\/product\/trisvietigs-divans-viesistabai-2\/#primaryimage"},"image":{"@id":"https:\/\/brilune.eu\/lv\/product\/trisvietigs-divans-viesistabai-2\/#primaryimage"},"thumbnailUrl":"https:\/\/brilune.eu\/wp-content\/uploads\/2025\/01\/4773826.jpg","datePublished":"2025-02-19T11:52:10+00:00","dateModified":"2025-02-19T12:13:47+00:00","description":"Elegants tr\u012bsviet\u012bgs d\u012bv\u0101ns, kas k\u013c\u016bs par j\u016bsu interjera uzman\u012bbas centru. T\u0101 taisn\u0101s l\u012bnijas un stil\u012bgais polster\u0113jums pie\u0161\u0137ir tai modernu izskatu, savuk\u0101rt t...","breadcrumb":{"@id":"https:\/\/brilune.eu\/lv\/product\/trisvietigs-divans-viesistabai-2\/#breadcrumb"},"inLanguage":"lv-LV","potentialAction":[{"@type":"ReadAction","target":["https:\/\/brilune.eu\/lv\/product\/trisvietigs-divans-viesistabai-2\/"]}]},{"@type":"ImageObject","inLanguage":"lv-LV","@id":"https:\/\/brilune.eu\/lv\/product\/trisvietigs-divans-viesistabai-2\/#primaryimage","url":"https:\/\/brilune.eu\/wp-content\/uploads\/2025\/01\/4773826.jpg","contentUrl":"https:\/\/brilune.eu\/wp-content\/uploads\/2025\/01\/4773826.jpg","width":1500,"height":1500},{"@type":"BreadcrumbList","@id":"https:\/\/brilune.eu\/lv\/product\/trisvietigs-divans-viesistabai-2\/#breadcrumb","itemListElement":[{"@type":"ListItem","position":1,"name":"S\u0101kums","item":"https:\/\/brilune.eu\/lv\/brilune-mebeles\/"},{"@type":"ListItem","position":2,"name":"Visi produkti","item":"https:\/\/brilune.eu\/lv\/shop\/"},{"@type":"ListItem","position":3,"name":"Tr\u012bsviet\u012bgs d\u012bv\u0101ns viesistabai"}]},{"@type":"WebSite","@id":"https:\/\/brilune.eu\/lv\/#website","url":"https:\/\/brilune.eu\/lv\/","name":"Brilune","description":"M\u0113s pied\u0101v\u0101jam unik\u0101lus un nebiju\u0161us dizainus, kas apvieno eleganci, funkcionalit\u0101ti un rado\u0161umu.","potentialAction":[{"@type":"SearchAction","target":{"@type":"EntryPoint","urlTemplate":"https:\/\/brilune.eu\/lv\/?s={search_term_string}"},"query-input":{"@type":"PropertyValueSpecification","valueRequired":true,"valueName":"search_term_string"}}],"inLanguage":"lv-LV"}]}},"jetpack_sharing_enabled":true,"_links":{"self":[{"href":"https:\/\/brilune.eu\/lv\/wp-json\/wp\/v2\/product\/40154","targetHints":{"allow":["GET"]}}],"collection":[{"href":"https:\/\/brilune.eu\/lv\/wp-json\/wp\/v2\/product"}],"about":[{"href":"https:\/\/brilune.eu\/lv\/wp-json\/wp\/v2\/types\/product"}],"replies":[{"embeddable":true,"href":"https:\/\/brilune.eu\/lv\/wp-json\/wp\/v2\/comments?post=40154"}],"version-history":[{"count":1,"href":"https:\/\/brilune.eu\/lv\/wp-json\/wp\/v2\/product\/40154\/revisions"}],"predecessor-version":[{"id":40205,"href":"https:\/\/brilune.eu\/lv\/wp-json\/wp\/v2\/product\/40154\/revisions\/40205"}],"wp:featuredmedia":[{"embeddable":true,"href":"https:\/\/brilune.eu\/lv\/wp-json\/wp\/v2\/media\/13125"}],"wp:attachment":[{"href":"https:\/\/brilune.eu\/lv\/wp-json\/wp\/v2\/media?parent=40154"}],"wp:term":[{"taxonomy":"product_brand","embeddable":true,"href":"https:\/\/brilune.eu\/lv\/wp-json\/wp\/v2\/product_brand?post=40154"},{"taxonomy":"product_cat","embeddable":true,"href":"https:\/\/brilune.eu\/lv\/wp-json\/wp\/v2\/product_cat?post=40154"},{"taxonomy":"product_tag","embeddable":true,"href":"https:\/\/brilune.eu\/lv\/wp-json\/wp\/v2\/product_tag?post=40154"}],"curies":[{"name":"wp","href":"https:\/\/api.w.org\/{rel}","templated":true}]}}