{"id":40148,"date":"2025-02-19T13:52:08","date_gmt":"2025-02-19T11:52:08","guid":{"rendered":"https:\/\/brilune.eu\/?post_type=product&#038;p=40148"},"modified":"2025-02-19T14:13:42","modified_gmt":"2025-02-19T12:13:42","slug":"vienvietigs-divans-viesistabai","status":"publish","type":"product","link":"https:\/\/brilune.eu\/lv\/product\/vienvietigs-divans-viesistabai\/","title":{"rendered":"Vienviet\u012bgs d\u012bv\u0101ns viesistabai"},"content":{"rendered":"<p>Elegants skandin\u0101vu stila d\u012bv\u0101nkr\u0113sls, ide\u0101li piem\u0113rots priv\u0101tai atp\u016btai. Noapa\u013cotie roku balsti veido gludas l\u012bnijas, un zemais dizains ar priedes koka r\u0101mi nodro\u0161ina stabilit\u0101ti un komfortu. Polster\u0113jums ir pat\u012bkam\u0101 nokr\u0101s\u0101 un ir iztur\u012bgs pret traipiem, t\u0101p\u0113c to ir viegli kopt. Zemajam atzveltnei ir kan\u0101la dizains, kas pie\u0161\u0137ir izskatam dr\u0101mu, savuk\u0101rt atmi\u0146as putu spilvens nodro\u0161ina maigumu un atbalstu. Izm\u0113ri: 145\u00d795\u00d767 cm. Materi\u0101ls: koks, putuplasts.<\/p>\n","protected":false},"excerpt":{"rendered":"<p>Elegants skandin\u0101vu stila d\u012bv\u0101nkr\u0113sls, ide\u0101li piem\u0113rots priv\u0101tai atp\u016btai. Noapa\u013cotie roku balsti veido gludas l\u012bnijas, un zemais dizains ar priedes koka r\u0101mi, kas ir profesion\u0101ls&#8230;<\/p>\n","protected":false},"featured_media":13091,"comment_status":"open","ping_status":"closed","template":"","meta":[],"product_brand":[],"product_cat":[3208,5693],"product_tag":[],"class_list":{"0":"post-40148","1":"product","2":"type-product","3":"status-publish","4":"has-post-thumbnail","6":"product_cat-sekcijas-gultas-3","7":"product_cat-sekcijas-gultas-10","9":"first","10":"instock","11":"shipping-taxable","12":"purchasable","13":"product-type-simple"},"yoast_head":"<!-- This site is optimized with the Yoast SEO plugin v26.0 - https:\/\/yoast.com\/wordpress\/plugins\/seo\/ -->\n<title>Vienviet\u012bgs d\u012bv\u0101ns viesistabai<\/title>\n<meta name=\"description\" content=\"Elegants skandin\u0101vu stila d\u012bv\u0101nkr\u0113sls, ide\u0101li piem\u0113rots priv\u0101tai atp\u016btai. Noapa\u013cotie roku balsti veido gludas l\u012bnijas, un zemais dizains ar priedes koka r\u0101mi, kas ir profesion\u0101ls...\" \/>\n<meta name=\"robots\" content=\"index, follow, max-snippet:-1, max-image-preview:large, max-video-preview:-1\" \/>\n<link rel=\"canonical\" href=\"https:\/\/brilune.eu\/lv\/product\/vienvietigs-divans-viesistabai\/\" \/>\n<meta property=\"og:locale\" content=\"lv_LV\" \/>\n<meta property=\"og:type\" content=\"article\" \/>\n<meta property=\"og:title\" content=\"Vienviet\u012bgs d\u012bv\u0101ns viesistabai\" \/>\n<meta property=\"og:description\" content=\"Elegants skandin\u0101vu stila d\u012bv\u0101nkr\u0113sls, ide\u0101li piem\u0113rots priv\u0101tai atp\u016btai. Noapa\u013cotie roku balsti veido gludas l\u012bnijas, un zemais dizains ar priedes koka r\u0101mi, kas ir profesion\u0101ls...\" \/>\n<meta property=\"og:url\" content=\"https:\/\/brilune.eu\/lv\/product\/vienvietigs-divans-viesistabai\/\" \/>\n<meta property=\"og:site_name\" content=\"Brilune\" \/>\n<meta property=\"article:modified_time\" content=\"2025-02-19T12:13:42+00:00\" \/>\n<meta property=\"og:image\" content=\"https:\/\/brilune.eu\/wp-content\/uploads\/2025\/01\/4773836.jpg\" \/>\n\t<meta property=\"og:image:width\" content=\"1500\" \/>\n\t<meta property=\"og:image:height\" content=\"1500\" \/>\n\t<meta property=\"og:image:type\" content=\"image\/jpeg\" \/>\n<meta name=\"twitter:card\" content=\"summary_large_image\" \/>\n<script type=\"application\/ld+json\" class=\"yoast-schema-graph\">{\"@context\":\"https:\/\/schema.org\",\"@graph\":[{\"@type\":\"WebPage\",\"@id\":\"https:\/\/brilune.eu\/lv\/product\/vienvietigs-divans-viesistabai\/\",\"url\":\"https:\/\/brilune.eu\/lv\/product\/vienvietigs-divans-viesistabai\/\",\"name\":\"Vienviet\u012bgs d\u012bv\u0101ns viesistabai\",\"isPartOf\":{\"@id\":\"https:\/\/brilune.eu\/lv\/#website\"},\"primaryImageOfPage\":{\"@id\":\"https:\/\/brilune.eu\/lv\/product\/vienvietigs-divans-viesistabai\/#primaryimage\"},\"image\":{\"@id\":\"https:\/\/brilune.eu\/lv\/product\/vienvietigs-divans-viesistabai\/#primaryimage\"},\"thumbnailUrl\":\"https:\/\/brilune.eu\/wp-content\/uploads\/2025\/01\/4773836.jpg\",\"datePublished\":\"2025-02-19T11:52:08+00:00\",\"dateModified\":\"2025-02-19T12:13:42+00:00\",\"description\":\"Elegants skandin\u0101vu stila d\u012bv\u0101nkr\u0113sls, ide\u0101li piem\u0113rots priv\u0101tai atp\u016btai. Noapa\u013cotie roku balsti veido gludas l\u012bnijas, un zemais dizains ar priedes koka r\u0101mi, kas ir profesion\u0101ls...\",\"breadcrumb\":{\"@id\":\"https:\/\/brilune.eu\/lv\/product\/vienvietigs-divans-viesistabai\/#breadcrumb\"},\"inLanguage\":\"lv-LV\",\"potentialAction\":[{\"@type\":\"ReadAction\",\"target\":[\"https:\/\/brilune.eu\/lv\/product\/vienvietigs-divans-viesistabai\/\"]}]},{\"@type\":\"ImageObject\",\"inLanguage\":\"lv-LV\",\"@id\":\"https:\/\/brilune.eu\/lv\/product\/vienvietigs-divans-viesistabai\/#primaryimage\",\"url\":\"https:\/\/brilune.eu\/wp-content\/uploads\/2025\/01\/4773836.jpg\",\"contentUrl\":\"https:\/\/brilune.eu\/wp-content\/uploads\/2025\/01\/4773836.jpg\",\"width\":1500,\"height\":1500},{\"@type\":\"BreadcrumbList\",\"@id\":\"https:\/\/brilune.eu\/lv\/product\/vienvietigs-divans-viesistabai\/#breadcrumb\",\"itemListElement\":[{\"@type\":\"ListItem\",\"position\":1,\"name\":\"S\u0101kums\",\"item\":\"https:\/\/brilune.eu\/lv\/brilune-mebeles\/\"},{\"@type\":\"ListItem\",\"position\":2,\"name\":\"Visi produkti\",\"item\":\"https:\/\/brilune.eu\/lv\/shop\/\"},{\"@type\":\"ListItem\",\"position\":3,\"name\":\"Vienviet\u012bgs d\u012bv\u0101ns viesistabai\"}]},{\"@type\":\"WebSite\",\"@id\":\"https:\/\/brilune.eu\/lv\/#website\",\"url\":\"https:\/\/brilune.eu\/lv\/\",\"name\":\"Brilune\",\"description\":\"M\u0113s pied\u0101v\u0101jam unik\u0101lus un nebiju\u0161us dizainus, kas apvieno eleganci, funkcionalit\u0101ti un rado\u0161umu.\",\"potentialAction\":[{\"@type\":\"SearchAction\",\"target\":{\"@type\":\"EntryPoint\",\"urlTemplate\":\"https:\/\/brilune.eu\/lv\/?s={search_term_string}\"},\"query-input\":{\"@type\":\"PropertyValueSpecification\",\"valueRequired\":true,\"valueName\":\"search_term_string\"}}],\"inLanguage\":\"lv-LV\"}]}<\/script>\n<!-- \/ Yoast SEO plugin. -->","yoast_head_json":{"title":"Vienviet\u012bgs d\u012bv\u0101ns viesistabai","description":"Elegants skandin\u0101vu stila d\u012bv\u0101nkr\u0113sls, ide\u0101li piem\u0113rots priv\u0101tai atp\u016btai. Noapa\u013cotie roku balsti veido gludas l\u012bnijas, un zemais dizains ar priedes koka r\u0101mi, kas ir profesion\u0101ls...","robots":{"index":"index","follow":"follow","max-snippet":"max-snippet:-1","max-image-preview":"max-image-preview:large","max-video-preview":"max-video-preview:-1"},"canonical":"https:\/\/brilune.eu\/lv\/product\/vienvietigs-divans-viesistabai\/","og_locale":"lv_LV","og_type":"article","og_title":"Vienviet\u012bgs d\u012bv\u0101ns viesistabai","og_description":"Elegants skandin\u0101vu stila d\u012bv\u0101nkr\u0113sls, ide\u0101li piem\u0113rots priv\u0101tai atp\u016btai. Noapa\u013cotie roku balsti veido gludas l\u012bnijas, un zemais dizains ar priedes koka r\u0101mi, kas ir profesion\u0101ls...","og_url":"https:\/\/brilune.eu\/lv\/product\/vienvietigs-divans-viesistabai\/","og_site_name":"Brilune","article_modified_time":"2025-02-19T12:13:42+00:00","og_image":[{"width":1500,"height":1500,"url":"https:\/\/brilune.eu\/wp-content\/uploads\/2025\/01\/4773836.jpg","type":"image\/jpeg"}],"twitter_card":"summary_large_image","schema":{"@context":"https:\/\/schema.org","@graph":[{"@type":"WebPage","@id":"https:\/\/brilune.eu\/lv\/product\/vienvietigs-divans-viesistabai\/","url":"https:\/\/brilune.eu\/lv\/product\/vienvietigs-divans-viesistabai\/","name":"Vienviet\u012bgs d\u012bv\u0101ns viesistabai","isPartOf":{"@id":"https:\/\/brilune.eu\/lv\/#website"},"primaryImageOfPage":{"@id":"https:\/\/brilune.eu\/lv\/product\/vienvietigs-divans-viesistabai\/#primaryimage"},"image":{"@id":"https:\/\/brilune.eu\/lv\/product\/vienvietigs-divans-viesistabai\/#primaryimage"},"thumbnailUrl":"https:\/\/brilune.eu\/wp-content\/uploads\/2025\/01\/4773836.jpg","datePublished":"2025-02-19T11:52:08+00:00","dateModified":"2025-02-19T12:13:42+00:00","description":"Elegants skandin\u0101vu stila d\u012bv\u0101nkr\u0113sls, ide\u0101li piem\u0113rots priv\u0101tai atp\u016btai. Noapa\u013cotie roku balsti veido gludas l\u012bnijas, un zemais dizains ar priedes koka r\u0101mi, kas ir profesion\u0101ls...","breadcrumb":{"@id":"https:\/\/brilune.eu\/lv\/product\/vienvietigs-divans-viesistabai\/#breadcrumb"},"inLanguage":"lv-LV","potentialAction":[{"@type":"ReadAction","target":["https:\/\/brilune.eu\/lv\/product\/vienvietigs-divans-viesistabai\/"]}]},{"@type":"ImageObject","inLanguage":"lv-LV","@id":"https:\/\/brilune.eu\/lv\/product\/vienvietigs-divans-viesistabai\/#primaryimage","url":"https:\/\/brilune.eu\/wp-content\/uploads\/2025\/01\/4773836.jpg","contentUrl":"https:\/\/brilune.eu\/wp-content\/uploads\/2025\/01\/4773836.jpg","width":1500,"height":1500},{"@type":"BreadcrumbList","@id":"https:\/\/brilune.eu\/lv\/product\/vienvietigs-divans-viesistabai\/#breadcrumb","itemListElement":[{"@type":"ListItem","position":1,"name":"S\u0101kums","item":"https:\/\/brilune.eu\/lv\/brilune-mebeles\/"},{"@type":"ListItem","position":2,"name":"Visi produkti","item":"https:\/\/brilune.eu\/lv\/shop\/"},{"@type":"ListItem","position":3,"name":"Vienviet\u012bgs d\u012bv\u0101ns viesistabai"}]},{"@type":"WebSite","@id":"https:\/\/brilune.eu\/lv\/#website","url":"https:\/\/brilune.eu\/lv\/","name":"Brilune","description":"M\u0113s pied\u0101v\u0101jam unik\u0101lus un nebiju\u0161us dizainus, kas apvieno eleganci, funkcionalit\u0101ti un rado\u0161umu.","potentialAction":[{"@type":"SearchAction","target":{"@type":"EntryPoint","urlTemplate":"https:\/\/brilune.eu\/lv\/?s={search_term_string}"},"query-input":{"@type":"PropertyValueSpecification","valueRequired":true,"valueName":"search_term_string"}}],"inLanguage":"lv-LV"}]}},"jetpack_sharing_enabled":true,"_links":{"self":[{"href":"https:\/\/brilune.eu\/lv\/wp-json\/wp\/v2\/product\/40148","targetHints":{"allow":["GET"]}}],"collection":[{"href":"https:\/\/brilune.eu\/lv\/wp-json\/wp\/v2\/product"}],"about":[{"href":"https:\/\/brilune.eu\/lv\/wp-json\/wp\/v2\/types\/product"}],"replies":[{"embeddable":true,"href":"https:\/\/brilune.eu\/lv\/wp-json\/wp\/v2\/comments?post=40148"}],"version-history":[{"count":1,"href":"https:\/\/brilune.eu\/lv\/wp-json\/wp\/v2\/product\/40148\/revisions"}],"predecessor-version":[{"id":40199,"href":"https:\/\/brilune.eu\/lv\/wp-json\/wp\/v2\/product\/40148\/revisions\/40199"}],"wp:featuredmedia":[{"embeddable":true,"href":"https:\/\/brilune.eu\/lv\/wp-json\/wp\/v2\/media\/13091"}],"wp:attachment":[{"href":"https:\/\/brilune.eu\/lv\/wp-json\/wp\/v2\/media?parent=40148"}],"wp:term":[{"taxonomy":"product_brand","embeddable":true,"href":"https:\/\/brilune.eu\/lv\/wp-json\/wp\/v2\/product_brand?post=40148"},{"taxonomy":"product_cat","embeddable":true,"href":"https:\/\/brilune.eu\/lv\/wp-json\/wp\/v2\/product_cat?post=40148"},{"taxonomy":"product_tag","embeddable":true,"href":"https:\/\/brilune.eu\/lv\/wp-json\/wp\/v2\/product_tag?post=40148"}],"curies":[{"name":"wp","href":"https:\/\/api.w.org\/{rel}","templated":true}]}}