{"id":40145,"date":"2025-02-19T13:52:08","date_gmt":"2025-02-19T11:52:08","guid":{"rendered":"https:\/\/brilune.eu\/?post_type=product&#038;p=40145"},"modified":"2025-02-19T14:13:41","modified_gmt":"2025-02-19T12:13:41","slug":"cetrvietigs-stura-divans","status":"publish","type":"product","link":"https:\/\/brilune.eu\/lv\/product\/cetrvietigs-stura-divans\/","title":{"rendered":"\u010cetrviet\u012bgs st\u016bra d\u012bv\u0101ns"},"content":{"rendered":"<p>Pla\u0161s, modul\u0101rs L formas d\u012bv\u0101ns ar regul\u0113jamu orient\u0101ciju ir ide\u0101la izv\u0113le viesistabai, kur svar\u012bgs ir stils un funkcionalit\u0101te. D\u012bv\u0101nam ir viens k\u0101ju balsts, kas nodro\u0161ina papildu komfortu, un tas ir apr\u012bkots ar m\u012bkstiem spilveniem, kas nodro\u0161ina \u0113rtu s\u0113d\u0113\u0161anu un atbalstu. Zem s\u0113dek\u013ca ir ietilp\u012bgs glab\u0101\u0161anas nodal\u012bjums, kur\u0101 varat noglab\u0101t savas mantas, lai visu laiku sak\u0101rtotu lietas. Polster\u0113juma materi\u0101ls ir traipu un mitruma iztur\u012bgs, kas iev\u0113rojami atvieglo d\u012bv\u0101na kop\u0161anu. Izm\u0113ri: 348\u00d7175\u00d795 cm. Materi\u0101ls: koks, putuplasts.<\/p>\n","protected":false},"excerpt":{"rendered":"<p>Pla\u0161s, modul\u0101rs L formas d\u012bv\u0101ns ar regul\u0113jamu orient\u0101ciju ir ide\u0101la izv\u0113le viesistabai, kur svar\u012bgs ir stils un funkcionalit\u0101te. D\u012bv\u0101n\u0101 ietilpst&#8230;<\/p>\n","protected":false},"featured_media":13082,"comment_status":"open","ping_status":"closed","template":"","meta":[],"product_brand":[],"product_cat":[3208,5693],"product_tag":[],"class_list":{"0":"post-40145","1":"product","2":"type-product","3":"status-publish","4":"has-post-thumbnail","6":"product_cat-sekcijas-gultas-3","7":"product_cat-sekcijas-gultas-10","9":"first","10":"instock","11":"shipping-taxable","12":"purchasable","13":"product-type-simple"},"yoast_head":"<!-- This site is optimized with the Yoast SEO plugin v26.0 - https:\/\/yoast.com\/wordpress\/plugins\/seo\/ -->\n<title>\u010cetrviet\u012bgs st\u016bra d\u012bv\u0101ns<\/title>\n<meta name=\"description\" content=\"Pla\u0161s, modul\u0101rs L formas d\u012bv\u0101ns ar regul\u0113jamu orient\u0101ciju ir ide\u0101la izv\u0113le viesistabai, kur svar\u012bgs ir stils un funkcionalit\u0101te. D\u012bv\u0101n\u0101 ietilpst...\" \/>\n<meta name=\"robots\" content=\"index, follow, max-snippet:-1, max-image-preview:large, max-video-preview:-1\" \/>\n<link rel=\"canonical\" href=\"https:\/\/brilune.eu\/lv\/product\/cetrvietigs-stura-divans\/\" \/>\n<meta property=\"og:locale\" content=\"lv_LV\" \/>\n<meta property=\"og:type\" content=\"article\" \/>\n<meta property=\"og:title\" content=\"\u010cetrviet\u012bgs st\u016bra d\u012bv\u0101ns\" \/>\n<meta property=\"og:description\" content=\"Pla\u0161s, modul\u0101rs L formas d\u012bv\u0101ns ar regul\u0113jamu orient\u0101ciju ir ide\u0101la izv\u0113le viesistabai, kur svar\u012bgs ir stils un funkcionalit\u0101te. D\u012bv\u0101n\u0101 ietilpst...\" \/>\n<meta property=\"og:url\" content=\"https:\/\/brilune.eu\/lv\/product\/cetrvietigs-stura-divans\/\" \/>\n<meta property=\"og:site_name\" content=\"Brilune\" \/>\n<meta property=\"article:modified_time\" content=\"2025-02-19T12:13:41+00:00\" \/>\n<meta property=\"og:image\" content=\"https:\/\/brilune.eu\/wp-content\/uploads\/2025\/01\/4773420.jpg\" \/>\n\t<meta property=\"og:image:width\" content=\"1500\" \/>\n\t<meta property=\"og:image:height\" content=\"1500\" \/>\n\t<meta property=\"og:image:type\" content=\"image\/jpeg\" \/>\n<meta name=\"twitter:card\" content=\"summary_large_image\" \/>\n<meta name=\"twitter:label1\" content=\"Est. reading time\" \/>\n\t<meta name=\"twitter:data1\" content=\"1 minute\" \/>\n<script type=\"application\/ld+json\" class=\"yoast-schema-graph\">{\"@context\":\"https:\/\/schema.org\",\"@graph\":[{\"@type\":\"WebPage\",\"@id\":\"https:\/\/brilune.eu\/lv\/product\/cetrvietigs-stura-divans\/\",\"url\":\"https:\/\/brilune.eu\/lv\/product\/cetrvietigs-stura-divans\/\",\"name\":\"\u010cetrviet\u012bgs st\u016bra d\u012bv\u0101ns\",\"isPartOf\":{\"@id\":\"https:\/\/brilune.eu\/lv\/#website\"},\"primaryImageOfPage\":{\"@id\":\"https:\/\/brilune.eu\/lv\/product\/cetrvietigs-stura-divans\/#primaryimage\"},\"image\":{\"@id\":\"https:\/\/brilune.eu\/lv\/product\/cetrvietigs-stura-divans\/#primaryimage\"},\"thumbnailUrl\":\"https:\/\/brilune.eu\/wp-content\/uploads\/2025\/01\/4773420.jpg\",\"datePublished\":\"2025-02-19T11:52:08+00:00\",\"dateModified\":\"2025-02-19T12:13:41+00:00\",\"description\":\"Pla\u0161s, modul\u0101rs L formas d\u012bv\u0101ns ar regul\u0113jamu orient\u0101ciju ir ide\u0101la izv\u0113le viesistabai, kur svar\u012bgs ir stils un funkcionalit\u0101te. D\u012bv\u0101n\u0101 ietilpst...\",\"breadcrumb\":{\"@id\":\"https:\/\/brilune.eu\/lv\/product\/cetrvietigs-stura-divans\/#breadcrumb\"},\"inLanguage\":\"lv-LV\",\"potentialAction\":[{\"@type\":\"ReadAction\",\"target\":[\"https:\/\/brilune.eu\/lv\/product\/cetrvietigs-stura-divans\/\"]}]},{\"@type\":\"ImageObject\",\"inLanguage\":\"lv-LV\",\"@id\":\"https:\/\/brilune.eu\/lv\/product\/cetrvietigs-stura-divans\/#primaryimage\",\"url\":\"https:\/\/brilune.eu\/wp-content\/uploads\/2025\/01\/4773420.jpg\",\"contentUrl\":\"https:\/\/brilune.eu\/wp-content\/uploads\/2025\/01\/4773420.jpg\",\"width\":1500,\"height\":1500},{\"@type\":\"BreadcrumbList\",\"@id\":\"https:\/\/brilune.eu\/lv\/product\/cetrvietigs-stura-divans\/#breadcrumb\",\"itemListElement\":[{\"@type\":\"ListItem\",\"position\":1,\"name\":\"S\u0101kums\",\"item\":\"https:\/\/brilune.eu\/lv\/brilune-mebeles\/\"},{\"@type\":\"ListItem\",\"position\":2,\"name\":\"Visi produkti\",\"item\":\"https:\/\/brilune.eu\/lv\/shop\/\"},{\"@type\":\"ListItem\",\"position\":3,\"name\":\"\u010cetrviet\u012bgs st\u016bra d\u012bv\u0101ns\"}]},{\"@type\":\"WebSite\",\"@id\":\"https:\/\/brilune.eu\/lv\/#website\",\"url\":\"https:\/\/brilune.eu\/lv\/\",\"name\":\"Brilune\",\"description\":\"M\u0113s pied\u0101v\u0101jam unik\u0101lus un nebiju\u0161us dizainus, kas apvieno eleganci, funkcionalit\u0101ti un rado\u0161umu.\",\"potentialAction\":[{\"@type\":\"SearchAction\",\"target\":{\"@type\":\"EntryPoint\",\"urlTemplate\":\"https:\/\/brilune.eu\/lv\/?s={search_term_string}\"},\"query-input\":{\"@type\":\"PropertyValueSpecification\",\"valueRequired\":true,\"valueName\":\"search_term_string\"}}],\"inLanguage\":\"lv-LV\"}]}<\/script>\n<!-- \/ Yoast SEO plugin. -->","yoast_head_json":{"title":"\u010cetrviet\u012bgs st\u016bra d\u012bv\u0101ns","description":"Pla\u0161s, modul\u0101rs L formas d\u012bv\u0101ns ar regul\u0113jamu orient\u0101ciju ir ide\u0101la izv\u0113le viesistabai, kur svar\u012bgs ir stils un funkcionalit\u0101te. D\u012bv\u0101n\u0101 ietilpst...","robots":{"index":"index","follow":"follow","max-snippet":"max-snippet:-1","max-image-preview":"max-image-preview:large","max-video-preview":"max-video-preview:-1"},"canonical":"https:\/\/brilune.eu\/lv\/product\/cetrvietigs-stura-divans\/","og_locale":"lv_LV","og_type":"article","og_title":"\u010cetrviet\u012bgs st\u016bra d\u012bv\u0101ns","og_description":"Pla\u0161s, modul\u0101rs L formas d\u012bv\u0101ns ar regul\u0113jamu orient\u0101ciju ir ide\u0101la izv\u0113le viesistabai, kur svar\u012bgs ir stils un funkcionalit\u0101te. D\u012bv\u0101n\u0101 ietilpst...","og_url":"https:\/\/brilune.eu\/lv\/product\/cetrvietigs-stura-divans\/","og_site_name":"Brilune","article_modified_time":"2025-02-19T12:13:41+00:00","og_image":[{"width":1500,"height":1500,"url":"https:\/\/brilune.eu\/wp-content\/uploads\/2025\/01\/4773420.jpg","type":"image\/jpeg"}],"twitter_card":"summary_large_image","twitter_misc":{"Est. reading time":"1 minute"},"schema":{"@context":"https:\/\/schema.org","@graph":[{"@type":"WebPage","@id":"https:\/\/brilune.eu\/lv\/product\/cetrvietigs-stura-divans\/","url":"https:\/\/brilune.eu\/lv\/product\/cetrvietigs-stura-divans\/","name":"\u010cetrviet\u012bgs st\u016bra d\u012bv\u0101ns","isPartOf":{"@id":"https:\/\/brilune.eu\/lv\/#website"},"primaryImageOfPage":{"@id":"https:\/\/brilune.eu\/lv\/product\/cetrvietigs-stura-divans\/#primaryimage"},"image":{"@id":"https:\/\/brilune.eu\/lv\/product\/cetrvietigs-stura-divans\/#primaryimage"},"thumbnailUrl":"https:\/\/brilune.eu\/wp-content\/uploads\/2025\/01\/4773420.jpg","datePublished":"2025-02-19T11:52:08+00:00","dateModified":"2025-02-19T12:13:41+00:00","description":"Pla\u0161s, modul\u0101rs L formas d\u012bv\u0101ns ar regul\u0113jamu orient\u0101ciju ir ide\u0101la izv\u0113le viesistabai, kur svar\u012bgs ir stils un funkcionalit\u0101te. D\u012bv\u0101n\u0101 ietilpst...","breadcrumb":{"@id":"https:\/\/brilune.eu\/lv\/product\/cetrvietigs-stura-divans\/#breadcrumb"},"inLanguage":"lv-LV","potentialAction":[{"@type":"ReadAction","target":["https:\/\/brilune.eu\/lv\/product\/cetrvietigs-stura-divans\/"]}]},{"@type":"ImageObject","inLanguage":"lv-LV","@id":"https:\/\/brilune.eu\/lv\/product\/cetrvietigs-stura-divans\/#primaryimage","url":"https:\/\/brilune.eu\/wp-content\/uploads\/2025\/01\/4773420.jpg","contentUrl":"https:\/\/brilune.eu\/wp-content\/uploads\/2025\/01\/4773420.jpg","width":1500,"height":1500},{"@type":"BreadcrumbList","@id":"https:\/\/brilune.eu\/lv\/product\/cetrvietigs-stura-divans\/#breadcrumb","itemListElement":[{"@type":"ListItem","position":1,"name":"S\u0101kums","item":"https:\/\/brilune.eu\/lv\/brilune-mebeles\/"},{"@type":"ListItem","position":2,"name":"Visi produkti","item":"https:\/\/brilune.eu\/lv\/shop\/"},{"@type":"ListItem","position":3,"name":"\u010cetrviet\u012bgs st\u016bra d\u012bv\u0101ns"}]},{"@type":"WebSite","@id":"https:\/\/brilune.eu\/lv\/#website","url":"https:\/\/brilune.eu\/lv\/","name":"Brilune","description":"M\u0113s pied\u0101v\u0101jam unik\u0101lus un nebiju\u0161us dizainus, kas apvieno eleganci, funkcionalit\u0101ti un rado\u0161umu.","potentialAction":[{"@type":"SearchAction","target":{"@type":"EntryPoint","urlTemplate":"https:\/\/brilune.eu\/lv\/?s={search_term_string}"},"query-input":{"@type":"PropertyValueSpecification","valueRequired":true,"valueName":"search_term_string"}}],"inLanguage":"lv-LV"}]}},"jetpack_sharing_enabled":true,"_links":{"self":[{"href":"https:\/\/brilune.eu\/lv\/wp-json\/wp\/v2\/product\/40145","targetHints":{"allow":["GET"]}}],"collection":[{"href":"https:\/\/brilune.eu\/lv\/wp-json\/wp\/v2\/product"}],"about":[{"href":"https:\/\/brilune.eu\/lv\/wp-json\/wp\/v2\/types\/product"}],"replies":[{"embeddable":true,"href":"https:\/\/brilune.eu\/lv\/wp-json\/wp\/v2\/comments?post=40145"}],"version-history":[{"count":1,"href":"https:\/\/brilune.eu\/lv\/wp-json\/wp\/v2\/product\/40145\/revisions"}],"predecessor-version":[{"id":40185,"href":"https:\/\/brilune.eu\/lv\/wp-json\/wp\/v2\/product\/40145\/revisions\/40185"}],"wp:featuredmedia":[{"embeddable":true,"href":"https:\/\/brilune.eu\/lv\/wp-json\/wp\/v2\/media\/13082"}],"wp:attachment":[{"href":"https:\/\/brilune.eu\/lv\/wp-json\/wp\/v2\/media?parent=40145"}],"wp:term":[{"taxonomy":"product_brand","embeddable":true,"href":"https:\/\/brilune.eu\/lv\/wp-json\/wp\/v2\/product_brand?post=40145"},{"taxonomy":"product_cat","embeddable":true,"href":"https:\/\/brilune.eu\/lv\/wp-json\/wp\/v2\/product_cat?post=40145"},{"taxonomy":"product_tag","embeddable":true,"href":"https:\/\/brilune.eu\/lv\/wp-json\/wp\/v2\/product_tag?post=40145"}],"curies":[{"name":"wp","href":"https:\/\/api.w.org\/{rel}","templated":true}]}}