{"id":40118,"date":"2025-02-19T13:51:42","date_gmt":"2025-02-19T11:51:42","guid":{"rendered":"https:\/\/brilune.eu\/?post_type=product&#038;p=40118"},"modified":"2025-02-19T14:13:33","modified_gmt":"2025-02-19T12:13:33","slug":"trisvietigs-divans","status":"publish","type":"product","link":"https:\/\/brilune.eu\/lv\/product\/trisvietigs-divans\/","title":{"rendered":"Tr\u012bsviet\u012bgs d\u012bv\u0101ns"},"content":{"rendered":"<p>Elegants, moderns d\u012bv\u0101ns ar pla\u0161\u0101m s\u0113dviet\u0101m tr\u012bs person\u0101m ir ide\u0101ls, lai izveidotu m\u0101j\u012bgu st\u016br\u012bti j\u016bsu viesistab\u0101. M\u012bkstie, no\u0146emamie muguras spilveni nodro\u0161ina papildu komfortu, savuk\u0101rt smil\u0161kr\u0101sas m\u0101ksl\u012bg\u0101s \u0101das apdare pie\u0161\u0137ir stil\u012bgu un izsmalcin\u0101tu izskatu. Taisnas l\u012bnijas un kvadr\u0101tveida roku balsti rada t\u012bru un modernu siluetu, kas lieliski iederas minim\u0101lisma un modern\u0101 interjer\u0101. Zem s\u0113dek\u013ca ir praktiska glab\u0101\u0161anas vieta, kur \u0113rti novietot segas vai citus priek\u0161metus. Koka r\u0101mis garant\u0113 konstrukcijas iztur\u012bbu un stabilit\u0101ti, bet putu pildviela nodro\u0161ina \u0113rtu s\u0113d\u0113\u0161anu. Izm\u0113ri: 220\u00d798\u00d795 cm. Materi\u0101li: koks, putuplasts.<\/p>\n","protected":false},"excerpt":{"rendered":"<p>Elegants, moderns d\u012bv\u0101ns ar pla\u0161\u0101m s\u0113dviet\u0101m tr\u012bs person\u0101m ir ide\u0101ls, lai izveidotu m\u0101j\u012bgu st\u016br\u012bti j\u016bsu viesistab\u0101. M\u012bkstie, no\u0146emamie muguras spilveni nodro\u0161ina papildu&#8230;<\/p>\n","protected":false},"featured_media":13060,"comment_status":"open","ping_status":"closed","template":"","meta":[],"product_brand":[],"product_cat":[5693,3208],"product_tag":[],"class_list":{"0":"post-40118","1":"product","2":"type-product","3":"status-publish","4":"has-post-thumbnail","6":"product_cat-sekcijas-gultas-10","7":"product_cat-sekcijas-gultas-3","9":"first","10":"instock","11":"shipping-taxable","12":"purchasable","13":"product-type-simple"},"yoast_head":"<!-- This site is optimized with the Yoast SEO plugin v26.0 - https:\/\/yoast.com\/wordpress\/plugins\/seo\/ -->\n<title>Tr\u012bsviet\u012bgs d\u012bv\u0101ns<\/title>\n<meta name=\"description\" content=\"Elegants, moderns d\u012bv\u0101ns ar pla\u0161\u0101m s\u0113dviet\u0101m tr\u012bs person\u0101m ir ide\u0101ls, lai izveidotu m\u0101j\u012bgu st\u016br\u012bti j\u016bsu viesistab\u0101. M\u012bkstie, no\u0146emamie muguras spilveni nodro\u0161ina papildu...\" \/>\n<meta name=\"robots\" content=\"index, follow, max-snippet:-1, max-image-preview:large, max-video-preview:-1\" \/>\n<link rel=\"canonical\" href=\"https:\/\/brilune.eu\/lv\/product\/trisvietigs-divans\/\" \/>\n<meta property=\"og:locale\" content=\"lv_LV\" \/>\n<meta property=\"og:type\" content=\"article\" \/>\n<meta property=\"og:title\" content=\"Tr\u012bsviet\u012bgs d\u012bv\u0101ns\" \/>\n<meta property=\"og:description\" content=\"Elegants, moderns d\u012bv\u0101ns ar pla\u0161\u0101m s\u0113dviet\u0101m tr\u012bs person\u0101m ir ide\u0101ls, lai izveidotu m\u0101j\u012bgu st\u016br\u012bti j\u016bsu viesistab\u0101. M\u012bkstie, no\u0146emamie muguras spilveni nodro\u0161ina papildu...\" \/>\n<meta property=\"og:url\" content=\"https:\/\/brilune.eu\/lv\/product\/trisvietigs-divans\/\" \/>\n<meta property=\"og:site_name\" content=\"Brilune\" \/>\n<meta property=\"article:modified_time\" content=\"2025-02-19T12:13:33+00:00\" \/>\n<meta property=\"og:image\" content=\"https:\/\/brilune.eu\/wp-content\/uploads\/2025\/01\/4773418.jpg\" \/>\n\t<meta property=\"og:image:width\" content=\"1500\" \/>\n\t<meta property=\"og:image:height\" content=\"1500\" \/>\n\t<meta property=\"og:image:type\" content=\"image\/jpeg\" \/>\n<meta name=\"twitter:card\" content=\"summary_large_image\" \/>\n<meta name=\"twitter:label1\" content=\"Est. reading time\" \/>\n\t<meta name=\"twitter:data1\" content=\"1 minute\" \/>\n<script type=\"application\/ld+json\" class=\"yoast-schema-graph\">{\"@context\":\"https:\/\/schema.org\",\"@graph\":[{\"@type\":\"WebPage\",\"@id\":\"https:\/\/brilune.eu\/lv\/product\/trisvietigs-divans\/\",\"url\":\"https:\/\/brilune.eu\/lv\/product\/trisvietigs-divans\/\",\"name\":\"Tr\u012bsviet\u012bgs d\u012bv\u0101ns\",\"isPartOf\":{\"@id\":\"https:\/\/brilune.eu\/lv\/#website\"},\"primaryImageOfPage\":{\"@id\":\"https:\/\/brilune.eu\/lv\/product\/trisvietigs-divans\/#primaryimage\"},\"image\":{\"@id\":\"https:\/\/brilune.eu\/lv\/product\/trisvietigs-divans\/#primaryimage\"},\"thumbnailUrl\":\"https:\/\/brilune.eu\/wp-content\/uploads\/2025\/01\/4773418.jpg\",\"datePublished\":\"2025-02-19T11:51:42+00:00\",\"dateModified\":\"2025-02-19T12:13:33+00:00\",\"description\":\"Elegants, moderns d\u012bv\u0101ns ar pla\u0161\u0101m s\u0113dviet\u0101m tr\u012bs person\u0101m ir ide\u0101ls, lai izveidotu m\u0101j\u012bgu st\u016br\u012bti j\u016bsu viesistab\u0101. M\u012bkstie, no\u0146emamie muguras spilveni nodro\u0161ina papildu...\",\"breadcrumb\":{\"@id\":\"https:\/\/brilune.eu\/lv\/product\/trisvietigs-divans\/#breadcrumb\"},\"inLanguage\":\"lv-LV\",\"potentialAction\":[{\"@type\":\"ReadAction\",\"target\":[\"https:\/\/brilune.eu\/lv\/product\/trisvietigs-divans\/\"]}]},{\"@type\":\"ImageObject\",\"inLanguage\":\"lv-LV\",\"@id\":\"https:\/\/brilune.eu\/lv\/product\/trisvietigs-divans\/#primaryimage\",\"url\":\"https:\/\/brilune.eu\/wp-content\/uploads\/2025\/01\/4773418.jpg\",\"contentUrl\":\"https:\/\/brilune.eu\/wp-content\/uploads\/2025\/01\/4773418.jpg\",\"width\":1500,\"height\":1500},{\"@type\":\"BreadcrumbList\",\"@id\":\"https:\/\/brilune.eu\/lv\/product\/trisvietigs-divans\/#breadcrumb\",\"itemListElement\":[{\"@type\":\"ListItem\",\"position\":1,\"name\":\"S\u0101kums\",\"item\":\"https:\/\/brilune.eu\/lv\/brilune-mebeles\/\"},{\"@type\":\"ListItem\",\"position\":2,\"name\":\"Visi produkti\",\"item\":\"https:\/\/brilune.eu\/lv\/shop\/\"},{\"@type\":\"ListItem\",\"position\":3,\"name\":\"Tr\u012bsviet\u012bgs d\u012bv\u0101ns\"}]},{\"@type\":\"WebSite\",\"@id\":\"https:\/\/brilune.eu\/lv\/#website\",\"url\":\"https:\/\/brilune.eu\/lv\/\",\"name\":\"Brilune\",\"description\":\"M\u0113s pied\u0101v\u0101jam unik\u0101lus un nebiju\u0161us dizainus, kas apvieno eleganci, funkcionalit\u0101ti un rado\u0161umu.\",\"potentialAction\":[{\"@type\":\"SearchAction\",\"target\":{\"@type\":\"EntryPoint\",\"urlTemplate\":\"https:\/\/brilune.eu\/lv\/?s={search_term_string}\"},\"query-input\":{\"@type\":\"PropertyValueSpecification\",\"valueRequired\":true,\"valueName\":\"search_term_string\"}}],\"inLanguage\":\"lv-LV\"}]}<\/script>\n<!-- \/ Yoast SEO plugin. -->","yoast_head_json":{"title":"Tr\u012bsviet\u012bgs d\u012bv\u0101ns","description":"Elegants, moderns d\u012bv\u0101ns ar pla\u0161\u0101m s\u0113dviet\u0101m tr\u012bs person\u0101m ir ide\u0101ls, lai izveidotu m\u0101j\u012bgu st\u016br\u012bti j\u016bsu viesistab\u0101. M\u012bkstie, no\u0146emamie muguras spilveni nodro\u0161ina papildu...","robots":{"index":"index","follow":"follow","max-snippet":"max-snippet:-1","max-image-preview":"max-image-preview:large","max-video-preview":"max-video-preview:-1"},"canonical":"https:\/\/brilune.eu\/lv\/product\/trisvietigs-divans\/","og_locale":"lv_LV","og_type":"article","og_title":"Tr\u012bsviet\u012bgs d\u012bv\u0101ns","og_description":"Elegants, moderns d\u012bv\u0101ns ar pla\u0161\u0101m s\u0113dviet\u0101m tr\u012bs person\u0101m ir ide\u0101ls, lai izveidotu m\u0101j\u012bgu st\u016br\u012bti j\u016bsu viesistab\u0101. M\u012bkstie, no\u0146emamie muguras spilveni nodro\u0161ina papildu...","og_url":"https:\/\/brilune.eu\/lv\/product\/trisvietigs-divans\/","og_site_name":"Brilune","article_modified_time":"2025-02-19T12:13:33+00:00","og_image":[{"width":1500,"height":1500,"url":"https:\/\/brilune.eu\/wp-content\/uploads\/2025\/01\/4773418.jpg","type":"image\/jpeg"}],"twitter_card":"summary_large_image","twitter_misc":{"Est. reading time":"1 minute"},"schema":{"@context":"https:\/\/schema.org","@graph":[{"@type":"WebPage","@id":"https:\/\/brilune.eu\/lv\/product\/trisvietigs-divans\/","url":"https:\/\/brilune.eu\/lv\/product\/trisvietigs-divans\/","name":"Tr\u012bsviet\u012bgs d\u012bv\u0101ns","isPartOf":{"@id":"https:\/\/brilune.eu\/lv\/#website"},"primaryImageOfPage":{"@id":"https:\/\/brilune.eu\/lv\/product\/trisvietigs-divans\/#primaryimage"},"image":{"@id":"https:\/\/brilune.eu\/lv\/product\/trisvietigs-divans\/#primaryimage"},"thumbnailUrl":"https:\/\/brilune.eu\/wp-content\/uploads\/2025\/01\/4773418.jpg","datePublished":"2025-02-19T11:51:42+00:00","dateModified":"2025-02-19T12:13:33+00:00","description":"Elegants, moderns d\u012bv\u0101ns ar pla\u0161\u0101m s\u0113dviet\u0101m tr\u012bs person\u0101m ir ide\u0101ls, lai izveidotu m\u0101j\u012bgu st\u016br\u012bti j\u016bsu viesistab\u0101. M\u012bkstie, no\u0146emamie muguras spilveni nodro\u0161ina papildu...","breadcrumb":{"@id":"https:\/\/brilune.eu\/lv\/product\/trisvietigs-divans\/#breadcrumb"},"inLanguage":"lv-LV","potentialAction":[{"@type":"ReadAction","target":["https:\/\/brilune.eu\/lv\/product\/trisvietigs-divans\/"]}]},{"@type":"ImageObject","inLanguage":"lv-LV","@id":"https:\/\/brilune.eu\/lv\/product\/trisvietigs-divans\/#primaryimage","url":"https:\/\/brilune.eu\/wp-content\/uploads\/2025\/01\/4773418.jpg","contentUrl":"https:\/\/brilune.eu\/wp-content\/uploads\/2025\/01\/4773418.jpg","width":1500,"height":1500},{"@type":"BreadcrumbList","@id":"https:\/\/brilune.eu\/lv\/product\/trisvietigs-divans\/#breadcrumb","itemListElement":[{"@type":"ListItem","position":1,"name":"S\u0101kums","item":"https:\/\/brilune.eu\/lv\/brilune-mebeles\/"},{"@type":"ListItem","position":2,"name":"Visi produkti","item":"https:\/\/brilune.eu\/lv\/shop\/"},{"@type":"ListItem","position":3,"name":"Tr\u012bsviet\u012bgs d\u012bv\u0101ns"}]},{"@type":"WebSite","@id":"https:\/\/brilune.eu\/lv\/#website","url":"https:\/\/brilune.eu\/lv\/","name":"Brilune","description":"M\u0113s pied\u0101v\u0101jam unik\u0101lus un nebiju\u0161us dizainus, kas apvieno eleganci, funkcionalit\u0101ti un rado\u0161umu.","potentialAction":[{"@type":"SearchAction","target":{"@type":"EntryPoint","urlTemplate":"https:\/\/brilune.eu\/lv\/?s={search_term_string}"},"query-input":{"@type":"PropertyValueSpecification","valueRequired":true,"valueName":"search_term_string"}}],"inLanguage":"lv-LV"}]}},"jetpack_sharing_enabled":true,"_links":{"self":[{"href":"https:\/\/brilune.eu\/lv\/wp-json\/wp\/v2\/product\/40118","targetHints":{"allow":["GET"]}}],"collection":[{"href":"https:\/\/brilune.eu\/lv\/wp-json\/wp\/v2\/product"}],"about":[{"href":"https:\/\/brilune.eu\/lv\/wp-json\/wp\/v2\/types\/product"}],"replies":[{"embeddable":true,"href":"https:\/\/brilune.eu\/lv\/wp-json\/wp\/v2\/comments?post=40118"}],"version-history":[{"count":1,"href":"https:\/\/brilune.eu\/lv\/wp-json\/wp\/v2\/product\/40118\/revisions"}],"predecessor-version":[{"id":40176,"href":"https:\/\/brilune.eu\/lv\/wp-json\/wp\/v2\/product\/40118\/revisions\/40176"}],"wp:featuredmedia":[{"embeddable":true,"href":"https:\/\/brilune.eu\/lv\/wp-json\/wp\/v2\/media\/13060"}],"wp:attachment":[{"href":"https:\/\/brilune.eu\/lv\/wp-json\/wp\/v2\/media?parent=40118"}],"wp:term":[{"taxonomy":"product_brand","embeddable":true,"href":"https:\/\/brilune.eu\/lv\/wp-json\/wp\/v2\/product_brand?post=40118"},{"taxonomy":"product_cat","embeddable":true,"href":"https:\/\/brilune.eu\/lv\/wp-json\/wp\/v2\/product_cat?post=40118"},{"taxonomy":"product_tag","embeddable":true,"href":"https:\/\/brilune.eu\/lv\/wp-json\/wp\/v2\/product_tag?post=40118"}],"curies":[{"name":"wp","href":"https:\/\/api.w.org\/{rel}","templated":true}]}}