{"id":39958,"date":"2025-02-19T13:48:42","date_gmt":"2025-02-19T11:48:42","guid":{"rendered":"https:\/\/brilune.eu\/?post_type=product&#038;p=39958"},"modified":"2025-02-19T14:12:40","modified_gmt":"2025-02-19T12:12:40","slug":"bernu-galds-ar-kreslu-radosumam-2","status":"publish","type":"product","link":"https:\/\/brilune.eu\/lv\/product\/bernu-galds-ar-kreslu-radosumam-2\/","title":{"rendered":"B\u0113rnu galds ar kr\u0113slu rado\u0161umam"},"content":{"rendered":"<p>\u0160is b\u0113rnu galds un kr\u0113sls rado\u0161umam b\u016bs ide\u0101la vieta visdrosm\u012bg\u0101ko ideju un m\u0101ksliniecisko projektu \u012bsteno\u0161anai. T\u0101 balt\u0101 galda virsma ir izgatavota no iztur\u012bgas plastmasas un akrila, \u013caujot b\u0113rniem z\u012bm\u0113t, kr\u0101sot un veikt citas rado\u0161as aktivit\u0101tes, nebaidoties saboj\u0101t virsmu. Galds ir regul\u0113jams augstum\u0101, kas \u013cauj to piel\u0101got b\u0113rna augumam, k\u0101 ar\u012b iek\u013cauts viens plaukts m\u0101kslas materi\u0101lu glab\u0101\u0161anai. Galda kompaktie izm\u0113ri padara to piem\u0113rotu lieto\u0161anai gan m\u0101j\u0101s, gan skol\u0101. Izm\u0113ri: 78\u00d755\u00d761 cm. Materi\u0101li: plastmasa, akrils.<\/p>\n","protected":false},"excerpt":{"rendered":"<p>\u0160is b\u0113rnu galds un kr\u0113sls rado\u0161umam b\u016bs ide\u0101la vieta visdrosm\u012bg\u0101ko ideju un m\u0101ksliniecisko projektu \u012bsteno\u0161anai. T\u0101 balt\u0101 galda virsma&#8230;<\/p>\n","protected":false},"featured_media":12772,"comment_status":"open","ping_status":"closed","template":"","meta":[],"product_brand":[],"product_cat":[2991,5662],"product_tag":[],"class_list":{"0":"post-39958","1":"product","2":"type-product","3":"status-publish","4":"has-post-thumbnail","6":"product_cat-bernu-rakstamgaldi-galdi-2","7":"product_cat-bernu-rakstamgaldi-galdi-5","9":"first","10":"instock","11":"shipping-taxable","12":"purchasable","13":"product-type-simple"},"yoast_head":"<!-- This site is optimized with the Yoast SEO plugin v26.0 - https:\/\/yoast.com\/wordpress\/plugins\/seo\/ -->\n<title>B\u0113rnu galds ar kr\u0113slu rado\u0161umam<\/title>\n<meta name=\"description\" content=\"\u0160is b\u0113rnu galds un kr\u0113sls rado\u0161umam b\u016bs ide\u0101la vieta visdrosm\u012bg\u0101ko ideju un m\u0101ksliniecisko projektu \u012bsteno\u0161anai. T\u0101 balt\u0101 galda virsma...\" \/>\n<meta name=\"robots\" content=\"index, follow, max-snippet:-1, max-image-preview:large, max-video-preview:-1\" \/>\n<link rel=\"canonical\" href=\"https:\/\/brilune.eu\/lv\/product\/bernu-galds-ar-kreslu-radosumam-2\/\" \/>\n<meta property=\"og:locale\" content=\"lv_LV\" \/>\n<meta property=\"og:type\" content=\"article\" \/>\n<meta property=\"og:title\" content=\"B\u0113rnu galds ar kr\u0113slu rado\u0161umam\" \/>\n<meta property=\"og:description\" content=\"\u0160is b\u0113rnu galds un kr\u0113sls rado\u0161umam b\u016bs ide\u0101la vieta visdrosm\u012bg\u0101ko ideju un m\u0101ksliniecisko projektu \u012bsteno\u0161anai. T\u0101 balt\u0101 galda virsma...\" \/>\n<meta property=\"og:url\" content=\"https:\/\/brilune.eu\/lv\/product\/bernu-galds-ar-kreslu-radosumam-2\/\" \/>\n<meta property=\"og:site_name\" content=\"Brilune\" \/>\n<meta property=\"article:modified_time\" content=\"2025-02-19T12:12:40+00:00\" \/>\n<meta property=\"og:image\" content=\"https:\/\/brilune.eu\/wp-content\/uploads\/2025\/01\/8124659.jpg\" \/>\n\t<meta property=\"og:image:width\" content=\"1500\" \/>\n\t<meta property=\"og:image:height\" content=\"1500\" \/>\n\t<meta property=\"og:image:type\" content=\"image\/jpeg\" \/>\n<meta name=\"twitter:card\" content=\"summary_large_image\" \/>\n<meta name=\"twitter:label1\" content=\"Est. reading time\" \/>\n\t<meta name=\"twitter:data1\" content=\"1 minute\" \/>\n<script type=\"application\/ld+json\" class=\"yoast-schema-graph\">{\"@context\":\"https:\/\/schema.org\",\"@graph\":[{\"@type\":\"WebPage\",\"@id\":\"https:\/\/brilune.eu\/lv\/product\/bernu-galds-ar-kreslu-radosumam-2\/\",\"url\":\"https:\/\/brilune.eu\/lv\/product\/bernu-galds-ar-kreslu-radosumam-2\/\",\"name\":\"B\u0113rnu galds ar kr\u0113slu rado\u0161umam\",\"isPartOf\":{\"@id\":\"https:\/\/brilune.eu\/lv\/#website\"},\"primaryImageOfPage\":{\"@id\":\"https:\/\/brilune.eu\/lv\/product\/bernu-galds-ar-kreslu-radosumam-2\/#primaryimage\"},\"image\":{\"@id\":\"https:\/\/brilune.eu\/lv\/product\/bernu-galds-ar-kreslu-radosumam-2\/#primaryimage\"},\"thumbnailUrl\":\"https:\/\/brilune.eu\/wp-content\/uploads\/2025\/01\/8124659.jpg\",\"datePublished\":\"2025-02-19T11:48:42+00:00\",\"dateModified\":\"2025-02-19T12:12:40+00:00\",\"description\":\"\u0160is b\u0113rnu galds un kr\u0113sls rado\u0161umam b\u016bs ide\u0101la vieta visdrosm\u012bg\u0101ko ideju un m\u0101ksliniecisko projektu \u012bsteno\u0161anai. T\u0101 balt\u0101 galda virsma...\",\"breadcrumb\":{\"@id\":\"https:\/\/brilune.eu\/lv\/product\/bernu-galds-ar-kreslu-radosumam-2\/#breadcrumb\"},\"inLanguage\":\"lv-LV\",\"potentialAction\":[{\"@type\":\"ReadAction\",\"target\":[\"https:\/\/brilune.eu\/lv\/product\/bernu-galds-ar-kreslu-radosumam-2\/\"]}]},{\"@type\":\"ImageObject\",\"inLanguage\":\"lv-LV\",\"@id\":\"https:\/\/brilune.eu\/lv\/product\/bernu-galds-ar-kreslu-radosumam-2\/#primaryimage\",\"url\":\"https:\/\/brilune.eu\/wp-content\/uploads\/2025\/01\/8124659.jpg\",\"contentUrl\":\"https:\/\/brilune.eu\/wp-content\/uploads\/2025\/01\/8124659.jpg\",\"width\":1500,\"height\":1500},{\"@type\":\"BreadcrumbList\",\"@id\":\"https:\/\/brilune.eu\/lv\/product\/bernu-galds-ar-kreslu-radosumam-2\/#breadcrumb\",\"itemListElement\":[{\"@type\":\"ListItem\",\"position\":1,\"name\":\"S\u0101kums\",\"item\":\"https:\/\/brilune.eu\/lv\/brilune-mebeles\/\"},{\"@type\":\"ListItem\",\"position\":2,\"name\":\"Visi produkti\",\"item\":\"https:\/\/brilune.eu\/lv\/shop\/\"},{\"@type\":\"ListItem\",\"position\":3,\"name\":\"B\u0113rnu galds ar kr\u0113slu rado\u0161umam\"}]},{\"@type\":\"WebSite\",\"@id\":\"https:\/\/brilune.eu\/lv\/#website\",\"url\":\"https:\/\/brilune.eu\/lv\/\",\"name\":\"Brilune\",\"description\":\"M\u0113s pied\u0101v\u0101jam unik\u0101lus un nebiju\u0161us dizainus, kas apvieno eleganci, funkcionalit\u0101ti un rado\u0161umu.\",\"potentialAction\":[{\"@type\":\"SearchAction\",\"target\":{\"@type\":\"EntryPoint\",\"urlTemplate\":\"https:\/\/brilune.eu\/lv\/?s={search_term_string}\"},\"query-input\":{\"@type\":\"PropertyValueSpecification\",\"valueRequired\":true,\"valueName\":\"search_term_string\"}}],\"inLanguage\":\"lv-LV\"}]}<\/script>\n<!-- \/ Yoast SEO plugin. -->","yoast_head_json":{"title":"B\u0113rnu galds ar kr\u0113slu rado\u0161umam","description":"\u0160is b\u0113rnu galds un kr\u0113sls rado\u0161umam b\u016bs ide\u0101la vieta visdrosm\u012bg\u0101ko ideju un m\u0101ksliniecisko projektu \u012bsteno\u0161anai. T\u0101 balt\u0101 galda virsma...","robots":{"index":"index","follow":"follow","max-snippet":"max-snippet:-1","max-image-preview":"max-image-preview:large","max-video-preview":"max-video-preview:-1"},"canonical":"https:\/\/brilune.eu\/lv\/product\/bernu-galds-ar-kreslu-radosumam-2\/","og_locale":"lv_LV","og_type":"article","og_title":"B\u0113rnu galds ar kr\u0113slu rado\u0161umam","og_description":"\u0160is b\u0113rnu galds un kr\u0113sls rado\u0161umam b\u016bs ide\u0101la vieta visdrosm\u012bg\u0101ko ideju un m\u0101ksliniecisko projektu \u012bsteno\u0161anai. T\u0101 balt\u0101 galda virsma...","og_url":"https:\/\/brilune.eu\/lv\/product\/bernu-galds-ar-kreslu-radosumam-2\/","og_site_name":"Brilune","article_modified_time":"2025-02-19T12:12:40+00:00","og_image":[{"width":1500,"height":1500,"url":"https:\/\/brilune.eu\/wp-content\/uploads\/2025\/01\/8124659.jpg","type":"image\/jpeg"}],"twitter_card":"summary_large_image","twitter_misc":{"Est. reading time":"1 minute"},"schema":{"@context":"https:\/\/schema.org","@graph":[{"@type":"WebPage","@id":"https:\/\/brilune.eu\/lv\/product\/bernu-galds-ar-kreslu-radosumam-2\/","url":"https:\/\/brilune.eu\/lv\/product\/bernu-galds-ar-kreslu-radosumam-2\/","name":"B\u0113rnu galds ar kr\u0113slu rado\u0161umam","isPartOf":{"@id":"https:\/\/brilune.eu\/lv\/#website"},"primaryImageOfPage":{"@id":"https:\/\/brilune.eu\/lv\/product\/bernu-galds-ar-kreslu-radosumam-2\/#primaryimage"},"image":{"@id":"https:\/\/brilune.eu\/lv\/product\/bernu-galds-ar-kreslu-radosumam-2\/#primaryimage"},"thumbnailUrl":"https:\/\/brilune.eu\/wp-content\/uploads\/2025\/01\/8124659.jpg","datePublished":"2025-02-19T11:48:42+00:00","dateModified":"2025-02-19T12:12:40+00:00","description":"\u0160is b\u0113rnu galds un kr\u0113sls rado\u0161umam b\u016bs ide\u0101la vieta visdrosm\u012bg\u0101ko ideju un m\u0101ksliniecisko projektu \u012bsteno\u0161anai. T\u0101 balt\u0101 galda virsma...","breadcrumb":{"@id":"https:\/\/brilune.eu\/lv\/product\/bernu-galds-ar-kreslu-radosumam-2\/#breadcrumb"},"inLanguage":"lv-LV","potentialAction":[{"@type":"ReadAction","target":["https:\/\/brilune.eu\/lv\/product\/bernu-galds-ar-kreslu-radosumam-2\/"]}]},{"@type":"ImageObject","inLanguage":"lv-LV","@id":"https:\/\/brilune.eu\/lv\/product\/bernu-galds-ar-kreslu-radosumam-2\/#primaryimage","url":"https:\/\/brilune.eu\/wp-content\/uploads\/2025\/01\/8124659.jpg","contentUrl":"https:\/\/brilune.eu\/wp-content\/uploads\/2025\/01\/8124659.jpg","width":1500,"height":1500},{"@type":"BreadcrumbList","@id":"https:\/\/brilune.eu\/lv\/product\/bernu-galds-ar-kreslu-radosumam-2\/#breadcrumb","itemListElement":[{"@type":"ListItem","position":1,"name":"S\u0101kums","item":"https:\/\/brilune.eu\/lv\/brilune-mebeles\/"},{"@type":"ListItem","position":2,"name":"Visi produkti","item":"https:\/\/brilune.eu\/lv\/shop\/"},{"@type":"ListItem","position":3,"name":"B\u0113rnu galds ar kr\u0113slu rado\u0161umam"}]},{"@type":"WebSite","@id":"https:\/\/brilune.eu\/lv\/#website","url":"https:\/\/brilune.eu\/lv\/","name":"Brilune","description":"M\u0113s pied\u0101v\u0101jam unik\u0101lus un nebiju\u0161us dizainus, kas apvieno eleganci, funkcionalit\u0101ti un rado\u0161umu.","potentialAction":[{"@type":"SearchAction","target":{"@type":"EntryPoint","urlTemplate":"https:\/\/brilune.eu\/lv\/?s={search_term_string}"},"query-input":{"@type":"PropertyValueSpecification","valueRequired":true,"valueName":"search_term_string"}}],"inLanguage":"lv-LV"}]}},"jetpack_sharing_enabled":true,"_links":{"self":[{"href":"https:\/\/brilune.eu\/lv\/wp-json\/wp\/v2\/product\/39958","targetHints":{"allow":["GET"]}}],"collection":[{"href":"https:\/\/brilune.eu\/lv\/wp-json\/wp\/v2\/product"}],"about":[{"href":"https:\/\/brilune.eu\/lv\/wp-json\/wp\/v2\/types\/product"}],"replies":[{"embeddable":true,"href":"https:\/\/brilune.eu\/lv\/wp-json\/wp\/v2\/comments?post=39958"}],"version-history":[{"count":1,"href":"https:\/\/brilune.eu\/lv\/wp-json\/wp\/v2\/product\/39958\/revisions"}],"predecessor-version":[{"id":40010,"href":"https:\/\/brilune.eu\/lv\/wp-json\/wp\/v2\/product\/39958\/revisions\/40010"}],"wp:featuredmedia":[{"embeddable":true,"href":"https:\/\/brilune.eu\/lv\/wp-json\/wp\/v2\/media\/12772"}],"wp:attachment":[{"href":"https:\/\/brilune.eu\/lv\/wp-json\/wp\/v2\/media?parent=39958"}],"wp:term":[{"taxonomy":"product_brand","embeddable":true,"href":"https:\/\/brilune.eu\/lv\/wp-json\/wp\/v2\/product_brand?post=39958"},{"taxonomy":"product_cat","embeddable":true,"href":"https:\/\/brilune.eu\/lv\/wp-json\/wp\/v2\/product_cat?post=39958"},{"taxonomy":"product_tag","embeddable":true,"href":"https:\/\/brilune.eu\/lv\/wp-json\/wp\/v2\/product_tag?post=39958"}],"curies":[{"name":"wp","href":"https:\/\/api.w.org\/{rel}","templated":true}]}}