{"id":39952,"date":"2025-02-19T13:48:41","date_gmt":"2025-02-19T11:48:41","guid":{"rendered":"https:\/\/brilune.eu\/?post_type=product&#038;p=39952"},"modified":"2025-02-19T14:12:36","modified_gmt":"2025-02-19T12:12:36","slug":"kompakts-datora-galds-2","status":"publish","type":"product","link":"https:\/\/brilune.eu\/lv\/product\/kompakts-datora-galds-2\/","title":{"rendered":"Kompakts datora galds"},"content":{"rendered":"<p>\u0160is mazais portat\u012bvais datorgalds ar kr\u0113slu ir lielisks risin\u0101jums \u0161aur\u0101m telp\u0101m vai darba vietas izveidei jebkur\u0101 telp\u0101. Galdam ir moderns dizains ar baltu virsmu un pel\u0113ku pamatni, pie\u0161\u0137irot tam elegantu un stil\u012bgu izskatu. Tas ir pietiekami mazs, lai viegli ietilptu st\u016br\u012b, vienlaikus nodro\u0161inot visu, kas nepiecie\u0161ams, lai \u0113rti str\u0101d\u0101tu vai m\u0101c\u012btos. Komplekt\u0101cij\u0101 iek\u013cautais \u0113rtais kr\u0113sls nodro\u0161ina pareizu augstumu, \u013caujot \u0113rti s\u0113d\u0113t, str\u0101d\u0101jot pie datora. Rakst\u0101mgalds ir apr\u012bkots ar vienu plauktu uzglab\u0101\u0161anai, k\u0101 ar\u012b ietver kabe\u013cu p\u0101rvald\u012bbu vadu organiz\u0113\u0161anai. Galda izm\u0113ri: 78\u00d760\u00d7105 cm, kr\u0113sla izm\u0113ri: 36\u00d736\u00d760 cm. Materi\u0101li: koka galda virsma, met\u0101la pamatne.<\/p>\n","protected":false},"excerpt":{"rendered":"<p>\u0160is mazais portat\u012bvais datorgalds ar kr\u0113slu ir lielisks risin\u0101jums \u0161aur\u0101m telp\u0101m vai darba vietas izveidei jebkur\u0101 telp\u0101. Galdam ir moderns dizains ar&#8230;<\/p>\n","protected":false},"featured_media":12761,"comment_status":"open","ping_status":"closed","template":"","meta":[],"product_brand":[],"product_cat":[5662,2991],"product_tag":[],"class_list":{"0":"post-39952","1":"product","2":"type-product","3":"status-publish","4":"has-post-thumbnail","6":"product_cat-bernu-rakstamgaldi-galdi-5","7":"product_cat-bernu-rakstamgaldi-galdi-2","9":"first","10":"instock","11":"shipping-taxable","12":"purchasable","13":"product-type-simple"},"yoast_head":"<!-- This site is optimized with the Yoast SEO plugin v26.0 - https:\/\/yoast.com\/wordpress\/plugins\/seo\/ -->\n<title>Kompakts datora galds<\/title>\n<meta name=\"description\" content=\"\u0160is mazais portat\u012bvais datorgalds ar kr\u0113slu ir lielisks risin\u0101jums \u0161aur\u0101m telp\u0101m vai darba vietas izveidei jebkur\u0101 telp\u0101. Galdam ir moderns dizains ar...\" \/>\n<meta name=\"robots\" content=\"index, follow, max-snippet:-1, max-image-preview:large, max-video-preview:-1\" \/>\n<link rel=\"canonical\" href=\"https:\/\/brilune.eu\/lv\/product\/kompakts-datora-galds-2\/\" \/>\n<meta property=\"og:locale\" content=\"lv_LV\" \/>\n<meta property=\"og:type\" content=\"article\" \/>\n<meta property=\"og:title\" content=\"Kompakts datora galds\" \/>\n<meta property=\"og:description\" content=\"\u0160is mazais portat\u012bvais datorgalds ar kr\u0113slu ir lielisks risin\u0101jums \u0161aur\u0101m telp\u0101m vai darba vietas izveidei jebkur\u0101 telp\u0101. Galdam ir moderns dizains ar...\" \/>\n<meta property=\"og:url\" content=\"https:\/\/brilune.eu\/lv\/product\/kompakts-datora-galds-2\/\" \/>\n<meta property=\"og:site_name\" content=\"Brilune\" \/>\n<meta property=\"article:modified_time\" content=\"2025-02-19T12:12:36+00:00\" \/>\n<meta property=\"og:image\" content=\"https:\/\/brilune.eu\/wp-content\/uploads\/2025\/01\/8299297.jpg\" \/>\n\t<meta property=\"og:image:width\" content=\"1500\" \/>\n\t<meta property=\"og:image:height\" content=\"1500\" \/>\n\t<meta property=\"og:image:type\" content=\"image\/jpeg\" \/>\n<meta name=\"twitter:card\" content=\"summary_large_image\" \/>\n<meta name=\"twitter:label1\" content=\"Est. reading time\" \/>\n\t<meta name=\"twitter:data1\" content=\"1 minute\" \/>\n<script type=\"application\/ld+json\" class=\"yoast-schema-graph\">{\"@context\":\"https:\/\/schema.org\",\"@graph\":[{\"@type\":\"WebPage\",\"@id\":\"https:\/\/brilune.eu\/lv\/product\/kompakts-datora-galds-2\/\",\"url\":\"https:\/\/brilune.eu\/lv\/product\/kompakts-datora-galds-2\/\",\"name\":\"Kompakts datora galds\",\"isPartOf\":{\"@id\":\"https:\/\/brilune.eu\/lv\/#website\"},\"primaryImageOfPage\":{\"@id\":\"https:\/\/brilune.eu\/lv\/product\/kompakts-datora-galds-2\/#primaryimage\"},\"image\":{\"@id\":\"https:\/\/brilune.eu\/lv\/product\/kompakts-datora-galds-2\/#primaryimage\"},\"thumbnailUrl\":\"https:\/\/brilune.eu\/wp-content\/uploads\/2025\/01\/8299297.jpg\",\"datePublished\":\"2025-02-19T11:48:41+00:00\",\"dateModified\":\"2025-02-19T12:12:36+00:00\",\"description\":\"\u0160is mazais portat\u012bvais datorgalds ar kr\u0113slu ir lielisks risin\u0101jums \u0161aur\u0101m telp\u0101m vai darba vietas izveidei jebkur\u0101 telp\u0101. Galdam ir moderns dizains ar...\",\"breadcrumb\":{\"@id\":\"https:\/\/brilune.eu\/lv\/product\/kompakts-datora-galds-2\/#breadcrumb\"},\"inLanguage\":\"lv-LV\",\"potentialAction\":[{\"@type\":\"ReadAction\",\"target\":[\"https:\/\/brilune.eu\/lv\/product\/kompakts-datora-galds-2\/\"]}]},{\"@type\":\"ImageObject\",\"inLanguage\":\"lv-LV\",\"@id\":\"https:\/\/brilune.eu\/lv\/product\/kompakts-datora-galds-2\/#primaryimage\",\"url\":\"https:\/\/brilune.eu\/wp-content\/uploads\/2025\/01\/8299297.jpg\",\"contentUrl\":\"https:\/\/brilune.eu\/wp-content\/uploads\/2025\/01\/8299297.jpg\",\"width\":1500,\"height\":1500},{\"@type\":\"BreadcrumbList\",\"@id\":\"https:\/\/brilune.eu\/lv\/product\/kompakts-datora-galds-2\/#breadcrumb\",\"itemListElement\":[{\"@type\":\"ListItem\",\"position\":1,\"name\":\"S\u0101kums\",\"item\":\"https:\/\/brilune.eu\/lv\/brilune-mebeles\/\"},{\"@type\":\"ListItem\",\"position\":2,\"name\":\"Visi produkti\",\"item\":\"https:\/\/brilune.eu\/lv\/shop\/\"},{\"@type\":\"ListItem\",\"position\":3,\"name\":\"Kompakts datora galds\"}]},{\"@type\":\"WebSite\",\"@id\":\"https:\/\/brilune.eu\/lv\/#website\",\"url\":\"https:\/\/brilune.eu\/lv\/\",\"name\":\"Brilune\",\"description\":\"M\u0113s pied\u0101v\u0101jam unik\u0101lus un nebiju\u0161us dizainus, kas apvieno eleganci, funkcionalit\u0101ti un rado\u0161umu.\",\"potentialAction\":[{\"@type\":\"SearchAction\",\"target\":{\"@type\":\"EntryPoint\",\"urlTemplate\":\"https:\/\/brilune.eu\/lv\/?s={search_term_string}\"},\"query-input\":{\"@type\":\"PropertyValueSpecification\",\"valueRequired\":true,\"valueName\":\"search_term_string\"}}],\"inLanguage\":\"lv-LV\"}]}<\/script>\n<!-- \/ Yoast SEO plugin. -->","yoast_head_json":{"title":"Kompakts datora galds","description":"\u0160is mazais portat\u012bvais datorgalds ar kr\u0113slu ir lielisks risin\u0101jums \u0161aur\u0101m telp\u0101m vai darba vietas izveidei jebkur\u0101 telp\u0101. Galdam ir moderns dizains ar...","robots":{"index":"index","follow":"follow","max-snippet":"max-snippet:-1","max-image-preview":"max-image-preview:large","max-video-preview":"max-video-preview:-1"},"canonical":"https:\/\/brilune.eu\/lv\/product\/kompakts-datora-galds-2\/","og_locale":"lv_LV","og_type":"article","og_title":"Kompakts datora galds","og_description":"\u0160is mazais portat\u012bvais datorgalds ar kr\u0113slu ir lielisks risin\u0101jums \u0161aur\u0101m telp\u0101m vai darba vietas izveidei jebkur\u0101 telp\u0101. Galdam ir moderns dizains ar...","og_url":"https:\/\/brilune.eu\/lv\/product\/kompakts-datora-galds-2\/","og_site_name":"Brilune","article_modified_time":"2025-02-19T12:12:36+00:00","og_image":[{"width":1500,"height":1500,"url":"https:\/\/brilune.eu\/wp-content\/uploads\/2025\/01\/8299297.jpg","type":"image\/jpeg"}],"twitter_card":"summary_large_image","twitter_misc":{"Est. reading time":"1 minute"},"schema":{"@context":"https:\/\/schema.org","@graph":[{"@type":"WebPage","@id":"https:\/\/brilune.eu\/lv\/product\/kompakts-datora-galds-2\/","url":"https:\/\/brilune.eu\/lv\/product\/kompakts-datora-galds-2\/","name":"Kompakts datora galds","isPartOf":{"@id":"https:\/\/brilune.eu\/lv\/#website"},"primaryImageOfPage":{"@id":"https:\/\/brilune.eu\/lv\/product\/kompakts-datora-galds-2\/#primaryimage"},"image":{"@id":"https:\/\/brilune.eu\/lv\/product\/kompakts-datora-galds-2\/#primaryimage"},"thumbnailUrl":"https:\/\/brilune.eu\/wp-content\/uploads\/2025\/01\/8299297.jpg","datePublished":"2025-02-19T11:48:41+00:00","dateModified":"2025-02-19T12:12:36+00:00","description":"\u0160is mazais portat\u012bvais datorgalds ar kr\u0113slu ir lielisks risin\u0101jums \u0161aur\u0101m telp\u0101m vai darba vietas izveidei jebkur\u0101 telp\u0101. Galdam ir moderns dizains ar...","breadcrumb":{"@id":"https:\/\/brilune.eu\/lv\/product\/kompakts-datora-galds-2\/#breadcrumb"},"inLanguage":"lv-LV","potentialAction":[{"@type":"ReadAction","target":["https:\/\/brilune.eu\/lv\/product\/kompakts-datora-galds-2\/"]}]},{"@type":"ImageObject","inLanguage":"lv-LV","@id":"https:\/\/brilune.eu\/lv\/product\/kompakts-datora-galds-2\/#primaryimage","url":"https:\/\/brilune.eu\/wp-content\/uploads\/2025\/01\/8299297.jpg","contentUrl":"https:\/\/brilune.eu\/wp-content\/uploads\/2025\/01\/8299297.jpg","width":1500,"height":1500},{"@type":"BreadcrumbList","@id":"https:\/\/brilune.eu\/lv\/product\/kompakts-datora-galds-2\/#breadcrumb","itemListElement":[{"@type":"ListItem","position":1,"name":"S\u0101kums","item":"https:\/\/brilune.eu\/lv\/brilune-mebeles\/"},{"@type":"ListItem","position":2,"name":"Visi produkti","item":"https:\/\/brilune.eu\/lv\/shop\/"},{"@type":"ListItem","position":3,"name":"Kompakts datora galds"}]},{"@type":"WebSite","@id":"https:\/\/brilune.eu\/lv\/#website","url":"https:\/\/brilune.eu\/lv\/","name":"Brilune","description":"M\u0113s pied\u0101v\u0101jam unik\u0101lus un nebiju\u0161us dizainus, kas apvieno eleganci, funkcionalit\u0101ti un rado\u0161umu.","potentialAction":[{"@type":"SearchAction","target":{"@type":"EntryPoint","urlTemplate":"https:\/\/brilune.eu\/lv\/?s={search_term_string}"},"query-input":{"@type":"PropertyValueSpecification","valueRequired":true,"valueName":"search_term_string"}}],"inLanguage":"lv-LV"}]}},"jetpack_sharing_enabled":true,"_links":{"self":[{"href":"https:\/\/brilune.eu\/lv\/wp-json\/wp\/v2\/product\/39952","targetHints":{"allow":["GET"]}}],"collection":[{"href":"https:\/\/brilune.eu\/lv\/wp-json\/wp\/v2\/product"}],"about":[{"href":"https:\/\/brilune.eu\/lv\/wp-json\/wp\/v2\/types\/product"}],"replies":[{"embeddable":true,"href":"https:\/\/brilune.eu\/lv\/wp-json\/wp\/v2\/comments?post=39952"}],"version-history":[{"count":1,"href":"https:\/\/brilune.eu\/lv\/wp-json\/wp\/v2\/product\/39952\/revisions"}],"predecessor-version":[{"id":39993,"href":"https:\/\/brilune.eu\/lv\/wp-json\/wp\/v2\/product\/39952\/revisions\/39993"}],"wp:featuredmedia":[{"embeddable":true,"href":"https:\/\/brilune.eu\/lv\/wp-json\/wp\/v2\/media\/12761"}],"wp:attachment":[{"href":"https:\/\/brilune.eu\/lv\/wp-json\/wp\/v2\/media?parent=39952"}],"wp:term":[{"taxonomy":"product_brand","embeddable":true,"href":"https:\/\/brilune.eu\/lv\/wp-json\/wp\/v2\/product_brand?post=39952"},{"taxonomy":"product_cat","embeddable":true,"href":"https:\/\/brilune.eu\/lv\/wp-json\/wp\/v2\/product_cat?post=39952"},{"taxonomy":"product_tag","embeddable":true,"href":"https:\/\/brilune.eu\/lv\/wp-json\/wp\/v2\/product_tag?post=39952"}],"curies":[{"name":"wp","href":"https:\/\/api.w.org\/{rel}","templated":true}]}}