{"id":39869,"date":"2025-02-19T13:47:00","date_gmt":"2025-02-19T11:47:00","guid":{"rendered":"https:\/\/brilune.eu\/?post_type=product&#038;p=39869"},"modified":"2025-02-19T14:12:12","modified_gmt":"2025-02-19T12:12:12","slug":"bernu-rakstamgalds","status":"publish","type":"product","link":"https:\/\/brilune.eu\/lv\/product\/bernu-rakstamgalds\/","title":{"rendered":"B\u0113rnu rakst\u0101mgalds"},"content":{"rendered":"<p>\u0160is b\u0113rnu rakst\u0101mgalds ir ide\u0101la vieta m\u0101c\u012bb\u0101m un rado\u0161umam. Izgatavots diskr\u0113ti pel\u0113k\u0101 kr\u0101s\u0101, tas harmoniski ieder\u0113sies b\u0113rnu istabas interjer\u0101. Pla\u0161\u0101 darba virsma \u013cauj \u0113rti novietot m\u0101c\u012bbu materi\u0101lus, un \u010detri plaukti un atvilktne nodro\u0161ina pla\u0161u vietu gr\u0101matu, piez\u012bmju gr\u0101mati\u0146u un piederumu uzglab\u0101\u0161anai. Koka konstrukcija garant\u0113 iztur\u012bbu un iztur\u012bbu. Galda izm\u0113ri: 124,4\u00d769,6\u00d7100 cm. Materi\u0101ls: koks.<\/p>\n","protected":false},"excerpt":{"rendered":"<p>\u0160is b\u0113rnu rakst\u0101mgalds ir ide\u0101la vieta m\u0101c\u012bb\u0101m un rado\u0161umam. Izgatavots diskr\u0113ti pel\u0113k\u0101 kr\u0101s\u0101, tas harmoniski ieder\u0113sies b\u0113rnu tualetes&#8230;<\/p>\n","protected":false},"featured_media":12568,"comment_status":"open","ping_status":"closed","template":"","meta":[],"product_brand":[],"product_cat":[2991,5662],"product_tag":[],"class_list":{"0":"post-39869","1":"product","2":"type-product","3":"status-publish","4":"has-post-thumbnail","6":"product_cat-bernu-rakstamgaldi-galdi-2","7":"product_cat-bernu-rakstamgaldi-galdi-5","9":"first","10":"instock","11":"shipping-taxable","12":"purchasable","13":"product-type-simple"},"yoast_head":"<!-- This site is optimized with the Yoast SEO plugin v26.0 - https:\/\/yoast.com\/wordpress\/plugins\/seo\/ -->\n<title>B\u0113rnu rakst\u0101mgalds<\/title>\n<meta name=\"description\" content=\"\u0160is b\u0113rnu rakst\u0101mgalds ir ide\u0101la vieta m\u0101c\u012bb\u0101m un rado\u0161umam. Izgatavots diskr\u0113ti pel\u0113k\u0101 kr\u0101s\u0101, tas harmoniski ieder\u0113sies b\u0113rnu tualetes...\" \/>\n<meta name=\"robots\" content=\"index, follow, max-snippet:-1, max-image-preview:large, max-video-preview:-1\" \/>\n<link rel=\"canonical\" href=\"https:\/\/brilune.eu\/lv\/product\/bernu-rakstamgalds\/\" \/>\n<meta property=\"og:locale\" content=\"lv_LV\" \/>\n<meta property=\"og:type\" content=\"article\" \/>\n<meta property=\"og:title\" content=\"B\u0113rnu rakst\u0101mgalds\" \/>\n<meta property=\"og:description\" content=\"\u0160is b\u0113rnu rakst\u0101mgalds ir ide\u0101la vieta m\u0101c\u012bb\u0101m un rado\u0161umam. Izgatavots diskr\u0113ti pel\u0113k\u0101 kr\u0101s\u0101, tas harmoniski ieder\u0113sies b\u0113rnu tualetes...\" \/>\n<meta property=\"og:url\" content=\"https:\/\/brilune.eu\/lv\/product\/bernu-rakstamgalds\/\" \/>\n<meta property=\"og:site_name\" content=\"Brilune\" \/>\n<meta property=\"article:modified_time\" content=\"2025-02-19T12:12:12+00:00\" \/>\n<meta property=\"og:image\" content=\"https:\/\/brilune.eu\/wp-content\/uploads\/2025\/01\/10316978.jpg\" \/>\n\t<meta property=\"og:image:width\" content=\"1500\" \/>\n\t<meta property=\"og:image:height\" content=\"1500\" \/>\n\t<meta property=\"og:image:type\" content=\"image\/jpeg\" \/>\n<meta name=\"twitter:card\" content=\"summary_large_image\" \/>\n<script type=\"application\/ld+json\" class=\"yoast-schema-graph\">{\"@context\":\"https:\/\/schema.org\",\"@graph\":[{\"@type\":\"WebPage\",\"@id\":\"https:\/\/brilune.eu\/lv\/product\/bernu-rakstamgalds\/\",\"url\":\"https:\/\/brilune.eu\/lv\/product\/bernu-rakstamgalds\/\",\"name\":\"B\u0113rnu rakst\u0101mgalds\",\"isPartOf\":{\"@id\":\"https:\/\/brilune.eu\/lv\/#website\"},\"primaryImageOfPage\":{\"@id\":\"https:\/\/brilune.eu\/lv\/product\/bernu-rakstamgalds\/#primaryimage\"},\"image\":{\"@id\":\"https:\/\/brilune.eu\/lv\/product\/bernu-rakstamgalds\/#primaryimage\"},\"thumbnailUrl\":\"https:\/\/brilune.eu\/wp-content\/uploads\/2025\/01\/10316978.jpg\",\"datePublished\":\"2025-02-19T11:47:00+00:00\",\"dateModified\":\"2025-02-19T12:12:12+00:00\",\"description\":\"\u0160is b\u0113rnu rakst\u0101mgalds ir ide\u0101la vieta m\u0101c\u012bb\u0101m un rado\u0161umam. Izgatavots diskr\u0113ti pel\u0113k\u0101 kr\u0101s\u0101, tas harmoniski ieder\u0113sies b\u0113rnu tualetes...\",\"breadcrumb\":{\"@id\":\"https:\/\/brilune.eu\/lv\/product\/bernu-rakstamgalds\/#breadcrumb\"},\"inLanguage\":\"lv-LV\",\"potentialAction\":[{\"@type\":\"ReadAction\",\"target\":[\"https:\/\/brilune.eu\/lv\/product\/bernu-rakstamgalds\/\"]}]},{\"@type\":\"ImageObject\",\"inLanguage\":\"lv-LV\",\"@id\":\"https:\/\/brilune.eu\/lv\/product\/bernu-rakstamgalds\/#primaryimage\",\"url\":\"https:\/\/brilune.eu\/wp-content\/uploads\/2025\/01\/10316978.jpg\",\"contentUrl\":\"https:\/\/brilune.eu\/wp-content\/uploads\/2025\/01\/10316978.jpg\",\"width\":1500,\"height\":1500},{\"@type\":\"BreadcrumbList\",\"@id\":\"https:\/\/brilune.eu\/lv\/product\/bernu-rakstamgalds\/#breadcrumb\",\"itemListElement\":[{\"@type\":\"ListItem\",\"position\":1,\"name\":\"S\u0101kums\",\"item\":\"https:\/\/brilune.eu\/lv\/brilune-mebeles\/\"},{\"@type\":\"ListItem\",\"position\":2,\"name\":\"Visi produkti\",\"item\":\"https:\/\/brilune.eu\/lv\/shop\/\"},{\"@type\":\"ListItem\",\"position\":3,\"name\":\"B\u0113rnu rakst\u0101mgalds\"}]},{\"@type\":\"WebSite\",\"@id\":\"https:\/\/brilune.eu\/lv\/#website\",\"url\":\"https:\/\/brilune.eu\/lv\/\",\"name\":\"Brilune\",\"description\":\"M\u0113s pied\u0101v\u0101jam unik\u0101lus un nebiju\u0161us dizainus, kas apvieno eleganci, funkcionalit\u0101ti un rado\u0161umu.\",\"potentialAction\":[{\"@type\":\"SearchAction\",\"target\":{\"@type\":\"EntryPoint\",\"urlTemplate\":\"https:\/\/brilune.eu\/lv\/?s={search_term_string}\"},\"query-input\":{\"@type\":\"PropertyValueSpecification\",\"valueRequired\":true,\"valueName\":\"search_term_string\"}}],\"inLanguage\":\"lv-LV\"}]}<\/script>\n<!-- \/ Yoast SEO plugin. -->","yoast_head_json":{"title":"B\u0113rnu rakst\u0101mgalds","description":"\u0160is b\u0113rnu rakst\u0101mgalds ir ide\u0101la vieta m\u0101c\u012bb\u0101m un rado\u0161umam. Izgatavots diskr\u0113ti pel\u0113k\u0101 kr\u0101s\u0101, tas harmoniski ieder\u0113sies b\u0113rnu tualetes...","robots":{"index":"index","follow":"follow","max-snippet":"max-snippet:-1","max-image-preview":"max-image-preview:large","max-video-preview":"max-video-preview:-1"},"canonical":"https:\/\/brilune.eu\/lv\/product\/bernu-rakstamgalds\/","og_locale":"lv_LV","og_type":"article","og_title":"B\u0113rnu rakst\u0101mgalds","og_description":"\u0160is b\u0113rnu rakst\u0101mgalds ir ide\u0101la vieta m\u0101c\u012bb\u0101m un rado\u0161umam. Izgatavots diskr\u0113ti pel\u0113k\u0101 kr\u0101s\u0101, tas harmoniski ieder\u0113sies b\u0113rnu tualetes...","og_url":"https:\/\/brilune.eu\/lv\/product\/bernu-rakstamgalds\/","og_site_name":"Brilune","article_modified_time":"2025-02-19T12:12:12+00:00","og_image":[{"width":1500,"height":1500,"url":"https:\/\/brilune.eu\/wp-content\/uploads\/2025\/01\/10316978.jpg","type":"image\/jpeg"}],"twitter_card":"summary_large_image","schema":{"@context":"https:\/\/schema.org","@graph":[{"@type":"WebPage","@id":"https:\/\/brilune.eu\/lv\/product\/bernu-rakstamgalds\/","url":"https:\/\/brilune.eu\/lv\/product\/bernu-rakstamgalds\/","name":"B\u0113rnu rakst\u0101mgalds","isPartOf":{"@id":"https:\/\/brilune.eu\/lv\/#website"},"primaryImageOfPage":{"@id":"https:\/\/brilune.eu\/lv\/product\/bernu-rakstamgalds\/#primaryimage"},"image":{"@id":"https:\/\/brilune.eu\/lv\/product\/bernu-rakstamgalds\/#primaryimage"},"thumbnailUrl":"https:\/\/brilune.eu\/wp-content\/uploads\/2025\/01\/10316978.jpg","datePublished":"2025-02-19T11:47:00+00:00","dateModified":"2025-02-19T12:12:12+00:00","description":"\u0160is b\u0113rnu rakst\u0101mgalds ir ide\u0101la vieta m\u0101c\u012bb\u0101m un rado\u0161umam. Izgatavots diskr\u0113ti pel\u0113k\u0101 kr\u0101s\u0101, tas harmoniski ieder\u0113sies b\u0113rnu tualetes...","breadcrumb":{"@id":"https:\/\/brilune.eu\/lv\/product\/bernu-rakstamgalds\/#breadcrumb"},"inLanguage":"lv-LV","potentialAction":[{"@type":"ReadAction","target":["https:\/\/brilune.eu\/lv\/product\/bernu-rakstamgalds\/"]}]},{"@type":"ImageObject","inLanguage":"lv-LV","@id":"https:\/\/brilune.eu\/lv\/product\/bernu-rakstamgalds\/#primaryimage","url":"https:\/\/brilune.eu\/wp-content\/uploads\/2025\/01\/10316978.jpg","contentUrl":"https:\/\/brilune.eu\/wp-content\/uploads\/2025\/01\/10316978.jpg","width":1500,"height":1500},{"@type":"BreadcrumbList","@id":"https:\/\/brilune.eu\/lv\/product\/bernu-rakstamgalds\/#breadcrumb","itemListElement":[{"@type":"ListItem","position":1,"name":"S\u0101kums","item":"https:\/\/brilune.eu\/lv\/brilune-mebeles\/"},{"@type":"ListItem","position":2,"name":"Visi produkti","item":"https:\/\/brilune.eu\/lv\/shop\/"},{"@type":"ListItem","position":3,"name":"B\u0113rnu rakst\u0101mgalds"}]},{"@type":"WebSite","@id":"https:\/\/brilune.eu\/lv\/#website","url":"https:\/\/brilune.eu\/lv\/","name":"Brilune","description":"M\u0113s pied\u0101v\u0101jam unik\u0101lus un nebiju\u0161us dizainus, kas apvieno eleganci, funkcionalit\u0101ti un rado\u0161umu.","potentialAction":[{"@type":"SearchAction","target":{"@type":"EntryPoint","urlTemplate":"https:\/\/brilune.eu\/lv\/?s={search_term_string}"},"query-input":{"@type":"PropertyValueSpecification","valueRequired":true,"valueName":"search_term_string"}}],"inLanguage":"lv-LV"}]}},"jetpack_sharing_enabled":true,"_links":{"self":[{"href":"https:\/\/brilune.eu\/lv\/wp-json\/wp\/v2\/product\/39869","targetHints":{"allow":["GET"]}}],"collection":[{"href":"https:\/\/brilune.eu\/lv\/wp-json\/wp\/v2\/product"}],"about":[{"href":"https:\/\/brilune.eu\/lv\/wp-json\/wp\/v2\/types\/product"}],"replies":[{"embeddable":true,"href":"https:\/\/brilune.eu\/lv\/wp-json\/wp\/v2\/comments?post=39869"}],"version-history":[{"count":1,"href":"https:\/\/brilune.eu\/lv\/wp-json\/wp\/v2\/product\/39869\/revisions"}],"predecessor-version":[{"id":39921,"href":"https:\/\/brilune.eu\/lv\/wp-json\/wp\/v2\/product\/39869\/revisions\/39921"}],"wp:featuredmedia":[{"embeddable":true,"href":"https:\/\/brilune.eu\/lv\/wp-json\/wp\/v2\/media\/12568"}],"wp:attachment":[{"href":"https:\/\/brilune.eu\/lv\/wp-json\/wp\/v2\/media?parent=39869"}],"wp:term":[{"taxonomy":"product_brand","embeddable":true,"href":"https:\/\/brilune.eu\/lv\/wp-json\/wp\/v2\/product_brand?post=39869"},{"taxonomy":"product_cat","embeddable":true,"href":"https:\/\/brilune.eu\/lv\/wp-json\/wp\/v2\/product_cat?post=39869"},{"taxonomy":"product_tag","embeddable":true,"href":"https:\/\/brilune.eu\/lv\/wp-json\/wp\/v2\/product_tag?post=39869"}],"curies":[{"name":"wp","href":"https:\/\/api.w.org\/{rel}","templated":true}]}}