{"id":39866,"date":"2025-02-19T13:46:59","date_gmt":"2025-02-19T11:46:59","guid":{"rendered":"https:\/\/brilune.eu\/?post_type=product&#038;p=39866"},"modified":"2025-02-19T14:12:11","modified_gmt":"2025-02-19T12:12:11","slug":"bernu-rakstamgalds-ar-kreslu-7","status":"publish","type":"product","link":"https:\/\/brilune.eu\/lv\/product\/bernu-rakstamgalds-ar-kreslu-7\/","title":{"rendered":"B\u0113rnu rakst\u0101mgalds ar kr\u0113slu"},"content":{"rendered":"<p>Funkcion\u0101ls b\u0113rnu m\u0101c\u012bbu galds, ko papildina kr\u0113sls, k\u013c\u016bs par uzticamu pal\u012bgu izgl\u012bt\u012bbas procesa organiz\u0113\u0161an\u0101. Modelis ir izgatavots no koka un met\u0101la, un balt\u0101 galda virsma rada gai\u0161u un m\u0101j\u012bgu atmosf\u0113ru. Regul\u0113jams augstums \u013cauj piel\u0101got galdu b\u0113rnam, nodro\u0161inot komfortu un \u0113rt\u012bbas. Ieb\u016bv\u0113t\u0101 atvilktne pal\u012bdz sak\u0101rtot skolas piederumus, nodro\u0161inot jums organiz\u0113t\u012bbu nodarb\u012bbas laik\u0101. Galda izm\u0113ri: 140\u00d760\u00d780 cm. Materi\u0101ls: koks, met\u0101ls.<\/p>\n","protected":false},"excerpt":{"rendered":"<p>Funkcion\u0101ls b\u0113rnu m\u0101c\u012bbu galds, ko papildina kr\u0113sls, k\u013c\u016bs par uzticamu pal\u012bgu izgl\u012bt\u012bbas procesa organiz\u0113\u0161an\u0101. Modelis ir izgatavots no koka&#8230;<\/p>\n","protected":false},"featured_media":12541,"comment_status":"open","ping_status":"closed","template":"","meta":[],"product_brand":[],"product_cat":[2991,5662],"product_tag":[],"class_list":{"0":"post-39866","1":"product","2":"type-product","3":"status-publish","4":"has-post-thumbnail","6":"product_cat-bernu-rakstamgaldi-galdi-2","7":"product_cat-bernu-rakstamgaldi-galdi-5","9":"first","10":"instock","11":"shipping-taxable","12":"purchasable","13":"product-type-simple"},"yoast_head":"<!-- This site is optimized with the Yoast SEO plugin v26.0 - https:\/\/yoast.com\/wordpress\/plugins\/seo\/ -->\n<title>B\u0113rnu rakst\u0101mgalds ar kr\u0113slu<\/title>\n<meta name=\"description\" content=\"Funkcion\u0101ls b\u0113rnu m\u0101c\u012bbu galds, ko papildina kr\u0113sls, k\u013c\u016bs par uzticamu pal\u012bgu izgl\u012bt\u012bbas procesa organiz\u0113\u0161an\u0101. Modelis ir izgatavots no koka...\" \/>\n<meta name=\"robots\" content=\"index, follow, max-snippet:-1, max-image-preview:large, max-video-preview:-1\" \/>\n<link rel=\"canonical\" href=\"https:\/\/brilune.eu\/lv\/product\/bernu-rakstamgalds-ar-kreslu-7\/\" \/>\n<meta property=\"og:locale\" content=\"lv_LV\" \/>\n<meta property=\"og:type\" content=\"article\" \/>\n<meta property=\"og:title\" content=\"B\u0113rnu rakst\u0101mgalds ar kr\u0113slu\" \/>\n<meta property=\"og:description\" content=\"Funkcion\u0101ls b\u0113rnu m\u0101c\u012bbu galds, ko papildina kr\u0113sls, k\u013c\u016bs par uzticamu pal\u012bgu izgl\u012bt\u012bbas procesa organiz\u0113\u0161an\u0101. Modelis ir izgatavots no koka...\" \/>\n<meta property=\"og:url\" content=\"https:\/\/brilune.eu\/lv\/product\/bernu-rakstamgalds-ar-kreslu-7\/\" \/>\n<meta property=\"og:site_name\" content=\"Brilune\" \/>\n<meta property=\"article:modified_time\" content=\"2025-02-19T12:12:11+00:00\" \/>\n<meta property=\"og:image\" content=\"https:\/\/brilune.eu\/wp-content\/uploads\/2025\/01\/10130396.jpg\" \/>\n\t<meta property=\"og:image:width\" content=\"1500\" \/>\n\t<meta property=\"og:image:height\" content=\"1500\" \/>\n\t<meta property=\"og:image:type\" content=\"image\/jpeg\" \/>\n<meta name=\"twitter:card\" content=\"summary_large_image\" \/>\n<script type=\"application\/ld+json\" class=\"yoast-schema-graph\">{\"@context\":\"https:\/\/schema.org\",\"@graph\":[{\"@type\":\"WebPage\",\"@id\":\"https:\/\/brilune.eu\/lv\/product\/bernu-rakstamgalds-ar-kreslu-7\/\",\"url\":\"https:\/\/brilune.eu\/lv\/product\/bernu-rakstamgalds-ar-kreslu-7\/\",\"name\":\"B\u0113rnu rakst\u0101mgalds ar kr\u0113slu\",\"isPartOf\":{\"@id\":\"https:\/\/brilune.eu\/lv\/#website\"},\"primaryImageOfPage\":{\"@id\":\"https:\/\/brilune.eu\/lv\/product\/bernu-rakstamgalds-ar-kreslu-7\/#primaryimage\"},\"image\":{\"@id\":\"https:\/\/brilune.eu\/lv\/product\/bernu-rakstamgalds-ar-kreslu-7\/#primaryimage\"},\"thumbnailUrl\":\"https:\/\/brilune.eu\/wp-content\/uploads\/2025\/01\/10130396.jpg\",\"datePublished\":\"2025-02-19T11:46:59+00:00\",\"dateModified\":\"2025-02-19T12:12:11+00:00\",\"description\":\"Funkcion\u0101ls b\u0113rnu m\u0101c\u012bbu galds, ko papildina kr\u0113sls, k\u013c\u016bs par uzticamu pal\u012bgu izgl\u012bt\u012bbas procesa organiz\u0113\u0161an\u0101. Modelis ir izgatavots no koka...\",\"breadcrumb\":{\"@id\":\"https:\/\/brilune.eu\/lv\/product\/bernu-rakstamgalds-ar-kreslu-7\/#breadcrumb\"},\"inLanguage\":\"lv-LV\",\"potentialAction\":[{\"@type\":\"ReadAction\",\"target\":[\"https:\/\/brilune.eu\/lv\/product\/bernu-rakstamgalds-ar-kreslu-7\/\"]}]},{\"@type\":\"ImageObject\",\"inLanguage\":\"lv-LV\",\"@id\":\"https:\/\/brilune.eu\/lv\/product\/bernu-rakstamgalds-ar-kreslu-7\/#primaryimage\",\"url\":\"https:\/\/brilune.eu\/wp-content\/uploads\/2025\/01\/10130396.jpg\",\"contentUrl\":\"https:\/\/brilune.eu\/wp-content\/uploads\/2025\/01\/10130396.jpg\",\"width\":1500,\"height\":1500},{\"@type\":\"BreadcrumbList\",\"@id\":\"https:\/\/brilune.eu\/lv\/product\/bernu-rakstamgalds-ar-kreslu-7\/#breadcrumb\",\"itemListElement\":[{\"@type\":\"ListItem\",\"position\":1,\"name\":\"S\u0101kums\",\"item\":\"https:\/\/brilune.eu\/lv\/brilune-mebeles\/\"},{\"@type\":\"ListItem\",\"position\":2,\"name\":\"Visi produkti\",\"item\":\"https:\/\/brilune.eu\/lv\/shop\/\"},{\"@type\":\"ListItem\",\"position\":3,\"name\":\"B\u0113rnu rakst\u0101mgalds ar kr\u0113slu\"}]},{\"@type\":\"WebSite\",\"@id\":\"https:\/\/brilune.eu\/lv\/#website\",\"url\":\"https:\/\/brilune.eu\/lv\/\",\"name\":\"Brilune\",\"description\":\"M\u0113s pied\u0101v\u0101jam unik\u0101lus un nebiju\u0161us dizainus, kas apvieno eleganci, funkcionalit\u0101ti un rado\u0161umu.\",\"potentialAction\":[{\"@type\":\"SearchAction\",\"target\":{\"@type\":\"EntryPoint\",\"urlTemplate\":\"https:\/\/brilune.eu\/lv\/?s={search_term_string}\"},\"query-input\":{\"@type\":\"PropertyValueSpecification\",\"valueRequired\":true,\"valueName\":\"search_term_string\"}}],\"inLanguage\":\"lv-LV\"}]}<\/script>\n<!-- \/ Yoast SEO plugin. -->","yoast_head_json":{"title":"B\u0113rnu rakst\u0101mgalds ar kr\u0113slu","description":"Funkcion\u0101ls b\u0113rnu m\u0101c\u012bbu galds, ko papildina kr\u0113sls, k\u013c\u016bs par uzticamu pal\u012bgu izgl\u012bt\u012bbas procesa organiz\u0113\u0161an\u0101. Modelis ir izgatavots no koka...","robots":{"index":"index","follow":"follow","max-snippet":"max-snippet:-1","max-image-preview":"max-image-preview:large","max-video-preview":"max-video-preview:-1"},"canonical":"https:\/\/brilune.eu\/lv\/product\/bernu-rakstamgalds-ar-kreslu-7\/","og_locale":"lv_LV","og_type":"article","og_title":"B\u0113rnu rakst\u0101mgalds ar kr\u0113slu","og_description":"Funkcion\u0101ls b\u0113rnu m\u0101c\u012bbu galds, ko papildina kr\u0113sls, k\u013c\u016bs par uzticamu pal\u012bgu izgl\u012bt\u012bbas procesa organiz\u0113\u0161an\u0101. Modelis ir izgatavots no koka...","og_url":"https:\/\/brilune.eu\/lv\/product\/bernu-rakstamgalds-ar-kreslu-7\/","og_site_name":"Brilune","article_modified_time":"2025-02-19T12:12:11+00:00","og_image":[{"width":1500,"height":1500,"url":"https:\/\/brilune.eu\/wp-content\/uploads\/2025\/01\/10130396.jpg","type":"image\/jpeg"}],"twitter_card":"summary_large_image","schema":{"@context":"https:\/\/schema.org","@graph":[{"@type":"WebPage","@id":"https:\/\/brilune.eu\/lv\/product\/bernu-rakstamgalds-ar-kreslu-7\/","url":"https:\/\/brilune.eu\/lv\/product\/bernu-rakstamgalds-ar-kreslu-7\/","name":"B\u0113rnu rakst\u0101mgalds ar kr\u0113slu","isPartOf":{"@id":"https:\/\/brilune.eu\/lv\/#website"},"primaryImageOfPage":{"@id":"https:\/\/brilune.eu\/lv\/product\/bernu-rakstamgalds-ar-kreslu-7\/#primaryimage"},"image":{"@id":"https:\/\/brilune.eu\/lv\/product\/bernu-rakstamgalds-ar-kreslu-7\/#primaryimage"},"thumbnailUrl":"https:\/\/brilune.eu\/wp-content\/uploads\/2025\/01\/10130396.jpg","datePublished":"2025-02-19T11:46:59+00:00","dateModified":"2025-02-19T12:12:11+00:00","description":"Funkcion\u0101ls b\u0113rnu m\u0101c\u012bbu galds, ko papildina kr\u0113sls, k\u013c\u016bs par uzticamu pal\u012bgu izgl\u012bt\u012bbas procesa organiz\u0113\u0161an\u0101. Modelis ir izgatavots no koka...","breadcrumb":{"@id":"https:\/\/brilune.eu\/lv\/product\/bernu-rakstamgalds-ar-kreslu-7\/#breadcrumb"},"inLanguage":"lv-LV","potentialAction":[{"@type":"ReadAction","target":["https:\/\/brilune.eu\/lv\/product\/bernu-rakstamgalds-ar-kreslu-7\/"]}]},{"@type":"ImageObject","inLanguage":"lv-LV","@id":"https:\/\/brilune.eu\/lv\/product\/bernu-rakstamgalds-ar-kreslu-7\/#primaryimage","url":"https:\/\/brilune.eu\/wp-content\/uploads\/2025\/01\/10130396.jpg","contentUrl":"https:\/\/brilune.eu\/wp-content\/uploads\/2025\/01\/10130396.jpg","width":1500,"height":1500},{"@type":"BreadcrumbList","@id":"https:\/\/brilune.eu\/lv\/product\/bernu-rakstamgalds-ar-kreslu-7\/#breadcrumb","itemListElement":[{"@type":"ListItem","position":1,"name":"S\u0101kums","item":"https:\/\/brilune.eu\/lv\/brilune-mebeles\/"},{"@type":"ListItem","position":2,"name":"Visi produkti","item":"https:\/\/brilune.eu\/lv\/shop\/"},{"@type":"ListItem","position":3,"name":"B\u0113rnu rakst\u0101mgalds ar kr\u0113slu"}]},{"@type":"WebSite","@id":"https:\/\/brilune.eu\/lv\/#website","url":"https:\/\/brilune.eu\/lv\/","name":"Brilune","description":"M\u0113s pied\u0101v\u0101jam unik\u0101lus un nebiju\u0161us dizainus, kas apvieno eleganci, funkcionalit\u0101ti un rado\u0161umu.","potentialAction":[{"@type":"SearchAction","target":{"@type":"EntryPoint","urlTemplate":"https:\/\/brilune.eu\/lv\/?s={search_term_string}"},"query-input":{"@type":"PropertyValueSpecification","valueRequired":true,"valueName":"search_term_string"}}],"inLanguage":"lv-LV"}]}},"jetpack_sharing_enabled":true,"_links":{"self":[{"href":"https:\/\/brilune.eu\/lv\/wp-json\/wp\/v2\/product\/39866","targetHints":{"allow":["GET"]}}],"collection":[{"href":"https:\/\/brilune.eu\/lv\/wp-json\/wp\/v2\/product"}],"about":[{"href":"https:\/\/brilune.eu\/lv\/wp-json\/wp\/v2\/types\/product"}],"replies":[{"embeddable":true,"href":"https:\/\/brilune.eu\/lv\/wp-json\/wp\/v2\/comments?post=39866"}],"version-history":[{"count":1,"href":"https:\/\/brilune.eu\/lv\/wp-json\/wp\/v2\/product\/39866\/revisions"}],"predecessor-version":[{"id":39918,"href":"https:\/\/brilune.eu\/lv\/wp-json\/wp\/v2\/product\/39866\/revisions\/39918"}],"wp:featuredmedia":[{"embeddable":true,"href":"https:\/\/brilune.eu\/lv\/wp-json\/wp\/v2\/media\/12541"}],"wp:attachment":[{"href":"https:\/\/brilune.eu\/lv\/wp-json\/wp\/v2\/media?parent=39866"}],"wp:term":[{"taxonomy":"product_brand","embeddable":true,"href":"https:\/\/brilune.eu\/lv\/wp-json\/wp\/v2\/product_brand?post=39866"},{"taxonomy":"product_cat","embeddable":true,"href":"https:\/\/brilune.eu\/lv\/wp-json\/wp\/v2\/product_cat?post=39866"},{"taxonomy":"product_tag","embeddable":true,"href":"https:\/\/brilune.eu\/lv\/wp-json\/wp\/v2\/product_tag?post=39866"}],"curies":[{"name":"wp","href":"https:\/\/api.w.org\/{rel}","templated":true}]}}