{"id":39784,"date":"2025-02-19T13:45:18","date_gmt":"2025-02-19T11:45:18","guid":{"rendered":"https:\/\/brilune.eu\/?post_type=product&#038;p=39784"},"modified":"2025-02-19T14:11:42","modified_gmt":"2025-02-19T12:11:42","slug":"koka-datorgalds-ar-plauktiem-3","status":"publish","type":"product","link":"https:\/\/brilune.eu\/lv\/product\/koka-datorgalds-ar-plauktiem-3\/","title":{"rendered":"Koka datorgalds ar plauktiem"},"content":{"rendered":"<p>Stil\u012bgs un \u0113rts rakst\u0101mgalds no koka, kas izgatavots ar skapi ar trim atvilktn\u0113m, diviem plauktiem glab\u0101\u0161anai un aug\u0161\u0113jo koka paneli, kas \u013cauj sak\u0101rtot telpu atbilsto\u0161i sav\u0101m vajadz\u012bb\u0101m. Kompakts, bet ietilp\u012bgs, tas viegli ieder\u0113sies interjer\u0101 un k\u013c\u016bs par praktisku elementu darbam un rado\u0161umam. Izm\u0113rs: 140\u00d760\u00d7156 cm. Materi\u0101ls: priede.<\/p>\n","protected":false},"excerpt":{"rendered":"<p>Stil\u012bgs un \u0113rts rakst\u0101mgalds no koka, kas izgatavots ar skapi ar trim atvilktn\u0113m, diviem plauktiem glab\u0101\u0161anai un aug\u0161\u0113jo koka paneli, kas \u013cauj sak\u0101rtot&#8230;<\/p>\n","protected":false},"featured_media":12411,"comment_status":"open","ping_status":"closed","template":"","meta":[],"product_brand":[],"product_cat":[2991,5662],"product_tag":[],"class_list":{"0":"post-39784","1":"product","2":"type-product","3":"status-publish","4":"has-post-thumbnail","6":"product_cat-bernu-rakstamgaldi-galdi-2","7":"product_cat-bernu-rakstamgaldi-galdi-5","9":"first","10":"instock","11":"shipping-taxable","12":"purchasable","13":"product-type-simple"},"yoast_head":"<!-- This site is optimized with the Yoast SEO plugin v26.0 - https:\/\/yoast.com\/wordpress\/plugins\/seo\/ -->\n<title>Koka datorgalds ar plauktiem<\/title>\n<meta name=\"description\" content=\"Stil\u012bgs un \u0113rts rakst\u0101mgalds no koka, kas izgatavots ar skapi ar trim atvilktn\u0113m, diviem plauktiem glab\u0101\u0161anai un aug\u0161\u0113jo koka paneli, kas \u013cauj sak\u0101rtot...\" \/>\n<meta name=\"robots\" content=\"index, follow, max-snippet:-1, max-image-preview:large, max-video-preview:-1\" \/>\n<link rel=\"canonical\" href=\"https:\/\/brilune.eu\/lv\/product\/koka-datorgalds-ar-plauktiem-3\/\" \/>\n<meta property=\"og:locale\" content=\"lv_LV\" \/>\n<meta property=\"og:type\" content=\"article\" \/>\n<meta property=\"og:title\" content=\"Koka datorgalds ar plauktiem\" \/>\n<meta property=\"og:description\" content=\"Stil\u012bgs un \u0113rts rakst\u0101mgalds no koka, kas izgatavots ar skapi ar trim atvilktn\u0113m, diviem plauktiem glab\u0101\u0161anai un aug\u0161\u0113jo koka paneli, kas \u013cauj sak\u0101rtot...\" \/>\n<meta property=\"og:url\" content=\"https:\/\/brilune.eu\/lv\/product\/koka-datorgalds-ar-plauktiem-3\/\" \/>\n<meta property=\"og:site_name\" content=\"Brilune\" \/>\n<meta property=\"article:modified_time\" content=\"2025-02-19T12:11:42+00:00\" \/>\n<meta property=\"og:image\" content=\"https:\/\/brilune.eu\/wp-content\/uploads\/2025\/01\/12530230.png\" \/>\n\t<meta property=\"og:image:width\" content=\"800\" \/>\n\t<meta property=\"og:image:height\" content=\"800\" \/>\n\t<meta property=\"og:image:type\" content=\"image\/png\" \/>\n<meta name=\"twitter:card\" content=\"summary_large_image\" \/>\n<script type=\"application\/ld+json\" class=\"yoast-schema-graph\">{\"@context\":\"https:\/\/schema.org\",\"@graph\":[{\"@type\":\"WebPage\",\"@id\":\"https:\/\/brilune.eu\/lv\/product\/koka-datorgalds-ar-plauktiem-3\/\",\"url\":\"https:\/\/brilune.eu\/lv\/product\/koka-datorgalds-ar-plauktiem-3\/\",\"name\":\"Koka datorgalds ar plauktiem\",\"isPartOf\":{\"@id\":\"https:\/\/brilune.eu\/lv\/#website\"},\"primaryImageOfPage\":{\"@id\":\"https:\/\/brilune.eu\/lv\/product\/koka-datorgalds-ar-plauktiem-3\/#primaryimage\"},\"image\":{\"@id\":\"https:\/\/brilune.eu\/lv\/product\/koka-datorgalds-ar-plauktiem-3\/#primaryimage\"},\"thumbnailUrl\":\"https:\/\/brilune.eu\/wp-content\/uploads\/2025\/01\/12530230.png\",\"datePublished\":\"2025-02-19T11:45:18+00:00\",\"dateModified\":\"2025-02-19T12:11:42+00:00\",\"description\":\"Stil\u012bgs un \u0113rts rakst\u0101mgalds no koka, kas izgatavots ar skapi ar trim atvilktn\u0113m, diviem plauktiem glab\u0101\u0161anai un aug\u0161\u0113jo koka paneli, kas \u013cauj sak\u0101rtot...\",\"breadcrumb\":{\"@id\":\"https:\/\/brilune.eu\/lv\/product\/koka-datorgalds-ar-plauktiem-3\/#breadcrumb\"},\"inLanguage\":\"lv-LV\",\"potentialAction\":[{\"@type\":\"ReadAction\",\"target\":[\"https:\/\/brilune.eu\/lv\/product\/koka-datorgalds-ar-plauktiem-3\/\"]}]},{\"@type\":\"ImageObject\",\"inLanguage\":\"lv-LV\",\"@id\":\"https:\/\/brilune.eu\/lv\/product\/koka-datorgalds-ar-plauktiem-3\/#primaryimage\",\"url\":\"https:\/\/brilune.eu\/wp-content\/uploads\/2025\/01\/12530230.png\",\"contentUrl\":\"https:\/\/brilune.eu\/wp-content\/uploads\/2025\/01\/12530230.png\",\"width\":800,\"height\":800},{\"@type\":\"BreadcrumbList\",\"@id\":\"https:\/\/brilune.eu\/lv\/product\/koka-datorgalds-ar-plauktiem-3\/#breadcrumb\",\"itemListElement\":[{\"@type\":\"ListItem\",\"position\":1,\"name\":\"S\u0101kums\",\"item\":\"https:\/\/brilune.eu\/lv\/brilune-mebeles\/\"},{\"@type\":\"ListItem\",\"position\":2,\"name\":\"Visi produkti\",\"item\":\"https:\/\/brilune.eu\/lv\/shop\/\"},{\"@type\":\"ListItem\",\"position\":3,\"name\":\"Koka datorgalds ar plauktiem\"}]},{\"@type\":\"WebSite\",\"@id\":\"https:\/\/brilune.eu\/lv\/#website\",\"url\":\"https:\/\/brilune.eu\/lv\/\",\"name\":\"Brilune\",\"description\":\"M\u0113s pied\u0101v\u0101jam unik\u0101lus un nebiju\u0161us dizainus, kas apvieno eleganci, funkcionalit\u0101ti un rado\u0161umu.\",\"potentialAction\":[{\"@type\":\"SearchAction\",\"target\":{\"@type\":\"EntryPoint\",\"urlTemplate\":\"https:\/\/brilune.eu\/lv\/?s={search_term_string}\"},\"query-input\":{\"@type\":\"PropertyValueSpecification\",\"valueRequired\":true,\"valueName\":\"search_term_string\"}}],\"inLanguage\":\"lv-LV\"}]}<\/script>\n<!-- \/ Yoast SEO plugin. -->","yoast_head_json":{"title":"Koka datorgalds ar plauktiem","description":"Stil\u012bgs un \u0113rts rakst\u0101mgalds no koka, kas izgatavots ar skapi ar trim atvilktn\u0113m, diviem plauktiem glab\u0101\u0161anai un aug\u0161\u0113jo koka paneli, kas \u013cauj sak\u0101rtot...","robots":{"index":"index","follow":"follow","max-snippet":"max-snippet:-1","max-image-preview":"max-image-preview:large","max-video-preview":"max-video-preview:-1"},"canonical":"https:\/\/brilune.eu\/lv\/product\/koka-datorgalds-ar-plauktiem-3\/","og_locale":"lv_LV","og_type":"article","og_title":"Koka datorgalds ar plauktiem","og_description":"Stil\u012bgs un \u0113rts rakst\u0101mgalds no koka, kas izgatavots ar skapi ar trim atvilktn\u0113m, diviem plauktiem glab\u0101\u0161anai un aug\u0161\u0113jo koka paneli, kas \u013cauj sak\u0101rtot...","og_url":"https:\/\/brilune.eu\/lv\/product\/koka-datorgalds-ar-plauktiem-3\/","og_site_name":"Brilune","article_modified_time":"2025-02-19T12:11:42+00:00","og_image":[{"width":800,"height":800,"url":"https:\/\/brilune.eu\/wp-content\/uploads\/2025\/01\/12530230.png","type":"image\/png"}],"twitter_card":"summary_large_image","schema":{"@context":"https:\/\/schema.org","@graph":[{"@type":"WebPage","@id":"https:\/\/brilune.eu\/lv\/product\/koka-datorgalds-ar-plauktiem-3\/","url":"https:\/\/brilune.eu\/lv\/product\/koka-datorgalds-ar-plauktiem-3\/","name":"Koka datorgalds ar plauktiem","isPartOf":{"@id":"https:\/\/brilune.eu\/lv\/#website"},"primaryImageOfPage":{"@id":"https:\/\/brilune.eu\/lv\/product\/koka-datorgalds-ar-plauktiem-3\/#primaryimage"},"image":{"@id":"https:\/\/brilune.eu\/lv\/product\/koka-datorgalds-ar-plauktiem-3\/#primaryimage"},"thumbnailUrl":"https:\/\/brilune.eu\/wp-content\/uploads\/2025\/01\/12530230.png","datePublished":"2025-02-19T11:45:18+00:00","dateModified":"2025-02-19T12:11:42+00:00","description":"Stil\u012bgs un \u0113rts rakst\u0101mgalds no koka, kas izgatavots ar skapi ar trim atvilktn\u0113m, diviem plauktiem glab\u0101\u0161anai un aug\u0161\u0113jo koka paneli, kas \u013cauj sak\u0101rtot...","breadcrumb":{"@id":"https:\/\/brilune.eu\/lv\/product\/koka-datorgalds-ar-plauktiem-3\/#breadcrumb"},"inLanguage":"lv-LV","potentialAction":[{"@type":"ReadAction","target":["https:\/\/brilune.eu\/lv\/product\/koka-datorgalds-ar-plauktiem-3\/"]}]},{"@type":"ImageObject","inLanguage":"lv-LV","@id":"https:\/\/brilune.eu\/lv\/product\/koka-datorgalds-ar-plauktiem-3\/#primaryimage","url":"https:\/\/brilune.eu\/wp-content\/uploads\/2025\/01\/12530230.png","contentUrl":"https:\/\/brilune.eu\/wp-content\/uploads\/2025\/01\/12530230.png","width":800,"height":800},{"@type":"BreadcrumbList","@id":"https:\/\/brilune.eu\/lv\/product\/koka-datorgalds-ar-plauktiem-3\/#breadcrumb","itemListElement":[{"@type":"ListItem","position":1,"name":"S\u0101kums","item":"https:\/\/brilune.eu\/lv\/brilune-mebeles\/"},{"@type":"ListItem","position":2,"name":"Visi produkti","item":"https:\/\/brilune.eu\/lv\/shop\/"},{"@type":"ListItem","position":3,"name":"Koka datorgalds ar plauktiem"}]},{"@type":"WebSite","@id":"https:\/\/brilune.eu\/lv\/#website","url":"https:\/\/brilune.eu\/lv\/","name":"Brilune","description":"M\u0113s pied\u0101v\u0101jam unik\u0101lus un nebiju\u0161us dizainus, kas apvieno eleganci, funkcionalit\u0101ti un rado\u0161umu.","potentialAction":[{"@type":"SearchAction","target":{"@type":"EntryPoint","urlTemplate":"https:\/\/brilune.eu\/lv\/?s={search_term_string}"},"query-input":{"@type":"PropertyValueSpecification","valueRequired":true,"valueName":"search_term_string"}}],"inLanguage":"lv-LV"}]}},"jetpack_sharing_enabled":true,"_links":{"self":[{"href":"https:\/\/brilune.eu\/lv\/wp-json\/wp\/v2\/product\/39784","targetHints":{"allow":["GET"]}}],"collection":[{"href":"https:\/\/brilune.eu\/lv\/wp-json\/wp\/v2\/product"}],"about":[{"href":"https:\/\/brilune.eu\/lv\/wp-json\/wp\/v2\/types\/product"}],"replies":[{"embeddable":true,"href":"https:\/\/brilune.eu\/lv\/wp-json\/wp\/v2\/comments?post=39784"}],"version-history":[{"count":1,"href":"https:\/\/brilune.eu\/lv\/wp-json\/wp\/v2\/product\/39784\/revisions"}],"predecessor-version":[{"id":39835,"href":"https:\/\/brilune.eu\/lv\/wp-json\/wp\/v2\/product\/39784\/revisions\/39835"}],"wp:featuredmedia":[{"embeddable":true,"href":"https:\/\/brilune.eu\/lv\/wp-json\/wp\/v2\/media\/12411"}],"wp:attachment":[{"href":"https:\/\/brilune.eu\/lv\/wp-json\/wp\/v2\/media?parent=39784"}],"wp:term":[{"taxonomy":"product_brand","embeddable":true,"href":"https:\/\/brilune.eu\/lv\/wp-json\/wp\/v2\/product_brand?post=39784"},{"taxonomy":"product_cat","embeddable":true,"href":"https:\/\/brilune.eu\/lv\/wp-json\/wp\/v2\/product_cat?post=39784"},{"taxonomy":"product_tag","embeddable":true,"href":"https:\/\/brilune.eu\/lv\/wp-json\/wp\/v2\/product_tag?post=39784"}],"curies":[{"name":"wp","href":"https:\/\/api.w.org\/{rel}","templated":true}]}}