{"id":39696,"date":"2025-02-19T13:43:39","date_gmt":"2025-02-19T11:43:39","guid":{"rendered":"https:\/\/brilune.eu\/?post_type=product&#038;p=39696"},"modified":"2025-02-19T14:11:16","modified_gmt":"2025-02-19T12:11:16","slug":"balts-datorgalds-ar-stativu-2","status":"publish","type":"product","link":"https:\/\/brilune.eu\/lv\/product\/balts-datorgalds-ar-stativu-2\/","title":{"rendered":"Balts datorgalds ar stat\u012bvu"},"content":{"rendered":"<p>Kompakts un stil\u012bgs balts datora galds ar tastat\u016bras stat\u012bvu, kas paredz\u0113ts \u0113rt\u012bbai un ergonomikai. Pla\u0161\u0101 virsma \u013cauj sak\u0101rtot visu, kas nepiecie\u0161ams, lai str\u0101d\u0101tu produkt\u012bvi, un tr\u012bs ietilp\u012bgas atvilktnes nodro\u0161ina daudz vietas uzglab\u0101\u0161anai. Tastat\u016bras stat\u012bvs ietaupa darba vietu, padarot rakst\u0101mgaldu \u0113rtu ikdienas lieto\u0161anai. \u0160is funkcion\u0101lais risin\u0101jums ir ide\u0101li piem\u0113rots gan m\u0101j\u0101m, gan birojam.<br \/>\nIzm\u0113rs: 120\u00d760\u00d775 cm. Materi\u0101ls: koks.<\/p>\n","protected":false},"excerpt":{"rendered":"<p>Kompakts un stil\u012bgs balts datora galds ar tastat\u016bras stat\u012bvu, kas paredz\u0113ts \u0113rt\u012bbai un ergonomikai. Pla\u0161\u0101 virsma \u013cauj sak\u0101rtot visu&#8230;<\/p>\n","protected":false},"featured_media":12312,"comment_status":"open","ping_status":"closed","template":"","meta":[],"product_brand":[],"product_cat":[2991,5662],"product_tag":[],"class_list":{"0":"post-39696","1":"product","2":"type-product","3":"status-publish","4":"has-post-thumbnail","6":"product_cat-bernu-rakstamgaldi-galdi-2","7":"product_cat-bernu-rakstamgaldi-galdi-5","9":"first","10":"instock","11":"shipping-taxable","12":"purchasable","13":"product-type-simple"},"yoast_head":"<!-- This site is optimized with the Yoast SEO plugin v26.0 - https:\/\/yoast.com\/wordpress\/plugins\/seo\/ -->\n<title>Balts datorgalds ar stat\u012bvu<\/title>\n<meta name=\"description\" content=\"Kompakts un stil\u012bgs balts datora galds ar tastat\u016bras stat\u012bvu, kas paredz\u0113ts \u0113rt\u012bbai un ergonomikai. Pla\u0161\u0101 virsma \u013cauj sak\u0101rtot visu...\" \/>\n<meta name=\"robots\" content=\"index, follow, max-snippet:-1, max-image-preview:large, max-video-preview:-1\" \/>\n<link rel=\"canonical\" href=\"https:\/\/brilune.eu\/lv\/product\/balts-datorgalds-ar-stativu-2\/\" \/>\n<meta property=\"og:locale\" content=\"lv_LV\" \/>\n<meta property=\"og:type\" content=\"article\" \/>\n<meta property=\"og:title\" content=\"Balts datorgalds ar stat\u012bvu\" \/>\n<meta property=\"og:description\" content=\"Kompakts un stil\u012bgs balts datora galds ar tastat\u016bras stat\u012bvu, kas paredz\u0113ts \u0113rt\u012bbai un ergonomikai. Pla\u0161\u0101 virsma \u013cauj sak\u0101rtot visu...\" \/>\n<meta property=\"og:url\" content=\"https:\/\/brilune.eu\/lv\/product\/balts-datorgalds-ar-stativu-2\/\" \/>\n<meta property=\"og:site_name\" content=\"Brilune\" \/>\n<meta property=\"article:modified_time\" content=\"2025-02-19T12:11:16+00:00\" \/>\n<meta property=\"og:image\" content=\"https:\/\/brilune.eu\/wp-content\/uploads\/2025\/01\/6981695.jpg\" \/>\n\t<meta property=\"og:image:width\" content=\"1500\" \/>\n\t<meta property=\"og:image:height\" content=\"1500\" \/>\n\t<meta property=\"og:image:type\" content=\"image\/jpeg\" \/>\n<meta name=\"twitter:card\" content=\"summary_large_image\" \/>\n<script type=\"application\/ld+json\" class=\"yoast-schema-graph\">{\"@context\":\"https:\/\/schema.org\",\"@graph\":[{\"@type\":\"WebPage\",\"@id\":\"https:\/\/brilune.eu\/lv\/product\/balts-datorgalds-ar-stativu-2\/\",\"url\":\"https:\/\/brilune.eu\/lv\/product\/balts-datorgalds-ar-stativu-2\/\",\"name\":\"Balts datorgalds ar stat\u012bvu\",\"isPartOf\":{\"@id\":\"https:\/\/brilune.eu\/lv\/#website\"},\"primaryImageOfPage\":{\"@id\":\"https:\/\/brilune.eu\/lv\/product\/balts-datorgalds-ar-stativu-2\/#primaryimage\"},\"image\":{\"@id\":\"https:\/\/brilune.eu\/lv\/product\/balts-datorgalds-ar-stativu-2\/#primaryimage\"},\"thumbnailUrl\":\"https:\/\/brilune.eu\/wp-content\/uploads\/2025\/01\/6981695.jpg\",\"datePublished\":\"2025-02-19T11:43:39+00:00\",\"dateModified\":\"2025-02-19T12:11:16+00:00\",\"description\":\"Kompakts un stil\u012bgs balts datora galds ar tastat\u016bras stat\u012bvu, kas paredz\u0113ts \u0113rt\u012bbai un ergonomikai. Pla\u0161\u0101 virsma \u013cauj sak\u0101rtot visu...\",\"breadcrumb\":{\"@id\":\"https:\/\/brilune.eu\/lv\/product\/balts-datorgalds-ar-stativu-2\/#breadcrumb\"},\"inLanguage\":\"lv-LV\",\"potentialAction\":[{\"@type\":\"ReadAction\",\"target\":[\"https:\/\/brilune.eu\/lv\/product\/balts-datorgalds-ar-stativu-2\/\"]}]},{\"@type\":\"ImageObject\",\"inLanguage\":\"lv-LV\",\"@id\":\"https:\/\/brilune.eu\/lv\/product\/balts-datorgalds-ar-stativu-2\/#primaryimage\",\"url\":\"https:\/\/brilune.eu\/wp-content\/uploads\/2025\/01\/6981695.jpg\",\"contentUrl\":\"https:\/\/brilune.eu\/wp-content\/uploads\/2025\/01\/6981695.jpg\",\"width\":1500,\"height\":1500},{\"@type\":\"BreadcrumbList\",\"@id\":\"https:\/\/brilune.eu\/lv\/product\/balts-datorgalds-ar-stativu-2\/#breadcrumb\",\"itemListElement\":[{\"@type\":\"ListItem\",\"position\":1,\"name\":\"S\u0101kums\",\"item\":\"https:\/\/brilune.eu\/lv\/brilune-mebeles\/\"},{\"@type\":\"ListItem\",\"position\":2,\"name\":\"Visi produkti\",\"item\":\"https:\/\/brilune.eu\/lv\/shop\/\"},{\"@type\":\"ListItem\",\"position\":3,\"name\":\"Balts datorgalds ar stat\u012bvu\"}]},{\"@type\":\"WebSite\",\"@id\":\"https:\/\/brilune.eu\/lv\/#website\",\"url\":\"https:\/\/brilune.eu\/lv\/\",\"name\":\"Brilune\",\"description\":\"M\u0113s pied\u0101v\u0101jam unik\u0101lus un nebiju\u0161us dizainus, kas apvieno eleganci, funkcionalit\u0101ti un rado\u0161umu.\",\"potentialAction\":[{\"@type\":\"SearchAction\",\"target\":{\"@type\":\"EntryPoint\",\"urlTemplate\":\"https:\/\/brilune.eu\/lv\/?s={search_term_string}\"},\"query-input\":{\"@type\":\"PropertyValueSpecification\",\"valueRequired\":true,\"valueName\":\"search_term_string\"}}],\"inLanguage\":\"lv-LV\"}]}<\/script>\n<!-- \/ Yoast SEO plugin. -->","yoast_head_json":{"title":"Balts datorgalds ar stat\u012bvu","description":"Kompakts un stil\u012bgs balts datora galds ar tastat\u016bras stat\u012bvu, kas paredz\u0113ts \u0113rt\u012bbai un ergonomikai. Pla\u0161\u0101 virsma \u013cauj sak\u0101rtot visu...","robots":{"index":"index","follow":"follow","max-snippet":"max-snippet:-1","max-image-preview":"max-image-preview:large","max-video-preview":"max-video-preview:-1"},"canonical":"https:\/\/brilune.eu\/lv\/product\/balts-datorgalds-ar-stativu-2\/","og_locale":"lv_LV","og_type":"article","og_title":"Balts datorgalds ar stat\u012bvu","og_description":"Kompakts un stil\u012bgs balts datora galds ar tastat\u016bras stat\u012bvu, kas paredz\u0113ts \u0113rt\u012bbai un ergonomikai. Pla\u0161\u0101 virsma \u013cauj sak\u0101rtot visu...","og_url":"https:\/\/brilune.eu\/lv\/product\/balts-datorgalds-ar-stativu-2\/","og_site_name":"Brilune","article_modified_time":"2025-02-19T12:11:16+00:00","og_image":[{"width":1500,"height":1500,"url":"https:\/\/brilune.eu\/wp-content\/uploads\/2025\/01\/6981695.jpg","type":"image\/jpeg"}],"twitter_card":"summary_large_image","schema":{"@context":"https:\/\/schema.org","@graph":[{"@type":"WebPage","@id":"https:\/\/brilune.eu\/lv\/product\/balts-datorgalds-ar-stativu-2\/","url":"https:\/\/brilune.eu\/lv\/product\/balts-datorgalds-ar-stativu-2\/","name":"Balts datorgalds ar stat\u012bvu","isPartOf":{"@id":"https:\/\/brilune.eu\/lv\/#website"},"primaryImageOfPage":{"@id":"https:\/\/brilune.eu\/lv\/product\/balts-datorgalds-ar-stativu-2\/#primaryimage"},"image":{"@id":"https:\/\/brilune.eu\/lv\/product\/balts-datorgalds-ar-stativu-2\/#primaryimage"},"thumbnailUrl":"https:\/\/brilune.eu\/wp-content\/uploads\/2025\/01\/6981695.jpg","datePublished":"2025-02-19T11:43:39+00:00","dateModified":"2025-02-19T12:11:16+00:00","description":"Kompakts un stil\u012bgs balts datora galds ar tastat\u016bras stat\u012bvu, kas paredz\u0113ts \u0113rt\u012bbai un ergonomikai. Pla\u0161\u0101 virsma \u013cauj sak\u0101rtot visu...","breadcrumb":{"@id":"https:\/\/brilune.eu\/lv\/product\/balts-datorgalds-ar-stativu-2\/#breadcrumb"},"inLanguage":"lv-LV","potentialAction":[{"@type":"ReadAction","target":["https:\/\/brilune.eu\/lv\/product\/balts-datorgalds-ar-stativu-2\/"]}]},{"@type":"ImageObject","inLanguage":"lv-LV","@id":"https:\/\/brilune.eu\/lv\/product\/balts-datorgalds-ar-stativu-2\/#primaryimage","url":"https:\/\/brilune.eu\/wp-content\/uploads\/2025\/01\/6981695.jpg","contentUrl":"https:\/\/brilune.eu\/wp-content\/uploads\/2025\/01\/6981695.jpg","width":1500,"height":1500},{"@type":"BreadcrumbList","@id":"https:\/\/brilune.eu\/lv\/product\/balts-datorgalds-ar-stativu-2\/#breadcrumb","itemListElement":[{"@type":"ListItem","position":1,"name":"S\u0101kums","item":"https:\/\/brilune.eu\/lv\/brilune-mebeles\/"},{"@type":"ListItem","position":2,"name":"Visi produkti","item":"https:\/\/brilune.eu\/lv\/shop\/"},{"@type":"ListItem","position":3,"name":"Balts datorgalds ar stat\u012bvu"}]},{"@type":"WebSite","@id":"https:\/\/brilune.eu\/lv\/#website","url":"https:\/\/brilune.eu\/lv\/","name":"Brilune","description":"M\u0113s pied\u0101v\u0101jam unik\u0101lus un nebiju\u0161us dizainus, kas apvieno eleganci, funkcionalit\u0101ti un rado\u0161umu.","potentialAction":[{"@type":"SearchAction","target":{"@type":"EntryPoint","urlTemplate":"https:\/\/brilune.eu\/lv\/?s={search_term_string}"},"query-input":{"@type":"PropertyValueSpecification","valueRequired":true,"valueName":"search_term_string"}}],"inLanguage":"lv-LV"}]}},"jetpack_sharing_enabled":true,"_links":{"self":[{"href":"https:\/\/brilune.eu\/lv\/wp-json\/wp\/v2\/product\/39696","targetHints":{"allow":["GET"]}}],"collection":[{"href":"https:\/\/brilune.eu\/lv\/wp-json\/wp\/v2\/product"}],"about":[{"href":"https:\/\/brilune.eu\/lv\/wp-json\/wp\/v2\/types\/product"}],"replies":[{"embeddable":true,"href":"https:\/\/brilune.eu\/lv\/wp-json\/wp\/v2\/comments?post=39696"}],"version-history":[{"count":1,"href":"https:\/\/brilune.eu\/lv\/wp-json\/wp\/v2\/product\/39696\/revisions"}],"predecessor-version":[{"id":39748,"href":"https:\/\/brilune.eu\/lv\/wp-json\/wp\/v2\/product\/39696\/revisions\/39748"}],"wp:featuredmedia":[{"embeddable":true,"href":"https:\/\/brilune.eu\/lv\/wp-json\/wp\/v2\/media\/12312"}],"wp:attachment":[{"href":"https:\/\/brilune.eu\/lv\/wp-json\/wp\/v2\/media?parent=39696"}],"wp:term":[{"taxonomy":"product_brand","embeddable":true,"href":"https:\/\/brilune.eu\/lv\/wp-json\/wp\/v2\/product_brand?post=39696"},{"taxonomy":"product_cat","embeddable":true,"href":"https:\/\/brilune.eu\/lv\/wp-json\/wp\/v2\/product_cat?post=39696"},{"taxonomy":"product_tag","embeddable":true,"href":"https:\/\/brilune.eu\/lv\/wp-json\/wp\/v2\/product_tag?post=39696"}],"curies":[{"name":"wp","href":"https:\/\/api.w.org\/{rel}","templated":true}]}}