{"id":39690,"date":"2025-02-19T13:43:16","date_gmt":"2025-02-19T11:43:16","guid":{"rendered":"https:\/\/brilune.eu\/?post_type=product&#038;p=39690"},"modified":"2025-02-19T14:11:12","modified_gmt":"2025-02-19T12:11:12","slug":"rakstamgalds-ar-kreslu-un-skapi-2","status":"publish","type":"product","link":"https:\/\/brilune.eu\/lv\/product\/rakstamgalds-ar-kreslu-un-skapi-2\/","title":{"rendered":"Rakst\u0101mgalds ar kr\u0113slu un skapi"},"content":{"rendered":"<p>\u0160is stil\u012bgais un funkcion\u0101lais rakst\u0101mgalds ar riekstkoka apdari un \u0113rtu kr\u0113slu rad\u012bs m\u0101j\u012bgu darba vietu jebkur\u0101 vid\u0113. Pla\u0161s galda virsma, plaukts un skapis \u013cauj tur\u0113t pie rokas visu nepiecie\u0161amo, bet polster\u0113tais kr\u0113sls ar iztur\u012bgu koka r\u0101mi nodro\u0161ina komfortu pat ilgsto\u0161as \u200b\u200blieto\u0161anas laik\u0101. Galds un kr\u0113sls lieliski saskan p\u0113c stila, pie\u0161\u0137irot videi eleganci un komfortu. \u0160is komplekts ir lieliska izv\u0113le kompaktai darba zonai vai b\u0113rnu istabai.<br \/>\nIzm\u0113rs: 144\u00d760\u00d7160 cm. Materi\u0101ls: koks.<\/p>\n","protected":false},"excerpt":{"rendered":"<p>\u0160is stil\u012bgais un funkcion\u0101lais rakst\u0101mgalds ar riekstkoka apdari un \u0113rtu kr\u0113slu rad\u012bs m\u0101j\u012bgu darba vietu jebkur\u0101 vid\u0113. Pla\u0161a galda virsma, plaukts un &#8230;<\/p>\n","protected":false},"featured_media":12279,"comment_status":"open","ping_status":"closed","template":"","meta":[],"product_brand":[],"product_cat":[2991,5662],"product_tag":[],"class_list":{"0":"post-39690","1":"product","2":"type-product","3":"status-publish","4":"has-post-thumbnail","6":"product_cat-bernu-rakstamgaldi-galdi-2","7":"product_cat-bernu-rakstamgaldi-galdi-5","9":"first","10":"instock","11":"shipping-taxable","12":"purchasable","13":"product-type-simple"},"yoast_head":"<!-- This site is optimized with the Yoast SEO plugin v26.0 - https:\/\/yoast.com\/wordpress\/plugins\/seo\/ -->\n<title>Rakst\u0101mgalds ar kr\u0113slu un skapi<\/title>\n<meta name=\"description\" content=\"\u0160is stil\u012bgais un funkcion\u0101lais rakst\u0101mgalds ar riekstkoka apdari un \u0113rtu kr\u0113slu rad\u012bs m\u0101j\u012bgu darba vietu jebkur\u0101 vid\u0113. Pla\u0161a galda virsma, plaukts un ...\" \/>\n<meta name=\"robots\" content=\"index, follow, max-snippet:-1, max-image-preview:large, max-video-preview:-1\" \/>\n<link rel=\"canonical\" href=\"https:\/\/brilune.eu\/lv\/product\/rakstamgalds-ar-kreslu-un-skapi-2\/\" \/>\n<meta property=\"og:locale\" content=\"lv_LV\" \/>\n<meta property=\"og:type\" content=\"article\" \/>\n<meta property=\"og:title\" content=\"Rakst\u0101mgalds ar kr\u0113slu un skapi\" \/>\n<meta property=\"og:description\" content=\"\u0160is stil\u012bgais un funkcion\u0101lais rakst\u0101mgalds ar riekstkoka apdari un \u0113rtu kr\u0113slu rad\u012bs m\u0101j\u012bgu darba vietu jebkur\u0101 vid\u0113. Pla\u0161a galda virsma, plaukts un ...\" \/>\n<meta property=\"og:url\" content=\"https:\/\/brilune.eu\/lv\/product\/rakstamgalds-ar-kreslu-un-skapi-2\/\" \/>\n<meta property=\"og:site_name\" content=\"Brilune\" \/>\n<meta property=\"article:modified_time\" content=\"2025-02-19T12:11:12+00:00\" \/>\n<meta property=\"og:image\" content=\"https:\/\/brilune.eu\/wp-content\/uploads\/2025\/01\/7115822.jpg\" \/>\n\t<meta property=\"og:image:width\" content=\"1500\" \/>\n\t<meta property=\"og:image:height\" content=\"1500\" \/>\n\t<meta property=\"og:image:type\" content=\"image\/jpeg\" \/>\n<meta name=\"twitter:card\" content=\"summary_large_image\" \/>\n<script type=\"application\/ld+json\" class=\"yoast-schema-graph\">{\"@context\":\"https:\/\/schema.org\",\"@graph\":[{\"@type\":\"WebPage\",\"@id\":\"https:\/\/brilune.eu\/lv\/product\/rakstamgalds-ar-kreslu-un-skapi-2\/\",\"url\":\"https:\/\/brilune.eu\/lv\/product\/rakstamgalds-ar-kreslu-un-skapi-2\/\",\"name\":\"Rakst\u0101mgalds ar kr\u0113slu un skapi\",\"isPartOf\":{\"@id\":\"https:\/\/brilune.eu\/lv\/#website\"},\"primaryImageOfPage\":{\"@id\":\"https:\/\/brilune.eu\/lv\/product\/rakstamgalds-ar-kreslu-un-skapi-2\/#primaryimage\"},\"image\":{\"@id\":\"https:\/\/brilune.eu\/lv\/product\/rakstamgalds-ar-kreslu-un-skapi-2\/#primaryimage\"},\"thumbnailUrl\":\"https:\/\/brilune.eu\/wp-content\/uploads\/2025\/01\/7115822.jpg\",\"datePublished\":\"2025-02-19T11:43:16+00:00\",\"dateModified\":\"2025-02-19T12:11:12+00:00\",\"description\":\"\u0160is stil\u012bgais un funkcion\u0101lais rakst\u0101mgalds ar riekstkoka apdari un \u0113rtu kr\u0113slu rad\u012bs m\u0101j\u012bgu darba vietu jebkur\u0101 vid\u0113. Pla\u0161a galda virsma, plaukts un ...\",\"breadcrumb\":{\"@id\":\"https:\/\/brilune.eu\/lv\/product\/rakstamgalds-ar-kreslu-un-skapi-2\/#breadcrumb\"},\"inLanguage\":\"lv-LV\",\"potentialAction\":[{\"@type\":\"ReadAction\",\"target\":[\"https:\/\/brilune.eu\/lv\/product\/rakstamgalds-ar-kreslu-un-skapi-2\/\"]}]},{\"@type\":\"ImageObject\",\"inLanguage\":\"lv-LV\",\"@id\":\"https:\/\/brilune.eu\/lv\/product\/rakstamgalds-ar-kreslu-un-skapi-2\/#primaryimage\",\"url\":\"https:\/\/brilune.eu\/wp-content\/uploads\/2025\/01\/7115822.jpg\",\"contentUrl\":\"https:\/\/brilune.eu\/wp-content\/uploads\/2025\/01\/7115822.jpg\",\"width\":1500,\"height\":1500},{\"@type\":\"BreadcrumbList\",\"@id\":\"https:\/\/brilune.eu\/lv\/product\/rakstamgalds-ar-kreslu-un-skapi-2\/#breadcrumb\",\"itemListElement\":[{\"@type\":\"ListItem\",\"position\":1,\"name\":\"S\u0101kums\",\"item\":\"https:\/\/brilune.eu\/lv\/brilune-mebeles\/\"},{\"@type\":\"ListItem\",\"position\":2,\"name\":\"Visi produkti\",\"item\":\"https:\/\/brilune.eu\/lv\/shop\/\"},{\"@type\":\"ListItem\",\"position\":3,\"name\":\"Rakst\u0101mgalds ar kr\u0113slu un skapi\"}]},{\"@type\":\"WebSite\",\"@id\":\"https:\/\/brilune.eu\/lv\/#website\",\"url\":\"https:\/\/brilune.eu\/lv\/\",\"name\":\"Brilune\",\"description\":\"M\u0113s pied\u0101v\u0101jam unik\u0101lus un nebiju\u0161us dizainus, kas apvieno eleganci, funkcionalit\u0101ti un rado\u0161umu.\",\"potentialAction\":[{\"@type\":\"SearchAction\",\"target\":{\"@type\":\"EntryPoint\",\"urlTemplate\":\"https:\/\/brilune.eu\/lv\/?s={search_term_string}\"},\"query-input\":{\"@type\":\"PropertyValueSpecification\",\"valueRequired\":true,\"valueName\":\"search_term_string\"}}],\"inLanguage\":\"lv-LV\"}]}<\/script>\n<!-- \/ Yoast SEO plugin. -->","yoast_head_json":{"title":"Rakst\u0101mgalds ar kr\u0113slu un skapi","description":"\u0160is stil\u012bgais un funkcion\u0101lais rakst\u0101mgalds ar riekstkoka apdari un \u0113rtu kr\u0113slu rad\u012bs m\u0101j\u012bgu darba vietu jebkur\u0101 vid\u0113. Pla\u0161a galda virsma, plaukts un ...","robots":{"index":"index","follow":"follow","max-snippet":"max-snippet:-1","max-image-preview":"max-image-preview:large","max-video-preview":"max-video-preview:-1"},"canonical":"https:\/\/brilune.eu\/lv\/product\/rakstamgalds-ar-kreslu-un-skapi-2\/","og_locale":"lv_LV","og_type":"article","og_title":"Rakst\u0101mgalds ar kr\u0113slu un skapi","og_description":"\u0160is stil\u012bgais un funkcion\u0101lais rakst\u0101mgalds ar riekstkoka apdari un \u0113rtu kr\u0113slu rad\u012bs m\u0101j\u012bgu darba vietu jebkur\u0101 vid\u0113. Pla\u0161a galda virsma, plaukts un ...","og_url":"https:\/\/brilune.eu\/lv\/product\/rakstamgalds-ar-kreslu-un-skapi-2\/","og_site_name":"Brilune","article_modified_time":"2025-02-19T12:11:12+00:00","og_image":[{"width":1500,"height":1500,"url":"https:\/\/brilune.eu\/wp-content\/uploads\/2025\/01\/7115822.jpg","type":"image\/jpeg"}],"twitter_card":"summary_large_image","schema":{"@context":"https:\/\/schema.org","@graph":[{"@type":"WebPage","@id":"https:\/\/brilune.eu\/lv\/product\/rakstamgalds-ar-kreslu-un-skapi-2\/","url":"https:\/\/brilune.eu\/lv\/product\/rakstamgalds-ar-kreslu-un-skapi-2\/","name":"Rakst\u0101mgalds ar kr\u0113slu un skapi","isPartOf":{"@id":"https:\/\/brilune.eu\/lv\/#website"},"primaryImageOfPage":{"@id":"https:\/\/brilune.eu\/lv\/product\/rakstamgalds-ar-kreslu-un-skapi-2\/#primaryimage"},"image":{"@id":"https:\/\/brilune.eu\/lv\/product\/rakstamgalds-ar-kreslu-un-skapi-2\/#primaryimage"},"thumbnailUrl":"https:\/\/brilune.eu\/wp-content\/uploads\/2025\/01\/7115822.jpg","datePublished":"2025-02-19T11:43:16+00:00","dateModified":"2025-02-19T12:11:12+00:00","description":"\u0160is stil\u012bgais un funkcion\u0101lais rakst\u0101mgalds ar riekstkoka apdari un \u0113rtu kr\u0113slu rad\u012bs m\u0101j\u012bgu darba vietu jebkur\u0101 vid\u0113. Pla\u0161a galda virsma, plaukts un ...","breadcrumb":{"@id":"https:\/\/brilune.eu\/lv\/product\/rakstamgalds-ar-kreslu-un-skapi-2\/#breadcrumb"},"inLanguage":"lv-LV","potentialAction":[{"@type":"ReadAction","target":["https:\/\/brilune.eu\/lv\/product\/rakstamgalds-ar-kreslu-un-skapi-2\/"]}]},{"@type":"ImageObject","inLanguage":"lv-LV","@id":"https:\/\/brilune.eu\/lv\/product\/rakstamgalds-ar-kreslu-un-skapi-2\/#primaryimage","url":"https:\/\/brilune.eu\/wp-content\/uploads\/2025\/01\/7115822.jpg","contentUrl":"https:\/\/brilune.eu\/wp-content\/uploads\/2025\/01\/7115822.jpg","width":1500,"height":1500},{"@type":"BreadcrumbList","@id":"https:\/\/brilune.eu\/lv\/product\/rakstamgalds-ar-kreslu-un-skapi-2\/#breadcrumb","itemListElement":[{"@type":"ListItem","position":1,"name":"S\u0101kums","item":"https:\/\/brilune.eu\/lv\/brilune-mebeles\/"},{"@type":"ListItem","position":2,"name":"Visi produkti","item":"https:\/\/brilune.eu\/lv\/shop\/"},{"@type":"ListItem","position":3,"name":"Rakst\u0101mgalds ar kr\u0113slu un skapi"}]},{"@type":"WebSite","@id":"https:\/\/brilune.eu\/lv\/#website","url":"https:\/\/brilune.eu\/lv\/","name":"Brilune","description":"M\u0113s pied\u0101v\u0101jam unik\u0101lus un nebiju\u0161us dizainus, kas apvieno eleganci, funkcionalit\u0101ti un rado\u0161umu.","potentialAction":[{"@type":"SearchAction","target":{"@type":"EntryPoint","urlTemplate":"https:\/\/brilune.eu\/lv\/?s={search_term_string}"},"query-input":{"@type":"PropertyValueSpecification","valueRequired":true,"valueName":"search_term_string"}}],"inLanguage":"lv-LV"}]}},"jetpack_sharing_enabled":true,"_links":{"self":[{"href":"https:\/\/brilune.eu\/lv\/wp-json\/wp\/v2\/product\/39690","targetHints":{"allow":["GET"]}}],"collection":[{"href":"https:\/\/brilune.eu\/lv\/wp-json\/wp\/v2\/product"}],"about":[{"href":"https:\/\/brilune.eu\/lv\/wp-json\/wp\/v2\/types\/product"}],"replies":[{"embeddable":true,"href":"https:\/\/brilune.eu\/lv\/wp-json\/wp\/v2\/comments?post=39690"}],"version-history":[{"count":1,"href":"https:\/\/brilune.eu\/lv\/wp-json\/wp\/v2\/product\/39690\/revisions"}],"predecessor-version":[{"id":39731,"href":"https:\/\/brilune.eu\/lv\/wp-json\/wp\/v2\/product\/39690\/revisions\/39731"}],"wp:featuredmedia":[{"embeddable":true,"href":"https:\/\/brilune.eu\/lv\/wp-json\/wp\/v2\/media\/12279"}],"wp:attachment":[{"href":"https:\/\/brilune.eu\/lv\/wp-json\/wp\/v2\/media?parent=39690"}],"wp:term":[{"taxonomy":"product_brand","embeddable":true,"href":"https:\/\/brilune.eu\/lv\/wp-json\/wp\/v2\/product_brand?post=39690"},{"taxonomy":"product_cat","embeddable":true,"href":"https:\/\/brilune.eu\/lv\/wp-json\/wp\/v2\/product_cat?post=39690"},{"taxonomy":"product_tag","embeddable":true,"href":"https:\/\/brilune.eu\/lv\/wp-json\/wp\/v2\/product_tag?post=39690"}],"curies":[{"name":"wp","href":"https:\/\/api.w.org\/{rel}","templated":true}]}}