{"id":39673,"date":"2025-02-19T13:43:14","date_gmt":"2025-02-19T11:43:14","guid":{"rendered":"https:\/\/brilune.eu\/?post_type=product&#038;p=39673"},"modified":"2025-02-19T14:11:09","modified_gmt":"2025-02-19T12:11:09","slug":"balts-saliekams-rakstamgalds-ar-kreslu-2","status":"publish","type":"product","link":"https:\/\/brilune.eu\/lv\/product\/balts-saliekams-rakstamgalds-ar-kreslu-2\/","title":{"rendered":"Balts saliekams rakst\u0101mgalds ar kr\u0113slu"},"content":{"rendered":"<p>Funkcion\u0101ls un stil\u012bgs balts rakst\u0101mgalds ar \u0113rtu kr\u0113slu, radot \u0113rtu telpu m\u0101c\u012bb\u0101m un rado\u0161iem projektiem. Galda virsma ir pietiekami liela gr\u0101mat\u0101m, plan\u0161etdatoram un piez\u012bmjdatoriem, un \u0113rtais saloc\u012b\u0161anas meh\u0101nisms \u013cauj ietaup\u012bt vietu, kad galds netiek lietots. Komplekt\u0101 ietilpst kr\u0113sls ar m\u012bkstu s\u0113dekli un atzveltni, kas atbalsta st\u0101ju un rada papildu komfortu. \u0160is komplekts b\u016bs lielisks papildin\u0101jums jebkurai b\u0113rnu istabai vai nelielai darba zonai.<br \/>\nIzm\u0113rs: 90\u00d760\u00d778 cm. Materi\u0101ls: koks.<\/p>\n","protected":false},"excerpt":{"rendered":"<p>Funkcion\u0101ls un stil\u012bgs balts rakst\u0101mgalds ar \u0113rtu kr\u0113slu, radot \u0113rtu telpu m\u0101c\u012bb\u0101m un rado\u0161iem projektiem. Galda virsma ir pietiekami liela, lai&#8230;<\/p>\n","protected":false},"featured_media":12274,"comment_status":"open","ping_status":"closed","template":"","meta":[],"product_brand":[],"product_cat":[2991,5662],"product_tag":[],"class_list":{"0":"post-39673","1":"product","2":"type-product","3":"status-publish","4":"has-post-thumbnail","6":"product_cat-bernu-rakstamgaldi-galdi-2","7":"product_cat-bernu-rakstamgaldi-galdi-5","9":"first","10":"instock","11":"shipping-taxable","12":"purchasable","13":"product-type-simple"},"yoast_head":"<!-- This site is optimized with the Yoast SEO plugin v26.0 - https:\/\/yoast.com\/wordpress\/plugins\/seo\/ -->\n<title>Balts saliekams rakst\u0101mgalds ar kr\u0113slu<\/title>\n<meta name=\"description\" content=\"Funkcion\u0101ls un stil\u012bgs balts rakst\u0101mgalds ar \u0113rtu kr\u0113slu, radot \u0113rtu telpu m\u0101c\u012bb\u0101m un rado\u0161iem projektiem. Galda virsma ir pietiekami liela, lai...\" \/>\n<meta name=\"robots\" content=\"index, follow, max-snippet:-1, max-image-preview:large, max-video-preview:-1\" \/>\n<link rel=\"canonical\" href=\"https:\/\/brilune.eu\/lv\/product\/balts-saliekams-rakstamgalds-ar-kreslu-2\/\" \/>\n<meta property=\"og:locale\" content=\"lv_LV\" \/>\n<meta property=\"og:type\" content=\"article\" \/>\n<meta property=\"og:title\" content=\"Balts saliekams rakst\u0101mgalds ar kr\u0113slu\" \/>\n<meta property=\"og:description\" content=\"Funkcion\u0101ls un stil\u012bgs balts rakst\u0101mgalds ar \u0113rtu kr\u0113slu, radot \u0113rtu telpu m\u0101c\u012bb\u0101m un rado\u0161iem projektiem. Galda virsma ir pietiekami liela, lai...\" \/>\n<meta property=\"og:url\" content=\"https:\/\/brilune.eu\/lv\/product\/balts-saliekams-rakstamgalds-ar-kreslu-2\/\" \/>\n<meta property=\"og:site_name\" content=\"Brilune\" \/>\n<meta property=\"article:modified_time\" content=\"2025-02-19T12:11:09+00:00\" \/>\n<meta property=\"og:image\" content=\"https:\/\/brilune.eu\/wp-content\/uploads\/2025\/01\/7140436.jpg\" \/>\n\t<meta property=\"og:image:width\" content=\"1500\" \/>\n\t<meta property=\"og:image:height\" content=\"1500\" \/>\n\t<meta property=\"og:image:type\" content=\"image\/jpeg\" \/>\n<meta name=\"twitter:card\" content=\"summary_large_image\" \/>\n<script type=\"application\/ld+json\" class=\"yoast-schema-graph\">{\"@context\":\"https:\/\/schema.org\",\"@graph\":[{\"@type\":\"WebPage\",\"@id\":\"https:\/\/brilune.eu\/lv\/product\/balts-saliekams-rakstamgalds-ar-kreslu-2\/\",\"url\":\"https:\/\/brilune.eu\/lv\/product\/balts-saliekams-rakstamgalds-ar-kreslu-2\/\",\"name\":\"Balts saliekams rakst\u0101mgalds ar kr\u0113slu\",\"isPartOf\":{\"@id\":\"https:\/\/brilune.eu\/lv\/#website\"},\"primaryImageOfPage\":{\"@id\":\"https:\/\/brilune.eu\/lv\/product\/balts-saliekams-rakstamgalds-ar-kreslu-2\/#primaryimage\"},\"image\":{\"@id\":\"https:\/\/brilune.eu\/lv\/product\/balts-saliekams-rakstamgalds-ar-kreslu-2\/#primaryimage\"},\"thumbnailUrl\":\"https:\/\/brilune.eu\/wp-content\/uploads\/2025\/01\/7140436.jpg\",\"datePublished\":\"2025-02-19T11:43:14+00:00\",\"dateModified\":\"2025-02-19T12:11:09+00:00\",\"description\":\"Funkcion\u0101ls un stil\u012bgs balts rakst\u0101mgalds ar \u0113rtu kr\u0113slu, radot \u0113rtu telpu m\u0101c\u012bb\u0101m un rado\u0161iem projektiem. Galda virsma ir pietiekami liela, lai...\",\"breadcrumb\":{\"@id\":\"https:\/\/brilune.eu\/lv\/product\/balts-saliekams-rakstamgalds-ar-kreslu-2\/#breadcrumb\"},\"inLanguage\":\"lv-LV\",\"potentialAction\":[{\"@type\":\"ReadAction\",\"target\":[\"https:\/\/brilune.eu\/lv\/product\/balts-saliekams-rakstamgalds-ar-kreslu-2\/\"]}]},{\"@type\":\"ImageObject\",\"inLanguage\":\"lv-LV\",\"@id\":\"https:\/\/brilune.eu\/lv\/product\/balts-saliekams-rakstamgalds-ar-kreslu-2\/#primaryimage\",\"url\":\"https:\/\/brilune.eu\/wp-content\/uploads\/2025\/01\/7140436.jpg\",\"contentUrl\":\"https:\/\/brilune.eu\/wp-content\/uploads\/2025\/01\/7140436.jpg\",\"width\":1500,\"height\":1500},{\"@type\":\"BreadcrumbList\",\"@id\":\"https:\/\/brilune.eu\/lv\/product\/balts-saliekams-rakstamgalds-ar-kreslu-2\/#breadcrumb\",\"itemListElement\":[{\"@type\":\"ListItem\",\"position\":1,\"name\":\"S\u0101kums\",\"item\":\"https:\/\/brilune.eu\/lv\/brilune-mebeles\/\"},{\"@type\":\"ListItem\",\"position\":2,\"name\":\"Visi produkti\",\"item\":\"https:\/\/brilune.eu\/lv\/shop\/\"},{\"@type\":\"ListItem\",\"position\":3,\"name\":\"Balts saliekams rakst\u0101mgalds ar kr\u0113slu\"}]},{\"@type\":\"WebSite\",\"@id\":\"https:\/\/brilune.eu\/lv\/#website\",\"url\":\"https:\/\/brilune.eu\/lv\/\",\"name\":\"Brilune\",\"description\":\"M\u0113s pied\u0101v\u0101jam unik\u0101lus un nebiju\u0161us dizainus, kas apvieno eleganci, funkcionalit\u0101ti un rado\u0161umu.\",\"potentialAction\":[{\"@type\":\"SearchAction\",\"target\":{\"@type\":\"EntryPoint\",\"urlTemplate\":\"https:\/\/brilune.eu\/lv\/?s={search_term_string}\"},\"query-input\":{\"@type\":\"PropertyValueSpecification\",\"valueRequired\":true,\"valueName\":\"search_term_string\"}}],\"inLanguage\":\"lv-LV\"}]}<\/script>\n<!-- \/ Yoast SEO plugin. -->","yoast_head_json":{"title":"Balts saliekams rakst\u0101mgalds ar kr\u0113slu","description":"Funkcion\u0101ls un stil\u012bgs balts rakst\u0101mgalds ar \u0113rtu kr\u0113slu, radot \u0113rtu telpu m\u0101c\u012bb\u0101m un rado\u0161iem projektiem. Galda virsma ir pietiekami liela, lai...","robots":{"index":"index","follow":"follow","max-snippet":"max-snippet:-1","max-image-preview":"max-image-preview:large","max-video-preview":"max-video-preview:-1"},"canonical":"https:\/\/brilune.eu\/lv\/product\/balts-saliekams-rakstamgalds-ar-kreslu-2\/","og_locale":"lv_LV","og_type":"article","og_title":"Balts saliekams rakst\u0101mgalds ar kr\u0113slu","og_description":"Funkcion\u0101ls un stil\u012bgs balts rakst\u0101mgalds ar \u0113rtu kr\u0113slu, radot \u0113rtu telpu m\u0101c\u012bb\u0101m un rado\u0161iem projektiem. Galda virsma ir pietiekami liela, lai...","og_url":"https:\/\/brilune.eu\/lv\/product\/balts-saliekams-rakstamgalds-ar-kreslu-2\/","og_site_name":"Brilune","article_modified_time":"2025-02-19T12:11:09+00:00","og_image":[{"width":1500,"height":1500,"url":"https:\/\/brilune.eu\/wp-content\/uploads\/2025\/01\/7140436.jpg","type":"image\/jpeg"}],"twitter_card":"summary_large_image","schema":{"@context":"https:\/\/schema.org","@graph":[{"@type":"WebPage","@id":"https:\/\/brilune.eu\/lv\/product\/balts-saliekams-rakstamgalds-ar-kreslu-2\/","url":"https:\/\/brilune.eu\/lv\/product\/balts-saliekams-rakstamgalds-ar-kreslu-2\/","name":"Balts saliekams rakst\u0101mgalds ar kr\u0113slu","isPartOf":{"@id":"https:\/\/brilune.eu\/lv\/#website"},"primaryImageOfPage":{"@id":"https:\/\/brilune.eu\/lv\/product\/balts-saliekams-rakstamgalds-ar-kreslu-2\/#primaryimage"},"image":{"@id":"https:\/\/brilune.eu\/lv\/product\/balts-saliekams-rakstamgalds-ar-kreslu-2\/#primaryimage"},"thumbnailUrl":"https:\/\/brilune.eu\/wp-content\/uploads\/2025\/01\/7140436.jpg","datePublished":"2025-02-19T11:43:14+00:00","dateModified":"2025-02-19T12:11:09+00:00","description":"Funkcion\u0101ls un stil\u012bgs balts rakst\u0101mgalds ar \u0113rtu kr\u0113slu, radot \u0113rtu telpu m\u0101c\u012bb\u0101m un rado\u0161iem projektiem. Galda virsma ir pietiekami liela, lai...","breadcrumb":{"@id":"https:\/\/brilune.eu\/lv\/product\/balts-saliekams-rakstamgalds-ar-kreslu-2\/#breadcrumb"},"inLanguage":"lv-LV","potentialAction":[{"@type":"ReadAction","target":["https:\/\/brilune.eu\/lv\/product\/balts-saliekams-rakstamgalds-ar-kreslu-2\/"]}]},{"@type":"ImageObject","inLanguage":"lv-LV","@id":"https:\/\/brilune.eu\/lv\/product\/balts-saliekams-rakstamgalds-ar-kreslu-2\/#primaryimage","url":"https:\/\/brilune.eu\/wp-content\/uploads\/2025\/01\/7140436.jpg","contentUrl":"https:\/\/brilune.eu\/wp-content\/uploads\/2025\/01\/7140436.jpg","width":1500,"height":1500},{"@type":"BreadcrumbList","@id":"https:\/\/brilune.eu\/lv\/product\/balts-saliekams-rakstamgalds-ar-kreslu-2\/#breadcrumb","itemListElement":[{"@type":"ListItem","position":1,"name":"S\u0101kums","item":"https:\/\/brilune.eu\/lv\/brilune-mebeles\/"},{"@type":"ListItem","position":2,"name":"Visi produkti","item":"https:\/\/brilune.eu\/lv\/shop\/"},{"@type":"ListItem","position":3,"name":"Balts saliekams rakst\u0101mgalds ar kr\u0113slu"}]},{"@type":"WebSite","@id":"https:\/\/brilune.eu\/lv\/#website","url":"https:\/\/brilune.eu\/lv\/","name":"Brilune","description":"M\u0113s pied\u0101v\u0101jam unik\u0101lus un nebiju\u0161us dizainus, kas apvieno eleganci, funkcionalit\u0101ti un rado\u0161umu.","potentialAction":[{"@type":"SearchAction","target":{"@type":"EntryPoint","urlTemplate":"https:\/\/brilune.eu\/lv\/?s={search_term_string}"},"query-input":{"@type":"PropertyValueSpecification","valueRequired":true,"valueName":"search_term_string"}}],"inLanguage":"lv-LV"}]}},"jetpack_sharing_enabled":true,"_links":{"self":[{"href":"https:\/\/brilune.eu\/lv\/wp-json\/wp\/v2\/product\/39673","targetHints":{"allow":["GET"]}}],"collection":[{"href":"https:\/\/brilune.eu\/lv\/wp-json\/wp\/v2\/product"}],"about":[{"href":"https:\/\/brilune.eu\/lv\/wp-json\/wp\/v2\/types\/product"}],"replies":[{"embeddable":true,"href":"https:\/\/brilune.eu\/lv\/wp-json\/wp\/v2\/comments?post=39673"}],"version-history":[{"count":1,"href":"https:\/\/brilune.eu\/lv\/wp-json\/wp\/v2\/product\/39673\/revisions"}],"predecessor-version":[{"id":39725,"href":"https:\/\/brilune.eu\/lv\/wp-json\/wp\/v2\/product\/39673\/revisions\/39725"}],"wp:featuredmedia":[{"embeddable":true,"href":"https:\/\/brilune.eu\/lv\/wp-json\/wp\/v2\/media\/12274"}],"wp:attachment":[{"href":"https:\/\/brilune.eu\/lv\/wp-json\/wp\/v2\/media?parent=39673"}],"wp:term":[{"taxonomy":"product_brand","embeddable":true,"href":"https:\/\/brilune.eu\/lv\/wp-json\/wp\/v2\/product_brand?post=39673"},{"taxonomy":"product_cat","embeddable":true,"href":"https:\/\/brilune.eu\/lv\/wp-json\/wp\/v2\/product_cat?post=39673"},{"taxonomy":"product_tag","embeddable":true,"href":"https:\/\/brilune.eu\/lv\/wp-json\/wp\/v2\/product_tag?post=39673"}],"curies":[{"name":"wp","href":"https:\/\/api.w.org\/{rel}","templated":true}]}}