{"id":39646,"date":"2025-02-19T13:42:48","date_gmt":"2025-02-19T11:42:48","guid":{"rendered":"https:\/\/brilune.eu\/?post_type=product&#038;p=39646"},"modified":"2025-02-19T14:10:57","modified_gmt":"2025-02-19T12:10:57","slug":"stura-rakstamgalds-ar-skapi-un-kreslu-2","status":"publish","type":"product","link":"https:\/\/brilune.eu\/lv\/product\/stura-rakstamgalds-ar-skapi-un-kreslu-2\/","title":{"rendered":"St\u016bra rakst\u0101mgalds ar skapi un kr\u0113slu"},"content":{"rendered":"<p>\u0160im st\u016bra rakst\u0101mgaldam ir elegants balts dizains un dab\u012bg\u0101 koka plaukti, un tas ir lieliski piem\u0113rots jebkuram interjeram. T\u0101 dizains \u013cauj maksim\u0101li izmantot telpu, t\u0101p\u0113c jums vienm\u0113r ir pa rokai viss nepiecie\u0161amais. Kop\u0101 ar galdu sa\u0146emsi stil\u012bgu kr\u0113slu, kas papildin\u0101s komfortu str\u0101d\u0101jot vai m\u0101coties. \u0160is komplekts ir ide\u0101li piem\u0113rots gan b\u0113rniem, gan pieaugu\u0161ajiem, radot produktivit\u0101tei labv\u0113l\u012bgu atmosf\u0113ru.<\/p>\n<p>Izm\u0113rs: 160\u00d7120\u00d7190 cm. Materi\u0101ls: koks.<\/p>\n","protected":false},"excerpt":{"rendered":"<p>\u0160im st\u016bra rakst\u0101mgaldam ir elegants balts dizains un dab\u012bg\u0101 koka plaukti, un tas ir lieliski piem\u0113rots jebkuram interjeram. T\u0101s dizains \u013cauj maksim\u0101li izmantot telpu, lai j\u016bs&#8230;<\/p>\n","protected":false},"featured_media":12215,"comment_status":"open","ping_status":"closed","template":"","meta":[],"product_brand":[],"product_cat":[2991,5662],"product_tag":[],"class_list":{"0":"post-39646","1":"product","2":"type-product","3":"status-publish","4":"has-post-thumbnail","6":"product_cat-bernu-rakstamgaldi-galdi-2","7":"product_cat-bernu-rakstamgaldi-galdi-5","9":"first","10":"instock","11":"shipping-taxable","12":"purchasable","13":"product-type-simple"},"yoast_head":"<!-- This site is optimized with the Yoast SEO plugin v26.0 - https:\/\/yoast.com\/wordpress\/plugins\/seo\/ -->\n<title>St\u016bra rakst\u0101mgalds ar skapi un kr\u0113slu<\/title>\n<meta name=\"description\" content=\"\u0160im st\u016bra rakst\u0101mgaldam ir elegants balts dizains un dab\u012bg\u0101 koka plaukti, un tas ir lieliski piem\u0113rots jebkuram interjeram. T\u0101s dizains \u013cauj maksim\u0101li izmantot telpu, lai j\u016bs...\" \/>\n<meta name=\"robots\" content=\"index, follow, max-snippet:-1, max-image-preview:large, max-video-preview:-1\" \/>\n<link rel=\"canonical\" href=\"https:\/\/brilune.eu\/lv\/product\/stura-rakstamgalds-ar-skapi-un-kreslu-2\/\" \/>\n<meta property=\"og:locale\" content=\"lv_LV\" \/>\n<meta property=\"og:type\" content=\"article\" \/>\n<meta property=\"og:title\" content=\"St\u016bra rakst\u0101mgalds ar skapi un kr\u0113slu\" \/>\n<meta property=\"og:description\" content=\"\u0160im st\u016bra rakst\u0101mgaldam ir elegants balts dizains un dab\u012bg\u0101 koka plaukti, un tas ir lieliski piem\u0113rots jebkuram interjeram. T\u0101s dizains \u013cauj maksim\u0101li izmantot telpu, lai j\u016bs...\" \/>\n<meta property=\"og:url\" content=\"https:\/\/brilune.eu\/lv\/product\/stura-rakstamgalds-ar-skapi-un-kreslu-2\/\" \/>\n<meta property=\"og:site_name\" content=\"Brilune\" \/>\n<meta property=\"article:modified_time\" content=\"2025-02-19T12:10:57+00:00\" \/>\n<meta property=\"og:image\" content=\"https:\/\/brilune.eu\/wp-content\/uploads\/2025\/01\/13470750.png\" \/>\n\t<meta property=\"og:image:width\" content=\"800\" \/>\n\t<meta property=\"og:image:height\" content=\"800\" \/>\n\t<meta property=\"og:image:type\" content=\"image\/png\" \/>\n<meta name=\"twitter:card\" content=\"summary_large_image\" \/>\n<script type=\"application\/ld+json\" class=\"yoast-schema-graph\">{\"@context\":\"https:\/\/schema.org\",\"@graph\":[{\"@type\":\"WebPage\",\"@id\":\"https:\/\/brilune.eu\/lv\/product\/stura-rakstamgalds-ar-skapi-un-kreslu-2\/\",\"url\":\"https:\/\/brilune.eu\/lv\/product\/stura-rakstamgalds-ar-skapi-un-kreslu-2\/\",\"name\":\"St\u016bra rakst\u0101mgalds ar skapi un kr\u0113slu\",\"isPartOf\":{\"@id\":\"https:\/\/brilune.eu\/lv\/#website\"},\"primaryImageOfPage\":{\"@id\":\"https:\/\/brilune.eu\/lv\/product\/stura-rakstamgalds-ar-skapi-un-kreslu-2\/#primaryimage\"},\"image\":{\"@id\":\"https:\/\/brilune.eu\/lv\/product\/stura-rakstamgalds-ar-skapi-un-kreslu-2\/#primaryimage\"},\"thumbnailUrl\":\"https:\/\/brilune.eu\/wp-content\/uploads\/2025\/01\/13470750.png\",\"datePublished\":\"2025-02-19T11:42:48+00:00\",\"dateModified\":\"2025-02-19T12:10:57+00:00\",\"description\":\"\u0160im st\u016bra rakst\u0101mgaldam ir elegants balts dizains un dab\u012bg\u0101 koka plaukti, un tas ir lieliski piem\u0113rots jebkuram interjeram. T\u0101s dizains \u013cauj maksim\u0101li izmantot telpu, lai j\u016bs...\",\"breadcrumb\":{\"@id\":\"https:\/\/brilune.eu\/lv\/product\/stura-rakstamgalds-ar-skapi-un-kreslu-2\/#breadcrumb\"},\"inLanguage\":\"lv-LV\",\"potentialAction\":[{\"@type\":\"ReadAction\",\"target\":[\"https:\/\/brilune.eu\/lv\/product\/stura-rakstamgalds-ar-skapi-un-kreslu-2\/\"]}]},{\"@type\":\"ImageObject\",\"inLanguage\":\"lv-LV\",\"@id\":\"https:\/\/brilune.eu\/lv\/product\/stura-rakstamgalds-ar-skapi-un-kreslu-2\/#primaryimage\",\"url\":\"https:\/\/brilune.eu\/wp-content\/uploads\/2025\/01\/13470750.png\",\"contentUrl\":\"https:\/\/brilune.eu\/wp-content\/uploads\/2025\/01\/13470750.png\",\"width\":800,\"height\":800},{\"@type\":\"BreadcrumbList\",\"@id\":\"https:\/\/brilune.eu\/lv\/product\/stura-rakstamgalds-ar-skapi-un-kreslu-2\/#breadcrumb\",\"itemListElement\":[{\"@type\":\"ListItem\",\"position\":1,\"name\":\"S\u0101kums\",\"item\":\"https:\/\/brilune.eu\/lv\/brilune-mebeles\/\"},{\"@type\":\"ListItem\",\"position\":2,\"name\":\"Visi produkti\",\"item\":\"https:\/\/brilune.eu\/lv\/shop\/\"},{\"@type\":\"ListItem\",\"position\":3,\"name\":\"St\u016bra rakst\u0101mgalds ar skapi un kr\u0113slu\"}]},{\"@type\":\"WebSite\",\"@id\":\"https:\/\/brilune.eu\/lv\/#website\",\"url\":\"https:\/\/brilune.eu\/lv\/\",\"name\":\"Brilune\",\"description\":\"M\u0113s pied\u0101v\u0101jam unik\u0101lus un nebiju\u0161us dizainus, kas apvieno eleganci, funkcionalit\u0101ti un rado\u0161umu.\",\"potentialAction\":[{\"@type\":\"SearchAction\",\"target\":{\"@type\":\"EntryPoint\",\"urlTemplate\":\"https:\/\/brilune.eu\/lv\/?s={search_term_string}\"},\"query-input\":{\"@type\":\"PropertyValueSpecification\",\"valueRequired\":true,\"valueName\":\"search_term_string\"}}],\"inLanguage\":\"lv-LV\"}]}<\/script>\n<!-- \/ Yoast SEO plugin. -->","yoast_head_json":{"title":"St\u016bra rakst\u0101mgalds ar skapi un kr\u0113slu","description":"\u0160im st\u016bra rakst\u0101mgaldam ir elegants balts dizains un dab\u012bg\u0101 koka plaukti, un tas ir lieliski piem\u0113rots jebkuram interjeram. T\u0101s dizains \u013cauj maksim\u0101li izmantot telpu, lai j\u016bs...","robots":{"index":"index","follow":"follow","max-snippet":"max-snippet:-1","max-image-preview":"max-image-preview:large","max-video-preview":"max-video-preview:-1"},"canonical":"https:\/\/brilune.eu\/lv\/product\/stura-rakstamgalds-ar-skapi-un-kreslu-2\/","og_locale":"lv_LV","og_type":"article","og_title":"St\u016bra rakst\u0101mgalds ar skapi un kr\u0113slu","og_description":"\u0160im st\u016bra rakst\u0101mgaldam ir elegants balts dizains un dab\u012bg\u0101 koka plaukti, un tas ir lieliski piem\u0113rots jebkuram interjeram. T\u0101s dizains \u013cauj maksim\u0101li izmantot telpu, lai j\u016bs...","og_url":"https:\/\/brilune.eu\/lv\/product\/stura-rakstamgalds-ar-skapi-un-kreslu-2\/","og_site_name":"Brilune","article_modified_time":"2025-02-19T12:10:57+00:00","og_image":[{"width":800,"height":800,"url":"https:\/\/brilune.eu\/wp-content\/uploads\/2025\/01\/13470750.png","type":"image\/png"}],"twitter_card":"summary_large_image","schema":{"@context":"https:\/\/schema.org","@graph":[{"@type":"WebPage","@id":"https:\/\/brilune.eu\/lv\/product\/stura-rakstamgalds-ar-skapi-un-kreslu-2\/","url":"https:\/\/brilune.eu\/lv\/product\/stura-rakstamgalds-ar-skapi-un-kreslu-2\/","name":"St\u016bra rakst\u0101mgalds ar skapi un kr\u0113slu","isPartOf":{"@id":"https:\/\/brilune.eu\/lv\/#website"},"primaryImageOfPage":{"@id":"https:\/\/brilune.eu\/lv\/product\/stura-rakstamgalds-ar-skapi-un-kreslu-2\/#primaryimage"},"image":{"@id":"https:\/\/brilune.eu\/lv\/product\/stura-rakstamgalds-ar-skapi-un-kreslu-2\/#primaryimage"},"thumbnailUrl":"https:\/\/brilune.eu\/wp-content\/uploads\/2025\/01\/13470750.png","datePublished":"2025-02-19T11:42:48+00:00","dateModified":"2025-02-19T12:10:57+00:00","description":"\u0160im st\u016bra rakst\u0101mgaldam ir elegants balts dizains un dab\u012bg\u0101 koka plaukti, un tas ir lieliski piem\u0113rots jebkuram interjeram. T\u0101s dizains \u013cauj maksim\u0101li izmantot telpu, lai j\u016bs...","breadcrumb":{"@id":"https:\/\/brilune.eu\/lv\/product\/stura-rakstamgalds-ar-skapi-un-kreslu-2\/#breadcrumb"},"inLanguage":"lv-LV","potentialAction":[{"@type":"ReadAction","target":["https:\/\/brilune.eu\/lv\/product\/stura-rakstamgalds-ar-skapi-un-kreslu-2\/"]}]},{"@type":"ImageObject","inLanguage":"lv-LV","@id":"https:\/\/brilune.eu\/lv\/product\/stura-rakstamgalds-ar-skapi-un-kreslu-2\/#primaryimage","url":"https:\/\/brilune.eu\/wp-content\/uploads\/2025\/01\/13470750.png","contentUrl":"https:\/\/brilune.eu\/wp-content\/uploads\/2025\/01\/13470750.png","width":800,"height":800},{"@type":"BreadcrumbList","@id":"https:\/\/brilune.eu\/lv\/product\/stura-rakstamgalds-ar-skapi-un-kreslu-2\/#breadcrumb","itemListElement":[{"@type":"ListItem","position":1,"name":"S\u0101kums","item":"https:\/\/brilune.eu\/lv\/brilune-mebeles\/"},{"@type":"ListItem","position":2,"name":"Visi produkti","item":"https:\/\/brilune.eu\/lv\/shop\/"},{"@type":"ListItem","position":3,"name":"St\u016bra rakst\u0101mgalds ar skapi un kr\u0113slu"}]},{"@type":"WebSite","@id":"https:\/\/brilune.eu\/lv\/#website","url":"https:\/\/brilune.eu\/lv\/","name":"Brilune","description":"M\u0113s pied\u0101v\u0101jam unik\u0101lus un nebiju\u0161us dizainus, kas apvieno eleganci, funkcionalit\u0101ti un rado\u0161umu.","potentialAction":[{"@type":"SearchAction","target":{"@type":"EntryPoint","urlTemplate":"https:\/\/brilune.eu\/lv\/?s={search_term_string}"},"query-input":{"@type":"PropertyValueSpecification","valueRequired":true,"valueName":"search_term_string"}}],"inLanguage":"lv-LV"}]}},"jetpack_sharing_enabled":true,"_links":{"self":[{"href":"https:\/\/brilune.eu\/lv\/wp-json\/wp\/v2\/product\/39646","targetHints":{"allow":["GET"]}}],"collection":[{"href":"https:\/\/brilune.eu\/lv\/wp-json\/wp\/v2\/product"}],"about":[{"href":"https:\/\/brilune.eu\/lv\/wp-json\/wp\/v2\/types\/product"}],"replies":[{"embeddable":true,"href":"https:\/\/brilune.eu\/lv\/wp-json\/wp\/v2\/comments?post=39646"}],"version-history":[{"count":1,"href":"https:\/\/brilune.eu\/lv\/wp-json\/wp\/v2\/product\/39646\/revisions"}],"predecessor-version":[{"id":39688,"href":"https:\/\/brilune.eu\/lv\/wp-json\/wp\/v2\/product\/39646\/revisions\/39688"}],"wp:featuredmedia":[{"embeddable":true,"href":"https:\/\/brilune.eu\/lv\/wp-json\/wp\/v2\/media\/12215"}],"wp:attachment":[{"href":"https:\/\/brilune.eu\/lv\/wp-json\/wp\/v2\/media?parent=39646"}],"wp:term":[{"taxonomy":"product_brand","embeddable":true,"href":"https:\/\/brilune.eu\/lv\/wp-json\/wp\/v2\/product_brand?post=39646"},{"taxonomy":"product_cat","embeddable":true,"href":"https:\/\/brilune.eu\/lv\/wp-json\/wp\/v2\/product_cat?post=39646"},{"taxonomy":"product_tag","embeddable":true,"href":"https:\/\/brilune.eu\/lv\/wp-json\/wp\/v2\/product_tag?post=39646"}],"curies":[{"name":"wp","href":"https:\/\/api.w.org\/{rel}","templated":true}]}}