{"id":39623,"date":"2025-02-19T13:42:21","date_gmt":"2025-02-19T11:42:21","guid":{"rendered":"https:\/\/brilune.eu\/?post_type=product&#038;p=39623"},"modified":"2025-02-19T14:10:48","modified_gmt":"2025-02-19T12:10:48","slug":"datorgalds-ar-stativu-2","status":"publish","type":"product","link":"https:\/\/brilune.eu\/lv\/product\/datorgalds-ar-stativu-2\/","title":{"rendered":"Datorgalds ar stat\u012bvu"},"content":{"rendered":"<p>\u0160is daudzpus\u012bgais rakst\u0101mgalds dab\u012bg\u0101 koka kr\u0101s\u0101 ar baltu met\u0101la r\u0101mi ir ide\u0101ls risin\u0101jums stil\u012bgas un funkcion\u0101las telpas izveidei. T\u0101 gludais dizains un t\u012br\u0101s l\u012bnijas padara to par ide\u0101lu izv\u0113li gan m\u0101j\u0101m, gan birojam. Pla\u0161aj\u0101 galda virsm\u0101 ir pietiekami daudz vietas darbam vai m\u0101c\u012bb\u0101m, un tr\u012bs ietilp\u012bgas atvilktnes zem galda virsmas pal\u012bdz\u0113s notur\u0113t visas nepiecie\u0161am\u0101s lietas pie rokas un k\u0101rt\u012bb\u0101. Plaukts virs rakst\u0101mgalda ir lieliska vieta gr\u0101matu vai piederumu glab\u0101\u0161anai, pie\u0161\u0137irot j\u016bsu darba vietai pabeigtu izskatu. Izm\u0113rs: 120\u00d750\u00d773 cm.<\/p>\n","protected":false},"excerpt":{"rendered":"<p>\u0160is daudzpus\u012bgais rakst\u0101mgalds dab\u012bg\u0101 koka kr\u0101s\u0101 ar baltu met\u0101la r\u0101mi ir ide\u0101ls risin\u0101jums stil\u012bgas un funkcion\u0101las telpas izveidei. T\u0101 gludais dizains un c&#8230;<\/p>\n","protected":false},"featured_media":12206,"comment_status":"open","ping_status":"closed","template":"","meta":[],"product_brand":[],"product_cat":[2991,5662],"product_tag":[],"class_list":{"0":"post-39623","1":"product","2":"type-product","3":"status-publish","4":"has-post-thumbnail","6":"product_cat-bernu-rakstamgaldi-galdi-2","7":"product_cat-bernu-rakstamgaldi-galdi-5","9":"first","10":"instock","11":"shipping-taxable","12":"purchasable","13":"product-type-simple"},"yoast_head":"<!-- This site is optimized with the Yoast SEO plugin v26.0 - https:\/\/yoast.com\/wordpress\/plugins\/seo\/ -->\n<title>Datorgalds ar stat\u012bvu<\/title>\n<meta name=\"description\" content=\"\u0160is daudzpus\u012bgais rakst\u0101mgalds dab\u012bg\u0101 koka kr\u0101s\u0101 ar baltu met\u0101la r\u0101mi ir ide\u0101ls risin\u0101jums stil\u012bgas un funkcion\u0101las telpas izveidei. T\u0101 gludais dizains un c...\" \/>\n<meta name=\"robots\" content=\"index, follow, max-snippet:-1, max-image-preview:large, max-video-preview:-1\" \/>\n<link rel=\"canonical\" href=\"https:\/\/brilune.eu\/lv\/product\/datorgalds-ar-stativu-2\/\" \/>\n<meta property=\"og:locale\" content=\"lv_LV\" \/>\n<meta property=\"og:type\" content=\"article\" \/>\n<meta property=\"og:title\" content=\"Datorgalds ar stat\u012bvu\" \/>\n<meta property=\"og:description\" content=\"\u0160is daudzpus\u012bgais rakst\u0101mgalds dab\u012bg\u0101 koka kr\u0101s\u0101 ar baltu met\u0101la r\u0101mi ir ide\u0101ls risin\u0101jums stil\u012bgas un funkcion\u0101las telpas izveidei. T\u0101 gludais dizains un c...\" \/>\n<meta property=\"og:url\" content=\"https:\/\/brilune.eu\/lv\/product\/datorgalds-ar-stativu-2\/\" \/>\n<meta property=\"og:site_name\" content=\"Brilune\" \/>\n<meta property=\"article:modified_time\" content=\"2025-02-19T12:10:48+00:00\" \/>\n<meta property=\"og:image\" content=\"https:\/\/brilune.eu\/wp-content\/uploads\/2025\/01\/13581780.png\" \/>\n\t<meta property=\"og:image:width\" content=\"800\" \/>\n\t<meta property=\"og:image:height\" content=\"800\" \/>\n\t<meta property=\"og:image:type\" content=\"image\/png\" \/>\n<meta name=\"twitter:card\" content=\"summary_large_image\" \/>\n<meta name=\"twitter:label1\" content=\"Est. reading time\" \/>\n\t<meta name=\"twitter:data1\" content=\"1 minute\" \/>\n<script type=\"application\/ld+json\" class=\"yoast-schema-graph\">{\"@context\":\"https:\/\/schema.org\",\"@graph\":[{\"@type\":\"WebPage\",\"@id\":\"https:\/\/brilune.eu\/lv\/product\/datorgalds-ar-stativu-2\/\",\"url\":\"https:\/\/brilune.eu\/lv\/product\/datorgalds-ar-stativu-2\/\",\"name\":\"Datorgalds ar stat\u012bvu\",\"isPartOf\":{\"@id\":\"https:\/\/brilune.eu\/lv\/#website\"},\"primaryImageOfPage\":{\"@id\":\"https:\/\/brilune.eu\/lv\/product\/datorgalds-ar-stativu-2\/#primaryimage\"},\"image\":{\"@id\":\"https:\/\/brilune.eu\/lv\/product\/datorgalds-ar-stativu-2\/#primaryimage\"},\"thumbnailUrl\":\"https:\/\/brilune.eu\/wp-content\/uploads\/2025\/01\/13581780.png\",\"datePublished\":\"2025-02-19T11:42:21+00:00\",\"dateModified\":\"2025-02-19T12:10:48+00:00\",\"description\":\"\u0160is daudzpus\u012bgais rakst\u0101mgalds dab\u012bg\u0101 koka kr\u0101s\u0101 ar baltu met\u0101la r\u0101mi ir ide\u0101ls risin\u0101jums stil\u012bgas un funkcion\u0101las telpas izveidei. T\u0101 gludais dizains un c...\",\"breadcrumb\":{\"@id\":\"https:\/\/brilune.eu\/lv\/product\/datorgalds-ar-stativu-2\/#breadcrumb\"},\"inLanguage\":\"lv-LV\",\"potentialAction\":[{\"@type\":\"ReadAction\",\"target\":[\"https:\/\/brilune.eu\/lv\/product\/datorgalds-ar-stativu-2\/\"]}]},{\"@type\":\"ImageObject\",\"inLanguage\":\"lv-LV\",\"@id\":\"https:\/\/brilune.eu\/lv\/product\/datorgalds-ar-stativu-2\/#primaryimage\",\"url\":\"https:\/\/brilune.eu\/wp-content\/uploads\/2025\/01\/13581780.png\",\"contentUrl\":\"https:\/\/brilune.eu\/wp-content\/uploads\/2025\/01\/13581780.png\",\"width\":800,\"height\":800},{\"@type\":\"BreadcrumbList\",\"@id\":\"https:\/\/brilune.eu\/lv\/product\/datorgalds-ar-stativu-2\/#breadcrumb\",\"itemListElement\":[{\"@type\":\"ListItem\",\"position\":1,\"name\":\"S\u0101kums\",\"item\":\"https:\/\/brilune.eu\/lv\/brilune-mebeles\/\"},{\"@type\":\"ListItem\",\"position\":2,\"name\":\"Visi produkti\",\"item\":\"https:\/\/brilune.eu\/lv\/shop\/\"},{\"@type\":\"ListItem\",\"position\":3,\"name\":\"Datorgalds ar stat\u012bvu\"}]},{\"@type\":\"WebSite\",\"@id\":\"https:\/\/brilune.eu\/lv\/#website\",\"url\":\"https:\/\/brilune.eu\/lv\/\",\"name\":\"Brilune\",\"description\":\"M\u0113s pied\u0101v\u0101jam unik\u0101lus un nebiju\u0161us dizainus, kas apvieno eleganci, funkcionalit\u0101ti un rado\u0161umu.\",\"potentialAction\":[{\"@type\":\"SearchAction\",\"target\":{\"@type\":\"EntryPoint\",\"urlTemplate\":\"https:\/\/brilune.eu\/lv\/?s={search_term_string}\"},\"query-input\":{\"@type\":\"PropertyValueSpecification\",\"valueRequired\":true,\"valueName\":\"search_term_string\"}}],\"inLanguage\":\"lv-LV\"}]}<\/script>\n<!-- \/ Yoast SEO plugin. -->","yoast_head_json":{"title":"Datorgalds ar stat\u012bvu","description":"\u0160is daudzpus\u012bgais rakst\u0101mgalds dab\u012bg\u0101 koka kr\u0101s\u0101 ar baltu met\u0101la r\u0101mi ir ide\u0101ls risin\u0101jums stil\u012bgas un funkcion\u0101las telpas izveidei. T\u0101 gludais dizains un c...","robots":{"index":"index","follow":"follow","max-snippet":"max-snippet:-1","max-image-preview":"max-image-preview:large","max-video-preview":"max-video-preview:-1"},"canonical":"https:\/\/brilune.eu\/lv\/product\/datorgalds-ar-stativu-2\/","og_locale":"lv_LV","og_type":"article","og_title":"Datorgalds ar stat\u012bvu","og_description":"\u0160is daudzpus\u012bgais rakst\u0101mgalds dab\u012bg\u0101 koka kr\u0101s\u0101 ar baltu met\u0101la r\u0101mi ir ide\u0101ls risin\u0101jums stil\u012bgas un funkcion\u0101las telpas izveidei. T\u0101 gludais dizains un c...","og_url":"https:\/\/brilune.eu\/lv\/product\/datorgalds-ar-stativu-2\/","og_site_name":"Brilune","article_modified_time":"2025-02-19T12:10:48+00:00","og_image":[{"width":800,"height":800,"url":"https:\/\/brilune.eu\/wp-content\/uploads\/2025\/01\/13581780.png","type":"image\/png"}],"twitter_card":"summary_large_image","twitter_misc":{"Est. reading time":"1 minute"},"schema":{"@context":"https:\/\/schema.org","@graph":[{"@type":"WebPage","@id":"https:\/\/brilune.eu\/lv\/product\/datorgalds-ar-stativu-2\/","url":"https:\/\/brilune.eu\/lv\/product\/datorgalds-ar-stativu-2\/","name":"Datorgalds ar stat\u012bvu","isPartOf":{"@id":"https:\/\/brilune.eu\/lv\/#website"},"primaryImageOfPage":{"@id":"https:\/\/brilune.eu\/lv\/product\/datorgalds-ar-stativu-2\/#primaryimage"},"image":{"@id":"https:\/\/brilune.eu\/lv\/product\/datorgalds-ar-stativu-2\/#primaryimage"},"thumbnailUrl":"https:\/\/brilune.eu\/wp-content\/uploads\/2025\/01\/13581780.png","datePublished":"2025-02-19T11:42:21+00:00","dateModified":"2025-02-19T12:10:48+00:00","description":"\u0160is daudzpus\u012bgais rakst\u0101mgalds dab\u012bg\u0101 koka kr\u0101s\u0101 ar baltu met\u0101la r\u0101mi ir ide\u0101ls risin\u0101jums stil\u012bgas un funkcion\u0101las telpas izveidei. T\u0101 gludais dizains un c...","breadcrumb":{"@id":"https:\/\/brilune.eu\/lv\/product\/datorgalds-ar-stativu-2\/#breadcrumb"},"inLanguage":"lv-LV","potentialAction":[{"@type":"ReadAction","target":["https:\/\/brilune.eu\/lv\/product\/datorgalds-ar-stativu-2\/"]}]},{"@type":"ImageObject","inLanguage":"lv-LV","@id":"https:\/\/brilune.eu\/lv\/product\/datorgalds-ar-stativu-2\/#primaryimage","url":"https:\/\/brilune.eu\/wp-content\/uploads\/2025\/01\/13581780.png","contentUrl":"https:\/\/brilune.eu\/wp-content\/uploads\/2025\/01\/13581780.png","width":800,"height":800},{"@type":"BreadcrumbList","@id":"https:\/\/brilune.eu\/lv\/product\/datorgalds-ar-stativu-2\/#breadcrumb","itemListElement":[{"@type":"ListItem","position":1,"name":"S\u0101kums","item":"https:\/\/brilune.eu\/lv\/brilune-mebeles\/"},{"@type":"ListItem","position":2,"name":"Visi produkti","item":"https:\/\/brilune.eu\/lv\/shop\/"},{"@type":"ListItem","position":3,"name":"Datorgalds ar stat\u012bvu"}]},{"@type":"WebSite","@id":"https:\/\/brilune.eu\/lv\/#website","url":"https:\/\/brilune.eu\/lv\/","name":"Brilune","description":"M\u0113s pied\u0101v\u0101jam unik\u0101lus un nebiju\u0161us dizainus, kas apvieno eleganci, funkcionalit\u0101ti un rado\u0161umu.","potentialAction":[{"@type":"SearchAction","target":{"@type":"EntryPoint","urlTemplate":"https:\/\/brilune.eu\/lv\/?s={search_term_string}"},"query-input":{"@type":"PropertyValueSpecification","valueRequired":true,"valueName":"search_term_string"}}],"inLanguage":"lv-LV"}]}},"jetpack_sharing_enabled":true,"_links":{"self":[{"href":"https:\/\/brilune.eu\/lv\/wp-json\/wp\/v2\/product\/39623","targetHints":{"allow":["GET"]}}],"collection":[{"href":"https:\/\/brilune.eu\/lv\/wp-json\/wp\/v2\/product"}],"about":[{"href":"https:\/\/brilune.eu\/lv\/wp-json\/wp\/v2\/types\/product"}],"replies":[{"embeddable":true,"href":"https:\/\/brilune.eu\/lv\/wp-json\/wp\/v2\/comments?post=39623"}],"version-history":[{"count":1,"href":"https:\/\/brilune.eu\/lv\/wp-json\/wp\/v2\/product\/39623\/revisions"}],"predecessor-version":[{"id":39664,"href":"https:\/\/brilune.eu\/lv\/wp-json\/wp\/v2\/product\/39623\/revisions\/39664"}],"wp:featuredmedia":[{"embeddable":true,"href":"https:\/\/brilune.eu\/lv\/wp-json\/wp\/v2\/media\/12206"}],"wp:attachment":[{"href":"https:\/\/brilune.eu\/lv\/wp-json\/wp\/v2\/media?parent=39623"}],"wp:term":[{"taxonomy":"product_brand","embeddable":true,"href":"https:\/\/brilune.eu\/lv\/wp-json\/wp\/v2\/product_brand?post=39623"},{"taxonomy":"product_cat","embeddable":true,"href":"https:\/\/brilune.eu\/lv\/wp-json\/wp\/v2\/product_cat?post=39623"},{"taxonomy":"product_tag","embeddable":true,"href":"https:\/\/brilune.eu\/lv\/wp-json\/wp\/v2\/product_tag?post=39623"}],"curies":[{"name":"wp","href":"https:\/\/api.w.org\/{rel}","templated":true}]}}